{"id":26067,"date":"2019-06-15T14:30:26","date_gmt":"2019-06-15T07:30:26","guid":{"rendered":"https:\/\/tivixiaomi.co\/?post_type=product&#038;p=26067"},"modified":"2024-09-04T13:52:35","modified_gmt":"2024-09-04T06:52:35","slug":"mitvall-screen-65pro","status":"publish","type":"product","link":"https:\/\/tivixiaomi.co\/en\/tivi\/mitvall-screen-65pro\/","title":{"rendered":"Smart Tivi Xiaomi M\u00e0n H\u00ecnh Tr\u00e0n PRO 65 inch"},"content":{"rendered":"<h2>N\u1eafm b\u1eaft xu th\u1ebf thi\u1ebft k\u1ebf m\u1edbi n\u0103m 2019, Xiaomi Tivi l\u1ea1i v\u1eeba cho ra m\u1eaft s\u1ea3n ph\u1ea9m tivi tr\u00e0n vi\u1ec1n m\u1edbi &#8211; Tivi Xiaomi Tr\u00e0n Vi\u1ec1n 65 inch Pro<\/h2>\n<p><strong><a href=\"https:\/\/tivixiaomi.co\/san-pham\/millet-tv-65-toan-man-hinh-pro\/\">Tivi Xiaomi Tr\u00e0n Vi\u1ec1n 65 inch Pro<\/a> <\/strong>m\u1edbi v\u1edbi thi\u1ebft k\u1ebf tr\u00e0n vi\u1ec1n si\u00eau c\u1ef1c, m\u00e0n h\u00ecnh 65 inch \u0111\u1ed9 ph\u00e2n gi\u1ea3i 4K h\u1ed7 tr\u1ee3 HDR, t\u00edch h\u1ee3p tr\u00ed tu\u1ec7 nh\u00e2n t\u1ea1o, c\u1ea5u h\u00ecnh m\u1ea1nh m\u1ebd, \u00e2m thanh s\u1ed1ng \u0111\u1ed9ng,&#8230; cho m\u1ed9t tr\u1ea3i nghi\u1ec7m tivi tuy\u1ec7t v\u1eddi.<\/p>\n<h3>Thi\u1ebft k\u1ebf tinh x\u1ea3o thanh l\u1ecbch<\/h3>\n<p><a href=\"https:\/\/tivixiaomi.co\"><strong>Tivi Xiaomi Tr\u00e0n Vi\u1ec1n 65 inch Pro<\/strong><\/a> thu h\u00fat \u00e1nh nh\u00ecn v\u1edbi vi\u1ec1n m\u00e0n h\u00ecnh si\u00eau m\u1ecfng \u0111i c\u00f9ng ch\u00e2n \u0111\u1ebf b\u1ed1 tr\u00ed \u0111\u1ec1u hai b\u00ean gi\u00fap tivi tr\u1ee5 v\u1eefng tr\u00ean m\u1ecdi b\u1ec1 m\u1eb7t.<\/p>\n<p>Tivi c\u00f3 m\u00e0n h\u00ecnh 65 inch th\u00edch h\u1ee3p \u0111\u1eb7t \u1edf nh\u1eefng kh\u00f4ng gian r\u1ed9ng l\u1edbn nh\u01b0: ph\u00f2ng h\u1ed9i ngh\u1ecb, ph\u00f2ng h\u1ecdp hay treo t\u01b0\u1eddng tr\u00ean ph\u00f2ng kh\u00e1ch c\u0169ng l\u00e0 m\u1ed9t l\u1ef1a ch\u1ecdn ho\u00e0n h\u1ea3o.<\/p>\n<p><img fetchpriority=\"high\" decoding=\"async\" class=\"alignnone size-full wp-image-26092\" src=\"https:\/\/tivixiaomi.co\/wp-content\/uploads\/2019\/06\/1-2.jpg\" alt=\"\" width=\"790\" height=\"643\" \/><\/p>\n<h3>\u0110\u1ed9 ph\u00e2n gi\u1ea3i m\u00e0n h\u00ecnh Ultra HD 4K n\u00e9t g\u1ea5p 4 l\u1ea7n Full HD gi\u00fap h\u00ecnh \u1ea3nh c\u00f3 chi ti\u1ebft v\u00e0 \u0111\u1ed9 n\u00e9t v\u01b0\u1ee3t tr\u1ed9i<\/h3>\n<p><span style=\"font-weight: 400;\">M\u00e0n h\u00ecnh tivi c\u00f3 \u0111\u1ed9 ph\u00e2n gi\u1ea3i 4K \u0111\u01b0\u1ee3c trang b\u1ecb 3.840 \u0111i\u1ec3m \u1ea3nh ngang v\u00e0 2.160 \u0111i\u1ec3m \u1ea3nh d\u1ecdc, t\u01b0\u01a1ng \u1ee9ng v\u1edbi 8,3 tri\u1ec7u \u0111i\u1ec3m \u1ea3nh. \u0110i\u1ec1u n\u00e0y gi\u00fap tivi truy\u1ec1n t\u1ea3i h\u00ecnh \u1ea3nh c\u00f3 \u0111\u1ed9 n\u00e9t v\u01b0\u1ee3t tr\u1ed9i v\u1edbi t\u1eebng chi ti\u1ebft, chuy\u1ec3n \u0111\u1ed9ng \u0111\u01b0\u1ee3c m\u01b0\u1ee3t m\u00e0 v\u00e0 s\u1ed1ng \u0111\u1ed9ng nh\u01b0 th\u1eadt.<\/span><\/p>\n<p><img decoding=\"async\" class=\"alignnone size-full wp-image-26093\" src=\"https:\/\/tivixiaomi.co\/wp-content\/uploads\/2019\/06\/tivi-samsung-ua65nu7090-11.jpg\" alt=\"\" width=\"790\" height=\"439\" \/><\/p>\n<h3>C\u00f4ng ngh\u1ec7 HDR t\u0103ng c\u01b0\u1eddng \u0111\u1ed9 t\u01b0\u01a1ng ph\u1ea3n, cho h\u00ecnh \u1ea3nh ch\u00e2n th\u1ef1c \u0111\u1ebfn kh\u00f4ng ng\u1edd<\/h3>\n<p><span style=\"font-weight: 400;\">C\u00f4ng ngh\u1ec7 High Dynamic Range (HDR) t\u0103ng c\u01b0\u1eddng d\u1ea3i t\u01b0\u01a1ng ph\u1ea3n c\u1ee7a h\u00ecnh \u1ea3nh, n\u1edbi r\u1ed9ng kho\u1ea3ng c\u00e1ch gi\u1eefa v\u00f9ng s\u00e1ng v\u00e0 v\u00f9ng t\u1ed1i. M\u1ed7i \u0111i\u1ec3m \u1ea3nh \u0111\u01b0\u1ee3c \u0111i\u1ec1u khi\u1ec3n ch\u00ednh x\u00e1c h\u01a1n m\u00e0 kh\u00f4ng ph\u1ee5 thu\u1ed9c v\u00e0o \u0111\u1ed9 ph\u00e2n gi\u1ea3i, \u0111em l\u1ea1i s\u1ee9c s\u1ed1ng ch\u00e2n th\u1ef1c cho m\u1ed7i khung h\u00ecnh v\u1edbi nhi\u1ec1u chi ti\u1ebft h\u01a1n. Nh\u1eefng b\u1ed9 phim ho\u1eb7c ch\u01b0\u01a1ng tr\u00ecnh gi\u1ea3i tr\u00ed chu\u1ea9n HDR tr\u00ean TV s\u1ebd ti\u1ec7m c\u1eadn v\u1edbi ch\u1ea5t l\u01b0\u1ee3ng ghi h\u00ecnh g\u1ed1c theo \u0111\u00fang \u00fd \u0111\u1ed3 c\u1ee7a \u0111\u1ea1o di\u1ec5n v\u1edbi \u0111\u1ed9 s\u00e1ng, \u0111\u1ed9 t\u01b0\u01a1ng ph\u1ea3n v\u00e0 m\u00e0u s\u1eafc th\u1eadt nh\u01b0 cu\u1ed9c s\u1ed1ng.<\/span><\/p>\n<p><img decoding=\"async\" class=\"alignnone size-full wp-image-26094\" src=\"https:\/\/tivixiaomi.co\/wp-content\/uploads\/2019\/06\/tivi-samsung-ua65nu7090-12.jpg\" alt=\"\" width=\"790\" height=\"439\" \/><\/p>\n<h3>\u00c2m thanh \u0111a chi\u1ec1u, li\u1ec1n m\u1ea1ch nh\u1edd c\u00f4ng ngh\u1ec7 Dolby + B\u1ed9 gi\u1ea3i m\u00e3 DTS-HD<\/h3>\n<p><img loading=\"lazy\" decoding=\"async\" class=\"alignnone size-full wp-image-6979\" src=\"https:\/\/tivixiaomi.co\/wp-content\/uploads\/2019\/05\/tivi-lg-65uk6100pta-16.jpg\" alt=\"\" width=\"790\" height=\"439\" \/><\/p>\n<h3>Giao di\u1ec7n ng\u01b0\u1eddi d\u00f9ng th\u00e2n thi\u1ec7n<\/h3>\n<p><span style=\"font-weight: 400;\">Tivi Xiaom Tr\u00e0n Vi\u1ec1n 65 inch Pro \u0111\u01b0\u01a1\u0323c ti\u0301ch h\u01a1\u0323p ph\u00e2\u0300n m\u00ea\u0300m \u201cPatch Wall\u201d do Xiaomi sa\u0309n xu\u00e2\u0301t, la\u0300 m\u00f4\u0323t h\u00ea\u0323 th\u00f4\u0301ng tri\u0301 tu\u00ea\u0323 nh\u00e2n ta\u0323o co\u0301 th\u00ea\u0309 ti\u00ean \u0111oa\u0301n \u0111\u01b0\u01a1\u0323c ba\u0323n mu\u00f4\u0301n xem n\u00f4\u0323i dung gi\u0300 d\u01b0\u0323a tr\u00ean ca\u0301c ch\u01b0\u01a1ng tri\u0300nh ma\u0300 ba\u0323n b\u00e2\u0323t tr\u01b0\u01a1\u0301c \u0111o\u0301.<\/span><\/p>\n<p><img loading=\"lazy\" decoding=\"async\" class=\"alignnone wp-image-59205\" src=\"https:\/\/tivixiaomi.co\/wp-content\/uploads\/2019\/06\/video_left_2.jpg\" alt=\"\" width=\"790\" height=\"720\" \/><\/p>\n","protected":false},"excerpt":{"rendered":"<ul>\n<li>Tr\u1ea3 g\u00f3p 0% qua th\u1ebb <a href=\"https:\/\/tivixiaomi.co\/tra-gop\/\">(xem chi ti\u1ebft)<\/a><\/li>\n<li>Mi\u1ec5n ph\u00ed 12 th\u00e1ng xem truy\u1ec1n h\u00ecnh g\u00f3i Gia \u0111\u00ecnh tr\u00ean \u1ee9ng d\u1ee5ng CLIPTV\u00a0<a href=\"https:\/\/tivixiaomi.co\/huong-dan-kich-hoat-goi-khuyen-mai-cliptv-tren-smart-tivi-xiaomi\/\" target=\"_blank\" rel=\"noopener noreferrer\">(click xem chi ti\u1ebft)<\/a><\/li>\n<li>Mi\u1ec5n ph\u00ed c\u00f4ng l\u1eafp \u0111\u1eb7t (H\u00e0 N\u1ed9i v\u00e0 Th\u00e0nh ph\u1ed1 H\u1ed3 Ch\u00ed Minh)<\/li>\n<li>L\u1ed7i l\u00e0 \u0111\u1ed5i m\u1edbi trong\u00a0<b>101 ng\u00e0y <\/b>t\u1eadn nh\u00e0<\/li>\n<li>\u0110\u1ed5i tr\u1ea3 v\u00e0 b\u1ea3o h\u00e0nh c\u1ef1c d\u1ec5\u00a0<b>ch\u1ec9 c\u1ea7n s\u1ed1 \u0111i\u1ec7n tho\u1ea1i<\/b><\/li>\n<li>B\u1ea3o h\u00e0nh\u00a0<b>ch\u00ednh h\u00e3ng tivi 1 n\u0103m<\/b>, c\u00f3 ng\u01b0\u1eddi \u0111\u1ebfn l\u1ea5y t\u1eadn nh\u00e0<\/li>\n<li>G\u1ecdi \u0111\u1eb7t mua: <a href=\"tel:0984311230\">0984.311.230<\/a><i class=\"icondetailV3-callme\"><\/i>\u00a0(7:30-22:00)<\/li>\n<\/ul>\n","protected":false},"featured_media":59203,"comment_status":"open","ping_status":"closed","template":"","meta":[],"product_brand":[],"product_cat":[255],"product_tag":[],"class_list":{"0":"post-26067","1":"product","2":"type-product","3":"status-publish","4":"has-post-thumbnail","6":"product_cat-tivi-xiaomi-man-hinh-tran","8":"first","9":"outofstock","10":"sale","11":"shipping-taxable","12":"purchasable","13":"product-type-simple"},"_links":{"self":[{"href":"https:\/\/tivixiaomi.co\/en\/wp-json\/wp\/v2\/product\/26067"}],"collection":[{"href":"https:\/\/tivixiaomi.co\/en\/wp-json\/wp\/v2\/product"}],"about":[{"href":"https:\/\/tivixiaomi.co\/en\/wp-json\/wp\/v2\/types\/product"}],"replies":[{"embeddable":true,"href":"https:\/\/tivixiaomi.co\/en\/wp-json\/wp\/v2\/comments?post=26067"}],"version-history":[{"count":1,"href":"https:\/\/tivixiaomi.co\/en\/wp-json\/wp\/v2\/product\/26067\/revisions"}],"predecessor-version":[{"id":69845,"href":"https:\/\/tivixiaomi.co\/en\/wp-json\/wp\/v2\/product\/26067\/revisions\/69845"}],"wp:featuredmedia":[{"embeddable":true,"href":"https:\/\/tivixiaomi.co\/en\/wp-json\/wp\/v2\/media\/59203"}],"wp:attachment":[{"href":"https:\/\/tivixiaomi.co\/en\/wp-json\/wp\/v2\/media?parent=26067"}],"wp:term":[{"taxonomy":"product_brand","embeddable":true,"href":"https:\/\/tivixiaomi.co\/en\/wp-json\/wp\/v2\/product_brand?post=26067"},{"taxonomy":"product_cat","embeddable":true,"href":"https:\/\/tivixiaomi.co\/en\/wp-json\/wp\/v2\/product_cat?post=26067"},{"taxonomy":"product_tag","embeddable":true,"href":"https:\/\/tivixiaomi.co\/en\/wp-json\/wp\/v2\/product_tag?post=26067"}],"curies":[{"name":"wp","href":"https:\/\/api.w.org\/{rel}","templated":true}]}}