{"id":36611,"date":"2019-08-30T18:24:39","date_gmt":"2019-08-30T11:24:39","guid":{"rendered":"https:\/\/tivixiaomi.co\/?post_type=product&#038;p=36611"},"modified":"2024-09-04T13:46:38","modified_gmt":"2024-09-04T06:46:38","slug":"tivi-xiaomi-man-hinh-tran-sieu-cuc-32-inch-e32c","status":"publish","type":"product","link":"https:\/\/tivixiaomi.co\/en\/tivi\/tivi-xiaomi-man-hinh-tran-sieu-cuc-32-inch-e32c\/","title":{"rendered":"Smart Tivi Xiaomi M\u00e0n H\u00ecnh Tr\u00e0n Vi\u1ec1n 32 inch E32C"},"content":{"rendered":"<p><span style=\"font-weight: 400;\">Smart Tivi Xiaomi M\u00e0n H\u00ecnh Tr\u00e0n Vi\u1ec1n 32 inch E32C Gi\u00e1 r\u1ebb t\u1ea1i H\u00e0 N\u1ed9i, TP.HCM. Mi\u1ec5n ph\u00ed l\u1eafp \u0111\u1eb7t, H\u1ed7 tr\u1ee3 v\u1eadn chuy\u1ec3n trong n\u1ed9i th\u00e0nh, Hotline: 0984.311.230. B\u1ea1n c\u00f3 tin ch\u1ec9 v\u1edbi h\u01a1n 4 tri\u1ec7u \u0111\u1ed3ng b\u1ea1n c\u00f3 th\u1ec3 s\u1edf h\u1eefu ngay m\u1ed9t chi\u1ebfc Smart Tivi 32 inch tr\u00e0n vi\u1ec1n v\u1edbi c\u1ea5u h\u00ecnh m\u1ea1nh m\u1ebd c\u00f9ng nhi\u1ec1u ti\u1ec7n \u00edch \u1ee9ng d\u1ee5ng th\u00f4ng minh \u0111\u1ec3 c\u00f3 th\u1ec3 tho\u1ea3i m\u00e1i gi\u1ea3i tr\u00ed trong gia \u0111\u00ecnh c\u1ee7a b\u1ea1n hay kh\u00f4ng? V\u00e0 xin \u0111\u01b0\u1ee3c b\u1eadt m\u00ed ngay \u0111\u00f3 ch\u00ednh l\u00e0 chi\u1ebfc smart tivi \u0111\u1ebfn t\u1eeb th\u01b0\u01a1ng hi\u1ec7u Xiaomi v\u1edbi t\u00ean g\u1ecdi \u0111\u1ea7y \u0111\u1ee7 l\u00e0 Tivi Xiaomi m\u00e0n h\u00ecnh tr\u00e0n 32 inch E32C, v\u00e0 ch\u00fang ta h\u00e3y c\u00f9ng \u0111\u00e1nh gi\u00e1 chi\u1ebfc tivi nh\u1ecf m\u00e0 c\u00f3 v\u00f5 n\u00e0y nh\u00e9.<\/span><\/p>\n<p style=\"text-align: center;\">Video \u0111\u00e1nh gi\u00e1 nhanh Tivi Xiaomi E32C<\/p>\n<p><iframe title=\"Mi LED Smart TV 32 inches E32C Bezel-less \u2022 TiviXiaomi.Com\" width=\"640\" height=\"360\" src=\"https:\/\/www.youtube.com\/embed\/g6eI7Uslc10?feature=oembed\" frameborder=\"0\" allow=\"accelerometer; autoplay; clipboard-write; encrypted-media; gyroscope; picture-in-picture; web-share\" referrerpolicy=\"strict-origin-when-cross-origin\" allowfullscreen><\/iframe><\/p>\n<h3><strong>Thi\u1ebft k\u1ebf s\u1ea3n ph\u1ea9m Tivi Xiaomi Mi Tivi 32 inch E32C<\/strong><\/h3>\n<p><span style=\"font-weight: 400;\">C\u00e1c b\u1ea1n th\u00e2n m\u1ebfn, n\u1ebfu chi\u1ebfc tivi m\u00e0n h\u00ecnh l\u1edbn \u0111ang \u0111\u01b0\u1ee3c r\u1ea5t nhi\u1ec1u ng\u01b0\u1eddi \u01b0a chu\u1ed9ng th\u00ec kh\u00f4ng v\u00ec v\u1eady m\u00e0 nh\u1eefng chi\u1ebfc tivi m\u00e0n h\u00ecnh nh\u1ecf m\u1ea5t \u0111i v\u1ecb th\u1ebf c\u1ee7a m\u00ecnh b\u1edfi ch\u00fang c\u00f3 nh\u1eefng \u01b0u \u0111i\u1ec3m n\u1ed5i tr\u1ed9i ri\u00eang. N\u1ebfu b\u1ea1n \u0111ang s\u1ed1ng m\u1ed9t m\u00ecnh ho\u1eb7c gia \u0111\u00ecnh c\u00f3 kh\u00f4ng gian ph\u00f2ng nh\u1ecf th\u00ec nh\u1eefng chi\u1ebfc tivi c\u00f3 m\u00e0n h\u00ecnh nh\u1ecf ch\u00ednh l\u00e0 l\u1ef1a ch\u1ecdn ph\u00f9 h\u1ee3p nh\u1ea5t, gi\u00fap b\u1ea1n ki\u1ebfn t\u1ea1o kh\u00f4ng gian m\u00e0 kh\u00f4ng chi\u1ebfm qu\u00e1 nhi\u1ec1u ti\u1ec7n \u00edch. Ch\u00ednh v\u00ec v\u1eady m\u00e0 <a href=\"https:\/\/tivixiaomi.co\/san-pham\/tivi-xiaomi-man-hinh-tran-sieu-cuc-32-inch-e32c\/\">Tivi Xiaomi M\u00e0n H\u00ecnh Tr\u00e0n Vi\u1ec1n 32 inch E32C<\/a> ch\u00ednh l\u00e0 \u1ee9ng c\u1eed vi\u00ean s\u00e1ng gi\u00e1 cho s\u1ef1 l\u1ef1a ch\u1ecdn c\u1ee7a b\u1ea1n.<\/span><\/p>\n<p><img fetchpriority=\"high\" decoding=\"async\" class=\"aligncenter wp-image-47352\" src=\"https:\/\/tivixiaomi.co\/wp-content\/uploads\/2019\/08\/tivi-xiaomi-man-hinh-tran-sieu-cuc-32-inch-e32c-1.jpg\" alt=\"\" width=\"1200\" height=\"675\" \/><\/p>\n<p><span style=\"font-weight: 400;\">Tivi Xiaomi v\u1edbi m\u1eb7t tr\u01b0\u1edbc hi\u1ec3n th\u1ecb full m\u00e0n h\u00ecnh, thi\u1ebft k\u1ebf m\u1edbi gi\u00fap mang l\u1ea1i t\u1ec9 l\u1ec7 m\u00e0n h\u00ecnh cao h\u01a1n \u0111\u1ec3 t\u1ea1o \u0111\u1ed9 ch\u00edn t\u1ed1t h\u01a1n v\u00e0 gi\u1ea3i ph\u00f3ng \u0111\u01b0\u1ee3c ch\u00e2n tr\u1eddi, \u0111\u1ec3 \u0111\u1ea1t \u0111\u01b0\u1ee3c nh\u1eefng tr\u1ea3i nghi\u1ec7m \u0111\u1ed9c \u0111\u00e1o v\u00e0 th\u00fa v\u1ecb h\u01a1n, kh\u00f4ng b\u1ecf l\u1ee1 thi\u1ebft k\u1ebf ch\u00e2n \u0111\u1ebf ch\u1eef V v\u1eefng ch\u1eafc, Mi Tivi E32C \u0111i k\u00e8m v\u1edbi 2 ch\u00e2n \u0111\u1ebf x\u00e1m ch\u00ec c\u00e0ng t\u00f4n l\u00ean v\u1ebb \u0111\u1eb9p sang tr\u1ecdng v\u00e0 hi\u1ec7n \u0111\u1ea1i c\u1ee7a chi\u1ebfc Tivi Xiaomi, b\u00ean c\u1ea1nh \u0111\u00f3 th\u00ec b\u1ea1n c\u0169ng c\u00f3 th\u1ec3 treo t\u01b0\u1eddng, v\u1eeba t\u1ea1o c\u1ea3m gi\u00e1c t\u1ed1i gi\u1ea3n \u0111\u1ec3 t\u00f4 \u0111i\u1ec3m cho kh\u00f4ng gian v\u00e0 ho\u00e0n to\u00e0n kh\u00f4ng chi\u1ebfm di\u1ec7n t\u00edch.<\/span><\/p>\n<p><img decoding=\"async\" class=\"aligncenter wp-image-47353\" src=\"https:\/\/tivixiaomi.co\/wp-content\/uploads\/2019\/08\/tivi-xiaomi-man-hinh-tran-sieu-cuc-32-inch-e32c-2.png\" alt=\"\" width=\"1200\" height=\"677\" srcset=\"https:\/\/tivixiaomi.co\/wp-content\/uploads\/2019\/08\/tivi-xiaomi-man-hinh-tran-sieu-cuc-32-inch-e32c-2.png 1380w, https:\/\/tivixiaomi.co\/wp-content\/uploads\/2019\/08\/tivi-xiaomi-man-hinh-tran-sieu-cuc-32-inch-e32c-2-150x85.png 150w, https:\/\/tivixiaomi.co\/wp-content\/uploads\/2019\/08\/tivi-xiaomi-man-hinh-tran-sieu-cuc-32-inch-e32c-2-600x338.png 600w, https:\/\/tivixiaomi.co\/wp-content\/uploads\/2019\/08\/tivi-xiaomi-man-hinh-tran-sieu-cuc-32-inch-e32c-2-300x169.png 300w, https:\/\/tivixiaomi.co\/wp-content\/uploads\/2019\/08\/tivi-xiaomi-man-hinh-tran-sieu-cuc-32-inch-e32c-2-1024x577.png 1024w, https:\/\/tivixiaomi.co\/wp-content\/uploads\/2019\/08\/tivi-xiaomi-man-hinh-tran-sieu-cuc-32-inch-e32c-2-768x433.png 768w\" sizes=\"(max-width: 1200px) 100vw, 1200px\" \/><\/p>\n<p><img decoding=\"async\" class=\"aligncenter wp-image-47355\" src=\"https:\/\/tivixiaomi.co\/wp-content\/uploads\/2019\/08\/tivi-xiaomi-man-hinh-tran-sieu-cuc-32-inch-e32c-4.png\" alt=\"\" width=\"1200\" height=\"676\" srcset=\"https:\/\/tivixiaomi.co\/wp-content\/uploads\/2019\/08\/tivi-xiaomi-man-hinh-tran-sieu-cuc-32-inch-e32c-4.png 1382w, https:\/\/tivixiaomi.co\/wp-content\/uploads\/2019\/08\/tivi-xiaomi-man-hinh-tran-sieu-cuc-32-inch-e32c-4-150x84.png 150w, https:\/\/tivixiaomi.co\/wp-content\/uploads\/2019\/08\/tivi-xiaomi-man-hinh-tran-sieu-cuc-32-inch-e32c-4-600x338.png 600w, https:\/\/tivixiaomi.co\/wp-content\/uploads\/2019\/08\/tivi-xiaomi-man-hinh-tran-sieu-cuc-32-inch-e32c-4-300x169.png 300w, https:\/\/tivixiaomi.co\/wp-content\/uploads\/2019\/08\/tivi-xiaomi-man-hinh-tran-sieu-cuc-32-inch-e32c-4-1024x576.png 1024w, https:\/\/tivixiaomi.co\/wp-content\/uploads\/2019\/08\/tivi-xiaomi-man-hinh-tran-sieu-cuc-32-inch-e32c-4-768x432.png 768w\" sizes=\"(max-width: 1200px) 100vw, 1200px\" \/><\/p>\n<h3><strong>\u0110\u00e1nh gi\u00e1 hi\u1ec3n th\u1ecb c\u1ee7a Tivi Xiaomi Mi Tivi 32 inch E32C<\/strong><\/h3>\n<p><span style=\"font-weight: 400;\">Mi tivi E32C c\u00f2n \u0111\u01b0\u1ee3c Xiaomi trang b\u1ecb c\u1ea5u h\u00ecnh v\u1edbi \u0111\u1ed9 ph\u00e2n gi\u1ea3i HD, \u0111em \u0111\u1ebfn tr\u1ea3i nghi\u1ec7m cho b\u1ea1n nh\u1eefng m\u00e0u s\u1eafc c\u1ef1c k\u1ef3 s\u1eafc n\u00e9t, c\u00f9ng v\u1edbi \u0111\u00f3 l\u00e0 c\u00f4ng ngh\u1ec7 HDR \u0111em \u0111\u1ebfn nh\u1eefng h\u00ecnh \u1ea3nh s\u1ed1ng \u0111\u1ed9ng, c\u00f3 \u0111\u1ed9 t\u01b0\u01a1ng ph\u1ea3n cao v\u00e0 m\u00e0u s\u1eafc c\u1ef1c k\u1ef3 ch\u00e2n th\u1ef1c nh\u01b0 cu\u1ed9c s\u1ed1ng.<\/span><\/p>\n<p><img loading=\"lazy\" decoding=\"async\" class=\"aligncenter wp-image-47359\" src=\"https:\/\/tivixiaomi.co\/wp-content\/uploads\/2019\/08\/tivi-xiaomi-man-hinh-tran-sieu-cuc-32-inch-e32c-8.png\" alt=\"\" width=\"1200\" height=\"673\" srcset=\"https:\/\/tivixiaomi.co\/wp-content\/uploads\/2019\/08\/tivi-xiaomi-man-hinh-tran-sieu-cuc-32-inch-e32c-8.png 1383w, https:\/\/tivixiaomi.co\/wp-content\/uploads\/2019\/08\/tivi-xiaomi-man-hinh-tran-sieu-cuc-32-inch-e32c-8-150x84.png 150w, https:\/\/tivixiaomi.co\/wp-content\/uploads\/2019\/08\/tivi-xiaomi-man-hinh-tran-sieu-cuc-32-inch-e32c-8-600x337.png 600w, https:\/\/tivixiaomi.co\/wp-content\/uploads\/2019\/08\/tivi-xiaomi-man-hinh-tran-sieu-cuc-32-inch-e32c-8-300x168.png 300w, https:\/\/tivixiaomi.co\/wp-content\/uploads\/2019\/08\/tivi-xiaomi-man-hinh-tran-sieu-cuc-32-inch-e32c-8-1024x575.png 1024w, https:\/\/tivixiaomi.co\/wp-content\/uploads\/2019\/08\/tivi-xiaomi-man-hinh-tran-sieu-cuc-32-inch-e32c-8-768x431.png 768w\" sizes=\"(max-width: 1200px) 100vw, 1200px\" \/><\/p>\n<p><span style=\"font-weight: 400;\">Nh\u1eafc \u0111\u1ebfn h\u00ecnh \u1ea3nh th\u00ec kh\u00f4ng th\u1ec3 kh\u00f4ng nh\u1eafc \u0111\u1ebfn \u00e2m thanh, Xiaomi c\u0169ng r\u1ea5t ch\u00fa tr\u1ecdng \u0111i\u1ec1u n\u00e0y khi trang b\u1ecb cho chi\u1ebfc tivi c\u1ee7a m\u00ecnh b\u1ed9 gi\u1ea3i m\u00e3 \u00e2m thanh DTS cao c\u1ea5p, hi\u1ec7u \u1ee9ng \u00e2m thanh v\u00f2m 360\u00ba \u0111\u01b0\u1ee3c ph\u00e1t ra v\u00e0 lan to\u1ea3 kh\u1eafp c\u0103n ph\u00f2ng. B\u00ean c\u1ea1nh \u0111\u00f3 h\u1ea7u h\u1ebft t\u1ea1p \u00e2m c\u0169ng \u0111\u01b0\u1ee3c lo\u1ea1i b\u1ecf, \u0111em \u0111\u1ebfn nh\u1eefng \u00e2m thanh trong tr\u1ebbo v\u00e0 s\u1ed1ng \u0111\u1ed9ng. B\u1ea1n s\u1ebd tho\u1ea3i m\u00e1i th\u01b0\u1edfng th\u1ee9c nh\u1eefng b\u1ed9 phim hay, nh\u1eefng b\u1ea3n nh\u1ea1c y\u00eau th\u00edch sau gi\u1edd h\u1ecdc v\u00e0 l\u00e0m vi\u1ec7c c\u0103ng th\u1eb3ng, gi\u1ea3i tr\u00ed v\u1edbi chi\u1ebfc Tivi Xiaomi E32C, \u0111\u1eafm ch\u00ecm v\u00e0 th\u01b0 gi\u00e3n v\u1edbi nh\u1eefng n\u1ed1t \u00e2m thanh \u0111a chi\u1ec1u.<\/span><\/p>\n<p><img loading=\"lazy\" decoding=\"async\" class=\"aligncenter wp-image-47456 size-full\" src=\"https:\/\/tivixiaomi.co\/wp-content\/uploads\/2019\/08\/tivi-xiaomi-man-hinh-tran-sieu-cuc-32-inch-e32c-9-1.png\" alt=\"\" width=\"1200\" height=\"675\" srcset=\"https:\/\/tivixiaomi.co\/wp-content\/uploads\/2019\/08\/tivi-xiaomi-man-hinh-tran-sieu-cuc-32-inch-e32c-9-1.png 1200w, https:\/\/tivixiaomi.co\/wp-content\/uploads\/2019\/08\/tivi-xiaomi-man-hinh-tran-sieu-cuc-32-inch-e32c-9-1-150x84.png 150w, https:\/\/tivixiaomi.co\/wp-content\/uploads\/2019\/08\/tivi-xiaomi-man-hinh-tran-sieu-cuc-32-inch-e32c-9-1-600x338.png 600w, https:\/\/tivixiaomi.co\/wp-content\/uploads\/2019\/08\/tivi-xiaomi-man-hinh-tran-sieu-cuc-32-inch-e32c-9-1-300x169.png 300w, https:\/\/tivixiaomi.co\/wp-content\/uploads\/2019\/08\/tivi-xiaomi-man-hinh-tran-sieu-cuc-32-inch-e32c-9-1-1024x576.png 1024w, https:\/\/tivixiaomi.co\/wp-content\/uploads\/2019\/08\/tivi-xiaomi-man-hinh-tran-sieu-cuc-32-inch-e32c-9-1-768x432.png 768w\" sizes=\"(max-width: 1200px) 100vw, 1200px\" \/><\/p>\n<p><span style=\"font-weight: 400;\">M\u1ed9t trong nh\u1eefng t\u00ednh n\u0103ng v\u00f4 c\u00f9ng \u01b0u vi\u1ec7t c\u1ee7a Mi tivi E32C \u0111\u00f3 ch\u00ednh l\u00e0 t\u00ednh n\u0103ng ph\u1ea3n chi\u1ebfu m\u00e0n h\u00ecnh th\u00f4ng qua \u0111i\u1ec7n tho\u1ea1i th\u00f4ng minh. V\u00e0 b\u1ea1n ch\u1ec9 c\u1ea7n m\u1ed9t chi\u1ebfc \u0111i\u1ec7n tho\u1ea1i c\u00f3 t\u00ednh n\u0103ng k\u1ebft n\u1ed1i Wifi th\u00f4i l\u00e0 ch\u00fang ta \u0111\u00e3 c\u00f3 th\u1ec3 tr\u00ecnh chi\u1ebfu l\u00ean tivi nh\u1eefng h\u00ecnh \u1ea3nh ho\u1eb7c video m\u00e0 m\u00ecnh y\u00eau th\u00edch c\u00f9ng gia \u0111\u00ecnh t\u1eadn h\u01b0\u1edfng.<\/span><\/p>\n<h3><strong>\u0110\u00e1nh gi\u00e1 c\u1ea5u h\u00ecnh Tivi Xiaomi Mi Tivi 32 inch E32C<\/strong><\/h3>\n<p><span style=\"font-weight: 400;\">Mi Tivi E32C \u0111\u01b0\u1ee3c trang b\u1ecb trang b\u1ecb c\u1ea5u h\u00ecnh t\u01b0\u01a1ng \u0111\u1ed1i m\u1ea1nh m\u1ebd v\u1edbi \u0111\u1ed9 ph\u00e2n gi\u1ea3i HD, v\u1edbi b\u1ed9 x\u1eed l\u00fd 64 bit th\u1ebf h\u1ec7 m\u1edbi, RAM 1GB, b\u1ed9 nh\u1edb trong 4GB c\u00f3 th\u1ec3 x\u1eed l\u00fd m\u01b0\u1ee3t m\u00e0 c\u00e1c thao t\u00e1c h\u00e0ng ng\u00e0y nh\u01b0 xem phim, ch\u01a1i nh\u1ea1c hay l\u00e0 l\u01b0\u1edbt web. C\u00f9ng v\u1edbi \u0111\u00f3 chi\u1ebfc \u0111i\u1ec1u khi\u1ec3n v\u00f4 c\u00f9ng g\u1ecdn nh\u1eb9 v\u00e0 t\u1ed1i gi\u1ea3n n\u00e0y c\u0169ng l\u00e0 m\u1ed9t \u0111i\u1ec3m c\u1ed9ng c\u1ee7a tivi Xiaomi m\u00e0n h\u00ecnh tr\u00e0n vi\u1ec1n 32 inch E32C, c\u00e1c n\u00fat b\u1ea5m \u0111\u01b0\u1ee3c thi\u1ebft k\u1ebf \u0111\u01a1n gi\u1ea3n v\u00e0 b\u1ea1n c\u00f3 th\u1ec3 thao t\u00e1c d\u1ec5 d\u00e0ng trong chu vi chuy\u1ec3n \u0111\u1ed9ng c\u1ee7a m\u1ed9t ng\u00f3n tay c\u00e1i. Chi\u1ebfc tivi 32 inch n\u00e0y c\u00f2n h\u1ed7 tr\u1ee3 nhi\u1ec1u c\u1ed5ng k\u1ebft n\u1ed1i nh\u01b0 HDMI, USB, Network Athena, v.v\u2026. gi\u00fap b\u1ea1n k\u1ebft n\u1ed1i v\u1edbi c\u00e1c thi\u1ebft b\u1ecb ngo\u1ea1i vi \u0111\u1ec3 t\u1eadn h\u01b0\u1edfng th\u1eadt nhi\u1ec1u ti\u1ec7n \u00edch h\u01a1n tr\u00ean tivi.<\/span><\/p>\n<p><img loading=\"lazy\" decoding=\"async\" class=\"aligncenter wp-image-47356\" src=\"https:\/\/tivixiaomi.co\/wp-content\/uploads\/2019\/08\/tivi-xiaomi-man-hinh-tran-sieu-cuc-32-inch-e32c-5.png\" alt=\"\" width=\"1200\" height=\"675\" srcset=\"https:\/\/tivixiaomi.co\/wp-content\/uploads\/2019\/08\/tivi-xiaomi-man-hinh-tran-sieu-cuc-32-inch-e32c-5.png 1380w, https:\/\/tivixiaomi.co\/wp-content\/uploads\/2019\/08\/tivi-xiaomi-man-hinh-tran-sieu-cuc-32-inch-e32c-5-150x84.png 150w, https:\/\/tivixiaomi.co\/wp-content\/uploads\/2019\/08\/tivi-xiaomi-man-hinh-tran-sieu-cuc-32-inch-e32c-5-600x337.png 600w, https:\/\/tivixiaomi.co\/wp-content\/uploads\/2019\/08\/tivi-xiaomi-man-hinh-tran-sieu-cuc-32-inch-e32c-5-300x169.png 300w, https:\/\/tivixiaomi.co\/wp-content\/uploads\/2019\/08\/tivi-xiaomi-man-hinh-tran-sieu-cuc-32-inch-e32c-5-1024x576.png 1024w, https:\/\/tivixiaomi.co\/wp-content\/uploads\/2019\/08\/tivi-xiaomi-man-hinh-tran-sieu-cuc-32-inch-e32c-5-768x432.png 768w\" sizes=\"(max-width: 1200px) 100vw, 1200px\" \/><\/p>\n<p><img loading=\"lazy\" decoding=\"async\" class=\"aligncenter wp-image-47357\" src=\"https:\/\/tivixiaomi.co\/wp-content\/uploads\/2019\/08\/tivi-xiaomi-man-hinh-tran-sieu-cuc-32-inch-e32c-6.png\" alt=\"\" width=\"1200\" height=\"672\" srcset=\"https:\/\/tivixiaomi.co\/wp-content\/uploads\/2019\/08\/tivi-xiaomi-man-hinh-tran-sieu-cuc-32-inch-e32c-6.png 1383w, https:\/\/tivixiaomi.co\/wp-content\/uploads\/2019\/08\/tivi-xiaomi-man-hinh-tran-sieu-cuc-32-inch-e32c-6-150x84.png 150w, https:\/\/tivixiaomi.co\/wp-content\/uploads\/2019\/08\/tivi-xiaomi-man-hinh-tran-sieu-cuc-32-inch-e32c-6-600x336.png 600w, https:\/\/tivixiaomi.co\/wp-content\/uploads\/2019\/08\/tivi-xiaomi-man-hinh-tran-sieu-cuc-32-inch-e32c-6-300x168.png 300w, https:\/\/tivixiaomi.co\/wp-content\/uploads\/2019\/08\/tivi-xiaomi-man-hinh-tran-sieu-cuc-32-inch-e32c-6-1024x574.png 1024w, https:\/\/tivixiaomi.co\/wp-content\/uploads\/2019\/08\/tivi-xiaomi-man-hinh-tran-sieu-cuc-32-inch-e32c-6-768x430.png 768w\" sizes=\"(max-width: 1200px) 100vw, 1200px\" \/><\/p>\n<h3><strong>Tivi Xiaomi Mi Tivi 32 inch E32C gi\u00e1 r\u1ebb so v\u1edbi nh\u1eefng g\u00ec b\u1ea1n nh\u1eadn \u0111\u01b0\u1ee3c<\/strong><\/h3>\n<p><span style=\"font-weight: 400;\">Smart Tivi Xiaomi m\u00e0n h\u00ecnh tr\u00e0n vi\u1ec1n 32 inch E32C thi\u1ebft k\u1ebf nh\u1ecf g\u1ecdn, tinh t\u1ebf, m\u00e0n h\u00ecnh c\u00f3 \u0111\u1ed9 ph\u00e2n gi\u1ea3i HD s\u1eafc n\u00e9t, \u00e2m thanh s\u1ed1ng \u0111\u1ed9ng v\u1edbi b\u1ed9 gi\u1ea3i m\u00e3 DTS cao c\u1ea5p,\u00a0 t\u00ednh n\u0103ng ph\u1ea3n chi\u1ebfu m\u00e0n h\u00ecnh th\u00f4ng minh, c\u1ea5u h\u00ecnh \u0111\u00e1p \u1ee9ng m\u1ecdi nhu c\u1ea7u s\u1eed d\u1ee5ng, \u0111a d\u1ea1ng c\u1ed5ng k\u1ebft n\u1ed1i. V\u1eeba r\u1ed3i ch\u00fang ta c\u00f9ng nhau tr\u1ea3i nghi\u1ec7m v\u00e0 \u0111\u00e1nh gi\u00e1 v\u1ec1 chi\u1ebfc Tivi E32C v\u1edbi c\u00f4ng ngh\u1ec7 hi\u1ec7n \u0111\u1ea1i c\u00f9ng m\u1ee9c gi\u00e1 hu\u1ef7 di\u1ec7t, th\u00ec \u0111\u00e2y ch\u1eafc ch\u1eafn l\u00e0 s\u1ea3n ph\u1ea9m n\u1eb1m trong t\u1ea7m tay c\u1ee7a b\u1ea1n ph\u1ea3i kh\u00f4ng n\u00e0o.<\/span><\/p>\n<p><img loading=\"lazy\" decoding=\"async\" class=\"aligncenter wp-image-47361\" src=\"https:\/\/tivixiaomi.co\/wp-content\/uploads\/2019\/08\/tivi-xiaomi-man-hinh-tran-sieu-cuc-32-inch-e32c-99.png\" alt=\"\" width=\"1200\" height=\"675\" srcset=\"https:\/\/tivixiaomi.co\/wp-content\/uploads\/2019\/08\/tivi-xiaomi-man-hinh-tran-sieu-cuc-32-inch-e32c-99.png 1382w, https:\/\/tivixiaomi.co\/wp-content\/uploads\/2019\/08\/tivi-xiaomi-man-hinh-tran-sieu-cuc-32-inch-e32c-99-150x84.png 150w, https:\/\/tivixiaomi.co\/wp-content\/uploads\/2019\/08\/tivi-xiaomi-man-hinh-tran-sieu-cuc-32-inch-e32c-99-600x337.png 600w, https:\/\/tivixiaomi.co\/wp-content\/uploads\/2019\/08\/tivi-xiaomi-man-hinh-tran-sieu-cuc-32-inch-e32c-99-300x169.png 300w, https:\/\/tivixiaomi.co\/wp-content\/uploads\/2019\/08\/tivi-xiaomi-man-hinh-tran-sieu-cuc-32-inch-e32c-99-1024x576.png 1024w, https:\/\/tivixiaomi.co\/wp-content\/uploads\/2019\/08\/tivi-xiaomi-man-hinh-tran-sieu-cuc-32-inch-e32c-99-768x432.png 768w\" sizes=\"(max-width: 1200px) 100vw, 1200px\" \/><\/p>\n<p><span style=\"font-weight: 400;\">S\u1eafp t\u1edbi tivixiaomi.com s\u1ebd c\u1ed1 g\u1eafng g\u1eedi \u0111\u1ebfn c\u00e1c b\u1ea1n nhi\u1ec1u video \u0111\u00e1nh gi\u00e1 s\u1ea3n ph\u1ea9m tivi c\u1ee7a Xiaomi h\u01a1n n\u1eefa. V\u00e0 n\u1ebfu c\u00e1c b\u1ea1n \u0111ang quan t\u00e2m \u0111\u1ebfn gi\u00e1 b\u00e1n c\u1ee7a s\u1ea3n ph\u1ea9m c\u00f3 th\u1ec3 c\u00f3 th\u1ec3 truy c\u1eadp t\u1ea1i website tivixiaomi.com. C\u00f2n b\u00e2y gi\u1edd xin ch\u00e0o v\u00e0 h\u1eb9n g\u1eb7p l\u1ea1i c\u00e1c b\u1ea1n \u1edf nh\u1eefng b\u00e0i \u0111\u00e1nh gi\u00e1 ti\u1ebfp theo. <\/span><\/p>\n","protected":false},"excerpt":{"rendered":"<ul>\n<li>D\u00f2ng EC Series<\/li>\n<li>M\u00e0n h\u00ecnh: HD<\/li>\n<li>RAM: 1GB<\/li>\n<li>Dung l\u01b0\u1ee3ng: 4GB<\/li>\n<\/ul>\n","protected":false},"featured_media":59258,"comment_status":"open","ping_status":"closed","template":"","meta":[],"product_brand":[],"product_cat":[27],"product_tag":[],"class_list":{"0":"post-36611","1":"product","2":"type-product","3":"status-publish","4":"has-post-thumbnail","6":"product_cat-chua-phan-loai","8":"first","9":"outofstock","10":"sale","11":"shipping-taxable","12":"purchasable","13":"product-type-simple"},"_links":{"self":[{"href":"https:\/\/tivixiaomi.co\/en\/wp-json\/wp\/v2\/product\/36611"}],"collection":[{"href":"https:\/\/tivixiaomi.co\/en\/wp-json\/wp\/v2\/product"}],"about":[{"href":"https:\/\/tivixiaomi.co\/en\/wp-json\/wp\/v2\/types\/product"}],"replies":[{"embeddable":true,"href":"https:\/\/tivixiaomi.co\/en\/wp-json\/wp\/v2\/comments?post=36611"}],"version-history":[{"count":1,"href":"https:\/\/tivixiaomi.co\/en\/wp-json\/wp\/v2\/product\/36611\/revisions"}],"predecessor-version":[{"id":69843,"href":"https:\/\/tivixiaomi.co\/en\/wp-json\/wp\/v2\/product\/36611\/revisions\/69843"}],"wp:featuredmedia":[{"embeddable":true,"href":"https:\/\/tivixiaomi.co\/en\/wp-json\/wp\/v2\/media\/59258"}],"wp:attachment":[{"href":"https:\/\/tivixiaomi.co\/en\/wp-json\/wp\/v2\/media?parent=36611"}],"wp:term":[{"taxonomy":"product_brand","embeddable":true,"href":"https:\/\/tivixiaomi.co\/en\/wp-json\/wp\/v2\/product_brand?post=36611"},{"taxonomy":"product_cat","embeddable":true,"href":"https:\/\/tivixiaomi.co\/en\/wp-json\/wp\/v2\/product_cat?post=36611"},{"taxonomy":"product_tag","embeddable":true,"href":"https:\/\/tivixiaomi.co\/en\/wp-json\/wp\/v2\/product_tag?post=36611"}],"curies":[{"name":"wp","href":"https:\/\/api.w.org\/{rel}","templated":true}]}}