{"id":38377,"date":"2019-09-21T18:47:08","date_gmt":"2019-09-21T11:47:08","guid":{"rendered":"https:\/\/tivixiaomi.co\/?post_type=product&#038;p=38377"},"modified":"2024-09-08T09:53:28","modified_gmt":"2024-09-08T02:53:28","slug":"smart-tivi-xiaomi-redmi-r70a-70-inch-4k-hdr-mau-2019","status":"publish","type":"product","link":"https:\/\/tivixiaomi.co\/en\/tivi\/smart-tivi-xiaomi-redmi-r70a-70-inch-4k-hdr-mau-2019\/","title":{"rendered":"Smart Tivi Xiaomi Redmi R70A 70 inch 4K HDR M\u1eabu 2019"},"content":{"rendered":"<p style=\"text-align: justify;\"><span style=\"font-weight: 400;\">Redmi Tivi R70A 70\u201d Gi\u00e1 r\u1ebb t\u1ea1i H\u00e0 N\u1ed9i, TP.HCM. Mi\u1ec5n ph\u00ed l\u1eafp \u0111\u1eb7t, H\u1ed7 tr\u1ee3 v\u1eadn chuy\u1ec3n trong n\u1ed9i th\u00e0nh, Hotline: 0984.311.230. <\/span><\/p>\n<p style=\"text-align: justify;\"><span style=\"font-weight: 400;\">Ch\u00e0o m\u1eebng c\u00e1c b\u1ea1n \u0111\u00e3 quay tr\u1edf l\u1ea1i v\u1edbi tivi xiaomi.com v\u00e0 nh\u01b0 c\u00e1c b\u1ea1n \u0111\u00e3 bi\u1ebft th\u00ec ch\u00fang ta \u0111\u00e3 r\u01a1i v\u00e0o kho\u1ea3ng cu\u1ed1i c\u1ee7a n\u0103m 2019 r\u1ed3i, v\u00e0 T\u1ebft Nguy\u00ean \u0110\u00e1n n\u0103m 2020 c\u0169ng \u0111\u00e3 \u0111\u1ebfn r\u1ea5t l\u00e0 g\u1ea7n. Vi\u1ec7c s\u1edf h\u1eefu m\u1ed9t chi\u1ebfc tivi v\u1edbi m\u00e0n h\u00ecnh k\u00edch th\u01b0\u1edbc l\u1edbn c\u0169ng nh\u01b0 l\u00e0 c\u00f3 m\u1ed9t ch\u1ea5t l\u01b0\u1ee3ng hi\u1ec3n th\u1ecb t\u1ed1t \u1edf trong ph\u00f2ng kh\u00e1ch c\u1ee7a ch\u00fang ta \u0111\u1ec3 gi\u1ea3i tr\u00ed l\u00e0 m\u1ed9t \u0111i\u1ec1u r\u1ea5t l\u00e0 tuy\u1ec7t v\u1eddi ph\u1ea3i kh\u00f4ng n\u00e0o? Tuy nhi\u00ean kh\u00f4ng ph\u1ea3i ai c\u0169ng s\u1eb5n s\u00e0ng chi qu\u00e1 l\u00e0 nhi\u1ec1u ti\u1ec1n cho nh\u1eefng m\u1eabu tivi nh\u01b0 v\u1eady b\u1edfi v\u00ec th\u01b0\u1eddng nh\u1eefng m\u1eabu tivi n\u00e0y c\u00f3 ch\u1ea5t l\u01b0\u1ee3ng hi\u1ec3n th\u1ecb t\u1ed1t c\u00f3 nhi\u1ec1u c\u00f4ng ngh\u1ec7 v\u00e0 c\u00f3 m\u00e0n h\u00ecnh k\u00edch th\u01b0\u1edbc l\u1edbn n\u1eefa th\u00ec th\u01b0\u1eddng m\u1ee9c gi\u00e1 c\u1ee7a n\u00f3 kh\u00e1 cao.<\/span><\/p>\n<p><strong>Video \u0111\u00e1nh gi\u00e1 nhanh s\u1ea3n ph\u1ea9m Redmi Tivi R70A<\/strong><\/p>\n<p><iframe title=\"Redmi Smart TV R70A 70 inches \u2022 TiviXiaomi.Com\" width=\"640\" height=\"360\" src=\"https:\/\/www.youtube.com\/embed\/gYMEZrAWw8E?feature=oembed\" frameborder=\"0\" allow=\"accelerometer; autoplay; clipboard-write; encrypted-media; gyroscope; picture-in-picture; web-share\" referrerpolicy=\"strict-origin-when-cross-origin\" allowfullscreen><\/iframe><\/p>\n<p style=\"text-align: justify;\"><span style=\"font-weight: 400;\">V\u00e0 h\u00f4m nay tivixiaomi.com s\u1ebd g\u1eedi \u0111\u1ebfn c\u00e1c b\u1ea1n m\u1ed9t s\u1ea3n ph\u1ea9m r\u1ebb nh\u01b0ng c\u00f3 ch\u1ea5t l\u01b0\u1ee3ng hi\u1ec3n th\u1ecb c\u1ef1c k\u1ef3 t\u1ed1t, s\u1ea3n ph\u1ea9m c\u00f3 t\u00ean m\u00e3 R70A. \u0110\u00e2y l\u00e0 s\u1ea3n ph\u1ea9m c\u1ee7a th\u01b0\u01a1ng hi\u1ec7u con Redmi t\u1edbi t\u1eeb Xiaomi. \u0110\u00e2y l\u00e0 m\u1ed9t m\u1eabu tivi c\u00f3 r\u1ea5t nhi\u1ec1u \u0111i\u1ec3m x\u1ee9ng \u0111\u00e1ng trong t\u1ea7m gi\u00e1 c\u1ee7a n\u00f3 v\u1edbi m\u1ed9t m\u00e0n h\u00ecnh k\u00edch th\u01b0\u1edbc r\u1ea5t l\u00e0 l\u1edbn l\u00ean t\u1edbi 70 inches, r\u1ea5t nhi\u1ec1u c\u00f4ng ngh\u1ec7 n\u1ed5i b\u1eadt \u0111\u01b0\u1ee3c trang b\u1ecb v\u00ed d\u1ee5 nh\u01b0 \u0111\u1ed9 ph\u00e2n gi\u1ea3i 4K HDR\u2026 h\u00e3y c\u00f9ng tivixiaomi.com tr\u1ea3i nghi\u1ec7m s\u1ea3n ph\u1ea9m n\u00e0y ngay nh\u00e9.<\/span><\/p>\n<h2 style=\"text-align: justify;\"><strong>\u0110\u00e1nh gi\u00e1 t\u1ed5ng quan v\u1ec1 s\u1ea3n ph\u1ea9m Redmi Tivi R70A 70\u201d<\/strong><\/h2>\n<p><img fetchpriority=\"high\" decoding=\"async\" class=\"aligncenter wp-image-46785 size-large\" src=\"https:\/\/tivixiaomi.co\/wp-content\/uploads\/2019\/09\/IMG_6025-1024x683.jpg\" alt=\"\" width=\"1024\" height=\"683\" srcset=\"https:\/\/tivixiaomi.co\/wp-content\/uploads\/2019\/09\/IMG_6025-1024x683.jpg 1024w, https:\/\/tivixiaomi.co\/wp-content\/uploads\/2019\/09\/IMG_6025-jpg-150x100.webp 150w, https:\/\/tivixiaomi.co\/wp-content\/uploads\/2019\/09\/IMG_6025-600x400.jpg 600w, https:\/\/tivixiaomi.co\/wp-content\/uploads\/2019\/09\/IMG_6025-300x200.jpg 300w, https:\/\/tivixiaomi.co\/wp-content\/uploads\/2019\/09\/IMG_6025-768x513.jpg 768w, https:\/\/tivixiaomi.co\/wp-content\/uploads\/2019\/09\/IMG_6025-jpg.webp 1500w\" sizes=\"(max-width: 1024px) 100vw, 1024px\" \/><\/p>\n<p style=\"text-align: justify;\"><span style=\"font-weight: 400;\">Chi\u1ebfc <a href=\"https:\/\/tivixiaomi.co\/san-pham\/smart-tivi-xiaomi-redmi-r70a-70-inch-4k-hdr-mau-2019\/\"><strong>Redmi Tivi R70A 70\u201d<\/strong><\/a> n\u00e0y thu\u1ed9c ph\u00e2n kh\u00fac gi\u00e1 r\u1ebb ch\u00ednh v\u00ec th\u1ebf h\u00e3ng kh\u00f4ng \u0111\u1ea7u t\u01b0 qu\u00e1 m\u1ea1nh m\u1ebd v\u00e0o kh\u00e2u thi\u1ebft k\u1ebf. Ch\u1eafc ch\u1eafc s\u1ebd kh\u00f4ng th\u1ec3 sexy nh\u01b0 l\u00e0 d\u00f2ng s\u1ea3n ph\u1ea9m Mi TiVi 5 v\u00e0 Mi Tivi 5 Pro r\u1ea5t cao c\u1ea5p trong th\u1eddi gian g\u1ea7n \u0111\u00e2y. \u0110\u1ed1i v\u1edbi chi\u1ebfc Redmi tivi n\u00e0y th\u00ec ch\u00fang ta s\u1ebd c\u00f3 \u0111\u01b0\u1ee3c m\u1ed9t l\u1ed1i thi\u1ebft k\u1ebf kh\u00e1 l\u00e0 t\u01b0\u01a1ng \u0111\u1ed3ng so v\u1edbi nh\u1eefng m\u1eabu Tivi Xiaomi thu\u1ed9c th\u1ebf h\u1ec7 th\u1ee9 4 v\u1edbi nh\u1eefng \u0111\u1eb7c \u0111i\u1ec3m t\u1ed5ng th\u1ec3 ch\u1ec9 l\u00e0 thi\u1ebft k\u1ebf r\u1ea5t l\u00e0 \u0111\u01a1n gi\u1ea3n v\u00e0 th\u1ef1c d\u1ee5ng th\u00f4i ch\u1ee9 n\u00f3 kh\u00f4ng \u0111\u00e1nh qu\u00e1 nhi\u1ec1u v\u00e0o \u0111\u1ed9 sexy nh\u01b0 l\u00e0 d\u00f2ng s\u1ea3n ph\u1ea9m c\u1ee7a Xiaomi.<\/span><\/p>\n<p><img decoding=\"async\" class=\"aligncenter wp-image-46786 size-large\" src=\"https:\/\/tivixiaomi.co\/wp-content\/uploads\/2019\/09\/IMG_6034-1024x683.jpg\" alt=\"\" width=\"1024\" height=\"683\" srcset=\"https:\/\/tivixiaomi.co\/wp-content\/uploads\/2019\/09\/IMG_6034-1024x683.jpg 1024w, https:\/\/tivixiaomi.co\/wp-content\/uploads\/2019\/09\/IMG_6034-jpg-150x100.webp 150w, https:\/\/tivixiaomi.co\/wp-content\/uploads\/2019\/09\/IMG_6034-600x400.jpg 600w, https:\/\/tivixiaomi.co\/wp-content\/uploads\/2019\/09\/IMG_6034-300x200.jpg 300w, https:\/\/tivixiaomi.co\/wp-content\/uploads\/2019\/09\/IMG_6034-768x512.jpg 768w, https:\/\/tivixiaomi.co\/wp-content\/uploads\/2019\/09\/IMG_6034-jpg.webp 1500w\" sizes=\"(max-width: 1024px) 100vw, 1024px\" \/><\/p>\n<p style=\"text-align: justify;\"><span style=\"font-weight: 400;\">Ch\u00fang ta s\u1ebd c\u00f3 \u0111\u00e2y 3 ph\u1ea7n vi\u1ec1n xung quanh m\u1ecfng r\u1ea5t \u0111\u1ec1u nhau v\u00e0 ph\u1ea7n vi\u1ec1n ph\u00eda b\u00ean d\u01b0\u1edbi s\u1ebd ch\u1ec9 h\u01a1i d\u00e0y h\u01a1n m\u1ed9t ch\u00fat th\u00f4i. C\u1ea1nh d\u01b0\u1edbi l\u00e0 v\u1ecb tr\u00ed c\u1ee7a logo Redmi \u0111i k\u00e8m v\u1edbi v\u1ecb tr\u00ed nh\u1eadn s\u00f3ng \u0111i\u1ec1u khi\u1ec3n h\u1ed3ng ngo\u1ea1i.<\/span><\/p>\n<p><img decoding=\"async\" class=\"aligncenter wp-image-46778 size-large\" src=\"https:\/\/tivixiaomi.co\/wp-content\/uploads\/2019\/09\/IMG_5978-1024x683.jpg\" alt=\"\" width=\"1024\" height=\"683\" srcset=\"https:\/\/tivixiaomi.co\/wp-content\/uploads\/2019\/09\/IMG_5978-1024x683.jpg 1024w, https:\/\/tivixiaomi.co\/wp-content\/uploads\/2019\/09\/IMG_5978-jpg-150x100.webp 150w, https:\/\/tivixiaomi.co\/wp-content\/uploads\/2019\/09\/IMG_5978-600x400.jpg 600w, https:\/\/tivixiaomi.co\/wp-content\/uploads\/2019\/09\/IMG_5978-300x200.jpg 300w, https:\/\/tivixiaomi.co\/wp-content\/uploads\/2019\/09\/IMG_5978-768x512.jpg 768w, https:\/\/tivixiaomi.co\/wp-content\/uploads\/2019\/09\/IMG_5978-jpg.webp 1500w\" sizes=\"(max-width: 1024px) 100vw, 1024px\" \/><\/p>\n<p style=\"text-align: justify;\"><span style=\"font-weight: 400;\">N\u00f3i qua m\u1ed9t ch\u00fat v\u1ec1 chi\u1ebfc remote c\u1ee7a tivi n\u00e0y c\u00f3 ngo\u1ea1i h\u00ecnh r\u1ea5t l\u00e0 t\u01b0\u01a1ng \u0111\u1ed3ng so v\u1edbi nh\u1eefng c\u00e1i remote c\u1ee7a nh\u1eefng chi\u1ebfc Tivi Xiaomi kh\u00e1c, n\u00f3 ch\u1ec9 kh\u00e1c duy nh\u1ea5t \u1edf \u0111\u00e2y \u0111\u00f3 l\u00e0 logo Redmi \u1edf ph\u00eda d\u01b0\u1edbi m\u00e0 th\u00f4i. V\u00e0 nh\u1eefng Remote Tivi Xiaomi b\u00ecnh th\u01b0\u1eddng c\u0169ng c\u00f3 th\u1ec3 ho\u1ea1t \u0111\u1ed9ng ho\u00e0n to\u00e0n b\u00ecnh th\u01b0\u1eddng \u0111\u1ed1i v\u1edbi chi\u1ebfc Tivi n\u00e0y. Nh\u01b0 v\u1eady ch\u00fang ta s\u1ebd c\u00f3 th\u1ec3 d\u1ec5 d\u00e0ng d\u00f9ng remote thay th\u1ebf cho tivi n\u1ebfu nh\u01b0 c\u00f3 l\u1ee1 l\u00e0m h\u1ecfng hay l\u00e0m m\u1ea5t.<\/span><\/p>\n<p>&nbsp;<\/p>\n<h3 style=\"text-align: justify;\"><strong>Thi\u1ebft k\u1ebf Redmi Tivi R70A 70\u201d \u0111\u01a1n gi\u1ea3n, m\u1ea1nh m\u1ebd v\u00e0 ch\u1eafc ch\u1eafn.<\/strong><\/h3>\n<p><img loading=\"lazy\" decoding=\"async\" class=\"aligncenter wp-image-46787 size-large\" src=\"https:\/\/tivixiaomi.co\/wp-content\/uploads\/2019\/09\/IMG_6045-1024x683.jpg\" alt=\"\" width=\"1024\" height=\"683\" srcset=\"https:\/\/tivixiaomi.co\/wp-content\/uploads\/2019\/09\/IMG_6045-1024x683.jpg 1024w, https:\/\/tivixiaomi.co\/wp-content\/uploads\/2019\/09\/IMG_6045-jpg-150x100.webp 150w, https:\/\/tivixiaomi.co\/wp-content\/uploads\/2019\/09\/IMG_6045-600x400.jpg 600w, https:\/\/tivixiaomi.co\/wp-content\/uploads\/2019\/09\/IMG_6045-300x200.jpg 300w, https:\/\/tivixiaomi.co\/wp-content\/uploads\/2019\/09\/IMG_6045-768x512.jpg 768w, https:\/\/tivixiaomi.co\/wp-content\/uploads\/2019\/09\/IMG_6045-jpg.webp 1500w\" sizes=\"(max-width: 1024px) 100vw, 1024px\" \/><\/p>\n<p style=\"text-align: justify;\"><span style=\"font-weight: 400;\">Quay tr\u1edf l\u1ea1i v\u1edbi ph\u1ea7n thi\u1ebft k\u1ebf c\u1ea1nh vi\u1ec1n xung quanh th\u00ec ch\u00fang ta s\u1ebd c\u00f3 khung vi\u1ec1n \u0111\u01b0\u1ee3c l\u00e0m ho\u00e0n to\u00e0n t\u1eeb nh\u1ef1a, tuy nhi\u00ean ph\u1ea7n nh\u1ef1a n\u00e0y \u0111\u01b0\u1ee3c ho\u00e0n thi\u1ec7n c\u1ef1c k\u00ec ch\u1eafc ch\u1eafn \u0111\u1ec3 c\u00f3 th\u1ec3 gi\u1eef ch\u1eafc cho chi\u1ebfc tivi v\u1edbi k\u00edch th\u01b0\u1edbc r\u1ea5t l\u1edbn l\u00ean t\u1edbi 70 inches n\u00e0y. Ch\u00fang ta s\u1ebd kh\u00f4ng c\u00f3 m\u1ed9t t\u1ea5m m\u1ec1m m\u00e0n h\u00ecnh m\u1ecfng t\u1edbi 5.9mm nh\u01b0 d\u00f2ng Mi Tivi 5, tuy nhi\u00ean th\u00ec ch\u00fang ta v\u1eabn s\u1ebd c\u00f3 \u0111\u00e2y m\u1ed9t \u0111\u1ed9 d\u00e0y \u1edf m\u1ee9c ch\u1ea5p nh\u1eadn \u0111\u01b0\u1ee3c v\u00e0 v\u1edbi c\u00e1i \u0111\u1ed9 d\u00e0y n\u00e0y th\u00ec n\u00f3 s\u1ebd c\u00f3 \u01b0u \u0111i\u1ec3m ch\u00ednh l\u00e0 \u0111\u1ea3m b\u1ea3o \u0111\u01b0\u1ee3c kh\u1ea3 n\u0103ng t\u1ea3n nhi\u1ec7t c\u0169ng nh\u01b0 l\u00e0 \u0111\u1ed9 b\u1ec1n cho chi\u1ebfc Redmi Tivi n\u00e0y. Ph\u1ea7n ch\u00e2n \u0111\u1ebf \u0111\u1ee1 \u1edf ph\u00eda b\u00ean d\u01b0\u1edbi v\u1eabn \u0111\u01b0\u1ee3c l\u00e0m ho\u00e0n to\u00e0n b\u1eb1ng kim lo\u1ea1i, tuy nhi\u00ean h\u01a1i nh\u1ecf so v\u1edbi t\u1ed5ng th\u1ec3 k\u00edch th\u01b0\u1edbc c\u1ee7a Tivi. Ch\u00ednh v\u00ec v\u1eady n\u00f3 s\u1ebd l\u00e0m t\u1ed1t nhi\u1ec7m v\u1ee5 ch\u00ednh l\u00e0 gi\u1eef v\u1eefng chi\u1ebfc tivi tr\u00ean m\u1eb7t b\u00e0n c\u1ed1 \u0111\u1ecbnh ch\u1ee9 kh\u00f4ng ch\u1ecbu \u0111\u01b0\u1ee3c th\u00eam nh\u1eefng l\u1ef1c t\u00e1c \u0111\u1ed9ng t\u1eeb b\u00ean ngo\u00e0i v\u00e0o. N\u1ebfu nh\u01b0 ch\u00fang ta mu\u1ed1n ch\u1eafc ch\u1eafn h\u01a1n n\u1eefa th\u00ec n\u00ean treo chi\u1ebfc tivi n\u00e0y l\u00ean t\u01b0\u1eddng.<\/span><\/p>\n<p><img loading=\"lazy\" decoding=\"async\" class=\"aligncenter wp-image-46781 size-large\" src=\"https:\/\/tivixiaomi.co\/wp-content\/uploads\/2019\/09\/IMG_6002-1024x683.jpg\" alt=\"\" width=\"1024\" height=\"683\" srcset=\"https:\/\/tivixiaomi.co\/wp-content\/uploads\/2019\/09\/IMG_6002-1024x683.jpg 1024w, https:\/\/tivixiaomi.co\/wp-content\/uploads\/2019\/09\/IMG_6002-jpg-150x100.webp 150w, https:\/\/tivixiaomi.co\/wp-content\/uploads\/2019\/09\/IMG_6002-600x400.jpg 600w, https:\/\/tivixiaomi.co\/wp-content\/uploads\/2019\/09\/IMG_6002-300x200.jpg 300w, https:\/\/tivixiaomi.co\/wp-content\/uploads\/2019\/09\/IMG_6002-768x512.jpg 768w, https:\/\/tivixiaomi.co\/wp-content\/uploads\/2019\/09\/IMG_6002-jpg.webp 1500w\" sizes=\"(max-width: 1024px) 100vw, 1024px\" \/><\/p>\n<p style=\"text-align: justify;\"><span style=\"font-weight: 400;\">Ph\u1ea7n m\u1eb7t l\u01b0ng \u1edf \u0111\u00e2y v\u1edbi 4 con \u1ed1c v\u1edbi logo Redmi \u1edf gi\u1eefa v\u00e0 \u0111\u00e2y ch\u00ednh l\u00e0 v\u1ecb tr\u00ed \u0111\u1ec3 cho ch\u00fang ta b\u1eaft \u1ed1c v\u00e0 treo chi\u1ebfc Redmi tivi n\u00e0y l\u00ean t\u01b0\u1eddng. Ph\u00eda b\u00ean ph\u1ea3i ch\u00fang ta v\u1eabn s\u1ebd c\u00f3 nh\u1eefng c\u1ed5ng k\u1ebft n\u1ed1i truy\u1ec1n th\u1ed1ng t\u01b0\u01a1ng t\u1ef1 nh\u01b0 \u1edf tr\u00ean m\u1eabu Tivi Xiaomi kh\u00e1c, bao g\u1ed3m 2 c\u1ed5ng USB, 3 c\u1ed5ng HDMI, ph\u00eda b\u00ean d\u01b0\u1edbi th\u00ec m\u00ecnh s\u1ebd c\u00f3 1 c\u1ed5ng Antena b\u1ed9 c\u1ed5ng AVI. <\/span><span style=\"font-weight: 400;\">Ti\u1ebfp theo s\u1ebd l\u00e0 1 c\u1ed5ng SPDIF v\u00e0 cu\u1ed1i c\u00f9ng l\u00e0 c\u1ed5ng m\u1ea1ng LAN. <\/span><\/p>\n<p><img loading=\"lazy\" decoding=\"async\" class=\"aligncenter wp-image-46788 size-large\" src=\"https:\/\/tivixiaomi.co\/wp-content\/uploads\/2019\/09\/IMG_6060-1024x683.jpg\" alt=\"\" width=\"1024\" height=\"683\" srcset=\"https:\/\/tivixiaomi.co\/wp-content\/uploads\/2019\/09\/IMG_6060-1024x683.jpg 1024w, https:\/\/tivixiaomi.co\/wp-content\/uploads\/2019\/09\/IMG_6060-jpg-150x100.webp 150w, https:\/\/tivixiaomi.co\/wp-content\/uploads\/2019\/09\/IMG_6060-600x400.jpg 600w, https:\/\/tivixiaomi.co\/wp-content\/uploads\/2019\/09\/IMG_6060-300x200.jpg 300w, https:\/\/tivixiaomi.co\/wp-content\/uploads\/2019\/09\/IMG_6060-768x512.jpg 768w, https:\/\/tivixiaomi.co\/wp-content\/uploads\/2019\/09\/IMG_6060-jpg.webp 1500w\" sizes=\"(max-width: 1024px) 100vw, 1024px\" \/><\/p>\n<p style=\"text-align: justify;\"><span style=\"font-weight: 400;\">\u0110i v\u1ec1 ph\u1ea7n c\u1ea1nh b\u00ean tr\u00e1i th\u00ec \u1edf \u0111\u00e2y l\u00e0 m\u1ed9t \u0111\u1eb7c \u0111i\u1ec3m r\u1ea5t th\u00fa v\u1ecb \u1edf tr\u00ean chi\u1ebfc tivi n\u00e0y, \u0111\u00f3 ch\u00ednh l\u00e0 v\u1ec1 ph\u1ea7n d\u00e2y ngu\u1ed3n n\u00f3 \u0111\u00e3 c\u00f3 th\u1ec3 th\u00e1o r\u1eddi, kh\u00f4ng nh\u01b0 \u1edf tr\u00ean h\u1ea7u h\u1ebft m\u1eabu tivi xiaomi kh\u00e1c n\u00f3 s\u1ebd n\u1ed1i li\u1ec1n. \u0110i\u1ec1u n\u00e0y s\u1ebd gi\u00fap cho ta l\u00e0 c\u00f3 th\u1ec3 th\u00e1o r\u1eddi khi v\u1eadn chuy\u1ec3n chi\u1ebfc Tivi, \u0111\u1ec3 h\u1ea1n ch\u1ebf h\u1ecfng h\u00f3c hay l\u00e0 n\u1ebfu m\u1ed9t c\u00e1i d\u00e2y c\u00f3 l\u1ee1 \u0111\u1ee9t c\u0169ng c\u00f3 th\u1ec3 d\u1ec5 d\u00e0ng mua \u1edf ngo\u00e0i v\u00e0 thay th\u1ebf h\u01a1n.<\/span><\/p>\n<h3 style=\"text-align: justify;\"><strong>\u0110\u00e1nh gi\u00e1 ch\u1ea5t l\u01b0\u1ee3ng hi\u1ec3n th\u1ecb c\u1ee7a Redmi Tivi R70A 70\u201d<\/strong><\/h3>\n<p style=\"text-align: justify;\"><img loading=\"lazy\" decoding=\"async\" class=\"aligncenter wp-image-46774 size-large\" src=\"https:\/\/tivixiaomi.co\/wp-content\/uploads\/2019\/09\/IMG_5948-1024x681.jpg\" alt=\"\" width=\"1024\" height=\"681\" srcset=\"https:\/\/tivixiaomi.co\/wp-content\/uploads\/2019\/09\/IMG_5948-1024x681.jpg 1024w, https:\/\/tivixiaomi.co\/wp-content\/uploads\/2019\/09\/IMG_5948-jpg-150x100.webp 150w, https:\/\/tivixiaomi.co\/wp-content\/uploads\/2019\/09\/IMG_5948-600x399.jpg 600w, https:\/\/tivixiaomi.co\/wp-content\/uploads\/2019\/09\/IMG_5948-300x199.jpg 300w, https:\/\/tivixiaomi.co\/wp-content\/uploads\/2019\/09\/IMG_5948-768x510.jpg 768w, https:\/\/tivixiaomi.co\/wp-content\/uploads\/2019\/09\/IMG_5948-jpg.webp 1500w\" sizes=\"(max-width: 1024px) 100vw, 1024px\" \/><\/p>\n<p style=\"text-align: justify;\"><span style=\"font-weight: 400;\">Quay tr\u1edf l\u1ea1i v\u1edbi ph\u1ea7n m\u00e0n h\u00ecnh m\u00e0 ch\u00fang ta s\u1ebd c\u00f3 m\u1ed9t ch\u1ea5t l\u01b0\u1ee3ng hi\u1ec3n th\u1ecb c\u1ee7a chi\u1ebfc tivi n\u00e0y th\u1eadt s\u1ef1 t\u1ed1t khi m\u00e0 n\u00f3 trang b\u1ecb t\u1ea5m n\u1ec1n LCD \u0111i k\u00e8m v\u00e0 c\u1ea3 \u0111\u1ed9 ph\u00e2n gi\u1ea3i 4K v\u00e0 chu\u1ea9n HDR r\u1ea5t kh\u00f3 \u0111\u1ec3 t\u00ecm \u0111\u01b0\u1ee3c nh\u1eefng chi\u1ebfc tivi kh\u00e1c m\u00e0 c\u00f3 \u0111\u01b0\u1ee3c nh\u1eefng th\u00f4ng s\u1ed1 nh\u01b0 v\u1eady nh\u01b0 l\u00e0 chi\u1ebfc Red mitivi n\u00e0y. \u1ede trong t\u1ea7m gi\u00e1 v\u00e0 v\u1ec1 ch\u1ea5t l\u01b0\u1ee3ng hi\u1ec3n th\u1ecb th\u00ec m\u00ecnh c\u1ea3m th\u1ea5y n\u00f3 r\u1ea5t l\u00e0 t\u1ed1t, t\u01b0\u01a1ng \u0111\u1ed3ng so s\u00e1nh v\u1edbi d\u00f2ng s\u1ea3n ph\u1ea9m Tivi Xiaomi th\u1ebf h\u1ec7 th\u1ee9 4. Ch\u00fang ta s\u1ebd c\u00f3 \u0111\u00e2y ch\u1ea5t l\u01b0\u1ee3ng hi\u1ec3n th\u1ecb h\u00e0i h\u00f2a r\u1ea5t t\u1ed1t gi\u1eefa nh\u1eefng y\u1ebfu t\u1ed1, v\u00ed d\u1ee5 nh\u01b0 v\u1ec1 \u0111\u1ed9 s\u1ed1ng \u0111\u1ed9ng, v\u1ec1 \u0111\u1ed9 ch\u00e2n th\u1ef1c c\u0169ng nh\u01b0 v\u1ec1 ph\u1ea7n m\u00e0u s\u1eafc l\u00e0m r\u1ea5t l\u00e0 \u1ed5n. Ngo\u00e0i ra n\u1eefa th\u00ec s\u1ea3n ph\u1ea9m n\u00e0y c\u0169ng s\u1ebd \u0111\u01b0\u1ee3c trang b\u1ecb ph\u1ea7n m\u1ec1m t\u01b0\u01a1ng t\u1ef1 nh\u01b0 nh\u1eefng m\u1eabu tivi Xiaomi kh\u00e1c t\u1ee9c l\u00e0 \u1edf \u0111\u00e2y ch\u00fang ta s\u1ebd c\u00f3 ho\u00e0n to\u00e0n nh\u1eefng kh\u1ea3 n\u0103ng t\u00f9y ch\u1ec9nh v\u1ec1 ph\u1ea7n \u0111\u1ed9 t\u01b0\u01a1ng ph\u1ea3n, \u0111\u1ed9 s\u00e1ng, m\u00e0u s\u1eafc, chi\u1ebfc Tivi ho\u00e0n to\u00e0n tho\u1ea3i m\u00e1i \u0111\u1ec3 c\u00f3 th\u1ec3 \u0111\u00e1p \u1ee9ng cho nh\u1eefng nhu c\u1ea7u <\/span><span style=\"font-weight: 400;\">chuy\u00ean nghi\u1ec7p h\u01a1n v\u1ec1 sau.<\/span><\/p>\n<p>&nbsp;<\/p>\n<h3 style=\"text-align: justify;\"><strong>\u0110\u00e1nh gi\u00e1 c\u1ea5u h\u00ecnh c\u1ee7a Redmi Tivi R70A 70\u201d\u00a0<\/strong><\/h3>\n<p><img loading=\"lazy\" decoding=\"async\" class=\"aligncenter wp-image-46784 size-large\" src=\"https:\/\/tivixiaomi.co\/wp-content\/uploads\/2019\/09\/IMG_6019-1024x683.jpg\" alt=\"\" width=\"1024\" height=\"683\" srcset=\"https:\/\/tivixiaomi.co\/wp-content\/uploads\/2019\/09\/IMG_6019-1024x683.jpg 1024w, https:\/\/tivixiaomi.co\/wp-content\/uploads\/2019\/09\/IMG_6019-jpg-150x100.webp 150w, https:\/\/tivixiaomi.co\/wp-content\/uploads\/2019\/09\/IMG_6019-600x400.jpg 600w, https:\/\/tivixiaomi.co\/wp-content\/uploads\/2019\/09\/IMG_6019-300x200.jpg 300w, https:\/\/tivixiaomi.co\/wp-content\/uploads\/2019\/09\/IMG_6019-768x512.jpg 768w, https:\/\/tivixiaomi.co\/wp-content\/uploads\/2019\/09\/IMG_6019-jpg.webp 1500w\" sizes=\"(max-width: 1024px) 100vw, 1024px\" \/><\/p>\n<p style=\"text-align: justify;\"><span style=\"font-weight: 400;\">\u0110i v\u00e0o c\u1ea5u h\u00ecnh ph\u00eda b\u00ean trong th\u00ec \u0111\u00e2y l\u00e0 m\u1ed9t \u0111i\u1ec3m n\u1eefa m\u00e0 chi\u1ebfc Redmi Tivi n\u00e0y gi\u1eef nguy\u00ean so v\u1edbi d\u00f2ng s\u1ea3n ph\u1ea9m Xiaomi Tivi 4. Ch\u00fang ta s\u1ebd c\u00f3 m\u1ed9t con chip \u0111\u1ebfn t\u1eeb th\u01b0\u01a1ng hi\u1ec7u Amlogic c\u1ee7a M\u1ef9 v\u1edbi 4 nh\u00e2n xung nh\u1ecbp l\u00e0 1.5Ghz, \u0111i k\u00e8m v\u1edbi \u0111\u00f3 l\u00e0 2GB RAM v\u00e0 16GB ROM, m\u1ee9c c\u1ea5u h\u00ecnh nh\u01b0 v\u1eady th\u00ec chi\u1ebfc Redmi Tivi n\u00e0y v\u1eeba \u0111\u1ee7 \u0111\u1ec3 c\u00f3 th\u1ec3 l\u00e0 \u0111\u00e1p \u1ee9ng m\u1ecdi t\u00e1c v\u1ee5 m\u00e0 ch\u00fang ta c\u00f3 th\u1ec3 th\u1ea5y \u1edf tr\u00ean m\u1ecdi m\u1eabu Android Tivi m\u01b0\u1ee3t m\u00e0 nh\u1ea5t.<\/span><\/p>\n<p><img loading=\"lazy\" decoding=\"async\" class=\"aligncenter wp-image-46776 size-large\" src=\"https:\/\/tivixiaomi.co\/wp-content\/uploads\/2019\/09\/IMG_5957-1024x683.jpg\" alt=\"\" width=\"1024\" height=\"683\" srcset=\"https:\/\/tivixiaomi.co\/wp-content\/uploads\/2019\/09\/IMG_5957-1024x683.jpg 1024w, https:\/\/tivixiaomi.co\/wp-content\/uploads\/2019\/09\/IMG_5957-jpg-150x100.webp 150w, https:\/\/tivixiaomi.co\/wp-content\/uploads\/2019\/09\/IMG_5957-600x400.jpg 600w, https:\/\/tivixiaomi.co\/wp-content\/uploads\/2019\/09\/IMG_5957-300x200.jpg 300w, https:\/\/tivixiaomi.co\/wp-content\/uploads\/2019\/09\/IMG_5957-768x512.jpg 768w, https:\/\/tivixiaomi.co\/wp-content\/uploads\/2019\/09\/IMG_5957-jpg.webp 1500w\" sizes=\"(max-width: 1024px) 100vw, 1024px\" \/><\/p>\n<p style=\"text-align: justify;\"><span style=\"font-weight: 400;\">N\u00f3i m\u1ed9t ch\u00fat v\u1ec1 ph\u1ea7n m\u1ec1m th\u00ec chi\u1ebfc Redmi Tivi n\u00e0y c\u0169ng s\u1ebd l\u00e0 m\u1eabu Android Tivi t\u01b0\u01a1ng t\u1ef1 nh\u01b0 d\u00f2ng s\u1ea3n ph\u1ea9m Tivi kh\u00e1c \u0111\u1ebfn t\u1eeb Xiaomi, ch\u00fang ta s\u1ebd c\u00f3 n\u1ec1n t\u1ea3ng Android 6.0.1. M\u1ed9t n\u1ec1n t\u1ea3ng t\u01b0\u01a1ng \u0111\u1ed1i m\u1edbi \u1edf tr\u00ean nh\u1eefng m\u1eabu Android Tivi trong th\u1eddi \u0111i\u1ec3m hi\u1ec7n t\u1ea1i v\u00e0 do s\u1ea3n ph\u1ea9m n\u00e0y ch\u1ec9 m\u1edbi ra n\u00ean trong t\u01b0\u01a1ng lai ch\u00fang ta ch\u1eafc ch\u1eafn s\u1ebd \u0111\u01b0\u1ee3c c\u1eadp nh\u1eadt l\u00ean phi\u00ean b\u1ea3n ph\u1ea7n m\u1ec1m cao h\u01a1n. \u0110\u1ed1i v\u1edbi s\u1ea3n ph\u1ea9m m\u00e0 m\u00ecnh \u0111ang gi\u1edbi thi\u1ec7u v\u1edbi c\u00e1c b\u1ea1n th\u00ec do n\u00f3 \u0111ang ch\u1ea1y tr\u00ean phi\u00ean b\u1ea3n ph\u1ea7n m\u1ec1m g\u1ed1c n\u00ean s\u1ebd ho\u00e0n to\u00e0n c\u00f3 ti\u1ebfng Trung, tuy nhi\u00ean khi ch\u00fang ta mua th\u00ec ho\u00e0n to\u00e0n c\u00f3 th\u1ec3 y\u00eau c\u1ea7u c\u1eeda h\u00e0ng c\u00e0i \u0111\u1eb7t phi\u00ean b\u1ea3n ph\u1ea7n m\u1ec1m ti\u1ebfng Vi\u1ec7t \u0111\u1ec3 c\u00f3 th\u1ec3 thu\u1eadn ti\u1ec7n h\u01a1n. <\/span><\/p>\n<p style=\"text-align: justify;\"><span style=\"font-weight: 400;\">Nh\u01b0 v\u1eady m\u00ecnh \u0111\u00e3 g\u1eedi t\u1edbi c\u00e1c b\u1ea1n b\u00e0i \u0111\u00e1nh gi\u00e1 nhanh v\u00e0 gi\u1edbi thi\u1ec7u v\u1ec1 chi\u1ebfc Redmi Tivi R70A, m\u1ed9t trong nh\u1eefng m\u1eabu tivi \u0111\u1ea7u ti\u00ean \u0111\u1ebfn t\u1eeb th\u01b0\u01a1ng hi\u1ec7u con Redmi c\u1ee7a Xiaomi v\u00e0 v\u1edbi nh\u1eefng \u0111i\u1ec3m m\u1ea1nh c\u1ee7a n\u00f3 v\u00ed d\u1ee5 nh\u01b0 l\u00e0 m\u1ed9t m\u00e0n h\u00ecnh k\u00edch th\u01b0\u1edbc l\u1edbn, \u0111i k\u00e8m v\u1edbi \u0111\u00f3 r\u1ea5t nhi\u1ec1u c\u00f4ng ngh\u1ec7 \u0111\u01b0\u1ee3c trang b\u1ecb ph\u00eda b\u00ean trong. C\u00f9ng v\u1edbi m\u1ed9t c\u1ea5u h\u00ecnh r\u1ea5t m\u1ea1nh n\u1eefa th\u00ec \u0111\u00e2y th\u00e2t s\u1ef1 l\u00e0 m\u1ed9t s\u1ea3n ph\u1ea9m m\u00e0 ch\u00fang ta n\u00ean l\u1ef1a ch\u1ecdn trong ph\u00e2n kh\u00fac gi\u00e1 c\u1ee7a n\u00f3 \u0111\u1ec3 s\u1eed d\u1ee5ng trong d\u1ecbp T\u1ebft Nguy\u00ean \u0110\u00e1n s\u1eafp t\u1edbi. N\u1ebfu nh\u01b0 c\u00e1c b\u1ea1n quan t\u00e2m th\u00eam v\u1ec1 m\u1eabu Tivi t\u1edbi t\u1eeb Xiaomi n\u1eefa th\u00ec c\u00f3 th\u1ec3 truy c\u1eadp website c\u1ee7a tivixiaomi.com \u0111\u1ec3 tham kh\u1ea3o th\u00eam.<\/span><span style=\"font-weight: 400;\"> C\u00f2n b\u00e2y gi\u1edd th\u00ec xin ch\u00e0o v\u00e0 h\u1eb9n g\u1eb7p l\u1ea1i c\u00e1c b\u1ea1n trong c\u00e1c b\u00e0i \u0111\u00e1nh gi\u00e1 ti\u1ebfp theo.<\/span><\/p>\n","protected":false},"excerpt":{"rendered":"<ul>\n<li>D\u00f2ng RA 2019 Series<\/li>\n<li>M\u00e0n h\u00ecnh: 4K<\/li>\n<li>RAM: 2GB<\/li>\n<li>Dung l\u01b0\u1ee3ng: 16GB<\/li>\n<\/ul>\n","protected":false},"featured_media":59204,"comment_status":"open","ping_status":"closed","template":"","meta":[],"product_brand":[],"product_cat":[27],"product_tag":[],"class_list":{"0":"post-38377","1":"product","2":"type-product","3":"status-publish","4":"has-post-thumbnail","6":"product_cat-chua-phan-loai","8":"first","9":"outofstock","10":"sale","11":"shipping-taxable","12":"purchasable","13":"product-type-simple"},"_links":{"self":[{"href":"https:\/\/tivixiaomi.co\/en\/wp-json\/wp\/v2\/product\/38377"}],"collection":[{"href":"https:\/\/tivixiaomi.co\/en\/wp-json\/wp\/v2\/product"}],"about":[{"href":"https:\/\/tivixiaomi.co\/en\/wp-json\/wp\/v2\/types\/product"}],"replies":[{"embeddable":true,"href":"https:\/\/tivixiaomi.co\/en\/wp-json\/wp\/v2\/comments?post=38377"}],"version-history":[{"count":1,"href":"https:\/\/tivixiaomi.co\/en\/wp-json\/wp\/v2\/product\/38377\/revisions"}],"predecessor-version":[{"id":69842,"href":"https:\/\/tivixiaomi.co\/en\/wp-json\/wp\/v2\/product\/38377\/revisions\/69842"}],"wp:featuredmedia":[{"embeddable":true,"href":"https:\/\/tivixiaomi.co\/en\/wp-json\/wp\/v2\/media\/59204"}],"wp:attachment":[{"href":"https:\/\/tivixiaomi.co\/en\/wp-json\/wp\/v2\/media?parent=38377"}],"wp:term":[{"taxonomy":"product_brand","embeddable":true,"href":"https:\/\/tivixiaomi.co\/en\/wp-json\/wp\/v2\/product_brand?post=38377"},{"taxonomy":"product_cat","embeddable":true,"href":"https:\/\/tivixiaomi.co\/en\/wp-json\/wp\/v2\/product_cat?post=38377"},{"taxonomy":"product_tag","embeddable":true,"href":"https:\/\/tivixiaomi.co\/en\/wp-json\/wp\/v2\/product_tag?post=38377"}],"curies":[{"name":"wp","href":"https:\/\/api.w.org\/{rel}","templated":true}]}}