{"id":38876,"date":"2019-09-27T18:39:55","date_gmt":"2019-09-27T11:39:55","guid":{"rendered":"https:\/\/tivixiaomi.co\/?post_type=product&#038;p=38876"},"modified":"2024-09-04T13:29:05","modified_gmt":"2024-09-04T06:29:05","slug":"mitvall-screenpro-e65s","status":"publish","type":"product","link":"https:\/\/tivixiaomi.co\/en\/tivi\/mitvall-screenpro-e65s\/","title":{"rendered":"TIVI XIAOMI E65S PRO 65 inch"},"content":{"rendered":"<p>Tivi Xiaomi M\u00e0n H\u00ecnh Tr\u00e0n Vi\u1ec1n 65 inch E65S Pro Gi\u00e1 r\u1ebb t\u1ea1i H\u00e0 N\u1ed9i, TP.HCM. Mi\u1ec5n ph\u00ed l\u1eafp \u0111\u1eb7t, H\u1ed7 tr\u1ee3 v\u1eadn chuy\u1ec3n trong n\u1ed9i th\u00e0nh, Hotline: 0984.311.230.<\/p>\r\n<p><span style=\"font-weight: 400;\">Ch\u00fang ta l\u1ea1i g\u1eb7p nhau tr\u00ean k\u00eanh youtube c\u1ee7a tivixiaomi.com v\u00e0 h\u00f4m nay \u0111\u00e3 l\u00e0 nh\u1eefng ng\u00e0y cu\u1ed1i c\u00f9ng c\u1ee7a n\u0103m 2019. Ch\u1ec9 c\u00f2n v\u00e0i ng\u00e0y n\u1eefa l\u00e0 ch\u00fang ta s\u1ebd \u0111\u00f3n T\u1ebft Nguy\u00ean \u0110\u00e1n 2020. Trong kh\u00f4ng kh\u00ed t\u1ebft \u0111\u00e3 tr\u00e0n ng\u1eadp kh\u1eafp m\u1ecdi n\u01a1i li\u1ec7u b\u1ea1n c\u00f3 \u0111ang suy ngh\u0129 v\u1ec1 vi\u1ec7c mua m\u1ed9t chi\u1ebfc tivi m\u1edbi cho gia \u0111\u00ecnh c\u1ee7a b\u1ea1n?<\/span><\/p>\r\n<p><img fetchpriority=\"high\" decoding=\"async\" class=\"alignnone wp-image-59492 size-large\" src=\"https:\/\/tivixiaomi.co\/wp-content\/uploads\/2019\/09\/DSC05768-1024x577.jpg\" alt=\"Tivi Xiaomi E65S Mi TV PRO E65S \" width=\"1024\" height=\"577\" srcset=\"https:\/\/tivixiaomi.co\/wp-content\/uploads\/2019\/09\/DSC05768-1024x577.jpg 1024w, https:\/\/tivixiaomi.co\/wp-content\/uploads\/2019\/09\/DSC05768-scaled-jpg-150x84.webp 150w, https:\/\/tivixiaomi.co\/wp-content\/uploads\/2019\/09\/DSC05768-600x338.jpg 600w, https:\/\/tivixiaomi.co\/wp-content\/uploads\/2019\/09\/DSC05768-300x169.jpg 300w, https:\/\/tivixiaomi.co\/wp-content\/uploads\/2019\/09\/DSC05768-768x433.jpg 768w, https:\/\/tivixiaomi.co\/wp-content\/uploads\/2019\/09\/DSC05768-1536x865.jpg 1536w, https:\/\/tivixiaomi.co\/wp-content\/uploads\/2019\/09\/DSC05768-2048x1154.jpg 2048w\" sizes=\"(max-width: 1024px) 100vw, 1024px\" \/><\/p>\r\n<p><strong>Video \u0111\u00e1nh gi\u00e1 s\u1ea3n ph\u1ea9m Tivi Xiaomi E65S Pro:<\/strong><\/p>\r\n<p><iframe title=\"Mi TV Pro 65 inches E65S Bezel-less \u2022 TiviXiaomi.Com\" width=\"640\" height=\"360\" src=\"https:\/\/www.youtube.com\/embed\/CUa-80Q8pVo?feature=oembed\" frameborder=\"0\" allow=\"accelerometer; autoplay; clipboard-write; encrypted-media; gyroscope; picture-in-picture; web-share\" referrerpolicy=\"strict-origin-when-cross-origin\" allowfullscreen><\/iframe><\/p>\r\n<h2 style=\"text-align: justify;\">\u0110\u00e1nh gi\u00e1 nhanh s\u1ea3n ph\u1ea9m Tivi Xiaomi E65S Pro, s\u1ea3n ph\u1ea9m \u0111\u01b0\u1ee3c nhi\u1ec1u ng\u01b0\u1eddi mong \u0111\u1ee3i cu\u1ed1i n\u0103m 2019<\/h2>\r\n<p style=\"text-align: justify;\"><span style=\"font-weight: 400;\">V\u00e0 kh\u00f4ng \u0111\u1ec3 b\u1ea1n ph\u1ea3i ch\u1edd l\u00e2u h\u00f4m nay ch\u00fang ta c\u00f3 \u1edf \u0111\u00e2y m\u1ed9t s\u1ea3n ph\u1ea9m c\u00f3 t\u00ean m\u00e3 <a href=\"https:\/\/tivixiaomi.co\/san-pham\/smart-tivi-xiaomi-man-hinh-tran-vien-65-inch-pro-e65s\/\"><strong>Tivi Xiaomi E65S Pro<\/strong><\/a>. Tr\u01b0\u1edbc \u0111\u00e2y <a href=\"https:\/\/tivixiaomi.co\/\"><strong>tivixiaomi.com<\/strong><\/a> \u0111\u00e3 t\u1eebng gi\u1edbi thi\u1ec7u \u0111\u1ebfn c\u00e1c b\u1ea1n m\u1eabu tivi E55S Pro ph\u1ea3i kh\u00f4ng n\u00e0o? V\u1eady m\u1eabu tivi E65S Pro n\u00e0y c\u00f3 \u0111i\u1ec3m g\u00ec kh\u00e1c bi\u1ec7t h\u00e3y c\u00f9ng tivixiaomi \u0111\u00e1nh gi\u00e1 s\u1ea3n ph\u1ea9m n\u00e0y nh\u00e9.\u00a0<\/span><\/p>\r\n<p><img decoding=\"async\" class=\"wp-image-49331 size-large aligncenter\" src=\"https:\/\/tivixiaomi.co\/wp-content\/uploads\/2019\/09\/Smart-Tivi-Xiaomi-Man-Hinh-Tran-Vien-65-inch-PRO-E65S-2-1-1024x683.jpg\" alt=\"\" width=\"1024\" height=\"683\" srcset=\"https:\/\/tivixiaomi.co\/wp-content\/uploads\/2019\/09\/Smart-Tivi-Xiaomi-Man-Hinh-Tran-Vien-65-inch-PRO-E65S-2-1-1024x683.jpg 1024w, https:\/\/tivixiaomi.co\/wp-content\/uploads\/2019\/09\/Smart-Tivi-Xiaomi-Man-Hinh-Tran-Vien-65-inch-PRO-E65S-2-1-jpg-150x100.webp 150w, https:\/\/tivixiaomi.co\/wp-content\/uploads\/2019\/09\/Smart-Tivi-Xiaomi-Man-Hinh-Tran-Vien-65-inch-PRO-E65S-2-1-600x400.jpg 600w, https:\/\/tivixiaomi.co\/wp-content\/uploads\/2019\/09\/Smart-Tivi-Xiaomi-Man-Hinh-Tran-Vien-65-inch-PRO-E65S-2-1-300x200.jpg 300w, https:\/\/tivixiaomi.co\/wp-content\/uploads\/2019\/09\/Smart-Tivi-Xiaomi-Man-Hinh-Tran-Vien-65-inch-PRO-E65S-2-1-768x512.jpg 768w, https:\/\/tivixiaomi.co\/wp-content\/uploads\/2019\/09\/Smart-Tivi-Xiaomi-Man-Hinh-Tran-Vien-65-inch-PRO-E65S-2-1-jpg.webp 1500w\" sizes=\"(max-width: 1024px) 100vw, 1024px\" \/>\u00a0\u00a0\u00a0\u00a0<\/p>\r\n<p style=\"text-align: justify;\"><span style=\"font-weight: 400;\">\u0110\u1ea7u ti\u00ean v\u1ec1 thi\u1ebft k\u1ebf ch\u00fang ta c\u00f3 m\u1ed9t m\u00e0n h\u00ecnh r\u1ea5t l\u1edbn l\u00ean \u0111\u1ebfn 65&#8243; c\u1ea1nh vi\u1ec1n tr\u00e1i ph\u1ea3i v\u00e0 ph\u00eda tr\u00ean \u0111\u01b0\u1ee3c l\u00e0m r\u1ea5t m\u1ecfng, t\u1ef7 l\u1ec7 m\u00e0n h\u00ecnh so v\u1edbi th\u00e2n m\u00e1y l\u00ean t\u1edbi 97% screen to body ratio. <\/span><span style=\"font-weight: 400;\">Ph\u1ea7n c\u1ea1nh d\u01b0\u1edbi s\u1ebd h\u01a1i d\u00e0y m\u1ed9t ch\u00fat c\u00f3 ch\u1ee9a logo xiaomi \u1edf ch\u00ednh gi\u1eefa. <\/span><span style=\"font-weight: 400;\">Ph\u1ea7n c\u1ea1nh vi\u1ec1n n\u00e0y \u0111\u01b0\u1ee3c l\u00e0m b\u1eb1ng h\u1ee3p kim nh\u00f4m c\u1ee9ng c\u00e1p, c\u1ea1nh tr\u00ean v\u00e0 d\u01b0\u1edbi \u0111\u01b0\u1ee3c s\u01a1n b\u00f3ng r\u1ea5t sang tr\u1ecdng. C\u1ea1nh d\u01b0\u1edbi l\u00e0 kim lo\u1ea1i nh\u00e1m tay. <\/span><span style=\"font-weight: 400;\">Ph\u1ea7n ch\u00e2n \u0111\u1ebf \u0111\u01b0\u01a1ng nhi\u00ean \u0111\u01b0\u1ee3c l\u00e0m b\u1eb1ng kim lo\u1ea1i \u0111\u1ec3 gi\u1eef cho ph\u1ea7n m\u00e0n h\u00ecnh c\u00f3 th\u1ec3 \u0111\u1ee9ng ch\u1eafc ch\u1eafn.<\/span><\/p>\r\n<p><img decoding=\"async\" class=\"aligncenter wp-image-49334 size-large\" src=\"https:\/\/tivixiaomi.co\/wp-content\/uploads\/2019\/09\/Smart-Tivi-Xiaomi-Man-Hinh-Tran-Vien-65-inch-PRO-E65S-5-1-1024x683.jpg\" alt=\"\" width=\"1024\" height=\"683\" srcset=\"https:\/\/tivixiaomi.co\/wp-content\/uploads\/2019\/09\/Smart-Tivi-Xiaomi-Man-Hinh-Tran-Vien-65-inch-PRO-E65S-5-1-1024x683.jpg 1024w, https:\/\/tivixiaomi.co\/wp-content\/uploads\/2019\/09\/Smart-Tivi-Xiaomi-Man-Hinh-Tran-Vien-65-inch-PRO-E65S-5-1-jpg-150x100.webp 150w, https:\/\/tivixiaomi.co\/wp-content\/uploads\/2019\/09\/Smart-Tivi-Xiaomi-Man-Hinh-Tran-Vien-65-inch-PRO-E65S-5-1-600x400.jpg 600w, https:\/\/tivixiaomi.co\/wp-content\/uploads\/2019\/09\/Smart-Tivi-Xiaomi-Man-Hinh-Tran-Vien-65-inch-PRO-E65S-5-1-300x200.jpg 300w, https:\/\/tivixiaomi.co\/wp-content\/uploads\/2019\/09\/Smart-Tivi-Xiaomi-Man-Hinh-Tran-Vien-65-inch-PRO-E65S-5-1-768x512.jpg 768w, https:\/\/tivixiaomi.co\/wp-content\/uploads\/2019\/09\/Smart-Tivi-Xiaomi-Man-Hinh-Tran-Vien-65-inch-PRO-E65S-5-1-jpg.webp 1500w\" sizes=\"(max-width: 1024px) 100vw, 1024px\" \/><\/p>\r\n<p><img loading=\"lazy\" decoding=\"async\" class=\"aligncenter wp-image-49336 size-large\" src=\"https:\/\/tivixiaomi.co\/wp-content\/uploads\/2019\/09\/Smart-Tivi-Xiaomi-Man-Hinh-Tran-Vien-65-inch-PRO-E65S-7-1024x683.jpg\" alt=\"\" width=\"1024\" height=\"683\" srcset=\"https:\/\/tivixiaomi.co\/wp-content\/uploads\/2019\/09\/Smart-Tivi-Xiaomi-Man-Hinh-Tran-Vien-65-inch-PRO-E65S-7-1024x683.jpg 1024w, https:\/\/tivixiaomi.co\/wp-content\/uploads\/2019\/09\/Smart-Tivi-Xiaomi-Man-Hinh-Tran-Vien-65-inch-PRO-E65S-7-jpg-150x100.webp 150w, https:\/\/tivixiaomi.co\/wp-content\/uploads\/2019\/09\/Smart-Tivi-Xiaomi-Man-Hinh-Tran-Vien-65-inch-PRO-E65S-7-600x400.jpg 600w, https:\/\/tivixiaomi.co\/wp-content\/uploads\/2019\/09\/Smart-Tivi-Xiaomi-Man-Hinh-Tran-Vien-65-inch-PRO-E65S-7-300x200.jpg 300w, https:\/\/tivixiaomi.co\/wp-content\/uploads\/2019\/09\/Smart-Tivi-Xiaomi-Man-Hinh-Tran-Vien-65-inch-PRO-E65S-7-768x512.jpg 768w, https:\/\/tivixiaomi.co\/wp-content\/uploads\/2019\/09\/Smart-Tivi-Xiaomi-Man-Hinh-Tran-Vien-65-inch-PRO-E65S-7-jpg.webp 1500w\" sizes=\"(max-width: 1024px) 100vw, 1024px\" \/><\/p>\r\n<p>&nbsp;<\/p>\r\n<p style=\"text-align: justify;\"><span style=\"font-weight: 400;\">M\u1eb7t l\u01b0ng ch\u00fang ta c\u00f3 th\u1ec3 d\u1ec5 d\u00e0ng nh\u1eadn ra v\u1edbi 2 ch\u1ea5t li\u1ec7u kh\u00e1c nhau. M\u1ed9t \u0111\u01b0\u1ee3c l\u00e0m b\u1eb1ng nh\u1ef1a nh\u00e1m r\u1ea5t cao c\u1ea5p ph\u1ea7n c\u00f2n l\u1ea1i \u0111\u01b0\u1ee3c l\u00e0m b\u1eb1ng carbon tr\u00ean \u0111\u00f3 c\u00f3 logo c\u1ee7a Xiaomi k\u00e8m v\u1edbi v\u1ecb tr\u00ed 4 con \u1ed1c \u0111\u1ec3 l\u1eafp gi\u00e1 \u0111\u1ee1 treo t\u01b0\u1eddng. <\/span><span style=\"font-weight: 400;\">Ph\u00eda b\u00ean tr\u00e1i ch\u00fang ta c\u00f3 c\u00e1c c\u1ed5ng k\u1ebft n\u1ed1i g\u1ed3m 2 USB 2.0, 3 c\u1ed5ng HDMI, c\u1ea1nh d\u01b0\u1edbi c\u00f3 1 c\u1ed5ng LAN, 1 c\u1ed5ng SPDIF B\u1ed8 c\u1ed5ng AV v\u00e0 c\u1ed5ng Antenn v\u00e0 cu\u1ed1i c\u00f9ng l\u00e0 c\u1ea1nh ph\u1ea3i l\u00e0 d\u00e2y ngu\u1ed3n c\u1ee7a s\u1ea3n ph\u1ea9m.\u00a0<\/span><\/p>\r\n<h3 style=\"text-align: justify;\"><img loading=\"lazy\" decoding=\"async\" class=\"aligncenter wp-image-49330 size-large\" src=\"https:\/\/tivixiaomi.co\/wp-content\/uploads\/2019\/09\/Smart-Tivi-Xiaomi-Man-Hinh-Tran-Vien-65-inch-PRO-E65S-1-1-1024x682.jpg\" alt=\"\" width=\"1024\" height=\"682\" srcset=\"https:\/\/tivixiaomi.co\/wp-content\/uploads\/2019\/09\/Smart-Tivi-Xiaomi-Man-Hinh-Tran-Vien-65-inch-PRO-E65S-1-1-1024x682.jpg 1024w, https:\/\/tivixiaomi.co\/wp-content\/uploads\/2019\/09\/Smart-Tivi-Xiaomi-Man-Hinh-Tran-Vien-65-inch-PRO-E65S-1-1-jpg-150x100.webp 150w, https:\/\/tivixiaomi.co\/wp-content\/uploads\/2019\/09\/Smart-Tivi-Xiaomi-Man-Hinh-Tran-Vien-65-inch-PRO-E65S-1-1-600x400.jpg 600w, https:\/\/tivixiaomi.co\/wp-content\/uploads\/2019\/09\/Smart-Tivi-Xiaomi-Man-Hinh-Tran-Vien-65-inch-PRO-E65S-1-1-300x200.jpg 300w, https:\/\/tivixiaomi.co\/wp-content\/uploads\/2019\/09\/Smart-Tivi-Xiaomi-Man-Hinh-Tran-Vien-65-inch-PRO-E65S-1-1-768x511.jpg 768w, https:\/\/tivixiaomi.co\/wp-content\/uploads\/2019\/09\/Smart-Tivi-Xiaomi-Man-Hinh-Tran-Vien-65-inch-PRO-E65S-1-1-jpg.webp 1500w\" sizes=\"(max-width: 1024px) 100vw, 1024px\" \/><\/h3>\r\n<p><img loading=\"lazy\" decoding=\"async\" class=\"aligncenter wp-image-49339 size-large\" src=\"https:\/\/tivixiaomi.co\/wp-content\/uploads\/2019\/09\/Smart-Tivi-Xiaomi-Man-Hinh-Tran-Vien-65-inch-PRO-E65S-10-1024x683.jpg\" alt=\"\" width=\"1024\" height=\"683\" srcset=\"https:\/\/tivixiaomi.co\/wp-content\/uploads\/2019\/09\/Smart-Tivi-Xiaomi-Man-Hinh-Tran-Vien-65-inch-PRO-E65S-10-1024x683.jpg 1024w, https:\/\/tivixiaomi.co\/wp-content\/uploads\/2019\/09\/Smart-Tivi-Xiaomi-Man-Hinh-Tran-Vien-65-inch-PRO-E65S-10-jpg-150x100.webp 150w, https:\/\/tivixiaomi.co\/wp-content\/uploads\/2019\/09\/Smart-Tivi-Xiaomi-Man-Hinh-Tran-Vien-65-inch-PRO-E65S-10-600x400.jpg 600w, https:\/\/tivixiaomi.co\/wp-content\/uploads\/2019\/09\/Smart-Tivi-Xiaomi-Man-Hinh-Tran-Vien-65-inch-PRO-E65S-10-300x200.jpg 300w, https:\/\/tivixiaomi.co\/wp-content\/uploads\/2019\/09\/Smart-Tivi-Xiaomi-Man-Hinh-Tran-Vien-65-inch-PRO-E65S-10-768x512.jpg 768w, https:\/\/tivixiaomi.co\/wp-content\/uploads\/2019\/09\/Smart-Tivi-Xiaomi-Man-Hinh-Tran-Vien-65-inch-PRO-E65S-10-jpg.webp 1500w\" sizes=\"(max-width: 1024px) 100vw, 1024px\" \/><\/p>\r\n<p><img loading=\"lazy\" decoding=\"async\" class=\"aligncenter wp-image-49341 size-large\" src=\"https:\/\/tivixiaomi.co\/wp-content\/uploads\/2019\/09\/Smart-Tivi-Xiaomi-Man-Hinh-Tran-Vien-65-inch-PRO-E65S-12-1024x683.jpg\" alt=\"\" width=\"1024\" height=\"683\" srcset=\"https:\/\/tivixiaomi.co\/wp-content\/uploads\/2019\/09\/Smart-Tivi-Xiaomi-Man-Hinh-Tran-Vien-65-inch-PRO-E65S-12-1024x683.jpg 1024w, https:\/\/tivixiaomi.co\/wp-content\/uploads\/2019\/09\/Smart-Tivi-Xiaomi-Man-Hinh-Tran-Vien-65-inch-PRO-E65S-12-jpg-150x100.webp 150w, https:\/\/tivixiaomi.co\/wp-content\/uploads\/2019\/09\/Smart-Tivi-Xiaomi-Man-Hinh-Tran-Vien-65-inch-PRO-E65S-12-600x400.jpg 600w, https:\/\/tivixiaomi.co\/wp-content\/uploads\/2019\/09\/Smart-Tivi-Xiaomi-Man-Hinh-Tran-Vien-65-inch-PRO-E65S-12-300x200.jpg 300w, https:\/\/tivixiaomi.co\/wp-content\/uploads\/2019\/09\/Smart-Tivi-Xiaomi-Man-Hinh-Tran-Vien-65-inch-PRO-E65S-12-768x512.jpg 768w, https:\/\/tivixiaomi.co\/wp-content\/uploads\/2019\/09\/Smart-Tivi-Xiaomi-Man-Hinh-Tran-Vien-65-inch-PRO-E65S-12-jpg.webp 1500w\" sizes=\"(max-width: 1024px) 100vw, 1024px\" \/><\/p>\r\n<p style=\"text-align: justify;\"><span style=\"font-weight: 400;\">Quay tr\u1edf l\u1ea1i v\u1edbi m\u00e0n h\u00ecnh ch\u00fang ta s\u1ebd c\u00f3 \u1edf \u0111\u00e2y m\u1ed9t m\u00e0n h\u00ecnh l\u00ean t\u1edbi 65 inches v\u1edbi \u0111\u1ed9 ph\u00e2n gi\u1ea3i 4K. V\u00e0 \u0111\u01b0\u01a1ng nhi\u00ean v\u1edbi s\u1ea3n ph\u1ea9m Tivi Xiaomi E65S Pro n\u00e0y v\u1eabn cho ph\u00e9p ch\u00fang ta tinh ch\u1ec9nh tone m\u00e0u chuy\u00ean s\u00e2u theo s\u1edf th\u00edch. M\u1ed9t \u0111i\u1ec3m th\u00fa v\u1ecb n\u1eefa tr\u00ean s\u1ea3n ph\u1ea9m n\u00e0y m\u1eb7c d\u00f9 m\u00e0n h\u00ecnh n\u00e0y \u0111\u01b0\u1ee3c trang b\u1ecb \u0111\u1ed9 ph\u00e2n gi\u1ea3i 4K m\u00e0 th\u00f4i, tuy nhi\u00ean th\u00ec Xiaomi v\u1eabn trang b\u1ecb kh\u1ea3 n\u0103ng gi\u1ea3i m\u00e3 Video l\u00ean \u0111\u1ebfn 8K r\u1ea5t m\u1ea1nh m\u1ebd.<\/span><\/p>\r\n<h3 style=\"text-align: justify;\"><img loading=\"lazy\" decoding=\"async\" class=\"aligncenter wp-image-49338 size-large\" src=\"https:\/\/tivixiaomi.co\/wp-content\/uploads\/2019\/09\/Smart-Tivi-Xiaomi-Man-Hinh-Tran-Vien-65-inch-PRO-E65S-9-1024x682.jpg\" alt=\"\" width=\"1024\" height=\"682\" srcset=\"https:\/\/tivixiaomi.co\/wp-content\/uploads\/2019\/09\/Smart-Tivi-Xiaomi-Man-Hinh-Tran-Vien-65-inch-PRO-E65S-9-1024x682.jpg 1024w, https:\/\/tivixiaomi.co\/wp-content\/uploads\/2019\/09\/Smart-Tivi-Xiaomi-Man-Hinh-Tran-Vien-65-inch-PRO-E65S-9-jpg-150x100.webp 150w, https:\/\/tivixiaomi.co\/wp-content\/uploads\/2019\/09\/Smart-Tivi-Xiaomi-Man-Hinh-Tran-Vien-65-inch-PRO-E65S-9-600x400.jpg 600w, https:\/\/tivixiaomi.co\/wp-content\/uploads\/2019\/09\/Smart-Tivi-Xiaomi-Man-Hinh-Tran-Vien-65-inch-PRO-E65S-9-300x200.jpg 300w, https:\/\/tivixiaomi.co\/wp-content\/uploads\/2019\/09\/Smart-Tivi-Xiaomi-Man-Hinh-Tran-Vien-65-inch-PRO-E65S-9-768x511.jpg 768w, https:\/\/tivixiaomi.co\/wp-content\/uploads\/2019\/09\/Smart-Tivi-Xiaomi-Man-Hinh-Tran-Vien-65-inch-PRO-E65S-9-jpg.webp 1500w\" sizes=\"(max-width: 1024px) 100vw, 1024px\" \/><\/h3>\r\n<p style=\"text-align: justify;\"><span style=\"font-weight: 400;\">V\u1ec1 ph\u1ea7n c\u1ea5u h\u00ecnh Tivi Xiaomi E65S Pro \u0111\u01b0\u1ee3c trang b\u1ecb con Chip m\u1ea1nh m\u1ebd nh\u1ea5t c\u1ee7a Amlogic k\u1ebft h\u1ee3p v\u1edbi Xiaomi c\u00f3 t\u00ean l\u00e0 Amlogic T792 v\u00e0 con chip n\u00e0y theo nh\u01b0 h\u00e3ng c\u00f4ng b\u1ed1 cho ch\u00fang ta hi\u1ec7u n\u0103ng cao h\u01a1n 63% so v\u1edbi th\u1ebf h\u1ec7 tr\u01b0\u1edbc, nh\u01b0ng l\u1ea1i ti\u1ebft ki\u1ec7m \u0111i\u1ec7n n\u0103ng t\u1edbi 55% c\u0169ng so v\u1edbi th\u1ebf h\u1ec7 tr\u01b0\u1edbc, m\u1ed9t \u0111i\u1ec1u th\u1eadt tuy\u1ec7t v\u1eddi ph\u1ea3i kh\u00f4ng n\u00e0o. V\u1ec1 b\u1ed9 nh\u1edb c\u1ee7a Tivi Xiaomi E65S Pro \u0111\u01b0\u1ee3c trang b\u1ecb RAM 2GB \u0111i k\u00e8m v\u1edbi 32GB b\u1ed9 nh\u1edb trong.<\/span><\/p>\r\n<h3 style=\"text-align: justify;\"><img loading=\"lazy\" decoding=\"async\" class=\"aligncenter wp-image-49337 size-large\" src=\"https:\/\/tivixiaomi.co\/wp-content\/uploads\/2019\/09\/Smart-Tivi-Xiaomi-Man-Hinh-Tran-Vien-65-inch-PRO-E65S-8-1024x683.jpg\" alt=\"\" width=\"1024\" height=\"683\" srcset=\"https:\/\/tivixiaomi.co\/wp-content\/uploads\/2019\/09\/Smart-Tivi-Xiaomi-Man-Hinh-Tran-Vien-65-inch-PRO-E65S-8-1024x683.jpg 1024w, https:\/\/tivixiaomi.co\/wp-content\/uploads\/2019\/09\/Smart-Tivi-Xiaomi-Man-Hinh-Tran-Vien-65-inch-PRO-E65S-8-jpg-150x100.webp 150w, https:\/\/tivixiaomi.co\/wp-content\/uploads\/2019\/09\/Smart-Tivi-Xiaomi-Man-Hinh-Tran-Vien-65-inch-PRO-E65S-8-600x400.jpg 600w, https:\/\/tivixiaomi.co\/wp-content\/uploads\/2019\/09\/Smart-Tivi-Xiaomi-Man-Hinh-Tran-Vien-65-inch-PRO-E65S-8-300x200.jpg 300w, https:\/\/tivixiaomi.co\/wp-content\/uploads\/2019\/09\/Smart-Tivi-Xiaomi-Man-Hinh-Tran-Vien-65-inch-PRO-E65S-8-768x512.jpg 768w, https:\/\/tivixiaomi.co\/wp-content\/uploads\/2019\/09\/Smart-Tivi-Xiaomi-Man-Hinh-Tran-Vien-65-inch-PRO-E65S-8-jpg.webp 1500w\" sizes=\"(max-width: 1024px) 100vw, 1024px\" \/><\/h3>\r\n<p style=\"text-align: justify;\"><span style=\"font-weight: 400;\">Cu\u1ed1i c\u00f9ng v\u1ec1 ph\u1ea7n m\u1ec1m th\u00ec chi\u1ebfc Tivi Xiaomi E65S Pro \u0111\u01b0\u1ee3c trang b\u1ecb n\u1ec1n t\u1ea3ng Android 9.0 v\u00e0 \u0111\u01b0\u01a1ng nhi\u00ean v\u1edbi n\u1ec1n t\u1ea3ng h\u1ec7 \u0111i\u1ec1u h\u00e0nh m\u1edbi nh\u01b0 v\u1eady th\u00ec s\u1ea3n ph\u1ea9m s\u1ebd ho\u1ea1t \u0111\u1ed9ng r\u1ea5t m\u01b0\u1ee3t m\u00e0 v\u00e0 t\u1ed1i \u01b0u t\u00e0i nguy\u00ean h\u1ec7 th\u1ed1ng r\u1ea5t t\u1ed1t. <\/span><span style=\"font-weight: 400;\">Nh\u01b0 v\u1eady tivixiaomi.com v\u1eeba c\u00f9ng b\u1ea1n \u0111\u00e1nh gi\u00e1 nhanh s\u1ea3n ph\u1ea9m Mi tivi E65S Pro v\u1edbi m\u1ee9c gi\u00e1 h\u1ea5p d\u1eabn k\u00e8m v\u1edbi \u0111\u00f3 l\u00e0 nh\u1eefng \u01b0u \u0111i\u1ec3m v\u01b0\u1ee3t tr\u1ed9i m\u00e0 s\u1ea3n ph\u1ea9m mang l\u1ea1i cho ng\u01b0\u1eddi d\u00f9ng. Hi v\u1ecdng b\u1ea1n s\u1ebd l\u1ef1a ch\u1ecdn cho m\u00ecnh m\u1ed9t s\u1ea3n ph\u1ea9m \u01b0ng \u00fd trong d\u1ecbp t\u1ebft n\u00e0y. N\u1ebfu c\u00e1c b\u1ea1n quan t\u00e2m \u0111\u1ebfn s\u1ea3n ph\u1ea9m c\u00f3 th\u1ec3 truy c\u1eadp v\u00e0o website c\u1ee7a tivixiaomi.com. Ho\u1eb7c g\u1ecdi \u0111\u1ebfn hotline \u0111\u1ec3 \u0111\u01b0\u1ee3c ch\u0103m s\u00f3c. C\u00f2n b\u00e2y gi\u1edd xin ch\u00e0o v\u00e0 h\u1eb9n g\u1eb7p l\u1ea1i c\u00e1c b\u1ea1n trong nh\u1eefng video ti\u1ebfp theo.<\/span><\/p>\r\n<h3 style=\"text-align: justify;\">Th\u00f4ng tin kh\u00e1c v\u1ec1 Tivi Xiaomi E65S Pro<\/h3>\r\n<p><\/p>\r\n<p><\/p>\r\n<p style=\"text-align: justify;\">T\u1ea1i s\u1ef1 ki\u1ec7n ra m\u1eaft di\u1ec5n ra c\u00e1ch \u0111\u00e2y \u00edt gi\u1edd, Xiaomi \u0111\u00e3 gi\u1edbi thi\u1ec7u m\u1ed9t lo\u1ea1t tivi 4K ho\u00e0n to\u00e0n m\u1edbi mang th\u01b0\u01a1ng hi\u1ec7u Mi TV Pro. C\u00e1c m\u1eabu TV th\u00f4ng minh c\u1ee7a Xiaomi c\u00f3 k\u00edch th\u01b0\u1edbc m\u00e0n h\u00ecnh 43 inch, 55 inch v\u00e0 65 inch, s\u1eed d\u1ee5ng ch\u1ea5t li\u1ec7u h\u1ee3p kim nh\u00f4m cao c\u1ea5p mang \u0111\u1ebfn ki\u1ec3u d\u00e1ng sang tr\u1ecdng.<\/p>\r\n<p><\/p>\r\n<p><\/p>\r\n<div class=\"wp-block-image\" style=\"text-align: justify;\">\r\n<figure class=\"aligncenter size-large\"><img loading=\"lazy\" decoding=\"async\" width=\"660\" height=\"413\" class=\"wp-image-38682 aligncenter\" src=\"https:\/\/tivixiaomi.co\/wp-content\/uploads\/2019\/09\/anhchupmanhinh20190924luc132010uvkg-1569314521107159390503.png\" alt=\"\" srcset=\"https:\/\/tivixiaomi.co\/wp-content\/uploads\/2019\/09\/anhchupmanhinh20190924luc132010uvkg-1569314521107159390503.png 660w, https:\/\/tivixiaomi.co\/wp-content\/uploads\/2019\/09\/anhchupmanhinh20190924luc132010uvkg-1569314521107159390503-150x94.png 150w, https:\/\/tivixiaomi.co\/wp-content\/uploads\/2019\/09\/anhchupmanhinh20190924luc132010uvkg-1569314521107159390503-600x375.png 600w, https:\/\/tivixiaomi.co\/wp-content\/uploads\/2019\/09\/anhchupmanhinh20190924luc132010uvkg-1569314521107159390503-300x188.png 300w\" sizes=\"(max-width: 660px) 100vw, 660px\" \/><\/figure>\r\n<\/div>\r\n<p><\/p>\r\n<p><\/p>\r\n<p style=\"text-align: justify;\">\u0110\u00e1ng ch\u00fa \u00fd, ki\u1ec3u d\u00e1ng c\u1ee7a d\u00f2ng Mi TV Pro ch\u00ednh l\u00e0 \u0111i\u1ec3m nh\u1ea5n s\u00e1ng gi\u00e1 nh\u1ea5t. C\u1ea3 3 m\u1eabu TV \u0111\u1ec1u c\u00f3 thi\u1ebft k\u1ebf tr\u00e0n vi\u1ec1n v\u1edbi v\u1edbi t\u1ef7 l\u1ec7 m\u00e0n h\u00ecnh so v\u1edbi th\u00e2n m\u00e1y (screen-to-body ratio) l\u00ean t\u1edbi 97%, v\u1edbi ph\u1ea7n vi\u1ec1n b\u00ean tr\u00ean v\u00e0 2 b\u00ean c\u1ea1nh c\u1ef1c m\u1ecfng, ngo\u1ea1i tr\u1eeb ph\u1ea7n vi\u1ec1n d\u01b0\u1edbi c\u1ee7a TV h\u01a1i d\u00e0y h\u01a1n m\u1ed9t ch\u00fat \u0111\u1ec3 g\u1eafn logo Xiaomi.\u00a0 Th\u00e2n v\u1ecf TV \u0111\u01b0\u1ee3c l\u00e0m t\u1eeb h\u1ee3p kim nh\u00f4m c\u1ee9ng c\u00e1p, v\u1edbi ch\u00e2n \u0111\u1ebf kim lo\u1ea1i v\u00e0 thi\u1ebft k\u1ebf m\u1eb7t sau b\u1eb1ng ch\u1ea5t li\u1ec7u Kevlar h\u1ee9a h\u1eb9n \u0111\u1ed9 b\u1ec1n v\u00e0 v\u1eefng ch\u00e3i khi \u0111\u1eb7t t\u1ea1i ph\u00f2ng kh\u00e1ch.<\/p>\r\n<p><\/p>\r\n<p><\/p>\r\n<p style=\"text-align: justify;\">\u0110\u01b0\u1ee3c bi\u1ebft th\u00eam, c\u00e1c phi\u00ean b\u1ea3n c\u1ee7a Mi TV Pro \u0111\u01b0\u1ee3c trang b\u1ecb m\u1ed9t con chip l\u00f5i t\u1ee9 Amologic T972 do Xiaomi v\u00e0 h\u00e3ng Amlogic \u0111\u1ed3ng ph\u00e1t tri\u1ec3n, v\u1edbi t\u1ed1c \u0111\u1ed9 xung nh\u1ecbp kho\u1ea3ng 1,9 GHz. Theo Xiaomi, chipset trang b\u1ecb tr\u00ean TV \u0111\u01b0\u1ee3c s\u1ea3n xu\u1ea5t tr\u00ean ti\u1ebfn tr\u00ecnh 12nm FinFET, cho ph\u00e9p thi\u1ebft b\u1ecb ho\u1ea1t \u0111\u1ed9ng ti\u1ebft ki\u1ec7m \u0111i\u1ec7n h\u01a1n t\u1edbi 55% so v\u1edbi c\u00e1c thi\u1ebft b\u1ecb \u0111\u1eddi tr\u01b0\u1edbc, c\u00f9ng v\u1edbi \u0111\u00f3 l\u00e0 hi\u1ec7u n\u0103ng x\u1eed l\u00fd t\u1ed1t h\u01a1n 63%. Nh\u1edd con chip x\u1eed l\u00fd h\u00ecnh \u1ea3nh \u0111\u01b0\u1ee3c n\u00e2ng c\u1ea5p v\u1ec1 t\u1ed1c \u0111\u1ed9 t\u00ednh to\u00e1n, Mi TV Pro v\u1eabn c\u00f3 th\u1ec3 ch\u1ea1y c\u00e1c n\u1ed9i dung \u0111\u1ea7u v\u00e0o c\u00f3 \u0111\u1ed9 ph\u00e2n gi\u1ea3i 8K,<\/p>\r\n<p><\/p>\r\n<p><\/p>\r\n<div class=\"wp-block-image\" style=\"text-align: justify;\">\r\n<figure class=\"aligncenter size-large\"><img decoding=\"async\" class=\"wp-image-38683 aligncenter\" src=\"https:\/\/tivixiaomi.co\/wp-content\/uploads\/2019\/09\/mifullscreentvpro1024x680ndho-15693145382731856810183.jpg\" alt=\"\" \/><\/figure>\r\n<\/div>\r\n<p><\/p>\r\n<p><\/p>\r\n<p style=\"text-align: justify;\">V\u1ec1 dung l\u01b0\u1ee3ng b\u1ed9 nh\u1edb trong v\u00e0 ngo\u00e0i, Mi TV Pro trang b\u1ecb 2GB RAM v\u00e0 32 GB b\u1ed9 nh\u1edb \u0111\u01b0\u1ee3c t\u00edch h\u1ee3p s\u1eb5n. TV t\u00edch h\u1ee3p 2 loa stereo, h\u1ed7 tr\u1ee3 \u00e2m thanh DTS b\u1edfi Dolby Audio. C\u00e1c k\u1ebft n\u1ed1i kh\u00f4ng d\u00e2y v\u00e0 c\u00f3 d\u00e2y \u0111\u01b0\u1ee3c h\u1ed7 tr\u1ee3 bao g\u1ed3m WiFi 802.11 ac (2.4GHz \/ 5GHz), Bluetooth, 3 x HDMI (1 ch\u1ee9a ARC), 2 x USB, Ethernet.<\/p>\r\n<p><\/p>\r\n<p><\/p>\r\n<p style=\"text-align: justify;\">Gi\u1ed1ng nh\u01b0 c\u00e1c m\u1eabu Mi TV tr\u01b0\u1edbc \u0111\u00e2y, d\u00f2ng Mi TV Pro c\u0169ng ch\u1ea1y h\u1ec7 \u0111i\u1ec1u h\u00e0nh PatchWall, v\u1edbi c\u00e1c \u1ee9ng d\u1ee5ng streaming \u0111\u01b0\u1ee3c c\u00e0i \u0111\u1eb7t s\u1eb5n bao g\u1ed3m Tencent Video, Youku v\u00e0 VOD, v\u1ed1n \u0111\u1ec1u l\u00e0 c\u00e1c \u1ee9ng d\u1ee5ng d\u00e0nh ri\u00eang cho th\u1ecb tr\u01b0\u1eddng Trung Qu\u1ed1c. Nh\u1eefng t\u00ednh n\u0103ng \u0111\u00e1ng ch\u00fa \u00fd kh\u00e1c c\u0169ng \u0111\u01b0\u1ee3c t\u00edch h\u1ee3p tr\u00ean Mi TV Pro bao g\u1ed3m tr\u1ee3 l\u00fd \u1ea3o XiaoMi \u0111\u1ed9c quy\u1ec1n c\u1ee7a Xiaomi, t\u00ednh n\u0103ng \u0111i\u1ec1u khi\u1ec3n gi\u1ecdng n\u00f3i v\u00e0 t\u00f9y ch\u1ecdn k\u1ebft n\u1ed1i v\u00e0 \u0111i\u1ec1u khi\u1ec3n t\u1eeb xa v\u1edbi c\u00e1c thi\u1ebft b\u1ecb IoT.<\/p>\r\n<p><\/p>\r\n<p><\/p>\r\n<div class=\"wp-block-image\" style=\"text-align: justify;\">\r\n<figure class=\"aligncenter size-large\"><img decoding=\"async\" class=\"wp-image-38684 aligncenter\" src=\"https:\/\/tivixiaomi.co\/wp-content\/uploads\/2019\/09\/xiaomimifullscreentvpro1aymo-1569314553596751734321.jpg\" alt=\"\" \/><\/figure>\r\n<\/div>\r\n<p><\/p>\r\n<p><\/p>\r\n<p style=\"text-align: justify;\">Gi\u1ed1ng nh\u01b0 truy\u1ec1n th\u1ed1ng c\u1ee7a Xiaomi \u2013 &#8220;c\u1ea5u h\u00ecnh kh\u1ee7ng nh\u01b0ng gi\u00e1 c\u1ea3 ph\u1ea3i ch\u0103ng&#8221;, d\u00f2ng Mi TV Pro c\u00f3 gi\u00e1 b\u00e1n kh\u00e1 t\u1ed1t, kho\u1ea3ng 210 USD cho phi\u00ean b\u1ea3n 43 inch, 337 USD cho phi\u00ean b\u1ea3n 55 inch v\u00e0 478 USD cho m\u1eabu 65 inch. \u00a0Hi\u1ec7n t\u1ea1i ng\u01b0\u1eddi d\u00f9ng Trung Qu\u1ed1c \u0111\u00e3 c\u00f3 th\u1ec3 \u0111\u1eb7t tr\u01b0\u1edbc Mi TV Pro t\u1eeb ngay h\u00f4m nay, tr\u01b0\u1edbc khi nh\u1eefng m\u1eabu TV n\u00e0y ch\u00ednh th\u1ee9c l\u00ean k\u1ec7 v\u00e0o ng\u00e0y 27\/9 t\u1edbi \u0111\u00e2y.\u00a0<\/p>\r\n<p><\/p>\r\n<p><\/p>\r\n<p style=\"text-align: justify;\">V\u1edbi c\u00e1c qu\u1ed1c gia kh\u00e1c nh\u01b0 Vi\u1ec7t Nam, Xiaomi v\u1eabn ch\u01b0a c\u00f4ng b\u1ed1 chi ti\u1ebft k\u1ebf ho\u1ea1ch ra m\u1eaft Mi TV Pro. Tuy nhi\u00ean, l\u1ed9 tr\u00ecnh ra m\u1eaft c\u1ee7a m\u1eabu TV th\u00f4ng minh n\u00e0y d\u1ef1 ki\u1ebfn s\u1ebd s\u1edbm \u0111\u01b0\u1ee3c h\u00e9 l\u1ed9 v\u00e0o tu\u1ea7n t\u1edbi.<\/p>\r\n<p><\/p>\r\n<p><\/p>\r\n<p class=\"has-text-align-right\" style=\"text-align: justify;\">Ngu\u1ed3n: Genk<\/p>\r\n<p><\/p>","protected":false},"excerpt":{"rendered":"<ul>\n<li>D\u00f2ng ES Pro 2019 Series<\/li>\n<li>M\u00e0n h\u00ecnh: 4K<\/li>\n<li>RAM: 2GB<\/li>\n<li>Dung l\u01b0\u1ee3ng: 32GB<\/li>\n<\/ul>\n","protected":false},"featured_media":63092,"comment_status":"open","ping_status":"closed","template":"","meta":[],"product_brand":[],"product_cat":[372],"product_tag":[],"class_list":{"0":"post-38876","1":"product","2":"type-product","3":"status-publish","4":"has-post-thumbnail","6":"product_cat-tivi-xiaomi-es-pro","8":"first","9":"outofstock","10":"sale","11":"shipping-taxable","12":"purchasable","13":"product-type-simple"},"_links":{"self":[{"href":"https:\/\/tivixiaomi.co\/en\/wp-json\/wp\/v2\/product\/38876"}],"collection":[{"href":"https:\/\/tivixiaomi.co\/en\/wp-json\/wp\/v2\/product"}],"about":[{"href":"https:\/\/tivixiaomi.co\/en\/wp-json\/wp\/v2\/types\/product"}],"replies":[{"embeddable":true,"href":"https:\/\/tivixiaomi.co\/en\/wp-json\/wp\/v2\/comments?post=38876"}],"version-history":[{"count":1,"href":"https:\/\/tivixiaomi.co\/en\/wp-json\/wp\/v2\/product\/38876\/revisions"}],"predecessor-version":[{"id":69841,"href":"https:\/\/tivixiaomi.co\/en\/wp-json\/wp\/v2\/product\/38876\/revisions\/69841"}],"wp:featuredmedia":[{"embeddable":true,"href":"https:\/\/tivixiaomi.co\/en\/wp-json\/wp\/v2\/media\/63092"}],"wp:attachment":[{"href":"https:\/\/tivixiaomi.co\/en\/wp-json\/wp\/v2\/media?parent=38876"}],"wp:term":[{"taxonomy":"product_brand","embeddable":true,"href":"https:\/\/tivixiaomi.co\/en\/wp-json\/wp\/v2\/product_brand?post=38876"},{"taxonomy":"product_cat","embeddable":true,"href":"https:\/\/tivixiaomi.co\/en\/wp-json\/wp\/v2\/product_cat?post=38876"},{"taxonomy":"product_tag","embeddable":true,"href":"https:\/\/tivixiaomi.co\/en\/wp-json\/wp\/v2\/product_tag?post=38876"}],"curies":[{"name":"wp","href":"https:\/\/api.w.org\/{rel}","templated":true}]}}