{"id":39127,"date":"2019-09-30T03:24:11","date_gmt":"2019-09-29T20:24:11","guid":{"rendered":"https:\/\/tivixiaomi.co\/?post_type=product&#038;p=39127"},"modified":"2024-09-04T13:48:05","modified_gmt":"2024-09-04T06:48:05","slug":"smart-tivi-xiaomi-4a-70-inch-4k-hdr-mau-2019","status":"publish","type":"product","link":"https:\/\/tivixiaomi.co\/en\/tivi\/smart-tivi-xiaomi-4a-70-inch-4k-hdr-mau-2019\/","title":{"rendered":"Smart Tivi Xiaomi 4A 70 inch 4K HDR M\u1eabu 2019"},"content":{"rendered":"<p><span style=\"font-weight: 400;\">Smart Tivi 4A 70 inch 4K HDR Gi\u00e1 r\u1ebb t\u1ea1i H\u00e0 N\u1ed9i, TP.HCM. Mi\u1ec5n ph\u00ed l\u1eafp \u0111\u1eb7t, H\u1ed7 tr\u1ee3 v\u1eadn chuy\u1ec3n trong n\u1ed9i th\u00e0nh, Hotline: 0984.311.230<\/span><span style=\"font-weight: 400;\">. <\/span><\/p>\n<p><span style=\"font-weight: 400;\">Ch\u00e0o m\u1eebng c\u00e1c b\u1ea1n m\u1ed9t l\u1ea7n n\u1eefa \u0111\u00e3 quay tr\u1edf l\u1ea1i v\u1edbi tivixiaomi.com, v\u00e0 ng\u00e0y h\u00f4m nay ch\u00fang ta c\u00f3 \u1edf \u0111\u00e2y m\u1ed9t s\u1ea3n ph\u1ea9m tivi n\u1eefa. V\u00e0 \u0111\u00e2y ch\u00ednh l\u00e0 s\u1ea3n ph\u1ea9m c\u00f3 k\u00edch th\u01b0\u1edbc l\u00ean t\u1edbi 70\u201d n\u1eb1m trong d\u00f2ng s\u1ea3n ph\u1ea9m Tivi Xiaomi 4A, m\u1ed9t d\u00f2ng s\u1ea3n ph\u1ea9m kh\u00e1 n\u1ed5i ti\u1ebfng v\u1edbi m\u1ee9c gi\u00e1 r\u1ebb tr\u00ean th\u1ecb tr\u01b0\u1eddng. V\u00e0 t\u1ea1i tivixiaomi.com s\u1ea3n ph\u1ea9m n\u00e0y \u0111ang c\u00f3 gi\u00e1 b\u00e1n ch\u1ec9 h\u01a1n 10 tri\u1ec7u \u0111\u1ed3ng, th\u1eadt s\u1ef1 \u0111\u00e2y l\u00e0 m\u1ed9t m\u1ee9c gi\u00e1 h\u1ebft s\u1ee9c \u1ea5n t\u01b0\u1ee3ng ph\u1ea3i kh\u00f4ng n\u00e0o. V\u1edbi vi\u1ec7c \u0111\u01b0\u1ee3c t\u00edch h\u1ee3p nhi\u1ec1u c\u00f4ng ngh\u1ec7 m\u1edbi nh\u1ea5t hi\u1ec7n nay nh\u01b0 l\u00e0 4K, HDR\u2026 V\u1eady th\u00ec ngo\u00e0i nh\u1eefng c\u00f4ng ngh\u1ec7 n\u00e0y ra ch\u00fang ta c\u00f2n c\u00f3 nh\u1eefng \u01b0u \u0111i\u1ec3m g\u00ec tr\u00ean s\u1ea3n ph\u1ea9m n\u00e0y ch\u00fang ta h\u00e3y c\u00f9ng \u0111i t\u00ecm hi\u1ec3u v\u00e0 \u0111\u00e1nh gi\u00e1 nhanh s\u1ea3n ph\u1ea9m n\u00e0y nh\u00e9.<\/span><\/p>\n<p style=\"text-align: center;\">Video \u0111\u00e1nh gi\u00e1 nhanh Tivi Xiaomi 4A 70 inch 4K HDR<\/p>\n<p><iframe title=\"Mi LED Smart TV 4A 70 inches \u2022 TiviXiaomi.Com\" width=\"640\" height=\"360\" src=\"https:\/\/www.youtube.com\/embed\/TBD8lW6pfyw?feature=oembed\" frameborder=\"0\" allow=\"accelerometer; autoplay; clipboard-write; encrypted-media; gyroscope; picture-in-picture; web-share\" referrerpolicy=\"strict-origin-when-cross-origin\" allowfullscreen><\/iframe><\/p>\n<h3><strong>Thi\u1ebft k\u1ebf s\u1ea3n ph\u1ea9m Tivi Xiaomi 4A 70 inch 4K HDR<\/strong><\/h3>\n<p>\u0110\u1ea7u ti\u00ean th\u00ec ch\u00fang ta s\u1ebd \u0111i qua thi\u1ebft k\u1ebf c\u1ee7a s\u1ea3n ph\u1ea9m n\u00e0y, s\u1ea3n ph\u1ea9m <a href=\"https:\/\/tivixiaomi.co\/san-pham\/smart-tivi-xiaomi-4a-70-inch-4k-hdr-mau-2019\/\">Tivi Xiaomi 4A 70 inches 4K<\/a> n\u00e0y c\u00f3 l\u1ed1i thi\u1ebft k\u1ebf m\u1eb7c d\u00f9 kh\u00f4ng qu\u00e1 n\u1ed5i b\u1eadt tuy nhi\u00ean n\u00f3 \u0111\u01b0\u1ee3c thi\u1ebft k\u1ebf kh\u00e1 sang tr\u1ecdng. Ch\u00fang ta s\u1ebd c\u00f3 \u1edf \u0111\u00e2y m\u1ed9t chi\u1ebfc tivi v\u1edbi vi\u1ec1n m\u00e0n h\u00ecnh si\u00eau m\u1ecfng, m\u1ecfng \u0111\u1ec1u 3 c\u1ea1nh tr\u00ean v\u00e0 tr\u00e1i ph\u1ea3i. Ph\u1ea7n c\u1ea1nh d\u01b0\u1edbi s\u1ebd h\u01a1i d\u00e0y m\u1ed9t ch\u00fat \u0111\u1ec3 ch\u1ee9a logo Xiaomi c\u0169ng nh\u01b0 l\u00e0 c\u1ea3m bi\u1ebfn h\u1ed3ng ngo\u1ea1i.<\/p>\n<p><img fetchpriority=\"high\" decoding=\"async\" class=\"aligncenter wp-image-47173\" src=\"https:\/\/tivixiaomi.co\/wp-content\/uploads\/2019\/09\/smart-tivi-xiaomi-4a-70-inch-4k-hdr-man-hinh-scaled.jpg\" alt=\"\" width=\"1200\" height=\"675\" \/><\/p>\n<p>Ph\u1ea7n vi\u1ec1n xung quanh n\u00e0y tuy ch\u1ec9 \u0111\u01b0\u1ee3c l\u00e0m b\u1eb1ng nh\u1ef1a m\u00e0 th\u00f4i nh\u01b0ng n\u00f3 \u0111\u01b0\u1ee3c ho\u00e0n thi\u1ec7n r\u1ea5t nhi\u1ec1u v\u1ec1 c\u1ea3 m\u1eb7t th\u1ea9m m\u1ef9 c\u0169ng nh\u01b0 ch\u1ea5t l\u01b0\u1ee3ng, ch\u00ednh v\u00ec th\u1ebf n\u00f3 s\u1ebd \u0111\u1ea3m b\u1ea3o cho ch\u00fang ta trong qu\u00e1 tr\u00ecnh s\u1eed d\u1ee5ng th\u1eadt s\u1ef1 r\u1ea5t an t\u00e2m. Ph\u1ea7n ch\u00e2n \u0111\u1ebf \u0111\u01b0\u1ee3c l\u00e0m b\u1eb1ng kim lo\u1ea1i l\u00e0 m\u1ed9t s\u1ef1 n\u00e2ng c\u1ea5p kh\u00e1 t\u1ed1t tr\u00ean d\u00f2ng s\u1ea3n ph\u1ea9m n\u00e0y, c\u0169ng d\u1ec5 hi\u1ec3u th\u00f4i b\u1edfi l\u1ebd s\u1ea3n ph\u1ea9m n\u00e0y c\u00f3 k\u00edch th\u01b0\u1edbc l\u00ean t\u1edbi 70\u201d v\u1eady n\u00ean b\u1eaft bu\u1ed9c ph\u1ea3i c\u00f3 m\u1ed9t ch\u00e2n \u0111\u1ebf ch\u1eafc ch\u1eafn \u0111\u1ec3 gi\u1eef \u0111\u01b0\u1ee3c n\u00f3 ph\u1ea3i kh\u00f4ng n\u00e0o. Ch\u00fang ta c\u0169ng c\u00f3 th\u1ec3 treo s\u1ea3n ph\u1ea9m n\u00e0y l\u00ean t\u01b0\u1eddng d\u1ef1a v\u00e0o 4 con \u1ed1c \u1edf m\u1eb7t l\u01b0ng c\u1ee7a s\u1ea3n ph\u1ea9m.<\/p>\n<p><img decoding=\"async\" class=\"aligncenter wp-image-47178\" src=\"https:\/\/tivixiaomi.co\/wp-content\/uploads\/2019\/09\/smart-tivi-xiaomi-4a-70-inch-4k-hdr-vien-scaled.jpg\" alt=\"\" width=\"1200\" height=\"675\" \/><\/p>\n<p><img decoding=\"async\" class=\"aligncenter wp-image-47169\" src=\"https:\/\/tivixiaomi.co\/wp-content\/uploads\/2019\/09\/smart-tivi-xiaomi-4a-70-inch-4k-hdr-chan-de-scaled.jpg\" alt=\"\" width=\"1200\" height=\"675\" \/><\/p>\n<p>Ph\u1ea7n m\u1eb7t sau ch\u00fang ta c\u0169ng c\u00f3 loa ngo\u00e0i c\u1ee7a s\u1ea3n ph\u1ea9m, d\u1ea3i loa n\u00e0y \u0111\u01b0\u1ee3c h\u1ed7 tr\u1ee3 c\u00f4ng ngh\u1ec7 t\u1edbi t\u1eeb Doby Atmos c\u0169ng nh\u01b0 l\u00e0 DTS HD. Ch\u00fang ta v\u1eabn s\u1ebd c\u00f3 m\u1ed9t d\u00e2y ngu\u1ed3n \u1edf ph\u00eda c\u1ea1nh tr\u00e1i c\u1ee7a s\u1ea3n ph\u1ea9m, d\u00e2y ngu\u1ed3n \u0111\u01b0\u1ee3c thi\u1ebft k\u1ebf li\u1ec1n kh\u00f4ng th\u1ec3 th\u00e1o r\u1eddi. C\u1ea1nh ph\u1ea3i ch\u00fang ta c\u00f3 c\u00e1c c\u1ed5ng k\u1ebft n\u1ed1i l\u1ea7n l\u01b0\u1ee3t nh\u01b0 sau. Ch\u00fang ta c\u00f3 2 c\u1ed5ng k\u1ebft n\u1ed1i USB, 3 c\u1ed5ng k\u1ebft n\u1ed1i HDMI th\u00eam n\u1eefa ch\u00fang ta s\u1ebd c\u00f3 b\u1ed9 c\u1ed5ng k\u1ebft n\u1ed1i AVI, Anten, LAN v\u00e0 c\u1ed5ng SPDIF.<\/p>\n<p><img loading=\"lazy\" decoding=\"async\" class=\"aligncenter wp-image-47172\" src=\"https:\/\/tivixiaomi.co\/wp-content\/uploads\/2019\/09\/smart-tivi-xiaomi-4a-70-inch-4k-hdr-loa-scaled.jpg\" alt=\"\" width=\"1200\" height=\"675\" \/><\/p>\n<p><img loading=\"lazy\" decoding=\"async\" class=\"aligncenter wp-image-47174\" src=\"https:\/\/tivixiaomi.co\/wp-content\/uploads\/2019\/09\/smart-tivi-xiaomi-4a-70-inch-4k-hdr-nguon-scaled.jpg\" alt=\"\" width=\"1200\" height=\"675\" \/><\/p>\n<p><img loading=\"lazy\" decoding=\"async\" class=\"aligncenter wp-image-47171\" src=\"https:\/\/tivixiaomi.co\/wp-content\/uploads\/2019\/09\/smart-tivi-xiaomi-4a-70-inch-4k-hdr-in-out-scaled.jpg\" alt=\"\" width=\"1200\" height=\"675\" \/><\/p>\n<p>&nbsp;<\/p>\n<h3><strong>\u0110\u00e1nh gi\u00e1 hi\u1ec3n th\u1ecb c\u1ee7a Tivi Xiaomi 4A 70 inch 4K HDR<\/strong><\/h3>\n<p>Quay tr\u1edf l\u1ea1i v\u1edbi ph\u1ea7n m\u1eb7t tr\u01b0\u1edbc th\u00ec ch\u00fang ta c\u00f3 \u1edf \u0111\u00e2y l\u00e0 m\u00e0n h\u00ecnh k\u00edch th\u01b0\u1edbc l\u00ean t\u1edbi 70 inches c\u00f9ng v\u1edbi \u0111\u1ed9 ph\u00e2n gi\u1ea3i l\u00ean t\u1edbi 4K v\u00e0 c\u00f4ng ngh\u1ec7 HDR. M\u1eb7c d\u00f9 t\u1ea5m n\u1ec1n \u0111\u01b0\u1ee3c trang b\u1ecb ch\u1ec9 l\u00e0 LCD, tuy nhi\u00ean n\u00f3 t\u1edbi t\u1eeb m\u1ed9t th\u01b0\u01a1ng hi\u1ec7u l\u00e0 Sharp, m\u1ed9t th\u01b0\u01a1ng hi\u1ec7u r\u1ea5t n\u1ed5i ti\u1ebfng t\u1edbi t\u1eeb Nh\u1eadt B\u1ea3n v\u1ec1 s\u1ea3n xu\u1ea5t t\u1ea5m n\u1ec1n m\u00e0n h\u00ecnh. Tr\u1ea3i nghi\u1ec7m qua m\u1ed9t ch\u00fat v\u1ec1 ch\u1ea5t l\u01b0\u1ee3ng hi\u1ec3n th\u1ecb m\u00e0n h\u00ecnh \u1edf tr\u00ean s\u1ea3n ph\u1ea9m n\u00e0y trong t\u1ea7m gi\u00e1 c\u1ee7a n\u00f3 th\u00ec m\u00ecnh c\u00f3 th\u1ec3 \u0111\u00e1nh gi\u00e1 \u0111\u01b0\u1ee3c \u0111\u00e2y l\u00e0 m\u1ed9t trong nh\u1eefng chi\u1ebfc tivi c\u00f3 m\u1ee9c \u0111\u1ed9 hi\u1ec3n th\u1ecb t\u1ed1t nh\u1ea5t, m\u1eb7c d\u00f9 th\u00f4ng s\u1ed1 c\u1ea5u h\u00ecnh \u0111\u00e3 r\u1ea5t cao r\u1ed3i ph\u1ea3i kh\u00f4ng n\u00e0o. Kh\u1ea3 n\u0103ng hi\u1ec3n th\u1ecb v\u1edbi c\u00e1c d\u1ea3i m\u00e0u s\u1eafc kh\u00e1 d\u1ecbu nh\u1eb9, n\u00f3 kh\u00f4ng qu\u00e1 nh\u1ea5n nh\u00e1 v\u00e0 c\u0169ng kh\u00f4ng qu\u00e1 nh\u1ea1t nh\u00f2a, \u0111\u1ed9 t\u01b0\u01a1ng ph\u1ea3n v\u00e0 \u0111\u1ed9 trong c\u1ee7a m\u00e0n h\u00ecnh c\u0169ng kh\u00e1 l\u00e0 \u1ed5n lu\u00f4n.Tr\u00ean chi\u1ebfc TV n\u00e0y c\u0169ng h\u1ed7 tr\u1ee3 ng\u01b0\u1eddi d\u00f9ng t\u00f9y ch\u1ec9nh l\u1ea1i m\u00e0u s\u1eafc hi\u1ec3n th\u1ecb v\u1edbi nh\u1eefng profile c\u00f3 s\u1eb5n, ho\u1eb7c l\u00e0 ch\u00fang ta c\u0169ng c\u00f3 th\u1ec3 t\u00f9y ch\u1ec9nh theo t\u00f4ng m\u00e0u RGB d\u00e0nh cho nh\u1eefng ng\u01b0\u1eddi mu\u1ed1n t\u00f9y ch\u1ec9nh m\u00e0u s\u1eafc theo c\u00e1ch chuy\u00ean nghi\u1ec7p h\u01a1n n\u1eefa.<\/p>\n<p><img loading=\"lazy\" decoding=\"async\" class=\"aligncenter wp-image-47170\" src=\"https:\/\/tivixiaomi.co\/wp-content\/uploads\/2019\/09\/smart-tivi-xiaomi-4a-70-inch-4k-hdr-hien-thi-scaled.jpg\" alt=\"\" width=\"1200\" height=\"675\" \/><\/p>\n<p>T\u00f3m l\u1ea1i, v\u1edbi t\u1ea5t c\u1ea3 nh\u1eefng g\u00ec m\u00e0 h\u00ecnh \u1ea3nh Tivi Xiaomi 4A mang l\u1ea1i, \u0111i k\u00e8m v\u1edbi k\u00edch th\u01b0\u1edbc r\u1ea5t l\u1edbn l\u00ean t\u1edbi 70 inches n\u1eefa th\u00ec chi\u1ebfc tivi n\u00e0y c\u1ef1c k\u1ef3 ph\u00f9 h\u1ee3p \u0111\u1ec3 thi\u1ebft k\u1ebf nh\u01b0 m\u1ed9t r\u1ea1p chi\u1ebfu b\u00f3ng t\u1ea1i nh\u00e0 \u0111\u00fang kh\u00f4ng n\u00e0o.<\/p>\n<h3><strong>\u0110\u00e1nh gi\u00e1 c\u1ea5u h\u00ecnh Tivi Xiaomi 4A 70 inch 4K HDR<\/strong><\/h3>\n<p>\u0110i v\u00e0o ph\u00eda b\u00ean trong, m\u1eb7c d\u00f9 \u0111\u00e2y l\u00e0 chi\u1ebfc tivi \u0111\u00e3 \u0111\u01b0\u1ee3c trang b\u1ecb thi\u1ebft k\u1ebf c\u0169ng nh\u01b0 t\u1ea5m n\u1ec1n r\u1ea5t t\u1ed1t r\u1ed3i, nh\u01b0ng v\u1ec1 t\u00ednh n\u0103ng c\u1ee7a n\u00f3 c\u00f2n l\u00e0m t\u1ed1t h\u01a1n th\u1ebf n\u1eefa. Tivi Xiaomi 4A \u0111\u01b0\u1ee3c c\u00e0i s\u1eb5n Android \u0111i k\u00e8m v\u1edbi 2GB RAM v\u00e0 16GB b\u1ed9 nh\u1edb trong, v\u00e0 ch\u00fang ta s\u1ebd c\u00f3 m\u1ed9t con chip x\u1eed l\u00fd l\u00f5i t\u1ee9 \u0111\u1ebfn t\u1eeb Amlogic c\u1ee7a M\u1ef9 v\u00e0 \u0111\u00e2y l\u00e0 m\u1ed9t con chip 64 bit.<\/p>\n<p><img loading=\"lazy\" decoding=\"async\" class=\"aligncenter wp-image-47168\" src=\"https:\/\/tivixiaomi.co\/wp-content\/uploads\/2019\/09\/smart-tivi-xiaomi-4a-70-inch-4k-hdr-cau-hinh-scaled.jpg\" alt=\"\" width=\"1200\" height=\"675\" \/><\/p>\n<p>Tivi Xiaomi 4A 70 inches c\u0169ng \u0111\u00e3 c\u00f3 s\u1eb5n phi\u00ean b\u1ea3n ROM c\u00f3 ti\u1ebfng Vi\u1ec7t lu\u00f4n \u0111\u1ec3 ch\u00fang ta ti\u1ec7n l\u1ee3i h\u01a1n trong qu\u00e1 tr\u00ecnh s\u1eed d\u1ee5ng, phi\u00ean b\u1ea3n Android \u0111\u01b0\u1ee3c c\u00e0i tr\u00ean Tivi Xiaomi 4A l\u00e0 6.0.1, m\u1ed9t phi\u00ean b\u1ea3n Android v\u1eabn kh\u00e1 m\u1edbi m\u1ebb v\u1edbi Android Tivi. V\u1edbi c\u1ea5u h\u00ecnh nh\u01b0 v\u1eady th\u00ec Tivi Xiaomi 4A c\u00f3 cho m\u00ecnh nh\u1eefng ph\u1ea3n h\u1ed3i v\u1ec1 c\u00e1c t\u00e1c v\u1ee5 c\u01a1 b\u1ea3n cho \u0111\u1ebfn c\u00e1c t\u00e1c v\u1ee5 ph\u1ee9c t\u1ea1p h\u01a1n m\u1ed9t ch\u00fat v\u00ed d\u1ee5 nh\u01b0 l\u01b0\u1edbt Youtube ho\u1eb7c s\u1eed d\u1ee5ng nh\u1eefng t\u00ednh n\u0103ng \u0111\u1eb7c bi\u1ec7t v\u1eabn qu\u00e1 m\u01b0\u1ee3t m\u00e0 lu\u00f4n.<\/p>\n<p><img loading=\"lazy\" decoding=\"async\" class=\"aligncenter wp-image-47167\" src=\"https:\/\/tivixiaomi.co\/wp-content\/uploads\/2019\/09\/smart-tivi-xiaomi-4a-70-inch-4k-hdr-android-version-scaled.jpg\" alt=\"\" width=\"1200\" height=\"675\" \/><\/p>\n<p>M\u1eb7c d\u00f9 v\u1eady th\u00ec s\u1ea3n ph\u1ea9m n\u00e0y v\u1eabn ch\u01b0a \u0111\u01b0\u1ee3c c\u00e0i s\u1eb5n tr\u00ecnh nh\u1eadn di\u1ec7n gi\u1ecdng n\u00f3i b\u1eb1ng ti\u1ebfng Vi\u1ec7t, ch\u00fang ta c\u00f3 th\u1ec3 nh\u1eadn di\u1ec7n gi\u1ecdng n\u00f3i b\u1eb1ng c\u00e1ch nh\u1ea5n gi\u1eef v\u00e0o ph\u00edm micro \u1edf tr\u00ean \u0111i\u1ec1u khi\u1ec3n t\u1eb7ng k\u00e8m c\u1ee7a Tivi. N\u1ebfu c\u00e1c b\u1ea1n mu\u1ed1n c\u00e0i ti\u1ebfng Vi\u1ec7t th\u00ec c\u00f3 th\u1ec3 y\u00eau c\u1ea7u c\u1eeda h\u00e0ng c\u00e0i cho ch\u00fang ta, gi\u00fap cho ch\u00fang ta ti\u1ec7n l\u1ee3i h\u01a1n trong qu\u00e1 tr\u00ecnh s\u1eed d\u1ee5ng.<\/p>\n<p><img loading=\"lazy\" decoding=\"async\" class=\"aligncenter wp-image-47176\" src=\"https:\/\/tivixiaomi.co\/wp-content\/uploads\/2019\/09\/smart-tivi-xiaomi-4a-70-inch-4k-hdr-remote-scaled.jpg\" alt=\"\" width=\"1200\" height=\"675\" \/><\/p>\n<p>Nh\u01b0 v\u1eady l\u00e0 m\u00ecnh \u0111\u00e3 g\u1eedi t\u1edbi c\u00e1c b\u1ea1n m\u1ed9t b\u00e0i gi\u1edbi thi\u1ec7u nhanh v\u1ec1 Tivi Xiaomi 4A 70 inches, chi\u1ebfc tivi c\u00f3 k\u00edch th\u01b0\u1edbc m\u00e0n h\u00ecnh r\u1ea5t l\u1edbn nh\u01b0 m\u1ed9t r\u1ea1p chi\u1ebfu b\u00f3ng t\u1ea1i gia v\u1eady. S\u1eafp t\u1edbi tivixiaomi.com s\u1ebd c\u1ed1 g\u1eafng g\u1eedi \u0111\u1ebfn c\u00e1c b\u1ea1n nhi\u1ec1u video \u0111\u00e1nh gi\u00e1 s\u1ea3n ph\u1ea9m tivi c\u1ee7a Xiaomi h\u01a1n n\u1eefa. V\u00e0 n\u1ebfu c\u00e1c b\u1ea1n \u0111ang quan t\u00e2m \u0111\u1ebfn gi\u00e1 b\u00e1n c\u1ee7a s\u1ea3n ph\u1ea9m c\u00f3 th\u1ec3 c\u00f3 th\u1ec3 truy c\u1eadp t\u1ea1i website tivixiaomi.com. C\u00f2n b\u00e2y gi\u1edd xin ch\u00e0o v\u00e0 h\u1eb9n g\u1eb7p l\u1ea1i c\u00e1c b\u1ea1n \u1edf nh\u1eefng video ti\u1ebfp theo.<\/p>\n","protected":false},"excerpt":{"rendered":"<ul>\n<li>D\u00f2ng 4A 2019 Series<\/li>\n<li>M\u00e0n h\u00ecnh: 4K<\/li>\n<li>RAM: 2GB<\/li>\n<li>Dung l\u01b0\u1ee3ng: 16GB<\/li>\n<\/ul>\n","protected":false},"featured_media":63100,"comment_status":"open","ping_status":"closed","template":"","meta":[],"product_brand":[],"product_cat":[27],"product_tag":[],"class_list":{"0":"post-39127","1":"product","2":"type-product","3":"status-publish","4":"has-post-thumbnail","6":"product_cat-chua-phan-loai","8":"first","9":"outofstock","10":"shipping-taxable","11":"purchasable","12":"product-type-simple"},"_links":{"self":[{"href":"https:\/\/tivixiaomi.co\/en\/wp-json\/wp\/v2\/product\/39127"}],"collection":[{"href":"https:\/\/tivixiaomi.co\/en\/wp-json\/wp\/v2\/product"}],"about":[{"href":"https:\/\/tivixiaomi.co\/en\/wp-json\/wp\/v2\/types\/product"}],"replies":[{"embeddable":true,"href":"https:\/\/tivixiaomi.co\/en\/wp-json\/wp\/v2\/comments?post=39127"}],"version-history":[{"count":1,"href":"https:\/\/tivixiaomi.co\/en\/wp-json\/wp\/v2\/product\/39127\/revisions"}],"predecessor-version":[{"id":69840,"href":"https:\/\/tivixiaomi.co\/en\/wp-json\/wp\/v2\/product\/39127\/revisions\/69840"}],"wp:featuredmedia":[{"embeddable":true,"href":"https:\/\/tivixiaomi.co\/en\/wp-json\/wp\/v2\/media\/63100"}],"wp:attachment":[{"href":"https:\/\/tivixiaomi.co\/en\/wp-json\/wp\/v2\/media?parent=39127"}],"wp:term":[{"taxonomy":"product_brand","embeddable":true,"href":"https:\/\/tivixiaomi.co\/en\/wp-json\/wp\/v2\/product_brand?post=39127"},{"taxonomy":"product_cat","embeddable":true,"href":"https:\/\/tivixiaomi.co\/en\/wp-json\/wp\/v2\/product_cat?post=39127"},{"taxonomy":"product_tag","embeddable":true,"href":"https:\/\/tivixiaomi.co\/en\/wp-json\/wp\/v2\/product_tag?post=39127"}],"curies":[{"name":"wp","href":"https:\/\/api.w.org\/{rel}","templated":true}]}}