{"id":40283,"date":"2019-10-18T17:57:42","date_gmt":"2019-10-18T10:57:42","guid":{"rendered":"https:\/\/tivixiaomi.co\/?post_type=product&#038;p=40283"},"modified":"2024-09-04T13:29:05","modified_gmt":"2024-09-04T06:29:05","slug":"tivi-xiaomi-e55s-pro-55-inch","status":"publish","type":"product","link":"https:\/\/tivixiaomi.co\/en\/tivi\/tivi-xiaomi-e55s-pro-55-inch\/","title":{"rendered":"TIVI XIAOMI E55S PRO 55 inch"},"content":{"rendered":"<p><span style=\"font-weight: 400;\"><a href=\"https:\/\/tivixiaomi.co\">Smart Tivi Xiaomi<\/a> M\u00e0n H\u00ecnh Tr\u00e0n Vi\u1ec1n 55 inch PRO E55S Gi\u00e1 r\u1ebb t\u1ea1i H\u00e0 N\u1ed9i, TP.HCM. Mi\u1ec5n ph\u00ed l\u1eafp \u0111\u1eb7t, H\u1ed7 tr\u1ee3 v\u1eadn chuy\u1ec3n trong n\u1ed9i th\u00e0nh, Hotline: 0984.311.230. <\/span><\/p>\n<p><span style=\"font-weight: 400;\">Xin ch\u00e0o c\u00e1c b\u1ea1n, \u0111\u1eb7c bi\u1ec7t l\u00e0 nh\u1eefng fan c\u1ee9ng c\u1ee7a Xiaomi, v\u00e0 n\u1ebfu \u0111\u00e3 l\u00e0 fan c\u1ee9ng c\u1ee7a Xiaomi th\u00ec c\u00e1c b\u1ea1n kh\u00f4ng th\u1ec3 b\u1ecf l\u1ee1 th\u00f4ng tin r\u1eb1ng v\u1eeba qua t\u1ea1i th\u1ecb tr\u01b0\u1eddng Trung Qu\u1ed1c Xiaomi \u0111\u00e3 cho ra m\u1eaft d\u00f2ng tivi 4K v\u1edbi t\u00ean g\u1ecdi l\u00e0 Mi Tivi Pro, v\u00e0 \u1edf d\u00f2ng Mi Tivi Pro n\u00e0y th\u00ec Xiaomi \u0111\u00e3 cho ra m\u1eaft 3 phi\u00ean b\u1ea3n thi\u1ebft k\u1ebf m\u00e0n h\u00ecnh \u0111\u00f3 l\u00e0 43 inch, 55 inch v\u00e0 65 inch. V\u1eady th\u00ec ngay b\u00e2y gi\u1edd ch\u00fang ta h\u00e3y c\u00f9ng v\u1edbi Tivixiaomi.com c\u00f9ng \u0111i kh\u00e1m ph\u00e1 m\u1ed9t trong ba d\u00f2ng s\u1ea3n ph\u1ea9m c\u1ee7a Mi Tivi Pro \u0111\u00f3 ch\u00ednh l\u00e0 chi\u1ebfc Tivi Xiaomi m\u00e0n h\u00ecnh tr\u00e0n vi\u1ec1n 55 inch Pro E55S nh\u00e9.<\/span><\/p>\n<p style=\"text-align: center;\">Video \u0111\u00e1nh gi\u00e1 nhanh Tivi Xiaomi Pro E55S<\/p>\n<p><iframe title=\"Mi TV Pro 55 inches E55S Bezel-less \u2022 TiviXiaomi.Com\" width=\"640\" height=\"360\" src=\"https:\/\/www.youtube.com\/embed\/lGzr-yz6-L0?feature=oembed\" frameborder=\"0\" allow=\"accelerometer; autoplay; clipboard-write; encrypted-media; gyroscope; picture-in-picture; web-share\" referrerpolicy=\"strict-origin-when-cross-origin\" allowfullscreen><\/iframe><\/p>\n<h3><strong>\u0110\u00e1nh gi\u00e1 nhanh v\u1ec1 thi\u1ebft k\u1ebf c\u1ee7a Tivi Xiaomi Pro E55S<\/strong><\/h3>\n<p><span style=\"font-weight: 400;\">\u0110i\u1ec3m nh\u1ea5n s\u00e1ng gi\u00e1 nh\u1ea5t c\u1ee7a <a href=\"https:\/\/tivixiaomi.co\/san-pham\/smart-tivi-xiaomi-man-hinh-tran-vien-55-inch-pro-e55s\/\">Tivi Xiaomi M\u00e0n H\u00ecnh Tr\u00e0n Vi\u1ec1n 55 inch PRO E55S<\/a> m\u00e0 ch\u00fang ta c\u00f3 th\u1ec3 d\u1ec5 d\u00e0ng nh\u1eadn th\u1ea5y ngay \u0111\u00f3 ch\u00ednh l\u00e0 thi\u1ebft k\u1ebf si\u00eau sang tr\u1ecdng v\u00e0 b\u1eaft m\u1eaft. Nh\u01b0 c\u00e1c b\u1ea1n \u0111\u00e3 bi\u1ebft th\u00ec Tivi \u0111\u01b0\u1ee3c thi\u1ebft k\u1ebf v\u1edbi m\u00e0n h\u00ecnh tr\u00e0n vi\u1ec1n v\u00e0 t\u1ec9 l\u1ec7 m\u00e0n h\u00ecnh so v\u1edbi th\u00e2n m\u00e1y l\u00ean t\u1edbi 97%, hai vi\u1ec1n b\u00ean c\u1ea1nh c\u0169ng nh\u01b0 l\u00e0 vi\u1ec1n tr\u00ean \u0111\u01b0\u1ee3c thi\u1ebft k\u1ebf si\u00eau m\u1ecfng. Ch\u1ec9 c\u00f3 vi\u1ec1n b\u00ean d\u01b0\u1edbi \u0111\u01b0\u1ee3c thi\u1ebft k\u1ebf d\u1ea7y h\u01a1n m\u1ed9t ch\u00fat \u0111\u1ec3 c\u00f3 th\u1ec3 g\u1eafn logo Xiaomi m\u1ed9t c\u00e1ch tinh t\u1ebf.<\/span><\/p>\n<p><img fetchpriority=\"high\" decoding=\"async\" class=\"aligncenter wp-image-47450 size-full\" src=\"https:\/\/tivixiaomi.co\/wp-content\/uploads\/2019\/10\/tivi-xiaomi-pro-E55S-man-hinh-2.jpg\" alt=\"\" width=\"1200\" height=\"675\" \/><\/p>\n<p><img decoding=\"async\" class=\"aligncenter wp-image-47449 size-full\" src=\"https:\/\/tivixiaomi.co\/wp-content\/uploads\/2019\/10\/tivi-xiaomi-pro-E55S-logo-2.jpg\" alt=\"\" width=\"1200\" height=\"675\" \/><\/p>\n<p>V\u1ecf tivi \u0111\u01b0\u1ee3c l\u00e0m t\u1eeb h\u1ee3p kim nh\u00f4m c\u1ee9ng c\u00e1p v\u1edbi ch\u00e2n \u0111\u1ebf kim lo\u1ea1i v\u1eefng ch\u1eafc, v\u00e0 m\u1ed9t \u0111i\u1ec3m \u0111\u1eb7t bi\u1ec7t n\u1eefa \u0111\u00f3 ch\u00ednh l\u00e0 thi\u1ebft k\u1ebf m\u1eb7t sau b\u1eb1ng ch\u1ea5t li\u1ec7u kevlar m\u1ed9t v\u1eadt li\u1ec7u c\u00f3 s\u1ee9c b\u1ec1n c\u1ef1c k\u1ef3 cao, \u0111\u01b0\u1ee3c so s\u00e1nh c\u1ee9ng g\u1ea5p 5 l\u1ea7n so v\u1edbi th\u00e9p, \u0111em \u0111\u1ebfn v\u1ebb ngo\u00e0i sang tr\u1ecdng v\u00e0 \u1ea5n t\u01b0\u1ee3ng. V\u00e0 m\u1ed9t \u0111i\u1ec3m \u0111\u1eb7c bi\u1ec7t n\u1eefa r\u1ea5t \u0111\u00e1ng \u0111\u01b0\u1ee3c mong \u0111\u1ee3i l\u00e0 chi\u1ebfc tivi c\u1ee7a ch\u00fang ta \u0111\u00e3 \u0111\u01b0\u1ee3c c\u1eadp nh\u1eadt l\u00ean Android 9, \u1edf b\u1ea3n Android 9 ch\u00fang ta s\u1ebd c\u00f3 r\u1ea5t nhi\u1ec1u \u01b0u \u0111i\u1ec3m, v\u00ed d\u1ee5 nh\u01b0 ch\u00fang ta c\u00f3 th\u1ec3 c\u1eadp nh\u1eadt kodi m\u1edbi nh\u1ea5t v\u00e0 \u0111\u1eb7c bi\u1ec7t h\u01a1n n\u1eefa l\u00e0 ch\u00fang ta c\u00f3 th\u1ec3 xem video 4K tr\u00ean Youtube.<\/p>\n<p><img decoding=\"async\" class=\"aligncenter wp-image-47454 size-full\" src=\"https:\/\/tivixiaomi.co\/wp-content\/uploads\/2019\/10\/tivi-xiaomi-pro-E55S-vo-2.jpg\" alt=\"\" width=\"1200\" height=\"675\" \/><\/p>\n<p><img loading=\"lazy\" decoding=\"async\" class=\"aligncenter wp-image-47446 size-full\" src=\"https:\/\/tivixiaomi.co\/wp-content\/uploads\/2019\/10\/tivi-xiaomi-pro-E55S-chan-de-2.jpg\" alt=\"\" width=\"1200\" height=\"675\" \/><\/p>\n<h3><strong>\u0110\u00e1nh gi\u00e1 hi\u1ec3n th\u1ecb c\u1ee7a Tivi Xiaomi Mi Pro E55S<\/strong><\/h3>\n<p><span style=\"font-weight: 400;\">C\u00e1c b\u1ea1n th\u00e2n m\u1ebfn, khi m\u00e0 nh\u1eafc \u0111\u1ebfn t\u1ea5m n\u1ec1n c\u1ee7a tivi th\u00ec ch\u00fang ta s\u1ebd ngh\u0129 ngay t\u1edbi c\u00e1c \u00f4ng l\u1edbn nh\u01b0 l\u00e0 LG hay l\u00e0 Samsung, th\u1ebf nh\u01b0ng \u1edf nh\u1eefng v\u1ecb tr\u00ed ti\u1ebfp theo \u0111\u00f3 ch\u00ednh l\u00e0 nh\u1eefng c\u00f4ng ty \u0111\u1ebfn t\u1eeb Trung Qu\u1ed1c, b\u1edfi n\u01a1i \u0111\u00e2y \u0111\u01b0\u1ee3c m\u1ec7nh danh l\u00e0 x\u01b0\u1edfng s\u1ea3n xu\u1ea5t m\u00e0n h\u00ecnh tivi l\u1edbn nh\u1ea5t th\u1ebf gi\u1edbi. H\u1ecd \u0111\u00e3 t\u1eadp trung v\u00e0 s\u1ea3n xu\u1ea5t nh\u1eefng m\u00e0n h\u00ecnh tivi c\u00f3 k\u00edch th\u01b0\u1edbc l\u1edbn v\u00e0 gi\u00e1 r\u1ebb, \u0111i\u1ec1u n\u00e0y t\u1ea1o l\u1ee3i th\u1ebf r\u1ea5t l\u1edbn cho c\u00e1c c\u00f4ng ty n\u1ed9i \u0111\u1ecba \u0111\u1ec3 c\u00f3 th\u1ec3 gi\u1ea3m chi ph\u00ed s\u1ea3n xu\u1ea5t. V\u00e0 chi\u1ebfc tivi Xiaomi Pro E55S \u0111ang s\u1edf h\u1eefu t\u1ea5m n\u1ec1n c\u1ee7a CSOT, m\u1ed9t trong nh\u1eefng h\u00e3ng s\u1ea3n xu\u1ea5t m\u00e0n h\u00ecnh LCD h\u00e0ng \u0111\u1ea7u c\u1ee7a Trung Qu\u1ed1c, v\u1edbi t\u1ea5m n\u1ec1n tinh th\u1ec3 l\u1ecfng n\u00e0y th\u00ec Mi Tivi Pro E55S s\u1ebd c\u00f3 kh\u1ea3 n\u0103ng t\u00e1i t\u1ea1o m\u00e0u s\u1eafc c\u1ef1c k\u1ef3 tuy\u1ec7t v\u1eddi, nh\u1eefng chi ti\u1ebft c\u1ef1c k\u1ef3 s\u1eafc n\u00e9t, ti\u1ebft ki\u1ec7m \u0111i\u1ec7n n\u0103ng c\u0169ng nh\u01b0 l\u00e0 kh\u00f4ng h\u1ea1i m\u1eaft.<\/span><\/p>\n<p><img loading=\"lazy\" decoding=\"async\" class=\"aligncenter wp-image-47444 size-full\" src=\"https:\/\/tivixiaomi.co\/wp-content\/uploads\/2019\/10\/tivi-xiaomi-pro-E55S-4k-2.jpg\" alt=\"\" width=\"1200\" height=\"675\" \/><\/p>\n<h3><strong>\u0110\u00e1nh gi\u00e1 c\u1ea5u h\u00ecnh Tivi Xiaomi Mi Tivi Pro E55S<\/strong><\/h3>\n<p><span style=\"font-weight: 400;\">V\u1ec1 c\u1ea5u h\u00ecnh th\u00ec chi\u1ebfc Tivi Xiaomi Pro E55S c\u1ee7a ch\u00fang ta s\u1ebd \u0111\u01b0\u1ee3c trang b\u1ecb con chip l\u00f5i t\u1ee9 Amlogic T972 do h\u00e3ng Xiaomi v\u00e0 h\u00e3ng Amlogic \u0111\u1ed3ng ph\u00e1t tri\u1ec3n v\u1edbi t\u1ed1c \u0111\u1ed9 xung nh\u1ecbp l\u00ean t\u1edbi 1,9GHz. Theo Xiaomi chipset \u0111\u01b0\u1ee3c trang b\u1ecb tr\u00ean tivi \u0111\u01b0\u1ee3c s\u1ea3n xu\u1ea5t cho ph\u00e9p thi\u1ebft b\u1ecb \u0111\u01b0\u1ee3c ho\u1ea1t \u0111\u1ed9ng ti\u1ebft ki\u1ec7m \u0111i\u1ec7n l\u00ean t\u1edbi 55% so v\u1edbi c\u00e1c thi\u1ebft b\u1ecb tr\u01b0\u1edbc, c\u00f9ng v\u1edbi \u0111\u00f3 l\u00e0 hi\u1ec7u n\u0103ng x\u1eed l\u00fd t\u1ed1t h\u01a1n 63%, v\u1eady n\u00ean d\u00f9 \u0111\u1ed9 ph\u00e2n gi\u1ea3i g\u1ed1c ch\u1ec9 l\u00e0 4K nh\u01b0ng thi\u1ebft b\u1ecb n\u00e0y v\u1eabn c\u00f3 th\u1ec3 x\u1eed l\u00fd \u0111\u01b0\u1ee3c n\u1ed9i dung 8K. <\/span><span style=\"font-weight: 400;\">V\u1edbi dung l\u01b0\u1ee3ng RAM l\u00ean \u0111\u1ebfn 2GB v\u00e0 b\u1ed9 nh\u1edb trong l\u00e0 ROM 32GB th\u00ec ng\u01b0\u1eddi d\u00f9ng c\u00f3 th\u1ec3 c\u1ea3m nh\u1eadn \u0111\u01b0\u1ee3c s\u1ef1 m\u01b0\u1ee3t m\u00e0 trong m\u1ecdi thao t\u00e1c \u0111i\u1ec1u khi\u1ec3n. <\/span><span style=\"font-weight: 400;\">Gi\u1ed1ng nh\u01b0 c\u00e1c d\u00f2ng Mi tivi tr\u01b0\u1edbc \u0111\u00e2y th\u00ec Mi Tivi Pro E55S c\u0169ng ch\u1ea1y h\u1ec7 \u0111i\u1ec1u h\u00e0nh PatchWall v\u00e0 s\u1edf h\u1eefu nh\u1eefng \u1ee9ng d\u1ee5ng streaming cho th\u1ecb tr\u01b0\u1eddng Trung Qu\u1ed1c nh\u01b0 l\u00e0 VOD, Youku hay l\u00e0 Tencent Video.<\/span><\/p>\n<p><img loading=\"lazy\" decoding=\"async\" class=\"aligncenter wp-image-47445 size-full\" src=\"https:\/\/tivixiaomi.co\/wp-content\/uploads\/2019\/10\/tivi-xiaomi-pro-E55S-cau-hinh-2.png\" alt=\"\" width=\"1200\" height=\"675\" srcset=\"https:\/\/tivixiaomi.co\/wp-content\/uploads\/2019\/10\/tivi-xiaomi-pro-E55S-cau-hinh-2.png 1200w, https:\/\/tivixiaomi.co\/wp-content\/uploads\/2019\/10\/tivi-xiaomi-pro-E55S-cau-hinh-2-150x84.png 150w, https:\/\/tivixiaomi.co\/wp-content\/uploads\/2019\/10\/tivi-xiaomi-pro-E55S-cau-hinh-2-600x338.png 600w, https:\/\/tivixiaomi.co\/wp-content\/uploads\/2019\/10\/tivi-xiaomi-pro-E55S-cau-hinh-2-300x169.png 300w, https:\/\/tivixiaomi.co\/wp-content\/uploads\/2019\/10\/tivi-xiaomi-pro-E55S-cau-hinh-2-1024x576.png 1024w, https:\/\/tivixiaomi.co\/wp-content\/uploads\/2019\/10\/tivi-xiaomi-pro-E55S-cau-hinh-2-768x432.png 768w\" sizes=\"(max-width: 1200px) 100vw, 1200px\" \/><\/p>\n<p><span style=\"font-weight: 400;\">V\u1ec1 \u00e2m thanh th\u00ec chi\u1ebfc Mi Tivi Pro \u0111\u01b0\u1ee3c trang b\u1ecb 2 loa stereo c\u00f9ng v\u1edbi \u0111\u00f3 l\u00e0 b\u1ed9 \u0111\u00f4i c\u00f4ng ngh\u1ec7 DTS v\u00e0 Dolby Audio gi\u00fap cho \u00e2m thanh c\u1ef1c k\u1ef3 trong tr\u1ebbo, s\u1ed1ng \u0111\u1ed9ng v\u00e0 th\u1ef1c s\u1ef1 \u1ea5n t\u01b0\u1ee3ng so v\u1edbi nh\u1eefng tivi \u1edf c\u00f9ng ph\u00e2n kh\u00fac.<\/span><\/p>\n<p><span style=\"font-weight: 400;\">Chi\u1ebfc Mi Tivi Pro E55S c\u1ee7a ch\u00fang ta c\u00f2n s\u1edf h\u1eefu nhi\u1ec1u c\u1ed5ng k\u1ebft n\u1ed1i, v\u00ed d\u1ee5 nh\u01b0 HDMI, USB, Network Athena, v.v\u2026 \u0111\u1ec3 ch\u00fang ta c\u00f3 th\u1ec3 k\u1ebft n\u1ed1i v\u1edbi c\u00e1c thi\u1ebft b\u1ecb ngo\u1ea1i vi v\u00e0 t\u1eadn h\u01b0\u1edfng th\u1eadt nhi\u1ec1u ti\u1ec7n \u00edch th\u00f4ng minh, c\u00f9ng v\u1edbi \u0111\u00f3 l\u00e0 kho gi\u1ea3i tr\u00ed kh\u1ed5ng l\u1ed3 s\u1eed d\u1ee5ng giao di\u1ec7n tr\u1ef1c quan, hi\u1ec7n \u0111\u1ea1i c\u00f9ng nhi\u1ec1u \u1ee9ng d\u1ee5ng ph\u1ed5 bi\u1ebfn c\u00f3 s\u1eb5n nh\u01b0 Youtube, Netflix, FPT Play, Fim+ ho\u1eb7c c\u00f3 th\u1ec3 t\u1ea3i th\u00eam ZingTV, NCT, Spotify \u0111\u1ec3 \u0111\u00e1p \u1ee9ng nhu c\u1ea7u cho t\u1eebng th\u00e0nh vi\u00ean trong gia \u0111\u00ecnh c\u1ee7a b\u1ea1n.<\/span><\/p>\n<p><img loading=\"lazy\" decoding=\"async\" class=\"aligncenter wp-image-47447 size-full\" src=\"https:\/\/tivixiaomi.co\/wp-content\/uploads\/2019\/10\/tivi-xiaomi-pro-E55S-inout-2.jpg\" alt=\"\" width=\"1200\" height=\"675\" \/><\/p>\n<p><img loading=\"lazy\" decoding=\"async\" class=\"aligncenter wp-image-47448 size-full\" src=\"https:\/\/tivixiaomi.co\/wp-content\/uploads\/2019\/10\/tivi-xiaomi-pro-E55S-in-out-2.jpg\" alt=\"\" width=\"1200\" height=\"675\" \/><\/p>\n<p><img loading=\"lazy\" decoding=\"async\" class=\"aligncenter wp-image-47451\" src=\"https:\/\/tivixiaomi.co\/wp-content\/uploads\/2019\/10\/tivi-xiaomi-pro-E55S-patch-wall-2.png\" alt=\"\" width=\"1200\" height=\"675\" srcset=\"https:\/\/tivixiaomi.co\/wp-content\/uploads\/2019\/10\/tivi-xiaomi-pro-E55S-patch-wall-2.png 1378w, https:\/\/tivixiaomi.co\/wp-content\/uploads\/2019\/10\/tivi-xiaomi-pro-E55S-patch-wall-2-150x84.png 150w, https:\/\/tivixiaomi.co\/wp-content\/uploads\/2019\/10\/tivi-xiaomi-pro-E55S-patch-wall-2-600x337.png 600w, https:\/\/tivixiaomi.co\/wp-content\/uploads\/2019\/10\/tivi-xiaomi-pro-E55S-patch-wall-2-300x169.png 300w, https:\/\/tivixiaomi.co\/wp-content\/uploads\/2019\/10\/tivi-xiaomi-pro-E55S-patch-wall-2-1024x576.png 1024w, https:\/\/tivixiaomi.co\/wp-content\/uploads\/2019\/10\/tivi-xiaomi-pro-E55S-patch-wall-2-768x432.png 768w\" sizes=\"(max-width: 1200px) 100vw, 1200px\" \/><\/p>\n<p><span style=\"font-weight: 400;\">Nh\u1eefng t\u00ednh n\u0103ng \u0111\u00e1ng ch\u00fa \u00fd kh\u00e1c c\u0169ng \u0111\u01b0\u1ee3c trang b\u1ecb cho Mi Tivi Pro bao g\u1ed3m tr\u1ee3 l\u00fd \u1ea3o \u0111\u1ed9c quy\u1ec1n c\u1ee7a Xiaomi, t\u00ednh n\u0103ng \u0111i\u1ec1u khi\u1ec3n gi\u1ecdng n\u00f3i, tu\u1ef3 ch\u1ecdn k\u1ebft n\u1ed1i v\u00e0 \u0111i\u1ec1u khi\u1ec3n t\u1eeb xa v\u1edbi c\u00e1c thi\u1ebft b\u1ecb IoT.<\/span><\/p>\n<h3><strong>Tivi Xiaomi Mi Pro E55S gi\u00e1 r\u1ebb so v\u1edbi nh\u1eefng g\u00ec b\u1ea1n nh\u1eadn \u0111\u01b0\u1ee3c<\/strong><\/h3>\n<p><span style=\"font-weight: 400;\">Smart Tivi Xiaomi m\u00e0n h\u00ecnh tr\u00e0n vi\u1ec1n 55 inch Pro E55S v\u1edbi thi\u1ebft k\u1ebf n\u1ed5i b\u1eadt, tinh t\u1ebf v\u00e0 sang tr\u1ecdng, c\u1ea5u h\u00ecnh m\u1ea1nh m\u1ebd, \u0111\u00e1p \u1ee9ng m\u1ecdi nhu c\u1ea7u s\u1eed d\u1ee5ng, m\u00e0u s\u1eafc ch\u00e2n th\u1ef1c, \u00e2m thanh s\u1ed1ng \u0111\u1ed9ng, \u0111a d\u1ea1ng c\u1ed5ng k\u1ebft n\u1ed1i, t\u00edch h\u1ee3p nhi\u1ec1u t\u00ednh n\u0103ng th\u00f4ng minh.<\/span><\/p>\n<p><img fetchpriority=\"high\" decoding=\"async\" class=\"aligncenter wp-image-47450 size-full\" src=\"https:\/\/tivixiaomi.co\/wp-content\/uploads\/2019\/10\/tivi-xiaomi-pro-E55S-man-hinh-2.jpg\" alt=\"\" width=\"1200\" height=\"675\" \/><\/p>\n<p><span style=\"font-weight: 400;\">C\u00e1c b\u1ea1n th\u00e2n m\u1ebfn, v\u1eeba r\u1ed3i ch\u00fang ta v\u1eeba \u0111\u00e1nh gi\u00e1 m\u1ed9t trong nh\u1eefng chi\u1ebfc tivi HOT nh\u1ea5t c\u1ee7a Xiaomi hi\u1ec7n nay, \u0111\u00f3 ch\u00ednh l\u00e0 chi\u1ebfc Mi Tivi Pro E55S, s\u1eafp t\u1edbi tivixiaomi.com s\u1ebd c\u1ed1 g\u1eafng g\u1eedi \u0111\u1ebfn c\u00e1c b\u1ea1n nhi\u1ec1u video \u0111\u00e1nh gi\u00e1 s\u1ea3n ph\u1ea9m tivi c\u1ee7a Xiaomi h\u01a1n n\u1eefa. V\u00e0 n\u1ebfu c\u00e1c b\u1ea1n \u0111ang quan t\u00e2m \u0111\u1ebfn gi\u00e1 b\u00e1n c\u1ee7a s\u1ea3n ph\u1ea9m c\u00f3 th\u1ec3 c\u00f3 th\u1ec3 truy c\u1eadp t\u1ea1i website tivixiaomi.com. C\u00f2n b\u00e2y gi\u1edd xin ch\u00e0o v\u00e0 h\u1eb9n g\u1eb7p l\u1ea1i c\u00e1c b\u1ea1n \u1edf nh\u1eefng b\u00e0i \u0111\u00e1nh gi\u00e1 ti\u1ebfp theo.<\/span><\/p>\n","protected":false},"excerpt":{"rendered":"<ul>\n<li>D\u00f2ng ES Pro 2019 Series<\/li>\n<li>M\u00e0n h\u00ecnh: 4K<\/li>\n<li>RAM: 2GB<\/li>\n<li>Dung l\u01b0\u1ee3ng: 32GB<\/li>\n<\/ul>\n","protected":false},"featured_media":62800,"comment_status":"open","ping_status":"closed","template":"","meta":[],"product_brand":[],"product_cat":[372,255],"product_tag":[456],"class_list":{"0":"post-40283","1":"product","2":"type-product","3":"status-publish","4":"has-post-thumbnail","6":"product_cat-tivi-xiaomi-es-pro","7":"product_cat-tivi-xiaomi-man-hinh-tran","8":"product_tag-tivi-xiaomi-e55s-pro-55-inch","10":"first","11":"outofstock","12":"sale","13":"shipping-taxable","14":"purchasable","15":"product-type-simple"},"_links":{"self":[{"href":"https:\/\/tivixiaomi.co\/en\/wp-json\/wp\/v2\/product\/40283"}],"collection":[{"href":"https:\/\/tivixiaomi.co\/en\/wp-json\/wp\/v2\/product"}],"about":[{"href":"https:\/\/tivixiaomi.co\/en\/wp-json\/wp\/v2\/types\/product"}],"replies":[{"embeddable":true,"href":"https:\/\/tivixiaomi.co\/en\/wp-json\/wp\/v2\/comments?post=40283"}],"version-history":[{"count":1,"href":"https:\/\/tivixiaomi.co\/en\/wp-json\/wp\/v2\/product\/40283\/revisions"}],"predecessor-version":[{"id":69839,"href":"https:\/\/tivixiaomi.co\/en\/wp-json\/wp\/v2\/product\/40283\/revisions\/69839"}],"wp:featuredmedia":[{"embeddable":true,"href":"https:\/\/tivixiaomi.co\/en\/wp-json\/wp\/v2\/media\/62800"}],"wp:attachment":[{"href":"https:\/\/tivixiaomi.co\/en\/wp-json\/wp\/v2\/media?parent=40283"}],"wp:term":[{"taxonomy":"product_brand","embeddable":true,"href":"https:\/\/tivixiaomi.co\/en\/wp-json\/wp\/v2\/product_brand?post=40283"},{"taxonomy":"product_cat","embeddable":true,"href":"https:\/\/tivixiaomi.co\/en\/wp-json\/wp\/v2\/product_cat?post=40283"},{"taxonomy":"product_tag","embeddable":true,"href":"https:\/\/tivixiaomi.co\/en\/wp-json\/wp\/v2\/product_tag?post=40283"}],"curies":[{"name":"wp","href":"https:\/\/api.w.org\/{rel}","templated":true}]}}