{"id":42839,"date":"2019-11-15T11:42:37","date_gmt":"2019-11-15T04:42:37","guid":{"rendered":"https:\/\/tivixiaomi.co\/?post_type=product&#038;p=42839"},"modified":"2024-09-04T00:36:07","modified_gmt":"2024-09-03T17:36:07","slug":"mi-display-23-8-inch","status":"publish","type":"product","link":"https:\/\/tivixiaomi.co\/en\/tivi\/mi-display-23-8-inch\/","title":{"rendered":"M\u00e0n H\u00ecnh Ph\u1eb3ng FHD Xiaomi 23.8 inch (Mi Display 23.8 inch)"},"content":{"rendered":"<h2><strong>Video gi\u1edbi thi\u1ec7u\u00a0<\/strong>M\u00e0n H\u00ecnh Ph\u1eb3ng FHD Xiaomi 23.8 inch (Mi Display 23.8 inch)<\/h2>\n<p><iframe title=\"M\u00e0n H\u00ecnh Ph\u1eb3ng FHD Xiaomi 23.8 inch \u2022 TiviXiaomi.Com\" width=\"640\" height=\"360\" src=\"https:\/\/www.youtube.com\/embed\/najg5-402DA?feature=oembed\" frameborder=\"0\" allow=\"accelerometer; autoplay; clipboard-write; encrypted-media; gyroscope; picture-in-picture; web-share\" referrerpolicy=\"strict-origin-when-cross-origin\" allowfullscreen><\/iframe><\/p>\n","protected":false},"excerpt":{"rendered":"<ul class=\"pro-descp descp J_proDescp\">\n<li><b>Mi\u1ec5n ph\u00ed<\/b> c\u00f4ng l\u1eafp \u0111\u1eb7t (H\u00e0 N\u1ed9i v\u00e0 Th\u00e0nh ph\u1ed1 H\u1ed3 Ch\u00ed Minh)<\/li>\n<li>L\u1ed7i l\u00e0 \u0111\u1ed5i m\u1edbi trong\u00a0<b>1 th\u00e1ng\u00a0<\/b>t\u1eadn nh\u00e0<\/li>\n<li>\u0110\u1ed5i tr\u1ea3 v\u00e0 b\u1ea3o h\u00e0nh c\u1ef1c d\u1ec5\u00a0<b>ch\u1ec9 c\u1ea7n s\u1ed1 \u0111i\u1ec7n tho\u1ea1i<\/b><\/li>\n<li>B\u1ea3o h\u00e0nh\u00a0<b>ch\u00ednh h\u00e3ng tivi 1 n\u0103m<\/b>, c\u00f3 ng\u01b0\u1eddi \u0111\u1ebfn l\u1ea5y t\u1eadn nh\u00e0<\/li>\n<li>G\u1ecdi \u0111\u1eb7t mua:\u00a0<a href=\"tel:0984311230\">0984.311.230<\/a><i class=\"icondetailV3-callme\"><\/i>\u00a0(7:30-22:00)<\/li>\n<li>Tr\u1ea3 g\u00f3p l\u00e3i su\u1ea5t 0% b\u1eb1ng th\u1ebb t\u00edn d\u1ee5ng<\/li>\n<\/ul>\n","protected":false},"featured_media":59115,"comment_status":"open","ping_status":"closed","template":"","meta":[],"product_brand":[],"product_cat":[27],"product_tag":[],"class_list":{"0":"post-42839","1":"product","2":"type-product","3":"status-publish","4":"has-post-thumbnail","6":"product_cat-chua-phan-loai","8":"first","9":"outofstock","10":"sale","11":"shipping-taxable","12":"purchasable","13":"product-type-simple"},"_links":{"self":[{"href":"https:\/\/tivixiaomi.co\/en\/wp-json\/wp\/v2\/product\/42839"}],"collection":[{"href":"https:\/\/tivixiaomi.co\/en\/wp-json\/wp\/v2\/product"}],"about":[{"href":"https:\/\/tivixiaomi.co\/en\/wp-json\/wp\/v2\/types\/product"}],"replies":[{"embeddable":true,"href":"https:\/\/tivixiaomi.co\/en\/wp-json\/wp\/v2\/comments?post=42839"}],"version-history":[{"count":1,"href":"https:\/\/tivixiaomi.co\/en\/wp-json\/wp\/v2\/product\/42839\/revisions"}],"predecessor-version":[{"id":69837,"href":"https:\/\/tivixiaomi.co\/en\/wp-json\/wp\/v2\/product\/42839\/revisions\/69837"}],"wp:featuredmedia":[{"embeddable":true,"href":"https:\/\/tivixiaomi.co\/en\/wp-json\/wp\/v2\/media\/59115"}],"wp:attachment":[{"href":"https:\/\/tivixiaomi.co\/en\/wp-json\/wp\/v2\/media?parent=42839"}],"wp:term":[{"taxonomy":"product_brand","embeddable":true,"href":"https:\/\/tivixiaomi.co\/en\/wp-json\/wp\/v2\/product_brand?post=42839"},{"taxonomy":"product_cat","embeddable":true,"href":"https:\/\/tivixiaomi.co\/en\/wp-json\/wp\/v2\/product_cat?post=42839"},{"taxonomy":"product_tag","embeddable":true,"href":"https:\/\/tivixiaomi.co\/en\/wp-json\/wp\/v2\/product_tag?post=42839"}],"curies":[{"name":"wp","href":"https:\/\/api.w.org\/{rel}","templated":true}]}}