{"id":43416,"date":"2019-11-21T17:07:49","date_gmt":"2019-11-21T10:07:49","guid":{"rendered":"https:\/\/tivixiaomi.co\/?post_type=product&#038;p=43416"},"modified":"2024-09-04T13:27:46","modified_gmt":"2024-09-04T06:27:46","slug":"mitv5pro-55","status":"publish","type":"product","link":"https:\/\/tivixiaomi.co\/en\/tivi\/mitv5pro-55\/","title":{"rendered":"TIVI XIAOMI 5 PRO 55 inch (Mi TV 5 PRO 55\u2033)"},"content":{"rendered":"<p style=\"text-align: justify;\"><span style=\"font-weight: 400;\">Smart Tivi Xiaomi Mi Tivi 5 Pro 55 inch (Mi TV 5 Pro 55\u2033) Gi\u00e1 r\u1ebb t\u1ea1i H\u00e0 N\u1ed9i, TP.HCM. Mi\u1ec5n ph\u00ed l\u1eafp \u0111\u1eb7t, H\u1ed7 tr\u1ee3 v\u1eadn chuy\u1ec3n trong n\u1ed9i th\u00e0nh, Hotline: 0984.311.230. <\/span><\/p>\n<p style=\"text-align: justify;\"><span style=\"font-weight: 400;\">Ch\u00e0o m\u1eebng c\u00e1c b\u1ea1n \u0111\u00e3 quay tr\u1edf l\u1ea1i v\u1edbi Tivixiaomi.com, v\u00e0 trong nh\u1eefng b\u00e0i \u0111\u00e1nh gi\u00e1 tr\u01b0\u1edbc \u0111\u00e2y tivixiaomi.com \u0111\u00e3 g\u1eedi \u0111\u1ebfn c\u00e1c b\u1ea1n nh\u1eefng m\u1eabu tivi 43, 65 th\u1ebf h\u1ec7 th\u1ee9 5 v\u00e0 h\u00f4m nay tivixiaomi g\u1eedi \u0111\u1ebfn c\u00e1c b\u1ea1n b\u00e0i \u0111\u00e1nh gi\u00e1 m\u1eabu tivi Pro v\u1edbi k\u00edch th\u01b0\u1edbc 55inches m\u1edbi nh\u1ea5t c\u1ee7a Xiaomi v\u1eeba \u0111\u01b0\u1ee3c ra m\u1eaft. V\u1eady th\u00ec t\u1ea1i sao d\u00f2ng Tivi n\u00e0y l\u1ea1i \u0111\u01b0\u1ee3c xiaomi g\u00e1n cho c\u00e1i m\u00e1c Pro, s\u1ef1 n\u00e2ng c\u1ea5p \u1edf \u0111\u00e2y l\u00e0 g\u00ec v\u00e0 li\u1ec7u ch\u00fang ta c\u00f3 n\u00ean mua s\u1ea3n ph\u1ea9m n\u00e0y hay kh\u00f4ng, h\u00e3y c\u00f9ng tivixiaomi.com \u0111\u00e1nh gi\u00e1 v\u00e0 tr\u1ea3i nghi\u1ec7m s\u1ea3n ph\u1ea9m n\u00e0y.<\/span><\/p>\n<p>&nbsp;<\/p>\n<p>Video \u0111\u00e1nh gi\u00e1 nhanh Mi Tivi 5 Pro 55 inches<\/p>\n<p><iframe title=\"Mi TV 5 PRO 55 inches \u2022 TiviXiaomi.Com\" width=\"640\" height=\"360\" src=\"https:\/\/www.youtube.com\/embed\/ARFm1FlZiGM?feature=oembed\" frameborder=\"0\" allow=\"accelerometer; autoplay; clipboard-write; encrypted-media; gyroscope; picture-in-picture; web-share\" referrerpolicy=\"strict-origin-when-cross-origin\" allowfullscreen><\/iframe><\/p>\n<h2 style=\"text-align: justify;\"><strong>\u0110\u00e1nh gi\u00e1 thi\u1ebft k\u1ebf Tivi Xiaomi Mi Tivi 5 Pro 55 inches<\/strong><\/h2>\n<p style=\"text-align: justify;\"><img fetchpriority=\"high\" decoding=\"async\" class=\"aligncenter wp-image-46245 size-full\" src=\"https:\/\/tivixiaomi.co\/wp-content\/uploads\/2019\/11\/Tivi-Xiaomi-Mi-Tivi-5-Pro-55-inch-1.jpg\" alt=\"\" width=\"1500\" height=\"1000\" \/><\/p>\n<p style=\"text-align: justify;\"><span style=\"font-weight: 400;\">\u0110\u1ea7u ti\u00ean v\u1ec1 thi\u1ebft k\u1ebf th\u00ec chi\u1ebfc Tivi <a href=\"https:\/\/tivixiaomi.co\/san-pham\/smart-tivi-xiaomi-5-pro-55-inch-mi-tv-5-pro-55%e2%80%b3\/\"><strong>Xiaomi Mi Tivi 5 Pro 55<\/strong><\/a> inches c\u00f3 \u0111i\u1ec3m t\u01b0\u01a1ng \u0111\u1ed3ng v\u1edbi d\u00f2ng Mi Tivi 5 th\u01b0\u1eddng. Ch\u00fang ta c\u00f3 \u1edf \u0111\u00e2y thi\u1ebft k\u1ebf b\u00ean ngo\u00e0i gi\u1ed1ng \u0111\u1ebfn 99% c\u1ea3 v\u1ec1 h\u00ecnh th\u1ee9c c\u0169ng nh\u01b0 ch\u1ea5t li\u1ec7u s\u1ea3n ph\u1ea9m c\u1ea5u th\u00e0nh. Tivi Xiaomi Mi Tivi 5 Pro n\u1ed5i b\u1eadt h\u01a1n c\u1ea3 v\u1edbi c\u00e1c vi\u1ec1n m\u00e0n h\u00ecnh si\u00eau m\u1ecfng c\u1ea3 c\u1ea1nh tr\u00ean, d\u01b0\u1edbi v\u00e0 hai b\u00ean, theo nh\u01b0 h\u00e3ng c\u00f4ng b\u1ed1 th\u00ec ph\u1ea7n vi\u1ec1n n\u00e0y m\u1ecfng h\u01a1n \u0111\u1ebfn 47% so v\u1edbi th\u1ec7 h\u1ec7 \u0111i tr\u01b0\u1edbc \u0111\u00f3. Ph\u1ea7n vi\u1ec1n ph\u00eda c\u1ea1nh d\u01b0\u1edbi \u0111\u01b0\u1ee3c l\u00e0m b\u1eb1ng kim lo\u1ea1i c\u00f3 ch\u1ee9a logo Mi \u1edf \u0111\u00e2y, v\u00e0 ch\u00fang ta c\u00f3 th\u1ec3 d\u1ec5 d\u00e0ng nh\u1eadn ra s\u1ef1 kh\u00e1c bi\u1ec7t r\u00f5 r\u00e0ng nh\u1ea5t trong thi\u1ebft k\u1ebf c\u1ee7a chi\u1ebfc Tivi Xiaomi Mi Tivi 5 Pro 55 inches so v\u1edbi phi\u00ean b\u1ea3n th\u01b0\u1eddng \u0111\u00f3 ch\u00ednh l\u00e0 Logo Pro \u0111\u01b0\u1ee3c \u0111\u1eb7t \u1edf g\u00f3c ph\u1ea3i m\u00e0n h\u00ecnh.\u00a0<\/span><\/p>\n<p style=\"text-align: justify;\"><img decoding=\"async\" class=\"aligncenter wp-image-46246 size-full\" src=\"https:\/\/tivixiaomi.co\/wp-content\/uploads\/2019\/11\/Tivi-Xiaomi-Mi-Tivi-5-Pro-55-inch-5.jpg\" alt=\"\" width=\"1500\" height=\"1000\" \/><\/p>\n<p><img decoding=\"async\" class=\"aligncenter wp-image-46252 size-full\" src=\"https:\/\/tivixiaomi.co\/wp-content\/uploads\/2019\/11\/Tivi-Xiaomi-Mi-Tivi-5-Pro-55-inch-15.jpg\" alt=\"\" width=\"1500\" height=\"1000\" \/><\/p>\n<p><img loading=\"lazy\" decoding=\"async\" class=\"aligncenter wp-image-46250 size-full\" src=\"https:\/\/tivixiaomi.co\/wp-content\/uploads\/2019\/11\/Tivi-Xiaomi-Mi-Tivi-5-Pro-55-inch-13.jpg\" alt=\"\" width=\"1500\" height=\"1000\" \/><\/p>\n<p><img loading=\"lazy\" decoding=\"async\" class=\"aligncenter wp-image-46253 size-full\" src=\"https:\/\/tivixiaomi.co\/wp-content\/uploads\/2019\/11\/Tivi-Xiaomi-Mi-Tivi-5-Pro-55-inch-18.jpg\" alt=\"\" width=\"1500\" height=\"1000\" \/><\/p>\n<p><span style=\"font-weight: 400;\">\u0110\u1ebfn v\u1edbi c\u1ea3 ph\u1ea7n vi\u1ec1n kim lo\u1ea1i xung quanh c\u0169ng \u0111\u01b0\u1ee3c l\u00e0m b\u1eb1ng kim lo\u1ea1i lu\u00f4n v\u00e0 ch\u00fang ta s\u1ebd c\u00f3 d\u00f2ng ch\u1eef \u201cDesigned by Xiaomi\u201d c\u1ef1c k\u1ef3 n\u1ed5i b\u1eadt n\u1eb1m \u1edf ph\u00eda c\u1ea1nh vi\u1ec1n b\u00ean ph\u1ea3i, d\u00f2ng ch\u1eef n\u00e0y ch\u1ec9 th\u01b0\u1eddng \u0111\u01b0\u1ee3c xu\u1ea5t hi\u1ec7n tr\u00ean c\u00e1c s\u1ea3n ph\u1ea9m cao c\u1ea5p c\u1ee7a Xiaomi m\u00e0 th\u00f4i. V\u00e0 nh\u01b0 b\u1ea1n c\u00f3 th\u1ec3 th\u1ea5y \u1edf \u0111\u00e2y ch\u00fang ta c\u00f3 m\u1ed9t c\u1ea1nh vi\u1ec1n c\u1ee7a chi\u1ebfc Tivi Xiaomi Mi Tivi 5 Pro c\u1ef1c k\u1ef3 \u1ea5n t\u01b0\u1ee3ng v\u1edbi k\u00edch th\u01b0\u1edbc ch\u1ec9 5.9mm m\u00e0 th\u00f4i th\u1eadm ch\u00ed n\u00f3 c\u00f2n m\u1ecfng h\u01a1n c\u1ea3 m\u1ed9t chi\u1ebfc smartphone hi\u1ec7n nay.\u00a0<\/span><\/p>\n<p style=\"text-align: justify;\"><img loading=\"lazy\" decoding=\"async\" class=\"aligncenter wp-image-46258 size-full\" src=\"https:\/\/tivixiaomi.co\/wp-content\/uploads\/2019\/11\/Tivi-Xiaomi-Mi-Tivi-5-Pro-55-inch-26.jpg\" alt=\"\" width=\"1500\" height=\"1000\" \/><\/p>\n<p style=\"text-align: justify;\"><span style=\"font-weight: 400;\">\u1ede ph\u1ea7n m\u1eb7t sau \u1edf ph\u00eda n\u1eeda tr\u00ean ch\u00fang ta c\u00f3 l\u1edbp nh\u1ef1a nh\u00e1m \u1ed1p v\u00e0o t\u1ea5m panel c\u1ee7a m\u00e0n h\u00ecnh, \u1edf ph\u00eda n\u1eeda d\u01b0\u1edbi ch\u00fang ta c\u00f3 c\u00e1c th\u00e0nh ph\u1ea9n nh\u01b0 l\u00e0 c\u00e1c c\u1ed5ng k\u1ebft n\u1ed1i c\u1ee7a chi\u1ebfc Tivi Xiaomi Mi Tivi 5 Pro n\u00e0y, ch\u00fang ta v\u1eabn s\u1ebd c\u00f3 2 c\u1ed5ng k\u1ebft n\u1ed1i USB, 3 c\u1ed5ng HDMI, ti\u1ebfp theo \u1edf ph\u00eda c\u1ea1nh d\u01b0\u1edbi ch\u00fang ta c\u00f3 1 c\u1ed5ng ante, m\u1ed9t b\u1ed9 c\u1ed5ng AV, m\u1ed9t c\u1ed5ng SPD\/IF v\u00e0 cu\u1ed1i c\u00f9ng l\u00e0 m\u1ed9t c\u1ed5ng m\u1ea1ng LAN.\u00a0<\/span><\/p>\n<p style=\"text-align: justify;\"><img loading=\"lazy\" decoding=\"async\" class=\"aligncenter wp-image-46261 size-full\" src=\"https:\/\/tivixiaomi.co\/wp-content\/uploads\/2019\/11\/Tivi-Xiaomi-Mi-Tivi-5-Pro-55-inch-29.jpg\" alt=\"\" width=\"1500\" height=\"1000\" \/><\/p>\n<p style=\"text-align: justify;\"><span style=\"font-weight: 400;\">\u1ede ph\u1ea7n ch\u00ednh gi\u1eefa ch\u00fang ta c\u00f3 \u0111\u00e2y l\u00e0 Logo Mi \u0111i k\u00e8m theo l\u00e0 4 con \u1ed1c 4 g\u00f3c \u0111\u1ec3 b\u1eaft gi\u00e1 treo Tivi l\u00ean t\u01b0\u1eddng, v\u00e0 c\u1ea1nh b\u00ean tr\u00e1i ch\u00fang ta c\u00f3 v\u1ecb tr\u00ed c\u1ee7a d\u00e2y ngu\u1ed3n n\u1ed1i li\u1ec1n tr\u1ef1c ti\u1ebfp v\u1edbi Tivi kh\u00f4ng th\u1ec3 th\u00e1o r\u1eddi. V\u00e0 \u0111\u01b0\u01a1ng nhi\u00ean ch\u00fang ta v\u1eabn c\u00f3 khu v\u1ef1c c\u1ee7a d\u1ea3i loa ngo\u00e0i \u0111\u01b0\u1ee3c thi\u1ebft k\u1ebf t\u01b0\u01a1ng t\u1ef1 nh\u01b0 chi\u1ebfc Mi Tivi 5 m\u00e0 th\u00f4i, tuy nhi\u00ean ch\u00fang ta s\u1ebd c\u00f3 m\u1ed9t d\u00f2ng ch\u1eef kh\u1ea9u hi\u1ec7u c\u1ee7a Xiaomi \u0111\u00f3 ch\u00ednh l\u00e0 \u201cinovation for everyone\u201d<\/span><\/p>\n<p style=\"text-align: justify;\"><img loading=\"lazy\" decoding=\"async\" class=\"aligncenter wp-image-46264 size-full\" src=\"https:\/\/tivixiaomi.co\/wp-content\/uploads\/2019\/11\/Tivi-Xiaomi-Mi-Tivi-5-Pro-55-inch-33.jpg\" alt=\"\" width=\"1500\" height=\"1000\" \/><\/p>\n<h3 style=\"text-align: justify;\"><strong>Ch\u1ea5t l\u01b0\u1ee3ng hi\u1ec3n th\u1ecb c\u1ee7a Tivi Xiaomi Mi Tivi 5 Pro 55 inches n\u00e2ng c\u1ea5p m\u1ea1nh m\u1ebd<\/strong><\/h3>\n<p style=\"text-align: justify;\"><img loading=\"lazy\" decoding=\"async\" class=\"aligncenter wp-image-46257 size-full\" src=\"https:\/\/tivixiaomi.co\/wp-content\/uploads\/2019\/11\/Tivi-Xiaomi-Mi-Tivi-5-Pro-55-inch-23.jpg\" alt=\"\" width=\"1500\" height=\"994\" \/><\/p>\n<p style=\"text-align: justify;\"><span style=\"font-weight: 400;\">Ti\u1ebfp theo ch\u00fang ta s\u1ebd \u0111i \u0111\u1ebfn \u0111i\u1ec3m kh\u00e1c bi\u1ec7t l\u1edbn nh\u1ea5t c\u1ee7a chi\u1ebfc Tivi Xiaomi Mi Tivi 5 Pro n\u00e0y \u0111\u00f3 ch\u00ednh l\u00e0 v\u1ec1 ph\u1ea7n m\u00e0n h\u00ecnh c\u1ee7a s\u1ea3n ph\u1ea9m. Phi\u00ean b\u1ea3n m\u00e0 m\u00ecnh \u0111ang c\u00f3 \u1edf \u0111\u00e2y c\u00f3 k\u00edch th\u01b0\u1edbc l\u00e0 55 inches, v\u1edbi \u0111\u1ed9 ph\u00e2n gi\u1ea3i 4K tuy nhi\u00ean chi\u1ebfc Tivi Xiaomi Mi Tivi 5 Pro \u0111\u00e3 \u0111\u01b0\u1ee3c trang b\u1ecb c\u00f4ng ngh\u1ec7 HDR 10+ \u0111\u00e2y l\u00e0 s\u1ef1 kh\u00e1c bi\u1ec7t \u0111\u1ea7u ti\u00ean so v\u1edbi nh\u1eefng chi\u1ebfc Mi Tivi 5 th\u00f4ng th\u01b0\u1eddng v\u00e0 ti\u1ebfp theo \u0111\u00f3 l\u00e0 c\u00f4ng ngh\u1ec7 MEMC h\u1ed7 tr\u1ee3 hi\u1ec3n th\u1ecb t\u1ed1t h\u01a1n v\u1edbi nh\u1eefng ph\u00e2n c\u1ea3nh chuy\u1ec3n \u0111\u1ed9ng tr\u00ean m\u00e0n h\u00ecnh. <\/span><\/p>\n<p><img loading=\"lazy\" decoding=\"async\" class=\"aligncenter wp-image-46251 size-full\" src=\"https:\/\/tivixiaomi.co\/wp-content\/uploads\/2019\/11\/Tivi-Xiaomi-Mi-Tivi-5-Pro-55-inch-14.jpg\" alt=\"\" width=\"1500\" height=\"1000\" \/><\/p>\n<p style=\"text-align: justify;\"><span style=\"font-weight: 400;\">V\u00e0 m\u1ed9t \u0111i\u1ec1u m\u00e0 nhi\u1ec1u ng\u01b0\u1eddi d\u00f9ng quan t\u00e2m \u0111\u00f3 ch\u00ednh l\u00e0 t\u1ea5m n\u1ec1n c\u1ee7a Tivi Xiaomi Mi Tivi 5 Pro \u0111\u00e3 \u0111\u01b0\u1ee3c trang b\u1ecb \u0111\u00f3 ch\u00ednh l\u00e0 t\u1ea5m n\u1ec1n QLED \u0111\u1ebfn t\u1eeb Samsung, m\u1ed9t t\u1ea5m n\u1ec1n mang l\u1ea1i ch\u1ea5t l\u01b0\u1ee3ng h\u00ecnh \u1ea3nh r\u1ea5t t\u1ed1t tr\u00ean c\u00e1c s\u1ea3n ph\u1ea9m Tivi Samsung c\u1ee7a h\u00e3ng n\u00e0y. V\u00e0 kh\u00f4ng c\u00f3 g\u00ec \u0111\u1ec3 b\u00e0n c\u00e3i khi m\u00e0 Tivi Xiaomi Mi Tivi 5 Pro c\u00f3 ch\u1ea5t l\u01b0\u1ee3ng hi\u1ec3n th\u1ecb v\u01b0\u1ee3t tr\u1ed9i v\u00e0 t\u1ed1t h\u01a1n r\u1ea5t nhi\u1ec1u so v\u1edbi c\u00e1c th\u1ebf h\u1ec7 \u0111i tr\u01b0\u1edbc \u0111\u00f3 ngay c\u1ea3 v\u1edbi ng\u01b0\u1eddi anh em g\u1ea7n nh\u1ea5t l\u00e0 Mi Tivi 5 c\u0169ng kh\u00f3 c\u00f3 th\u1ec3 so s\u00e1nh \u0111\u01b0\u1ee3c v\u1edbi d\u00f2ng Mi Tivi 5 Pro n\u00e0y, Ch\u00fang ta c\u0169ng c\u00f3 th\u1ec3 t\u00f9y ch\u1ec9nh \u1edf \u0111\u00e2y v\u1ec1 \u0111\u1ed9 s\u00e1ng, c\u0169ng nh\u01b0 c\u00e2n b\u1eb1ng m\u00e0u RBG t\u00f9y ch\u1ec9nh n\u1ebfu nh\u01b0 b\u1ea1n mu\u1ed1n can thi\u1ec7p s\u00e2u h\u01a1n v\u00e0o c\u00e1c k\u00eanh m\u00e0u.\u00a0<\/span><\/p>\n<h2 style=\"text-align: justify;\"><strong>Tivi Xiaomi Mi Tivi 5 Pro 55 inches s\u1edf h\u1eefu RAM l\u00ean t\u1edbi 4GB<\/strong><\/h2>\n<p style=\"text-align: justify;\"><img loading=\"lazy\" decoding=\"async\" class=\"aligncenter wp-image-46247 size-full\" src=\"https:\/\/tivixiaomi.co\/wp-content\/uploads\/2019\/11\/Tivi-Xiaomi-Mi-Tivi-5-Pro-55-inch-7.jpg\" alt=\"\" width=\"1500\" height=\"1000\" \/><\/p>\n<p style=\"text-align: justify;\"><span style=\"font-weight: 400;\">N\u00f3i v\u1ec1 c\u1ea5u h\u00ecnh th\u00ec Tivi Xiaomi Mi Tivi 5 Pro l\u1ea1i mang \u0111\u1ebfn m\u1ed9t s\u1ef1 c\u00e1ch m\u1ea1ng kh\u00e1 l\u1edbn trong c\u1ea5u h\u00ecnh c\u1ee7a Smart Tivi, ch\u00fang ta v\u1eabn c\u00f3 \u1edf \u0111\u00e2y m\u1ed9t con Chip Amlogic T972 \u0111\u01b0\u1ee3c Xiaomi h\u1ee3p t\u00e1c v\u1edbi th\u01b0\u01a1ng hi\u1ec7u Amlogic c\u1ee7a M\u1ef9 s\u1ea3n xu\u1ea5t v\u00e0 \u0111\u01b0\u1ee3c c\u00f4ng b\u1ed1 l\u00e0 m\u1ea1nh h\u01a1n 63% so v\u1edbi th\u1ebf h\u1ec7 Tivi tr\u01b0\u1edbc \u0111\u00f3 c\u1ee7a Xiaomi. \u0110\u1eb7c bi\u1ec7t h\u01a1n c\u1ea3 ch\u00fang ta c\u00f3 m\u1ed9t b\u1ed9 nh\u1edb RAM l\u00ean t\u1edbi 4GB v\u00e0 64GB b\u1ed9 nh\u1edb trong kh\u00e1c bi\u1ec7t r\u1ea5t l\u1edbn so v\u1edbi c\u00e1c th\u1ec7 h\u1ec7 tr\u01b0\u1edbc \u0111\u00f3. V\u1edbi c\u1ea5u h\u00ecnh n\u00e0y ch\u1eafc ch\u1eafn chi\u1ebfc Tivi Xiaomi Mi Tivi 5 Pro c\u00f3 th\u1ec3 s\u1eed d\u1ee5ng m\u01b0\u1ee3t m\u00e0 t\u1eeb 3 cho \u0111\u1ebfn th\u1eadm ch\u00ed l\u00e0 4 n\u0103m n\u1eefa v\u1eabn ch\u01b0a qu\u00e1 l\u1ed7i th\u1eddi. V\u1edbi m\u1ed9t c\u1ea5u h\u00ecnh t\u1ed1t th\u00ec chi\u1ebfc Tivi Xiaomi Mi Tivi 5 Pro h\u1ed7 tr\u1ee3 t\u00ednh n\u0103ng xem Video 8K m\u1eb7c d\u00f9 m\u00e0n h\u00ecnh hi\u1ec3n th\u1ecb c\u1ee7a s\u1ea3n ph\u1ea9m ch\u1ec9 l\u00e0 4K m\u00e0 th\u00f4i, tuy nhi\u00ean tr\u1ea3i nghi\u1ec7m Video 8K tr\u00ean m\u00e0n h\u00ecnh 4K c\u0169ng s\u1ebd r\u1ea5t r\u1ea5t tuy\u1ec7t v\u1eddi.\u00a0<\/span><\/p>\n<h3 style=\"text-align: justify;\"><strong>Tham kh\u1ea3o gi\u00e1 b\u00e1n Tivi Xiaomi Mi Tivi 5 Pro 55 inches t\u1ea1i H\u00e0 N\u1ed9i<\/strong><\/h3>\n<p style=\"text-align: justify;\"><img loading=\"lazy\" decoding=\"async\" class=\"aligncenter wp-image-46248 size-full\" src=\"https:\/\/tivixiaomi.co\/wp-content\/uploads\/2019\/11\/Tivi-Xiaomi-Mi-Tivi-5-Pro-55-inch-11.jpg\" alt=\"\" width=\"1500\" height=\"1000\" \/><\/p>\n<p style=\"text-align: justify;\"><span style=\"font-weight: 400;\">V\u1ec1 ph\u1ea7n m\u1ec1m Tivi Xiaomi Mi Tivi 5 Pro \u0111\u01b0\u1ee3c trang b\u1ecb ph\u1ea7n m\u1ec1m Android 9.0, s\u1ea3n ph\u1ea9m \u0111ang \u0111\u01b0\u1ee3c b\u00e1n t\u1ea1i tivixiaomi.com. Khi kh\u00e1ch h\u00e0ng mua s\u1ea3n ph\u1ea9m s\u1ebd \u0111\u01b0\u1ee3c c\u00e0i ti\u1ebfng Vi\u1ec7t c\u0169ng nh\u01b0 c\u00e1c t\u00ednh n\u0103ng h\u1ed7 tr\u1ee3 gi\u1ecdng n\u00f3i\u2026 Tr\u00ean \u0111\u00e2y l\u00e0 b\u00e0i \u0111\u00e1nh gi\u00e1 nhanh chi\u1ebfc Tivi Xiaomi Mi Tivi 5 Pro c\u1ea3m \u01a1n c\u00e1c b\u1ea1n \u0111\u00e3 theo d\u00f5i. Xin ch\u00e0o v\u00e0 h\u1eb9n g\u1eb7p l\u1ea1i c\u00e1c b\u1ea1n \u1edf nh\u1eefng s\u1ea3n ph\u1ea9m ti\u1ebfp theo.<\/span><\/p>\n","protected":false},"excerpt":{"rendered":"<ul>\n<li>D\u00f2ng 5 Pro Series<\/li>\n<li>M\u00e0n h\u00ecnh: 4K<\/li>\n<li>RAM: 4GB<\/li>\n<li>Dung l\u01b0\u1ee3ng: 64GB<\/li>\n<\/ul>\n","protected":false},"featured_media":63090,"comment_status":"open","ping_status":"closed","template":"","meta":[],"product_brand":[],"product_cat":[407,300,255],"product_tag":[],"class_list":{"0":"post-43416","1":"product","2":"type-product","3":"status-publish","4":"has-post-thumbnail","6":"product_cat-qled-tv-oled-tv","7":"product_cat-tivi-xiaomi-5-pro","8":"product_cat-tivi-xiaomi-man-hinh-tran","10":"first","11":"outofstock","12":"sale","13":"shipping-taxable","14":"purchasable","15":"product-type-simple"},"_links":{"self":[{"href":"https:\/\/tivixiaomi.co\/en\/wp-json\/wp\/v2\/product\/43416"}],"collection":[{"href":"https:\/\/tivixiaomi.co\/en\/wp-json\/wp\/v2\/product"}],"about":[{"href":"https:\/\/tivixiaomi.co\/en\/wp-json\/wp\/v2\/types\/product"}],"replies":[{"embeddable":true,"href":"https:\/\/tivixiaomi.co\/en\/wp-json\/wp\/v2\/comments?post=43416"}],"version-history":[{"count":1,"href":"https:\/\/tivixiaomi.co\/en\/wp-json\/wp\/v2\/product\/43416\/revisions"}],"predecessor-version":[{"id":69836,"href":"https:\/\/tivixiaomi.co\/en\/wp-json\/wp\/v2\/product\/43416\/revisions\/69836"}],"wp:featuredmedia":[{"embeddable":true,"href":"https:\/\/tivixiaomi.co\/en\/wp-json\/wp\/v2\/media\/63090"}],"wp:attachment":[{"href":"https:\/\/tivixiaomi.co\/en\/wp-json\/wp\/v2\/media?parent=43416"}],"wp:term":[{"taxonomy":"product_brand","embeddable":true,"href":"https:\/\/tivixiaomi.co\/en\/wp-json\/wp\/v2\/product_brand?post=43416"},{"taxonomy":"product_cat","embeddable":true,"href":"https:\/\/tivixiaomi.co\/en\/wp-json\/wp\/v2\/product_cat?post=43416"},{"taxonomy":"product_tag","embeddable":true,"href":"https:\/\/tivixiaomi.co\/en\/wp-json\/wp\/v2\/product_tag?post=43416"}],"curies":[{"name":"wp","href":"https:\/\/api.w.org\/{rel}","templated":true}]}}