{"id":44823,"date":"2019-12-03T12:08:17","date_gmt":"2019-12-03T05:08:17","guid":{"rendered":"https:\/\/tivixiaomi.co\/?post_type=product&#038;p=44823"},"modified":"2024-09-04T13:46:54","modified_gmt":"2024-09-04T06:46:54","slug":"mitvall-screenpro-e43s","status":"publish","type":"product","link":"https:\/\/tivixiaomi.co\/en\/tivi\/mitvall-screenpro-e43s\/","title":{"rendered":"Smart Tivi Xiaomi M\u00e0n H\u00ecnh Tr\u00e0n Vi\u1ec1n 43 inch PRO E43S"},"content":{"rendered":"<p>Smart Tivi Xiaomi Mi Tivi PRO 43 inch E43S (Mi TV PRO 43 inch E43S ) Gi\u00e1 r\u1ebb t\u1ea1i H\u00e0 N\u1ed9i, TP.HCM. Mi\u1ec5n ph\u00ed l\u1eafp \u0111\u1eb7t, H\u1ed7 tr\u1ee3 v\u1eadn chuy\u1ec3n trong n\u1ed9i th\u00e0nh, Hotline: 0984.311.230.<\/p>\n<p>&nbsp;<\/p>\n<p style=\"text-align: center;\"><strong>Video tr\u1ea3i nghi\u1ec7m nhanh s\u1ea3n ph\u1ea9m TIVI XIAOMI E43S PRO 43 inches<\/strong><\/p>\n<p><iframe title=\"Mi TV Pro 43 inches E43S Bezel-less \u2022 TiviXiaomi.Com\" width=\"640\" height=\"360\" src=\"https:\/\/www.youtube.com\/embed\/Jtj-6b5FGcQ?feature=oembed\" frameborder=\"0\" allow=\"accelerometer; autoplay; clipboard-write; encrypted-media; gyroscope; picture-in-picture; web-share\" referrerpolicy=\"strict-origin-when-cross-origin\" allowfullscreen><\/iframe><\/p>\n<p>Ch\u00e0o m\u1eebng c\u00e1c b\u1ea1n \u0111\u00e3 quay tr\u1edf l\u1ea1i v\u1edbi Tivixiaomi.com v\u00e0 trong b\u00e0i \u0111\u00e1nh gi\u00e1 n\u00e0y b\u1ecdn m\u00ecnh s\u1ebd g\u1eedi t\u1edbi c\u00e1c b\u1ea1n m\u1ed9t chi\u1ebfc Tivi Xiaomi n\u1eefa, tuy nhi\u00ean th\u00ec chi\u1ebfc Tivi n\u00e0y s\u1ebd kh\u00f4ng qu\u00e1 to nh\u01b0 nh\u1eefng s\u1ea3n ph\u1ea9m tr\u01b0\u1edbc \u0111\u00e2y m\u00e0 Tivi Xiaomi \u0111\u00e3 gi\u1edbi thi\u1ec7u \u0111\u1ebfn c\u00e1c b\u1ea1n m\u00e0 chi\u1ebfc Tivi n\u00e0y ch\u1ec9 s\u1edf h\u1eefu k\u00edch th\u01b0\u1edbc l\u00e0 43 inches m\u00e0 th\u00f4i. V\u00e0 s\u1ea3n ph\u1ea9m n\u00e0y c\u00f3 t\u00ean m\u00e3 \u0111\u00f3 ch\u00ednh l\u00e0 Smart Tivi Xiaomi PRO 43 inch E43S. Tuy nhi\u00ean v\u1edbi m\u1ed9t k\u00edch th\u01b0\u1edbc nh\u1ecf th\u00ec c\u0169ng c\u00f3 nh\u1eefng \u01b0u \u0111i\u1ec3m ri\u00eang bi\u1ec7t, v\u1eady ch\u00fang ta h\u00e3y c\u00f9ng \u0111i t\u00ecm hi\u1ec3u \u01b0u \u0111i\u1ec3m c\u1ee7a d\u00f2ng Tivi c\u00f3 k\u00edch th\u01b0\u1edbc nh\u1ecf n\u00e0y nh\u00e9.<\/p>\n<p>&nbsp;<\/p>\n<h2><strong>Thi\u1ebft k\u1ebf c\u1ee7a Smart Tivi Xiaomi 5 E43S Pro, nh\u1ecf nh\u01b0ng c\u00f3 v\u00f5.<\/strong><\/h2>\n<p><img fetchpriority=\"high\" decoding=\"async\" class=\"aligncenter wp-image-45408 size-large\" src=\"https:\/\/tivixiaomi.co\/wp-content\/uploads\/2019\/12\/IMG_4031-1024x683.jpg\" alt=\"\" width=\"1024\" height=\"683\" srcset=\"https:\/\/tivixiaomi.co\/wp-content\/uploads\/2019\/12\/IMG_4031-1024x683.jpg 1024w, https:\/\/tivixiaomi.co\/wp-content\/uploads\/2019\/12\/IMG_4031-scaled-jpg-150x100.webp 150w, https:\/\/tivixiaomi.co\/wp-content\/uploads\/2019\/12\/IMG_4031-600x400.jpg 600w, https:\/\/tivixiaomi.co\/wp-content\/uploads\/2019\/12\/IMG_4031-300x200.jpg 300w, https:\/\/tivixiaomi.co\/wp-content\/uploads\/2019\/12\/IMG_4031-768x512.jpg 768w, https:\/\/tivixiaomi.co\/wp-content\/uploads\/2019\/12\/IMG_4031-1536x1024.jpg 1536w, https:\/\/tivixiaomi.co\/wp-content\/uploads\/2019\/12\/IMG_4031-2048x1366.jpg 2048w\" sizes=\"(max-width: 1024px) 100vw, 1024px\" \/><\/p>\n<p>Ch\u00fang ta s\u1ebd c\u00f3 \u1edf \u0111\u00e2y m\u1ed9t chi\u1ebfc Tivi Smart <strong>Tivi Xiaomi PRO 43 inch E43S<\/strong> v\u1edbi l\u1ed1i thi\u1ebft k\u1ebf t\u01b0\u01a1ng \u0111\u1ed3ng so v\u1edbi c\u00e1c m\u1eabu Tivi 5 Pro kh\u00e1c. Tuy nhi\u00ean ch\u00fang ta c\u00f3 th\u1ec3 nh\u1eadn th\u1ea5y s\u1ef1 kh\u00e1c bi\u1ec7t \u0111\u1ebfn t\u1eeb \u0111\u1ed9 ho\u00e0n thi\u1ec7n c\u1ee7a s\u1ea3n ph\u1ea9m c\u1ef1c k\u00ec c\u1ee9ng c\u00e1p, ch\u00fang ta c\u00f3 c\u00e1c \u0111\u01b0\u1eddng vi\u1ec1n xung quanh \u0111\u01b0\u1ee3c l\u00e0m b\u1eb1ng kim lo\u1ea1i r\u1ea5t ch\u1eafc ch\u1eafn v\u00e0 nh\u1eefng \u0111\u01b0\u1eddng dynamo c\u1eaft h\u1ebft s\u1ee9c m\u1ea1nh m\u1ebd v\u00e0 t\u1ea1o cho Tivi n\u00e0y \u0111\u1ed9 sang tr\u1ecdng r\u1ea5t cao. C\u1ea1nh vi\u1ec1n tr\u00e1i ph\u1ea3i v\u00e0 tr\u00ean c\u00f3 \u0111\u1ed9 m\u1ecfng r\u1ea5t t\u01b0\u01a1ng \u0111\u1ed3ng v\u1edbi nhau, v\u00e0 v\u1edbi ph\u1ea7n vi\u1ec1n m\u1ecfng nh\u01b0 th\u1ebf n\u00e0y n\u00f3 gi\u00fap ch\u00fang ta t\u1ed1i \u01b0u r\u1ea5t t\u1ed1t kh\u00f4ng gian hi\u1ec3n th\u1ecb tr\u00ean m\u00e0n h\u00ecnh k\u00edch th\u01b0\u1edbc ch\u1ec9 43 inches, gi\u00fap cho chi\u1ebfc Smart Tivi Xiaomi PRO 43 inch E43S c\u00f3 th\u1ec3 \u0111\u1eb7t v\u1eeba v\u00e0o nh\u1eefng kh\u00f4ng gian nh\u1ecf ti\u1ec7n d\u1ee5ng v\u00e0 ph\u00f9 h\u1ee3p. Ph\u1ea7n vi\u1ec1n d\u01b0\u1edbi s\u1ebd h\u01a1i d\u00e0y h\u01a1n m\u1ed9t ch\u00fat v\u00ec c\u00f3 logo c\u1ee7a h\u00e3ng c\u0169ng nh\u01b0 c\u1ea3m bi\u1ebfn h\u1ed3ng ngo\u1ea1i \u0111\u1ec3 ti\u1ebfp nh\u1eadn th\u00f4ng tin t\u1eeb chi\u1ebfc remote c\u0169ng nh\u01b0 m\u1ed9t n\u00fat ngu\u1ed3n nh\u1ecf \u0111\u1eb7t \u1edf c\u1ea1nh d\u01b0\u1edbi c\u1ee7a s\u1ea3n ph\u1ea9m, ph\u00eda c\u1ea1nh ph\u1ea3i ch\u00fang ta c\u0169ng c\u00f3 m\u1ed9t d\u00f2ng ch\u1eef Designed by Xiaomi d\u00f2ng ch\u1eef ch\u1ec9 c\u00f3 tr\u00ean nh\u1eefng s\u1ea3n ph\u1ea9m cao c\u1ea5p c\u1ee7a Xiaomi m\u00e0 th\u00f4i.<\/p>\n<p><img decoding=\"async\" class=\"aligncenter wp-image-45420 size-large\" src=\"https:\/\/tivixiaomi.co\/wp-content\/uploads\/2019\/12\/IMG_4124-1024x683.jpg\" alt=\"\" width=\"1024\" height=\"683\" srcset=\"https:\/\/tivixiaomi.co\/wp-content\/uploads\/2019\/12\/IMG_4124-1024x683.jpg 1024w, https:\/\/tivixiaomi.co\/wp-content\/uploads\/2019\/12\/IMG_4124-scaled-jpg-150x100.webp 150w, https:\/\/tivixiaomi.co\/wp-content\/uploads\/2019\/12\/IMG_4124-600x400.jpg 600w, https:\/\/tivixiaomi.co\/wp-content\/uploads\/2019\/12\/IMG_4124-300x200.jpg 300w, https:\/\/tivixiaomi.co\/wp-content\/uploads\/2019\/12\/IMG_4124-768x512.jpg 768w, https:\/\/tivixiaomi.co\/wp-content\/uploads\/2019\/12\/IMG_4124-1536x1024.jpg 1536w, https:\/\/tivixiaomi.co\/wp-content\/uploads\/2019\/12\/IMG_4124-2048x1366.jpg 2048w\" sizes=\"(max-width: 1024px) 100vw, 1024px\" \/><\/p>\n<p><img decoding=\"async\" class=\"aligncenter wp-image-45419 size-large\" src=\"https:\/\/tivixiaomi.co\/wp-content\/uploads\/2019\/12\/IMG_4107-1024x683.jpg\" alt=\"\" width=\"1024\" height=\"683\" srcset=\"https:\/\/tivixiaomi.co\/wp-content\/uploads\/2019\/12\/IMG_4107-1024x683.jpg 1024w, https:\/\/tivixiaomi.co\/wp-content\/uploads\/2019\/12\/IMG_4107-scaled-jpg-150x100.webp 150w, https:\/\/tivixiaomi.co\/wp-content\/uploads\/2019\/12\/IMG_4107-600x400.jpg 600w, https:\/\/tivixiaomi.co\/wp-content\/uploads\/2019\/12\/IMG_4107-300x200.jpg 300w, https:\/\/tivixiaomi.co\/wp-content\/uploads\/2019\/12\/IMG_4107-768x512.jpg 768w, https:\/\/tivixiaomi.co\/wp-content\/uploads\/2019\/12\/IMG_4107-1536x1024.jpg 1536w, https:\/\/tivixiaomi.co\/wp-content\/uploads\/2019\/12\/IMG_4107-2048x1366.jpg 2048w\" sizes=\"(max-width: 1024px) 100vw, 1024px\" \/><\/p>\n<p><img loading=\"lazy\" decoding=\"async\" class=\"aligncenter wp-image-45417 size-large\" src=\"https:\/\/tivixiaomi.co\/wp-content\/uploads\/2019\/12\/IMG_4089-1024x683.jpg\" alt=\"\" width=\"1024\" height=\"683\" srcset=\"https:\/\/tivixiaomi.co\/wp-content\/uploads\/2019\/12\/IMG_4089-1024x683.jpg 1024w, https:\/\/tivixiaomi.co\/wp-content\/uploads\/2019\/12\/IMG_4089-scaled-jpg-150x100.webp 150w, https:\/\/tivixiaomi.co\/wp-content\/uploads\/2019\/12\/IMG_4089-600x400.jpg 600w, https:\/\/tivixiaomi.co\/wp-content\/uploads\/2019\/12\/IMG_4089-300x200.jpg 300w, https:\/\/tivixiaomi.co\/wp-content\/uploads\/2019\/12\/IMG_4089-768x512.jpg 768w, https:\/\/tivixiaomi.co\/wp-content\/uploads\/2019\/12\/IMG_4089-1536x1024.jpg 1536w, https:\/\/tivixiaomi.co\/wp-content\/uploads\/2019\/12\/IMG_4089-2048x1366.jpg 2048w\" sizes=\"(max-width: 1024px) 100vw, 1024px\" \/><\/p>\n<p><img loading=\"lazy\" decoding=\"async\" class=\"aligncenter wp-image-45415 size-large\" src=\"https:\/\/tivixiaomi.co\/wp-content\/uploads\/2019\/12\/IMG_4075-1024x683.jpg\" alt=\"\" width=\"1024\" height=\"683\" srcset=\"https:\/\/tivixiaomi.co\/wp-content\/uploads\/2019\/12\/IMG_4075-1024x683.jpg 1024w, https:\/\/tivixiaomi.co\/wp-content\/uploads\/2019\/12\/IMG_4075-scaled-jpg-150x100.webp 150w, https:\/\/tivixiaomi.co\/wp-content\/uploads\/2019\/12\/IMG_4075-600x400.jpg 600w, https:\/\/tivixiaomi.co\/wp-content\/uploads\/2019\/12\/IMG_4075-300x200.jpg 300w, https:\/\/tivixiaomi.co\/wp-content\/uploads\/2019\/12\/IMG_4075-768x512.jpg 768w, https:\/\/tivixiaomi.co\/wp-content\/uploads\/2019\/12\/IMG_4075-1536x1024.jpg 1536w, https:\/\/tivixiaomi.co\/wp-content\/uploads\/2019\/12\/IMG_4075-2048x1366.jpg 2048w\" sizes=\"(max-width: 1024px) 100vw, 1024px\" \/><\/p>\n<p><img loading=\"lazy\" decoding=\"async\" class=\"wp-image-45414 size-large aligncenter\" src=\"https:\/\/tivixiaomi.co\/wp-content\/uploads\/2019\/12\/IMG_4071-1024x683.jpg\" alt=\"\" width=\"1024\" height=\"683\" srcset=\"https:\/\/tivixiaomi.co\/wp-content\/uploads\/2019\/12\/IMG_4071-1024x683.jpg 1024w, https:\/\/tivixiaomi.co\/wp-content\/uploads\/2019\/12\/IMG_4071-scaled-jpg-150x100.webp 150w, https:\/\/tivixiaomi.co\/wp-content\/uploads\/2019\/12\/IMG_4071-600x400.jpg 600w, https:\/\/tivixiaomi.co\/wp-content\/uploads\/2019\/12\/IMG_4071-300x200.jpg 300w, https:\/\/tivixiaomi.co\/wp-content\/uploads\/2019\/12\/IMG_4071-768x512.jpg 768w, https:\/\/tivixiaomi.co\/wp-content\/uploads\/2019\/12\/IMG_4071-1536x1024.jpg 1536w, https:\/\/tivixiaomi.co\/wp-content\/uploads\/2019\/12\/IMG_4071-2048x1366.jpg 2048w\" sizes=\"(max-width: 1024px) 100vw, 1024px\" \/><\/p>\n<p><img loading=\"lazy\" decoding=\"async\" class=\"aligncenter wp-image-45413 size-large\" src=\"https:\/\/tivixiaomi.co\/wp-content\/uploads\/2019\/12\/IMG_4065-1024x683.jpg\" alt=\"\" width=\"1024\" height=\"683\" srcset=\"https:\/\/tivixiaomi.co\/wp-content\/uploads\/2019\/12\/IMG_4065-1024x683.jpg 1024w, https:\/\/tivixiaomi.co\/wp-content\/uploads\/2019\/12\/IMG_4065-scaled-jpg-150x100.webp 150w, https:\/\/tivixiaomi.co\/wp-content\/uploads\/2019\/12\/IMG_4065-600x400.jpg 600w, https:\/\/tivixiaomi.co\/wp-content\/uploads\/2019\/12\/IMG_4065-300x200.jpg 300w, https:\/\/tivixiaomi.co\/wp-content\/uploads\/2019\/12\/IMG_4065-768x512.jpg 768w, https:\/\/tivixiaomi.co\/wp-content\/uploads\/2019\/12\/IMG_4065-1536x1024.jpg 1536w, https:\/\/tivixiaomi.co\/wp-content\/uploads\/2019\/12\/IMG_4065-2048x1366.jpg 2048w\" sizes=\"(max-width: 1024px) 100vw, 1024px\" \/><\/p>\n<p><img loading=\"lazy\" decoding=\"async\" class=\"aligncenter wp-image-45412 size-large\" src=\"https:\/\/tivixiaomi.co\/wp-content\/uploads\/2019\/12\/IMG_4051-1024x683.jpg\" alt=\"\" width=\"1024\" height=\"683\" srcset=\"https:\/\/tivixiaomi.co\/wp-content\/uploads\/2019\/12\/IMG_4051-1024x683.jpg 1024w, https:\/\/tivixiaomi.co\/wp-content\/uploads\/2019\/12\/IMG_4051-scaled-jpg-150x100.webp 150w, https:\/\/tivixiaomi.co\/wp-content\/uploads\/2019\/12\/IMG_4051-600x400.jpg 600w, https:\/\/tivixiaomi.co\/wp-content\/uploads\/2019\/12\/IMG_4051-300x200.jpg 300w, https:\/\/tivixiaomi.co\/wp-content\/uploads\/2019\/12\/IMG_4051-768x512.jpg 768w, https:\/\/tivixiaomi.co\/wp-content\/uploads\/2019\/12\/IMG_4051-1536x1024.jpg 1536w, https:\/\/tivixiaomi.co\/wp-content\/uploads\/2019\/12\/IMG_4051-2048x1366.jpg 2048w\" sizes=\"(max-width: 1024px) 100vw, 1024px\" \/><\/p>\n<p><img loading=\"lazy\" decoding=\"async\" class=\"aligncenter wp-image-45411 size-large\" src=\"https:\/\/tivixiaomi.co\/wp-content\/uploads\/2019\/12\/IMG_4041-1024x683.jpg\" alt=\"\" width=\"1024\" height=\"683\" srcset=\"https:\/\/tivixiaomi.co\/wp-content\/uploads\/2019\/12\/IMG_4041-1024x683.jpg 1024w, https:\/\/tivixiaomi.co\/wp-content\/uploads\/2019\/12\/IMG_4041-scaled-jpg-150x100.webp 150w, https:\/\/tivixiaomi.co\/wp-content\/uploads\/2019\/12\/IMG_4041-600x400.jpg 600w, https:\/\/tivixiaomi.co\/wp-content\/uploads\/2019\/12\/IMG_4041-300x200.jpg 300w, https:\/\/tivixiaomi.co\/wp-content\/uploads\/2019\/12\/IMG_4041-768x512.jpg 768w, https:\/\/tivixiaomi.co\/wp-content\/uploads\/2019\/12\/IMG_4041-1536x1024.jpg 1536w, https:\/\/tivixiaomi.co\/wp-content\/uploads\/2019\/12\/IMG_4041-2048x1366.jpg 2048w\" sizes=\"(max-width: 1024px) 100vw, 1024px\" \/><\/p>\n<p><img loading=\"lazy\" decoding=\"async\" class=\"aligncenter wp-image-45410 size-large\" src=\"https:\/\/tivixiaomi.co\/wp-content\/uploads\/2019\/12\/IMG_4039-1024x683.jpg\" alt=\"\" width=\"1024\" height=\"683\" srcset=\"https:\/\/tivixiaomi.co\/wp-content\/uploads\/2019\/12\/IMG_4039-1024x683.jpg 1024w, https:\/\/tivixiaomi.co\/wp-content\/uploads\/2019\/12\/IMG_4039-scaled-jpg-150x100.webp 150w, https:\/\/tivixiaomi.co\/wp-content\/uploads\/2019\/12\/IMG_4039-600x400.jpg 600w, https:\/\/tivixiaomi.co\/wp-content\/uploads\/2019\/12\/IMG_4039-300x200.jpg 300w, https:\/\/tivixiaomi.co\/wp-content\/uploads\/2019\/12\/IMG_4039-768x512.jpg 768w, https:\/\/tivixiaomi.co\/wp-content\/uploads\/2019\/12\/IMG_4039-1536x1024.jpg 1536w, https:\/\/tivixiaomi.co\/wp-content\/uploads\/2019\/12\/IMG_4039-2048x1366.jpg 2048w\" sizes=\"(max-width: 1024px) 100vw, 1024px\" \/><\/p>\n<p>V\u1edbi k\u00edch th\u01b0\u1edbc ch\u1ec9 43inches th\u00ec ph\u1ea7n c\u1ea1nh b\u00ean c\u1ee7a chi\u1ebfc Smart Tivi Xiaomi PRO 43 inch E43S kh\u00f4ng qu\u00e1 l\u00e0 m\u1ecfng nh\u01b0 nh\u1eefng chi\u1ebfc Tivi k\u00edch th\u01b0\u1edbc l\u1edbn h\u01a1n, \u0111i\u1ec1u n\u00e0y mang l\u1ea1i m\u1ed9t \u0111i\u1ec3m m\u1ea1nh c\u1ef1c l\u1edbn \u0111\u00f3 ch\u00ednh l\u00e0 b\u1ea3o v\u1ec7 t\u1ea5m panel c\u1ef1c t\u1ed1t tr\u00e1nh \u0111\u01b0\u1ee3c va ch\u1ea1m, m\u1ed9t \u0111i\u1ec3m y\u1ebfu tr\u00ed m\u1ea1ng tr\u00ean c\u00e1c d\u00f2ng Tivi Panel m\u1ecfng l\u00e0 m\u00e0n h\u00ecnh r\u1ea5t d\u1ec5 b\u1ecb ngo\u1ea1i l\u1ef1c t\u00e1c \u0111\u1ed9ng v\u00e0o, v\u1ec1 m\u1eb7t sau ch\u00fang ta c\u00f3 d\u1ea3i loa ngo\u00e0i v\u00e0 c\u00e1c c\u1ed5ng k\u1ebft n\u1ed1i c\u01a1 b\u1ea3n nh\u01b0 HDMI, LAN ho\u1eb7c USB&#8230;<\/p>\n<p>&nbsp;<\/p>\n<h3><strong>Ch\u1ea5t l\u01b0\u1ee3ng hi\u1ec3n th\u1ecb c\u1ee7a m\u00e0n h\u00ecnh l\u00ean \u0111\u1ebfn 4K<\/strong><\/h3>\n<p><img loading=\"lazy\" decoding=\"async\" class=\"aligncenter wp-image-45409 size-large\" src=\"https:\/\/tivixiaomi.co\/wp-content\/uploads\/2019\/12\/IMG_4038-1024x683.jpg\" alt=\"\" width=\"1024\" height=\"683\" srcset=\"https:\/\/tivixiaomi.co\/wp-content\/uploads\/2019\/12\/IMG_4038-1024x683.jpg 1024w, https:\/\/tivixiaomi.co\/wp-content\/uploads\/2019\/12\/IMG_4038-scaled-jpg-150x100.webp 150w, https:\/\/tivixiaomi.co\/wp-content\/uploads\/2019\/12\/IMG_4038-600x400.jpg 600w, https:\/\/tivixiaomi.co\/wp-content\/uploads\/2019\/12\/IMG_4038-300x200.jpg 300w, https:\/\/tivixiaomi.co\/wp-content\/uploads\/2019\/12\/IMG_4038-768x512.jpg 768w, https:\/\/tivixiaomi.co\/wp-content\/uploads\/2019\/12\/IMG_4038-1536x1024.jpg 1536w, https:\/\/tivixiaomi.co\/wp-content\/uploads\/2019\/12\/IMG_4038-2048x1366.jpg 2048w\" sizes=\"(max-width: 1024px) 100vw, 1024px\" \/><\/p>\n<p>Tuy ch\u1ec9 s\u1edf h\u1eefu k\u00edch th\u01b0\u1edbc 43 inches nh\u01b0ng chi\u1ebfc Smart Tivi Xiaomi PRO 43 inch E43S l\u1ea1i \u0111\u01b0\u1ee3c trang b\u1ecb \u0111\u1ed9 ph\u00e2n gi\u1ea3i m\u00e0n h\u00ecnh l\u00ean \u0111\u1ebfn 4K v\u00e0 \u0111\u00e2y th\u1eadt s\u1ef1 l\u00e0 th\u00f4ng s\u1ed1 qu\u00e1 s\u1ee9c \u1ea5n t\u01b0\u1ee3ng \u0111\u1ed1i v\u1edbi s\u1ea3n ph\u1ea9m nh\u01b0 th\u1ebf n\u00e0y. V\u00e0 ch\u00fang ta s\u1ebd c\u00f3 ch\u1ea5t l\u01b0\u1ee3ng hi\u1ec3n th\u1ecb c\u1ee7a t\u1ea5m n\u1ec1n LCD tr\u00ean Smart Tivi Xiaomi PRO 43 inch E43S. Kh\u1ea3 n\u0103ng th\u1ec3 hi\u1ec7n r\u1ea5t h\u00e0i h\u00f2a v\u1ec1 \u0111\u1ed9 s\u1ed1ng \u0111\u1ed9ng v\u00e0 ch\u00e2n th\u1ef1c, ph\u1ee5c v\u1ee5 cho ng\u01b0\u1eddi d\u00f9ng nh\u1eefng kh\u1ea3 n\u0103ng gi\u1ea3i tr\u00ed kh\u00e1c nhau.<\/p>\n<p>&nbsp;<\/p>\n<h3><strong>C\u1ea5u h\u00ecnh v\u01b0\u1ee3t tr\u1ed9i c\u1ee7a Smart Tivi Xiaomi PRO 43 inch E43S.<\/strong><\/h3>\n<p>&nbsp;<\/p>\n<p>Ch\u00fang ta s\u1ebd c\u00f3 2GB RAM v\u00e0 32GB b\u1ed9 nh\u1edb trong c\u00f9ng v\u1edbi \u0111\u00f3 l\u00e0 b\u1ed9 vi x\u1eed l\u00fd 8 nh\u00e2n v\u1edbi t\u1ed1c \u0111\u1ed9 x\u1eed l\u00fd m\u1ed7i l\u00f5i l\u00e0 1.8Ghz. V\u1edbi c\u1ea5u h\u00ecnh n\u00e0y th\u00ec chi\u1ebfc Smart Tivi Xiaomi PRO 43 inch E43S ph\u1ee5c v\u1ee5 m\u1ed9t c\u00e1ch m\u01b0\u1ee3t m\u00e0 c\u00e1c thao t\u00e1c nh\u01b0 gi\u1ea3i tr\u00ed c\u01a1 b\u1ea3n c\u1ee7a ng\u01b0\u1eddi d\u00f9ng r\u1ed3i ph\u1ea3i kh\u00f4ng n\u00e0o. V\u00e0 nh\u01b0 v\u1eady l\u00e0 m\u00ecnh \u0111\u00e3 g\u1eedi \u0111\u1ebfn c\u00e1c b\u1ea1n video tr\u1ea3i nghi\u1ec7m nhanh chi\u1ebfc Smart Tivi Xiaomi PRO 43 inch E43S n\u1ebfu c\u00e1c b\u1ea1n c\u00f3 b\u1ea5t c\u1ee9 th\u1eafc m\u1eafc n\u00e0o c\u00f3 th\u1ec3 li\u00ean h\u1ec7 tr\u1ef1c ti\u1ebfp t\u1edbi hotline ch\u0103m s\u00f3c c\u1ee7a Tivixiaomi.com \u0111\u1ec3 \u0111\u01b0\u1ee3c h\u1ed7 tr\u1ee3 gi\u1ea3i \u0111\u00e1p, c\u00f2n b\u00e2y gi\u1edd xin ch\u00e0o v\u00e0 h\u1eb9n g\u1eb7p l\u1ea1i \u1edf nh\u1eefng Video ti\u1ebfp theo.<\/p>\n<p>&nbsp;<\/p>\n<p>&nbsp;<\/p>\n","protected":false},"excerpt":{"rendered":"<ul>\n<li>D\u00f2ng ES Pro 2019 Series<\/li>\n<li>M\u00e0n h\u00ecnh: 4K<\/li>\n<li>RAM: 2GB<\/li>\n<li>Dung l\u01b0\u1ee3ng: 32GB<\/li>\n<\/ul>\n","protected":false},"featured_media":63091,"comment_status":"open","ping_status":"closed","template":"","meta":[],"product_brand":[],"product_cat":[27],"product_tag":[],"class_list":{"0":"post-44823","1":"product","2":"type-product","3":"status-publish","4":"has-post-thumbnail","6":"product_cat-chua-phan-loai","8":"first","9":"outofstock","10":"sale","11":"shipping-taxable","12":"purchasable","13":"product-type-simple"},"_links":{"self":[{"href":"https:\/\/tivixiaomi.co\/en\/wp-json\/wp\/v2\/product\/44823"}],"collection":[{"href":"https:\/\/tivixiaomi.co\/en\/wp-json\/wp\/v2\/product"}],"about":[{"href":"https:\/\/tivixiaomi.co\/en\/wp-json\/wp\/v2\/types\/product"}],"replies":[{"embeddable":true,"href":"https:\/\/tivixiaomi.co\/en\/wp-json\/wp\/v2\/comments?post=44823"}],"version-history":[{"count":1,"href":"https:\/\/tivixiaomi.co\/en\/wp-json\/wp\/v2\/product\/44823\/revisions"}],"predecessor-version":[{"id":69834,"href":"https:\/\/tivixiaomi.co\/en\/wp-json\/wp\/v2\/product\/44823\/revisions\/69834"}],"wp:featuredmedia":[{"embeddable":true,"href":"https:\/\/tivixiaomi.co\/en\/wp-json\/wp\/v2\/media\/63091"}],"wp:attachment":[{"href":"https:\/\/tivixiaomi.co\/en\/wp-json\/wp\/v2\/media?parent=44823"}],"wp:term":[{"taxonomy":"product_brand","embeddable":true,"href":"https:\/\/tivixiaomi.co\/en\/wp-json\/wp\/v2\/product_brand?post=44823"},{"taxonomy":"product_cat","embeddable":true,"href":"https:\/\/tivixiaomi.co\/en\/wp-json\/wp\/v2\/product_cat?post=44823"},{"taxonomy":"product_tag","embeddable":true,"href":"https:\/\/tivixiaomi.co\/en\/wp-json\/wp\/v2\/product_tag?post=44823"}],"curies":[{"name":"wp","href":"https:\/\/api.w.org\/{rel}","templated":true}]}}