{"id":44840,"date":"2019-12-03T12:20:49","date_gmt":"2019-12-03T05:20:49","guid":{"rendered":"https:\/\/tivixiaomi.co\/?post_type=product&#038;p=44840"},"modified":"2024-09-04T13:27:55","modified_gmt":"2024-09-04T06:27:55","slug":"mi-tv-5-65","status":"publish","type":"product","link":"https:\/\/tivixiaomi.co\/en\/tivi\/mi-tv-5-65\/","title":{"rendered":"Smart Tivi Xiaomi 5 65 inch (Mi TV 5 65\u2033)"},"content":{"rendered":"<p>Smart Tivi Xiaomi Mi Tivi 5 65 inch (Mi TV 5 65\u2033) Gi\u00e1 r\u1ebb t\u1ea1i H\u00e0 N\u1ed9i, TP.HCM. Mi\u1ec5n ph\u00ed l\u1eafp \u0111\u1eb7t, H\u1ed7 tr\u1ee3 v\u1eadn chuy\u1ec3n trong n\u1ed9i th\u00e0nh, Hotline: 0984.311.230<\/p>\n<p><span style=\"font-weight: 400;\">Ch\u00e0o m\u1eebng c\u00e1c b\u1ea1n \u0111\u00e3 quay tr\u1edf l\u1ea1i v\u1edbi tivixiaomi.com, \u1edf c\u00e1c video tr\u01b0\u1edbc m\u00ecnh \u0111\u00e3 g\u1eedi \u0111\u1ebfn c\u00e1c b\u1ea1n m\u1eabu mi tivi 5 55 inches, v\u00e0 ng\u00e0y h\u00f4m nay tivixiaomi.com g\u1eedi t\u1edbi c\u00e1c b\u1ea1n m\u1eabu Xiaomi Mi Tivi 5 65 inch (Mi TV 5 65\u2033). V\u1eady m\u1eabu Tivi n\u00e0y c\u00f3 \u0111i\u1ec3m g\u00ec kh\u00e1c bi\u1ec7t so v\u1edbi c\u00e1c phi\u00ean b\u1ea3n tr\u01b0\u1edbc h\u00e3y c\u00f9ng tivixiaomi.com tr\u1ea3i nghi\u1ec7m ngay nh\u00e9.<\/span><\/p>\n<p style=\"text-align: center;\">Video \u0111\u00e1nh gi\u00e1 nhanh Tivi Xiaomi Mi tivi 5 65inches<\/p>\n<p><iframe title=\"Mi TV 5 65 inches \u2022 TiviXiaomi.Com\" width=\"640\" height=\"360\" src=\"https:\/\/www.youtube.com\/embed\/LPlYzTvB4sM?feature=oembed\" frameborder=\"0\" allow=\"accelerometer; autoplay; clipboard-write; encrypted-media; gyroscope; picture-in-picture; web-share\" referrerpolicy=\"strict-origin-when-cross-origin\" allowfullscreen><\/iframe><\/p>\n<h2><strong>Thi\u1ebft k\u1ebf s\u1ea3n ph\u1ea9m Tivi Xiaomi Mi Tivi 5 65 inches<\/strong><\/h2>\n<p><span style=\"font-weight: 400;\">V\u1ec1 t\u1ed5ng quan thi\u1ebft k\u1ebf th\u00ec chi\u1ebfc Mi tivi n\u00e0y kh\u00f4ng c\u00f3 \u0111i\u1ec3m g\u00ec thay \u0111\u1ed5i so v\u1edbi chi\u1ebfc Mi Tivi 5 55 inches, \u0111i\u1ec3m kh\u00e1c bi\u1ec7t l\u1edbn nh\u1ea5t m\u00e0 b\u1ea1n c\u00f3 th\u1ec3 nh\u1eadn th\u1ea5y ngay \u0111\u00f3 ch\u00ednh l\u00e0 k\u00edch th\u01b0\u1edbc c\u1ee7a m\u00e0n h\u00ecnh l\u1edbn h\u01a1n l\u00ean t\u1edbi 65 inches. C\u0169ng ch\u00ednh v\u00ec k\u00edch th\u01b0\u1edbc m\u00e0n h\u00ecnh l\u1edbn v\u00e0 tr\u1ecdng l\u01b0\u1ee3ng c\u1ee7a s\u1ea3n ph\u1ea9m c\u0169ng kh\u00f4ng h\u1ec1 nh\u1eb9 n\u00ean Xiaomi \u0111\u00e3 trang b\u1ecb 2 ch\u00e2n \u0111\u1ebf b\u1eb1ng kim lo\u1ea1i h\u00ecnh ch\u1eef V m\u00e0u x\u00e1m ch\u00ec r\u1ea5t ch\u1eafc ch\u1eafn \u0111i k\u00e8m.\u00a0<\/span><\/p>\n<p><img fetchpriority=\"high\" decoding=\"async\" class=\"aligncenter wp-image-45116 size-full\" src=\"https:\/\/tivixiaomi.co\/wp-content\/uploads\/2019\/12\/DSCF3233.jpg\" alt=\"\" width=\"1200\" height=\"675\" \/><\/p>\n<p><span style=\"font-weight: 400;\">\u0110i\u1ec3m g\u00e2y \u1ea5n t\u01b0\u1ee3ng l\u1edbn nh\u1ea5t \u0111\u1ed1i v\u1edbi ng\u01b0\u1eddi d\u00f9ng v\u1ec1 thi\u1ebft k\u1ebf c\u1ee7a s\u1ea3n ph\u1ea9m <a href=\"https:\/\/tivixiaomi.co\/san-pham\/smart-tivi-xiaomi-5-65-inch-mi-tv-5-65%e2%80%b3\/\"><strong>Tivi Xiaomi Mi Tivi 5 65 inches<\/strong><\/a> ch\u1eafc ch\u1eafn \u0111\u00f3 ch\u00ednh l\u00e0 c\u1ea1nh vi\u1ec1n c\u1ee7a s\u1ea3n ph\u1ea9m, ph\u1ea7n vi\u1ec1n 2 c\u1ea1nh n\u00e0y \u0111\u01b0\u1ee3c l\u00e0m r\u1ea5t m\u1ecfng ph\u00eda c\u1ea1nh ph\u1ea3i ch\u00fang ta c\u00f3 d\u00f2ng ch\u1eef \u201cDesigned by Xiaomi\u201d v\u00e0 ph\u1ea7n vi\u1ec1n n\u00e0y \u0111\u01b0\u1ee3c l\u00e0m b\u1eb1ng kim lo\u1ea1i s\u00e1ng b\u00f3ng t\u1ea1o c\u1ea3m gi\u00e1c ch\u1eafn ch\u1eafn nh\u01b0ng l\u1ea1i r\u1ea5t sang tr\u1ecdng cho ng\u01b0\u1eddi d\u00f9ng. Ph\u00eda c\u1ea1nh d\u01b0\u1edbi ch\u00fang ta c\u00f3 logo c\u1ee7a Xiaomi v\u00e0 c\u1ee5m \u0111\u00e8n led t\u00edn hi\u1ec7u c\u0169ng nh\u01b0 m\u1ed9t n\u00fat ngu\u1ed3n nh\u1ecf ph\u00eda d\u01b0\u1edbi \u0111\u00e1y.<\/span><\/p>\n<p><img decoding=\"async\" class=\"aligncenter wp-image-45118 size-full\" src=\"https:\/\/tivixiaomi.co\/wp-content\/uploads\/2019\/12\/DSCF3236.jpg\" alt=\"\" width=\"1200\" height=\"675\" \/><\/p>\n<p><span style=\"font-weight: 400;\">Ph\u1ea7n panel m\u00e0n h\u00ecnh c\u1ee7a Tivi Xiaomi Mi Tivi 5 65 inches c\u0169ng \u0111\u01b0\u1ee3c l\u00e0m r\u1ea5t m\u1ecfng v\u00e0 theo nh\u01b0 h\u00e3ng c\u00f4ng b\u1ed1 th\u00ec t\u1ea5m panel n\u00e0y ch\u1ec9 d\u00e0y 5.9mm m\u00e0 th\u00f4i, m\u1ed9t con s\u1ed1 r\u1ea5t \u1ea5n t\u01b0\u1ee3ng ph\u1ea3i kh\u00f4ng n\u00e0o? Ph\u00eda m\u1eb7t l\u01b0ng panel n\u00e0y \u0111\u01b0\u1ee3c ph\u1ee7 m\u1ed9t l\u1edbp nh\u1ef1a b\u00f3ng c\u00e0ng t\u0103ng v\u1ebb sang tr\u1ecdng cho s\u1ea3n ph\u1ea9m h\u01a1n r\u1ea5t nhi\u1ec1u. Ngay ph\u00eda d\u01b0\u1edbi ch\u00fang ta c\u00f3 2 loa ngo\u00e0i v\u1edbi c\u00f4ng su\u1ea5t m\u1ed7i loa l\u00e0 8w \u0111\u01b0\u1ee3c trang b\u1ecb c\u00f4ng ngh\u1ec7 Dolby Audio.\u00a0<\/span><\/p>\n<p><img decoding=\"async\" class=\"aligncenter wp-image-45115 size-full\" src=\"https:\/\/tivixiaomi.co\/wp-content\/uploads\/2019\/12\/DSCF3232.jpg\" alt=\"\" width=\"1200\" height=\"675\" \/><\/p>\n<p><span style=\"font-weight: 400;\">Ph\u1ea7n m\u1eb7t l\u01b0ng n\u00e0y \u0111\u01b0\u1ee3c l\u00e0m b\u1eb1ng nh\u1ef1a nh\u00e1m \u0111en, ph\u00eda b\u00ean ph\u1ea3i ch\u00fang ta c\u00f3 d\u00e2y n\u1ed1i ngu\u1ed3n b\u00ean c\u1ea1nh tr\u00e1i l\u00e0 c\u00e1c c\u1ed5ng k\u1ebft n\u1ed1i USB v\u00e0 xu\u1ea5t t\u00edn hi\u1ec7u, ch\u00fang ta c\u00f3 2 c\u1ed5ng USB v\u00e0 3 c\u1ed5ng HDML. Ngo\u00e0i ra ch\u00fang ta c\u00f3 th\u00eam 1 c\u1ed5ng LAN, m\u1ed9t c\u1ed5ng anten 1 c\u1ed5ng SFDIF v\u00e0 2 c\u1ed5ng Audio input v\u00e0 Video.<\/span><\/p>\n<p><img loading=\"lazy\" decoding=\"async\" class=\"aligncenter wp-image-45119 size-full\" src=\"https:\/\/tivixiaomi.co\/wp-content\/uploads\/2019\/12\/DSCF3237.jpg\" alt=\"\" width=\"1200\" height=\"674\" \/><\/p>\n<p><img loading=\"lazy\" decoding=\"async\" class=\"aligncenter wp-image-45120 size-full\" src=\"https:\/\/tivixiaomi.co\/wp-content\/uploads\/2019\/12\/DSCF3238.jpg\" alt=\"\" width=\"1200\" height=\"674\" \/><\/p>\n<h3><strong>\u0110\u00e1nh gi\u00e1 hi\u1ec3n th\u1ecb c\u1ee7a Tivi Xiaomi Mi Tivi 5 65 inches<\/strong><\/h3>\n<p><span style=\"font-weight: 400;\">V\u1ec1 ph\u1ea7n hi\u1ec3n th\u1ecb Tivi Xiaomi Mi Tivi 5 65 inches s\u1edf h\u1eefu k\u00edch th\u01b0\u1edbc l\u00ean t\u1edbi 65 inches chi\u1ec1u d\u00e0i 140cm v\u1edbi k\u00edch th\u01b0\u1edbc n\u00e0y n\u1ebfu b\u1ea1n \u0111ang c\u00f3 \u00fd \u0111\u1ecbnh mua k\u1ec7 tivi h\u00e3y c\u00e2n \u0111\u1ed1i k\u00edch th\u01b0\u1edbc k\u1ec7 tivi sao cho h\u1ee3p l\u00fd v\u1edbi m\u00e0n h\u00ecnh nh\u00e9.\u00a0\u00a0<\/span><\/p>\n<p><img loading=\"lazy\" decoding=\"async\" class=\"aligncenter wp-image-45117 size-full\" src=\"https:\/\/tivixiaomi.co\/wp-content\/uploads\/2019\/12\/DSCF3234.jpg\" alt=\"\" width=\"1200\" height=\"675\" \/><\/p>\n<p><span style=\"font-weight: 400;\">T\u1ea5m n\u1ec1n LCD \u0111\u00e3 mang l\u1ea1i nh\u1eefng \u01b0u \u0111i\u1ec3m v\u1ec1 m\u1eb7t hi\u1ec3n th\u1ecb cho s\u1ea3n ph\u1ea9m r\u1ea5t nhi\u1ec1u v\u1edbi ch\u1ea5t l\u01b0\u1ee3ng h\u00ecnh \u1ea3nh t\u1ed1t m\u00e0u s\u1eafc mang l\u1ea1i \u0111\u01b0\u1ee3c \u0111\u00e1nh gi\u00e1 kh\u00e1 cao. C\u1ea3m nh\u1eadn v\u1ec1 h\u00ecnh \u1ea3nh th\u00ec Mi tivi 5 mang l\u1ea1i cho b\u1ea1n kh\u00e1 \u1ea5n t\u01b0\u1ee3ng v\u1edbi \u0111\u1ed9 s\u00e2u v\u00e0 \u0111\u1ed9 t\u01b0\u01a1ng ph\u1ea3n, h\u00ecnh \u1ea3nh hi\u1ec3n th\u1ecb c\u1ef1c k\u1ef3 t\u1ed1t. <\/span><\/p>\n<p><img loading=\"lazy\" decoding=\"async\" class=\"aligncenter wp-image-45121 size-full\" src=\"https:\/\/tivixiaomi.co\/wp-content\/uploads\/2019\/12\/DSCF3240.jpg\" alt=\"\" width=\"1200\" height=\"675\" \/><\/p>\n<p><span style=\"font-weight: 400;\">Ch\u00fang ta c\u0169ng c\u00f3 th\u1ec3 tu\u1ef3 bi\u1ebfn c\u00e1c th\u00f4ng s\u1ed1 theo s\u1edf th\u00edch, ho\u1eb7c \u0111i s\u00e2u h\u01a1n ch\u00fang ta c\u00f3 th\u1ec3 c\u0103n ch\u1ec9nh c\u1ea3 tone m\u00e0u RGB c\u1ee7a m\u00e0n h\u00ecnh. V\u00e0 th\u1eadt tuy\u1ec7t v\u1eddi n\u1ebfu nh\u01b0 s\u1eed d\u1ee5ng chi\u1ebfc Tivi Xiaomi Mi Tivi 5 65 inches n\u00e0y \u0111\u1ec3 gi\u1ea3i tr\u00ed hay ch\u01a1i game ph\u1ea3i kh\u00f4ng n\u00e0o?\u00a0<\/span><\/p>\n<h3><strong>\u0110\u00e1nh gi\u00e1 c\u1ea5u h\u00ecnh Tivi Xiaomi Mi Tivi 5 65 inches<\/strong><\/h3>\n<p><img loading=\"lazy\" decoding=\"async\" class=\"aligncenter wp-image-45125 size-full\" src=\"https:\/\/tivixiaomi.co\/wp-content\/uploads\/2019\/12\/DSCF3244.jpg\" alt=\"\" width=\"1200\" height=\"675\" \/><\/p>\n<p><span style=\"font-weight: 400;\">V\u1ec1 m\u1eb7t c\u1ea5u h\u00ecnh t\u01b0\u01a1ng t\u1ef1 nh\u01b0 chi\u1ebfc Mi tivi 5 55 inches phi\u00ean b\u1ea3n 65 inches c\u0169ng \u0111\u01b0\u1ee3c trang b\u1ecb con ch\u00edp v\u1edbi l\u00f5i Cortext A55 b\u1ed9 nh\u1edb RAM 3GB v\u00e0 b\u1ed9 nh\u1edb trong 32 GB. \u0110\u1ed9 ph\u00e2n gi\u1ea3i m\u00e0n h\u00ecnh 4K kh\u00f4ng c\u00f3 \u0111i\u1ec3m g\u00ec kh\u00e1c bi\u1ec7t so v\u1edbi phi\u00ean b\u1ea3n 55 in c\u1ea3. Tuy nhi\u00ean v\u1edbi m\u1ed9t chi\u1ebfc Smart Tivi th\u00ec c\u1ea5u h\u00ecnh n\u00e0y \u0111\u00e1p \u1ee9ng qu\u00e1 t\u1ed1t nhu c\u1ea7u s\u1eed d\u1ee5ng c\u01a1 b\u1ea3n th\u1eadm ch\u00ed ch\u00fang ta c\u00f2n c\u00f3 th\u1ec3 ch\u01a1i m\u1ed9t s\u1ed1 game nh\u1eb9 nh\u00e0ng tr\u00ean chi\u1ebfc tivi n\u00e0y n\u1eefa.<\/span><\/p>\n<p><img loading=\"lazy\" decoding=\"async\" class=\"aligncenter wp-image-45123 size-full\" src=\"https:\/\/tivixiaomi.co\/wp-content\/uploads\/2019\/12\/DSCF3242.jpg\" alt=\"\" width=\"1200\" height=\"675\" \/><\/p>\n<p><span style=\"font-weight: 400;\">M\u1ed9t \u0111i\u1ec3m n\u1eefa kh\u00e1 th\u00fa v\u1ecb tr\u00ean chi\u1ebfc tivi n\u00e0y \u0111\u00f3 ch\u00ednh l\u00e0 ch\u00fang ta kh\u00f4ng c\u1ea7n s\u1eed d\u1ee5ng \u0111\u1ebfn \u0111i\u1ec1u khi\u1ec3n \u0111\u1ec3 ra l\u1ec7nh gi\u1ecdng n\u00f3i m\u00e0 c\u00f3 th\u1ec3 n\u00f3i tr\u1ef1c ti\u1ebfp. Mi tivi th\u1ebf h\u1ec7 th\u1ee9 5 \u0111\u01b0\u1ee3c trang b\u1ecb t\u1edbi 4 mic \u0111\u1ec3 h\u1ed7 tr\u1ee3 nh\u1eadn di\u1ec7n gi\u1ecdng n\u00f3i \u0111\u1ec3 h\u1ed7 tr\u1ee3 ng\u01b0\u1eddi d\u00f9ng m\u00e0 kh\u00f4ng c\u1ea7n s\u1eed d\u1ee5ng \u0111\u1ebfn \u0111i\u1ec1u khi\u1ec3n. <\/span><span style=\"font-weight: 400;\">H\u1ec7 \u0111i\u1ec1u h\u00e0nh android v\u1eabn \u0111\u01b0\u1ee3c s\u1eed d\u1ee5ng tr\u00ean chi\u1ebfc tivi n\u00e0y v\u00e0 \u0111\u00e2y l\u1ea1i l\u00e0 phi\u00ean b\u1ea3n android 9 tr\u00ean n\u1ec1n t\u1ea3ng patchwall OS c\u1ee7a Xiaomi.<\/span><\/p>\n<h3><strong>Tivi Xiaomi Mi Tivi 5 65 inches gi\u00e1 r\u1ebb so v\u1edbi nh\u1eefng g\u00ec b\u1ea1n nh\u1eadn \u0111\u01b0\u1ee3c<\/strong><\/h3>\n<p><span style=\"font-weight: 400;\">N\u1ebfu b\u1ea1n \u0111ang c\u00f3 m\u1ed9t kh\u00f4ng gian r\u1ed9ng, m\u1ed9t nhu c\u1ea7u gi\u1ea3i tr\u00ed v\u00e0 th\u01b0 gi\u00e3n \u1edf m\u1ee9c v\u1eeba ph\u1ea3i th\u00ec m\u00ecnh ngh\u0129 l\u1ef1a ch\u1ecdn Tivi Xiaomi Mi Tivi 5 65 inches l\u00e0 m\u1ed9t l\u1ef1a ch\u1ecdn kh\u00f4ng t\u1ed3i. V\u1edbi c\u1ea5u h\u00ecnh t\u1ed1t h\u01a1n h\u1eb3n so v\u1edbi th\u1ebf h\u1ec7 tr\u01b0\u1edbc, m\u1ed9t m\u00e0n h\u00ecnh l\u00ean t\u1edbi 65 inches v\u00e0 \u0111\u1eb7c bi\u1ec7t l\u00e0 \u0111\u1ed9 ph\u00e2n gi\u1ea3i 4K. Th\u1eed t\u01b0\u1edfng t\u01b0\u1ee3ng n\u1ebfu b\u1ea1n mua m\u1ed9t s\u1ea3n ph\u1ea9m nh\u01b0 v\u1eady v\u1edbi c\u00e1c th\u01b0\u01a1ng hi\u1ec7u kh\u00e1c ch\u1eafc ch\u1eafn b\u1ea1n ph\u1ea3i b\u1ecf ra 50 tri\u1ec7u th\u1eadm ch\u00ed l\u00e0 nhi\u1ec1u h\u01a1n n\u1eefa v\u1eady t\u1ea1i sao l\u1ea1i kh\u00f4ng ch\u1ecdn m\u1ed9t s\u1ea3n ph\u1ea9m t\u1ed1t h\u01a1n nh\u01b0ng l\u1ea1i r\u1ebb h\u01a1n \u0111\u00f3 ch\u00ednh l\u00e0 chi\u1ebfc\u00a0 Mi Tivi 5 65 inches n\u00e0y?<\/span><\/p>\n<p><img loading=\"lazy\" decoding=\"async\" class=\"aligncenter wp-image-45121 size-full\" src=\"https:\/\/tivixiaomi.co\/wp-content\/uploads\/2019\/12\/DSCF3240.jpg\" alt=\"\" width=\"1200\" height=\"675\" \/><\/p>\n<p><span style=\"font-weight: 400;\">Nh\u01b0 v\u1eady l\u00e0 m\u00ecnh \u0111\u00e3 g\u1eedi \u0111\u1ebfn c\u00e1c b\u1ea1n video \u0111\u00e1nh gi\u00e1 nhanh chi\u1ebfc Tivi Xiaomi Mi Tivi 5 65 inches chi\u1ebfc tivi c\u00f3 k\u00edch th\u01b0\u1edbc m\u00e0n h\u00ecnh l\u1edbn th\u1ee9 2 trong chu\u1ed7i 3 s\u1ea3n ph\u1ea9m Mi Tivi 5 c\u1ee7a Xiaomi. S\u1eafp t\u1edbi tivixiaomi.com s\u1ebd c\u1ed1 g\u1eafng g\u1eedi \u0111\u1ebfn c\u00e1c b\u1ea1n video \u0111\u00e1nh gi\u00e1 s\u1ea3n ph\u1ea9m Mi tivi 5\u00a0 75 inches. <\/span><span style=\"font-weight: 400;\">V\u00e0 n\u1ebfu c\u00e1c b\u1ea1n \u0111ang quan t\u00e2m \u0111\u1ebfn gi\u00e1 b\u00e1n c\u1ee7a s\u1ea3n ph\u1ea9m c\u00f3 th\u1ec3 c\u00f3 th\u1ec3 truy c\u1eadp t\u1ea1i website tivixiaomi.com. C\u00f2n b\u00e2y gi\u1edd xin ch\u00e0o v\u00e0 h\u1eb9n g\u1eb7p l\u1ea1i c\u00e1c b\u1ea1n \u1edf nh\u1eefng video ti\u1ebfp theo.<\/span><\/p>\n","protected":false},"excerpt":{"rendered":"<ul>\n<li>D\u00f2ng 5 Series<\/li>\n<li>M\u00e0n h\u00ecnh: 4K<\/li>\n<li>RAM: 3GB<\/li>\n<li>Dung l\u01b0\u1ee3ng: 32GB<\/li>\n<\/ul>\n","protected":false},"featured_media":63096,"comment_status":"open","ping_status":"closed","template":"","meta":[],"product_brand":[],"product_cat":[373,255],"product_tag":[],"class_list":{"0":"post-44840","1":"product","2":"type-product","3":"status-publish","4":"has-post-thumbnail","6":"product_cat-tivi-xiaomi-5","7":"product_cat-tivi-xiaomi-man-hinh-tran","9":"first","10":"outofstock","11":"sale","12":"shipping-taxable","13":"purchasable","14":"product-type-simple"},"_links":{"self":[{"href":"https:\/\/tivixiaomi.co\/en\/wp-json\/wp\/v2\/product\/44840"}],"collection":[{"href":"https:\/\/tivixiaomi.co\/en\/wp-json\/wp\/v2\/product"}],"about":[{"href":"https:\/\/tivixiaomi.co\/en\/wp-json\/wp\/v2\/types\/product"}],"replies":[{"embeddable":true,"href":"https:\/\/tivixiaomi.co\/en\/wp-json\/wp\/v2\/comments?post=44840"}],"version-history":[{"count":1,"href":"https:\/\/tivixiaomi.co\/en\/wp-json\/wp\/v2\/product\/44840\/revisions"}],"predecessor-version":[{"id":69833,"href":"https:\/\/tivixiaomi.co\/en\/wp-json\/wp\/v2\/product\/44840\/revisions\/69833"}],"wp:featuredmedia":[{"embeddable":true,"href":"https:\/\/tivixiaomi.co\/en\/wp-json\/wp\/v2\/media\/63096"}],"wp:attachment":[{"href":"https:\/\/tivixiaomi.co\/en\/wp-json\/wp\/v2\/media?parent=44840"}],"wp:term":[{"taxonomy":"product_brand","embeddable":true,"href":"https:\/\/tivixiaomi.co\/en\/wp-json\/wp\/v2\/product_brand?post=44840"},{"taxonomy":"product_cat","embeddable":true,"href":"https:\/\/tivixiaomi.co\/en\/wp-json\/wp\/v2\/product_cat?post=44840"},{"taxonomy":"product_tag","embeddable":true,"href":"https:\/\/tivixiaomi.co\/en\/wp-json\/wp\/v2\/product_tag?post=44840"}],"curies":[{"name":"wp","href":"https:\/\/api.w.org\/{rel}","templated":true}]}}