{"id":44968,"date":"2019-12-03T18:42:37","date_gmt":"2019-12-03T11:42:37","guid":{"rendered":"https:\/\/tivixiaomi.co\/?post_type=product&#038;p=44968"},"modified":"2024-09-04T13:27:54","modified_gmt":"2024-09-04T06:27:54","slug":"smart-tivi-xiaomi-5-75-inch-mi-tv-5-75%e2%80%b3","status":"publish","type":"product","link":"https:\/\/tivixiaomi.co\/en\/tivi\/smart-tivi-xiaomi-5-75-inch-mi-tv-5-75%e2%80%b3\/","title":{"rendered":"Smart Tivi Xiaomi 5 75 inch (Mi TV 5 75\u2033)"},"content":{"rendered":"<p><span style=\"font-weight: 400;\">Smart Tivi Xiaomi 5 75 inch <strong>Mi TV 5 75 inches<\/strong> Gi\u00e1 r\u1ebb t\u1ea1i H\u00e0 N\u1ed9i, TP.HCM. Mi\u1ec5n ph\u00ed l\u1eafp \u0111\u1eb7t, H\u1ed7 tr\u1ee3 v\u1eadn chuy\u1ec3n trong n\u1ed9i th\u00e0nh, Hotline: 0984.311.230. Ch\u00e0o m\u1eebng quay tr\u1edf l\u1ea1i v\u1edbi k\u00eanh c\u1ee7a tivixiaomi.com. Trong video n\u00e0y, m\u00ecnh s\u1ebd gi\u1edbi thi\u1ec7u v\u00e0 \u0111\u00e1nh gi\u00e1 chi ti\u1ebft cho anh em m\u1ed9t m\u1eabu TV c\u1ee1 l\u1edbn \u0111ang r\u1ea5t hot c\u1ee7a Xiaomi, chi\u1ebfc Xiaomi 5 75\u201d. V\u00e0o cu\u1ed1i n\u0103m 2019 v\u1eeba r\u1ed3i th\u00ec Xiaomi \u0111\u00e3 t\u1ea1o ra m\u1ed9t c\u01a1n \u0111\u1ecba ch\u1ea5n tr\u00ean th\u1ecb tr\u01b0\u1eddng TV cao c\u1ea5p khi cho ra series Mi TV 5 v\u00e0 Mi TV5 Pro. Trong \u0111\u00f3, d\u00f2ng Mi TV 5 n\u1ed5i ti\u1ebfng v\u1edbi \u0111\u1ed9 m\u1ecfng \u0111\u00e1ng kinh ng\u1ea1c, m\u1ee9c gi\u00e1 t\u1ed1t v\u00e0 ch\u1ea5t l\u01b0\u1ee3ng h\u00ecnh \u1ea3nh th\u00ec kh\u00f4ng thua k\u00e9m g\u00ec nh\u1eefng m\u1eabu TV c\u1ee1 l\u1edbn kh\u00e1c.<\/span><\/p>\n<p><strong>Video \u0111\u00e1nh gi\u00e1 nhanh s\u1ea3n ph\u1ea9m Mi Tivi 5 75 inches<\/strong><\/p>\n<p><iframe title=\"Mi TV 5 75 inches \u2022 TiviXiaomi.Com\" width=\"640\" height=\"360\" src=\"https:\/\/www.youtube.com\/embed\/50BEWnGqWCY?feature=oembed\" frameborder=\"0\" allow=\"accelerometer; autoplay; clipboard-write; encrypted-media; gyroscope; picture-in-picture; web-share\" referrerpolicy=\"strict-origin-when-cross-origin\" allowfullscreen><\/iframe><\/p>\n<p>&nbsp;<\/p>\n<h3>\u0110\u00e1nh gi\u00e1 thi\u1ebft k\u1ebf c\u1ee7a chi\u1ebfc Mi TV 5 75 inches<\/h3>\n<p>C\u1ee5 th\u1ec3, v\u1edbi phi\u00ean b\u1ea3n 75\u201d nh\u01b0 tr\u00ean video th\u00ec chi\u1ebfc TV n\u00e0y ch\u1ec9 m\u1ecfng c\u00f3 9.9mm. N\u00f3 m\u1ecfng ngang th\u1eadm ch\u00ed l\u00e0 h\u01a1n c\u1ea3 chi\u1ebfc \u0111i\u1ec7n tho\u1ea1i b\u1ea1n \u0111ang d\u00f9ng. Vi\u1ec1n m\u00e0n h\u00ecnh c\u1ee7a TV c\u00f3 \u0111\u1ed9 d\u00e0y c\u0169ng r\u1ea5t nh\u1ecf, ch\u1ec9 1.8mm so v\u1edbi 3.4m c\u1ee7a th\u1ebf h\u1ec7 Mi TV 4. V\u00ec th\u1ebf, chi\u1ebfc TV n\u00e0y c\u00f3 thi\u1ebft k\u1ebf g\u1ea7n nh\u01b0 l\u00e0 kh\u00f4ng vi\u1ec1n.<\/p>\n<p><img fetchpriority=\"high\" decoding=\"async\" class=\"aligncenter wp-image-55345 size-large\" src=\"https:\/\/tivixiaomi.co\/wp-content\/uploads\/2019\/12\/Mi-Tivi-5-75-inches-tivixiaomi.com-8-1024x576.jpg\" alt=\"\" width=\"1024\" height=\"576\" srcset=\"https:\/\/tivixiaomi.co\/wp-content\/uploads\/2019\/12\/Mi-Tivi-5-75-inches-tivixiaomi.com-8-1024x576.jpg 1024w, https:\/\/tivixiaomi.co\/wp-content\/uploads\/2019\/12\/Mi-Tivi-5-75-inches-tivixiaomi.com-8-jpg-150x84.webp 150w, https:\/\/tivixiaomi.co\/wp-content\/uploads\/2019\/12\/Mi-Tivi-5-75-inches-tivixiaomi.com-8-600x338.jpg 600w, https:\/\/tivixiaomi.co\/wp-content\/uploads\/2019\/12\/Mi-Tivi-5-75-inches-tivixiaomi.com-8-300x169.jpg 300w, https:\/\/tivixiaomi.co\/wp-content\/uploads\/2019\/12\/Mi-Tivi-5-75-inches-tivixiaomi.com-8-768x432.jpg 768w, https:\/\/tivixiaomi.co\/wp-content\/uploads\/2019\/12\/Mi-Tivi-5-75-inches-tivixiaomi.com-8-jpg.webp 1500w\" sizes=\"(max-width: 1024px) 100vw, 1024px\" \/><br \/>\nM\u1eb7t sau c\u1ee7a <a href=\"https:\/\/tivixiaomi.co\/san-pham\/smart-tivi-xiaomi-5-75-inch-mi-tv-5-75%e2%80%b3\/\"><strong>Xiaomi Tivi 5 75 inches<\/strong><\/a> \u0111\u01b0\u1ee3c thi\u1ebft k\u1ebf t\u1ed1i gi\u1ea3n nh\u1ea5t c\u00f3 th\u1ec3, tuy nhi\u00ean v\u1eabn \u0111\u1ea7y \u0111\u1ee7 loa v\u00e0 c\u00e1c c\u1ed5ng k\u1ebft n\u1ed1i c\u1ea7n thi\u1ebft. Nh\u01b0 ch\u00fang ta th\u1ea5y \u1edf g\u00f3c b\u00ean tr\u00e1i l\u00e0 v\u1ecb tr\u00ed d\u00e2y ngu\u1ed3n, d\u1ea3i ph\u00eda tr\u00ean l\u00e0 loa, g\u00f3c ph\u1ea3i l\u00e0 c\u1ee5m c\u1ed5ng k\u1ebft n\u1ed1i v\u00e0 ch\u00ednh gi\u1eefa l\u00e0 logo Xiaomi. Vi\u1ec7c b\u1ed1 tr\u00ed c\u00e1c chi ti\u1ebft nh\u01b0 th\u1ebf n\u00e0y s\u1ebd \u0111\u1ea3m b\u1ea3o t\u00ednh th\u1ea9m m\u1ef9 v\u00e0 g\u1ecdn g\u00e0ng cho TV.<\/p>\n<p><img decoding=\"async\" class=\"aligncenter wp-image-55338 size-large\" src=\"https:\/\/tivixiaomi.co\/wp-content\/uploads\/2019\/12\/Mi-Tivi-5-75-inches-tivixiaomi.com-1-1024x576.jpg\" alt=\"\" width=\"1024\" height=\"576\" srcset=\"https:\/\/tivixiaomi.co\/wp-content\/uploads\/2019\/12\/Mi-Tivi-5-75-inches-tivixiaomi.com-1-1024x576.jpg 1024w, https:\/\/tivixiaomi.co\/wp-content\/uploads\/2019\/12\/Mi-Tivi-5-75-inches-tivixiaomi.com-1-jpg-150x84.webp 150w, https:\/\/tivixiaomi.co\/wp-content\/uploads\/2019\/12\/Mi-Tivi-5-75-inches-tivixiaomi.com-1-600x338.jpg 600w, https:\/\/tivixiaomi.co\/wp-content\/uploads\/2019\/12\/Mi-Tivi-5-75-inches-tivixiaomi.com-1-300x169.jpg 300w, https:\/\/tivixiaomi.co\/wp-content\/uploads\/2019\/12\/Mi-Tivi-5-75-inches-tivixiaomi.com-1-768x432.jpg 768w, https:\/\/tivixiaomi.co\/wp-content\/uploads\/2019\/12\/Mi-Tivi-5-75-inches-tivixiaomi.com-1-jpg.webp 1500w\" sizes=\"(max-width: 1024px) 100vw, 1024px\" \/><br \/>\nMi TV 5 75\u201d c\u00f3 th\u00e2n m\u00e1y v\u00e0 khung vi\u1ec1n l\u00e0m t\u1eeb h\u1ee3p kim nh\u00f4m cao c\u1ea5p, ch\u1ed1ng va \u0111\u1eadp v\u00e0 tr\u1ea7y x\u01b0\u1edbc t\u1ed1i \u0111a. M\u1eb7t sau c\u1ee7a TV c\u00f3 c\u00e1c \u1ed1c v\u00edt \u0111\u1ec3 treo t\u01b0\u1eddng, ho\u1eb7c ch\u00fang ta c\u0169ng c\u00f3 th\u1ec3 d\u00f9ng b\u1ed9 ch\u00e2n \u0111\u1ebf \u0111i k\u00e8m \u0111\u1ec3 \u0111\u1eb7t tr\u1ef1c ti\u1ebfp TV l\u00ean m\u1eb7t b\u00e0n ho\u1eb7c t\u1ee7. M\u00ecnh \u0111\u1eb7c bi\u1ec7t \u1ea5n t\u01b0\u1ee3ng v\u1edbi thi\u1ebft k\u1ebf c\u1ee7a b\u1ed9 ch\u00e2n \u0111\u1ebf n\u00e0y. Khung vi\u1ec1n c\u1ee7a TV c\u00f3 thi\u1ebft k\u1ebf cong, kh\u00f4ng s\u1eed d\u1ee5ng \u1ed1c v\u00edt, v\u00ec th\u1ebf TV nh\u00ecn s\u1ebd r\u1ea5t thanh tho\u00e1t, hi\u1ec7n \u0111\u1ea1i v\u00e0 ph\u00f9 h\u1ee3p v\u1edbi r\u1ea5t nhi\u1ec1u kh\u00f4ng gian ph\u00f2ng kh\u00e1ch.<\/p>\n<h3>M\u00e0n h\u00ecnh hi\u1ec3n th\u1ecb l\u00ean t\u1edbi 75 inches si\u00eau s\u1eafc n\u00e9t<\/h3>\n<p>Gi\u1edd \u0111\u1ebfn ph\u1ea7n \u0111\u00e1nh gi\u00e1 m\u00e0n h\u00ecnh c\u0169ng nh\u01b0 l\u00e0 h\u00ecnh \u1ea3nh t\u1eeb TV. V\u1edbi m\u1ed9t chi\u1ebfc TV c\u1ee1 l\u1edbn nh\u01b0 Mi TV 5 75\u201d th\u00ec \u0111\u1ed9 s\u1eafc n\u00e9t v\u00e0 ch\u00e2n th\u1ef1c c\u1ee7a h\u00ecnh \u1ea3nh l\u00e0 \u0111i\u1ec1u t\u1ed1i quan tr\u1ecdng. V\u00e0 \u0111\u1ec3 \u0111\u00e1p \u1ee9ng \u0111\u01b0\u1ee3c \u0111i\u1ec1u \u0111\u00f3, Xiaomi \u0111\u00e3 trang b\u1ecb cho chi\u1ebfc TV n\u00e0y m\u1ed9t m\u00e0n h\u00ecnh c\u00f3 \u0111\u1ed9 ph\u00e2n gi\u1ea3i l\u00e0 4K, 3840 \u00d7 2160.<\/p>\n<p><img decoding=\"async\" class=\"aligncenter wp-image-55339 size-large\" src=\"https:\/\/tivixiaomi.co\/wp-content\/uploads\/2019\/12\/Mi-Tivi-5-75-inches-tivixiaomi.com-2-1024x578.jpg\" alt=\"\" width=\"1024\" height=\"578\" srcset=\"https:\/\/tivixiaomi.co\/wp-content\/uploads\/2019\/12\/Mi-Tivi-5-75-inches-tivixiaomi.com-2-1024x578.jpg 1024w, https:\/\/tivixiaomi.co\/wp-content\/uploads\/2019\/12\/Mi-Tivi-5-75-inches-tivixiaomi.com-2-jpg-150x85.webp 150w, https:\/\/tivixiaomi.co\/wp-content\/uploads\/2019\/12\/Mi-Tivi-5-75-inches-tivixiaomi.com-2-600x339.jpg 600w, https:\/\/tivixiaomi.co\/wp-content\/uploads\/2019\/12\/Mi-Tivi-5-75-inches-tivixiaomi.com-2-300x169.jpg 300w, https:\/\/tivixiaomi.co\/wp-content\/uploads\/2019\/12\/Mi-Tivi-5-75-inches-tivixiaomi.com-2-768x434.jpg 768w, https:\/\/tivixiaomi.co\/wp-content\/uploads\/2019\/12\/Mi-Tivi-5-75-inches-tivixiaomi.com-2-jpg.webp 1500w\" sizes=\"(max-width: 1024px) 100vw, 1024px\" \/><\/p>\n<p>V\u1edbi \u0111\u1ed9 ph\u00e2n gi\u1ea3i n\u00e0y anh em ho\u00e0n to\u00e0n c\u00f3 th\u1ec3 y\u00ean t\u00e2m l\u00e0 kh\u00f4ng bao gi\u1edd c\u00f3 t\u00ecnh tr\u1ea1ng v\u1ee1, nh\u00f2e h\u00ecnh, tr\u1eeb khi ch\u1ea5t l\u01b0\u1ee3ng video \u0111\u1ea7u v\u00e0o qu\u00e1 t\u1ec7 m\u00e0 th\u00f4i. H\u01a1n n\u1eefa c\u00f3 m\u1ed9t \u0111i\u1ec1u c\u1ea7n l\u01b0u \u00fd, l\u00e0 d\u00f9 c\u00f3 \u0111\u1ed9 ph\u00e2n gi\u1ea3i g\u1ed1c l\u00e0 4K, tuy nhi\u00ean chi\u1ebfc Mi TV 5 75\u201d s\u1edf h\u1eefu ph\u1ea7n c\u1ee9ng r\u1ea5t m\u1ea1nh, n\u00ean ho\u00e0n to\u00e0n c\u00f3 th\u1ec3 gi\u1ea3i m\u00e3 v\u00e0 ph\u00e1t l\u1ea1i nh\u1eefng video \u0111\u1ecbnh d\u1ea1ng 8K m\u00e0 kh\u00f4ng b\u1ecb delay, mang tr\u1ea3i nghi\u1ec7m v\u1ec1 \u0111\u1ed9 n\u00e9t c\u1ee7a anh em l\u00ean m\u1ed9t t\u1ea7m cao m\u1edbi.<\/p>\n<p><img loading=\"lazy\" decoding=\"async\" class=\"aligncenter wp-image-55340 size-large\" src=\"https:\/\/tivixiaomi.co\/wp-content\/uploads\/2019\/12\/Mi-Tivi-5-75-inches-tivixiaomi.com-3-1024x576.jpg\" alt=\"\" width=\"1024\" height=\"576\" srcset=\"https:\/\/tivixiaomi.co\/wp-content\/uploads\/2019\/12\/Mi-Tivi-5-75-inches-tivixiaomi.com-3-1024x576.jpg 1024w, https:\/\/tivixiaomi.co\/wp-content\/uploads\/2019\/12\/Mi-Tivi-5-75-inches-tivixiaomi.com-3-jpg-150x84.webp 150w, https:\/\/tivixiaomi.co\/wp-content\/uploads\/2019\/12\/Mi-Tivi-5-75-inches-tivixiaomi.com-3-600x338.jpg 600w, https:\/\/tivixiaomi.co\/wp-content\/uploads\/2019\/12\/Mi-Tivi-5-75-inches-tivixiaomi.com-3-300x169.jpg 300w, https:\/\/tivixiaomi.co\/wp-content\/uploads\/2019\/12\/Mi-Tivi-5-75-inches-tivixiaomi.com-3-768x432.jpg 768w, https:\/\/tivixiaomi.co\/wp-content\/uploads\/2019\/12\/Mi-Tivi-5-75-inches-tivixiaomi.com-3-jpg.webp 1500w\" sizes=\"(max-width: 1024px) 100vw, 1024px\" \/><\/p>\n<p>\u0110\u01b0\u1ee3c bi\u1ebft th\u00ec \u0111\u00e2y l\u00e0 th\u1ebf h\u1ec7 smart TV \u0111\u1ea7u ti\u00ean c\u1ee7a Xiaomi l\u00e0m \u0111\u01b0\u1ee3c \u0111i\u1ec1u n\u00e0y. M\u00e0n h\u00ecnh c\u1ee7a chi\u1ebfc Mi TV 5 75\u201d h\u1ed7 tr\u1ee3 gam m\u00e0u r\u1ed9ng, HDR, t\u1ed1c \u0111\u1ed9 l\u00e0m m\u1edbi 60Hz v\u00e0 g\u00f3c nh\u00ecn r\u1ed9ng t\u1edbi 178\u00b0. H\u00ecnh \u1ea3nh xu\u1ea5t ra t\u1eeb m\u00e0n h\u00ecnh s\u1ebd lu\u00f4n \u0111\u1ea3m b\u1ea3o c\u00f3 m\u00e0u s\u1eafc trung th\u1ef1c kh\u00f4ng h\u1ec1 n\u1ecbnh m\u1eaft, chuy\u1ec3n \u0111\u1ed9ng m\u01b0\u1ee3t m\u00e0 kh\u00f4ng v\u1ee1 h\u00ecnh, v\u00e0 d\u1ec5 d\u00e0ng xem \u0111\u01b0\u1ee3c t\u1eeb r\u1ea5t nhi\u1ec1u g\u00f3c trong ph\u00f2ng.<\/p>\n<h3>C\u1ea5u h\u00ecnh RAM l\u00ean t\u1edbi 3GB c\u1ef1c k\u1ef3 m\u1ea1nh m\u1ebd c\u1ee7a Mi TV 5 75<\/h3>\n<p>C\u00f2n v\u1ec1 ph\u1ea7n c\u1ee9ng c\u1ee7a chi\u1ebfc TV n\u00e0y th\u00ec sao. \u0110\u1ec3 c\u00f3 th\u1ec3 xu\u1ea5t ra ch\u1ea5t l\u01b0\u1ee3ng h\u00ecnh \u1ea3nh c\u1ef1c cao nh\u01b0 m\u00ecnh v\u1eeba n\u00f3i ph\u00eda tr\u00ean th\u00ec ch\u1eafc ch\u1eafn Mi TV 5 75\u201d c\u1ea7n c\u00f3 m\u1ed9t b\u1ed9 vi x\u1eed l\u00fd c\u00f3 s\u1ee9c m\u1ea1nh kh\u00e1 l\u00e0 cao b\u00ean trong. V\u00e0 \u0111\u00fang nh\u01b0 v\u1eady. Xiaomi trang b\u1ecb cho chi\u1ebfc TV n\u00e0y chipset l\u00f5i t\u1ee9 Cortex A55 ti\u1ebfn tr\u00ecnh 12nm, \u0111\u01b0\u1ee3c bi\u1ebft \u0111\u1ebfn v\u1edbi kh\u1ea3 n\u0103ng ti\u1ebft ki\u1ec7m \u0111i\u1ec7n h\u01a1n 55% m\u00e0 v\u1eabn \u0111\u1ea3m b\u1ea3o hi\u1ec7u n\u0103ng cao.<\/p>\n<p><img loading=\"lazy\" decoding=\"async\" class=\"aligncenter wp-image-55341 size-large\" src=\"https:\/\/tivixiaomi.co\/wp-content\/uploads\/2019\/12\/Mi-Tivi-5-75-inches-tivixiaomi.com-4-1024x576.jpg\" alt=\"\" width=\"1024\" height=\"576\" srcset=\"https:\/\/tivixiaomi.co\/wp-content\/uploads\/2019\/12\/Mi-Tivi-5-75-inches-tivixiaomi.com-4-1024x576.jpg 1024w, https:\/\/tivixiaomi.co\/wp-content\/uploads\/2019\/12\/Mi-Tivi-5-75-inches-tivixiaomi.com-4-jpg-150x84.webp 150w, https:\/\/tivixiaomi.co\/wp-content\/uploads\/2019\/12\/Mi-Tivi-5-75-inches-tivixiaomi.com-4-600x338.jpg 600w, https:\/\/tivixiaomi.co\/wp-content\/uploads\/2019\/12\/Mi-Tivi-5-75-inches-tivixiaomi.com-4-300x169.jpg 300w, https:\/\/tivixiaomi.co\/wp-content\/uploads\/2019\/12\/Mi-Tivi-5-75-inches-tivixiaomi.com-4-768x432.jpg 768w, https:\/\/tivixiaomi.co\/wp-content\/uploads\/2019\/12\/Mi-Tivi-5-75-inches-tivixiaomi.com-4-jpg.webp 1500w\" sizes=\"(max-width: 1024px) 100vw, 1024px\" \/><\/p>\n<p>Chip x\u1eed l\u00fd \u0111\u1ed3 h\u1ecda Mali-G31 MP2 c\u0169ng l\u00e0 m\u1ed9t trong nh\u1eefng con GPU t\u1ed1t nh\u1ea5t cho TV hi\u1ec7n nay. B\u00ean c\u1ea1nh \u0111\u00f3 Mi TV 5 75\u201d s\u1edf h\u1eefu t\u1edbi 3GB RAM ch\u1ee9 kh\u00f4ng ph\u1ea3i ch\u1ec9 1-2GB nh\u01b0 c\u00e1c m\u1eabu th\u00f4ng th\u01b0\u1eddng, khi\u1ebfn cho c\u00e1c thao t\u00e1c \u0111i\u1ec1u khi\u1ec3n, chuy\u1ec3n \u0111\u1ed5i \u0111a nhi\u1ec7m tr\u1edf n\u00ean c\u1ef1c k\u1ef3 nhanh, h\u1ea7u nh\u01b0 kh\u00f4ng c\u00f3 \u0111\u1ed9 tr\u1ec5. Anh em c\u0169ng c\u00f3 th\u1ec3 tho\u1ea3i m\u00e1i c\u00e0i \u1ee9ng d\u1ee5ng, phim \u1ea3nh v\u00e0o TV v\u00ec n\u00f3 c\u00f3 t\u1eadn 32GB b\u1ed9 nh\u1edb trong, qu\u00e1 l\u00e0 x\u00f4ng x\u00eanh \u0111\u00fang kh\u00f4ng \u1ea1. H\u1ec7 \u0111i\u1ec1u h\u00e0nh Android TV 9 m\u1edbi nh\u1ea5t c\u0169ng \u0111\u00e3 \u0111\u01b0\u1ee3c c\u00e0i \u0111\u1eb7t v\u00e0 ch\u00fang ta c\u0169ng c\u00f3 th\u1ec3 y\u00ean t\u00e2m l\u00e0 n\u00f3 s\u1ebd \u0111\u01b0\u1ee3c h\u00e3ng update li\u00ean t\u1ee5c. H\u1ec7 \u0111i\u1ec1u h\u00e0nh c\u00f3 giao di\u1ec7n Live OS h\u1ebft s\u1ee9c quen thu\u1ed9c. Ai \u0111ang d\u00f9ng \u0111i\u1ec7n tho\u1ea1i Android th\u00ec s\u1ebd r\u1ea5t nhanh l\u00e0m quen v\u1edbi giao di\u1ec7n n\u00e0y.<\/p>\n<p><img loading=\"lazy\" decoding=\"async\" class=\"aligncenter wp-image-55342 size-large\" src=\"https:\/\/tivixiaomi.co\/wp-content\/uploads\/2019\/12\/Mi-Tivi-5-75-inches-tivixiaomi.com-5-1024x576.jpg\" alt=\"\" width=\"1024\" height=\"576\" srcset=\"https:\/\/tivixiaomi.co\/wp-content\/uploads\/2019\/12\/Mi-Tivi-5-75-inches-tivixiaomi.com-5-1024x576.jpg 1024w, https:\/\/tivixiaomi.co\/wp-content\/uploads\/2019\/12\/Mi-Tivi-5-75-inches-tivixiaomi.com-5-jpg-150x84.webp 150w, https:\/\/tivixiaomi.co\/wp-content\/uploads\/2019\/12\/Mi-Tivi-5-75-inches-tivixiaomi.com-5-600x338.jpg 600w, https:\/\/tivixiaomi.co\/wp-content\/uploads\/2019\/12\/Mi-Tivi-5-75-inches-tivixiaomi.com-5-300x169.jpg 300w, https:\/\/tivixiaomi.co\/wp-content\/uploads\/2019\/12\/Mi-Tivi-5-75-inches-tivixiaomi.com-5-768x432.jpg 768w, https:\/\/tivixiaomi.co\/wp-content\/uploads\/2019\/12\/Mi-Tivi-5-75-inches-tivixiaomi.com-5-jpg.webp 1500w\" sizes=\"(max-width: 1024px) 100vw, 1024px\" \/><\/p>\n<p>Mi TV 5 75\u201d c\u0169ng c\u00f3 \u0111\u1ea7y \u0111\u1ee7 c\u00e1c k\u1ebft n\u1ed1i kh\u00f4ng d\u00e2y nh\u01b0 Wifi, h\u1ed3ng ngo\u1ea1i, bluetooth, gi\u00fap n\u00f3 c\u00f3 th\u1ec3 k\u1ebft n\u1ed1i d\u1ec5 d\u00e0ng v\u1edbi c\u00e1c thi\u1ebft b\u1ecb ngo\u1ea1i vi kh\u00e1c. \u0110i\u1ec1u khi\u1ec3n TV c\u1ee7a Xiaomi th\u00ec lu\u00f4n r\u1ea5t l\u00e0 \u00edt n\u00fat b\u1ea5m v\u00e0 d\u1ec5 s\u1eed d\u1ee5ng. Chi\u1ebfc \u0111i\u1ec1u khi\u1ec3n n\u00e0y ph\u00e1t t\u00edn hi\u1ec7u qua bluetooth ch\u1ee9 kh\u00f4ng ph\u1ea3i h\u1ed3ng ngo\u1ea1i v\u00ec th\u1ebf anh em c\u00f3 th\u1ec3 h\u01b0\u1edbng \u0111i\u1ec1u khi\u1ec3n v\u1ec1 ph\u00eda n\u00e0o c\u0169ng \u0111\u01b0\u1ee3c. Ngo\u00e0i ra, TV c\u00f3 c\u00e1c c\u1ed5ng k\u1ebft n\u1ed1i nh\u01b0 HDMI, USB, Ethernet, S\/PDIF, v.v..<\/p>\n<p><img loading=\"lazy\" decoding=\"async\" class=\"aligncenter wp-image-55343 size-large\" src=\"https:\/\/tivixiaomi.co\/wp-content\/uploads\/2019\/12\/Mi-Tivi-5-75-inches-tivixiaomi.com-6-1024x576.jpg\" alt=\"\" width=\"1024\" height=\"576\" srcset=\"https:\/\/tivixiaomi.co\/wp-content\/uploads\/2019\/12\/Mi-Tivi-5-75-inches-tivixiaomi.com-6-1024x576.jpg 1024w, https:\/\/tivixiaomi.co\/wp-content\/uploads\/2019\/12\/Mi-Tivi-5-75-inches-tivixiaomi.com-6-jpg-150x84.webp 150w, https:\/\/tivixiaomi.co\/wp-content\/uploads\/2019\/12\/Mi-Tivi-5-75-inches-tivixiaomi.com-6-600x338.jpg 600w, https:\/\/tivixiaomi.co\/wp-content\/uploads\/2019\/12\/Mi-Tivi-5-75-inches-tivixiaomi.com-6-300x169.jpg 300w, https:\/\/tivixiaomi.co\/wp-content\/uploads\/2019\/12\/Mi-Tivi-5-75-inches-tivixiaomi.com-6-768x432.jpg 768w, https:\/\/tivixiaomi.co\/wp-content\/uploads\/2019\/12\/Mi-Tivi-5-75-inches-tivixiaomi.com-6-jpg.webp 1500w\" sizes=\"(max-width: 1024px) 100vw, 1024px\" \/><\/p>\n<p>Cu\u1ed1i c\u00f9ng l\u00e0 v\u1ec1 \u00e2m thanh. D\u00e0n loa c\u1ee7a MiTV 5 75\u201d c\u0169ng v\u1eabn \u0111\u01b0\u1ee3c Xiaomi \u00e1p d\u1ee5ng c\u00f4ng ngh\u1ec7 \u00e2m thanh v\u00f2m Dolby Audio v\u00e0 DTS-HD. \u1ede th\u1ebf h\u1ec7 th\u1ee9 5 n\u00e0y, Xiaomi c\u0169ng c\u1ea3i ti\u1ebfn r\u1ea5t nhi\u1ec1u v\u1ec1 \u00e2m thanh. N\u1ebfu ai \u0111\u00e3 t\u1eebng tr\u1ea3i nghi\u1ec7m qua c\u00e1c d\u00f2ng MiTV 4 s\u1ebd r\u1ea5t d\u1ec5 nh\u1eadn ra s\u1ef1 kh\u00e1c bi\u1ec7t.<\/p>\n<p><img loading=\"lazy\" decoding=\"async\" class=\"aligncenter wp-image-55344 size-large\" src=\"https:\/\/tivixiaomi.co\/wp-content\/uploads\/2019\/12\/Mi-Tivi-5-75-inches-tivixiaomi.com-7-1024x576.jpg\" alt=\"\" width=\"1024\" height=\"576\" srcset=\"https:\/\/tivixiaomi.co\/wp-content\/uploads\/2019\/12\/Mi-Tivi-5-75-inches-tivixiaomi.com-7-1024x576.jpg 1024w, https:\/\/tivixiaomi.co\/wp-content\/uploads\/2019\/12\/Mi-Tivi-5-75-inches-tivixiaomi.com-7-jpg-150x84.webp 150w, https:\/\/tivixiaomi.co\/wp-content\/uploads\/2019\/12\/Mi-Tivi-5-75-inches-tivixiaomi.com-7-600x338.jpg 600w, https:\/\/tivixiaomi.co\/wp-content\/uploads\/2019\/12\/Mi-Tivi-5-75-inches-tivixiaomi.com-7-300x169.jpg 300w, https:\/\/tivixiaomi.co\/wp-content\/uploads\/2019\/12\/Mi-Tivi-5-75-inches-tivixiaomi.com-7-768x432.jpg 768w, https:\/\/tivixiaomi.co\/wp-content\/uploads\/2019\/12\/Mi-Tivi-5-75-inches-tivixiaomi.com-7-jpg.webp 1500w\" sizes=\"(max-width: 1024px) 100vw, 1024px\" \/><\/p>\n<p>MiTV 5 75\u2019\u2019 x\u1ee9ng \u0111\u00e1ng s\u1edf h\u1eefu nh\u1edd nh\u1eefng c\u00f4ng ngh\u1ec7 ti\u00ean ti\u1ebfn, h\u00ecnh \u1ea3nh xu\u1ea5t s\u1eafc, thi\u1ebft k\u1ebf \u0111\u1ec9nh cao v\u00e0 \u0111\u1eb7c bi\u1ec7t m\u1ee9c gi\u00e1 r\u1ea5t d\u1ec5 ch\u1ecbu. Anh em h\u00e3y truy c\u1eadp v\u00e0o website: tivixiaomi.com \u0111\u1ec3 xem th\u00eam c\u00e1c th\u00f4ng s\u1ed1 chi ti\u1ebft c\u1ee7a em n\u00f3, v\u00e0 c\u0169ng \u0111\u1eebng qu\u00ean chia s\u1ebb c\u1ea3m ngh\u0129 c\u1ee7a m\u00ecnh d\u01b0\u1edbi ph\u1ea7n b\u00ecnh lu\u1eadn nh\u00e9. Xin ch\u00e0o v\u00e0 h\u1eb9n g\u1eb7p l\u1ea1i \u1edf c\u00e1c video ti\u1ebfp theo.<\/p>\n","protected":false},"excerpt":{"rendered":"<ul>\n<li>D\u00f2ng 5 Series<\/li>\n<li>M\u00e0n h\u00ecnh: 4K<\/li>\n<li>RAM: 3GB<\/li>\n<li>Dung l\u01b0\u1ee3ng: 32GB<\/li>\n<\/ul>\n","protected":false},"featured_media":63098,"comment_status":"open","ping_status":"closed","template":"","meta":[],"product_brand":[],"product_cat":[373,255],"product_tag":[],"class_list":{"0":"post-44968","1":"product","2":"type-product","3":"status-publish","4":"has-post-thumbnail","6":"product_cat-tivi-xiaomi-5","7":"product_cat-tivi-xiaomi-man-hinh-tran","9":"first","10":"outofstock","11":"sale","12":"shipping-taxable","13":"purchasable","14":"product-type-simple"},"_links":{"self":[{"href":"https:\/\/tivixiaomi.co\/en\/wp-json\/wp\/v2\/product\/44968"}],"collection":[{"href":"https:\/\/tivixiaomi.co\/en\/wp-json\/wp\/v2\/product"}],"about":[{"href":"https:\/\/tivixiaomi.co\/en\/wp-json\/wp\/v2\/types\/product"}],"replies":[{"embeddable":true,"href":"https:\/\/tivixiaomi.co\/en\/wp-json\/wp\/v2\/comments?post=44968"}],"version-history":[{"count":1,"href":"https:\/\/tivixiaomi.co\/en\/wp-json\/wp\/v2\/product\/44968\/revisions"}],"predecessor-version":[{"id":69832,"href":"https:\/\/tivixiaomi.co\/en\/wp-json\/wp\/v2\/product\/44968\/revisions\/69832"}],"wp:featuredmedia":[{"embeddable":true,"href":"https:\/\/tivixiaomi.co\/en\/wp-json\/wp\/v2\/media\/63098"}],"wp:attachment":[{"href":"https:\/\/tivixiaomi.co\/en\/wp-json\/wp\/v2\/media?parent=44968"}],"wp:term":[{"taxonomy":"product_brand","embeddable":true,"href":"https:\/\/tivixiaomi.co\/en\/wp-json\/wp\/v2\/product_brand?post=44968"},{"taxonomy":"product_cat","embeddable":true,"href":"https:\/\/tivixiaomi.co\/en\/wp-json\/wp\/v2\/product_cat?post=44968"},{"taxonomy":"product_tag","embeddable":true,"href":"https:\/\/tivixiaomi.co\/en\/wp-json\/wp\/v2\/product_tag?post=44968"}],"curies":[{"name":"wp","href":"https:\/\/api.w.org\/{rel}","templated":true}]}}