{"id":45001,"date":"2019-12-03T19:02:56","date_gmt":"2019-12-03T12:02:56","guid":{"rendered":"https:\/\/tivixiaomi.co\/?post_type=product&#038;p=45001"},"modified":"2024-09-04T13:27:46","modified_gmt":"2024-09-04T06:27:46","slug":"mitv5pro-65","status":"publish","type":"product","link":"https:\/\/tivixiaomi.co\/en\/tivi\/mitv5pro-65\/","title":{"rendered":"Tivi Xiaomi 5 PRO 65 inch (Mi TV 5 PRO 65&#8243;)"},"content":{"rendered":"<p style=\"text-align: justify;\"><span style=\"font-weight: 400;\">Smart Tivi Xiaomi Mi Tivi 5 Pro 65 inch (Mi TV 5 Pro 65\u2033) Gi\u00e1 r\u1ebb t\u1ea1i H\u00e0 N\u1ed9i, TP.HCM. Mi\u1ec5n ph\u00ed l\u1eafp \u0111\u1eb7t, H\u1ed7 tr\u1ee3 v\u1eadn chuy\u1ec3n trong n\u1ed9i th\u00e0nh, Hotline: 0984.311.230. <\/span><span style=\"font-weight: 400;\">Ch\u00e0o m\u1eebng c\u00e1c b\u1ea1n \u0111\u00e3 quay tr\u1edf l\u1ea1i v\u1edbi tivixiaomi.com v\u00e0 ch\u1ec9 c\u00f2n v\u00e0i ng\u00e0y n\u1eefa l\u00e0 ch\u00fang ta s\u1ebd \u0111\u00f3n m\u1ed9t gi\u00e1ng sinh an l\u00e0nh b\u00ean gia \u0111\u00ecnh v\u00e0 ng\u01b0\u1eddi th\u00e2n. C\u00f2n g\u00ec tuy\u1ec7t v\u1eddi h\u01a1n n\u1ebfu \u0111\u01b0\u1ee3c th\u01b0 gi\u00e3n v\u00e0 gi\u1ea3i tr\u00ed b\u00ean c\u1ea1nh m\u1ed9t chi\u1ebfc Tivi k\u00edch th\u01b0\u1edbc l\u1edbn l\u00ean t\u1edbi 65 inches v\u1edbi \u0111\u1ea7y \u0111\u1ee7 c\u00e1c c\u00f4ng ngh\u1ec7 m\u1edbi nh\u1ea5t hi\u1ec7n nay nh\u01b0 HDR, \u0111i\u1ec1u khi\u1ec3n b\u1eb1ng gi\u1ecdng n\u00f3i\u2026 V\u00e0 ngay b\u00e2y gi\u1edd tivixiaomi.com s\u1ebd c\u00f9ng b\u1ea1n \u0111\u00e1nh gi\u00e1 v\u00e0 tr\u1ea3i nghi\u1ec7m s\u1ea3n ph\u1ea9m c\u00f3 k\u00edch th\u01b0\u1edbc l\u1edbn nh\u1ea5t c\u1ee7a d\u00f2ng Mi Tivi 5 Pro n\u00e0y xem li\u1ec7u n\u00f3 c\u00f3 x\u1ee9ng \u0111\u00e1ng v\u1edbi t\u1ea7m gi\u00e1 ng\u01b0\u1eddi d\u00f9ng b\u1ecf ra kh\u00f4ng nh\u00e9?<\/span><\/p>\n<p style=\"text-align: justify;\"><strong>Video \u0111\u00e1nh gi\u00e1 nhanh chi\u1ebfc Mi Tivi 5 Pro 65 inches<\/strong><\/p>\n<p><iframe title=\"Mi TV 5 PRO 65 inches \u2022 TiviXiaomi.Com\" width=\"640\" height=\"360\" src=\"https:\/\/www.youtube.com\/embed\/4eIZxSpo1Rs?feature=oembed\" frameborder=\"0\" allow=\"accelerometer; autoplay; clipboard-write; encrypted-media; gyroscope; picture-in-picture; web-share\" referrerpolicy=\"strict-origin-when-cross-origin\" allowfullscreen><\/iframe><\/p>\n<h2 style=\"text-align: justify;\"><strong>\u0110\u00e1nh gi\u00e1 nhanh v\u1ec1 thi\u1ebft k\u1ebf c\u1ee7a Tivi Xiaomi Mi Tivi 5 Pro 65 inch.<\/strong><\/h2>\n<p style=\"text-align: justify;\"><img fetchpriority=\"high\" decoding=\"async\" class=\"aligncenter wp-image-46415 size-large\" src=\"https:\/\/tivixiaomi.co\/wp-content\/uploads\/2019\/12\/IMG_5873-1024x683.jpg\" alt=\"\" width=\"1024\" height=\"683\" srcset=\"https:\/\/tivixiaomi.co\/wp-content\/uploads\/2019\/12\/IMG_5873-1024x683.jpg 1024w, https:\/\/tivixiaomi.co\/wp-content\/uploads\/2019\/12\/IMG_5873-jpg-150x100.webp 150w, https:\/\/tivixiaomi.co\/wp-content\/uploads\/2019\/12\/IMG_5873-600x400.jpg 600w, https:\/\/tivixiaomi.co\/wp-content\/uploads\/2019\/12\/IMG_5873-300x200.jpg 300w, https:\/\/tivixiaomi.co\/wp-content\/uploads\/2019\/12\/IMG_5873-768x512.jpg 768w, https:\/\/tivixiaomi.co\/wp-content\/uploads\/2019\/12\/IMG_5873-jpg.webp 1500w\" sizes=\"(max-width: 1024px) 100vw, 1024px\" \/><\/p>\n<p style=\"text-align: justify;\"><span style=\"font-weight: 400;\">C\u00f3 th\u1ec3 n\u00f3i chi\u1ebfc Tivi <a href=\"https:\/\/tivixiaomi.co\/san-pham\/smart-tivi-xiaomi-5-pro-65-inch-mi-tv-5-pro-65\/\"><strong>Xiaomi Mi Tivi 5 Pro 65 inch<\/strong><\/a> kh\u00f4ng c\u00f3 kh\u00e1c bi\u1ec7t v\u1ec1 m\u1eb7t thi\u1ebft k\u1ebf so v\u1edbi nh\u1eefng m\u1eabu tivi c\u00f3 k\u00edch th\u01b0\u1edbc b\u00e9 h\u01a1n nh\u01b0 43&#8221; v\u00e0 55\u201d tr\u01b0\u1edbc \u0111\u00e2y m\u00e0 tivixiaomi.com \u0111\u00e3 t\u1eebng gi\u1edbi thi\u1ec7u \u0111\u1ebfn c\u00e1c b\u1ea1n. Ch\u00fang ta s\u1ebd v\u1eabn c\u00f3 thi\u1ebft k\u1ebf ph\u1ea7n m\u1eb7t tr\u01b0\u1edbc n\u00e0y si\u00eau \u0111\u1eb9p v\u00e0 sexy v\u1edbi ph\u1ea7n vi\u1ec1n \u0111\u01b0\u1ee3c l\u00e0m m\u1ecfng v\u00e0 t\u1ed1i gi\u1ea3n \u0111\u1ebfn b\u1ea5t ng\u1edd t\u1ef7 l\u1ec7 l\u00ean t\u1edbi 47% so v\u1edbi th\u1ebf h\u1ec7 tr\u01b0\u1edbc \u0111\u00e2y, v\u00e0 \u0111i\u1ec1u n\u00e0y l\u00e0m cho chi\u1ebfc Tivi Xiaomi Mi Tivi 5 Pro 65 inch t\u1ed1i \u01b0u \u0111\u01b0\u1ee3c kh\u00f4ng gian m\u1ed9t c\u00e1ch hi\u1ec7u qu\u1ea3 nh\u1ea5t. C\u1ea3m gi\u00e1c tr\u00e0n vi\u1ec1n Full m\u00e0n gi\u00fap s\u1ea3n ph\u1ea9m n\u00e2ng cao s\u1ef1 tinh th\u1ebf l\u00ean r\u1ea5t nhi\u1ec1u. Ch\u00fang ta c\u00f3 c\u1ea1nh vi\u1ec1n ph\u00eda b\u00ean d\u01b0\u1edbi d\u00e0y h\u01a1n m\u1ed9t ch\u00fat th\u00f4i ch\u00fang ta s\u1ebd c\u00f3 logo Mi v\u00e0 c\u1ee5m \u0111\u00e8n h\u1ed3ng ngo\u1ea1i, ph\u00eda c\u1ea1nh ph\u1ea3i l\u00e0 Logo PRO \u0111i\u1ec3u kh\u00e1c bi\u1ec7t duy nh\u1ea5t so v\u1edbi d\u00f2ng Mi Tivi 5 th\u00f4ng th\u01b0\u1eddng. Ph\u1ea7n ch\u00e2n \u0111\u1ebf b\u00ean d\u01b0\u1edbi v\u1eabn \u0111\u01b0\u1ee3c l\u00e0m b\u1eb1ng kim loai c\u1ef1c k\u1ef3 ch\u1eafc ch\u1eafn v\u00e0 n\u00f3 to h\u01a1n m\u1ed9t ch\u00fat so v\u1edbi phi\u00ean b\u1ea3n 55 inches \u0111\u1ec3 ph\u00f9 h\u1ee3p v\u1edbi k\u00edch th\u01b0\u1edbc m\u00e0n h\u00ecnh 65 inches n\u00e0y.\u00a0<\/span><\/p>\n<p style=\"text-align: justify;\"><img decoding=\"async\" class=\"aligncenter wp-image-46419 size-large\" src=\"https:\/\/tivixiaomi.co\/wp-content\/uploads\/2019\/12\/IMG_5896-1024x683.jpg\" alt=\"\" width=\"1024\" height=\"683\" srcset=\"https:\/\/tivixiaomi.co\/wp-content\/uploads\/2019\/12\/IMG_5896-1024x683.jpg 1024w, https:\/\/tivixiaomi.co\/wp-content\/uploads\/2019\/12\/IMG_5896-jpg-150x100.webp 150w, https:\/\/tivixiaomi.co\/wp-content\/uploads\/2019\/12\/IMG_5896-600x400.jpg 600w, https:\/\/tivixiaomi.co\/wp-content\/uploads\/2019\/12\/IMG_5896-300x200.jpg 300w, https:\/\/tivixiaomi.co\/wp-content\/uploads\/2019\/12\/IMG_5896-768x512.jpg 768w, https:\/\/tivixiaomi.co\/wp-content\/uploads\/2019\/12\/IMG_5896-jpg.webp 1500w\" sizes=\"(max-width: 1024px) 100vw, 1024px\" \/><\/p>\n<p style=\"text-align: justify;\"><span style=\"font-weight: 400;\">Ph\u1ea7n khung vi\u1ec1n c\u1ee7a s\u1ea3n ph\u1ea9m c\u0169ng \u0111\u01b0\u1ee3c c\u1ea5u th\u00e0nh t\u1eeb kim lo\u1ea1i r\u1ea5t ch\u1eafc ch\u1eafn, ch\u00fang ta c\u00f3 th\u1ec3 th\u1ea5y \u0111\u1ed9 m\u1ecfng c\u1ee7a t\u1ea5m panel r\u1ea5t \u0111\u00e1ng kinh ng\u1ea1c ch\u1ec9 v\u1edbi 5.9mm, v\u00e0 \u0111\u01b0\u01a1ng nhi\u00ean r\u1ed3i ch\u00fang ta v\u1eabn c\u00f3 d\u00f2ng ch\u1eef \u201cDesign by Xiaomi\u201d r\u1ea5t ri\u00eang bi\u1ec7t c\u1ee7a d\u00f2ng Mi Tivi 5.\u00a0<\/span><\/p>\n<p style=\"text-align: justify;\"><img decoding=\"async\" class=\"aligncenter wp-image-46420 size-large\" src=\"https:\/\/tivixiaomi.co\/wp-content\/uploads\/2019\/12\/IMG_5897-1024x683.jpg\" alt=\"\" width=\"1024\" height=\"683\" srcset=\"https:\/\/tivixiaomi.co\/wp-content\/uploads\/2019\/12\/IMG_5897-1024x683.jpg 1024w, https:\/\/tivixiaomi.co\/wp-content\/uploads\/2019\/12\/IMG_5897-jpg-150x100.webp 150w, https:\/\/tivixiaomi.co\/wp-content\/uploads\/2019\/12\/IMG_5897-600x400.jpg 600w, https:\/\/tivixiaomi.co\/wp-content\/uploads\/2019\/12\/IMG_5897-300x200.jpg 300w, https:\/\/tivixiaomi.co\/wp-content\/uploads\/2019\/12\/IMG_5897-768x512.jpg 768w, https:\/\/tivixiaomi.co\/wp-content\/uploads\/2019\/12\/IMG_5897-jpg.webp 1500w\" sizes=\"(max-width: 1024px) 100vw, 1024px\" \/><\/p>\n<p style=\"text-align: justify;\"><span style=\"font-weight: 400;\">Ph\u00eda m\u1eb7t sau c\u1ee7a s\u1ea3n ph\u1ea9m n\u00e0y n\u01a1i thi\u1ebft k\u1ebf c\u00e1c c\u1ed5ng k\u1ebft n\u1ed1i nh\u01b0 HDMI, USB b\u1ed9 c\u1ed5ng k\u1ebft n\u1ed1i Antena, LAN\u2026 r\u1ea5t \u0111\u1ea7y \u0111\u1ee7. \u1ede v\u1ecb tr\u00ed ch\u00ednh gi\u1eefa s\u1ebd l\u00e0 Logo Mi v\u00e0 4 con \u1ed1c \u0111\u1ec3 b\u1eaft Tivi v\u00e0o gi\u00e1 treo t\u01b0\u1eddng, ph\u00eda b\u00ean kia ch\u00fang ta s\u1ebd c\u00f3 c\u1ea1nh b\u00ean tr\u00e1i n\u01a1i c\u00f3 d\u00e2y ngu\u1ed3n li\u1ec1n c\u1ee7a s\u1ea3n ph\u1ea9m. <\/span><span style=\"font-weight: 400;\">Ph\u00eda c\u1ea1nh tr\u00ean l\u00e0 d\u1ea3i loa ngo\u00e0i v\u00e0 ch\u00fang ta c\u00f3 th\u1ec3 th\u1ea5y r\u00f5 r\u00e0ng d\u00f2ng Slogan m\u00e0 Xiaomi mu\u1ed1n truy\u1ec1n t\u1ea3i \u0111\u1ebfn ng\u01b0\u1eddi d\u00f9ng \u0111\u00f3 ch\u00ednh l\u00e0 \u201cInovation For Everyone\u201d\u00a0<\/span><\/p>\n<p style=\"text-align: justify;\"><img loading=\"lazy\" decoding=\"async\" class=\"aligncenter wp-image-46426 size-large\" src=\"https:\/\/tivixiaomi.co\/wp-content\/uploads\/2019\/12\/IMG_5921-1024x683.jpg\" alt=\"\" width=\"1024\" height=\"683\" srcset=\"https:\/\/tivixiaomi.co\/wp-content\/uploads\/2019\/12\/IMG_5921-1024x683.jpg 1024w, https:\/\/tivixiaomi.co\/wp-content\/uploads\/2019\/12\/IMG_5921-jpg-150x100.webp 150w, https:\/\/tivixiaomi.co\/wp-content\/uploads\/2019\/12\/IMG_5921-600x400.jpg 600w, https:\/\/tivixiaomi.co\/wp-content\/uploads\/2019\/12\/IMG_5921-300x200.jpg 300w, https:\/\/tivixiaomi.co\/wp-content\/uploads\/2019\/12\/IMG_5921-768x512.jpg 768w, https:\/\/tivixiaomi.co\/wp-content\/uploads\/2019\/12\/IMG_5921-jpg.webp 1500w\" sizes=\"(max-width: 1024px) 100vw, 1024px\" \/><\/p>\n<p><img loading=\"lazy\" decoding=\"async\" class=\"aligncenter wp-image-46423 size-large\" src=\"https:\/\/tivixiaomi.co\/wp-content\/uploads\/2019\/12\/IMG_5911-1024x683.jpg\" alt=\"\" width=\"1024\" height=\"683\" srcset=\"https:\/\/tivixiaomi.co\/wp-content\/uploads\/2019\/12\/IMG_5911-1024x683.jpg 1024w, https:\/\/tivixiaomi.co\/wp-content\/uploads\/2019\/12\/IMG_5911-jpg-150x100.webp 150w, https:\/\/tivixiaomi.co\/wp-content\/uploads\/2019\/12\/IMG_5911-600x400.jpg 600w, https:\/\/tivixiaomi.co\/wp-content\/uploads\/2019\/12\/IMG_5911-300x200.jpg 300w, https:\/\/tivixiaomi.co\/wp-content\/uploads\/2019\/12\/IMG_5911-768x512.jpg 768w, https:\/\/tivixiaomi.co\/wp-content\/uploads\/2019\/12\/IMG_5911-jpg.webp 1500w\" sizes=\"(max-width: 1024px) 100vw, 1024px\" \/><\/p>\n<h3 style=\"text-align: justify;\"><strong>S\u1ef1 n\u00e2ng c\u1ea5p v\u01b0\u1ee3t tr\u1ed9i v\u1ec1 m\u1eb7t hi\u1ec3n th\u1ecb m\u00e0n h\u00ecnh Tivi Xiaomi Mi Tivi 5 Pro 65 inch<\/strong><\/h3>\n<p style=\"text-align: justify;\"><img loading=\"lazy\" decoding=\"async\" class=\"aligncenter wp-image-46428 size-large\" src=\"https:\/\/tivixiaomi.co\/wp-content\/uploads\/2019\/12\/IMG_5931-1024x683.jpg\" alt=\"\" width=\"1024\" height=\"683\" srcset=\"https:\/\/tivixiaomi.co\/wp-content\/uploads\/2019\/12\/IMG_5931-1024x683.jpg 1024w, https:\/\/tivixiaomi.co\/wp-content\/uploads\/2019\/12\/IMG_5931-jpg-150x100.webp 150w, https:\/\/tivixiaomi.co\/wp-content\/uploads\/2019\/12\/IMG_5931-600x400.jpg 600w, https:\/\/tivixiaomi.co\/wp-content\/uploads\/2019\/12\/IMG_5931-300x200.jpg 300w, https:\/\/tivixiaomi.co\/wp-content\/uploads\/2019\/12\/IMG_5931-768x512.jpg 768w, https:\/\/tivixiaomi.co\/wp-content\/uploads\/2019\/12\/IMG_5931-jpg.webp 1500w\" sizes=\"(max-width: 1024px) 100vw, 1024px\" \/><\/p>\n<p style=\"text-align: justify;\"><span style=\"font-weight: 400;\">Quay tr\u1edf l\u1ea1i v\u1edbi m\u00e0n h\u00ecnh c\u1ee7a s\u1ea3n ph\u1ea9m ch\u00fang ta c\u00f3 m\u1ed9t m\u00e0n h\u00ecnh c\u00f3 k\u00edch th\u01b0\u1edbc l\u00ean t\u1edbi 65 inches, \u0110\u1ed9 ph\u00e2n gi\u1ea3i m\u00e0n h\u00ecnh 4K v\u00e0 c\u00f3 th\u1ec3 ch\u01a1i video l\u00ean t\u1edbi 8K, Ngo\u00e0i ra v\u1edbi t\u1ea5m n\u1ec1n QLED c\u1ee7a Samsung th\u00ec ch\u1ea5t l\u01b0\u1ee3ng h\u00ecnh \u1ea3nh c\u1ee7a s\u1ea3n ph\u1ea9m \u0111\u01b0\u1ee3c t\u0103ng l\u00ean r\u1ea5t nhi\u1ec1u. V\u1ec1 \u0111\u1ed9 s\u00e2u, \u0111\u1ed9 t\u01b0\u01a1ng ph\u1ea3n c\u1ee7a m\u00e0n h\u00ecnh l\u00e0m b\u1ea1n th\u1eadt s\u1ef1 b\u1ea5t ng\u1edd. C\u0169ng c\u00f3 th\u1ec3 d\u1ec5 hi\u1ec3u b\u1edfi l\u1ebd Tivi Xiaomi Mi Tivi 5 Pro 65 inch \u0111\u01b0\u1ee3c trang b\u1ecb c\u00f4ng ngh\u1ec7 HDR10+ v\u00e0 c\u00f4ng ngh\u1ec7 MEMC m\u1edbi nh\u1ea5t hi\u1ec7n nay n\u1eefa. V\u1edbi m\u1ed9t k\u00edch th\u01b0\u1edbc m\u00e0n h\u00ecnh l\u1edbn l\u00ean t\u1edbi 65\u201d th\u00ec s\u1ea3n ph\u1ea9m n\u00e0y r\u1ea5t ph\u00f9 h\u1ee3p v\u1edbi nh\u1eefng kh\u00f4ng gian r\u1ed9ng v\u00e0 \u0111\u1eb7c bi\u1ec7t l\u00e0 ph\u00f2ng kh\u00e1ch l\u1edbn th\u00ec r\u1ea5t tuy\u1ec7t v\u1eddi.\u00a0<\/span><\/p>\n<p style=\"text-align: justify;\"><span style=\"font-weight: 400;\">\u00a0<\/span><\/p>\n<h3 style=\"text-align: justify;\"><strong>\u0110\u00e1nh gi\u00e1 c\u1ea5u h\u00ecnh c\u1ee7a chi\u1ebfc Tivi Xiaomi Mi Tivi 5 Pro 65 inch.<\/strong><\/h3>\n<p style=\"text-align: justify;\"><span style=\"font-weight: 400;\">V\u1ec1 s\u1ee9c m\u1ea1nh th\u00ec chi\u1ebfc Tivi Xiaomi Mi Tivi 5 Pro 65 inch s\u1edf h\u1eefu c\u1ea5u h\u00ecnh gi\u1ed1ng v\u1edbi c\u00e1c phi\u00ean b\u1ea3n 55\u201d tr\u01b0\u1edbc kia. \u0110\u00f3 ch\u00ednh l\u00e0 con Chip c\u1ee7a AMlogic m\u1ed9t h\u00e3ng s\u1ea3n xu\u1ea5t c\u1ee7a M\u1ef9 k\u1ebft h\u1ee3p c\u00f9ng Xiaomi. \u0110i\u1ec1u \u1ea5n t\u01b0\u1ee3ng nh\u1ea5t tr\u00ean s\u1ea3n ph\u1ea9m \u0111\u00f3 ch\u00ednh l\u00e0 b\u1ed9 nh\u1edb RAM \u0111\u00e3 l\u00ean t\u1edbi 4GB v\u00e0 b\u1ed9 nh\u1edb trong l\u00ean t\u1edbi 64GB. C\u00e1c b\u1ea1n bi\u1ebft \u0111\u1ea5y v\u1edbi m\u1ed9t chi\u1ebfc Smart Tivi th\u00ec vi\u1ec7c \u0111a nhi\u1ec7m l\u00e0 v\u00f4 c\u00f9ng quan tr\u1ecdng. V\u1edbi b\u1ed9 nh\u1edb RAM l\u1edbn th\u00ec \u0111i\u1ec1u n\u00e0y kh\u00e1 d\u1ec5 d\u00e0ng ph\u1ea3i kh\u00f4ng n\u00e0o!<\/span><\/p>\n<p style=\"text-align: justify;\"><img loading=\"lazy\" decoding=\"async\" class=\"aligncenter wp-image-46429 size-large\" src=\"https:\/\/tivixiaomi.co\/wp-content\/uploads\/2019\/12\/IMG_5937-1024x683.jpg\" alt=\"\" width=\"1024\" height=\"683\" srcset=\"https:\/\/tivixiaomi.co\/wp-content\/uploads\/2019\/12\/IMG_5937-1024x683.jpg 1024w, https:\/\/tivixiaomi.co\/wp-content\/uploads\/2019\/12\/IMG_5937-jpg-150x100.webp 150w, https:\/\/tivixiaomi.co\/wp-content\/uploads\/2019\/12\/IMG_5937-600x400.jpg 600w, https:\/\/tivixiaomi.co\/wp-content\/uploads\/2019\/12\/IMG_5937-300x200.jpg 300w, https:\/\/tivixiaomi.co\/wp-content\/uploads\/2019\/12\/IMG_5937-768x512.jpg 768w, https:\/\/tivixiaomi.co\/wp-content\/uploads\/2019\/12\/IMG_5937-jpg.webp 1500w\" sizes=\"(max-width: 1024px) 100vw, 1024px\" \/><\/p>\n<p style=\"text-align: justify;\"><span style=\"font-weight: 400;\">V\u1edbi m\u1ee9c gi\u00e1 m\u00e0 tivixiaomi.com \u0111ang b\u00e1n ch\u1ec9 h\u01a1n 20 tri\u1ec7u. B\u1ea1n th\u1ea5y sao v\u1ec1 s\u1ea3n ph\u1ea9m n\u00e0y, h\u00e3y \u0111\u1ec3 l\u1ea1i \u0111\u00e1nh gi\u00e1 v\u00e0 c\u1ea3m nh\u1eadn c\u1ee7a m\u00ecnh nh\u00e9. Xin ch\u00e0o v\u00e0 h\u1eb9n g\u1eb7p l\u1ea1i c\u00e1c b\u1ea1n \u1edf nh\u1eefng b\u00e0i \u0111\u00e1nh gi\u00e1 ti\u1ebfp theo.\u00a0<\/span><\/p>\n<p style=\"text-align: justify;\">\n","protected":false},"excerpt":{"rendered":"<ul>\n<li>D\u00f2ng 5 Pro Series<\/li>\n<li>M\u00e0n h\u00ecnh: 4K<\/li>\n<li>RAM: 4GB<\/li>\n<li>Dung l\u01b0\u1ee3ng: 64GB<\/li>\n<\/ul>\n","protected":false},"featured_media":62801,"comment_status":"open","ping_status":"closed","template":"","meta":[],"product_brand":[],"product_cat":[407,300,255],"product_tag":[],"class_list":{"0":"post-45001","1":"product","2":"type-product","3":"status-publish","4":"has-post-thumbnail","6":"product_cat-qled-tv-oled-tv","7":"product_cat-tivi-xiaomi-5-pro","8":"product_cat-tivi-xiaomi-man-hinh-tran","10":"first","11":"outofstock","12":"sale","13":"shipping-taxable","14":"purchasable","15":"product-type-simple"},"_links":{"self":[{"href":"https:\/\/tivixiaomi.co\/en\/wp-json\/wp\/v2\/product\/45001"}],"collection":[{"href":"https:\/\/tivixiaomi.co\/en\/wp-json\/wp\/v2\/product"}],"about":[{"href":"https:\/\/tivixiaomi.co\/en\/wp-json\/wp\/v2\/types\/product"}],"replies":[{"embeddable":true,"href":"https:\/\/tivixiaomi.co\/en\/wp-json\/wp\/v2\/comments?post=45001"}],"version-history":[{"count":1,"href":"https:\/\/tivixiaomi.co\/en\/wp-json\/wp\/v2\/product\/45001\/revisions"}],"predecessor-version":[{"id":69831,"href":"https:\/\/tivixiaomi.co\/en\/wp-json\/wp\/v2\/product\/45001\/revisions\/69831"}],"wp:featuredmedia":[{"embeddable":true,"href":"https:\/\/tivixiaomi.co\/en\/wp-json\/wp\/v2\/media\/62801"}],"wp:attachment":[{"href":"https:\/\/tivixiaomi.co\/en\/wp-json\/wp\/v2\/media?parent=45001"}],"wp:term":[{"taxonomy":"product_brand","embeddable":true,"href":"https:\/\/tivixiaomi.co\/en\/wp-json\/wp\/v2\/product_brand?post=45001"},{"taxonomy":"product_cat","embeddable":true,"href":"https:\/\/tivixiaomi.co\/en\/wp-json\/wp\/v2\/product_cat?post=45001"},{"taxonomy":"product_tag","embeddable":true,"href":"https:\/\/tivixiaomi.co\/en\/wp-json\/wp\/v2\/product_tag?post=45001"}],"curies":[{"name":"wp","href":"https:\/\/api.w.org\/{rel}","templated":true}]}}