{"id":45878,"date":"2019-12-16T12:55:05","date_gmt":"2019-12-16T05:55:05","guid":{"rendered":"https:\/\/tivixiaomi.co\/?post_type=product&#038;p=45878"},"modified":"2024-09-04T13:02:04","modified_gmt":"2024-09-04T06:02:04","slug":"mi-laser-projector-150-4k","status":"publish","type":"product","link":"https:\/\/tivixiaomi.co\/en\/tivi\/mi-laser-projector-150-4k\/","title":{"rendered":"M\u00e1y chi\u1ebfu gi\u1ea3i tr\u00ed Xiaomi 4K Home Cinema, ngu\u1ed3n \u0111\u00e8n Laser &#8211; Mi 4K Laser Projector 150&#8221;"},"content":{"rendered":"<ol>\n<li>M\u00e0n h\u00ecnh 4K<\/li>\n<li>M\u00e0n h\u00ecnh c\u1ee9ng l\u1edbn 100 inch v\u1edbi kh\u1ea3 n\u0103ng ch\u1ed1ng l\u00f3a<\/li>\n<li>Ti\u00eau c\u1ef1 c\u1ef1c ng\u1eafn<\/li>\n<li>ALPD 3.0<\/li>\n<li>H\u00ecnh \u1ea3nh s\u1ed1ng \u0111\u1ed9ng<\/li>\n<li>\u00c2m thanh \u0111\u1ed9 trung th\u1ef1c cao<\/li>\n<li>L\u00e0m m\u00e1t th\u00f4ng minh<\/li>\n<li>MIUI TV<\/li>\n<\/ol>\n<h1 class=\"title-h1\" style=\"text-align: center;\">Truy\u1ec1n h\u00ecnh chi\u1ebfu laser Mijia 4K si\u00eau ng\u1eafn, xem m\u00e0n h\u00ecnh kh\u1ed5ng l\u1ed3 \u1edf nh\u00e0<\/h1>\n<p><img fetchpriority=\"high\" decoding=\"async\" class=\"alignnone wp-image-56514 size-large\" src=\"https:\/\/tivixiaomi.co\/wp-content\/uploads\/2019\/12\/laser4k-1-1024x800.jpg\" alt=\"\" width=\"1024\" height=\"800\" srcset=\"https:\/\/tivixiaomi.co\/wp-content\/uploads\/2019\/12\/laser4k-1-1024x800.jpg 1024w, https:\/\/tivixiaomi.co\/wp-content\/uploads\/2019\/12\/laser4k-1-jpg-150x117.webp 150w, https:\/\/tivixiaomi.co\/wp-content\/uploads\/2019\/12\/laser4k-1-600x469.jpg 600w, https:\/\/tivixiaomi.co\/wp-content\/uploads\/2019\/12\/laser4k-1-300x234.jpg 300w, https:\/\/tivixiaomi.co\/wp-content\/uploads\/2019\/12\/laser4k-1-768x600.jpg 768w, https:\/\/tivixiaomi.co\/wp-content\/uploads\/2019\/12\/laser4k-1-1536x1200.jpg 1536w, https:\/\/tivixiaomi.co\/wp-content\/uploads\/2019\/12\/laser4k-1-2048x1600.jpg 2048w\" sizes=\"(max-width: 1024px) 100vw, 1024px\" \/><\/p>\n<h2 style=\"text-align: center;\">L\u1ea7n n\u00e0y, n\u00f3 l\u00e0m cho b\u1ea1n tr\u00f4ng t\u1ed1t h\u01a1n<\/h2>\n<p style=\"text-align: center;\">M\u00e0n h\u00ecnh \u0111\u1ed9 ph\u00e2n gi\u1ea3i 4K \/ 3000: 1 \u0111\u1ed9 t\u01b0\u01a1ng ph\u1ea3n g\u1ed1c \/ C\u00f4ng ngh\u1ec7 hi\u1ec3n th\u1ecb ALPD\u00ae 3.0 \/ M\u00e0n h\u00ecnh l\u1edbn 100 inch<\/p>\n<p><img decoding=\"async\" class=\"alignnone wp-image-56515 size-large\" src=\"https:\/\/tivixiaomi.co\/wp-content\/uploads\/2019\/12\/laser4k-2-1024x410.jpg\" alt=\"\" width=\"1024\" height=\"410\" srcset=\"https:\/\/tivixiaomi.co\/wp-content\/uploads\/2019\/12\/laser4k-2-1024x410.jpg 1024w, https:\/\/tivixiaomi.co\/wp-content\/uploads\/2019\/12\/laser4k-2-jpg-150x60.webp 150w, https:\/\/tivixiaomi.co\/wp-content\/uploads\/2019\/12\/laser4k-2-600x240.jpg 600w, https:\/\/tivixiaomi.co\/wp-content\/uploads\/2019\/12\/laser4k-2-300x120.jpg 300w, https:\/\/tivixiaomi.co\/wp-content\/uploads\/2019\/12\/laser4k-2-768x308.jpg 768w, https:\/\/tivixiaomi.co\/wp-content\/uploads\/2019\/12\/laser4k-2-1536x615.jpg 1536w, https:\/\/tivixiaomi.co\/wp-content\/uploads\/2019\/12\/laser4k-2-2048x820.jpg 2048w\" sizes=\"(max-width: 1024px) 100vw, 1024px\" \/><\/p>\n<h2 style=\"text-align: center;\">H\u00ecnh \u1ea3nh 4K, th\u01b0\u1edfng th\u1ee9c b\u1eefa ti\u1ec7c c\u1ea3m gi\u00e1c th\u1ecb gi\u00e1c<\/h2>\n<p style=\"text-align: center;\">\u0110\u1ed9 ph\u00e2n gi\u1ea3i m\u00e0n h\u00ecnh \u0111\u00e3 \u0111\u1ea1t \u0111\u1ebfn 4K 4K tuy\u1ec7t v\u1eddi, m\u00e0 kh\u00f4ng s\u1ee3 th\u00e1ch th\u1ee9c c\u1ee7a \u0111\u1ecbnh d\u1ea1ng m\u00e0n h\u00ecnh kh\u1ed5ng l\u1ed3 h\u00e0ng tr\u0103m inch. S\u1eed d\u1ee5ng Texas C\u1ee5 (TI) C\u00f4ng ngh\u1ec7 x\u1eed l\u00fd \u00e1nh s\u00e1ng k\u1ef9 thu\u1eadt s\u1ed1 DLP t\u00f9y ch\u1ec9nh, hi\u1ec7u su\u1ea5t h\u00ecnh \u1ea3nh r\u00f5 r\u00e0ng v\u00e0 s\u00e1ng h\u01a1n, c\u00e1c chi ti\u1ebft phong ph\u00fa v\u00e0 s\u1ed1ng \u0111\u1ed9ng, v\u00e0 m\u1ee9c \u0111\u1ed9 t\u00e1i t\u1ea1o cao h\u01a1n.<\/p>\n<p><img decoding=\"async\" class=\"alignnone wp-image-56516 size-large\" src=\"https:\/\/tivixiaomi.co\/wp-content\/uploads\/2019\/12\/laser4k-3-1-1024x576.jpg\" alt=\"\" width=\"1024\" height=\"576\" srcset=\"https:\/\/tivixiaomi.co\/wp-content\/uploads\/2019\/12\/laser4k-3-1-1024x576.jpg 1024w, https:\/\/tivixiaomi.co\/wp-content\/uploads\/2019\/12\/laser4k-3-1-jpg-150x84.webp 150w, https:\/\/tivixiaomi.co\/wp-content\/uploads\/2019\/12\/laser4k-3-1-600x338.jpg 600w, https:\/\/tivixiaomi.co\/wp-content\/uploads\/2019\/12\/laser4k-3-1-300x169.jpg 300w, https:\/\/tivixiaomi.co\/wp-content\/uploads\/2019\/12\/laser4k-3-1-768x432.jpg 768w, https:\/\/tivixiaomi.co\/wp-content\/uploads\/2019\/12\/laser4k-3-1-1536x864.jpg 1536w, https:\/\/tivixiaomi.co\/wp-content\/uploads\/2019\/12\/laser4k-3-1-2048x1152.jpg 2048w\" sizes=\"(max-width: 1024px) 100vw, 1024px\" \/><\/p>\n<h2 style=\"text-align: center;\">\u0110\u1ed9 t\u01b0\u01a1ng ph\u1ea3n 3000: 1<\/h2>\n<p style=\"text-align: center;\">T\u1ef7 l\u1ec7 t\u01b0\u01a1ng ph\u1ea3n t\u1ef1 nhi\u00ean l\u00ean t\u1edbi 3000: 1, c\u00f9ng v\u1edbi h\u1ed7 tr\u1ee3 gi\u1ea3i m\u00e3 HDR 10, h\u1ed7 tr\u1ee3 t\u1ed1t h\u01a1n cho vi\u1ec7c tr\u00ecnh b\u00e0y c\u00e1c h\u00ecnh \u1ea3nh c\u00f3 d\u1ea3i \u0111\u1ed9ng cao.<\/p>\n<p><img loading=\"lazy\" decoding=\"async\" class=\"alignnone wp-image-56517 size-large\" src=\"https:\/\/tivixiaomi.co\/wp-content\/uploads\/2019\/12\/laser4k-3-2-1024x576.jpg\" alt=\"\" width=\"1024\" height=\"576\" srcset=\"https:\/\/tivixiaomi.co\/wp-content\/uploads\/2019\/12\/laser4k-3-2-1024x576.jpg 1024w, https:\/\/tivixiaomi.co\/wp-content\/uploads\/2019\/12\/laser4k-3-2-jpg-150x84.webp 150w, https:\/\/tivixiaomi.co\/wp-content\/uploads\/2019\/12\/laser4k-3-2-600x338.jpg 600w, https:\/\/tivixiaomi.co\/wp-content\/uploads\/2019\/12\/laser4k-3-2-300x169.jpg 300w, https:\/\/tivixiaomi.co\/wp-content\/uploads\/2019\/12\/laser4k-3-2-768x432.jpg 768w, https:\/\/tivixiaomi.co\/wp-content\/uploads\/2019\/12\/laser4k-3-2-1536x864.jpg 1536w, https:\/\/tivixiaomi.co\/wp-content\/uploads\/2019\/12\/laser4k-3-2-2048x1152.jpg 2048w\" sizes=\"(max-width: 1024px) 100vw, 1024px\" \/><\/p>\n<h2 style=\"text-align: center;\">B\u1ee9c tranh kh\u1ed5ng l\u1ed3 80-150 inch Nh\u00e0 l\u00e0 m\u1ed9t r\u1ea1p chi\u1ebfu phim t\u01b0 nh\u00e2n<\/h2>\n<p style=\"text-align: center;\">C\u00f3 th\u1ec3 \u0111\u1eb7t tr\u1ef1c ti\u1ebfp Mijia Laser Projection TV 4K trong t\u1ee7 TV \u0111\u1ec3 chi\u1ebfu l\u00ean t\u1edbi 80-150 inch m\u00e0n h\u00ecnh si\u00eau l\u1edbn \u2464, v\u1edbi m\u00e0n ch\u1ed1ng s\u00e1ng 100 inch, kh\u00f4i ph\u1ee5c m\u00e0u s\u1eafc th\u1eadt tuy\u1ec7t v\u1eddi. L\u1ea7n n\u00e0y, x\u00e1c \u0111\u1ecbnh l\u1ea1i kh\u00e1i ni\u1ec7m r\u1ea1p h\u00e1t t\u1ea1i nh\u00e0 c\u1ee7a b\u1ea1n.<\/p>\n<p><img loading=\"lazy\" decoding=\"async\" class=\"alignnone wp-image-56518 size-large\" src=\"https:\/\/tivixiaomi.co\/wp-content\/uploads\/2019\/12\/laser4k-4-1024x577.jpg\" alt=\"\" width=\"1024\" height=\"577\" srcset=\"https:\/\/tivixiaomi.co\/wp-content\/uploads\/2019\/12\/laser4k-4-1024x577.jpg 1024w, https:\/\/tivixiaomi.co\/wp-content\/uploads\/2019\/12\/laser4k-4-jpg-150x85.webp 150w, https:\/\/tivixiaomi.co\/wp-content\/uploads\/2019\/12\/laser4k-4-600x338.jpg 600w, https:\/\/tivixiaomi.co\/wp-content\/uploads\/2019\/12\/laser4k-4-300x169.jpg 300w, https:\/\/tivixiaomi.co\/wp-content\/uploads\/2019\/12\/laser4k-4-768x433.jpg 768w, https:\/\/tivixiaomi.co\/wp-content\/uploads\/2019\/12\/laser4k-4-1536x866.jpg 1536w, https:\/\/tivixiaomi.co\/wp-content\/uploads\/2019\/12\/laser4k-4-2048x1154.jpg 2048w\" sizes=\"(max-width: 1024px) 100vw, 1024px\" \/><\/p>\n<h2 class=\"product_title entry-title\"><a href=\"https:\/\/tivixiaomi.co\/san-pham\/man-hinh-chieu-tia-laser-mijia-tv-dac-biet-chong-anh-sang\/\">M\u00e0n chi\u1ebfu ch\u1ed1ng \u00e1nh s\u00e1ng Xiaomi \u0111\u1eb7c bi\u1ec7t 100 inch<\/a><\/h2>\n<h2>Tr\u00ecnh b\u00e0y ho\u00e0n h\u1ea3o hi\u1ec7u su\u1ea5t \u0111i\u1ec7n \u1ea3nh c\u1ee7a TV laser<\/h2>\n<p>V\u00f9ng quan s\u00e1t l\u1edbn 100 inch, trong khi \u0111\u1ed9 d\u00e0y ch\u1ec9 6 mm. \u00c1p d\u1ee5ng nguy\u00ean l\u00fd c\u1ee7a c\u00f4ng ngh\u1ec7 th\u1ea5u k\u00ednh Fresnel, n\u00f3 c\u00f3 th\u1ec3 ch\u1ed1ng l\u1ea1i s\u1ef1 giao thoa c\u1ee7a \u00e1nh s\u00e1ng xung quanh theo h\u01b0\u1edbng tr\u00e1i v\u00e0 ph\u1ea3i tr\u00ean \u1ea3nh \u0111\u01b0\u1ee3c chi\u1ebfu. \u226585% T\u1ed1c \u0111\u1ed9 che khu\u1ea5t \u00e1nh s\u00e1ng xung quanh, ngay c\u1ea3 d\u01b0\u1edbi \u0111\u00e8n hu\u1ef3nh quang v\u00e0 \u00e1nh s\u00e1ng xung quanh, ch\u1ea5t l\u01b0\u1ee3ng h\u00ecnh \u1ea3nh r\u00f5 n\u00e9t v\u1eabn r\u1ea5t n\u1ed5i b\u1eadt. (S\u1ea3n ph\u1ea9m n\u00e0y ch\u1ec9 \u0111\u01b0\u1ee3c bao g\u1ed3m trong phi\u00ean b\u1ea3n g\u00f3i)<\/p>\n<p><img loading=\"lazy\" decoding=\"async\" class=\"alignnone wp-image-56519 size-large\" src=\"https:\/\/tivixiaomi.co\/wp-content\/uploads\/2019\/12\/laser4k-newly-1-1024x571.jpg\" alt=\"\" width=\"1024\" height=\"571\" srcset=\"https:\/\/tivixiaomi.co\/wp-content\/uploads\/2019\/12\/laser4k-newly-1-1024x571.jpg 1024w, https:\/\/tivixiaomi.co\/wp-content\/uploads\/2019\/12\/laser4k-newly-1-jpg-150x84.webp 150w, https:\/\/tivixiaomi.co\/wp-content\/uploads\/2019\/12\/laser4k-newly-1-600x335.jpg 600w, https:\/\/tivixiaomi.co\/wp-content\/uploads\/2019\/12\/laser4k-newly-1-300x167.jpg 300w, https:\/\/tivixiaomi.co\/wp-content\/uploads\/2019\/12\/laser4k-newly-1-768x428.jpg 768w, https:\/\/tivixiaomi.co\/wp-content\/uploads\/2019\/12\/laser4k-newly-1-1536x857.jpg 1536w, https:\/\/tivixiaomi.co\/wp-content\/uploads\/2019\/12\/laser4k-newly-1-2048x1142.jpg 2048w\" sizes=\"(max-width: 1024px) 100vw, 1024px\" \/><\/p>\n","protected":false},"excerpt":{"rendered":"<ul>\n<li>Tr\u1ea3 g\u00f3p 0% qua th\u1ebb\u00a0<a href=\"https:\/\/tivixiaomi.co\/tra-gop\/\">(xem chi ti\u1ebft)<\/a><\/li>\n<li>Mi\u1ec5n ph\u00ed c\u00f4ng l\u1eafp \u0111\u1eb7t (H\u00e0 N\u1ed9i v\u00e0 Th\u00e0nh ph\u1ed1 H\u1ed3 Ch\u00ed Minh)<\/li>\n<li>L\u1ed7i l\u00e0 \u0111\u1ed5i m\u1edbi trong\u00a0<b>101 ng\u00e0y\u00a0<\/b>t\u1eadn nh\u00e0<\/li>\n<li>\u0110\u1ed5i tr\u1ea3 v\u00e0 b\u1ea3o h\u00e0nh c\u1ef1c d\u1ec5\u00a0<b>ch\u1ec9 c\u1ea7n s\u1ed1 \u0111i\u1ec7n tho\u1ea1i<\/b><\/li>\n<li>B\u1ea3o h\u00e0nh\u00a0<b>ch\u00ednh h\u00e3ng tivi 1 n\u0103m<\/b>, c\u00f3 ng\u01b0\u1eddi \u0111\u1ebfn l\u1ea5y t\u1eadn nh\u00e0<\/li>\n<li>G\u1ecdi \u0111\u1eb7t mua:\u00a0<a href=\"tel:0984311230\">0984.311.230<\/a><i class=\"icondetailV3-callme\"><\/i>\u00a0(7:30-22:00)<\/li>\n<\/ul>\n","protected":false},"featured_media":61866,"comment_status":"open","ping_status":"closed","template":"","meta":[],"product_brand":[],"product_cat":[291],"product_tag":[],"class_list":{"0":"post-45878","1":"product","2":"type-product","3":"status-publish","4":"has-post-thumbnail","6":"product_cat-may-chieu-xiaomi","8":"first","9":"outofstock","10":"sale","11":"shipping-taxable","12":"purchasable","13":"product-type-simple"},"_links":{"self":[{"href":"https:\/\/tivixiaomi.co\/en\/wp-json\/wp\/v2\/product\/45878"}],"collection":[{"href":"https:\/\/tivixiaomi.co\/en\/wp-json\/wp\/v2\/product"}],"about":[{"href":"https:\/\/tivixiaomi.co\/en\/wp-json\/wp\/v2\/types\/product"}],"replies":[{"embeddable":true,"href":"https:\/\/tivixiaomi.co\/en\/wp-json\/wp\/v2\/comments?post=45878"}],"version-history":[{"count":1,"href":"https:\/\/tivixiaomi.co\/en\/wp-json\/wp\/v2\/product\/45878\/revisions"}],"predecessor-version":[{"id":69830,"href":"https:\/\/tivixiaomi.co\/en\/wp-json\/wp\/v2\/product\/45878\/revisions\/69830"}],"wp:featuredmedia":[{"embeddable":true,"href":"https:\/\/tivixiaomi.co\/en\/wp-json\/wp\/v2\/media\/61866"}],"wp:attachment":[{"href":"https:\/\/tivixiaomi.co\/en\/wp-json\/wp\/v2\/media?parent=45878"}],"wp:term":[{"taxonomy":"product_brand","embeddable":true,"href":"https:\/\/tivixiaomi.co\/en\/wp-json\/wp\/v2\/product_brand?post=45878"},{"taxonomy":"product_cat","embeddable":true,"href":"https:\/\/tivixiaomi.co\/en\/wp-json\/wp\/v2\/product_cat?post=45878"},{"taxonomy":"product_tag","embeddable":true,"href":"https:\/\/tivixiaomi.co\/en\/wp-json\/wp\/v2\/product_tag?post=45878"}],"curies":[{"name":"wp","href":"https:\/\/api.w.org\/{rel}","templated":true}]}}