{"id":46018,"date":"2019-12-18T19:38:33","date_gmt":"2019-12-18T12:38:33","guid":{"rendered":"https:\/\/tivixiaomi.co\/?post_type=product&#038;p=46018"},"modified":"2024-09-04T13:52:35","modified_gmt":"2024-09-04T06:52:35","slug":"smart-tivi-xiaomi-man-hinh-tran-vien-4k-uhd-55-inch-e55x","status":"publish","type":"product","link":"https:\/\/tivixiaomi.co\/en\/tivi\/smart-tivi-xiaomi-man-hinh-tran-vien-4k-uhd-55-inch-e55x\/","title":{"rendered":"Smart Tivi Xiaomi M\u00e0n H\u00ecnh Tr\u00e0n Vi\u1ec1n 4K UHD 55 inch E55X"},"content":{"rendered":"<p style=\"text-align: justify;\"><span style=\"font-weight: 400;\">Smart Tivi Xiaomi Mi Tivi E55X 55 inch Gi\u00e1 r\u1ebb t\u1ea1i H\u00e0 N\u1ed9i, TP.HCM. Mi\u1ec5n ph\u00ed l\u1eafp \u0111\u1eb7t, H\u1ed7 tr\u1ee3 v\u1eadn chuy\u1ec3n trong n\u1ed9i th\u00e0nh, Hotline: 0984.311.230. <\/span><span style=\"font-weight: 400;\">C\u00f3 th\u1ec3 n\u00f3i n\u0103m 2019 l\u00e0 m\u1ed9t n\u0103m r\u1ea5t th\u00e0nh c\u00f4ng v\u1edbi c\u00e1c s\u1ea3n ph\u1ea9m c\u1ee7a Xiaomi v\u00e0 Tivi Xiaomi c\u0169ng kh\u00f4ng n\u1eb1m ngo\u1ea1i l\u1ec7. \u0102n s\u00e2u v\u00e0o ti\u1ec1m th\u1ee9c c\u1ee7a ng\u01b0\u1eddi d\u00f9ng \u0111\u00f3 ch\u00ednh l\u00e0 \u0111\u1ed3 c\u1ee7a Xiaomi lu\u00f4n r\u1ebb nh\u01b0ng l\u1ea1i c\u00f3 ch\u1ea5t l\u01b0\u1ee3ng kh\u00e1 t\u1ed1t. V\u00e0 h\u00f4m nay Tivixiaomi.com s\u1ebd mang l\u1ea1i cho c\u00e1c b\u1ea1n m\u1ed9t chi\u1ebfc Tivi theo \u0111\u00fang chu\u1ea9n c\u00e1c y\u1ebfu t\u1ed1 \u201cNgon &#8211; B\u1ed5 &#8211; R\u1ebb\u201d. C\u00f3 t\u00ean m\u00e3 l\u00e0 Tivi Xiaomi E55X, h\u00e3y c\u00f9ng tivixiaomi.com tr\u1ea3i nghi\u1ec7m s\u1ea3n ph\u1ea9m n\u00e0y ngay nh\u00e9.\u00a0<\/span><\/p>\n<p><strong>Xem Video \u0111\u00e1nh gi\u00e1 s\u1ea3n ph\u1ea9m Tivi Xiaomi E55X<\/strong><\/p>\n<p><iframe title=\"Mi LED Smart TV 55 inches E55X Bezel-less 4K \u2022 TiviXiaomi.Com\" width=\"640\" height=\"360\" src=\"https:\/\/www.youtube.com\/embed\/w2tTayNcQL4?feature=oembed\" frameborder=\"0\" allow=\"accelerometer; autoplay; clipboard-write; encrypted-media; gyroscope; picture-in-picture; web-share\" referrerpolicy=\"strict-origin-when-cross-origin\" allowfullscreen><\/iframe><\/p>\n<p style=\"text-align: justify;\"><img fetchpriority=\"high\" decoding=\"async\" class=\"aligncenter wp-image-46361 size-full\" src=\"https:\/\/tivixiaomi.co\/wp-content\/uploads\/2019\/12\/IMG_5768.jpg\" alt=\"\" width=\"1500\" height=\"1000\" \/><\/p>\n<p>&nbsp;<\/p>\n<h2 style=\"text-align: justify;\"><strong>\u0110\u00e1nh gi\u00e1 thi\u1ebft k\u1ebf Tivi Xiaomi Mi Tivi E55X tr\u00e0n vi\u1ec1n\u00a0<\/strong><\/h2>\n<p>&nbsp;<\/p>\n<p style=\"text-align: justify;\"><span style=\"font-weight: 400;\">\u0110\u1ea7u ti\u00ean v\u1ec1 thi\u1ebft k\u1ebf th\u00ec chi\u1ebfc <a href=\"https:\/\/tivixiaomi.co\/san-pham\/smart-tivi-xiaomi-man-hinh-tran-vien-4k-uhd-55-inch-e55x\/\"><strong>Xiaomi Mi Tivi E55X<\/strong><\/a> c\u00f3 ng\u00f4n ng\u1eef thi\u1ebft k\u1ebf kh\u00e1 g\u1ea7n v\u1edbi Mi Tivi 5 tuy nhi\u00ean \u0111\u1ed9 tinh t\u1ebf th\u00ec ch\u1eafc ch\u1eafn ch\u01b0a th\u1ec3 ho\u00e0n thi\u1ec7n b\u1eb1ng, tuy nhi\u00ean \u0111i\u1ec3m \u0111\u00e1ng gi\u00e1 nh\u1ea5t tr\u00ean s\u1ea3n ph\u1ea9m n\u00e0y \u0111\u00f3 ch\u00ednh l\u00e0 khung vi\u1ec1n c\u1ee7a s\u1ea3n ph\u1ea9m \u0111\u01b0\u1ee3c thi\u1ebft k\u1ebf r\u1ea5t m\u1ecfng v\u00e0 tinh t\u1ebf, kh\u00e1 gi\u1ed1ng v\u1edbi d\u00f2ng tivi 5 v\u00e0 tivi 5 Pro.\u00a0<\/span><\/p>\n<p style=\"text-align: justify;\"><img decoding=\"async\" class=\"aligncenter wp-image-46371 size-full\" src=\"https:\/\/tivixiaomi.co\/wp-content\/uploads\/2019\/12\/IMG_5817.jpg\" alt=\"\" width=\"1500\" height=\"1000\" \/><\/p>\n<p><img decoding=\"async\" class=\"aligncenter wp-image-46374 size-full\" src=\"https:\/\/tivixiaomi.co\/wp-content\/uploads\/2019\/12\/IMG_5853.jpg\" alt=\"\" width=\"1500\" height=\"1000\" \/><\/p>\n<p><img loading=\"lazy\" decoding=\"async\" class=\"aligncenter wp-image-46373 size-full\" src=\"https:\/\/tivixiaomi.co\/wp-content\/uploads\/2019\/12\/IMG_5835.jpg\" alt=\"\" width=\"1500\" height=\"1000\" \/><\/p>\n<p><img loading=\"lazy\" decoding=\"async\" class=\"aligncenter wp-image-46372 size-full\" src=\"https:\/\/tivixiaomi.co\/wp-content\/uploads\/2019\/12\/IMG_5834.jpg\" alt=\"\" width=\"1500\" height=\"1000\" \/><\/p>\n<p style=\"text-align: justify;\"><span style=\"font-weight: 400;\">Tuy nhi\u00ean ph\u1ea7n ch\u1ea5t li\u1ec7u s\u1ebd \u0111\u01b0\u1ee3c l\u00e0m b\u1eb1ng nh\u1ef1a c\u1ee7a ph\u1ea7n gi\u1ea3i b\u00ean d\u01b0\u1edbi v\u00e0 ch\u00e2n \u0111\u1ebf, tuy nhi\u00ean \u0111\u1ed9 ch\u1eafc ch\u1eafn r\u1ea5t t\u1ed1t. Ph\u1ea7n thi\u1ebft k\u1ebf panel ch\u00fang ta c\u00f3 th\u1ec3 th\u1ea5y r\u00f5 r\u00e0ng \u0111\u1ed9 d\u00e0y c\u1ee7a s\u1ea3n ph\u1ea9m ch\u1ee9 kh\u00f4ng m\u1ecfng nh\u01b0 c\u00e1c s\u1ea3n ph\u1ea9m c\u1ee7a d\u00f2ng Tivi th\u1ebf h\u1ec7 th\u1ee9 5. Tuy nhi\u00ean \u0111i\u1ec1u n\u00e0y ch\u00fang ta c\u00f3 th\u1ec3 ch\u1ea5p nh\u1eadn \u0111\u01b0\u1ee3c khi m\u00e0 gi\u00e1 b\u00e1n c\u1ee7a s\u1ea3n ph\u1ea9m r\u1ebb b\u1eb1ng m\u1ed9t n\u1eeda so v\u1edbi s\u1ea3n ph\u1ea9m Tivi 5 ph\u1ea3i kh\u00f4ng n\u00e0o! V\u1ec1 ph\u1ea7n m\u1eb7t sau Xiaomi Mi Tivi E55X c\u00f3 \u0111\u1ea7y \u0111\u1ee7 c\u00e1c c\u1ed5ng k\u1ebft n\u1ed1i USB, HDMI, Antena&#8230;. v\u00e0 \u0111\u01b0\u01a1ng nhi\u00ean c\u0169ng s\u1ebd c\u00f3 v\u1ecb tr\u00ed \u0111\u1ec3 l\u1eafp gi\u00e1 treo t\u01b0\u1eddng c\u0169ng nh\u01b0 d\u1ea3i loa. N\u00f3i chung v\u1ec1 m\u1eb7t thi\u1ebft k\u1ebf \u0111i\u1ec3m s\u00e1ng nh\u1ea5t tr\u00ean Xiaomi Mi Tivi E55X \u0111\u00f3 ch\u00ednh l\u00e0 ph\u1ea7n m\u1eb7t tr\u01b0\u1edbc c\u1ee7a s\u1ea3n ph\u1ea9m.<\/span><\/p>\n<h3 style=\"text-align: justify;\"><strong>C\u1ea5u h\u00ecnh \u1edf m\u1ee9c t\u1ea7m trung v\u00e0 \u0111\u1ee7 d\u00f9ng c\u1ee7a Xiaomi Mi Tivi E55X<\/strong><\/h3>\n<p style=\"text-align: justify;\"><img loading=\"lazy\" decoding=\"async\" class=\"aligncenter wp-image-46377 size-full\" src=\"https:\/\/tivixiaomi.co\/wp-content\/uploads\/2019\/12\/IMG_5861.jpg\" alt=\"\" width=\"1500\" height=\"1000\" \/><\/p>\n<p style=\"text-align: justify;\"><span style=\"font-weight: 400;\">C\u00f3 th\u1ec3 n\u00f3i v\u1edbi b\u1ed9 nh\u1edb RAM 2GB, ROM 32GB th\u00ec \u0111\u00e2y l\u00e0 m\u1ed9t s\u1ea3n ph\u1ea9m \u1edf m\u1ee9c trung d\u00e0nh cho nhu c\u1ea7u s\u1eed d\u1ee5ng c\u01a1 b\u1ea3n c\u1ee7a ng\u01b0\u1eddi d\u00f9ng, b\u1ea1n v\u1eabn c\u00f3 th\u1ec3 l\u01b0\u1edbt Youtube xem Video 4K m\u00e0 kh\u00f4ng g\u1eb7p b\u1ea5t c\u1ee9 kh\u00f3 kh\u0103n n\u00e0o. Ngo\u00e0i ra s\u1ea3n ph\u1ea9m ch\u1ea1y tr\u00ean n\u1ec1n t\u1ea3ng Android 6.0 m\u1ed9t n\u1ec1n t\u1ea3ng Android c\u0169 nh\u01b0ng c\u1ef1c k\u1ef3 \u1ed5n \u0111\u1ecbnh cho t\u1edbi th\u1eddi \u0111i\u1ec3m n\u00e0y.<\/span><\/p>\n<p style=\"text-align: justify;\"><img loading=\"lazy\" decoding=\"async\" class=\"aligncenter wp-image-46365 size-full\" src=\"https:\/\/tivixiaomi.co\/wp-content\/uploads\/2019\/12\/IMG_5785.jpg\" alt=\"\" width=\"1500\" height=\"1000\" \/><\/p>\n<p style=\"text-align: justify;\"><span style=\"font-weight: 400;\">Hi\u1ec7n t\u1ea1i gi\u00e1 b\u00e1n c\u1ee7a s\u1ea3n ph\u1ea9m \u0111ang \u0111\u01b0\u1ee3c tivixiaomi.com b\u00e1n v\u1edbi m\u1ee9c gi\u00e1 h\u01a1n 9 tri\u1ec7u. N\u1ebfu c\u00e1c b\u1ea1n c\u00f3 b\u1ea5t c\u1ee9 c\u00e2u h\u1ecfi n\u00e0o v\u1ec1 s\u1ea3n ph\u1ea9m h\u00e3y li\u00ean h\u1ec7 v\u1edbi ch\u00fang t\u00f4i \u0111\u1ec3 \u0111\u01b0\u1ee3c gi\u1ea3i \u0111\u00e1p. Xin ch\u00e0o v\u00e0 h\u1eb9n g\u1eb7p l\u1ea1i c\u00e1c b\u1ea1n \u1edf nh\u1eefng b\u00e0i \u0111\u00e1nh gi\u00e1 ti\u1ebfp theo.<\/span><\/p>\n<p style=\"text-align: justify;\">\n","protected":false},"excerpt":{"rendered":"<ul>\n<li>D\u00f2ng EX Series<\/li>\n<li>M\u00e0n h\u00ecnh: 4K<\/li>\n<li>RAM: 2GB<\/li>\n<li>Dung l\u01b0\u1ee3ng: 32GB<\/li>\n<\/ul>\n","protected":false},"featured_media":46019,"comment_status":"open","ping_status":"closed","template":"","meta":[],"product_brand":[],"product_cat":[255],"product_tag":[],"class_list":{"0":"post-46018","1":"product","2":"type-product","3":"status-publish","4":"has-post-thumbnail","6":"product_cat-tivi-xiaomi-man-hinh-tran","8":"first","9":"outofstock","10":"sale","11":"shipping-taxable","12":"purchasable","13":"product-type-simple"},"_links":{"self":[{"href":"https:\/\/tivixiaomi.co\/en\/wp-json\/wp\/v2\/product\/46018"}],"collection":[{"href":"https:\/\/tivixiaomi.co\/en\/wp-json\/wp\/v2\/product"}],"about":[{"href":"https:\/\/tivixiaomi.co\/en\/wp-json\/wp\/v2\/types\/product"}],"replies":[{"embeddable":true,"href":"https:\/\/tivixiaomi.co\/en\/wp-json\/wp\/v2\/comments?post=46018"}],"version-history":[{"count":1,"href":"https:\/\/tivixiaomi.co\/en\/wp-json\/wp\/v2\/product\/46018\/revisions"}],"predecessor-version":[{"id":69829,"href":"https:\/\/tivixiaomi.co\/en\/wp-json\/wp\/v2\/product\/46018\/revisions\/69829"}],"wp:featuredmedia":[{"embeddable":true,"href":"https:\/\/tivixiaomi.co\/en\/wp-json\/wp\/v2\/media\/46019"}],"wp:attachment":[{"href":"https:\/\/tivixiaomi.co\/en\/wp-json\/wp\/v2\/media?parent=46018"}],"wp:term":[{"taxonomy":"product_brand","embeddable":true,"href":"https:\/\/tivixiaomi.co\/en\/wp-json\/wp\/v2\/product_brand?post=46018"},{"taxonomy":"product_cat","embeddable":true,"href":"https:\/\/tivixiaomi.co\/en\/wp-json\/wp\/v2\/product_cat?post=46018"},{"taxonomy":"product_tag","embeddable":true,"href":"https:\/\/tivixiaomi.co\/en\/wp-json\/wp\/v2\/product_tag?post=46018"}],"curies":[{"name":"wp","href":"https:\/\/api.w.org\/{rel}","templated":true}]}}