{"id":49870,"date":"2020-01-23T12:56:30","date_gmt":"2020-01-23T05:56:30","guid":{"rendered":"https:\/\/tivixiaomi.co\/?post_type=product&#038;p=49870"},"modified":"2025-04-14T03:02:41","modified_gmt":"2025-04-13T20:02:41","slug":"mitv-4s55","status":"publish","type":"product","link":"https:\/\/tivixiaomi.co\/en\/tivi\/mitv-4s55\/","title":{"rendered":"Mi LED TV 4S 55&#8221; Global (\u0111\u00e3 bao g\u1ed3m VAT)"},"content":{"rendered":"<p style=\"text-align: justify;\">Tivi Xiaomi Mi TV 4S 55&#8221; Qu\u1ed1c T\u1ebf Gi\u00e1 r\u1ebb t\u1ea1i H\u00e0 N\u1ed9i, TP.HCM. Mi\u1ec5n ph\u00ed l\u1eafp \u0111\u1eb7t, H\u1ed7 tr\u1ee3 v\u1eadn chuy\u1ec3n trong n\u1ed9i th\u00e0nh, Hotline: 0984.311.230. Phi\u00ean b\u1ea3n qu\u1ed1c t\u1ebf \u0111\u1ed9c quy\u1ec1n t\u1ea1i Vi\u1ec7t Nam ch\u1ec9 c\u00f3 t\u1ea1i Tivixiaomi.com.<\/p>\n<p style=\"text-align: center;\"><strong>Video \u0111\u00e1nh gi\u00e1 Tivi Xiaomi 4S 55 inches phi\u00ean b\u1ea3n qu\u1ed1c t\u1ebf:<\/strong><\/p>\n<p><iframe title=\"Mi LED TV 4S 55 Global \u2022 TiviXiaomi.Com\" width=\"640\" height=\"360\" src=\"https:\/\/www.youtube.com\/embed\/PfH_hEsQ4CY?feature=oembed\" frameborder=\"0\" allow=\"accelerometer; autoplay; clipboard-write; encrypted-media; gyroscope; picture-in-picture; web-share\" referrerpolicy=\"strict-origin-when-cross-origin\" allowfullscreen><\/iframe><\/p>\n<p style=\"text-align: justify;\">Ch\u00e0o m\u1eebng c\u00e1c b\u1ea1n \u0111\u00e3 quay tr\u1edf l\u1ea1i v\u1edbi Tivixiaomi.com v\u00e0 t\u1eeb tr\u01b0\u1edbc \u0111\u1ebfn gi\u1edd tivi xiaomi lu\u00f4n g\u1eedi \u0111\u1ebfn c\u00e1c b\u1ea1n c\u00e1c m\u1eabu Tivi \u0111\u1ebfn t\u1eeb th\u1ecb tr\u01b0\u1eddng n\u1ed9i \u0111\u1ecba, tuy nhi\u00ean trong b\u00e0i \u0111\u00e1nh gi\u00e1 n\u00e0y ch\u00fang ta s\u1ebd c\u00f9ng \u0111\u00e1nh gi\u00e1 m\u1eabu Tivi m\u00e0 Xiaomi tung ra d\u00e0nh cho cho th\u1ecb tr\u01b0\u1eddng Qu\u1ed1c t\u1ebf.<\/p>\n<p><img fetchpriority=\"high\" decoding=\"async\" class=\"aligncenter wp-image-58813 size-large\" src=\"https:\/\/tivixiaomi.co\/wp-content\/uploads\/2020\/01\/Tivi-55-3-1024x683.jpg\" alt=\"tivi xiaomi 55inch phi\u00ean b\u1ea3n qu\u1ed1c t\u1ebf\" width=\"1024\" height=\"683\" srcset=\"https:\/\/tivixiaomi.co\/wp-content\/uploads\/2020\/01\/Tivi-55-3-1024x683.jpg 1024w, https:\/\/tivixiaomi.co\/wp-content\/uploads\/2020\/01\/Tivi-55-3-scaled-jpg-150x100.webp 150w, https:\/\/tivixiaomi.co\/wp-content\/uploads\/2020\/01\/Tivi-55-3-600x400.jpg 600w, https:\/\/tivixiaomi.co\/wp-content\/uploads\/2020\/01\/Tivi-55-3-300x200.jpg 300w, https:\/\/tivixiaomi.co\/wp-content\/uploads\/2020\/01\/Tivi-55-3-768x512.jpg 768w, https:\/\/tivixiaomi.co\/wp-content\/uploads\/2020\/01\/Tivi-55-3-1536x1024.jpg 1536w, https:\/\/tivixiaomi.co\/wp-content\/uploads\/2020\/01\/Tivi-55-3-2048x1365.jpg 2048w\" sizes=\"(max-width: 1024px) 100vw, 1024px\" \/><\/p>\n<p>&nbsp;<\/p>\n<h2><strong>Ph\u1ee5 ki\u1ec7n \u0111i k\u00e8m bao g\u1ed3m:<\/strong><\/h2>\n<p><img decoding=\"async\" class=\"aligncenter wp-image-58812 size-large\" src=\"https:\/\/tivixiaomi.co\/wp-content\/uploads\/2020\/01\/Tivi-55-2-1024x683.jpg\" alt=\"tivi xiaomi 55inch phi\u00ean b\u1ea3n qu\u1ed1c t\u1ebf\" width=\"1024\" height=\"683\" srcset=\"https:\/\/tivixiaomi.co\/wp-content\/uploads\/2020\/01\/Tivi-55-2-1024x683.jpg 1024w, https:\/\/tivixiaomi.co\/wp-content\/uploads\/2020\/01\/Tivi-55-2-scaled-jpg-150x100.webp 150w, https:\/\/tivixiaomi.co\/wp-content\/uploads\/2020\/01\/Tivi-55-2-600x400.jpg 600w, https:\/\/tivixiaomi.co\/wp-content\/uploads\/2020\/01\/Tivi-55-2-300x200.jpg 300w, https:\/\/tivixiaomi.co\/wp-content\/uploads\/2020\/01\/Tivi-55-2-768x512.jpg 768w, https:\/\/tivixiaomi.co\/wp-content\/uploads\/2020\/01\/Tivi-55-2-1536x1024.jpg 1536w, https:\/\/tivixiaomi.co\/wp-content\/uploads\/2020\/01\/Tivi-55-2-2048x1365.jpg 2048w\" sizes=\"(max-width: 1024px) 100vw, 1024px\" \/><\/p>\n<h2><strong>Thi\u1ebft k\u1ebf c\u1ee7a Tivi MI LED 4S 55 inch Global<\/strong><\/h2>\n<p><img decoding=\"async\" class=\"aligncenter wp-image-58817 size-large\" src=\"https:\/\/tivixiaomi.co\/wp-content\/uploads\/2020\/01\/Tivi-55-7-1024x683.jpg\" alt=\"tivi xiaomi 55inch phi\u00ean b\u1ea3n qu\u1ed1c t\u1ebf\" width=\"1024\" height=\"683\" srcset=\"https:\/\/tivixiaomi.co\/wp-content\/uploads\/2020\/01\/Tivi-55-7-1024x683.jpg 1024w, https:\/\/tivixiaomi.co\/wp-content\/uploads\/2020\/01\/Tivi-55-7-scaled-jpg-150x100.webp 150w, https:\/\/tivixiaomi.co\/wp-content\/uploads\/2020\/01\/Tivi-55-7-600x400.jpg 600w, https:\/\/tivixiaomi.co\/wp-content\/uploads\/2020\/01\/Tivi-55-7-300x200.jpg 300w, https:\/\/tivixiaomi.co\/wp-content\/uploads\/2020\/01\/Tivi-55-7-768x512.jpg 768w, https:\/\/tivixiaomi.co\/wp-content\/uploads\/2020\/01\/Tivi-55-7-1536x1024.jpg 1536w, https:\/\/tivixiaomi.co\/wp-content\/uploads\/2020\/01\/Tivi-55-7-2048x1366.jpg 2048w\" sizes=\"(max-width: 1024px) 100vw, 1024px\" \/><\/p>\n<p style=\"text-align: justify;\">V\u1edbi phi\u00ean b\u1ea3n qu\u1ed1c t\u1ebf tivixiaomi \u0111\u00e3 \u0111\u01b0\u1ee3c n\u00e2ng c\u1ea5p 100% full ti\u1ebfng Vi\u1ec7t v\u00e0 nhi\u1ec1u t\u00ednh n\u0103ng kh\u00e1c, h\u1ed7 tr\u1ee3 t\u1ed1i \u0111a cho ng\u01b0\u1eddi d\u00f9ng. Ch\u00fang ta s\u1ebd c\u00f3 \u1edf \u0111\u00e2y l\u00e0 ph\u1ea7n m\u1eb7t tr\u01b0\u1edbc v\u1eabn v\u00f4 c\u00f9ng l\u00e0 \u0111\u1eb9p, v\u1edbi ph\u1ea7n vi\u1ec1n m\u00e0n h\u00ecnh \u0111\u01b0\u1ee3c l\u00e0m c\u1ef1c k\u00ec m\u1ecfng ch\u00fang ta s\u1ebd c\u00f3 ph\u1ea7n vi\u1ec1n tr\u00ean, c\u0169ng nh\u01b0 vi\u1ec1n 2 b\u00ean v\u1eabn m\u1ecfng \u0111\u1ec1u nh\u01b0 nhau, c\u00f9ng v\u1edbi ph\u1ea7n vi\u1ec1n b\u00ean d\u01b0\u1edbi s\u1ebd h\u01a1i d\u00e0y h\u01a1n m\u1ed9t ch\u00fat, v\u00e0 to\u00e0n b\u1ed9 ph\u1ea7n vi\u1ec1n xung quanh n\u00e0y s\u1ebd \u0111\u01b0\u1ee3c l\u00e0m t\u1eeb kim lo\u1ea1i c\u00e1c b\u1ea1n nh\u00e9, m\u1ed9t ch\u1ea5t li\u1ec7u c\u1ef1c k\u00ec ch\u1eafc ch\u1eafn.<\/p>\n<p><img loading=\"lazy\" decoding=\"async\" class=\"aligncenter wp-image-58823 size-large\" src=\"https:\/\/tivixiaomi.co\/wp-content\/uploads\/2020\/01\/Tivi-55-13-1024x683.jpg\" alt=\"tivi xiaomi 55inch phi\u00ean b\u1ea3n qu\u1ed1c t\u1ebf\" width=\"1024\" height=\"683\" srcset=\"https:\/\/tivixiaomi.co\/wp-content\/uploads\/2020\/01\/Tivi-55-13-1024x683.jpg 1024w, https:\/\/tivixiaomi.co\/wp-content\/uploads\/2020\/01\/Tivi-55-13-scaled-jpg-150x100.webp 150w, https:\/\/tivixiaomi.co\/wp-content\/uploads\/2020\/01\/Tivi-55-13-600x400.jpg 600w, https:\/\/tivixiaomi.co\/wp-content\/uploads\/2020\/01\/Tivi-55-13-300x200.jpg 300w, https:\/\/tivixiaomi.co\/wp-content\/uploads\/2020\/01\/Tivi-55-13-768x512.jpg 768w, https:\/\/tivixiaomi.co\/wp-content\/uploads\/2020\/01\/Tivi-55-13-1536x1024.jpg 1536w, https:\/\/tivixiaomi.co\/wp-content\/uploads\/2020\/01\/Tivi-55-13-2048x1365.jpg 2048w\" sizes=\"(max-width: 1024px) 100vw, 1024px\" \/><\/p>\n<p><img loading=\"lazy\" decoding=\"async\" class=\"aligncenter wp-image-58818 size-large\" src=\"https:\/\/tivixiaomi.co\/wp-content\/uploads\/2020\/01\/Tivi-55-8-1024x683.jpg\" alt=\"tivi xiaomi 55inch phi\u00ean b\u1ea3n qu\u1ed1c t\u1ebf\" width=\"1024\" height=\"683\" srcset=\"https:\/\/tivixiaomi.co\/wp-content\/uploads\/2020\/01\/Tivi-55-8-1024x683.jpg 1024w, https:\/\/tivixiaomi.co\/wp-content\/uploads\/2020\/01\/Tivi-55-8-scaled-jpg-150x100.webp 150w, https:\/\/tivixiaomi.co\/wp-content\/uploads\/2020\/01\/Tivi-55-8-600x400.jpg 600w, https:\/\/tivixiaomi.co\/wp-content\/uploads\/2020\/01\/Tivi-55-8-300x200.jpg 300w, https:\/\/tivixiaomi.co\/wp-content\/uploads\/2020\/01\/Tivi-55-8-768x512.jpg 768w, https:\/\/tivixiaomi.co\/wp-content\/uploads\/2020\/01\/Tivi-55-8-1536x1024.jpg 1536w, https:\/\/tivixiaomi.co\/wp-content\/uploads\/2020\/01\/Tivi-55-8-2048x1365.jpg 2048w\" sizes=\"(max-width: 1024px) 100vw, 1024px\" \/><\/p>\n<p><img loading=\"lazy\" decoding=\"async\" class=\"aligncenter wp-image-58819 size-large\" src=\"https:\/\/tivixiaomi.co\/wp-content\/uploads\/2020\/01\/Tivi-55-9-1024x683.jpg\" alt=\"tivi xiaomi 55inch phi\u00ean b\u1ea3n qu\u1ed1c t\u1ebf\" width=\"1024\" height=\"683\" srcset=\"https:\/\/tivixiaomi.co\/wp-content\/uploads\/2020\/01\/Tivi-55-9-1024x683.jpg 1024w, https:\/\/tivixiaomi.co\/wp-content\/uploads\/2020\/01\/Tivi-55-9-scaled-jpg-150x100.webp 150w, https:\/\/tivixiaomi.co\/wp-content\/uploads\/2020\/01\/Tivi-55-9-600x400.jpg 600w, https:\/\/tivixiaomi.co\/wp-content\/uploads\/2020\/01\/Tivi-55-9-300x200.jpg 300w, https:\/\/tivixiaomi.co\/wp-content\/uploads\/2020\/01\/Tivi-55-9-768x512.jpg 768w, https:\/\/tivixiaomi.co\/wp-content\/uploads\/2020\/01\/Tivi-55-9-1536x1024.jpg 1536w, https:\/\/tivixiaomi.co\/wp-content\/uploads\/2020\/01\/Tivi-55-9-2048x1365.jpg 2048w\" sizes=\"(max-width: 1024px) 100vw, 1024px\" \/><\/p>\n<p><img loading=\"lazy\" decoding=\"async\" class=\"aligncenter wp-image-58820 size-large\" src=\"https:\/\/tivixiaomi.co\/wp-content\/uploads\/2020\/01\/Tivi-55-10-1024x683.jpg\" alt=\"tivi xiaomi 55inch phi\u00ean b\u1ea3n qu\u1ed1c t\u1ebf\" width=\"1024\" height=\"683\" srcset=\"https:\/\/tivixiaomi.co\/wp-content\/uploads\/2020\/01\/Tivi-55-10-1024x683.jpg 1024w, https:\/\/tivixiaomi.co\/wp-content\/uploads\/2020\/01\/Tivi-55-10-scaled-jpg-150x100.webp 150w, https:\/\/tivixiaomi.co\/wp-content\/uploads\/2020\/01\/Tivi-55-10-600x400.jpg 600w, https:\/\/tivixiaomi.co\/wp-content\/uploads\/2020\/01\/Tivi-55-10-300x200.jpg 300w, https:\/\/tivixiaomi.co\/wp-content\/uploads\/2020\/01\/Tivi-55-10-768x512.jpg 768w, https:\/\/tivixiaomi.co\/wp-content\/uploads\/2020\/01\/Tivi-55-10-1536x1024.jpg 1536w, https:\/\/tivixiaomi.co\/wp-content\/uploads\/2020\/01\/Tivi-55-10-2048x1365.jpg 2048w\" sizes=\"(max-width: 1024px) 100vw, 1024px\" \/><\/p>\n<p>&nbsp;<\/p>\n<p style=\"text-align: justify;\">Ph\u1ea7n m\u1eb7t sau c\u1ee7a chi\u1ebfc tivi n\u00e0y c\u0169ng v\u1eabn s\u1ebd \u0111\u01b0\u1ee3c l\u00e0m ho\u00e0n to\u00e0n b\u1eb1ng nh\u1ef1a, tuy nhi\u00ean ch\u1ea5t li\u1ec7u nh\u1ef1a th\u00ec v\u1eabn nh\u01b0 th\u01b0\u1eddng l\u1ec7, \u0111\u00f3 ch\u00ednh l\u00e0 \u0111\u01b0\u1ee3c l\u00e0m r\u1ea5t d\u00e0y v\u00e0 c\u00f3 \u0111\u1ed9 ch\u1eafc ch\u1eafn c\u1ef1c k\u00ec cao \u0111\u1ec3 c\u00f3 th\u1ec3 \u0111\u1ea3m b\u1ea3o cho ch\u00fang ta v\u1ec1 \u0111\u1ed9 b\u1ec1n l\u00e2u d\u00e0i trong qu\u00e1 tr\u00ecnh s\u1eed d\u1ee5ng. V\u00e0 \u1edf m\u1eb7t sau n\u00e0y c\u0169ng c\u00f3 \u1edf ph\u1ea7n ch\u00ednh gi\u1eefa s\u1ebd c\u00f3 4 con \u1ed1c \u0111\u1ec3 c\u00f3 th\u1ec3 treo chi\u1ebfc tivi n\u00e0y l\u00ean t\u01b0\u1eddng \u0111i k\u00e8m v\u1edbi m\u1ed9t c\u00e1i tem \u1edf \u0111\u00e2y, v\u00e0 \u1edf \u0111\u00e2y nh\u00ecn k\u0129 v\u00e0o tem ch\u00fang ta c\u00f3 th\u1ec3 th\u1ea5y c\u00f3 ng\u00f4n ng\u1eef l\u00e0 ti\u1ebfng Anh v\u00e0 ti\u1ebfng Nga \u0111\u00fang kh\u00f4ng n\u00e0o, do \u0111\u00e2y ch\u00ednh l\u00e0 phi\u00ean b\u1ea3n Qu\u1ed1c t\u1ebf.<\/p>\n<h3>Thi\u1ebft k\u1ebf \u0111i\u1ec1u khi\u1ec3n th\u00f4ng minh<\/h3>\n<p><img loading=\"lazy\" decoding=\"async\" class=\"aligncenter wp-image-58856 size-large\" src=\"https:\/\/tivixiaomi.co\/wp-content\/uploads\/2020\/09\/VuongArts-25-1024x683.jpg\" alt=\"tivi xiaomi 55inch phi\u00ean b\u1ea3n qu\u1ed1c t\u1ebf\" width=\"1024\" height=\"683\" srcset=\"https:\/\/tivixiaomi.co\/wp-content\/uploads\/2020\/09\/VuongArts-25-1024x683.jpg 1024w, https:\/\/tivixiaomi.co\/wp-content\/uploads\/2020\/09\/VuongArts-25-scaled-jpg-150x100.webp 150w, https:\/\/tivixiaomi.co\/wp-content\/uploads\/2020\/09\/VuongArts-25-600x400.jpg 600w, https:\/\/tivixiaomi.co\/wp-content\/uploads\/2020\/09\/VuongArts-25-300x200.jpg 300w, https:\/\/tivixiaomi.co\/wp-content\/uploads\/2020\/09\/VuongArts-25-768x512.jpg 768w, https:\/\/tivixiaomi.co\/wp-content\/uploads\/2020\/09\/VuongArts-25-1536x1024.jpg 1536w, https:\/\/tivixiaomi.co\/wp-content\/uploads\/2020\/09\/VuongArts-25-2048x1365.jpg 2048w\" sizes=\"(max-width: 1024px) 100vw, 1024px\" \/><\/p>\n<p><img loading=\"lazy\" decoding=\"async\" class=\"aligncenter wp-image-58855 size-large\" src=\"https:\/\/tivixiaomi.co\/wp-content\/uploads\/2020\/09\/VuongArts-24-1024x683.jpg\" alt=\"tivi xiaomi 55inch phi\u00ean b\u1ea3n qu\u1ed1c t\u1ebf\" width=\"1024\" height=\"683\" srcset=\"https:\/\/tivixiaomi.co\/wp-content\/uploads\/2020\/09\/VuongArts-24-1024x683.jpg 1024w, https:\/\/tivixiaomi.co\/wp-content\/uploads\/2020\/09\/VuongArts-24-scaled-jpg-150x100.webp 150w, https:\/\/tivixiaomi.co\/wp-content\/uploads\/2020\/09\/VuongArts-24-600x400.jpg 600w, https:\/\/tivixiaomi.co\/wp-content\/uploads\/2020\/09\/VuongArts-24-300x200.jpg 300w, https:\/\/tivixiaomi.co\/wp-content\/uploads\/2020\/09\/VuongArts-24-768x512.jpg 768w, https:\/\/tivixiaomi.co\/wp-content\/uploads\/2020\/09\/VuongArts-24-1536x1024.jpg 1536w, https:\/\/tivixiaomi.co\/wp-content\/uploads\/2020\/09\/VuongArts-24-2048x1365.jpg 2048w\" sizes=\"(max-width: 1024px) 100vw, 1024px\" \/><\/p>\n<h3><\/h3>\n<h3><strong>Ch\u1ee9ng nh\u1eadn n\u0103ng l\u01b0\u1ee3ng<\/strong><\/h3>\n<p><img loading=\"lazy\" decoding=\"async\" class=\"aligncenter wp-image-58832 size-large\" src=\"https:\/\/tivixiaomi.co\/wp-content\/uploads\/2020\/01\/Tivi-55-17-1024x683.jpg\" alt=\"tivi xiaomi 55inch phi\u00ean b\u1ea3n qu\u1ed1c t\u1ebf\" width=\"1024\" height=\"683\" srcset=\"https:\/\/tivixiaomi.co\/wp-content\/uploads\/2020\/01\/Tivi-55-17-1024x683.jpg 1024w, https:\/\/tivixiaomi.co\/wp-content\/uploads\/2020\/01\/Tivi-55-17-jpg-150x100.webp 150w, https:\/\/tivixiaomi.co\/wp-content\/uploads\/2020\/01\/Tivi-55-17-600x400.jpg 600w, https:\/\/tivixiaomi.co\/wp-content\/uploads\/2020\/01\/Tivi-55-17-300x200.jpg 300w, https:\/\/tivixiaomi.co\/wp-content\/uploads\/2020\/01\/Tivi-55-17-768x512.jpg 768w, https:\/\/tivixiaomi.co\/wp-content\/uploads\/2020\/01\/Tivi-55-17-1536x1024.jpg 1536w, https:\/\/tivixiaomi.co\/wp-content\/uploads\/2020\/01\/Tivi-55-17-jpg.webp 1624w\" sizes=\"(max-width: 1024px) 100vw, 1024px\" \/><\/p>\n<p>&nbsp;<\/p>\n<h3 class=\"title3\">\u0110\u01b0\u1ee3c Netflix v\u00e0 Prime Video\u00a0ch\u00ednh th\u1ee9c ph\u00ea duy\u1ec7t<\/h3>\n<p class=\"text3\">S\u1ef1 ch\u1ea5p thu\u1eadn ch\u00ednh th\u1ee9c t\u1eeb hai n\u1ec1n t\u1ea3ng\u00a0ch\u00ednh\u00a0\u0111\u1ea3m b\u1ea3o n\u1ed9i dung ch\u1ea5t l\u01b0\u1ee3ng h\u00e0ng \u0111\u1ea7u th\u1ebf gi\u1edbi. Tr\u1ee3 l\u00fd Google<br \/>\nAndroid TV hi\u1ec7n \u0111i k\u00e8m v\u1edbi b\u1ea1n Tr\u1ee3 l\u00fd Google \u0111\u01b0\u1ee3c t\u00edch h\u1ee3p s\u1eb5n \u0110i\u1ec1u khi\u1ec3n nh\u00e0 th\u00f4ng minh. \u0110i\u1ec1u khi\u1ec3n b\u1eb1ng gi\u1ecdng n\u00f3i d\u1ec5 d\u00e0ng mang \u0111\u1ebfn c\u00f4ng ngh\u1ec7 th\u00f4ng minh, hi\u1ec7u qu\u1ea3 cho cu\u1ed9c s\u1ed1ng c\u1ee7a b\u1ea1n. V\u1edbi Chromecast, b\u1ea1n c\u00f3 th\u1ec3 chi\u1ebfu m\u00e0n h\u00ecnh \u0111i\u1ec7n tho\u1ea1i l\u00ean TV. H\u1ec7 \u0111i\u1ec1u h\u00e0nh Android TV \u0111\u1ea7y \u0111\u1ee7 t\u00ednh n\u0103ng.<\/p>\n<p><img loading=\"lazy\" decoding=\"async\" class=\"aligncenter wp-image-58779 size-full\" src=\"https:\/\/tivixiaomi.co\/wp-content\/uploads\/2020\/12\/z2240438491798_f2f3470c7c99ccd1828696bce1a960a2.jpg\" alt=\"\" width=\"890\" height=\"389\" \/><\/p>\n<h3><\/h3>\n<h3 class=\"title4\">Nhi\u1ec1u c\u1ed5ng k\u1ebft n\u1ed1i\u00a0\u0110\u00e1p \u1ee9ng m\u1ecdi y\u00eau c\u1ea7u kinh doanh v\u00e0 gi\u1ea3i tr\u00ed c\u1ee7a b\u1ea1n<\/h3>\n<p><img loading=\"lazy\" decoding=\"async\" class=\"aligncenter wp-image-58771 size-large\" src=\"https:\/\/tivixiaomi.co\/wp-content\/uploads\/2020\/12\/11cb-1024x683.png\" alt=\"tivi xiaomi 55inch phi\u00ean b\u1ea3n qu\u1ed1c t\u1ebf\" width=\"1024\" height=\"683\" srcset=\"https:\/\/tivixiaomi.co\/wp-content\/uploads\/2020\/12\/11cb-1024x683.png 1024w, https:\/\/tivixiaomi.co\/wp-content\/uploads\/2020\/12\/11cb-150x100.png 150w, https:\/\/tivixiaomi.co\/wp-content\/uploads\/2020\/12\/11cb-600x400.png 600w, https:\/\/tivixiaomi.co\/wp-content\/uploads\/2020\/12\/11cb-300x200.png 300w, https:\/\/tivixiaomi.co\/wp-content\/uploads\/2020\/12\/11cb-768x512.png 768w, https:\/\/tivixiaomi.co\/wp-content\/uploads\/2020\/12\/11cb-1536x1024.png 1536w, https:\/\/tivixiaomi.co\/wp-content\/uploads\/2020\/12\/11cb-2048x1365.png 2048w\" sizes=\"(max-width: 1024px) 100vw, 1024px\" \/><\/p>\n<h3><\/h3>\n<h3><strong>C\u1ea5u h\u00ecnh v\u01b0\u1ee3t tr\u1ed9i c\u1ee7a Mi LED TV 4S 55 inch Global<\/strong><\/h3>\n<p style=\"text-align: justify;\">\u0110\u1ed1i v\u1edbi phi\u00ean b\u1ea3n qu\u1ed1c t\u1ebf n\u00e0y th\u00ec c\u00f3 t\u1edbi 3 c\u1ed5ng USB v\u00e0 3 c\u1ed5ng HDMI, v\u00e0 \u1edf \u0111\u00e2y ch\u00fang ta s\u1ebd c\u00f3 \u0111\u01b0\u1ee3c m\u1ed9t s\u1ef1 b\u1ed5 sung \u0111\u00f3 l\u00e0 m\u1ed9t c\u1ed5ng k\u1ebft n\u1ed1i quang h\u1ecdc optical v\u00e0 k\u1ebft n\u1ed1i jack 3.5mm \u0111\u1ec3 c\u00f3 th\u1ec3 xu\u1ea5t \u00e2m thanh ra ngo\u00e0i, \u0111i k\u00e8m v\u1edbi \u0111\u00f3 l\u00e0 m\u1ed9t khe th\u1ebb comment interface. Ti\u1ebfp \u0111\u1ebfn v\u1edbi khu v\u1ef1c b\u00ean d\u01b0\u1edbi th\u00ec ch\u00fang ta c\u00f3 m\u1ed9t c\u1ed5ng anten, m\u1ed9t b\u1ed9 c\u1ed5ng AV\u2026 v\u00e0 cu\u1ed1i c\u00f9ng l\u00e0 m\u1ed9t c\u1ed5ng m\u1ea1ng LAN.<\/p>\n<p>Phi\u00ean b\u1ea3n m\u1edbi nh\u1ea5t cho ph\u00e9p b\u1ea1n t\u1eaft t\u00f9y ch\u1ecdn &#8220;C\u1eadp nh\u1eadt th\u00f4ng minh&#8221; (khuy\u1ebfn kh\u00edch b\u1eadt) \u0111\u1ec3 h\u1ee7y c\u1eadp nh\u1eadt ROM t\u1ef1 \u0111\u1ed9ng. \u0110\u1ec3 c\u1ea3i thi\u1ec7n d\u1ecbch v\u1ee5 c\u1ee7a ch\u00fang t\u00f4i cho b\u1ea1n v\u00e0 hi\u1ec3u r\u00f5 h\u01a1n v\u1ec1 h\u1ec7 th\u1ed1ng AI c\u1ee7a b\u1ea1n, m\u1ed9t s\u1ed1 \u1ee9ng d\u1ee5ng hi\u1ec7n c\u00f3 c\u1ee7a b\u1ea1n s\u1ebd \u0111\u01b0\u1ee3c t\u1ef1 \u0111\u1ed9ng c\u1eadp nh\u1eadt.<\/p>\n<p>&nbsp;<\/p>\n<p>&nbsp;<\/p>\n","protected":false},"excerpt":{"rendered":"<ul>\n<li>D\u00f2ng 4S Global Series<\/li>\n<li>M\u00e0n h\u00ecnh: 4K<\/li>\n<li>RAM: 2GB<\/li>\n<li>Dung l\u01b0\u1ee3ng: 16GB<\/li>\n<\/ul>\n","protected":false},"featured_media":63103,"comment_status":"open","ping_status":"closed","template":"","meta":[],"product_brand":[],"product_cat":[27],"product_tag":[],"class_list":{"0":"post-49870","1":"product","2":"type-product","3":"status-publish","4":"has-post-thumbnail","6":"product_cat-chua-phan-loai","8":"first","9":"outofstock","10":"sale","11":"shipping-taxable","12":"purchasable","13":"product-type-simple"},"_links":{"self":[{"href":"https:\/\/tivixiaomi.co\/en\/wp-json\/wp\/v2\/product\/49870"}],"collection":[{"href":"https:\/\/tivixiaomi.co\/en\/wp-json\/wp\/v2\/product"}],"about":[{"href":"https:\/\/tivixiaomi.co\/en\/wp-json\/wp\/v2\/types\/product"}],"replies":[{"embeddable":true,"href":"https:\/\/tivixiaomi.co\/en\/wp-json\/wp\/v2\/comments?post=49870"}],"version-history":[{"count":1,"href":"https:\/\/tivixiaomi.co\/en\/wp-json\/wp\/v2\/product\/49870\/revisions"}],"predecessor-version":[{"id":69828,"href":"https:\/\/tivixiaomi.co\/en\/wp-json\/wp\/v2\/product\/49870\/revisions\/69828"}],"wp:featuredmedia":[{"embeddable":true,"href":"https:\/\/tivixiaomi.co\/en\/wp-json\/wp\/v2\/media\/63103"}],"wp:attachment":[{"href":"https:\/\/tivixiaomi.co\/en\/wp-json\/wp\/v2\/media?parent=49870"}],"wp:term":[{"taxonomy":"product_brand","embeddable":true,"href":"https:\/\/tivixiaomi.co\/en\/wp-json\/wp\/v2\/product_brand?post=49870"},{"taxonomy":"product_cat","embeddable":true,"href":"https:\/\/tivixiaomi.co\/en\/wp-json\/wp\/v2\/product_cat?post=49870"},{"taxonomy":"product_tag","embeddable":true,"href":"https:\/\/tivixiaomi.co\/en\/wp-json\/wp\/v2\/product_tag?post=49870"}],"curies":[{"name":"wp","href":"https:\/\/api.w.org\/{rel}","templated":true}]}}