{"id":49875,"date":"2020-01-23T13:03:45","date_gmt":"2020-01-23T06:03:45","guid":{"rendered":"https:\/\/tivixiaomi.co\/?post_type=product&#038;p=49875"},"modified":"2024-07-06T16:56:40","modified_gmt":"2024-07-06T09:56:40","slug":"mitv-4a32","status":"publish","type":"product","link":"https:\/\/tivixiaomi.co\/en\/tivi\/mitv-4a32\/","title":{"rendered":"Mi LED TV 4A 32&#8221; Global (\u0111\u00e3 bao g\u1ed3m VAT)"},"content":{"rendered":"<p style=\"text-align: justify;\">Smart Tivi Xiaomi 32 inch (Mi LED TV 4A 32&#8243; Global) Gi\u00e1 r\u1ebb t\u1ea1i H\u00e0 N\u1ed9i, TP.HCM. Mi\u1ec5n ph\u00ed l\u1eafp \u0111\u1eb7t, H\u1ed7 tr\u1ee3 v\u1eadn chuy\u1ec3n trong n\u1ed9i th\u00e0nh, Hotline: 0984.311.230. Phi\u00ean b\u1ea3n qu\u1ed1c t\u1ebf \u0111\u1ed9c quy\u1ec1n t\u1ea1i Vi\u1ec7t Nam ch\u1ec9 c\u00f3 t\u1ea1i Tivixiaomi.com.<\/p>\n<p style=\"text-align: center;\"><strong>Video \u0111\u00e1nh gi\u00e1 Tivi Xiaomi Mi TV 4A 32 Qu\u1ed1c T\u1ebf\u00a0<\/strong><\/p>\n<p>https:\/\/www.youtube.com\/watch?v=NaMrLV0qeAY&#038;t=11s<\/p>\n<p>Ch\u00e0o m\u1eebng c\u00e1c b\u1ea1n \u0111\u00e3 quay tr\u1edf l\u1ea1i v\u1edbi Tivixiaomi.com v\u00e0 t\u1eeb tr\u01b0\u1edbc \u0111\u1ebfn gi\u1edd ch\u00fang t\u00f4i \u0111\u00e3 g\u1eedi t\u1edbi c\u00e1c b\u1ea1n r\u1ea5t nhi\u1ec1u video gi\u1edbi thi\u1ec7u v\u1ec1 c\u00e1c m\u1eabu tivi c\u1ee7a Tivixiaomi r\u1ed3i \u0111\u00fang kh\u00f4ng n\u00e0o, tuy nhi\u00ean h\u1ea7u h\u1ebft c\u00e1c m\u1eabu tivi trong s\u1ed1 \u0111\u00f3 l\u00e0 nh\u1eefng m\u1eabu tivi n\u1ed9i \u0111\u1ecba t\u1eeb Trung Qu\u1ed1c n\u00ean s\u1ebd c\u00f3 \u1edf nh\u1eefng h\u1ea1n ch\u1ebf, v\u00ed d\u1ee5 nh\u01b0: v\u1ec1 ng\u00f4n ng\u1eef, t\u00ecm ki\u1ebfm gi\u1ecdng n\u00f3i..v.v..<\/p>\n<h2 style=\"text-align: justify;\"><img fetchpriority=\"high\" decoding=\"async\" class=\"aligncenter wp-image-58791 size-large\" src=\"https:\/\/tivixiaomi.co\/wp-content\/uploads\/2020\/01\/Tivi-32-1-1024x683.jpg\" alt=\"tivi xiaomi 32inch phi\u00ean b\u1ea3n qu\u1ed1c t\u1ebf 4a 32 global\" width=\"1024\" height=\"683\" srcset=\"https:\/\/tivixiaomi.co\/wp-content\/uploads\/2020\/01\/Tivi-32-1-1024x683.jpg 1024w, https:\/\/tivixiaomi.co\/wp-content\/uploads\/2020\/01\/Tivi-32-1-scaled-jpg-150x100.webp 150w, https:\/\/tivixiaomi.co\/wp-content\/uploads\/2020\/01\/Tivi-32-1-600x400.jpg 600w, https:\/\/tivixiaomi.co\/wp-content\/uploads\/2020\/01\/Tivi-32-1-300x200.jpg 300w, https:\/\/tivixiaomi.co\/wp-content\/uploads\/2020\/01\/Tivi-32-1-768x512.jpg 768w, https:\/\/tivixiaomi.co\/wp-content\/uploads\/2020\/01\/Tivi-32-1-1536x1024.jpg 1536w, https:\/\/tivixiaomi.co\/wp-content\/uploads\/2020\/01\/Tivi-32-1-2048x1365.jpg 2048w\" sizes=\"(max-width: 1024px) 100vw, 1024px\" \/><\/h2>\n<h2><strong>Ph\u1ee5 ki\u1ec7n \u0111i k\u00e8m bao g\u1ed3m:<\/strong><\/h2>\n<p><img decoding=\"async\" class=\"aligncenter wp-image-58797 size-large\" src=\"https:\/\/tivixiaomi.co\/wp-content\/uploads\/2020\/01\/Tivi-32-7-1024x682.jpg\" alt=\"tivi xiaomi 32inch phi\u00ean b\u1ea3n qu\u1ed1c t\u1ebf 4a 32 global\" width=\"1024\" height=\"682\" srcset=\"https:\/\/tivixiaomi.co\/wp-content\/uploads\/2020\/01\/Tivi-32-7-1024x682.jpg 1024w, https:\/\/tivixiaomi.co\/wp-content\/uploads\/2020\/01\/Tivi-32-7-scaled-jpg-150x100.webp 150w, https:\/\/tivixiaomi.co\/wp-content\/uploads\/2020\/01\/Tivi-32-7-600x400.jpg 600w, https:\/\/tivixiaomi.co\/wp-content\/uploads\/2020\/01\/Tivi-32-7-300x200.jpg 300w, https:\/\/tivixiaomi.co\/wp-content\/uploads\/2020\/01\/Tivi-32-7-768x512.jpg 768w, https:\/\/tivixiaomi.co\/wp-content\/uploads\/2020\/01\/Tivi-32-7-1536x1024.jpg 1536w, https:\/\/tivixiaomi.co\/wp-content\/uploads\/2020\/01\/Tivi-32-7-2048x1365.jpg 2048w\" sizes=\"(max-width: 1024px) 100vw, 1024px\" \/><\/p>\n<h2><strong>Thi\u1ebft k\u1ebf c\u1ee7a Tivi MI LED 4A 32 inch\u00a0 Global<\/strong><\/h2>\n<p><img decoding=\"async\" class=\"aligncenter wp-image-58790 size-large\" src=\"https:\/\/tivixiaomi.co\/wp-content\/uploads\/2020\/01\/z2239961427046_4b62c401a5340efaff99034e0ffa8458-1024x683.jpg\" alt=\"tivi xiaomi 32inch phi\u00ean b\u1ea3n qu\u1ed1c t\u1ebf 4a 32 global\" width=\"1024\" height=\"683\" srcset=\"https:\/\/tivixiaomi.co\/wp-content\/uploads\/2020\/01\/z2239961427046_4b62c401a5340efaff99034e0ffa8458-1024x683.jpg 1024w, https:\/\/tivixiaomi.co\/wp-content\/uploads\/2020\/01\/z2239961427046_4b62c401a5340efaff99034e0ffa8458-scaled-jpg-150x100.webp 150w, https:\/\/tivixiaomi.co\/wp-content\/uploads\/2020\/01\/z2239961427046_4b62c401a5340efaff99034e0ffa8458-600x400.jpg 600w, https:\/\/tivixiaomi.co\/wp-content\/uploads\/2020\/01\/z2239961427046_4b62c401a5340efaff99034e0ffa8458-300x200.jpg 300w, https:\/\/tivixiaomi.co\/wp-content\/uploads\/2020\/01\/z2239961427046_4b62c401a5340efaff99034e0ffa8458-768x512.jpg 768w, https:\/\/tivixiaomi.co\/wp-content\/uploads\/2020\/01\/z2239961427046_4b62c401a5340efaff99034e0ffa8458-1536x1024.jpg 1536w, https:\/\/tivixiaomi.co\/wp-content\/uploads\/2020\/01\/z2239961427046_4b62c401a5340efaff99034e0ffa8458-2048x1365.jpg 2048w\" sizes=\"(max-width: 1024px) 100vw, 1024px\" \/><\/p>\n<p>Ch\u00fang ta s\u1ebd c\u00f3 \u1edf \u0111\u00e2y khung vi\u1ec1n xung quanh ho\u00e0n to\u00e0n \u0111\u01b0\u1ee3c l\u00e0m b\u1eb1ng nh\u1ef1a v\u00e0 ph\u1ea7n nh\u1ef1a n\u00e0y \u0111\u00e3 \u0111\u01b0\u1ee3c ho\u00e0n thi\u1ec7n r\u1ea5t t\u1ed1t. Ph\u1ea7n vi\u1ec1n m\u00e0n h\u00ecnh tr\u01b0\u1edbc \u0111\u01b0\u1ee3c l\u00e0m t\u01b0\u01a1ng \u0111\u1ed1i l\u00e0 m\u1ecfng, ch\u1ec9 l\u00e0 t\u01b0\u01a1ng \u0111\u1ed1i m\u00e0 th\u00f4i khi so s\u00e1nh n\u00f3 v\u1edbi to\u00e0n b\u1ed9 t\u1ed5ng th\u1ec3 c\u1ee7a c\u1ea3 chi\u1ebfc Tivi n\u00e0y.<\/p>\n<p><img loading=\"lazy\" decoding=\"async\" class=\"aligncenter wp-image-58805 size-large\" src=\"https:\/\/tivixiaomi.co\/wp-content\/uploads\/2020\/01\/Tivi-32-16-1024x683.jpg\" alt=\"tivi xiaomi 32inch phi\u00ean b\u1ea3n qu\u1ed1c t\u1ebf 4a 32 global\" width=\"1024\" height=\"683\" srcset=\"https:\/\/tivixiaomi.co\/wp-content\/uploads\/2020\/01\/Tivi-32-16-1024x683.jpg 1024w, https:\/\/tivixiaomi.co\/wp-content\/uploads\/2020\/01\/Tivi-32-16-scaled-jpg-150x100.webp 150w, https:\/\/tivixiaomi.co\/wp-content\/uploads\/2020\/01\/Tivi-32-16-600x400.jpg 600w, https:\/\/tivixiaomi.co\/wp-content\/uploads\/2020\/01\/Tivi-32-16-300x200.jpg 300w, https:\/\/tivixiaomi.co\/wp-content\/uploads\/2020\/01\/Tivi-32-16-768x512.jpg 768w, https:\/\/tivixiaomi.co\/wp-content\/uploads\/2020\/01\/Tivi-32-16-1536x1024.jpg 1536w, https:\/\/tivixiaomi.co\/wp-content\/uploads\/2020\/01\/Tivi-32-16-2048x1365.jpg 2048w\" sizes=\"(max-width: 1024px) 100vw, 1024px\" \/><\/p>\n<p style=\"text-align: justify;\"><span style=\"font-weight: 400;\">Ph\u1ea7n m\u1eb7t l\u01b0ng c\u0169ng \u0111\u01b0\u1ee3c ho\u00e0n thi\u1ec7n ho\u00e0n to\u00e0n b\u1eb1ng nh\u1ef1a, vi\u1ec7c s\u1eed d\u1ee5ng ch\u1ea5t li\u1ec7u nh\u1ef1a s\u1ebd gi\u00fap cho ng\u01b0\u1eddi d\u00f9ng ch\u1ed1ng b\u00e1m m\u1ed3 h\u00f4i tay v\u00e0 v\u1ebft b\u1ea9n trong qu\u00e1 tr\u00ecnh s\u1eed d\u1ee5ng s\u1ea3n ph\u1ea9m, v\u00e0 ch\u00fang ta c\u00f3 \u1edf \u0111\u00e2y ph\u1ea7n ch\u00ednh gi\u1eefa l\u00e0 v\u1ecb tr\u00ed c\u1ee7a 4 con \u1ed1c \u0111\u1ec3 c\u00f3 th\u1ec3 treo s\u1ea3n ph\u1ea9m l\u00ean v\u00e0 s\u1ea3n ph\u1ea9m n\u00e0y c\u00f3 l\u1ebd s\u1ebd r\u1ea5t ph\u00f9 h\u1ee3p v\u1edbi nh\u1eefng b\u00e1c t\u00e0i c\u00f3 nhu c\u1ea7u l\u1eafp m\u00e0n h\u00ecnh gi\u1ea3i tr\u00ed tr\u00ean xe kh\u00e1ch c\u1ee7a m\u00ecnh.\u00a0<\/span><\/p>\n<p><img loading=\"lazy\" decoding=\"async\" class=\"aligncenter wp-image-58800 size-large\" src=\"https:\/\/tivixiaomi.co\/wp-content\/uploads\/2020\/01\/Tivi-32-10-1024x683.jpg\" alt=\"tivi xiaomi 32inch phi\u00ean b\u1ea3n qu\u1ed1c t\u1ebf 4a 32 global\" width=\"1024\" height=\"683\" srcset=\"https:\/\/tivixiaomi.co\/wp-content\/uploads\/2020\/01\/Tivi-32-10-1024x683.jpg 1024w, https:\/\/tivixiaomi.co\/wp-content\/uploads\/2020\/01\/Tivi-32-10-scaled-jpg-150x100.webp 150w, https:\/\/tivixiaomi.co\/wp-content\/uploads\/2020\/01\/Tivi-32-10-600x400.jpg 600w, https:\/\/tivixiaomi.co\/wp-content\/uploads\/2020\/01\/Tivi-32-10-300x200.jpg 300w, https:\/\/tivixiaomi.co\/wp-content\/uploads\/2020\/01\/Tivi-32-10-768x512.jpg 768w, https:\/\/tivixiaomi.co\/wp-content\/uploads\/2020\/01\/Tivi-32-10-1536x1024.jpg 1536w, https:\/\/tivixiaomi.co\/wp-content\/uploads\/2020\/01\/Tivi-32-10-2048x1365.jpg 2048w\" sizes=\"(max-width: 1024px) 100vw, 1024px\" \/><\/p>\n<p><img loading=\"lazy\" decoding=\"async\" class=\"aligncenter wp-image-58802 size-large\" src=\"https:\/\/tivixiaomi.co\/wp-content\/uploads\/2020\/01\/Tivi-32-12-1024x683.jpg\" alt=\"tivi xiaomi 32inch phi\u00ean b\u1ea3n qu\u1ed1c t\u1ebf 4a 32 global\" width=\"1024\" height=\"683\" srcset=\"https:\/\/tivixiaomi.co\/wp-content\/uploads\/2020\/01\/Tivi-32-12-1024x683.jpg 1024w, https:\/\/tivixiaomi.co\/wp-content\/uploads\/2020\/01\/Tivi-32-12-scaled-jpg-150x100.webp 150w, https:\/\/tivixiaomi.co\/wp-content\/uploads\/2020\/01\/Tivi-32-12-600x400.jpg 600w, https:\/\/tivixiaomi.co\/wp-content\/uploads\/2020\/01\/Tivi-32-12-300x200.jpg 300w, https:\/\/tivixiaomi.co\/wp-content\/uploads\/2020\/01\/Tivi-32-12-768x512.jpg 768w, https:\/\/tivixiaomi.co\/wp-content\/uploads\/2020\/01\/Tivi-32-12-1536x1024.jpg 1536w, https:\/\/tivixiaomi.co\/wp-content\/uploads\/2020\/01\/Tivi-32-12-2048x1365.jpg 2048w\" sizes=\"(max-width: 1024px) 100vw, 1024px\" \/><\/p>\n<p><img loading=\"lazy\" decoding=\"async\" class=\"aligncenter wp-image-58803 size-large\" src=\"https:\/\/tivixiaomi.co\/wp-content\/uploads\/2020\/01\/Tivi-32-13-1024x683.jpg\" alt=\"tivi xiaomi 32inch phi\u00ean b\u1ea3n qu\u1ed1c t\u1ebf 4a 32 global\" width=\"1024\" height=\"683\" srcset=\"https:\/\/tivixiaomi.co\/wp-content\/uploads\/2020\/01\/Tivi-32-13-1024x683.jpg 1024w, https:\/\/tivixiaomi.co\/wp-content\/uploads\/2020\/01\/Tivi-32-13-scaled-jpg-150x100.webp 150w, https:\/\/tivixiaomi.co\/wp-content\/uploads\/2020\/01\/Tivi-32-13-600x400.jpg 600w, https:\/\/tivixiaomi.co\/wp-content\/uploads\/2020\/01\/Tivi-32-13-300x200.jpg 300w, https:\/\/tivixiaomi.co\/wp-content\/uploads\/2020\/01\/Tivi-32-13-768x512.jpg 768w, https:\/\/tivixiaomi.co\/wp-content\/uploads\/2020\/01\/Tivi-32-13-1536x1024.jpg 1536w, https:\/\/tivixiaomi.co\/wp-content\/uploads\/2020\/01\/Tivi-32-13-2048x1365.jpg 2048w\" sizes=\"(max-width: 1024px) 100vw, 1024px\" \/><\/p>\n<p style=\"text-align: justify;\"><span style=\"font-weight: 400;\">C\u00f3 m\u1ed9t \u0111i\u1ec3m r\u1ea5t \u1ea5n t\u01b0\u1ee3ng c\u1ee7a s\u1ea3n ph\u1ea9m \u0111\u00f3 ch\u00ednh l\u00e0 c\u00e1c c\u1ed5ng k\u1ebft n\u1ed1i r\u1ea5t \u0111\u1ea7y \u0111\u1ee7, ch\u00fang ta c\u00f3 2 c\u1ed5ng USB-A v\u00e0 3 c\u1ed5ng HDMI, k\u00e8m theo \u0111\u00f3 l\u00e0 c\u1ed5ng Antena v\u00e0 m\u1ed9t jack \u00e2m thanh 3.5mm, ngo\u00e0i ra c\u00f2n c\u00f3 c\u1ed5ng LAN v\u00e0 b\u1ed9 c\u1ed5ng AV r\u1ea5t \u0111\u1ea7y \u0111\u1ee7 ph\u1ea3i kh\u00f4ng n\u00e0o!<\/span><\/p>\n<h3>Thi\u1ebft k\u1ebf \u0111i\u1ec1u khi\u1ec3n th\u00f4ng minh<\/h3>\n<p><img loading=\"lazy\" decoding=\"async\" class=\"aligncenter wp-image-58856 size-large\" src=\"https:\/\/tivixiaomi.co\/wp-content\/uploads\/2020\/09\/VuongArts-25-1024x683.jpg\" alt=\"tivi xiaomi 32inch phi\u00ean b\u1ea3n qu\u1ed1c t\u1ebf 4a 32 global\" width=\"1024\" height=\"683\" srcset=\"https:\/\/tivixiaomi.co\/wp-content\/uploads\/2020\/09\/VuongArts-25-1024x683.jpg 1024w, https:\/\/tivixiaomi.co\/wp-content\/uploads\/2020\/09\/VuongArts-25-scaled-jpg-150x100.webp 150w, https:\/\/tivixiaomi.co\/wp-content\/uploads\/2020\/09\/VuongArts-25-600x400.jpg 600w, https:\/\/tivixiaomi.co\/wp-content\/uploads\/2020\/09\/VuongArts-25-300x200.jpg 300w, https:\/\/tivixiaomi.co\/wp-content\/uploads\/2020\/09\/VuongArts-25-768x512.jpg 768w, https:\/\/tivixiaomi.co\/wp-content\/uploads\/2020\/09\/VuongArts-25-1536x1024.jpg 1536w, https:\/\/tivixiaomi.co\/wp-content\/uploads\/2020\/09\/VuongArts-25-2048x1365.jpg 2048w\" sizes=\"(max-width: 1024px) 100vw, 1024px\" \/><\/p>\n<p><img loading=\"lazy\" decoding=\"async\" class=\"aligncenter wp-image-58855 size-large\" src=\"https:\/\/tivixiaomi.co\/wp-content\/uploads\/2020\/09\/VuongArts-24-1024x683.jpg\" alt=\"tivi xiaomi 32inch phi\u00ean b\u1ea3n qu\u1ed1c t\u1ebf 4a 32 global\" width=\"1024\" height=\"683\" srcset=\"https:\/\/tivixiaomi.co\/wp-content\/uploads\/2020\/09\/VuongArts-24-1024x683.jpg 1024w, https:\/\/tivixiaomi.co\/wp-content\/uploads\/2020\/09\/VuongArts-24-scaled-jpg-150x100.webp 150w, https:\/\/tivixiaomi.co\/wp-content\/uploads\/2020\/09\/VuongArts-24-600x400.jpg 600w, https:\/\/tivixiaomi.co\/wp-content\/uploads\/2020\/09\/VuongArts-24-300x200.jpg 300w, https:\/\/tivixiaomi.co\/wp-content\/uploads\/2020\/09\/VuongArts-24-768x512.jpg 768w, https:\/\/tivixiaomi.co\/wp-content\/uploads\/2020\/09\/VuongArts-24-1536x1024.jpg 1536w, https:\/\/tivixiaomi.co\/wp-content\/uploads\/2020\/09\/VuongArts-24-2048x1365.jpg 2048w\" sizes=\"(max-width: 1024px) 100vw, 1024px\" \/><\/p>\n<p>&nbsp;<\/p>\n<h3><strong>Ch\u1ee9ng nh\u1eadn n\u0103ng l\u01b0\u1ee3ng<\/strong><\/h3>\n<p><img loading=\"lazy\" decoding=\"async\" class=\"aligncenter wp-image-58829 size-large\" src=\"https:\/\/tivixiaomi.co\/wp-content\/uploads\/2020\/01\/Tivi-32-18-1024x683.jpg\" alt=\"tivi xiaomi 32inch phi\u00ean b\u1ea3n qu\u1ed1c t\u1ebf 4a 32 global\" width=\"1024\" height=\"683\" srcset=\"https:\/\/tivixiaomi.co\/wp-content\/uploads\/2020\/01\/Tivi-32-18-1024x683.jpg 1024w, https:\/\/tivixiaomi.co\/wp-content\/uploads\/2020\/01\/Tivi-32-18-jpg-150x100.webp 150w, https:\/\/tivixiaomi.co\/wp-content\/uploads\/2020\/01\/Tivi-32-18-600x400.jpg 600w, https:\/\/tivixiaomi.co\/wp-content\/uploads\/2020\/01\/Tivi-32-18-300x200.jpg 300w, https:\/\/tivixiaomi.co\/wp-content\/uploads\/2020\/01\/Tivi-32-18-768x512.jpg 768w, https:\/\/tivixiaomi.co\/wp-content\/uploads\/2020\/01\/Tivi-32-18-1536x1024.jpg 1536w, https:\/\/tivixiaomi.co\/wp-content\/uploads\/2020\/01\/Tivi-32-18-jpg.webp 1624w\" sizes=\"(max-width: 1024px) 100vw, 1024px\" \/><\/p>\n<p>&nbsp;<\/p>\n<h3 class=\"title3\">\u0110\u01b0\u1ee3c Netflix v\u00e0 Prime Video\u00a0ch\u00ednh th\u1ee9c ph\u00ea duy\u1ec7t<\/h3>\n<p class=\"text3\">S\u1ef1 ch\u1ea5p thu\u1eadn ch\u00ednh th\u1ee9c t\u1eeb hai n\u1ec1n t\u1ea3ng\u00a0ch\u00ednh\u00a0\u0111\u1ea3m b\u1ea3o n\u1ed9i dung ch\u1ea5t l\u01b0\u1ee3ng h\u00e0ng \u0111\u1ea7u th\u1ebf gi\u1edbi. Tr\u1ee3 l\u00fd Google<br \/>\nAndroid TV hi\u1ec7n \u0111i k\u00e8m v\u1edbi b\u1ea1n Tr\u1ee3 l\u00fd Google \u0111\u01b0\u1ee3c t\u00edch h\u1ee3p s\u1eb5n \u0111i\u1ec1u khi\u1ec3n nh\u00e0 th\u00f4ng minh. \u0110i\u1ec1u khi\u1ec3n b\u1eb1ng gi\u1ecdng n\u00f3i d\u1ec5 d\u00e0ng mang \u0111\u1ebfn c\u00f4ng ngh\u1ec7 th\u00f4ng minh, hi\u1ec7u qu\u1ea3 cho cu\u1ed9c s\u1ed1ng c\u1ee7a b\u1ea1n. V\u1edbi Chromecast, b\u1ea1n c\u00f3 th\u1ec3 chi\u1ebfu m\u00e0n h\u00ecnh \u0111i\u1ec7n tho\u1ea1i l\u00ean TV. H\u1ec7 \u0111i\u1ec1u h\u00e0nh Android TV \u0111\u1ea7y \u0111\u1ee7 t\u00ednh n\u0103ng.<\/p>\n<p><img loading=\"lazy\" decoding=\"async\" class=\"aligncenter wp-image-58779 size-full\" src=\"https:\/\/tivixiaomi.co\/wp-content\/uploads\/2020\/12\/z2240438491798_f2f3470c7c99ccd1828696bce1a960a2.jpg\" alt=\"\" width=\"890\" height=\"389\" \/><\/p>\n<h3 style=\"text-align: justify;\">Nh\u1eefng tinh n\u0103ng n\u1ed5i b\u1eadt c\u1ee7a Tivi Xiaomi Mi TV 4A 32 Qu\u1ed1c T\u1ebf<\/h3>\n<p style=\"text-align: justify;\"><span style=\"font-weight: 400;\">Tuy ch\u1ec9 l\u00e0 s\u1ea3n ph\u1ea9m c\u00f3 k\u00edch th\u01b0\u1edbc 32 inches Tivi Xiaomi Mi TV 4A 32 Qu\u1ed1c T\u1ebf v\u1eabn h\u1ed7 tr\u1ee3 chu\u1ea9n \u00e2m thanh dolby Atmos v\u00e0 DTSHD t\u01b0\u01a1ng t\u1ef1 nh\u01b0 nh\u1eefng m\u1eabu tivi cao c\u1ea5p c\u1ee7a Xiaomi. <\/span><span style=\"font-weight: 400;\">Quay tr\u1edf l\u1ea1i v\u1edbi s\u1ea3n ph\u1ea9m c\u00f3 k\u00edch th\u01b0\u1edbc 32 inches v\u1edbi \u0111\u1ed9 ph\u00e2n gi\u1ea3i HD 1366 x 678. V\u00e0 n\u1ebfu nh\u01b0 b\u1ea1n \u0111ang lo l\u1eafng v\u1ec1 \u0111\u1ed9 s\u1eafc n\u00e9t v\u1edbi s\u1ea3n ph\u1ea9m n\u00e0y th\u00ec \u0111\u1eebng b\u1eadn t\u1eadm, v\u00ec v\u1edbi m\u1ed9t m\u00e0n h\u00ecnh ch\u1ec9 32 inches th\u00ec ch\u1ea5t l\u01b0\u1ee3ng hi\u1ec3n th\u1ecb c\u1ee7a s\u1ea3n ph\u1ea9m l\u00e0 r\u1ea5t t\u1ed1t.\u00a0<\/span><\/p>\n<p><img loading=\"lazy\" decoding=\"async\" class=\"aligncenter wp-image-58807 size-large\" src=\"https:\/\/tivixiaomi.co\/wp-content\/uploads\/2020\/01\/Tivi-32-12-1-1024x683.jpg\" alt=\"tivi xiaomi 32inch phi\u00ean b\u1ea3n qu\u1ed1c t\u1ebf 4a 32 global\" width=\"1024\" height=\"683\" srcset=\"https:\/\/tivixiaomi.co\/wp-content\/uploads\/2020\/01\/Tivi-32-12-1-1024x683.jpg 1024w, https:\/\/tivixiaomi.co\/wp-content\/uploads\/2020\/01\/Tivi-32-12-1-scaled-jpg-150x100.webp 150w, https:\/\/tivixiaomi.co\/wp-content\/uploads\/2020\/01\/Tivi-32-12-1-600x400.jpg 600w, https:\/\/tivixiaomi.co\/wp-content\/uploads\/2020\/01\/Tivi-32-12-1-300x200.jpg 300w, https:\/\/tivixiaomi.co\/wp-content\/uploads\/2020\/01\/Tivi-32-12-1-768x512.jpg 768w, https:\/\/tivixiaomi.co\/wp-content\/uploads\/2020\/01\/Tivi-32-12-1-1536x1024.jpg 1536w, https:\/\/tivixiaomi.co\/wp-content\/uploads\/2020\/01\/Tivi-32-12-1-2048x1365.jpg 2048w\" sizes=\"(max-width: 1024px) 100vw, 1024px\" \/><\/p>\n<h3><strong>C\u1ea5u h\u00ecnh v\u01b0\u1ee3t tr\u1ed9i c\u1ee7a Mi LED TV 4A 32 inch Global<\/strong><\/h3>\n<p>B\u1ed9 x\u1eed l\u00fd l\u00f5i t\u1ee9 64-bit \u0111\u1ec3 x\u1eed l\u00fd nhanh h\u01a1n, b\u1ed9 nh\u1edb l\u1edbn 1.5GB + 8GB cho nhi\u1ec1u \u1ee9ng d\u1ee5ng h\u01a1n, h\u1ed5 tr\u1ee3 Bluetooth 4.2, ti\u00eau th\u1ee5 \u0111i\u1ec7n n\u0103ng th\u1ea5p v\u00e0 Wi-Fi h\u1ed7 tr\u1ee3 2.4GHz \/ 5GHz<\/p>\n<p>Phi\u00ean b\u1ea3n m\u1edbi nh\u1ea5t cho ph\u00e9p b\u1ea1n t\u1eaft t\u00f9y ch\u1ecdn &#8220;C\u1eadp nh\u1eadt th\u00f4ng minh&#8221; (khuy\u1ebfn kh\u00edch b\u1eadt) \u0111\u1ec3 h\u1ee7y c\u1eadp nh\u1eadt ROM t\u1ef1 \u0111\u1ed9ng. \u0110\u1ec3 c\u1ea3i thi\u1ec7n d\u1ecbch v\u1ee5 c\u1ee7a ch\u00fang t\u00f4i cho b\u1ea1n v\u00e0 hi\u1ec3u r\u00f5 h\u01a1n v\u1ec1 h\u1ec7 th\u1ed1ng AI c\u1ee7a b\u1ea1n, m\u1ed9t s\u1ed1 \u1ee9ng d\u1ee5ng hi\u1ec7n c\u00f3 c\u1ee7a b\u1ea1n s\u1ebd \u0111\u01b0\u1ee3c t\u1ef1 \u0111\u1ed9ng c\u1eadp nh\u1eadt.<\/p>\n<p style=\"text-align: justify;\">\n","protected":false},"excerpt":{"rendered":"<ul>\n<li>D\u00f2ng 4A Global Series<\/li>\n<li>M\u00e0n h\u00ecnh: HD<\/li>\n<li>RAM: 1.5GB<\/li>\n<li>Dung l\u01b0\u1ee3ng: 8GB<\/li>\n<\/ul>\n","protected":false},"featured_media":63087,"comment_status":"open","ping_status":"closed","template":"","meta":[],"product_brand":[],"product_cat":[27],"product_tag":[],"class_list":{"0":"post-49875","1":"product","2":"type-product","3":"status-publish","4":"has-post-thumbnail","6":"product_cat-chua-phan-loai","8":"first","9":"outofstock","10":"sale","11":"shipping-taxable","12":"purchasable","13":"product-type-simple"},"_links":{"self":[{"href":"https:\/\/tivixiaomi.co\/en\/wp-json\/wp\/v2\/product\/49875"}],"collection":[{"href":"https:\/\/tivixiaomi.co\/en\/wp-json\/wp\/v2\/product"}],"about":[{"href":"https:\/\/tivixiaomi.co\/en\/wp-json\/wp\/v2\/types\/product"}],"replies":[{"embeddable":true,"href":"https:\/\/tivixiaomi.co\/en\/wp-json\/wp\/v2\/comments?post=49875"}],"version-history":[{"count":0,"href":"https:\/\/tivixiaomi.co\/en\/wp-json\/wp\/v2\/product\/49875\/revisions"}],"wp:featuredmedia":[{"embeddable":true,"href":"https:\/\/tivixiaomi.co\/en\/wp-json\/wp\/v2\/media\/63087"}],"wp:attachment":[{"href":"https:\/\/tivixiaomi.co\/en\/wp-json\/wp\/v2\/media?parent=49875"}],"wp:term":[{"taxonomy":"product_brand","embeddable":true,"href":"https:\/\/tivixiaomi.co\/en\/wp-json\/wp\/v2\/product_brand?post=49875"},{"taxonomy":"product_cat","embeddable":true,"href":"https:\/\/tivixiaomi.co\/en\/wp-json\/wp\/v2\/product_cat?post=49875"},{"taxonomy":"product_tag","embeddable":true,"href":"https:\/\/tivixiaomi.co\/en\/wp-json\/wp\/v2\/product_tag?post=49875"}],"curies":[{"name":"wp","href":"https:\/\/api.w.org\/{rel}","templated":true}]}}