{"id":54046,"date":"2020-03-12T21:15:50","date_gmt":"2020-03-12T14:15:50","guid":{"rendered":"https:\/\/tivixiaomi.co\/?post_type=product&#038;p=54046"},"modified":"2024-09-04T13:01:51","modified_gmt":"2024-09-04T06:01:51","slug":"smart-tivi-xiaomi-5-pro-75-inch-mi-tv-5-pro-75","status":"publish","type":"product","link":"https:\/\/tivixiaomi.co\/en\/tivi\/smart-tivi-xiaomi-5-pro-75-inch-mi-tv-5-pro-75\/","title":{"rendered":"Smart Tivi Xiaomi 5 PRO 75 inch (Mi TV 5 PRO 75)"},"content":{"rendered":"<p style=\"text-align: justify;\">Smart Tivi Xiaomi 5 PRO 75 inch (Mi TV 5 PRO 75) Gi\u00e1 r\u1ebb t\u1ea1i H\u00e0 N\u1ed9i, TP.HCM. Mi\u1ec5n ph\u00ed l\u1eafp \u0111\u1eb7t, H\u1ed7 tr\u1ee3 v\u1eadn chuy\u1ec3n trong n\u1ed9i th\u00e0nh, Hotline: 0984.311.230. Nh\u01b0 v\u1eady l\u00e0 chi\u1ebfc Tivi Mi Tivi 5 Pro 75 inches \u0111\u00e3 ch\u00ednh th\u1ee9c \u0111\u01b0\u1ee3c tivixiaomi.com \u0111\u01b0a v\u1ec1 Vi\u1ec7t Nam \u0111\u1ea7u ti\u00ean, \u0111\u00e2y l\u00e0 phi\u00ean b\u1ea3n \u0111\u01b0\u1ee3c n\u00e2ng c\u1ea5p v\u1ec1 m\u1eb7t k\u00edch th\u01b0\u1edbc. V\u1edbi k\u00edch th\u01b0\u1edbc m\u00e0n h\u00ecnh l\u1edbn \u0111\u00e2y h\u1ee9a h\u1eb9n s\u1ebd l\u00e0 m\u1ed9t s\u1ea3n ph\u1ea9m mang l\u1ea1i nhi\u1ec1u tr\u1ea3i nghi\u1ec7m gi\u1ea3i tr\u00ed th\u00fa v\u1ecb v\u1edbi nhi\u1ec1u c\u00f4ng ngh\u1ec7 m\u1edbi \u0111\u01b0\u1ee3c t\u00edch h\u1ee3p tr\u00ean s\u1ea3n ph\u1ea9m n\u00e0y. \u0110\u1eb7c bi\u1ec7t h\u01a1n c\u1ea3 t\u1ea5m n\u1ec1n \u0111\u01b0\u1ee3c s\u1eed d\u1ee5ng \u0111\u00f3 ch\u00ednh l\u00e0 t\u1ea5m n\u1ec1n QLED \u0111\u1ebfn t\u1eeb m\u1ed9t th\u01b0\u01a1ng hi\u1ec7u l\u1edbn nh\u01b0 Samsung. N\u00e0o kh\u00f4ng \u0111\u1ec3 c\u00e1c b\u1ea1n ph\u1ea3i ch\u1edd l\u00e2u n\u1eefa ch\u00fang ta h\u00e3y c\u00f9ng kh\u00e1m ph\u00e1 s\u1ea3n ph\u1ea9m Tivi Mi Tivi 5 Pro 75 inches xem c\u00f3 nh\u1eefng thay \u0111\u1ed5i v\u00e0 t\u1ea1i sao n\u00f3 l\u1ea1i \u0111\u00e1ng mua nh\u00e9.<\/p>\n<p style=\"text-align: justify;\"><strong>Video \u0111\u00e1nh gi\u00e1 nhanh s\u1ea3n ph\u1ea9m Smart Tivi Xiaomi 5 PRO 75 inch (Mi TV 5 PRO 75)<\/strong><\/p>\n<p><iframe title=\"Mi TV 5 PRO 75 inches \u2022 TiviXiaomi.Com\" width=\"640\" height=\"360\" src=\"https:\/\/www.youtube.com\/embed\/JxEyZcB6rxA?feature=oembed\" frameborder=\"0\" allow=\"accelerometer; autoplay; clipboard-write; encrypted-media; gyroscope; picture-in-picture; web-share\" referrerpolicy=\"strict-origin-when-cross-origin\" allowfullscreen><\/iframe><\/p>\n<h2 class=\"p1\" style=\"text-align: justify;\">\u0110\u00e1nh gi\u00e1 nhanh thi\u1ebft k\u1ebf c\u1ee7a Tivi Mi Tivi 5 Pro 75 inches si\u00eau ph\u1ea9m l\u1edbn nh\u1ea5t c\u1ee7a d\u00f2ng Mi Tivi 5 Pro<\/h2>\n<p class=\"p1\" style=\"text-align: justify;\">\u0110\u1ed1i v\u1edbi d\u00f2ng s\u1ea3n ph\u1ea9m Mi TV 5 Pro m\u1edbi ra m\u1eaft v\u00e0o cu\u1ed1i n\u0103m ngo\u00e1i th\u00ec \u0111\u00e2y \u0111\u00e3 tr\u1edf th\u00e0nh m\u1ed9t trong nh\u1eefng d\u00f2ng s\u1ea3n ph\u1ea9m MiTV \u0111\u00e1ng mua nh\u1ea5t t\u1eeb tr\u01b0\u1edbc t\u1edbi nay. Khi m\u00e0 n\u00f3 mang cho m\u00ecnh r\u1ea5t nhi\u1ec1u s\u1ef1 c\u1ea3i thi\u1ec7n t\u1eeb ph\u1ea7n thi\u1ebft k\u1ebf b\u00ean ngo\u00e0i, cho \u0111\u1ebfn c\u1ea5u h\u00ecnh v\u00e0 t\u00ednh n\u0103ng ph\u00eda b\u00ean trong. M\u00e0 trong khi \u0111\u1ea5y th\u00ec m\u1ee9c gi\u00e1 th\u00ec g\u1ea7n nh\u01b0 l\u00e0 kh\u00f4ng h\u1ec1 thay \u0111\u1ed5i so v\u1edbi c\u00e1c th\u1ebf h\u1ec7 \u0111i tr\u01b0\u1edbc, v\u00e0 ch\u1ec9 ri\u00eang v\u1edbi d\u00f2ng s\u1ea3n ph\u1ea9m <a href=\"https:\/\/tivixiaomi.co\/san-pham\/smart-tivi-xiaomi-5-pro-75-inch-mi-tv-5-pro-75\/\"><strong>Tivi Mi Tivi 5 Pro 75 inches<\/strong><\/a> m\u00e0 m\u00ecnh \u0111ang c\u00f3 \u0111\u00e2y th\u00ec m\u00e3i \u0111\u1ebfn ng\u00e0y 13 th\u00e1ng 3 n\u0103m nay \u0111\u00e2y Xiaomi m\u1edbi c\u00f3 th\u1ec3 ch\u00ednh th\u1ee9c tung ra s\u1ea3n ph\u1ea9m n\u00e0y. Tivixiaomi.com r\u1ea5t t\u1ef1 h\u00e0o v\u00ec l\u00e0 \u0111\u01a1n v\u1ecb \u0111\u1ea7u ti\u00ean c\u00f3 th\u1ec3 \u0111\u01b0a chi\u1ebfc Tivi Mi Tivi 5 Pro 75 inches v\u1ec1 v\u1edbi th\u1ecb tr\u01b0\u1eddng Vi\u1ec7t Nam. \u0110i s\u00e2u v\u00e0o ph\u1ea7n thi\u1ebft k\u1ebf c\u1ee7a s\u1ea3n ph\u1ea9m ch\u00fang ta c\u00f3 nh\u1eefng \u0111i\u1ec3m \u0111\u00e1ng ch\u00fa \u00fd.<\/p>\n<p><img fetchpriority=\"high\" decoding=\"async\" class=\"wp-image-54609 size-large aligncenter\" src=\"https:\/\/tivixiaomi.co\/wp-content\/uploads\/2020\/03\/tivi-xiaomi-mi-tivi-5-pro-75-inches-2-1024x683.jpg\" alt=\"\" width=\"1024\" height=\"683\" srcset=\"https:\/\/tivixiaomi.co\/wp-content\/uploads\/2020\/03\/tivi-xiaomi-mi-tivi-5-pro-75-inches-2-1024x683.jpg 1024w, https:\/\/tivixiaomi.co\/wp-content\/uploads\/2020\/03\/tivi-xiaomi-mi-tivi-5-pro-75-inches-2-jpg-150x100.webp 150w, https:\/\/tivixiaomi.co\/wp-content\/uploads\/2020\/03\/tivi-xiaomi-mi-tivi-5-pro-75-inches-2-600x400.jpg 600w, https:\/\/tivixiaomi.co\/wp-content\/uploads\/2020\/03\/tivi-xiaomi-mi-tivi-5-pro-75-inches-2-300x200.jpg 300w, https:\/\/tivixiaomi.co\/wp-content\/uploads\/2020\/03\/tivi-xiaomi-mi-tivi-5-pro-75-inches-2-768x512.jpg 768w, https:\/\/tivixiaomi.co\/wp-content\/uploads\/2020\/03\/tivi-xiaomi-mi-tivi-5-pro-75-inches-2-1536x1024.jpg 1536w, https:\/\/tivixiaomi.co\/wp-content\/uploads\/2020\/03\/tivi-xiaomi-mi-tivi-5-pro-75-inches-2-jpg.webp 1920w\" sizes=\"(max-width: 1024px) 100vw, 1024px\" \/><\/p>\n<p class=\"p1\" style=\"text-align: justify;\">\u0110\u1ea7u ti\u00ean ch\u00fang ta \u0111i qua m\u1ed9t ch\u00fat v\u1ec1 thi\u1ebft k\u1ebf, t\u1ed5ng th\u1ec3 l\u01b0\u1edbt qua th\u00ec c\u00f3 th\u1ec3 th\u1ea5y m\u1eabu s\u1ea3n ph\u1ea9m n\u00e0y kh\u00e1 t\u01b0\u01a1ng \u0111\u1ed3ng so v\u1edbi c\u00e1c m\u1eabu Mi TV 5 Pro kh\u00e1c. Tuy nhi\u00ean th\u1ef1c t\u1ebf th\u00ec n\u00f3 \u0111\u00e3 c\u00f3 \u0111\u01b0\u1ee3c nh\u1eefng s\u1ef1 thay \u0111\u1ed5i \u1edf \u0111\u00e2y, \u0111\u1ed9 d\u00e0y \u1edf t\u1ea5m s\u1ebd kh\u00f4ng ch\u1ec9 l\u00e0 5.9 mm nh\u01b0 nh\u1eefng s\u1ea3n ph\u1ea9m kh\u00e1c n\u1eefa m\u00e0 \u0111\u00e3 \u0111\u01b0\u1ee3c t\u0103ng l\u00ean v\u1edbi con s\u1ed1 l\u00e0 10.1mm, v\u00e0 \u0111\u00e2y s\u1ebd l\u00e0 m\u1ed9t con s\u1ed1 t\u0103ng l\u00ean ho\u00e0n to\u00e0n hi\u1ec3u \u0111\u01b0\u1ee3c b\u1edfi v\u00ec \u0111\u00e2y l\u00e0 m\u1ed9t s\u1ea3n ph\u1ea9m TV v\u1edbi m\u00e0n h\u00ecnh r\u1ea5t l\u1edbn, v\u1eady n\u00ean v\u1edbi \u0111\u1ed9 d\u00e0y \u0111\u00f3 c\u00f3 th\u1ec3 \u0111\u1ea3m b\u1ea3o \u0111\u01b0\u1ee3c v\u1ec1 \u0111\u1ed9 b\u1ec1n cho s\u1ea3n ph\u1ea9m n\u00e0y.<\/p>\n<p><img decoding=\"async\" class=\"aligncenter wp-image-54608 size-large\" src=\"https:\/\/tivixiaomi.co\/wp-content\/uploads\/2020\/03\/tivi-xiaomi-mi-tivi-5-pro-75-inches-1-1024x683.jpg\" alt=\"\" width=\"1024\" height=\"683\" srcset=\"https:\/\/tivixiaomi.co\/wp-content\/uploads\/2020\/03\/tivi-xiaomi-mi-tivi-5-pro-75-inches-1-1024x683.jpg 1024w, https:\/\/tivixiaomi.co\/wp-content\/uploads\/2020\/03\/tivi-xiaomi-mi-tivi-5-pro-75-inches-1-jpg-150x100.webp 150w, https:\/\/tivixiaomi.co\/wp-content\/uploads\/2020\/03\/tivi-xiaomi-mi-tivi-5-pro-75-inches-1-600x400.jpg 600w, https:\/\/tivixiaomi.co\/wp-content\/uploads\/2020\/03\/tivi-xiaomi-mi-tivi-5-pro-75-inches-1-300x200.jpg 300w, https:\/\/tivixiaomi.co\/wp-content\/uploads\/2020\/03\/tivi-xiaomi-mi-tivi-5-pro-75-inches-1-768x512.jpg 768w, https:\/\/tivixiaomi.co\/wp-content\/uploads\/2020\/03\/tivi-xiaomi-mi-tivi-5-pro-75-inches-1-1536x1024.jpg 1536w, https:\/\/tivixiaomi.co\/wp-content\/uploads\/2020\/03\/tivi-xiaomi-mi-tivi-5-pro-75-inches-1-jpg.webp 1920w\" sizes=\"(max-width: 1024px) 100vw, 1024px\" \/><\/p>\n<p class=\"p1\" style=\"text-align: justify;\">Ch\u00fang ta s\u1ebd c\u00f3 ph\u1ea7n khung vi\u1ec1n xung quanh l\u00e0m ho\u00e0n to\u00e0n t\u1eeb ch\u1ea5t li\u1ec7u Alumilu r\u1ea5t ch\u1eafc ch\u1eafn \u0111i k\u00e8m v\u1edbi nh\u1eefng \u0111\u01b0\u1eddng v\u00e1t r\u1ea5t s\u1eafc c\u1ea1nh, \u1edf \u0111\u00e2y n\u00f3 s\u1ebd l\u00e0m cho s\u1ea3n ph\u1ea9m c\u00f3 m\u1ed9t thi\u1ebft k\u1ebf m\u1ea1nh m\u1ebd, \u0111\u1ea7y tinh t\u1ebf. D\u00f2ng ch\u1eef Design by Xiaomi v\u1eabn xu\u1ea5t hi\u1ec7n ph\u00eda b\u00ean c\u1ea1nh vi\u1ec1n, \u0111\u00e2y l\u00e0 chi ti\u1ebft th\u01b0\u1eddng ch\u1ec9 mang t\u00ednh c\u00e1ch m\u1ea1ng c\u1ee7a Xiaomi v\u1ec1 m\u1eb7t thi\u1ebft k\u1ebf. Ph\u1ea7n ch\u00e2n \u0111\u1ebf ph\u00eda b\u00ean d\u01b0\u1edbi c\u0169ng \u0111\u01b0\u1ee3c l\u00e0m t\u1eeb ch\u1ea5t li\u1ec7u Alumilu v\u00e0 n\u00f3 s\u1ebd \u0111\u01b0\u1ee3c g\u1eafn v\u00e0o ph\u1ea7n m\u1eb7t l\u01b0ng thay v\u00ec ph\u00eda vi\u1ec1n b\u00ean d\u01b0\u1edbi \u0111\u1ec3 gi\u1eef ch\u1eafc ch\u1eafn h\u01a1n cho Tivi Mi Tivi 5 Pro 75 inches n\u00e0y.<\/p>\n<p><img decoding=\"async\" class=\"aligncenter wp-image-54618 size-large\" src=\"https:\/\/tivixiaomi.co\/wp-content\/uploads\/2020\/03\/tivi-xiaomi-mi-tivi-5-pro-75-inches-11-1024x683.jpg\" alt=\"\" width=\"1024\" height=\"683\" srcset=\"https:\/\/tivixiaomi.co\/wp-content\/uploads\/2020\/03\/tivi-xiaomi-mi-tivi-5-pro-75-inches-11-1024x683.jpg 1024w, https:\/\/tivixiaomi.co\/wp-content\/uploads\/2020\/03\/tivi-xiaomi-mi-tivi-5-pro-75-inches-11-jpg-150x100.webp 150w, https:\/\/tivixiaomi.co\/wp-content\/uploads\/2020\/03\/tivi-xiaomi-mi-tivi-5-pro-75-inches-11-600x400.jpg 600w, https:\/\/tivixiaomi.co\/wp-content\/uploads\/2020\/03\/tivi-xiaomi-mi-tivi-5-pro-75-inches-11-300x200.jpg 300w, https:\/\/tivixiaomi.co\/wp-content\/uploads\/2020\/03\/tivi-xiaomi-mi-tivi-5-pro-75-inches-11-768x512.jpg 768w, https:\/\/tivixiaomi.co\/wp-content\/uploads\/2020\/03\/tivi-xiaomi-mi-tivi-5-pro-75-inches-11-1536x1024.jpg 1536w, https:\/\/tivixiaomi.co\/wp-content\/uploads\/2020\/03\/tivi-xiaomi-mi-tivi-5-pro-75-inches-11-jpg.webp 1920w\" sizes=\"(max-width: 1024px) 100vw, 1024px\" \/><\/p>\n<p class=\"p1\" style=\"text-align: justify;\">Quay tr\u1edf l\u1ea1i v\u1edbi ph\u1ea7n m\u00e0n h\u00ecnh m\u1eb7t tr\u01b0\u1edbc th\u00ec ch\u00fang ta c\u00f3 \u0111\u01b0\u1ee3c t\u1ec9 l\u1ec7 di\u1ec7n t\u00edch m\u00e0n h\u00ecnh so v\u1edbi t\u1ec9 l\u1ec7 di\u1ec7n t\u00edch m\u1eb7t tr\u01b0\u1edbc l\u00ean t\u1edbi 97% c\u00e1c b\u1ea1n nh\u00e9, th\u1eadt s\u1ef1 \u0111\u00e2y l\u00e0 m\u1ed9t con s\u1ed1 r\u1ea5t l\u1edbn, hi\u1ebfm c\u00f3 m\u1eabu TV n\u00e0o tr\u00ean th\u1ecb tr\u01b0\u1eddng \u0111\u1ea1t \u0111\u01b0\u1ee3c con s\u1ed1 l\u1edbn nh\u01b0 v\u1eady. Ch\u00fang ta s\u1ebd c\u00f3 ph\u1ea7n vi\u1ec1n xung quanh l\u00e0m r\u1ea5t m\u1ecfng, \u0111i\u1ec1u n\u00e0y s\u1ebd c\u00f3 r\u1ea5t nhi\u1ec1u l\u1ee3i \u00edch, l\u1ee3i \u00edch \u0111\u1ea7u ti\u00ean \u0111\u00f3 ch\u00ednh l\u00e0 khi ch\u00fang ta tr\u1ea3i nghi\u1ec7m xem phim th\u00ec c\u1ea3m gi\u00e1c s\u1ebd tr\u00e0n vi\u1ec1n h\u01a1n nh\u00ecn s\u1ebd \u0111\u00e3 h\u01a1n r\u1ea5t nhi\u1ec1u, Xiaomi \u0111\u00e3 r\u1ea5t tinh t\u1ebf khi \u0111\u01b0a v\u00e0o s\u1ea3n ph\u1ea9m c\u1ee7a m\u00ecnh ng\u00f4n ng\u1eef thi\u1ebft k\u1ebf b\u1eaft k\u1ecbp v\u1edbi th\u1eddi \u0111\u1ea1i hi\u1ec7n nay c\u1ee7a c\u00e1c \u0111\u1ed1i th\u1ee7 kh\u00e1c.<\/p>\n<p><img loading=\"lazy\" decoding=\"async\" class=\"aligncenter wp-image-54625 size-large\" src=\"https:\/\/tivixiaomi.co\/wp-content\/uploads\/2020\/03\/tivi-xiaomi-mi-tivi-5-pro-75-inches-18-1024x689.jpg\" alt=\"\" width=\"1024\" height=\"689\" srcset=\"https:\/\/tivixiaomi.co\/wp-content\/uploads\/2020\/03\/tivi-xiaomi-mi-tivi-5-pro-75-inches-18-1024x689.jpg 1024w, https:\/\/tivixiaomi.co\/wp-content\/uploads\/2020\/03\/tivi-xiaomi-mi-tivi-5-pro-75-inches-18-jpg-150x101.webp 150w, https:\/\/tivixiaomi.co\/wp-content\/uploads\/2020\/03\/tivi-xiaomi-mi-tivi-5-pro-75-inches-18-600x403.jpg 600w, https:\/\/tivixiaomi.co\/wp-content\/uploads\/2020\/03\/tivi-xiaomi-mi-tivi-5-pro-75-inches-18-300x202.jpg 300w, https:\/\/tivixiaomi.co\/wp-content\/uploads\/2020\/03\/tivi-xiaomi-mi-tivi-5-pro-75-inches-18-768x516.jpg 768w, https:\/\/tivixiaomi.co\/wp-content\/uploads\/2020\/03\/tivi-xiaomi-mi-tivi-5-pro-75-inches-18-1536x1033.jpg 1536w, https:\/\/tivixiaomi.co\/wp-content\/uploads\/2020\/03\/tivi-xiaomi-mi-tivi-5-pro-75-inches-18-jpg.webp 1920w\" sizes=\"(max-width: 1024px) 100vw, 1024px\" \/><\/p>\n<p class=\"p1\" style=\"text-align: justify;\">Ph\u00eda sau m\u1eb7t l\u01b0ng ch\u00fang ta s\u1ebd c\u00f3 m\u1ed9t khu v\u1ef1c l\u00e0m b\u1eb1ng nh\u1ef1a v\u00e0 khu v\u1ef1c n\u00e0y \u0111\u01b0\u1ee3c l\u00e0m m\u1ecfng h\u01a1n r\u1ea5t nhi\u1ec1u so v\u1edbi nh\u1eefng m\u1eabu Mi Tivi Pro kh\u00e1c. \u0110\u1ed1i v\u1edbi khu v\u1ef1c n\u00e0y th\u00ec ch\u00fang ta v\u1eabn c\u00f3 Loa ngo\u00e0i h\u1ed7 tr\u1ee3 c\u00f4ng ngh\u1ec7 Dolby atmos c\u00f9ng v\u1edbi c\u1ea3 DTS HD. Ch\u00fang ta s\u1ebd c\u00f3 ph\u00eda b\u00ean ph\u1ea3i l\u00e0 v\u1ecb tr\u00ed c\u1ee7a d\u00e2y ngu\u1ed3n ch\u00ednh gi\u1eefa s\u1ebd l\u00e0 Logo Mi \u0111i k\u00e8m l\u00e0 nh\u1eefng con \u1ed1c \u0111\u1ec3 c\u00f3 th\u1ec3 treo chi\u1ebfc TV n\u00e0y l\u00ean t\u01b0\u1eddng v\u00e0 \u1edf ph\u00eda b\u00ean c\u1ea1nh tr\u00e1i s\u1ebd l\u00e0 \u0111\u1ea7y \u0111\u1ee7 nh\u1eefng c\u1ed5ng k\u1ebft n\u1ed1i c\u1ee7a chi\u1ebfc TV n\u00e0y v\u1eabn \u0111\u1ea7y \u0111\u1ee7 nh\u01b0 b\u1ea5t c\u1ee9 chi\u1ebfc Mi Tivi 5 Pro n\u00e0o tr\u01b0\u1edbc \u0111\u00f3.<\/p>\n<h2 style=\"text-align: justify;\">\u0110\u00e1nh gi\u00e1 chi ti\u1ebft m\u00e0n h\u00ecnh c\u1ee7a Tivi Mi Tivi 5 Pro 75 inches si\u00eau ph\u1ea9m m\u00e0n h\u00ecnh QLED<\/h2>\n<p class=\"p1\" style=\"text-align: justify;\">Quay tr\u1edf l\u1ea1i v\u1edbi ph\u1ea7n m\u00e0n h\u00ecnh m\u1eb7t tr\u01b0\u1edbc th\u00ec ch\u00fang ta s\u1ebd c\u00f3 \u1edf \u0111\u00e2y ch\u00ednh l\u00e0 m\u1ed9t m\u00e0n h\u00ecnh l\u00ean t\u1edbi 75 inch, s\u1eed d\u1ee5ng t\u1ea5m \u0111\u00e8n l\u00e0 QLED t\u1edbi t\u1eeb SAMSUNG v\u00e0 n\u00f3 c\u0169ng s\u1ebd c\u00f3 \u0111\u01b0\u1ee3c m\u1ed9t c\u00f4ng ngh\u1ec7 l\u00e0 ch\u1ea5m l\u01b0\u1ee3ng t\u1eed r\u1ea5t m\u1edbi v\u00e0 t\u0103ng kh\u1ea3 n\u0103ng hi\u1ec3n th\u1ecb h\u00ecnh \u1ea3nh c\u1ee7a s\u1ea3n ph\u1ea9m l\u00ean r\u1ea5t nhi\u1ec1u. Ch\u00fang ta c\u0169ng s\u1ebd c\u00f3 \u0111\u1ed9 ph\u00e2n gi\u1ea3i l\u00ean t\u1edbi 4K \u1edf tr\u00ean s\u1ea3n ph\u1ea7m n\u00e0y \u0111i k\u00e8m v\u1edbi c\u1ea3 gam m\u00e0u NTSC \u0111\u1ea1t l\u00ean t\u1edbi 108%, t\u1eeb \u0111\u00e2y th\u00ec chi\u1ebfc Tivi Mi Tivi 5 Pro 75 inches n\u00e0y c\u0169ng s\u1ebd ho\u00e0n to\u00e0n \u0111\u1ee7 ti\u00eau chu\u1ea9n \u0111\u1ec3 \u0111\u1ea1t chu\u1ea9n HDR 10+ chu\u1ea9n HDR m\u1edbi nh\u1ea5t tr\u00ean th\u1ecb tr\u01b0\u1eddng b\u00e2y gi\u1edd. Tivi Mi Tivi 5 Pro 75 inches n\u00e0y c\u0169ng c\u00f3 kh\u1ea3 n\u0103ng xu\u1ea5t video v\u1edbi \u0111\u1ed9 ph\u00e2n gi\u1ea3i l\u00ean t\u1edbi 8K c\u00f3 ngh\u0129a s\u1ea3n ph\u1ea9m c\u00f3 th\u1ec3 x\u1eed l\u00fd c\u00e1c video 8K xu\u1ea5t ra m\u1ed9t m\u00e0n h\u00ecnh 4K.<\/p>\n<p><img loading=\"lazy\" decoding=\"async\" class=\"aligncenter wp-image-54616 size-large\" src=\"https:\/\/tivixiaomi.co\/wp-content\/uploads\/2020\/03\/tivi-xiaomi-mi-tivi-5-pro-75-inches-9-1024x682.jpg\" alt=\"\" width=\"1024\" height=\"682\" srcset=\"https:\/\/tivixiaomi.co\/wp-content\/uploads\/2020\/03\/tivi-xiaomi-mi-tivi-5-pro-75-inches-9-1024x682.jpg 1024w, https:\/\/tivixiaomi.co\/wp-content\/uploads\/2020\/03\/tivi-xiaomi-mi-tivi-5-pro-75-inches-9-jpg-150x100.webp 150w, https:\/\/tivixiaomi.co\/wp-content\/uploads\/2020\/03\/tivi-xiaomi-mi-tivi-5-pro-75-inches-9-600x400.jpg 600w, https:\/\/tivixiaomi.co\/wp-content\/uploads\/2020\/03\/tivi-xiaomi-mi-tivi-5-pro-75-inches-9-300x200.jpg 300w, https:\/\/tivixiaomi.co\/wp-content\/uploads\/2020\/03\/tivi-xiaomi-mi-tivi-5-pro-75-inches-9-768x512.jpg 768w, https:\/\/tivixiaomi.co\/wp-content\/uploads\/2020\/03\/tivi-xiaomi-mi-tivi-5-pro-75-inches-9-1536x1023.jpg 1536w, https:\/\/tivixiaomi.co\/wp-content\/uploads\/2020\/03\/tivi-xiaomi-mi-tivi-5-pro-75-inches-9-jpg.webp 1920w\" sizes=\"(max-width: 1024px) 100vw, 1024px\" \/><\/p>\n<p class=\"p1\" style=\"text-align: justify;\">Tivi Mi Tivi 5 Pro 75 inches s\u1edf h\u1eefu con chip \u0111\u01b0\u1ee3c trang b\u1ecb ph\u00eda b\u00ean trong th\u00ec n\u00f3 c\u0169ng s\u1ebd h\u1ed7 tr\u1ee3 c\u00f4ng ngh\u1ec7 MEMC \u0111\u00e2y l\u00e0 m\u1ed9t c\u00f4ng ngh\u1ec7 gi\u00fap cho nh\u1eefng chuy\u1ec3n \u0111\u1ed9ng c\u0169ng nh\u01b0 l\u00e0 chi ti\u1ebft tr\u00ean m\u00e0n h\u00ecnh \u0111\u01b0\u1ee3c r\u00f5 r\u00e0ng h\u01a1n, v\u00e0 cu\u1ed1i c\u00f9ng th\u00ec ch\u00fang ta c\u00f3 \u0111\u01b0\u1ee3c l\u00e0 kh\u1ea3 n\u0103ng tu\u1ef3 ch\u1ec9nh \u0111\u1ea7y \u0111\u1ee7 nh\u1eefng th\u00f4ng s\u1ed1 tr\u00ean m\u00e0n h\u00ecnh t\u1eeb \u0111\u1ed9 s\u00e1ng \u0111\u1ed9 t\u01b0\u01a1ng ph\u1ea3n cho \u0111\u1ebfn m\u00e0u s\u1eafc v\u00e0 c\u00f3 th\u1ec3 tu\u1ef3 ch\u1ec9nh theo 3 gam m\u00e0u RBG.<\/p>\n<h2>\u0110\u00e1nh gi\u00e1 c\u1ea5u h\u00ecnh v\u00e0 hi\u1ec7u n\u0103ng c\u1ee7a Tivi Mi Tivi 5 Pro 75 inches<\/h2>\n<p><img loading=\"lazy\" decoding=\"async\" class=\"aligncenter wp-image-54619 size-large\" src=\"https:\/\/tivixiaomi.co\/wp-content\/uploads\/2020\/03\/tivi-xiaomi-mi-tivi-5-pro-75-inches-12-1024x683.jpg\" alt=\"\" width=\"1024\" height=\"683\" srcset=\"https:\/\/tivixiaomi.co\/wp-content\/uploads\/2020\/03\/tivi-xiaomi-mi-tivi-5-pro-75-inches-12-1024x683.jpg 1024w, https:\/\/tivixiaomi.co\/wp-content\/uploads\/2020\/03\/tivi-xiaomi-mi-tivi-5-pro-75-inches-12-jpg-150x100.webp 150w, https:\/\/tivixiaomi.co\/wp-content\/uploads\/2020\/03\/tivi-xiaomi-mi-tivi-5-pro-75-inches-12-600x400.jpg 600w, https:\/\/tivixiaomi.co\/wp-content\/uploads\/2020\/03\/tivi-xiaomi-mi-tivi-5-pro-75-inches-12-300x200.jpg 300w, https:\/\/tivixiaomi.co\/wp-content\/uploads\/2020\/03\/tivi-xiaomi-mi-tivi-5-pro-75-inches-12-768x512.jpg 768w, https:\/\/tivixiaomi.co\/wp-content\/uploads\/2020\/03\/tivi-xiaomi-mi-tivi-5-pro-75-inches-12-1536x1024.jpg 1536w, https:\/\/tivixiaomi.co\/wp-content\/uploads\/2020\/03\/tivi-xiaomi-mi-tivi-5-pro-75-inches-12-jpg.webp 1920w\" sizes=\"(max-width: 1024px) 100vw, 1024px\" \/><\/p>\n<p class=\"p1\" style=\"text-align: justify;\">Ti\u1ebfp theo \u0111\u1ebfn v\u1edbi s\u1ee9c m\u1ea1nh ph\u00eda b\u00ean trong th\u00ec ch\u00fang ta s\u1ebd c\u00f3 1 con chip l\u00e0 Amlogic T972, m\u1ed9t con chip \u0111\u01b0\u1ee3c Xiaomi h\u1ee3p t\u00e1c v\u1edbi th\u01b0\u01a1ng hi\u1ec7u Amlogic c\u1ee7a M\u1ef9 s\u1ea3n xu\u1ea5t. T972 c\u00f3 4 nh\u00e2n v\u00e0 \u0111\u01b0\u1ee3c s\u1ea3n xu\u1ea5t tr\u00ean gi\u00e1 tr\u1ecb l\u00e0 12nn, v\u00e0 nh\u01b0 Xiaomi c\u00f4ng b\u1ed1 th\u00ec n\u00f3 c\u00f3 hi\u1ec7u n\u0103ng v\u01b0\u1ee3t tr\u1ed9i so v\u1edbi th\u1ebf h\u1ec7 tr\u01b0\u1edbc l\u00ean t\u1edbi 63% trong khi \u0111\u00f3 th\u00ec kh\u1ea3 n\u0103ng ti\u1ebft ki\u1ec7m \u0111i\u1ec7n n\u0103ng l\u00ean t\u1edbi 55%. Ngo\u00e0i ra v\u1edbi phi\u00ean b\u1ea3n RAM v\u00e0 b\u1ed9 nh\u1edb trong c\u0169ng \u0111\u1ea1t \u0111\u01b0\u1ee3c l\u00ean t\u1edbi 4GB RAM v\u00e0 64GB ROM s\u1ebd t\u0103ng kh\u1ea3 n\u0103ng \u0111a nhi\u1ec7m c\u1ee7a s\u1ea3n ph\u1ea9m l\u00ean r\u1ea5t nhi\u1ec1u. \u0110\u1ed1i v\u1edbi nh\u1eefng th\u00f4ng s\u1ed1 nh\u01b0 v\u1eady th\u00ec chi\u1ebfc TV n\u00e0y c\u00f3 th\u1ec3 \u0111\u00e1p \u1ee9ng m\u1ecdi t\u00e1c v\u1ee5 tr\u00ean Android TV trong kho\u1ea3ng \u00edt nh\u1ea5t l\u00e0 5 n\u0103m n\u1eefa.<\/p>\n<h2>Ph\u1ea7n m\u1ec1m v\u00e0 h\u1ec7 \u0111i\u1ec1u h\u00e0nh \u0111\u01b0\u1ee3c trang b\u1ecb tr\u00ean Tivi Mi Tivi 5 Pro 75 inches<\/h2>\n<p class=\"p1\" style=\"text-align: justify;\">Ti\u1ebfp theo ch\u00fang ta s\u1ebd \u0111\u1ebfn v\u1edbi c\u1ea3 ph\u1ea7n m\u1ec1m v\u00e0 t\u00ednh n\u0103ng c\u1ee7a chi\u1ebfc TV n\u00e0y, ch\u00fang ta s\u1ebd c\u00f3 \u0111\u00e2y l\u00e0 m\u1ed9t m\u1eabu Android TV \u0111\u01b0\u1ee3c c\u00e0i sang b\u1ea3n Android 9, phi\u00ean b\u1ea3n Android TV m\u1edbi nh\u1ea5t b\u00e2y gi\u1edd, v\u00e0 ch\u00fang ta c\u0169ng s\u1ebd c\u00f3 \u0111\u01b0\u1ee3c m\u1ed9t \u01b0u \u0111i\u1ec3m n\u1eefa \u0111\u00f3 ch\u00ednh l\u00e0 th\u1eeba h\u01b0\u1edfng kho \u1ee9ng d\u1ee5ng r\u1ea5t d\u1ed3i d\u00e0o c\u1ee7a h\u1ec7 \u0111i\u1ec1u h\u00e0nh Android, t\u1eeb \u0111\u00f3 c\u00f3 th\u1ec3 ph\u1ee5c v\u1ee5 t\u1ed1i \u0111a cho nhu c\u1ea7u gi\u1ea3i tr\u00ed c\u1ee7a ch\u00fang ta. Khi m\u00e0 ch\u00fang ta c\u1ea7n app n\u00e0o ch\u00fang ta ch\u1ec9 vi\u1ec7c t\u1ea3i v\u1ec1 v\u00e0 c\u00e0i \u0111\u1eb7t l\u00e0 xong.<\/p>\n<p><img loading=\"lazy\" decoding=\"async\" class=\"aligncenter wp-image-54611 size-large\" src=\"https:\/\/tivixiaomi.co\/wp-content\/uploads\/2020\/03\/tivi-xiaomi-mi-tivi-5-pro-75-inches-4-1024x683.jpg\" alt=\"\" width=\"1024\" height=\"683\" srcset=\"https:\/\/tivixiaomi.co\/wp-content\/uploads\/2020\/03\/tivi-xiaomi-mi-tivi-5-pro-75-inches-4-1024x683.jpg 1024w, https:\/\/tivixiaomi.co\/wp-content\/uploads\/2020\/03\/tivi-xiaomi-mi-tivi-5-pro-75-inches-4-jpg-150x100.webp 150w, https:\/\/tivixiaomi.co\/wp-content\/uploads\/2020\/03\/tivi-xiaomi-mi-tivi-5-pro-75-inches-4-600x400.jpg 600w, https:\/\/tivixiaomi.co\/wp-content\/uploads\/2020\/03\/tivi-xiaomi-mi-tivi-5-pro-75-inches-4-300x200.jpg 300w, https:\/\/tivixiaomi.co\/wp-content\/uploads\/2020\/03\/tivi-xiaomi-mi-tivi-5-pro-75-inches-4-768x512.jpg 768w, https:\/\/tivixiaomi.co\/wp-content\/uploads\/2020\/03\/tivi-xiaomi-mi-tivi-5-pro-75-inches-4-1536x1024.jpg 1536w, https:\/\/tivixiaomi.co\/wp-content\/uploads\/2020\/03\/tivi-xiaomi-mi-tivi-5-pro-75-inches-4-jpg.webp 1920w\" sizes=\"(max-width: 1024px) 100vw, 1024px\" \/><\/p>\n<p class=\"p1\" style=\"text-align: justify;\">Chi\u1ebfc TV n\u00e0y c\u0169ng s\u1ebd \u0111\u01b0\u1ee3c trang b\u1ecb l\u00ean t\u1edbi 4 micro, v\u00e0 v\u1edbi 4 micro n\u00e0y th\u00ec ch\u00fang ta c\u00f3 th\u1ec3 ra l\u1ec7nh ho\u1eb7c nh\u1eadp gi\u1ecdng n\u00f3i v\u00e0 \u0111i\u1ec1u n\u00e0y r\u1ea5t ti\u1ec7n l\u1ee3i, gi\u00fap cho ch\u00fang ta kh\u00f4ng ph\u1ea3i thao t\u00e1c tr\u1ef1c ti\u1ebfp tr\u00ean \u0111i\u1ec1u khi\u1ec3n hay b\u00e0n ph\u00edm th\u00ec m\u1edbi c\u00f3 th\u1ec3 t\u01b0\u01a1ng t\u00e1c \u0111\u01b0\u1ee3c v\u1edbi chi\u1ebfc Tivi Mi Tivi 5 Pro 75 inches n\u00e0y.<\/p>\n<p><img loading=\"lazy\" decoding=\"async\" class=\"aligncenter wp-image-54610 size-large\" src=\"https:\/\/tivixiaomi.co\/wp-content\/uploads\/2020\/03\/tivi-xiaomi-mi-tivi-5-pro-75-inches-3-1024x683.jpg\" alt=\"\" width=\"1024\" height=\"683\" srcset=\"https:\/\/tivixiaomi.co\/wp-content\/uploads\/2020\/03\/tivi-xiaomi-mi-tivi-5-pro-75-inches-3-1024x683.jpg 1024w, https:\/\/tivixiaomi.co\/wp-content\/uploads\/2020\/03\/tivi-xiaomi-mi-tivi-5-pro-75-inches-3-jpg-150x100.webp 150w, https:\/\/tivixiaomi.co\/wp-content\/uploads\/2020\/03\/tivi-xiaomi-mi-tivi-5-pro-75-inches-3-600x400.jpg 600w, https:\/\/tivixiaomi.co\/wp-content\/uploads\/2020\/03\/tivi-xiaomi-mi-tivi-5-pro-75-inches-3-300x200.jpg 300w, https:\/\/tivixiaomi.co\/wp-content\/uploads\/2020\/03\/tivi-xiaomi-mi-tivi-5-pro-75-inches-3-768x512.jpg 768w, https:\/\/tivixiaomi.co\/wp-content\/uploads\/2020\/03\/tivi-xiaomi-mi-tivi-5-pro-75-inches-3-1536x1024.jpg 1536w, https:\/\/tivixiaomi.co\/wp-content\/uploads\/2020\/03\/tivi-xiaomi-mi-tivi-5-pro-75-inches-3-jpg.webp 1920w\" sizes=\"(max-width: 1024px) 100vw, 1024px\" \/><\/p>\n<p>Ngo\u00e0i ra th\u00ec s\u1ea3n ph\u1ea9m n\u00e0y c\u0169ng \u0111\u01b0\u1ee3c c\u00e0i \u0111\u1eb7t \u1ee9ng d\u1ee5ng SmartHome t\u1edbi t\u1eeb Xiaomi, \u0111\u1ed1i v\u1edbi \u1ee9ng d\u1ee5ng n\u00e0y th\u00ec s\u1ebd gi\u00fap cho chi\u1ebfc TV n\u00e0y tr\u1edf th\u00e0nh trung t\u00e2m \u0111i\u1ec1u khi\u1ec3n c\u1ee7a nh\u1eefng thi\u1ebft b\u1ecb Smarthome kh\u00e1c trong gia \u0111\u00ecnh. V\u00ed d\u1ee5 nh\u01b0 Camera An ninh, \u0110\u00e8n b\u00e0n, M\u00e1y l\u1ecdc kh\u00f4ng kh\u00ed th\u00ec t\u1ea5t c\u1ea3 \u0111\u1ec1u c\u00f3 th\u1ec3 \u0111i\u1ec1u khi\u1ec3n \u0111\u01b0\u1ee3c th\u00f4ng qua chi\u1ebfc TV n\u00e0y m\u1ed9t c\u00e1ch \u0111\u01a1n gi\u1ea3n nh\u1ea5t. T\u1ed1i \u01b0u thao t\u00e1c ng\u01b0\u1eddi d\u00f9ng v\u00e0 ch\u00fang ta s\u1ebd \u0111\u01b0\u1ee3c tr\u1ea3i nghi\u1ec7m nh\u01b0 \u0111ang \u1edf trong m\u1ed9t Smart Home th\u1ef1c s\u1ef1.<\/p>\n<p>T\u1ed5ng k\u1ebft l\u1ea1i th\u00ec \u0111\u1ed1i v\u1edbi chi\u1ebfc Tivi Mi Tivi 5 Pro 75 inches, \u0111\u00e2y s\u1ebd l\u00e0 s\u1ea3n ph\u1ea9m r\u1ea5t ph\u00f9 h\u1ee3p v\u1edbi b\u1ea1n n\u00e0o mu\u1ed1n c\u00f3 m\u1ed9t chi\u1ebfc TV v\u1edbi m\u00e0n h\u00ecnh th\u1eadt l\u00e0 l\u1edbn \u0111\u1ec3 c\u00f3 th\u1ec3 tr\u1ea3i nghi\u1ec7m xem phim \u0111\u00e3 nh\u1ea5t, c\u0169ng nh\u01b0 y\u00eau c\u1ea7u h\u01a1n v\u1ec1 ph\u1ea7n thi\u1ebft k\u1ebf th\u1eadt hi\u1ec7n \u0111\u1ea1i, tinh t\u1ebf, ph\u1ea7n m\u1ec1m c\u1ea5u h\u00ecnh ph\u00eda b\u00ean trong ph\u1ea3i th\u1eadt m\u1ea1nh m\u1ebd \u0111\u1ec3 c\u00f3 th\u1ec3 \u0111\u00e1p \u1ee9ng t\u1ed1i \u0111a cho nhu c\u1ea7u gi\u1ea3i tr\u00ed c\u1ee7a m\u00ecnh. C\u00f2n b\u1ea1n c\u1ea3m th\u1ea5y sao v\u1ec1 s\u1ea3n ph\u1ea9m Tivi Mi Tivi 5 Pro 75 inches h\u00e3y \u0111\u1ec3 l\u1ea1i \u00fd ki\u1ebfn ph\u00eda b\u00ean d\u01b0\u1edbi. C\u00f2n b\u00e2y gi\u1edd xin ch\u00e0o v\u00e0 h\u1eb9n g\u1eb7p l\u1ea1i c\u00e1c b\u1ea1n \u1edf nh\u1eefng s\u1ea3n ph\u1ea9m ti\u1ebfp theo.<\/p>\n","protected":false},"excerpt":{"rendered":"<ul>\n<li>D\u00f2ng 5 Pro Series<\/li>\n<li>M\u00e0n h\u00ecnh: 4K<\/li>\n<li>RAM: 4GB<\/li>\n<li>Dung l\u01b0\u1ee3ng: 64GB<\/li>\n<\/ul>\n","protected":false},"featured_media":41945,"comment_status":"open","ping_status":"closed","template":"","meta":[],"product_brand":[],"product_cat":[407,300,255],"product_tag":[],"class_list":{"0":"post-54046","1":"product","2":"type-product","3":"status-publish","4":"has-post-thumbnail","6":"product_cat-qled-tv-oled-tv","7":"product_cat-tivi-xiaomi-5-pro","8":"product_cat-tivi-xiaomi-man-hinh-tran","10":"first","11":"outofstock","12":"sale","13":"shipping-taxable","14":"purchasable","15":"product-type-simple"},"_links":{"self":[{"href":"https:\/\/tivixiaomi.co\/en\/wp-json\/wp\/v2\/product\/54046"}],"collection":[{"href":"https:\/\/tivixiaomi.co\/en\/wp-json\/wp\/v2\/product"}],"about":[{"href":"https:\/\/tivixiaomi.co\/en\/wp-json\/wp\/v2\/types\/product"}],"replies":[{"embeddable":true,"href":"https:\/\/tivixiaomi.co\/en\/wp-json\/wp\/v2\/comments?post=54046"}],"version-history":[{"count":0,"href":"https:\/\/tivixiaomi.co\/en\/wp-json\/wp\/v2\/product\/54046\/revisions"}],"wp:featuredmedia":[{"embeddable":true,"href":"https:\/\/tivixiaomi.co\/en\/wp-json\/wp\/v2\/media\/41945"}],"wp:attachment":[{"href":"https:\/\/tivixiaomi.co\/en\/wp-json\/wp\/v2\/media?parent=54046"}],"wp:term":[{"taxonomy":"product_brand","embeddable":true,"href":"https:\/\/tivixiaomi.co\/en\/wp-json\/wp\/v2\/product_brand?post=54046"},{"taxonomy":"product_cat","embeddable":true,"href":"https:\/\/tivixiaomi.co\/en\/wp-json\/wp\/v2\/product_cat?post=54046"},{"taxonomy":"product_tag","embeddable":true,"href":"https:\/\/tivixiaomi.co\/en\/wp-json\/wp\/v2\/product_tag?post=54046"}],"curies":[{"name":"wp","href":"https:\/\/api.w.org\/{rel}","templated":true}]}}