{"id":54887,"date":"2020-04-25T13:16:59","date_gmt":"2020-04-25T06:16:59","guid":{"rendered":"https:\/\/tivixiaomi.co\/?post_type=product&#038;p=54887"},"modified":"2024-09-04T13:43:15","modified_gmt":"2024-09-04T06:43:15","slug":"smart-tivi-xiaomi-redmi-r40a-40-inch-mau-2020","status":"publish","type":"product","link":"https:\/\/tivixiaomi.co\/en\/tivi\/smart-tivi-xiaomi-redmi-r40a-40-inch-mau-2020\/","title":{"rendered":"Smart Tivi Xiaomi Redmi R40A 40 inch M\u1eabu 2020"},"content":{"rendered":"<p>Smart Tivi Xiaomi Redmi R40A 40 inch M\u1eabu 2020 Gi\u00e1 r\u1ebb t\u1ea1i H\u00e0 N\u1ed9i, TP.HCM. Mi\u1ec5n ph\u00ed l\u1eafp \u0111\u1eb7t, H\u1ed7 tr\u1ee3 v\u1eadn chuy\u1ec3n trong n\u1ed9i th\u00e0nh, Hotline: 0984.311.230. Ch\u00e0o m\u1eebng c\u00e1c b\u1ea1n \u0111\u00e3 quay tr\u1edf l\u1ea1i v\u1edbi Tvxiaomi.com. Ti\u1ebfp n\u1ed1i s\u1ef1 th\u00e0nh c\u00f4ng c\u1ee7a s\u1ea3n ph\u1ea9m Redmi TV 70 inch t\u1edbi t\u1eeb Xiaomi, th\u00ec m\u1edbi g\u1ea7n \u0111\u00e2y h\u00e3ng \u0111\u00e3 cho ra m\u1ed9t s\u1ea3n ph\u1ea9m n\u1eefa c\u0169ng l\u00e0 Recmi TV nh\u01b0ng v\u1edbi k\u00edch th\u01b0\u1edbc ch\u1ec9 40 inch m\u00e0 th\u00f4i. V\u00e0 s\u1ea3n ph\u1ea9m n\u00e0y b\u00ean c\u1ea1nh vi\u1ec7c r\u00fat g\u1ecdn v\u1edbi k\u00edch th\u01b0\u1edbc m\u00e0n h\u00ecnh c\u00f3 v\u1ebb nh\u01b0 n\u00f3 v\u1eabn gi\u1eef nguy\u00ean so v\u1edbi chi\u1ebfc MiTV 70 inch v\u1ec1 ph\u1ea7n thi\u1ebft k\u1ebf c\u0169ng nh\u01b0 t\u00ednh n\u0103ng ph\u00eda b\u00ean trong.<br \/>\nV\u1eady th\u00ec c\u1ee5 th\u1ec3 chi\u1ebfc Mi TV 40 inch c\u00f3 g\u00ec c\u1ee5 th\u1ec3 so v\u1edbi t\u1ea7m gi\u00e1 c\u1ee7a n\u00f3 th\u00ec h\u00e3y c\u00f9ng m\u00ecnh t\u00ecm hi\u1ec3u trong video ngay sau \u0111\u00e2y nh\u00e9!<\/p>\n<p><strong>Video \u0111\u00e1nh gi\u00e1 nhanh Smart Tivi Xiaomi Redmi R40A 40 inch M\u1eabu 2020<\/strong><\/p>\n<p><iframe title=\"Redmi Smart TV R40A 40 inches \u2022 TiviXiaomi.Com\" width=\"640\" height=\"360\" src=\"https:\/\/www.youtube.com\/embed\/7cmhx1JS1Xs?feature=oembed\" frameborder=\"0\" allow=\"accelerometer; autoplay; clipboard-write; encrypted-media; gyroscope; picture-in-picture; web-share\" referrerpolicy=\"strict-origin-when-cross-origin\" allowfullscreen><\/iframe><\/p>\n<p>&nbsp;<\/p>\n<h2 style=\"text-align: justify;\">S\u1ef1 th\u1eeba h\u01b0\u1edfng thi\u1ebft k\u1ebf c\u1ee7a c\u00e1c d\u00f2ng Redmi Tivi tr\u01b0\u1edbc \u0111\u00f3.<\/h2>\n<p style=\"text-align: justify;\"><img fetchpriority=\"high\" decoding=\"async\" class=\"wp-image-54897 size-large aligncenter\" src=\"https:\/\/tivixiaomi.co\/wp-content\/uploads\/2020\/04\/IMG_9458-1024x683.jpg\" alt=\"\" width=\"1024\" height=\"683\" srcset=\"https:\/\/tivixiaomi.co\/wp-content\/uploads\/2020\/04\/IMG_9458-1024x683.jpg 1024w, https:\/\/tivixiaomi.co\/wp-content\/uploads\/2020\/04\/IMG_9458-scaled-jpg-150x100.webp 150w, https:\/\/tivixiaomi.co\/wp-content\/uploads\/2020\/04\/IMG_9458-600x400.jpg 600w, https:\/\/tivixiaomi.co\/wp-content\/uploads\/2020\/04\/IMG_9458-300x200.jpg 300w, https:\/\/tivixiaomi.co\/wp-content\/uploads\/2020\/04\/IMG_9458-768x512.jpg 768w, https:\/\/tivixiaomi.co\/wp-content\/uploads\/2020\/04\/IMG_9458-1536x1024.jpg 1536w, https:\/\/tivixiaomi.co\/wp-content\/uploads\/2020\/04\/IMG_9458-2048x1365.jpg 2048w\" sizes=\"(max-width: 1024px) 100vw, 1024px\" \/><br \/>\nSmart <a href=\"https:\/\/tivixiaomi.co\/san-pham\/smart-tivi-xiaomi-redmi-r40a-40-inch-mau-2020\/\"><strong>Tivi Xiaomi Redmi R40A 40 inch<\/strong><\/a> M\u1eabu 2020 m\u1ed9t l\u1ed1i thi\u1ebft k\u1ebf t\u01b0\u01a1ng t\u1ef1 nh\u01b0 \u0111\u00e0n anh Redmi Tivi 70 inch. V\u1edbi ph\u1ea7n m\u1eb7t tr\u01b0\u1edbc c\u00f3 vi\u1ec1n m\u00e0n h\u00ecnh r\u1ea5t l\u00e0 m\u1ecfng gi\u00fap cho m\u00e0n h\u00ecnh c\u1ee7a Redmi R40A 40 inch th\u1eadm ch\u00ed c\u00f2n nh\u1ecf g\u1ecdn h\u01a1n n\u1eefa so v\u1edbi ph\u1ea7n k\u00edch th\u01b0\u1edbc t\u1ed5ng th\u1ec3 \u0111\u1ec3 c\u00f3 th\u1ec3 \u0111\u1ec3 g\u1ecdn trong nh\u1eefng v\u0103n ph\u00f2ng hay trong ph\u00f2ng ng\u1ee7 c\u00f3 di\u1ec7n t\u00edch r\u1ea5t l\u00e0 nh\u1ecf g\u1ecdn ch\u1eb3ng h\u1ea1n.<\/p>\n<p><img decoding=\"async\" class=\"wp-image-54898 size-large aligncenter\" src=\"https:\/\/tivixiaomi.co\/wp-content\/uploads\/2020\/04\/IMG_9454-1024x683.jpg\" alt=\"\" width=\"1024\" height=\"683\" srcset=\"https:\/\/tivixiaomi.co\/wp-content\/uploads\/2020\/04\/IMG_9454-1024x683.jpg 1024w, https:\/\/tivixiaomi.co\/wp-content\/uploads\/2020\/04\/IMG_9454-scaled-jpg-150x100.webp 150w, https:\/\/tivixiaomi.co\/wp-content\/uploads\/2020\/04\/IMG_9454-600x400.jpg 600w, https:\/\/tivixiaomi.co\/wp-content\/uploads\/2020\/04\/IMG_9454-300x200.jpg 300w, https:\/\/tivixiaomi.co\/wp-content\/uploads\/2020\/04\/IMG_9454-768x512.jpg 768w, https:\/\/tivixiaomi.co\/wp-content\/uploads\/2020\/04\/IMG_9454-1536x1024.jpg 1536w, https:\/\/tivixiaomi.co\/wp-content\/uploads\/2020\/04\/IMG_9454-2048x1365.jpg 2048w\" sizes=\"(max-width: 1024px) 100vw, 1024px\" \/><\/p>\n<p><img decoding=\"async\" class=\"aligncenter wp-image-54902 size-large\" src=\"https:\/\/tivixiaomi.co\/wp-content\/uploads\/2020\/04\/IMG_9438-1024x683.jpg\" alt=\"\" width=\"1024\" height=\"683\" srcset=\"https:\/\/tivixiaomi.co\/wp-content\/uploads\/2020\/04\/IMG_9438-1024x683.jpg 1024w, https:\/\/tivixiaomi.co\/wp-content\/uploads\/2020\/04\/IMG_9438-scaled-jpg-150x100.webp 150w, https:\/\/tivixiaomi.co\/wp-content\/uploads\/2020\/04\/IMG_9438-600x400.jpg 600w, https:\/\/tivixiaomi.co\/wp-content\/uploads\/2020\/04\/IMG_9438-300x200.jpg 300w, https:\/\/tivixiaomi.co\/wp-content\/uploads\/2020\/04\/IMG_9438-768x512.jpg 768w, https:\/\/tivixiaomi.co\/wp-content\/uploads\/2020\/04\/IMG_9438-1536x1024.jpg 1536w, https:\/\/tivixiaomi.co\/wp-content\/uploads\/2020\/04\/IMG_9438-2048x1365.jpg 2048w\" sizes=\"(max-width: 1024px) 100vw, 1024px\" \/><\/p>\n<p style=\"text-align: justify;\">B\u00ean c\u1ea1nh \u0111\u00f3 th\u00ec n\u00f3 c\u0169ng gi\u00fap cho chi\u1ebfc Redmi R40A 40 inch tr\u00f4ng hi\u1ec7n \u0111\u1ea1i h\u01a1n \u0111\u1ec3 c\u00f3 th\u1ec3 \u0111\u1ec3 trong v\u0103n ph\u00f2ng. Ch\u00fang ta v\u1eabn c\u00f3 ph\u1ea7n m\u1eb7t l\u01b0ng \u1edf \u0111\u00e2y th\u00ec n\u00f3 v\u1eabn trang b\u1ecb c\u1ed5ng k\u1ebft n\u1ed1i t\u01b0\u01a1ng t\u1ef1 nh\u01b0 l\u00e0 70 inch n\u00f3 ch\u1ec9 r\u00fat g\u1ecdn m\u1ed9t ch\u00fat x\u00edu th\u00f4i, bao g\u1ed3m 1 c\u1ed5ng USBA, 2 c\u1ed5ng HDMI, 1 c\u1ed5ng m\u1ea1ng LAN, 1 c\u1ed5ng Angten, 1 b\u1ed9 c\u1ed5ng AV v\u00e0 cu\u1ed1i c\u00f9ng s\u1ebd l\u00e0 1 c\u1ed5ng SPDIF. \u1ede ph\u1ea7n m\u1eb7t l\u01b0ng ch\u00fang ta v\u1eabn c\u00f3 nh\u1eefng v\u1ecb tr\u00ed c\u00e1c con \u1ed1c \u0111\u1ec3 c\u00f3 th\u1ec3 b\u1eaft treo chi\u1ebfc Tv Redmi 40 inch l\u00ean t\u01b0\u1eddng.<\/p>\n<h3>M\u00e0n h\u00ecnh hi\u1ec3n th\u1ecb c\u1ee7a Redmi R40A 40 inch<\/h3>\n<p><img loading=\"lazy\" decoding=\"async\" class=\"wp-image-54900 size-large aligncenter\" src=\"https:\/\/tivixiaomi.co\/wp-content\/uploads\/2020\/04\/IMG_9445-1024x656.jpg\" alt=\"\" width=\"1024\" height=\"656\" srcset=\"https:\/\/tivixiaomi.co\/wp-content\/uploads\/2020\/04\/IMG_9445-1024x656.jpg 1024w, https:\/\/tivixiaomi.co\/wp-content\/uploads\/2020\/04\/IMG_9445-scaled-jpg-150x96.webp 150w, https:\/\/tivixiaomi.co\/wp-content\/uploads\/2020\/04\/IMG_9445-600x384.jpg 600w, https:\/\/tivixiaomi.co\/wp-content\/uploads\/2020\/04\/IMG_9445-300x192.jpg 300w, https:\/\/tivixiaomi.co\/wp-content\/uploads\/2020\/04\/IMG_9445-768x492.jpg 768w, https:\/\/tivixiaomi.co\/wp-content\/uploads\/2020\/04\/IMG_9445-1536x984.jpg 1536w, https:\/\/tivixiaomi.co\/wp-content\/uploads\/2020\/04\/IMG_9445-2048x1312.jpg 2048w\" sizes=\"(max-width: 1024px) 100vw, 1024px\" \/><\/p>\n<p style=\"text-align: justify;\">V\u1ec1 ph\u1ea7n s\u1ea3n ph\u1ea9m n\u00e0y th\u00ec v\u1eabn c\u00f3 m\u00e0n h\u00ecnh k\u00edch th\u01b0\u1edbc l\u00e0 40 inch \u1edf \u0111\u00e2y v\u1edbi t\u1ea5m n\u1ec1n LCD c\u00f9ng \u0111\u1ed9 ph\u00e2n gi\u1ea3i full HD nh\u00e9, v\u00e0 \u0111\u1ed9 ph\u00e2n gi\u1ea3i FullHD \u1edf s\u1ea3n ph\u1ea9m n\u00e0y th\u1ef1c s\u1ef1 s\u1ebd \u0111em l\u1ea1i tr\u1ea3i nghi\u1ec7m nghe nh\u00ecn th\u1eadt s\u1ef1 s\u1eafc n\u00e9t \u1edf tr\u00ean c\u1ea3 chi\u1ebfc Redmi Tivi k\u00edch th\u01b0\u1edbc 40 inch. M\u00e0n h\u00ecnh n\u00e0y c\u0169ng s\u1ebd h\u1ed7 tr\u1ee3 nh\u1eefng ch\u1ee9c n\u0103ng truy\u1ec1n th\u1ed1ng nh\u01b0 nh\u1eefng chi\u1ebfc Redmi Tv tr\u01b0\u1edbc \u0111\u00e2y. V\u00ed d\u1ee5 nh\u01b0 kh\u1ea3 n\u0103ng tu\u1ef3 ch\u1ec9nh s\u00e2u h\u01a1n v\u1ec1 ph\u1ea7n hi\u1ec3n th\u1ecb: \u0111\u1ed9 s\u00e1ng, \u0111\u1ed9 t\u01b0\u01a1ng ph\u1ea3n, hay kh\u1ea3 n\u0103ng hi\u1ec3n th\u1ecb m\u00e0u s\u1eafc tr\u00ean s\u1ea3n ph\u1ea9m n\u00e0y.<\/p>\n<h3>C\u1ea5u h\u00ecnh \u1ed5n v\u1edbi m\u1ed9t chi\u1ebfc Tivi t\u1ea7m trung Redmi Tivi<\/h3>\n<p style=\"text-align: justify;\">V\u1ec1 c\u1ea5u h\u00ecnh b\u00ean trong th\u00ec Redmi TV 40 inch trang b\u1ecb cho m\u00ecnh m\u1ed9t con chip AMLOGIC v\u1edbi 4 nh\u00e2n xung nh\u1ecbp 1.4 Ghz. Ch\u00fang ta s\u1ebd c\u00f3 \u0111\u01b0\u1ee3c l\u00e0 1GB Ram, 8GB Rom, v\u00e0 \u0111\u00e2y l\u00e0 m\u1ed9t c\u1ea5u h\u00ecnh theo m\u00ecnh l\u00e0 r\u1ea5t \u0111\u1ee7 \u0111\u1ec3 \u0111\u00e1p \u1ee9ng nhu c\u1ea7u c\u01a1 b\u1ea3n tr\u00ean Android TV b\u00e2y gi\u1edd. V\u00ed d\u1ee5: Xem video Youtube.<\/p>\n<p><img loading=\"lazy\" decoding=\"async\" class=\"wp-image-54899 size-large aligncenter\" src=\"https:\/\/tivixiaomi.co\/wp-content\/uploads\/2020\/04\/IMG_9449-1024x683.jpg\" alt=\"\" width=\"1024\" height=\"683\" srcset=\"https:\/\/tivixiaomi.co\/wp-content\/uploads\/2020\/04\/IMG_9449-1024x683.jpg 1024w, https:\/\/tivixiaomi.co\/wp-content\/uploads\/2020\/04\/IMG_9449-scaled-jpg-150x100.webp 150w, https:\/\/tivixiaomi.co\/wp-content\/uploads\/2020\/04\/IMG_9449-600x400.jpg 600w, https:\/\/tivixiaomi.co\/wp-content\/uploads\/2020\/04\/IMG_9449-300x200.jpg 300w, https:\/\/tivixiaomi.co\/wp-content\/uploads\/2020\/04\/IMG_9449-768x512.jpg 768w, https:\/\/tivixiaomi.co\/wp-content\/uploads\/2020\/04\/IMG_9449-1536x1024.jpg 1536w, https:\/\/tivixiaomi.co\/wp-content\/uploads\/2020\/04\/IMG_9449-2048x1365.jpg 2048w\" sizes=\"(max-width: 1024px) 100vw, 1024px\" \/><\/p>\n<p style=\"text-align: justify;\">\u00a0Redmi R40A 40 inch c\u0169ng \u0111\u01b0\u1ee3c th\u1eeba h\u01b0\u1edfng h\u1ec7 \u0111i\u1ec1u h\u00e0nh Android nh\u01b0 nh\u1eefng chi\u1ebfc tivixiaomi kh\u00e1c. V\u1eady n\u00ean ch\u00fang ta s\u1ebd c\u00f3 \u0111\u01b0\u1ee3c h\u1ec7 \u1ee9ng d\u1ee5ng r\u1ea5t d\u1ed3i d\u00e0o \u0111\u1ebfn t\u1eeb h\u1ec7 \u0111i\u1ec1u h\u00e0nh Android \u0111\u1ec3 c\u00f3 th\u1ec3 c\u00e0i \u0111\u1eb7t chi\u1ebfc TV Xiaomi v\u00e0 nh\u1edd \u0111\u00f3 c\u00f3 th\u1ec3 m\u1edf r\u1ed9ng h\u01a1n n\u1eefa chi\u1ebfc Redmi Tv 40 inch.<\/p>\n<p><img loading=\"lazy\" decoding=\"async\" class=\"aligncenter wp-image-54904 size-large\" src=\"https:\/\/tivixiaomi.co\/wp-content\/uploads\/2020\/04\/IMG_9435-1024x683.jpg\" alt=\"\" width=\"1024\" height=\"683\" srcset=\"https:\/\/tivixiaomi.co\/wp-content\/uploads\/2020\/04\/IMG_9435-1024x683.jpg 1024w, https:\/\/tivixiaomi.co\/wp-content\/uploads\/2020\/04\/IMG_9435-scaled-jpg-150x100.webp 150w, https:\/\/tivixiaomi.co\/wp-content\/uploads\/2020\/04\/IMG_9435-600x400.jpg 600w, https:\/\/tivixiaomi.co\/wp-content\/uploads\/2020\/04\/IMG_9435-300x200.jpg 300w, https:\/\/tivixiaomi.co\/wp-content\/uploads\/2020\/04\/IMG_9435-768x512.jpg 768w, https:\/\/tivixiaomi.co\/wp-content\/uploads\/2020\/04\/IMG_9435-1536x1024.jpg 1536w, https:\/\/tivixiaomi.co\/wp-content\/uploads\/2020\/04\/IMG_9435-2048x1365.jpg 2048w\" sizes=\"(max-width: 1024px) 100vw, 1024px\" \/><\/p>\n<p style=\"text-align: justify;\">Ngo\u00e0i nh\u1eefng y\u1ebfu t\u1ed1 b\u00ean ngo\u00e0i h\u1ed7 tr\u1ee3 cho vi\u1ec7c gi\u1ea3i tr\u00ed c\u1ee7a chi\u1ebfc tv xiaomi n\u00e0y th\u00ec ch\u00fang ta v\u1eabn c\u00f3 \u0111\u1ea7y \u0111\u1ee7 nh\u1eefng c\u00f4ng ngh\u1ec7 \u1edf loa ngo\u00e0i ph\u00eda sau, v\u00ed d\u1ee5 nh\u01b0 l\u00e0 Doby v\u00e0 DTS, ch\u00fang ta c\u0169ng s\u1ebd c\u00f3 \u0111\u01b0\u1ee3c nh\u1eefng k\u1ebft n\u1ed1i kh\u00f4ng d\u00e2y v\u00ed d\u1ee5 nh\u01b0 Wifi , Bluetooth \u0111\u1ec3 gi\u00fap cho s\u1ea3n ph\u1ea9m n\u00e0y c\u00f3 th\u1ec3 \u0111a d\u1ea1ng ho\u00e1 kh\u1ea3 n\u0103ng k\u1ebft n\u1ed1i kh\u00f4ng d\u00e2y.<\/p>\n<p><img loading=\"lazy\" decoding=\"async\" class=\"wp-image-54905 size-large aligncenter\" src=\"https:\/\/tivixiaomi.co\/wp-content\/uploads\/2020\/04\/IMG_9433-1024x683.jpg\" alt=\"\" width=\"1024\" height=\"683\" srcset=\"https:\/\/tivixiaomi.co\/wp-content\/uploads\/2020\/04\/IMG_9433-1024x683.jpg 1024w, https:\/\/tivixiaomi.co\/wp-content\/uploads\/2020\/04\/IMG_9433-scaled-jpg-150x100.webp 150w, https:\/\/tivixiaomi.co\/wp-content\/uploads\/2020\/04\/IMG_9433-600x400.jpg 600w, https:\/\/tivixiaomi.co\/wp-content\/uploads\/2020\/04\/IMG_9433-300x200.jpg 300w, https:\/\/tivixiaomi.co\/wp-content\/uploads\/2020\/04\/IMG_9433-768x512.jpg 768w, https:\/\/tivixiaomi.co\/wp-content\/uploads\/2020\/04\/IMG_9433-1536x1024.jpg 1536w, https:\/\/tivixiaomi.co\/wp-content\/uploads\/2020\/04\/IMG_9433-2048x1365.jpg 2048w\" sizes=\"(max-width: 1024px) 100vw, 1024px\" \/><\/p>\n<p style=\"text-align: justify;\">V\u00e0 nh\u01b0 v\u1eady l\u00e0 m\u00ecnh c\u0169ng \u0111\u00e3 g\u1eedi t\u1edbi c\u00e1c b\u1ea1n m\u1ed9t video gi\u1edbi thi\u1ec7u nhanh c\u1ee7a chi\u1ebfc Redmi TV 40 inch. C\u00e1c b\u1ea1n ngh\u0129 g\u00ec v\u1ec1 s\u1ea3n ph\u1ea9m n\u00e0y th\u00ec c\u00f3 th\u1ec3 truy c\u1eadp v\u00e0o website c\u1ee7a Tivixiaomi.com \u0111\u1ec3 tham kh\u1ea3o th\u00eam nh\u00e9. C\u00f2n b\u00e2y gi\u1edd th\u00ec xin ch\u00e0o v\u00e0 h\u1eb9n g\u1eb7p l\u1ea1i!<\/p>\n","protected":false},"excerpt":{"rendered":"<ul>\n<li>D\u00f2ng RA 2020 Series<\/li>\n<li>M\u00e0n h\u00ecnh: Full HD<\/li>\n<li>RAM: 1GB<\/li>\n<li>Dung l\u01b0\u1ee3ng: 8GB<\/li>\n<\/ul>\n","protected":false},"featured_media":59256,"comment_status":"open","ping_status":"closed","template":"","meta":[],"product_brand":[],"product_cat":[27],"product_tag":[],"class_list":{"0":"post-54887","1":"product","2":"type-product","3":"status-publish","4":"has-post-thumbnail","6":"product_cat-chua-phan-loai","8":"first","9":"outofstock","10":"sale","11":"shipping-taxable","12":"purchasable","13":"product-type-simple"},"_links":{"self":[{"href":"https:\/\/tivixiaomi.co\/en\/wp-json\/wp\/v2\/product\/54887"}],"collection":[{"href":"https:\/\/tivixiaomi.co\/en\/wp-json\/wp\/v2\/product"}],"about":[{"href":"https:\/\/tivixiaomi.co\/en\/wp-json\/wp\/v2\/types\/product"}],"replies":[{"embeddable":true,"href":"https:\/\/tivixiaomi.co\/en\/wp-json\/wp\/v2\/comments?post=54887"}],"version-history":[{"count":0,"href":"https:\/\/tivixiaomi.co\/en\/wp-json\/wp\/v2\/product\/54887\/revisions"}],"wp:featuredmedia":[{"embeddable":true,"href":"https:\/\/tivixiaomi.co\/en\/wp-json\/wp\/v2\/media\/59256"}],"wp:attachment":[{"href":"https:\/\/tivixiaomi.co\/en\/wp-json\/wp\/v2\/media?parent=54887"}],"wp:term":[{"taxonomy":"product_brand","embeddable":true,"href":"https:\/\/tivixiaomi.co\/en\/wp-json\/wp\/v2\/product_brand?post=54887"},{"taxonomy":"product_cat","embeddable":true,"href":"https:\/\/tivixiaomi.co\/en\/wp-json\/wp\/v2\/product_cat?post=54887"},{"taxonomy":"product_tag","embeddable":true,"href":"https:\/\/tivixiaomi.co\/en\/wp-json\/wp\/v2\/product_tag?post=54887"}],"curies":[{"name":"wp","href":"https:\/\/api.w.org\/{rel}","templated":true}]}}