{"id":55219,"date":"2020-05-06T14:42:33","date_gmt":"2020-05-06T07:42:33","guid":{"rendered":"https:\/\/tivixiaomi.co\/?post_type=product&#038;p=55219"},"modified":"2024-09-04T13:29:05","modified_gmt":"2024-09-04T06:29:05","slug":"mitvall-screenpro-e75s","status":"publish","type":"product","link":"https:\/\/tivixiaomi.co\/en\/tivi\/mitvall-screenpro-e75s\/","title":{"rendered":"Tivi Xiaomi E75S PRO 75 inch"},"content":{"rendered":"<p style=\"text-align: justify;\"><span style=\"font-weight: 400;\">Smart Tivi Xiaomi M\u00e0n H\u00ecnh Tr\u00e0n Vi\u1ec1n 75 inch PRO E75S Gi\u00e1 r\u1ebb t\u1ea1i H\u00e0 N\u1ed9i, TP.HCM. Mi\u1ec5n ph\u00ed l\u1eafp \u0111\u1eb7t, H\u1ed7 tr\u1ee3 v\u1eadn chuy\u1ec3n trong n\u1ed9i th\u00e0nh, Hotline: 0984.311.230. Ch\u00e0o m\u1eebng c\u00e1c b\u1ea1n \u0111\u1ebfn v\u1edbi channel c\u1ee7a tivixiaomi.com. Ng\u00e0y h\u00f4m nay th\u00ec m\u00ecnh xin \u0111\u01b0\u1ee3c gi\u1edbi thi\u1ec7u t\u1edbi c\u00e1c b\u1ea1n m\u1ed9t m\u1eabu TV \u0111ang r\u1ea5t \u0111\u01b0\u1ee3c quan t\u00e2m c\u1ee7a Xiaomi hi\u1ec7n t\u1ea1i, \u0111\u00f3 l\u00e0 chi\u1ebfc MiTV 5 75\u201d E75S Pro. \u0110\u00e2y l\u00e0 m\u1ed9t trong nh\u1eefng chi\u1ebfc TV 75\u201d m\u1edbi nh\u1ea5t c\u1ee7a Xiaomi tr\u00ean th\u1ecb tr\u01b0\u1eddng hi\u1ec7n nay. Chi\u1ebfc Tivi PRO E75S \u0111\u01b0\u1ee3c n\u00e2ng c\u1ea5p \u0111\u00e1ng k\u1ec3 so v\u1edbi nh\u1eefng m\u1eabu Smart TV tr\u01b0\u1edbc \u0111\u00e2y c\u1ee7a Xiaomi, v\u1ec1 c\u1ea3 s\u1ee9c m\u1ea1nh ph\u1ea7n c\u1ee9ng v\u00e0 ch\u1ea5t l\u01b0\u1ee3ng h\u00ecnh \u1ea3nh. Chi\u1ebfc TV n\u00e0y ho\u00e0n to\u00e0n x\u1ee9ng \u0111\u00e1ng n\u1eb1m trong ph\u00e2n kh\u00fac cao c\u1ea5p tr\u00ean th\u1ecb tr\u01b0\u1eddng. Gi\u1edd ch\u00fang ta h\u00e3y c\u00f9ng \u0111\u00e1nh gi\u00e1 xem, Xiaomi TV E75S Pro c\u00f3 nh\u1eefng g\u00ec \u0111\u1eb7c bi\u1ec7t nh\u00e9.<\/span><\/p>\n<p><strong>Video \u0111\u00e1nh gi\u00e1 nhanh Smart Tivi Xiaomi M\u00e0n H\u00ecnh Tr\u00e0n Vi\u1ec1n 75 inch PRO E75S<\/strong><\/p>\n<p><iframe title=\"Mi TV Pro 75 inches E75S Bezel-less \u2022 TiviXiaomi.Com\" width=\"640\" height=\"360\" src=\"https:\/\/www.youtube.com\/embed\/DvKnijfuJRY?feature=oembed\" frameborder=\"0\" allow=\"accelerometer; autoplay; clipboard-write; encrypted-media; gyroscope; picture-in-picture; web-share\" referrerpolicy=\"strict-origin-when-cross-origin\" allowfullscreen><\/iframe><\/p>\n<h2>\u0110\u00e1nh gi\u00e1 nhanh thi\u1ebft k\u1ebf Tivi PRO E75S<\/h2>\n<h3 style=\"text-align: justify;\"><strong><img fetchpriority=\"high\" decoding=\"async\" class=\"aligncenter wp-image-55304 size-large\" src=\"https:\/\/tivixiaomi.co\/wp-content\/uploads\/2020\/05\/Mi-tivi-pro-75-inches-e75s-xiaomi.com-1-1024x576.jpg\" alt=\"\" width=\"1024\" height=\"576\" srcset=\"https:\/\/tivixiaomi.co\/wp-content\/uploads\/2020\/05\/Mi-tivi-pro-75-inches-e75s-xiaomi.com-1-1024x576.jpg 1024w, https:\/\/tivixiaomi.co\/wp-content\/uploads\/2020\/05\/Mi-tivi-pro-75-inches-e75s-xiaomi.com-1-jpg-150x84.webp 150w, https:\/\/tivixiaomi.co\/wp-content\/uploads\/2020\/05\/Mi-tivi-pro-75-inches-e75s-xiaomi.com-1-600x338.jpg 600w, https:\/\/tivixiaomi.co\/wp-content\/uploads\/2020\/05\/Mi-tivi-pro-75-inches-e75s-xiaomi.com-1-300x169.jpg 300w, https:\/\/tivixiaomi.co\/wp-content\/uploads\/2020\/05\/Mi-tivi-pro-75-inches-e75s-xiaomi.com-1-768x432.jpg 768w, https:\/\/tivixiaomi.co\/wp-content\/uploads\/2020\/05\/Mi-tivi-pro-75-inches-e75s-xiaomi.com-1-jpg.webp 1500w\" sizes=\"(max-width: 1024px) 100vw, 1024px\" \/><\/strong><\/h3>\n<p style=\"text-align: justify;\"><span style=\"font-weight: 400;\">\u0110\u1ea7u ti\u00ean m\u00ecnh s\u1ebd n\u00f3i qua v\u1ec1 k\u00edch th\u01b0\u1edbc c\u0169ng nh\u01b0 d\u00e1ng v\u1ebb b\u1ec1 ngo\u00e0i c\u1ee7a chi\u1ebfc TV n\u00e0y. <a href=\"https:\/\/tivixiaomi.co\/san-pham\/smart-tivi-xiaomi-man-hinh-tran-vien-75-inch-pro-e75s\/\"><strong>Tivi PRO E75S<\/strong><\/a> l\u00e0 m\u1ed9t chi\u1ebfc TV c\u1ee1 l\u1edbn nh\u01b0ng s\u1edf h\u1eefu m\u1ed9t \u0111\u1ed9 m\u1ecfng c\u1ef1c k\u1ef3 \u1ea5n t\u01b0\u1ee3ng, ch\u1ec9 h\u01a1n 10mm. Ph\u1ea7n khung vi\u1ec1n v\u00e0 ch\u00e2n \u0111\u1ebf c\u1ee7a TV l\u00e0m t\u1eeb h\u1ee3p kim nh\u00f4m cao c\u1ea5p, \u0111\u01b0\u1ee3c Xiaomi s\u1eed d\u1ee5ng c\u00f4ng ngh\u1ec7 kh\u1eafc laser \u0111\u1ec3 gia c\u00f4ng, m\u1eb7t sau thi\u1ebft k\u1ebf t\u1eeb ch\u1ea5t li\u1ec7u Kevlar, c\u1ef1c k\u1ef3 ch\u1eafc ch\u1eafn v\u00e0 h\u1ea1n ch\u1ebf t\u1ed1i \u0111a tr\u1ea7y x\u01b0\u1edbc khi treo TV l\u00ean t\u01b0\u1eddng. C\u00f2n khi \u0111\u1eb7t tr\u1ef1c ti\u1ebfp l\u00ean b\u00e0n, TV c\u0169ng \u0111\u01b0\u1ee3c trang b\u1ecb ph\u1ea7n ch\u00e2n \u0111\u1ebf h\u00ecnh ch\u1eef V ng\u01b0\u1ee3c c\u00f3 thi\u1ebft k\u1ebf hi\u1ec7n \u0111\u1ea1i. Chi\u1ebfc Tivi PRO E75S s\u1ebd gi\u1ed1ng nh\u01b0 m\u1ed9t t\u00e1c ph\u1ea9m ngh\u1ec7 thu\u1eadt trong ph\u00f2ng kh\u00e1ch c\u1ee7a gia \u0111\u00ecnh b\u1ea1n. V\u1ec1 k\u1ebft n\u1ed1i kh\u00f4ng d\u00e2y, TV c\u00f3 \u0111\u1ea7y \u0111\u1ee7 c\u00e1c k\u1ebft n\u1ed1i Wifi, h\u1ed3ng ngo\u1ea1i, bluetooth, gi\u00fap k\u1ebft n\u1ed1i d\u1ec5 d\u00e0ng v\u1edbi c\u00e1c thi\u1ebft b\u1ecb kh\u00e1c.<\/span><\/p>\n<h3 style=\"text-align: justify;\"><strong><img decoding=\"async\" class=\"aligncenter wp-image-55305 size-large\" src=\"https:\/\/tivixiaomi.co\/wp-content\/uploads\/2020\/05\/Mi-tivi-pro-75-inches-e75s-xiaomi.com-2-1024x576.jpg\" alt=\"\" width=\"1024\" height=\"576\" srcset=\"https:\/\/tivixiaomi.co\/wp-content\/uploads\/2020\/05\/Mi-tivi-pro-75-inches-e75s-xiaomi.com-2-1024x576.jpg 1024w, https:\/\/tivixiaomi.co\/wp-content\/uploads\/2020\/05\/Mi-tivi-pro-75-inches-e75s-xiaomi.com-2-jpg-150x84.webp 150w, https:\/\/tivixiaomi.co\/wp-content\/uploads\/2020\/05\/Mi-tivi-pro-75-inches-e75s-xiaomi.com-2-600x338.jpg 600w, https:\/\/tivixiaomi.co\/wp-content\/uploads\/2020\/05\/Mi-tivi-pro-75-inches-e75s-xiaomi.com-2-300x169.jpg 300w, https:\/\/tivixiaomi.co\/wp-content\/uploads\/2020\/05\/Mi-tivi-pro-75-inches-e75s-xiaomi.com-2-768x432.jpg 768w, https:\/\/tivixiaomi.co\/wp-content\/uploads\/2020\/05\/Mi-tivi-pro-75-inches-e75s-xiaomi.com-2-jpg.webp 1500w\" sizes=\"(max-width: 1024px) 100vw, 1024px\" \/><\/strong><\/h3>\n<p style=\"text-align: justify;\"><span style=\"font-weight: 400;\">C\u0169ng nh\u01b0 c\u00e1c m\u1eabu MiTV tr\u01b0\u1edbc \u0111\u00e2y, Tivi PRO E75S c\u0169ng c\u00f3 \u0111\u1ea7y \u0111\u1ee7 h\u1ec7 th\u1ed1ng loa v\u00e0 c\u00e1c c\u1ed5ng k\u1ebft n\u1ed1i \u0111\u01b0\u1ee3c b\u1ed1 tr\u00ed h\u1ee3p l\u00fd \u1edf m\u1eb7t sau. Ch\u00fang ta c\u00f3 th\u1ec3 th\u1ea5y ph\u00eda b\u00ean n\u00e0y l\u00e0 v\u1ecb tr\u00ed d\u00e2y ngu\u1ed3n, \u1edf gi\u1eefa l\u00e0 loa c\u00f9ng logo Xiaomi, c\u00f2n ph\u00eda n\u00e0y s\u1ebd l\u00e0 nh\u1eefng c\u1ed5ng k\u1ebft n\u1ed1i. V\u1edbi c\u00e1ch b\u1ed1 tr\u00ed n\u00e0y, TV s\u1ebd d\u1ec5 d\u00e0ng k\u1ebft n\u1ed1i h\u01a1n v\u00e0 v\u1eabn \u0111\u1ea3m b\u1ea3o \u0111\u01b0\u1ee3c t\u00ednh th\u1ea9m m\u1ef9.<\/span><\/p>\n<h3>\u0110\u00e1nh gi\u00e1 m\u00e0n h\u00ecnh c\u1ee7a Tivi PRO E75S<\/h3>\n<h3 style=\"text-align: justify;\"><strong><img decoding=\"async\" class=\"aligncenter wp-image-55306 size-large\" src=\"https:\/\/tivixiaomi.co\/wp-content\/uploads\/2020\/05\/Mi-tivi-pro-75-inches-e75s-xiaomi.com-3-1024x575.jpg\" alt=\"\" width=\"1024\" height=\"575\" srcset=\"https:\/\/tivixiaomi.co\/wp-content\/uploads\/2020\/05\/Mi-tivi-pro-75-inches-e75s-xiaomi.com-3-1024x575.jpg 1024w, https:\/\/tivixiaomi.co\/wp-content\/uploads\/2020\/05\/Mi-tivi-pro-75-inches-e75s-xiaomi.com-3-jpg-150x84.webp 150w, https:\/\/tivixiaomi.co\/wp-content\/uploads\/2020\/05\/Mi-tivi-pro-75-inches-e75s-xiaomi.com-3-600x337.jpg 600w, https:\/\/tivixiaomi.co\/wp-content\/uploads\/2020\/05\/Mi-tivi-pro-75-inches-e75s-xiaomi.com-3-300x168.jpg 300w, https:\/\/tivixiaomi.co\/wp-content\/uploads\/2020\/05\/Mi-tivi-pro-75-inches-e75s-xiaomi.com-3-768x431.jpg 768w, https:\/\/tivixiaomi.co\/wp-content\/uploads\/2020\/05\/Mi-tivi-pro-75-inches-e75s-xiaomi.com-3-jpg.webp 1500w\" sizes=\"(max-width: 1024px) 100vw, 1024px\" \/><\/strong><\/h3>\n<p style=\"text-align: justify;\"><span style=\"font-weight: 400;\">V\u1ec1 m\u00e0n h\u00ecnh th\u00ec \u0111\u00e2y ch\u1eafc ch\u1eafn l\u00e0 th\u1ee9 ch\u00fang ta quan t\u00e2m nh\u1ea5t khi ch\u1ecdn mua m\u1ed9t chi\u1ebfc TV, v\u00e0 Tivi PRO E75S s\u1ebd kh\u00f4ng l\u00e0m anh em th\u1ea5t v\u1ecdng. Chi\u1ebfc TV n\u00e0y c\u00f3 m\u00e0n h\u00ecnh 75\u201d tr\u00e0n vi\u1ec1n v\u1edbi \u0111\u1ed9 ph\u00e2n gi\u1ea3i c\u1ef1c cao l\u00ean \u0111\u1ebfn 4K. Trong k\u1ef7 nguy\u00ean 5G, Tivi PRO E75S l\u00e0 m\u1eabu TV \u0111\u1ea7u ti\u00ean c\u1ee7a Xiaomi h\u1ed7 tr\u1ee3 gi\u1ea3i m\u00e3 video 8K v\u00e0 ph\u00e1t l\u1ea1i m\u00e0 kh\u00f4ng b\u1ecb c\u1ea3n tr\u1edf. <\/span><\/p>\n<h3 style=\"text-align: justify;\"><strong><img loading=\"lazy\" decoding=\"async\" class=\"aligncenter wp-image-55307 size-large\" src=\"https:\/\/tivixiaomi.co\/wp-content\/uploads\/2020\/05\/Mi-tivi-pro-75-inches-e75s-xiaomi.com-4-1024x576.jpg\" alt=\"\" width=\"1024\" height=\"576\" srcset=\"https:\/\/tivixiaomi.co\/wp-content\/uploads\/2020\/05\/Mi-tivi-pro-75-inches-e75s-xiaomi.com-4-1024x576.jpg 1024w, https:\/\/tivixiaomi.co\/wp-content\/uploads\/2020\/05\/Mi-tivi-pro-75-inches-e75s-xiaomi.com-4-jpg-150x84.webp 150w, https:\/\/tivixiaomi.co\/wp-content\/uploads\/2020\/05\/Mi-tivi-pro-75-inches-e75s-xiaomi.com-4-600x338.jpg 600w, https:\/\/tivixiaomi.co\/wp-content\/uploads\/2020\/05\/Mi-tivi-pro-75-inches-e75s-xiaomi.com-4-300x169.jpg 300w, https:\/\/tivixiaomi.co\/wp-content\/uploads\/2020\/05\/Mi-tivi-pro-75-inches-e75s-xiaomi.com-4-768x432.jpg 768w, https:\/\/tivixiaomi.co\/wp-content\/uploads\/2020\/05\/Mi-tivi-pro-75-inches-e75s-xiaomi.com-4-jpg.webp 1500w\" sizes=\"(max-width: 1024px) 100vw, 1024px\" \/><\/strong><\/h3>\n<p style=\"text-align: justify;\"><span style=\"font-weight: 400;\">T\u1ea5m n\u1ec1n c\u1ee7a n\u00f3 c\u0169ng \u0111\u01b0\u1ee3c trang b\u1ecb c\u00f4ng ngh\u1ec7 ch\u1ea5m l\u01b0\u1ee3ng t\u1eed, h\u1ed7 tr\u1ee3 gam m\u00e0u r\u1ed9ng NTSC 108%. Ngo\u00e0i ra th\u00ec m\u00e0n h\u00ecnh c\u1ee7a chi\u1ebfc TV n\u00e0y c\u00f2n cho g\u00f3c nh\u00ecn c\u1ef1c r\u1ed9ng l\u00ean \u0111\u1ebfn 178<\/span><span style=\"font-weight: 400;\">\u00b0, gi\u00fap ch\u00fang ta c\u00f3 th\u1ec3 xem r\u00f5 r\u00e0ng t\u1eeb r\u1ea5t nhi\u1ec1u g\u00f3c trong ph\u00f2ng. T\u1ea5t c\u1ea3 nh\u1eefng \u0111i\u1ec1u m\u00ecnh v\u1eeba n\u00eau tr\u00ean \u0111\u1ec1u l\u00e0 nh\u1eefng t\u00ednh n\u0103ng ch\u1ec9 xu\u1ea5t hi\u1ec7n tr\u00ean nh\u1eefng m\u1eabu TV cao c\u1ea5p, v\u1eady n\u00ean d\u00f9 m\u00e0n h\u00ecnh c\u1ee7a TV l\u00e0 r\u1ea5t l\u1edbn nh\u01b0ng v\u1edbi s\u1ee9c m\u1ea1nh ph\u1ea7n c\u1ee9ng nh\u01b0 v\u1eady ch\u00fang ta c\u00f3 th\u1ec3 ho\u00e0n to\u00e0n t\u1eadn h\u01b0\u1edfng h\u00ecnh \u1ea3nh r\u00f5 n\u00e9t \u0111\u1ebfn t\u1eebng chi ti\u1ebft, kh\u00f4ng b\u1ecb v\u1ee1\/nh\u00f2e h\u00ecnh, v\u1edbi nh\u1eefng gam m\u00e0u s\u1ed1ng \u0111\u1ed9ng nh\u1ea5t. <\/span><\/p>\n<h3 style=\"text-align: justify;\"><strong><img loading=\"lazy\" decoding=\"async\" class=\"aligncenter wp-image-55308 size-large\" src=\"https:\/\/tivixiaomi.co\/wp-content\/uploads\/2020\/05\/Mi-tivi-pro-75-inches-e75s-xiaomi.com-5-1024x576.jpg\" alt=\"\" width=\"1024\" height=\"576\" srcset=\"https:\/\/tivixiaomi.co\/wp-content\/uploads\/2020\/05\/Mi-tivi-pro-75-inches-e75s-xiaomi.com-5-1024x576.jpg 1024w, https:\/\/tivixiaomi.co\/wp-content\/uploads\/2020\/05\/Mi-tivi-pro-75-inches-e75s-xiaomi.com-5-jpg-150x84.webp 150w, https:\/\/tivixiaomi.co\/wp-content\/uploads\/2020\/05\/Mi-tivi-pro-75-inches-e75s-xiaomi.com-5-600x338.jpg 600w, https:\/\/tivixiaomi.co\/wp-content\/uploads\/2020\/05\/Mi-tivi-pro-75-inches-e75s-xiaomi.com-5-300x169.jpg 300w, https:\/\/tivixiaomi.co\/wp-content\/uploads\/2020\/05\/Mi-tivi-pro-75-inches-e75s-xiaomi.com-5-768x432.jpg 768w, https:\/\/tivixiaomi.co\/wp-content\/uploads\/2020\/05\/Mi-tivi-pro-75-inches-e75s-xiaomi.com-5-jpg.webp 1500w\" sizes=\"(max-width: 1024px) 100vw, 1024px\" \/><\/strong><\/h3>\n<p style=\"text-align: justify;\"><span style=\"font-weight: 400;\">V\u1ec1 \u00e2m thanh th\u00ec nh\u01b0 th\u01b0\u1eddng l\u1ec7, c\u00f4ng ngh\u1ec7 Gi\u1ea3i m\u00e3 k\u00e9p \u00e2m thanh DOLBY AUDIO, DTS- HD tr\u1ee9 danh v\u1eabn s\u1ebd \u0111\u01b0\u1ee3c Xiaomi \u0111em v\u00e0o chi\u1ebfc Tivi PRO E75S, mang l\u1ea1i nh\u1eefng tr\u1ea3i nghi\u1ec7m gi\u1ea3i tr\u00ed t\u1ed1t nh\u1ea5t cho ng\u01b0\u1eddi xem.<\/span><\/p>\n<h3 style=\"text-align: justify;\">C\u1ea5u h\u00ecnh kh\u1ee7ng c\u1ee7a Tivi Xiaomi PRO E75S<\/h3>\n<h3 style=\"text-align: justify;\"><strong><img loading=\"lazy\" decoding=\"async\" class=\"aligncenter wp-image-55311 size-large\" src=\"https:\/\/tivixiaomi.co\/wp-content\/uploads\/2020\/05\/Mi-tivi-pro-75-inches-e75s-xiaomi.com-8-1024x576.jpg\" alt=\"\" width=\"1024\" height=\"576\" srcset=\"https:\/\/tivixiaomi.co\/wp-content\/uploads\/2020\/05\/Mi-tivi-pro-75-inches-e75s-xiaomi.com-8-1024x576.jpg 1024w, https:\/\/tivixiaomi.co\/wp-content\/uploads\/2020\/05\/Mi-tivi-pro-75-inches-e75s-xiaomi.com-8-jpg-150x84.webp 150w, https:\/\/tivixiaomi.co\/wp-content\/uploads\/2020\/05\/Mi-tivi-pro-75-inches-e75s-xiaomi.com-8-600x338.jpg 600w, https:\/\/tivixiaomi.co\/wp-content\/uploads\/2020\/05\/Mi-tivi-pro-75-inches-e75s-xiaomi.com-8-300x169.jpg 300w, https:\/\/tivixiaomi.co\/wp-content\/uploads\/2020\/05\/Mi-tivi-pro-75-inches-e75s-xiaomi.com-8-768x432.jpg 768w, https:\/\/tivixiaomi.co\/wp-content\/uploads\/2020\/05\/Mi-tivi-pro-75-inches-e75s-xiaomi.com-8-jpg.webp 1500w\" sizes=\"(max-width: 1024px) 100vw, 1024px\" \/><\/strong><\/h3>\n<p style=\"text-align: justify;\"><span style=\"font-weight: 400;\">Ti\u1ebfp theo, h\u00e3y c\u00f9ng m\u00ecnh \u0111\u00e1nh gi\u00e1 c\u1ea5u h\u00ecnh v\u00e0 hi\u1ec7u n\u0103ng c\u1ee7a chi\u1ebfc TV n\u00e0y. Tivi PRO E75S \u0111\u01b0\u1ee3c trang b\u1ecb con chip l\u00f5i t\u1ee9 Amlogic T972 Cortex A55. \u0110\u00e2y l\u00e0 s\u1ea3n ph\u1ea9m c\u1ee7a h\u00e3ng thi\u1ebft k\u1ebf chip danh ti\u1ebfng t\u1eeb M\u0129 Amlogic c\u00f9ng h\u1ee3p t\u00e1c v\u1edbi Xiaomi, \u0111\u01b0\u1ee3c ra m\u1eaft v\u00e0o cu\u1ed1i n\u0103m 2018. V\u1edbi nh\u00e2n A55, chi\u1ebfc TV c\u1ee7a b\u1ea1n s\u1ebd c\u00f3 kh\u1ea3 n\u0103ng x\u1eed l\u00fd r\u1ea5t nhanh nh\u1eefng t\u00e1c v\u1ee5 th\u00f4ng th\u01b0\u1eddng, m\u00e0 v\u1eabn \u0111\u1ea3m b\u1ea3o l\u01b0\u1ee3ng \u0111i\u1ec7n n\u0103ng ti\u00eau th\u1ee5 \u0111\u01b0\u1ee3c ti\u1ebft ki\u1ec7m h\u01a1n t\u1edbi 55%. TV \u0111\u01b0\u1ee3c c\u00e0i s\u1eb5n h\u1ec7 \u0111i\u1ec1u h\u00e0nh Android TV9, h\u1ec7 \u0111i\u1ec1u h\u00e0nh m\u1edbi nh\u1ea5t hi\u1ec7n nay d\u00e0nh cho TV. <\/span><\/p>\n<h3 style=\"text-align: justify;\"><strong><img loading=\"lazy\" decoding=\"async\" class=\"aligncenter wp-image-55310 size-large\" src=\"https:\/\/tivixiaomi.co\/wp-content\/uploads\/2020\/05\/Mi-tivi-pro-75-inches-e75s-xiaomi.com-7-1024x576.jpg\" alt=\"\" width=\"1024\" height=\"576\" srcset=\"https:\/\/tivixiaomi.co\/wp-content\/uploads\/2020\/05\/Mi-tivi-pro-75-inches-e75s-xiaomi.com-7-1024x576.jpg 1024w, https:\/\/tivixiaomi.co\/wp-content\/uploads\/2020\/05\/Mi-tivi-pro-75-inches-e75s-xiaomi.com-7-jpg-150x84.webp 150w, https:\/\/tivixiaomi.co\/wp-content\/uploads\/2020\/05\/Mi-tivi-pro-75-inches-e75s-xiaomi.com-7-600x338.jpg 600w, https:\/\/tivixiaomi.co\/wp-content\/uploads\/2020\/05\/Mi-tivi-pro-75-inches-e75s-xiaomi.com-7-300x169.jpg 300w, https:\/\/tivixiaomi.co\/wp-content\/uploads\/2020\/05\/Mi-tivi-pro-75-inches-e75s-xiaomi.com-7-768x432.jpg 768w, https:\/\/tivixiaomi.co\/wp-content\/uploads\/2020\/05\/Mi-tivi-pro-75-inches-e75s-xiaomi.com-7-jpg.webp 1500w\" sizes=\"(max-width: 1024px) 100vw, 1024px\" \/><\/strong><\/h3>\n<p style=\"text-align: justify;\"><span style=\"font-weight: 400;\">N\u00f3 cung c\u1ea5p \u0111\u1ea7y \u0111\u1ee7 c\u00e1c t\u00ednh n\u0103ng, \u1ee9ng d\u1ee5ng t\u1eeb h\u1ec7 sinh th\u00e1i Android m\u00e0 b\u1ea1n mu\u1ed1n. TV c\u00f3 b\u1ed9 nh\u1edb RAM 2GB v\u00e0 32GB l\u01b0u tr\u1eef, gi\u00fap b\u1ea1n c\u00f3 th\u1ec3 tho\u1ea3i m\u00e1i t\u1ea3i phim, \u1ee9ng d\u1ee5ng tr\u00ean kho app c\u1ee7a Android. B\u00ean c\u1ea1nh \u0111\u00f3 Tivi PRO E75S c\u0169ng c\u00f3 kh\u1ea3 n\u0103ng nh\u1eadn di\u1ec7n gi\u1ecdng n\u00f3i, cho ph\u00e9p b\u1ea1n th\u1ef1c hi\u1ec7n nh\u1eefng c\u00e2u l\u1ec7nh \u0111\u01a1n gi\u1ea3n m\u1ed9t c\u00e1ch nhanh ch\u00f3ng m\u00e0 kh\u00f4ng c\u1ea7n \u0111\u1ebfn chi\u1ebfc \u0111i\u1ec1u khi\u1ec3n hay l\u00e0 b\u00e0n ph\u00edm. <\/span><\/p>\n<h3 style=\"text-align: justify;\"><strong><img loading=\"lazy\" decoding=\"async\" class=\"aligncenter wp-image-55309 size-large\" src=\"https:\/\/tivixiaomi.co\/wp-content\/uploads\/2020\/05\/Mi-tivi-pro-75-inches-e75s-xiaomi.com-6-1024x576.jpg\" alt=\"\" width=\"1024\" height=\"576\" srcset=\"https:\/\/tivixiaomi.co\/wp-content\/uploads\/2020\/05\/Mi-tivi-pro-75-inches-e75s-xiaomi.com-6-1024x576.jpg 1024w, https:\/\/tivixiaomi.co\/wp-content\/uploads\/2020\/05\/Mi-tivi-pro-75-inches-e75s-xiaomi.com-6-jpg-150x84.webp 150w, https:\/\/tivixiaomi.co\/wp-content\/uploads\/2020\/05\/Mi-tivi-pro-75-inches-e75s-xiaomi.com-6-600x338.jpg 600w, https:\/\/tivixiaomi.co\/wp-content\/uploads\/2020\/05\/Mi-tivi-pro-75-inches-e75s-xiaomi.com-6-300x169.jpg 300w, https:\/\/tivixiaomi.co\/wp-content\/uploads\/2020\/05\/Mi-tivi-pro-75-inches-e75s-xiaomi.com-6-768x432.jpg 768w, https:\/\/tivixiaomi.co\/wp-content\/uploads\/2020\/05\/Mi-tivi-pro-75-inches-e75s-xiaomi.com-6-jpg.webp 1500w\" sizes=\"(max-width: 1024px) 100vw, 1024px\" \/><\/strong><\/h3>\n<p style=\"text-align: justify;\"><span style=\"font-weight: 400;\">Ngo\u00e0i ra, TV c\u0169ng \u0111\u01b0\u1ee3c c\u00e0i s\u1eb5n \u1ee9ng d\u1ee5ng SmartHome t\u1edbi t\u1eeb Xiaomi. \u1ee8ng d\u1ee5ng n\u00e0y bi\u1ebfn TV th\u00e0nh trung t\u00e2m \u0111i\u1ec1u khi\u1ec3n c\u1ee7a c\u00e1c thi\u1ebft b\u1ecb Xiaomi th\u00f4ng minh kh\u00e1c trong nh\u00e0, v\u00ed d\u1ee5 nh\u01b0 \u0111\u00e8n b\u00e0n, camera, m\u00e1y l\u1ecdc kh\u00f4ng kh\u00ed, v.v.. Chung quy l\u1ea1i l\u00e0 anh em ch\u1ec9 c\u1ea7n ng\u1ed3i m\u1ed9t ch\u1ed7 v\u00e0 t\u1eadn h\u01b0\u1edfng m\u00e0 th\u00f4i.<\/span><\/p>\n<h3 style=\"text-align: justify;\"><strong>S\u1ef1 l\u1ef1a ch\u1ecdn ho\u00e0n h\u1ea3o mang t\u00ean Tivi PRO E75S<\/strong><\/h3>\n<h3 style=\"text-align: justify;\"><strong> \u00a0 \u00a0 \u00a0\u00a0\u00a0<img loading=\"lazy\" decoding=\"async\" class=\"aligncenter wp-image-55312 size-large\" src=\"https:\/\/tivixiaomi.co\/wp-content\/uploads\/2020\/05\/Mi-tivi-pro-75-inches-e75s-xiaomi.com-9-1024x576.jpg\" alt=\"\" width=\"1024\" height=\"576\" srcset=\"https:\/\/tivixiaomi.co\/wp-content\/uploads\/2020\/05\/Mi-tivi-pro-75-inches-e75s-xiaomi.com-9-1024x576.jpg 1024w, https:\/\/tivixiaomi.co\/wp-content\/uploads\/2020\/05\/Mi-tivi-pro-75-inches-e75s-xiaomi.com-9-jpg-150x84.webp 150w, https:\/\/tivixiaomi.co\/wp-content\/uploads\/2020\/05\/Mi-tivi-pro-75-inches-e75s-xiaomi.com-9-600x338.jpg 600w, https:\/\/tivixiaomi.co\/wp-content\/uploads\/2020\/05\/Mi-tivi-pro-75-inches-e75s-xiaomi.com-9-300x169.jpg 300w, https:\/\/tivixiaomi.co\/wp-content\/uploads\/2020\/05\/Mi-tivi-pro-75-inches-e75s-xiaomi.com-9-768x432.jpg 768w, https:\/\/tivixiaomi.co\/wp-content\/uploads\/2020\/05\/Mi-tivi-pro-75-inches-e75s-xiaomi.com-9-jpg.webp 1500w\" sizes=\"(max-width: 1024px) 100vw, 1024px\" \/><\/strong><\/h3>\n<p style=\"text-align: justify;\"><span style=\"font-weight: 400;\">T\u1ed5ng k\u1ebft l\u1ea1i, \u0111\u00e2y l\u00e0 chi\u1ebfc TV c\u1ee1 l\u1edbn \u0111\u00e1ng mua nh\u1ea5t d\u00e0nh cho ai c\u00f3 nhu c\u1ea7u s\u1edf h\u1eefu m\u1ed9t s\u1ea3n ph\u1ea9m TV cao c\u1ea5p. V\u1edbi c\u1ea5u h\u00ecnh m\u1ea1nh m\u1ebd nh\u01b0 v\u1eady, n\u00f3 \u0111\u00e1p \u1ee9ng \u0111\u01b0\u1ee3c h\u1ea7u h\u1ebft c\u00e1c nhu c\u1ea7u v\u1ec1 xem phim, gi\u1ea3i tr\u00ed, c\u0169ng nh\u01b0 \u0111\u1ed9 b\u1ec1n. C\u1ea5u h\u00ecnh m\u1ea1nh m\u1ebd v\u00e0 thi\u1ebft k\u1ebf sang tr\u1ecdng c\u0169ng l\u00e0 nh\u1eefng \u0111i\u1ec3m c\u1ed9ng r\u1ea5t l\u1edbn. Anh em c\u00f3 th\u1ec3 truy c\u1eadp ngay v\u00e0o \u0111\u01b0\u1eddng link m\u00f4 t\u1ea3 d\u01b0\u1edbi video \u0111\u1ec3 xem nh\u1eefng th\u00f4ng s\u1ed1 chi ti\u1ebft c\u1ee7a Xiaomi Tivi PRO E75S v\u00e0 \u0111\u1eebng qu\u00ean chia s\u1ebb c\u1ea3m ngh\u0129 c\u1ee7a m\u00ecnh \u1edf ph\u1ea7n b\u00ecnh lu\u1eadn. Gi\u1edd th\u00ec xin ch\u00e0o v\u00e0 h\u1eb9n g\u1eb7p l\u1ea1i trong nh\u1eefng video l\u1ea7n sau.<\/span><\/p>\n","protected":false},"excerpt":{"rendered":"<ul>\n<li>D\u00f2ng ES Pro 2019 Series<\/li>\n<li>M\u00e0n h\u00ecnh: 4K<\/li>\n<li>RAM: 2GB<\/li>\n<li>Dung l\u01b0\u1ee3ng: 32GB<\/li>\n<\/ul>\n","protected":false},"featured_media":63093,"comment_status":"open","ping_status":"closed","template":"","meta":[],"product_brand":[],"product_cat":[255,372],"product_tag":[],"class_list":{"0":"post-55219","1":"product","2":"type-product","3":"status-publish","4":"has-post-thumbnail","6":"product_cat-tivi-xiaomi-man-hinh-tran","7":"product_cat-tivi-xiaomi-es-pro","9":"first","10":"outofstock","11":"sale","12":"shipping-taxable","13":"purchasable","14":"product-type-simple"},"_links":{"self":[{"href":"https:\/\/tivixiaomi.co\/en\/wp-json\/wp\/v2\/product\/55219"}],"collection":[{"href":"https:\/\/tivixiaomi.co\/en\/wp-json\/wp\/v2\/product"}],"about":[{"href":"https:\/\/tivixiaomi.co\/en\/wp-json\/wp\/v2\/types\/product"}],"replies":[{"embeddable":true,"href":"https:\/\/tivixiaomi.co\/en\/wp-json\/wp\/v2\/comments?post=55219"}],"version-history":[{"count":0,"href":"https:\/\/tivixiaomi.co\/en\/wp-json\/wp\/v2\/product\/55219\/revisions"}],"wp:featuredmedia":[{"embeddable":true,"href":"https:\/\/tivixiaomi.co\/en\/wp-json\/wp\/v2\/media\/63093"}],"wp:attachment":[{"href":"https:\/\/tivixiaomi.co\/en\/wp-json\/wp\/v2\/media?parent=55219"}],"wp:term":[{"taxonomy":"product_brand","embeddable":true,"href":"https:\/\/tivixiaomi.co\/en\/wp-json\/wp\/v2\/product_brand?post=55219"},{"taxonomy":"product_cat","embeddable":true,"href":"https:\/\/tivixiaomi.co\/en\/wp-json\/wp\/v2\/product_cat?post=55219"},{"taxonomy":"product_tag","embeddable":true,"href":"https:\/\/tivixiaomi.co\/en\/wp-json\/wp\/v2\/product_tag?post=55219"}],"curies":[{"name":"wp","href":"https:\/\/api.w.org\/{rel}","templated":true}]}}