{"id":55253,"date":"2020-05-07T17:53:57","date_gmt":"2020-05-07T10:53:57","guid":{"rendered":"https:\/\/tivixiaomi.co\/?post_type=product&#038;p=55253"},"modified":"2024-09-09T16:46:49","modified_gmt":"2024-09-09T09:46:49","slug":"aircondition-f3w1","status":"publish","type":"product","link":"https:\/\/tivixiaomi.co\/en\/tivi\/aircondition-f3w1\/","title":{"rendered":"\u0110i\u1ec1u h\u00f2a Xiaomi 1 HP &#8211; 9.000 BTU KFR-26GW\/F3W1"},"content":{"rendered":"<p><span style=\"font-weight: 400\"><strong>\u0110i\u1ec1u h\u00f2a Xiaomi 1 HP &#8211; 9.000 BTU KFR-26GW\/F3W1<\/strong> Gi\u00e1 r\u1ebb t\u1ea1i H\u00e0 N\u1ed9i, TP.HCM. Mi\u1ec5n ph\u00ed l\u1eafp \u0111\u1eb7t, H\u1ed7 tr\u1ee3 v\u1eadn chuy\u1ec3n trong n\u1ed9i th\u00e0nh, Hotline: 0984.311.230. <\/span>CH\u00c0O M\u1eeaNG C\u00c1C B\u1ea0N \u0110\u00c3 QUAY TR\u1ede L\u1ea0I V\u1edaI <a href=\"http:\/\/TIVIXIAOMI.COM\" target=\"_blank\" rel=\"noopener\"><span class=\"s1\">TIVIXIAOMI.COM<\/span><\/a><\/p>\n<p class=\"p1\">V\u00e0 ch\u00fang ta d\u00e3 b\u1eaft \u0111\u1ea7u \u0111i v\u00e0o v\u1edbi m\u00f9a h\u00e8 r\u1ea5t n\u00f3ng n\u1ef1c c\u1ee7a n\u0103m 2020 r\u1ed3i . M\u1ed9t trong nh\u1eefng c\u00e1i v\u1eadt d\u1ee5ng c\u1ee7a ch\u00fang ta \u0111\u1ec3 c\u00f3 th\u1ec3 gi\u1ea3i to\u1ea3 \u0111\u01b0\u1ee3c c\u01a1n n\u00f3ng \u0111\u00f3 ch\u00ednh l\u00e0 nh\u1eefng chi\u1ebfc \u0111i\u1ec1u ho\u00e0 . M\u1eb7c d\u00f9 v\u1eady \u0111\u1ec3 t\u00ecm \u0111\u01b0\u1ee3c m\u1eabu \u0111i\u1ec1u ho\u00e0 m\u00e0 \u0111\u00e1p \u1ee9ng \u0111\u1ee7 ti\u00eau ch\u00ed <strong>NGON-B\u1ed4-R\u1eba<\/strong> tr\u00ean th\u1ecb tr\u01b0\u1eddng b\u00e2y gi\u1edd th\u1ef1c s\u1ef1 kh\u00f4ng h\u1ec1 d\u1ec5 m\u1ed9t ch\u00fat n\u00e0o \u0111\u00fang kh\u00f4ng ?<\/p>\n<p class=\"p1\">V\u00e0 trong Video h\u00f4m nay m\u00ecnh xin gi\u1edbi thi\u1ec7u v\u1edbi c\u00e1c b\u1ea1n 1 m\u1eabu \u0111i\u1ec1u ho\u00e0 t\u1edbi t\u1eeb Xiaomi nh\u00e9 , L\u00c0 1 th\u01b0\u01a1ng hi\u1ec7u v\u1ed1n \u0111\u00e3 n\u1ed5i ti\u1ebfng v\u1edbi nh\u1eefng s\u1ea3n ph\u1ea9m ngon b\u1ed5 r\u1ebb r\u1ed3i \u0111\u00fang kh\u00f4ng n\u00e0o ?S\u1ea3n ph\u1ea9m \u0111i\u1ec1u ho\u00e0 m\u00e0 m\u00ecnh mu\u1ed1n gi\u1edbi thi\u1ec7u v\u1edbi c\u00e1c b\u1ea1n ng\u00e0y h\u00f4m nay s\u1ebd ch\u1ec9 c\u00f3 gi\u00e1 l\u00e0<span class=\"Apple-converted-space\">\u00a0 <\/span>: <strong>6.490.000 VN\u0110<\/strong> m\u00e0 th\u00f4i , \u0111\u00e2y th\u1ef1c s\u1ef1 l\u00e0 m\u1ee9c gi\u00e1 v\u00f4 c\u00f9ng r\u1ebb so v\u1edbi 1 s\u1ea3n ph\u1ea9m \u0111i\u1ec1u ho\u00e0 .V\u1eady th\u00ec \u0111\u1ed1i v\u1edbi chi\u1ebfc \u0111i\u1ec1u ho\u00e0 m\u00e0 m\u00ecnh mu\u1ed1n gi\u1edbi thi\u1ec7u v\u1edbi c\u00e1c b\u1ea1n ng\u00e0y h\u00f4m nay th\u00ec n\u00f3 s\u1ebd c\u00f3 nh\u1eefng \u0111\u1eb7c \u0111i\u1ec3m g\u00ec n\u1ed5i b\u1eadt . Ch\u00fang ta h\u00e3y c\u00f9ng nhau t\u00ecm hi\u1ec3u nh\u00e9 :<\/p>\n<p><strong>Video \u0111\u00e1nh gi\u00e1 nhanh \u0110i\u1ec1u h\u00f2a Xiaomi 1 HP &#8211; 9.000 BTU KFR-26GW\/F3W1<\/strong><\/p>\n<p><iframe title=\"M\u00e1y \u0111i\u1ec1u h\u00f2a Xiaomi 1 HP \u2013 9,000 BTu\/h KFR-26GW\/F3W1 \u2022 TiviXiaomi.Com\" width=\"640\" height=\"360\" src=\"https:\/\/www.youtube.com\/embed\/O_bZQQPdD6M?feature=oembed\" frameborder=\"0\" allow=\"accelerometer; autoplay; clipboard-write; encrypted-media; gyroscope; picture-in-picture; web-share\" referrerpolicy=\"strict-origin-when-cross-origin\" allowfullscreen><\/iframe><\/p>\n<h2>\u0110\u00c1NH GI\u00c1 NHANH \u0110i\u1ec1u h\u00f2a Xiaomi 1 HP \u2013 9.000 BTU KFR-26GW\/F3W<\/h2>\n<p><img fetchpriority=\"high\" decoding=\"async\" class=\"alignnone wp-image-55422 size-large\" src=\"https:\/\/tivixiaomi.co\/wp-content\/uploads\/2020\/05\/1500-1-1024x683.jpg\" alt=\"\" width=\"1024\" height=\"683\" srcset=\"https:\/\/tivixiaomi.co\/wp-content\/uploads\/2020\/05\/1500-1-1024x683.jpg 1024w, https:\/\/tivixiaomi.co\/wp-content\/uploads\/2020\/05\/1500-1-jpg-150x100.webp 150w, https:\/\/tivixiaomi.co\/wp-content\/uploads\/2020\/05\/1500-1-600x400.jpg 600w, https:\/\/tivixiaomi.co\/wp-content\/uploads\/2020\/05\/1500-1-300x200.jpg 300w, https:\/\/tivixiaomi.co\/wp-content\/uploads\/2020\/05\/1500-1-768x512.jpg 768w, https:\/\/tivixiaomi.co\/wp-content\/uploads\/2020\/05\/1500-1-jpg.webp 1500w\" sizes=\"(max-width: 1024px) 100vw, 1024px\" \/><\/p>\n<p class=\"p1\">Chi\u1ebfc \u0111i\u1ec1u ho\u00e0 n\u00e0y trang b\u1ecb \u0111\u1ea7y \u0111\u1ee7 : C\u1ee5c n\u00f3ng , c\u1ee5c l\u1ea1nh , c\u00f9ng c\u00e1c ph\u1ee5 ki\u1ec7n k\u1ebft n\u1ed1i li\u00ean k\u1ebft nh\u01b0 gi\u00e1 \u0111\u1ee1 \u0111\u1ec3 treo c\u1ee5c l\u1ea1nh , \u1ed1c v\u00edt , \u2026<\/p>\n<p class=\"p1\">V\u1edbi nh\u1eefng b\u1ed9 ph\u1ee5 ki\u1ec7n \u0111\u1ea7y \u0111\u1ee7 s\u1eb5n c\u00f3 nh\u01b0 th\u1ebf n\u00e0y th\u00ec ch\u00fang ta c\u00f3 th\u1ec3 mua ngay b\u1ed9 s\u1ea3n ph\u1ea9m n\u00e0y v\u1ec1 v\u00e0 ti\u1ebfn h\u00e0nh l\u1eafp r\u00e1p m\u00e0 kh\u00f4ng s\u1ee3 ph\u1ea3i lo thi\u1ebfu b\u1ea5t c\u1ee9 1 m\u00f3n \u0111\u1ed3 g\u00ec .<\/p>\n<p class=\"p1\">V\u1ec1 t\u1ed5ng th\u1ec3 ng\u00f4n ng\u1eef thi\u1ebft k\u1ebf c\u1ee7a chi\u1ebfc \u0111i\u1ec1u ho\u00e0 Xiaomi , v\u1edbi l\u1ed1i thi\u1ebft k\u1ebf n\u00e0y th\u00ec ch\u00fang ta c\u00f3 th\u1ec3 d\u1ec5 d\u00e0ng treo va ph\u00f9 h\u1ee3p v\u1edbi m\u1ecdi kh\u00f4ng gian ph\u00f2ng . B\u1edfi v\u00ec \u0111\u00e2y l\u00e0 l\u1ed1i thi\u1ebft k\u1ebf r\u1ea5t \u0111\u01a1n gi\u1ea3n d\u1ec5 d\u00e0ng \u0103n nh\u1eadp v\u1edbi t\u1ed5ng th\u1ec3 thi\u1ebft k\u1ebf c\u1ee7a b\u1ea5t k\u1ef3 c\u0103n ph\u00f2ng n\u00e0o .<\/p>\n<p><img decoding=\"async\" class=\"alignnone wp-image-55423 size-large\" src=\"https:\/\/tivixiaomi.co\/wp-content\/uploads\/2020\/05\/1500-2-1024x683.jpg\" alt=\"\" width=\"1024\" height=\"683\" srcset=\"https:\/\/tivixiaomi.co\/wp-content\/uploads\/2020\/05\/1500-2-1024x683.jpg 1024w, https:\/\/tivixiaomi.co\/wp-content\/uploads\/2020\/05\/1500-2-jpg-150x100.webp 150w, https:\/\/tivixiaomi.co\/wp-content\/uploads\/2020\/05\/1500-2-600x400.jpg 600w, https:\/\/tivixiaomi.co\/wp-content\/uploads\/2020\/05\/1500-2-300x200.jpg 300w, https:\/\/tivixiaomi.co\/wp-content\/uploads\/2020\/05\/1500-2-768x512.jpg 768w, https:\/\/tivixiaomi.co\/wp-content\/uploads\/2020\/05\/1500-2-jpg.webp 1500w\" sizes=\"(max-width: 1024px) 100vw, 1024px\" \/><\/p>\n<p class=\"p1\">Ch\u1ea5t li\u1ec7u b\u00ean ngo\u00e0i \u0111\u1ec3 c\u1ea5u th\u00e0nh c\u1ee5c l\u1ea1nh n\u00e0y th\u00ec \u0111\u01b0\u1ee3c l\u00e0m t\u1eeb nh\u1ef1a APS mang l\u1ea1i \u0111\u1ed9 b\u1ec1n c\u0169ng nh\u01b0 \u0111\u1ed9 nh\u1eb9 nh\u00e0ng trong qu\u00e1 tr\u00ecnh s\u1eed d\u1ee5ng .<\/p>\n<p class=\"p1\">V\u00e0 ngo\u00e0i ra khi m\u00e0 ch\u00fang ta b\u1eadt chi\u1ebfc \u0111i\u1ec1u ho\u00e0 n\u00e0y l\u00ean c\u0169ng s\u1ebd c\u00f3 1 ph\u1ea7n \u0111\u00e8n LED hi\u1ec3n th\u1ecb \u1edf ph\u1ea7n g\u00f3c b\u00ean , hi\u1ec3n th\u1ecb ph\u1ea7n nhi\u1ec7t \u0111\u1ed9 c\u0169ng nh\u01b0 l\u00e0 c\u00e1c t\u00ednh n\u0103ng kh\u00e1c c\u1ee7a chi\u1ebfc \u0111i\u1ec1u ho\u00e0 n\u00e0y nh\u00e9 .<\/p>\n<p><img decoding=\"async\" class=\"alignnone wp-image-55424 size-large\" src=\"https:\/\/tivixiaomi.co\/wp-content\/uploads\/2020\/05\/1500-3-1024x683.jpg\" alt=\"\" width=\"1024\" height=\"683\" srcset=\"https:\/\/tivixiaomi.co\/wp-content\/uploads\/2020\/05\/1500-3-1024x683.jpg 1024w, https:\/\/tivixiaomi.co\/wp-content\/uploads\/2020\/05\/1500-3-jpg-150x100.webp 150w, https:\/\/tivixiaomi.co\/wp-content\/uploads\/2020\/05\/1500-3-600x400.jpg 600w, https:\/\/tivixiaomi.co\/wp-content\/uploads\/2020\/05\/1500-3-300x200.jpg 300w, https:\/\/tivixiaomi.co\/wp-content\/uploads\/2020\/05\/1500-3-768x512.jpg 768w, https:\/\/tivixiaomi.co\/wp-content\/uploads\/2020\/05\/1500-3-jpg.webp 1500w\" sizes=\"(max-width: 1024px) 100vw, 1024px\" \/><\/p>\n<p class=\"p1\">T\u1ea1i ph\u1ea7n c\u1ee5c n\u00f3ng th\u00ec ch\u00fang ta v\u1eabn s\u1ebd c\u00f3 thi\u1ebft k\u1ebf kh\u00e1 l\u00e0 b\u1ec1n b\u1ec9 \u1edf \u0111\u00e2y ho\u00e0n to\u00e0n b\u1eb1ng kim lo\u1ea1i \u0111i k\u00e8m l\u1edbp s\u01a1n ch\u1ed1ng ch\u1ecbu b\u1ee5i v\u00e0 n\u01b0\u1edbc . V\u00e0 ph\u1ea7n c\u1ee5c n\u00f3ng c\u0169ng cho ch\u00fang ta kh\u1ea3 n\u0103ng kh\u00e1ng n\u01b0\u1edbc l\u00ean t\u1edbi l\u00e0 IPX4 , \u0111\u1ea3m b\u1ea3o an to\u00e0n cho ph\u1ea7n c\u1ee5c n\u00f3ng khi m\u00e0 ch\u1ed1ng ch\u1ecbu \u1edf ngo\u00e0i tr\u1eddi .<\/p>\n<p><img loading=\"lazy\" decoding=\"async\" class=\"alignnone wp-image-55427 size-large\" src=\"https:\/\/tivixiaomi.co\/wp-content\/uploads\/2020\/05\/1500-6-1024x683.jpg\" alt=\"\" width=\"1024\" height=\"683\" srcset=\"https:\/\/tivixiaomi.co\/wp-content\/uploads\/2020\/05\/1500-6-1024x683.jpg 1024w, https:\/\/tivixiaomi.co\/wp-content\/uploads\/2020\/05\/1500-6-jpg-150x100.webp 150w, https:\/\/tivixiaomi.co\/wp-content\/uploads\/2020\/05\/1500-6-600x400.jpg 600w, https:\/\/tivixiaomi.co\/wp-content\/uploads\/2020\/05\/1500-6-300x200.jpg 300w, https:\/\/tivixiaomi.co\/wp-content\/uploads\/2020\/05\/1500-6-768x512.jpg 768w, https:\/\/tivixiaomi.co\/wp-content\/uploads\/2020\/05\/1500-6-jpg.webp 1500w\" sizes=\"(max-width: 1024px) 100vw, 1024px\" \/><\/p>\n<p class=\"p1\">V\u1ec1 ph\u1ea7n s\u1ee9c m\u1ea1nh ph\u00eda b\u00ean trong th\u00ec chi\u1ebfc \u0111i\u1ec1u ho\u00e0nafy c\u0169ng l\u00e0 1 chi\u1ebfc \u0111i\u1ec1u ho\u00e0 1HT9000PU . S\u1ea3n ph\u1ea9m n\u00e0y c\u0169ng cho ch\u00fang ta l\u01b0\u1ee3ng l\u01b0u th\u00f4ng l\u00ean t\u1edbi 520m kh\u1ed1i \/ h v\u00e0 nh\u01b0 v\u1eady l\u00e0 c\u00f3 th\u1ec3 th\u1ea5y chi\u1ebfc \u0111i\u1ec1u ho\u00e0 n\u00e0y r\u1ea5t ph\u00f9 h\u1ee3p trong nh\u1eefng c\u0103n ph\u00f2ng nh\u1ecf v\u00ed d\u1ee5 nh\u01b0 ph\u00f2ng ng\u1ee7 . C\u00f2n n\u1ebfu mu\u1ed1n s\u1eed d\u1ee5ng cho nh\u1eefng c\u0103n ph\u00f2ng to h\u01a1n nh\u01b0 ph\u00f2ng kh\u00e1ch , hay v\u0103n ph\u00f2ng l\u00e0m vi\u1ec7c th\u00ec ch\u00fang ta n\u00ea s\u1eed d\u1ee5ng chi\u1ebfc \u0111i\u1ec1u ho\u00e0 c\u00f3 c\u00f4ng su\u1ea5t l\u1edbn h\u01a1n nh\u00e9 .<\/p>\n<p><img loading=\"lazy\" decoding=\"async\" class=\"alignnone wp-image-55425 size-large\" src=\"https:\/\/tivixiaomi.co\/wp-content\/uploads\/2020\/05\/1500-4-1024x683.jpg\" alt=\"\" width=\"1024\" height=\"683\" srcset=\"https:\/\/tivixiaomi.co\/wp-content\/uploads\/2020\/05\/1500-4-1024x683.jpg 1024w, https:\/\/tivixiaomi.co\/wp-content\/uploads\/2020\/05\/1500-4-jpg-150x100.webp 150w, https:\/\/tivixiaomi.co\/wp-content\/uploads\/2020\/05\/1500-4-600x400.jpg 600w, https:\/\/tivixiaomi.co\/wp-content\/uploads\/2020\/05\/1500-4-300x200.jpg 300w, https:\/\/tivixiaomi.co\/wp-content\/uploads\/2020\/05\/1500-4-768x512.jpg 768w, https:\/\/tivixiaomi.co\/wp-content\/uploads\/2020\/05\/1500-4-jpg.webp 1500w\" sizes=\"(max-width: 1024px) 100vw, 1024px\" \/><\/p>\n<p class=\"p1\">C\u00f3 1 \u0111i\u1ec3m n\u1eefa l\u00e0 chi\u1ebfc \u0111i\u1ec1u ho\u00e0 n\u00e0y kh\u00e1 l\u00e0 \u1ed5n , khi m\u00e0 ti\u1ebfng \u1ed3n c\u1ee7a n\u00f3 ph\u00e1t ra v\u1edbi \u0111\u1ed9 \u1ed3n l\u1edbn nh\u1ea5t l\u00e0 25- 40dB(A) m\u00e0 th\u00f4i , ph\u00e1t ra ti\u1ebfng \u0111\u1ed9gn c\u0169ng nh\u01b0 \u00e2m thanh kh\u00e1 nh\u1eb9 nh\u00e0ng kh\u00f4ng g\u00e2y \u1ea3nh h\u01b0\u1edfng t\u1edbi c\u00f4ng vi\u1ec7c c\u1ee7a b\u1ea1n .<\/p>\n<h3><strong>S\u1ef1 l\u1ef1a ch\u1ecdn ho\u00e0n h\u1ea3o mang t\u00ean <\/strong>\u0110i\u1ec1u h\u00f2a Xiaomi 1 HP \u2013 9.000 BTU KFR-26GW\/F3W1<\/h3>\n<p><img loading=\"lazy\" decoding=\"async\" class=\"alignnone wp-image-55426 size-large\" src=\"https:\/\/tivixiaomi.co\/wp-content\/uploads\/2020\/05\/1500-5-1024x683.jpg\" alt=\"\" width=\"1024\" height=\"683\" srcset=\"https:\/\/tivixiaomi.co\/wp-content\/uploads\/2020\/05\/1500-5-1024x683.jpg 1024w, https:\/\/tivixiaomi.co\/wp-content\/uploads\/2020\/05\/1500-5-jpg-150x100.webp 150w, https:\/\/tivixiaomi.co\/wp-content\/uploads\/2020\/05\/1500-5-600x400.jpg 600w, https:\/\/tivixiaomi.co\/wp-content\/uploads\/2020\/05\/1500-5-300x200.jpg 300w, https:\/\/tivixiaomi.co\/wp-content\/uploads\/2020\/05\/1500-5-768x512.jpg 768w, https:\/\/tivixiaomi.co\/wp-content\/uploads\/2020\/05\/1500-5-jpg.webp 1500w\" sizes=\"(max-width: 1024px) 100vw, 1024px\" \/><\/p>\n<p class=\"p1\">\u0110\u00e2y ch\u1ec9 l\u00e0 1 m\u1eabu \u0111i\u1ec1u ho\u00e0 gi\u00e1 r\u1ebb n\u00ean kh\u00f4ng c\u00f3 kh\u1ea3 n\u0103ng k\u1ebft n\u1ed1i wifi \u0111\u1ec3 c\u00f3 th\u1ec3 \u0111i\u1ec1u ch\u1ec9nh th\u00f4ng qua nh\u1eefng \u1ee9ng d\u1ee5ng t\u1edbi t\u1eeb Xiaomi v\u00ed d\u1ee5 nh\u01b0 Mihome ch\u1eb3ng h\u1ea1n .N\u1ebfu nh\u01b0 ch\u00fang ta c\u1ea7n 1 s\u1ea3n ph\u1ea9m \u0111i\u1ec1u ho\u00e0 v\u1edbi t\u00ednh n\u0103ng th\u00f4ng th\u01b0\u1eddng th\u00ec chi\u1ebfc \u0111i\u1ec1u ho\u00e0 th\u1ef1c s\u1ef1 r\u1ea5t ph\u00f9 h\u1ee3p r\u1ed3i nh\u00e9 .<\/p>\n<p class=\"p1\">V\u00e0 nh\u01b0 v\u1eady m\u00ecnh \u0111\u00e3 g\u1eedi t\u1edbi c\u00e1c b\u1ea1n 1 m\u1eabu \u0111i\u1ec1u ho\u00e0 r\u1ea5t r\u1ebb t\u1edbi t\u1eeb XiaoMi , C\u00e1c b\u1ea1n ngh\u0129 g\u00ec v\u1ec1 s\u1ea3n ph\u1ea9m n\u00e0y , h\u00e3y \u0111\u1ec3 l\u1ea1i comment \u1edf d\u01b0\u1edbi n\u00e0y nh\u00e9 . V\u00e0 n\u1ebfu b\u1ea1n quan t\u00e2m t\u1edbi s\u1ea3n ph\u1ea9m n\u00e0y th\u00ec h\u00e3y truy c\u1eadp website : <a href=\"http:\/\/Tivixiaomi.com\" target=\"_blank\" rel=\"noopener\"><span class=\"s1\">Tivixiaomi.com<\/span><\/a> C\u00f2n b\u00e2y gi\u1edd th\u00ec xin ch\u00e0o v\u00e0 h\u1eb9n g\u1eb7p l\u1ea1i trong nh\u1eefng Video ti\u1ebfp theo !<\/p>\n<p><a href=\"https:\/\/tivixiaomi.co\/san-pham\/dieu-hoa-khong-khi-hieu-suat-nang-luong-lon-1hp-tan-so-co-dinh-muc-3\/\"><strong>\u0110i\u1ec1u ho\u00e0 Xiaomi<\/strong><\/a><\/p>\n","protected":false},"excerpt":{"rendered":"<ul>\n<li><b>Mi\u1ec5n ph\u00ed<\/b> c\u00f4ng l\u1eafp \u0111\u1eb7t (H\u00e0 N\u1ed9i v\u00e0 Th\u00e0nh ph\u1ed1 H\u1ed3 Ch\u00ed Minh)<\/li>\n<li><b>Mi\u1ec5n ph\u00ed<\/b> h\u00fat ch\u00e2n kh\u00f4ng m\u00e1y l\u1ea1nh.<\/li>\n<li>L\u1ed7i l\u00e0 \u0111\u1ed5i m\u1edbi trong\u00a0<b>101 ng\u00e0y<\/b> t\u1eadn nh\u00e0<\/li>\n<li>\u0110\u1ed5i tr\u1ea3 v\u00e0 b\u1ea3o h\u00e0nh c\u1ef1c d\u1ec5\u00a0<b>ch\u1ec9 c\u1ea7n s\u1ed1 \u0111i\u1ec7n tho\u1ea1i<\/b><\/li>\n<li>B\u1ea3o h\u00e0nh\u00a0<b>ch\u00ednh h\u00e3ng m\u00e1y l\u1ea1nh 1 n\u0103m<\/b>, c\u00f3 ng\u01b0\u1eddi \u0111\u1ebfn l\u1ea5y t\u1eadn nh\u00e0<\/li>\n<\/ul>\n","protected":false},"featured_media":55357,"comment_status":"open","ping_status":"closed","template":"","meta":[],"product_brand":[],"product_cat":[27],"product_tag":[],"class_list":{"0":"post-55253","1":"product","2":"type-product","3":"status-publish","4":"has-post-thumbnail","6":"product_cat-chua-phan-loai","8":"first","9":"outofstock","10":"shipping-taxable","11":"purchasable","12":"product-type-simple"},"_links":{"self":[{"href":"https:\/\/tivixiaomi.co\/en\/wp-json\/wp\/v2\/product\/55253"}],"collection":[{"href":"https:\/\/tivixiaomi.co\/en\/wp-json\/wp\/v2\/product"}],"about":[{"href":"https:\/\/tivixiaomi.co\/en\/wp-json\/wp\/v2\/types\/product"}],"replies":[{"embeddable":true,"href":"https:\/\/tivixiaomi.co\/en\/wp-json\/wp\/v2\/comments?post=55253"}],"version-history":[{"count":1,"href":"https:\/\/tivixiaomi.co\/en\/wp-json\/wp\/v2\/product\/55253\/revisions"}],"predecessor-version":[{"id":77519,"href":"https:\/\/tivixiaomi.co\/en\/wp-json\/wp\/v2\/product\/55253\/revisions\/77519"}],"wp:featuredmedia":[{"embeddable":true,"href":"https:\/\/tivixiaomi.co\/en\/wp-json\/wp\/v2\/media\/55357"}],"wp:attachment":[{"href":"https:\/\/tivixiaomi.co\/en\/wp-json\/wp\/v2\/media?parent=55253"}],"wp:term":[{"taxonomy":"product_brand","embeddable":true,"href":"https:\/\/tivixiaomi.co\/en\/wp-json\/wp\/v2\/product_brand?post=55253"},{"taxonomy":"product_cat","embeddable":true,"href":"https:\/\/tivixiaomi.co\/en\/wp-json\/wp\/v2\/product_cat?post=55253"},{"taxonomy":"product_tag","embeddable":true,"href":"https:\/\/tivixiaomi.co\/en\/wp-json\/wp\/v2\/product_tag?post=55253"}],"curies":[{"name":"wp","href":"https:\/\/api.w.org\/{rel}","templated":true}]}}