{"id":55313,"date":"2020-05-08T19:19:04","date_gmt":"2020-05-08T12:19:04","guid":{"rendered":"https:\/\/tivixiaomi.co\/?post_type=product&#038;p=55313"},"modified":"2024-09-03T21:50:24","modified_gmt":"2024-09-03T14:50:24","slug":"tu-lanh-xiaomi-mijia-483l","status":"publish","type":"product","link":"https:\/\/tivixiaomi.co\/en\/tivi\/tu-lanh-xiaomi-mijia-483l\/","title":{"rendered":"T\u1ee7 l\u1ea1nh Xiaomi side-by-side Mijia 483L"},"content":{"rendered":"<p>T\u1ee7 l\u1ea1nh side by side Xiaomi Mijia 483L Gi\u00e1 r\u1ebb t\u1ea1i H\u00e0 N\u1ed9i, TP.HCM. Mi\u1ec5n ph\u00ed l\u1eafp \u0111\u1eb7t, H\u1ed7 tr\u1ee3 v\u1eadn chuy\u1ec3n trong n\u1ed9i th\u00e0nh, Hotline: 0984.311.230. T\u1ee7 l\u1ea1nh side by side Xiaomi Mijia 483L gi\u00e1 ch\u1ec9 7 tri\u1ec7u \u0111\u1ed3ng li\u1ec7u c\u00f3 \u0111\u00e1ng tin. M\u1edbi \u0111\u00e2y th\u00ec Xiaomi l\u1ea1i tung ra m\u1ed9t s\u1ea3n ph\u1ea9m th\u00f4ng minh m\u1edbi ti\u1ec7n \u00edch trong nh\u00e0 \u0111\u00f3 ch\u00ednh l\u00e0 T\u1ee7 l\u1ea1nh Xiaomi. \u0110i\u1ec1u \u0111\u00e1ng ch\u00fa \u00fd l\u00e0 chi\u1ebfc t\u1ee7 l\u1ea1nh c\u00f3 ki\u1ec3u d\u00e1ng side by side dung t\u00edch l\u00ean t\u1edbi g\u1ea7n 500L l\u1ea1i ch\u1ec9 c\u00f3 gi\u00e1 h\u01a1n 7 tri\u1ec7u \u0111\u1ed3ng.<\/p>\n<p><strong>Video \u0111\u00e1nh gi\u00e1 s\u1ea3n ph\u1ea9m T\u1ee7 l\u1ea1nh side by side Xiaomi Mijia 483L<\/strong><\/p>\n<p><iframe title=\"T\u1ee7 l\u1ea1nh Xiaomi Side by Side 483L \u2022 TiviXiaomi.Com\" width=\"640\" height=\"360\" src=\"https:\/\/www.youtube.com\/embed\/j9ea6jGJDPA?feature=oembed\" frameborder=\"0\" allow=\"accelerometer; autoplay; clipboard-write; encrypted-media; gyroscope; picture-in-picture; web-share\" referrerpolicy=\"strict-origin-when-cross-origin\" allowfullscreen><\/iframe><\/p>\n<h2>\u0110\u00e1nh gi\u00e1 nhanh thi\u1ebft k\u1ebf, hi\u1ec7u n\u0103ng c\u1ee7a t\u1ee7 l\u1ea1nh side by side Xiaomi Mijia 483L<\/h2>\n<p><img fetchpriority=\"high\" decoding=\"async\" class=\"aligncenter wp-image-56705 size-large\" src=\"https:\/\/tivixiaomi.co\/wp-content\/uploads\/2020\/05\/Tu-lanh-side-by-side-Mijia-483L.jpg-6-683x1024.jpg\" alt=\"\" width=\"683\" height=\"1024\" srcset=\"https:\/\/tivixiaomi.co\/wp-content\/uploads\/2020\/05\/Tu-lanh-side-by-side-Mijia-483L.jpg-6-683x1024.jpg 683w, https:\/\/tivixiaomi.co\/wp-content\/uploads\/2020\/05\/Tu-lanh-side-by-side-Mijia-483L.jpg-6-jpg-100x150.webp 100w, https:\/\/tivixiaomi.co\/wp-content\/uploads\/2020\/05\/Tu-lanh-side-by-side-Mijia-483L.jpg-6-600x900.jpg 600w, https:\/\/tivixiaomi.co\/wp-content\/uploads\/2020\/05\/Tu-lanh-side-by-side-Mijia-483L.jpg-6-200x300.jpg 200w, https:\/\/tivixiaomi.co\/wp-content\/uploads\/2020\/05\/Tu-lanh-side-by-side-Mijia-483L.jpg-6-jpg.webp 720w\" sizes=\"(max-width: 683px) 100vw, 683px\" \/><\/p>\n<p><a href=\"https:\/\/tivixiaomi.co\/san-pham\/tu-lanh-xiaomi-mijia-483l\/\">T\u1ee7 l\u1ea1nh side by side Xiaomi Mijia 483L<\/a> c\u00f3 m\u1ed9t thi\u1ebft k\u1ebf vu\u00f4ng v\u1eafn v\u1edbi tone m\u00e0u ch\u1ee7 \u0111\u1ea1o \u0111\u00f3 ch\u00ednh l\u00e0 m\u00e0u x\u00e1m b\u1ea1c c\u1ef1c \u0111\u1eb9p. M\u1eb7t tr\u01b0\u1edbc c\u1ee7a s\u1ea3n ph\u1ea9m c\u00f3 m\u1ed9t m\u00e0n h\u00ecnh hi\u1ec3n th\u1ecb LED v\u1edbi c\u00e1c th\u00f4ng s\u1ed1 nhi\u1ec7t c\u1ee7a 2 t\u1ee7, ph\u1ea7n tay n\u1eafm m\u1edf c\u1eeda \u0111\u01b0\u1ee3c thi\u1ebft k\u1ebf r\u1ea5t tinh t\u1ebf khi \u0111\u1eb7t \u1ea9n ph\u00eda b\u00ean c\u1ea1nh c\u1ee7a c\u00e1nh t\u1ee7 t\u1ea1o c\u1ea3m gi\u00e1c ph\u1eb3ng cho ng\u01b0\u1eddi d\u00f9ng.<\/p>\n<p><img decoding=\"async\" class=\"aligncenter wp-image-56701 size-large\" src=\"https:\/\/tivixiaomi.co\/wp-content\/uploads\/2020\/05\/Tu-lanh-side-by-side-Mijia-483L.jpg-2-683x1024.jpg\" alt=\"\" width=\"683\" height=\"1024\" srcset=\"https:\/\/tivixiaomi.co\/wp-content\/uploads\/2020\/05\/Tu-lanh-side-by-side-Mijia-483L.jpg-2-683x1024.jpg 683w, https:\/\/tivixiaomi.co\/wp-content\/uploads\/2020\/05\/Tu-lanh-side-by-side-Mijia-483L.jpg-2-jpg-100x150.webp 100w, https:\/\/tivixiaomi.co\/wp-content\/uploads\/2020\/05\/Tu-lanh-side-by-side-Mijia-483L.jpg-2-600x900.jpg 600w, https:\/\/tivixiaomi.co\/wp-content\/uploads\/2020\/05\/Tu-lanh-side-by-side-Mijia-483L.jpg-2-200x300.jpg 200w, https:\/\/tivixiaomi.co\/wp-content\/uploads\/2020\/05\/Tu-lanh-side-by-side-Mijia-483L.jpg-2-jpg.webp 720w\" sizes=\"(max-width: 683px) 100vw, 683px\" \/><\/p>\n<p>M\u1ed9t v\u00e0i h\u00ecnh \u1ea3nh c\u1ee7a s\u1ea3n ph\u1ea9m T\u1ee7 l\u1ea1nh side by side Xiaomi Mijia 483L<\/p>\n<p><img decoding=\"async\" class=\"aligncenter wp-image-56702 size-large\" src=\"https:\/\/tivixiaomi.co\/wp-content\/uploads\/2020\/05\/Tu-lanh-side-by-side-Mijia-483L.jpg-3-683x1024.jpg\" alt=\"\" width=\"683\" height=\"1024\" srcset=\"https:\/\/tivixiaomi.co\/wp-content\/uploads\/2020\/05\/Tu-lanh-side-by-side-Mijia-483L.jpg-3-683x1024.jpg 683w, https:\/\/tivixiaomi.co\/wp-content\/uploads\/2020\/05\/Tu-lanh-side-by-side-Mijia-483L.jpg-3-jpg-100x150.webp 100w, https:\/\/tivixiaomi.co\/wp-content\/uploads\/2020\/05\/Tu-lanh-side-by-side-Mijia-483L.jpg-3-600x900.jpg 600w, https:\/\/tivixiaomi.co\/wp-content\/uploads\/2020\/05\/Tu-lanh-side-by-side-Mijia-483L.jpg-3-200x300.jpg 200w, https:\/\/tivixiaomi.co\/wp-content\/uploads\/2020\/05\/Tu-lanh-side-by-side-Mijia-483L.jpg-3-jpg.webp 720w\" sizes=\"(max-width: 683px) 100vw, 683px\" \/><\/p>\n<p><img loading=\"lazy\" decoding=\"async\" class=\"aligncenter wp-image-56703 size-large\" src=\"https:\/\/tivixiaomi.co\/wp-content\/uploads\/2020\/05\/Tu-lanh-side-by-side-Mijia-483L.jpg-4-683x1024.jpg\" alt=\"\" width=\"683\" height=\"1024\" srcset=\"https:\/\/tivixiaomi.co\/wp-content\/uploads\/2020\/05\/Tu-lanh-side-by-side-Mijia-483L.jpg-4-683x1024.jpg 683w, https:\/\/tivixiaomi.co\/wp-content\/uploads\/2020\/05\/Tu-lanh-side-by-side-Mijia-483L.jpg-4-jpg-100x150.webp 100w, https:\/\/tivixiaomi.co\/wp-content\/uploads\/2020\/05\/Tu-lanh-side-by-side-Mijia-483L.jpg-4-600x900.jpg 600w, https:\/\/tivixiaomi.co\/wp-content\/uploads\/2020\/05\/Tu-lanh-side-by-side-Mijia-483L.jpg-4-200x300.jpg 200w, https:\/\/tivixiaomi.co\/wp-content\/uploads\/2020\/05\/Tu-lanh-side-by-side-Mijia-483L.jpg-4-jpg.webp 720w\" sizes=\"(max-width: 683px) 100vw, 683px\" \/><\/p>\n<p>N\u1ebfu c\u00e1c b\u1ea1n \u0111ang quan t\u00e2m \u0111\u1ebfn s\u1ea3n ph\u1ea9m T\u1ee7 l\u1ea1nh side by side Xiaomi Mijia 483L c\u00f3 th\u1ec3 li\u00ean h\u1ec7 ngay \u0111\u1ebfn Hotline c\u1ee7a tivixiaomi.com \u0111\u1ec3 \u0111\u01b0\u1ee3c t\u01b0 v\u1ea5n c\u1ee5 th\u1ec3 nh\u1ea5t. Xin ch\u00e0o v\u00e0 h\u1eb9n g\u1eb7p l\u1ea1i c\u00e1c b\u1ea1n trong c\u00e1c b\u00e0i \u0111\u00e1nh gi\u00e1 ti\u1ebfp theo.<\/p>\n","protected":false},"excerpt":{"rendered":"<ul>\n<li>Bao quanh gi\u00f3 ba chi\u1ec1u, kh\u00f3a n\u01b0\u1edbc v\u00e0 gi\u1eef t\u01b0\u01a1i trong th\u1eddi gian d\u00e0i<\/li>\n<li>Chuy\u1ec3n \u0111\u1ed5i t\u1ea7n s\u1ed1 k\u00e9p \u0111\u1ea7y \u0111\u1ee7 DC, l\u00e0m m\u00e1t hi\u1ec7u qu\u1ea3 cao, ti\u1ebfng \u1ed3n th\u1ea5p v\u00e0 ti\u1ebft ki\u1ec7m n\u0103ng l\u01b0\u1ee3ng<\/li>\n<li>Ti\u00eau th\u1ee5 n\u0103ng l\u01b0\u1ee3ng th\u1ea5p, \u00edt h\u01a1n 1 kWh m\u1ed7i ng\u00e0y<\/li>\n<\/ul>\n","protected":false},"featured_media":61955,"comment_status":"open","ping_status":"closed","template":"","meta":[],"product_brand":[],"product_cat":[27],"product_tag":[],"class_list":{"0":"post-55313","1":"product","2":"type-product","3":"status-publish","4":"has-post-thumbnail","6":"product_cat-chua-phan-loai","8":"first","9":"outofstock","10":"shipping-taxable","11":"purchasable","12":"product-type-simple"},"_links":{"self":[{"href":"https:\/\/tivixiaomi.co\/en\/wp-json\/wp\/v2\/product\/55313"}],"collection":[{"href":"https:\/\/tivixiaomi.co\/en\/wp-json\/wp\/v2\/product"}],"about":[{"href":"https:\/\/tivixiaomi.co\/en\/wp-json\/wp\/v2\/types\/product"}],"replies":[{"embeddable":true,"href":"https:\/\/tivixiaomi.co\/en\/wp-json\/wp\/v2\/comments?post=55313"}],"version-history":[{"count":1,"href":"https:\/\/tivixiaomi.co\/en\/wp-json\/wp\/v2\/product\/55313\/revisions"}],"predecessor-version":[{"id":69994,"href":"https:\/\/tivixiaomi.co\/en\/wp-json\/wp\/v2\/product\/55313\/revisions\/69994"}],"wp:featuredmedia":[{"embeddable":true,"href":"https:\/\/tivixiaomi.co\/en\/wp-json\/wp\/v2\/media\/61955"}],"wp:attachment":[{"href":"https:\/\/tivixiaomi.co\/en\/wp-json\/wp\/v2\/media?parent=55313"}],"wp:term":[{"taxonomy":"product_brand","embeddable":true,"href":"https:\/\/tivixiaomi.co\/en\/wp-json\/wp\/v2\/product_brand?post=55313"},{"taxonomy":"product_cat","embeddable":true,"href":"https:\/\/tivixiaomi.co\/en\/wp-json\/wp\/v2\/product_cat?post=55313"},{"taxonomy":"product_tag","embeddable":true,"href":"https:\/\/tivixiaomi.co\/en\/wp-json\/wp\/v2\/product_tag?post=55313"}],"curies":[{"name":"wp","href":"https:\/\/api.w.org\/{rel}","templated":true}]}}