{"id":55397,"date":"2020-05-10T11:40:49","date_gmt":"2020-05-10T04:40:49","guid":{"rendered":"https:\/\/tivixiaomi.co\/?post_type=product&#038;p=55397"},"modified":"2024-04-22T13:55:52","modified_gmt":"2024-04-22T06:55:52","slug":"smart-tivi-xiaomi-4a-60-inch-mau-2020","status":"publish","type":"product","link":"https:\/\/tivixiaomi.co\/en\/tivi\/smart-tivi-xiaomi-4a-60-inch-mau-2020\/","title":{"rendered":"Smart Tivi Xiaomi 4A 60 inch M\u1eabu 2020"},"content":{"rendered":"<p>Smart Tivi Xiaomi 4A 60 inches Gi\u00e1 r\u1ebb t\u1ea1i H\u00e0 N\u1ed9i, TP.HCM. Mi\u1ec5n ph\u00ed l\u1eafp \u0111\u1eb7t, H\u1ed7 tr\u1ee3 v\u1eadn chuy\u1ec3n trong n\u1ed9i th\u00e0nh Mi Tivi 4A 60 inches, Hotline: 0984.311.230. Ch\u00e0o m\u1eebng c\u00e1c b\u1ea1n \u0111\u00e3 quay tr\u1edf l\u1ea1i v\u1edbi tivixiaomi.com. H\u00f4m nay ch\u00fang ta s\u1ebd c\u00f3 \u1edf \u0111\u00e2y m\u1ed9t s\u1ea3n ph\u1ea9m thu\u1ed9c d\u00f2ng Mi tivi 4A v\u1edbi k\u00edch th\u01b0\u1edbc 60 inches, tivixiaomi.com r\u1ea5t nhanh ch\u00f3ng v\u00e0 l\u00e0 \u0111\u01a1n v\u1ecb \u0111\u1ea7u ti\u00ean s\u1edf h\u1eefu si\u00eau ph\u1ea9m n\u00e0y. Kh\u00f4ng \u0111\u1ec3 c\u00e1c b\u1ea1n ph\u1ea3i ch\u1edd \u0111\u1ee3i l\u00e2u n\u1eefa tr\u1ea3i nghi\u1ec7m s\u1ea3n ph\u1ea9m n\u00e0y qua video v\u00e0 b\u00e0i \u0111\u00e1nh gi\u00e1 d\u01b0\u1edbi \u0111\u00e2y ngay th\u00f4i n\u00e0o.<\/p>\n<p><strong>Video \u0111\u00e1nh gi\u00e1 nhanh Mi Tivi 4A 60 inches \u0111\u1ea7u ti\u00ean t\u1ea1i Vi\u1ec7t Nam.<\/strong><\/p>\n<p><iframe title=\"Mi LED Smart TV 4A 60 inches \u2022 TiviXiaomi.Com\" width=\"640\" height=\"360\" src=\"https:\/\/www.youtube.com\/embed\/J9zUpoLGono?feature=oembed\" frameborder=\"0\" allow=\"accelerometer; autoplay; clipboard-write; encrypted-media; gyroscope; picture-in-picture; web-share\" referrerpolicy=\"strict-origin-when-cross-origin\" allowfullscreen><\/iframe><\/p>\n<h2 style=\"text-align: justify;\">Thi\u1ebft k\u1ebf theo phong c\u00e1ch Think Design xu h\u01b0\u1edbng c\u1ee7a t\u01b0\u01a1ng lai<\/h2>\n<p><img fetchpriority=\"high\" decoding=\"async\" class=\"aligncenter wp-image-56187 size-large\" src=\"https:\/\/tivixiaomi.co\/wp-content\/uploads\/2020\/05\/IMG_0225-1024x683.jpg\" alt=\"\" width=\"1024\" height=\"683\" srcset=\"https:\/\/tivixiaomi.co\/wp-content\/uploads\/2020\/05\/IMG_0225-1024x683.jpg 1024w, https:\/\/tivixiaomi.co\/wp-content\/uploads\/2020\/05\/IMG_0225-jpg-150x100.webp 150w, https:\/\/tivixiaomi.co\/wp-content\/uploads\/2020\/05\/IMG_0225-600x400.jpg 600w, https:\/\/tivixiaomi.co\/wp-content\/uploads\/2020\/05\/IMG_0225-300x200.jpg 300w, https:\/\/tivixiaomi.co\/wp-content\/uploads\/2020\/05\/IMG_0225-768x512.jpg 768w, https:\/\/tivixiaomi.co\/wp-content\/uploads\/2020\/05\/IMG_0225-jpg.webp 1500w\" sizes=\"(max-width: 1024px) 100vw, 1024px\" \/><\/p>\n<p style=\"text-align: justify;\">C\u00f3 th\u1ec3 n\u00f3i phong c\u00e1ch thi\u1ebft k\u1ebf &#8220;Think Design&#8221; hi\u1ec7n gi\u1edd \u0111ang l\u00e0 xu h\u01b0\u1edbng m\u1ea1nh m\u1ebd \u0111\u1ed1i v\u1edbi c\u00e1c s\u1ea3n ph\u1ea9m c\u00f4ng ngh\u1ec7 v\u00e0 \u0111\u1eb7c bi\u1ec7t l\u00e0 c\u00e1c s\u1ea3n ph\u1ea9m hi\u1ec3n th\u1ecb nh\u01b0 m\u00e0n h\u00ecnh hay Tivi. <a href=\"https:\/\/tivixiaomi.co\/san-pham\/smart-tivi-xiaomi-4a-60-inch-mau-2020\/\"><strong>Tivi Xiaomi 4A 60 inches<\/strong><\/a> c\u0169ng kh\u00f4ng n\u1eb1m ngo\u1ea1i l\u1ec7 khi \u0111\u01b0\u1ee3c h\u00e3ng th\u1ed5i h\u1ed3n m\u1ed9t l\u1ed1i thi\u1ebft k\u1ebf sang tr\u1ecdng, \u0111\u01a1n gi\u1ea3n v\u00e0 tinh t\u1ebf \u0111\u1ebfn v\u1eady. C\u00e1c c\u1ea1nh vi\u1ec1n \u0111\u01b0\u1ee3c m\u00e0n r\u1ea5t m\u1ecfng t\u1ea1o c\u1ea3m gi\u00e1c tr\u00e0n vi\u1ec1n cho s\u1ea3n ph\u1ea9m, duy ch\u1ec9 c\u00f3 c\u1ea1nh d\u01b0\u1edbi ch\u00fang ta c\u00f3 th\u00eam Logo c\u1ee7a Mi v\u00ec th\u1ebf s\u1ebd d\u00e0y h\u01a1n m\u1ed9t ch\u00fat nh\u1ecf.<\/p>\n<p><img decoding=\"async\" class=\"aligncenter wp-image-56172 size-large\" src=\"https:\/\/tivixiaomi.co\/wp-content\/uploads\/2020\/05\/IMG_0139-1024x681.jpg\" alt=\"\" width=\"1024\" height=\"681\" srcset=\"https:\/\/tivixiaomi.co\/wp-content\/uploads\/2020\/05\/IMG_0139-1024x681.jpg 1024w, https:\/\/tivixiaomi.co\/wp-content\/uploads\/2020\/05\/IMG_0139-jpg-150x100.webp 150w, https:\/\/tivixiaomi.co\/wp-content\/uploads\/2020\/05\/IMG_0139-600x399.jpg 600w, https:\/\/tivixiaomi.co\/wp-content\/uploads\/2020\/05\/IMG_0139-300x200.jpg 300w, https:\/\/tivixiaomi.co\/wp-content\/uploads\/2020\/05\/IMG_0139-768x511.jpg 768w, https:\/\/tivixiaomi.co\/wp-content\/uploads\/2020\/05\/IMG_0139-jpg.webp 1500w\" sizes=\"(max-width: 1024px) 100vw, 1024px\" \/><\/p>\n<p style=\"text-align: justify;\">Ngo\u00e0i ra v\u1edbi vi\u1ec7c s\u1edf h\u1eefu m\u1ed9t m\u00e0n h\u00ecnh l\u1edbn l\u00ean t\u1edbi 60 inches th\u00ec l\u1ea1i c\u00e0ng t\u0103ng c\u1ea3m gi\u00e1c vi\u1ec1n c\u1ee7a m\u00e0n h\u00ecnh n\u00e0y l\u00e0 r\u1ea5t r\u1ea5t m\u1ecfng. Ch\u00e2n \u0111\u1ebf \u0111\u01b0\u1ee3c xiaomi l\u00e0m b\u1eb1ng kim lo\u1ea1i r\u1ea5t ch\u1eafc ch\u1eafn, \u0111\u01b0\u01a1ng nhi\u00ean r\u1ed3i v\u1edbi tr\u1ecdng l\u01b0\u1ee3ng 13.8Kg th\u00ec vi\u1ec7c trang b\u1ecb m\u1ed9t ch\u00e2n \u0111\u1ebf kim lo\u1ea1i tr\u00ean nh\u1eefng s\u1ea3n ph\u1ea9m cao c\u1ea5p nh\u01b0 v\u1eady l\u00e0 vi\u1ec7c h\u1ebft s\u1ee9c c\u1ea7n thi\u1ebft.<\/p>\n<p><img decoding=\"async\" class=\"aligncenter wp-image-56179 size-large\" src=\"https:\/\/tivixiaomi.co\/wp-content\/uploads\/2020\/05\/IMG_0148-1024x683.jpg\" alt=\"\" width=\"1024\" height=\"683\" srcset=\"https:\/\/tivixiaomi.co\/wp-content\/uploads\/2020\/05\/IMG_0148-1024x683.jpg 1024w, https:\/\/tivixiaomi.co\/wp-content\/uploads\/2020\/05\/IMG_0148-jpg-150x100.webp 150w, https:\/\/tivixiaomi.co\/wp-content\/uploads\/2020\/05\/IMG_0148-600x400.jpg 600w, https:\/\/tivixiaomi.co\/wp-content\/uploads\/2020\/05\/IMG_0148-300x200.jpg 300w, https:\/\/tivixiaomi.co\/wp-content\/uploads\/2020\/05\/IMG_0148-768x512.jpg 768w, https:\/\/tivixiaomi.co\/wp-content\/uploads\/2020\/05\/IMG_0148-jpg.webp 1500w\" sizes=\"(max-width: 1024px) 100vw, 1024px\" \/><\/p>\n<p><img loading=\"lazy\" decoding=\"async\" class=\"aligncenter wp-image-56178 size-large\" src=\"https:\/\/tivixiaomi.co\/wp-content\/uploads\/2020\/05\/IMG_0147-1024x698.jpg\" alt=\"\" width=\"1024\" height=\"698\" srcset=\"https:\/\/tivixiaomi.co\/wp-content\/uploads\/2020\/05\/IMG_0147-1024x698.jpg 1024w, https:\/\/tivixiaomi.co\/wp-content\/uploads\/2020\/05\/IMG_0147-jpg-150x102.webp 150w, https:\/\/tivixiaomi.co\/wp-content\/uploads\/2020\/05\/IMG_0147-600x409.jpg 600w, https:\/\/tivixiaomi.co\/wp-content\/uploads\/2020\/05\/IMG_0147-300x204.jpg 300w, https:\/\/tivixiaomi.co\/wp-content\/uploads\/2020\/05\/IMG_0147-768x523.jpg 768w, https:\/\/tivixiaomi.co\/wp-content\/uploads\/2020\/05\/IMG_0147-jpg.webp 1500w\" sizes=\"(max-width: 1024px) 100vw, 1024px\" \/><\/p>\n<p><img loading=\"lazy\" decoding=\"async\" class=\"aligncenter wp-image-56180 size-large\" src=\"https:\/\/tivixiaomi.co\/wp-content\/uploads\/2020\/05\/IMG_0151-1024x683.jpg\" alt=\"\" width=\"1024\" height=\"683\" srcset=\"https:\/\/tivixiaomi.co\/wp-content\/uploads\/2020\/05\/IMG_0151-1024x683.jpg 1024w, https:\/\/tivixiaomi.co\/wp-content\/uploads\/2020\/05\/IMG_0151-jpg-150x100.webp 150w, https:\/\/tivixiaomi.co\/wp-content\/uploads\/2020\/05\/IMG_0151-600x400.jpg 600w, https:\/\/tivixiaomi.co\/wp-content\/uploads\/2020\/05\/IMG_0151-300x200.jpg 300w, https:\/\/tivixiaomi.co\/wp-content\/uploads\/2020\/05\/IMG_0151-768x512.jpg 768w, https:\/\/tivixiaomi.co\/wp-content\/uploads\/2020\/05\/IMG_0151-jpg.webp 1500w\" sizes=\"(max-width: 1024px) 100vw, 1024px\" \/><\/p>\n<p style=\"text-align: justify;\">To\u00e0n b\u1ed9 ph\u1ea7n m\u1eb7t l\u01b0ng \u0111\u01b0\u1ee3c l\u00e0m b\u1eb1ng nh\u1ef1a nh\u01b0ng kh\u00f4ng l\u00e0m gi\u1ea3m b\u1edbt \u0111i s\u1ef1 sang tr\u1ecdng cho s\u1ea3n ph\u1ea9m. Ph\u1ea7n m\u1eb7t l\u01b0ng n\u00e0y ch\u01b0a Logo Mi v\u00e0 v\u1ecb tr\u00ed c\u1ee7a nh\u1eefng con \u1ed1c gi\u00fap b\u1ea1n c\u00f3 th\u1ec3 b\u1eaft gi\u00e1 g\u1eafn treo t\u01b0\u1eddng, lo\u1ea1i b\u1ecf ch\u00e2n \u0111\u1ebf khi kh\u00f4ng c\u1ea7n thi\u1ebft.<\/p>\n<h3 style=\"text-align: justify;\">H\u1ed7 tr\u1ee3 m\u1ecdi lo\u1ea1i c\u1ed5ng k\u1ebft n\u1ed1i hi\u1ec7n t\u1ea1i v\u00e0 h\u01a1n th\u1ebf n\u1eefa<\/h3>\n<p><img loading=\"lazy\" decoding=\"async\" class=\"aligncenter wp-image-56186 size-large\" src=\"https:\/\/tivixiaomi.co\/wp-content\/uploads\/2020\/05\/IMG_0162-1024x683.jpg\" alt=\"\" width=\"1024\" height=\"683\" srcset=\"https:\/\/tivixiaomi.co\/wp-content\/uploads\/2020\/05\/IMG_0162-1024x683.jpg 1024w, https:\/\/tivixiaomi.co\/wp-content\/uploads\/2020\/05\/IMG_0162-jpg-150x100.webp 150w, https:\/\/tivixiaomi.co\/wp-content\/uploads\/2020\/05\/IMG_0162-600x400.jpg 600w, https:\/\/tivixiaomi.co\/wp-content\/uploads\/2020\/05\/IMG_0162-300x200.jpg 300w, https:\/\/tivixiaomi.co\/wp-content\/uploads\/2020\/05\/IMG_0162-768x512.jpg 768w, https:\/\/tivixiaomi.co\/wp-content\/uploads\/2020\/05\/IMG_0162-jpg.webp 1500w\" sizes=\"(max-width: 1024px) 100vw, 1024px\" \/><\/p>\n<p><img loading=\"lazy\" decoding=\"async\" class=\"aligncenter wp-image-56185 size-large\" src=\"https:\/\/tivixiaomi.co\/wp-content\/uploads\/2020\/05\/IMG_0160-1024x683.jpg\" alt=\"\" width=\"1024\" height=\"683\" srcset=\"https:\/\/tivixiaomi.co\/wp-content\/uploads\/2020\/05\/IMG_0160-1024x683.jpg 1024w, https:\/\/tivixiaomi.co\/wp-content\/uploads\/2020\/05\/IMG_0160-jpg-150x100.webp 150w, https:\/\/tivixiaomi.co\/wp-content\/uploads\/2020\/05\/IMG_0160-600x400.jpg 600w, https:\/\/tivixiaomi.co\/wp-content\/uploads\/2020\/05\/IMG_0160-300x200.jpg 300w, https:\/\/tivixiaomi.co\/wp-content\/uploads\/2020\/05\/IMG_0160-768x512.jpg 768w, https:\/\/tivixiaomi.co\/wp-content\/uploads\/2020\/05\/IMG_0160-jpg.webp 1500w\" sizes=\"(max-width: 1024px) 100vw, 1024px\" \/><\/p>\n<p style=\"text-align: justify;\">V\u1edbi m\u1ed9t d\u00f2ng s\u1ea3n ph\u1ea9m c\u1eadn cao c\u1ea5p nh\u01b0 Mi Tivi 4A 60 inches th\u00ec vi\u1ec7c trang b\u1ecb nh\u1eefng c\u1ed5ng k\u1ebft n\u1ed1i l\u00e0 r\u1ea5t \u0111\u1ea7y \u0111\u1ee7. Ch\u00fang ta c\u00f3 3 c\u1ed5ng HDMI chu\u1ea9 ARC 2 c\u1ed5ng USB 2.0 m\u1ed9t b\u1ed9 c\u1ed5ng k\u1ebft n\u1ed1i AV m\u1ed9t c\u1ed5ng m\u1ea1ng LAN v\u00e0 1 c\u1ed5ng truy\u1ec1n t\u00ecn hi\u1ec7u \u00e2m thanh S\/PDIF. V\u1edbi nh\u1eefng c\u1ed5ng k\u1ebft n\u1ed1i n\u00e0y b\u1ea1n c\u00f3 th\u1ec3 \u0111\u01b0a chi\u1ebfc Tivi 4A 60 inches n\u00e0y th\u00e0nh m\u1ed9t trung t\u00e2m hi\u1ec3n th\u1ecb, v\u1eeba c\u00f3 th\u1ec3 l\u00e0m thi\u1ebft b\u1ecb gi\u1ea3i tr\u00ed xu\u1ea5t h\u00ecnh \u1ea3nh t\u1eeb PC v\u1eeba c\u00f3 th\u1ec3 l\u00e0m thi\u1ebft b\u1ecb xu\u1ea5t h\u00ecnh \u1ea3nh xem camera an ninh trong nh\u00e0&#8230; r\u1ea5t r\u1ea5t nhi\u1ec1u \u1ee9ng d\u1ee5ng kh\u00e1c nhau.<\/p>\n<h3 style=\"text-align: justify;\">C\u00f4ng ngh\u1ec7 m\u00e0n h\u00ecnh LCD cho h\u00ecnh \u1ea3nh ch\u1ea5t l\u01b0\u1ee3ng ch\u00e2n th\u1ef1c c\u1ee7a Mi Tivi 4A 60 inches<\/h3>\n<p><img loading=\"lazy\" decoding=\"async\" class=\"aligncenter wp-image-56173 size-large\" src=\"https:\/\/tivixiaomi.co\/wp-content\/uploads\/2020\/05\/IMG_0140-1024x683.jpg\" alt=\"\" width=\"1024\" height=\"683\" srcset=\"https:\/\/tivixiaomi.co\/wp-content\/uploads\/2020\/05\/IMG_0140-1024x683.jpg 1024w, https:\/\/tivixiaomi.co\/wp-content\/uploads\/2020\/05\/IMG_0140-jpg-150x100.webp 150w, https:\/\/tivixiaomi.co\/wp-content\/uploads\/2020\/05\/IMG_0140-600x400.jpg 600w, https:\/\/tivixiaomi.co\/wp-content\/uploads\/2020\/05\/IMG_0140-300x200.jpg 300w, https:\/\/tivixiaomi.co\/wp-content\/uploads\/2020\/05\/IMG_0140-768x512.jpg 768w, https:\/\/tivixiaomi.co\/wp-content\/uploads\/2020\/05\/IMG_0140-jpg.webp 1500w\" sizes=\"(max-width: 1024px) 100vw, 1024px\" \/><\/p>\n<p style=\"text-align: justify;\">\u0110\u01b0\u1ee3c trang b\u1ecb c\u00f4ng ngh\u1ec7 t\u1ea5m n\u1ec1n LCD IPS chi\u1ebfc Mi Tiv 4A 60 inches cho ng\u01b0\u1eddi d\u00f9ng m\u1ed9t m\u00e0u s\u1eafc v\u00e0 h\u00ecnh \u1ea3nh kh\u00e1 \u0111\u1eb9p m\u1eaft v\u1edbi \u0111\u1ed9 ph\u00e2n gi\u1ea3i l\u00ean t\u1edbi 4K si\u00eau s\u1eafc n\u00e9t, g\u00f3c nh\u00ecn l\u00e0 r\u1ea5t t\u1ed1t v\u1edbi g\u00f3c nh\u00ecn 178 \u0111\u1ed9. B\u1ea1n c\u00f3 th\u1ec3 xem h\u00ecnh \u1ea3nh \u1edf m\u1ecdi v\u1ecb tr\u00ed m\u00e0 b\u1ea1n mu\u1ed1n kh\u00f4ng b\u1ecb gi\u1edbi h\u1ea1n nh\u01b0 nh\u1eefng t\u1ea5m n\u1ec1n tr\u01b0\u1edbc kia. M\u00e0u s\u1eafc \u0111\u01b0a ra s\u1ea3n ph\u1ea9m t\u1ed1t v\u00e0 ngo\u00e0i ra ng\u01b0\u1eddi d\u00f9ng c\u0169ng c\u00f3 th\u1ec3 t\u00f9y bi\u1ebfn c\u00e1c k\u00eanh m\u00e0u RGB ho\u1eb7c ch\u1ecdn c\u00e1c ki\u1ec3u m\u00e0u m\u00e0 Xiaomi \u0111\u00e3 t\u00edch h\u1ee3p s\u1eb5n tr\u00ean m\u00e1y.<\/p>\n<p><img loading=\"lazy\" decoding=\"async\" class=\"aligncenter wp-image-56174 size-large\" src=\"https:\/\/tivixiaomi.co\/wp-content\/uploads\/2020\/05\/IMG_0141-1024x691.jpg\" alt=\"\" width=\"1024\" height=\"691\" srcset=\"https:\/\/tivixiaomi.co\/wp-content\/uploads\/2020\/05\/IMG_0141-1024x691.jpg 1024w, https:\/\/tivixiaomi.co\/wp-content\/uploads\/2020\/05\/IMG_0141-jpg-150x101.webp 150w, https:\/\/tivixiaomi.co\/wp-content\/uploads\/2020\/05\/IMG_0141-600x405.jpg 600w, https:\/\/tivixiaomi.co\/wp-content\/uploads\/2020\/05\/IMG_0141-300x202.jpg 300w, https:\/\/tivixiaomi.co\/wp-content\/uploads\/2020\/05\/IMG_0141-768x518.jpg 768w, https:\/\/tivixiaomi.co\/wp-content\/uploads\/2020\/05\/IMG_0141-jpg.webp 1500w\" sizes=\"(max-width: 1024px) 100vw, 1024px\" \/><\/p>\n<p style=\"text-align: justify;\">T\u1ea7n s\u1ed1 qu\u00e9t c\u1ee7a m\u00e0n h\u00ecnh c\u0169ng gi\u1ed1ng v\u1edbi r\u1ea5t nhi\u1ec1u m\u00e0n h\u00ecnh kh\u00e1c \u0111\u00f3 l\u00e0 60Hz. T\u00f3m l\u1ea1i v\u1ec1 ch\u1ea5t l\u01b0\u1ee3ng hi\u1ec3n th\u1ecb c\u1ee7a Mi Tivi 4A 60 inches \u1ed5n so v\u1edbi m\u1ee9c gi\u00e1 tr\u00ean 10 tri\u1ec7u t\u1ea1i th\u1eddi \u0111i\u1ec3m hi\u1ec7n t\u1ea1i so v\u1edbi nh\u1eefng d\u00f2ng s\u1ea3n ph\u1ea9m kh\u00e1c \u0111ang c\u00f3 tr\u00ean th\u1ecb tr\u01b0\u1eddng.<\/p>\n<h3>C\u1ea5u h\u00ecnh ph\u1ea7n c\u1ee9ng m\u1ea1nh m\u1ebd c\u1ee7a Mi Tivi 4A 60 inches<\/h3>\n<p><img loading=\"lazy\" decoding=\"async\" class=\"aligncenter wp-image-56181 size-large\" src=\"https:\/\/tivixiaomi.co\/wp-content\/uploads\/2020\/05\/IMG_0153-1024x683.jpg\" alt=\"\" width=\"1024\" height=\"683\" srcset=\"https:\/\/tivixiaomi.co\/wp-content\/uploads\/2020\/05\/IMG_0153-1024x683.jpg 1024w, https:\/\/tivixiaomi.co\/wp-content\/uploads\/2020\/05\/IMG_0153-jpg-150x100.webp 150w, https:\/\/tivixiaomi.co\/wp-content\/uploads\/2020\/05\/IMG_0153-600x400.jpg 600w, https:\/\/tivixiaomi.co\/wp-content\/uploads\/2020\/05\/IMG_0153-300x200.jpg 300w, https:\/\/tivixiaomi.co\/wp-content\/uploads\/2020\/05\/IMG_0153-768x512.jpg 768w, https:\/\/tivixiaomi.co\/wp-content\/uploads\/2020\/05\/IMG_0153-jpg.webp 1500w\" sizes=\"(max-width: 1024px) 100vw, 1024px\" \/><\/p>\n<p style=\"text-align: justify;\">\u0110\u01b0\u1ee3c trang b\u1ecb CPU Amlogic Cortex A53 v\u1edbi 4 nh\u00e2n xung nh\u1ecbp 1.5GHz, b\u1ed9 nh\u1edb RAM 2GB, b\u1ed9 nh\u1edb ROM 8GB, n\u1ebfu ng\u01b0\u1eddi d\u00f9ng c\u1ea7n kh\u00f4ng gian l\u01b0u tr\u1eef l\u1edbn h\u01a1n c\u00f3 th\u1ec3 s\u1eed d\u1ee5ng \u0111\u1ebfn \u1ed5 c\u1ee9ng g\u1eafn ngo\u00e0i \u0111\u1ec3 xem c\u00e1c b\u1ed9 phim c\u00f3 ch\u1ea5t l\u01b0\u1ee3ng cao. CPU s\u1eed d\u1ee5ng l\u00e0 Mali 450 v\u1edbi xung nh\u1ecbp l\u00e0 750Mhz.<\/p>\n<p><img loading=\"lazy\" decoding=\"async\" class=\"aligncenter wp-image-56182 size-large\" src=\"https:\/\/tivixiaomi.co\/wp-content\/uploads\/2020\/05\/IMG_0154-1024x683.jpg\" alt=\"\" width=\"1024\" height=\"683\" srcset=\"https:\/\/tivixiaomi.co\/wp-content\/uploads\/2020\/05\/IMG_0154-1024x683.jpg 1024w, https:\/\/tivixiaomi.co\/wp-content\/uploads\/2020\/05\/IMG_0154-jpg-150x100.webp 150w, https:\/\/tivixiaomi.co\/wp-content\/uploads\/2020\/05\/IMG_0154-600x400.jpg 600w, https:\/\/tivixiaomi.co\/wp-content\/uploads\/2020\/05\/IMG_0154-300x200.jpg 300w, https:\/\/tivixiaomi.co\/wp-content\/uploads\/2020\/05\/IMG_0154-768x512.jpg 768w, https:\/\/tivixiaomi.co\/wp-content\/uploads\/2020\/05\/IMG_0154-jpg.webp 1500w\" sizes=\"(max-width: 1024px) 100vw, 1024px\" \/><\/p>\n<p style=\"text-align: justify;\">M\u1ed9t ph\u1ea7n c\u1ee9ng kh\u00e1 \u1ed5n cho m\u1ed9t chi\u1ebfc Tivi ph\u1ee5c v\u1ee5 gi\u1ea3i tr\u00ed, ngo\u00e0i ra \u0111\u1ec3 tr\u00e1nh vi\u1ec7c load data tr\u00ean internet ch\u1eadm, Mi Tivi 4A 60 inches \u0111\u01b0\u1ee3c h\u1ed7 tr\u1ee3 c\u00f4ng ngh\u1ec7 Wirreless 2.4G &amp; 5G \u0111\u1ec3 ng\u01b0\u1eddi d\u00f9ng s\u1eed d\u1ee5ng m\u1ed9t c\u00e1ch thu\u1eadn ti\u1ec7n nh\u1ea5t.<\/p>\n<h3>N\u1ec1n t\u1ea3ng v\u00e0 \u1ee9ng d\u1ee5ng phong ph\u00fa \u0111a d\u1ea1ng c\u1ee7a Xiaomi<\/h3>\n<p><img loading=\"lazy\" decoding=\"async\" class=\"aligncenter wp-image-56177 size-large\" src=\"https:\/\/tivixiaomi.co\/wp-content\/uploads\/2020\/05\/IMG_0146-1024x686.jpg\" alt=\"\" width=\"1024\" height=\"686\" srcset=\"https:\/\/tivixiaomi.co\/wp-content\/uploads\/2020\/05\/IMG_0146-1024x686.jpg 1024w, https:\/\/tivixiaomi.co\/wp-content\/uploads\/2020\/05\/IMG_0146-jpg-150x101.webp 150w, https:\/\/tivixiaomi.co\/wp-content\/uploads\/2020\/05\/IMG_0146-600x402.jpg 600w, https:\/\/tivixiaomi.co\/wp-content\/uploads\/2020\/05\/IMG_0146-300x201.jpg 300w, https:\/\/tivixiaomi.co\/wp-content\/uploads\/2020\/05\/IMG_0146-768x515.jpg 768w, https:\/\/tivixiaomi.co\/wp-content\/uploads\/2020\/05\/IMG_0146-jpg.webp 1500w\" sizes=\"(max-width: 1024px) 100vw, 1024px\" \/><\/p>\n<p>\u0110\u01b0\u1ee3c trang b\u1ecb tr\u00ed tu\u1ec7 nh\u00e2n t\u1ea1o AI ngo\u00e0i ra Xiaomi c\u00f2n trang b\u1ecb ri\u00eang cho n\u1ec1n t\u1ea3ng Tivi h\u1ec7 \u0111i\u1ec1u h\u00e0nh Patchwall. Ngo\u00e0i ra s\u1ea3n ph\u1ea9m 4A 60 inches \u0111\u01b0\u1ee3c h\u1ed7 tr\u1ee3 c\u00e0i \u0111\u1eb7t Full ti\u1ebfng Vi\u1ec7t. Ngo\u00e0i ra tivixiaomi.com h\u1ed7 tr\u1ee3 ng\u01b0\u1eddi d\u00f9ng l\u1eafp \u0111\u1eb7t v\u00e0 v\u1eadn chuy\u1ec3n. Li\u00ean h\u1ec7 Hotline: 0984.311.230.<\/p>\n","protected":false},"excerpt":{"rendered":"<ul>\n<li>D\u00f2ng 4A 2020 Series<\/li>\n<li>M\u00e0n h\u00ecnh: 4K<\/li>\n<li>RAM: 2GB<\/li>\n<li>Dung l\u01b0\u1ee3ng: 8GB<\/li>\n<\/ul>\n","protected":false},"featured_media":63104,"comment_status":"open","ping_status":"closed","template":"","meta":[],"product_brand":[],"product_cat":[27],"product_tag":[],"class_list":{"0":"post-55397","1":"product","2":"type-product","3":"status-publish","4":"has-post-thumbnail","6":"product_cat-chua-phan-loai","8":"first","9":"outofstock","10":"sale","11":"shipping-taxable","12":"purchasable","13":"product-type-simple"},"_links":{"self":[{"href":"https:\/\/tivixiaomi.co\/en\/wp-json\/wp\/v2\/product\/55397"}],"collection":[{"href":"https:\/\/tivixiaomi.co\/en\/wp-json\/wp\/v2\/product"}],"about":[{"href":"https:\/\/tivixiaomi.co\/en\/wp-json\/wp\/v2\/types\/product"}],"replies":[{"embeddable":true,"href":"https:\/\/tivixiaomi.co\/en\/wp-json\/wp\/v2\/comments?post=55397"}],"version-history":[{"count":0,"href":"https:\/\/tivixiaomi.co\/en\/wp-json\/wp\/v2\/product\/55397\/revisions"}],"wp:featuredmedia":[{"embeddable":true,"href":"https:\/\/tivixiaomi.co\/en\/wp-json\/wp\/v2\/media\/63104"}],"wp:attachment":[{"href":"https:\/\/tivixiaomi.co\/en\/wp-json\/wp\/v2\/media?parent=55397"}],"wp:term":[{"taxonomy":"product_brand","embeddable":true,"href":"https:\/\/tivixiaomi.co\/en\/wp-json\/wp\/v2\/product_brand?post=55397"},{"taxonomy":"product_cat","embeddable":true,"href":"https:\/\/tivixiaomi.co\/en\/wp-json\/wp\/v2\/product_cat?post=55397"},{"taxonomy":"product_tag","embeddable":true,"href":"https:\/\/tivixiaomi.co\/en\/wp-json\/wp\/v2\/product_tag?post=55397"}],"curies":[{"name":"wp","href":"https:\/\/api.w.org\/{rel}","templated":true}]}}