{"id":55803,"date":"2020-06-10T19:09:32","date_gmt":"2020-06-10T12:09:32","guid":{"rendered":"https:\/\/tivixiaomi.co\/?post_type=product&#038;p=55803"},"modified":"2024-09-04T13:46:54","modified_gmt":"2024-09-04T06:46:54","slug":"mitvall-screenpro-e32s","status":"publish","type":"product","link":"https:\/\/tivixiaomi.co\/en\/tivi\/mitvall-screenpro-e32s\/","title":{"rendered":"Smart Tivi Xiaomi M\u00e0n H\u00ecnh Tr\u00e0n Vi\u1ec1n E32S PRO M\u1eabu 2020"},"content":{"rendered":"<p style=\"text-align: justify;\">Smart Tivi Xiaomi M\u00e0n H\u00ecnh Tr\u00e0n Vi\u1ec1n E32S PRO 2020 Gi\u00e1 r\u1ebb t\u1ea1i H\u00e0 N\u1ed9i, TP.HCM. Mi\u1ec5n ph\u00ed l\u1eafp \u0111\u1eb7t, H\u1ed7 tr\u1ee3 v\u1eadn chuy\u1ec3n trong n\u1ed9i th\u00e0nh, Hotline: 0984.311.230. Th\u1eadt b\u1ea5t ng\u1edd khi Xiaomi ti\u1ebfp t\u1ee5c tung ra th\u1ecb tr\u01b0\u1eddng m\u1ed9t s\u1ea3n ph\u1ea9m 32 inches d\u00e0nh cho ph\u00e2n kh\u00fac t\u1ea7m th\u1ea5p n\u1eefa nh\u01b0ng s\u1ea3n ph\u1ea9m l\u1ea7n n\u00e0y l\u1ea1i l\u00e0 Pro, n\u00f3 Pro nh\u01b0 th\u1ebf n\u00e0o th\u00ec ngay b\u00e2y gi\u1edd h\u00e3y c\u00f9ng tivixiaomi.com \u0111i t\u00ecm hi\u1ec3u s\u1ea3n ph\u1ea9m n\u00e0y ngay th\u00f4i<\/p>\n<p style=\"text-align: justify;\"><strong>Video \u0111\u00e1nh gi\u00e1 Tivi Xiaomi E32S Pro nh\u1eefng \u0111i\u1ec1u th\u00fa v\u1ecb<\/strong><\/p>\n<p><iframe title=\"Mi TV Pro 32 inches E32S Bezel-less \u2022 TiviXiaomi.Com\" width=\"640\" height=\"360\" src=\"https:\/\/www.youtube.com\/embed\/2Q1Iyms4Gf8?feature=oembed\" frameborder=\"0\" allow=\"accelerometer; autoplay; clipboard-write; encrypted-media; gyroscope; picture-in-picture; web-share\" referrerpolicy=\"strict-origin-when-cross-origin\" allowfullscreen><\/iframe><\/p>\n<h2 style=\"text-align: justify;\">\u0110i\u1ec1u \u0111\u1eb7c bi\u1ec7t c\u1ee7a chi\u1ebfc Mi Tivi E32S Pro \u0111\u1ebfn t\u1eeb m\u00e0n h\u00ecnh hi\u1ec3n th\u1ecb ?<\/h2>\n<p><img fetchpriority=\"high\" decoding=\"async\" class=\"aligncenter wp-image-56237 size-large\" src=\"https:\/\/tivixiaomi.co\/wp-content\/uploads\/2020\/06\/mi-tivi-332s-pro-tivixiaomi.com-1-1024x676.jpg\" alt=\"\" width=\"1024\" height=\"676\" srcset=\"https:\/\/tivixiaomi.co\/wp-content\/uploads\/2020\/06\/mi-tivi-332s-pro-tivixiaomi.com-1-1024x676.jpg 1024w, https:\/\/tivixiaomi.co\/wp-content\/uploads\/2020\/06\/mi-tivi-332s-pro-tivixiaomi.com-1-jpg-150x99.webp 150w, https:\/\/tivixiaomi.co\/wp-content\/uploads\/2020\/06\/mi-tivi-332s-pro-tivixiaomi.com-1-600x396.jpg 600w, https:\/\/tivixiaomi.co\/wp-content\/uploads\/2020\/06\/mi-tivi-332s-pro-tivixiaomi.com-1-300x198.jpg 300w, https:\/\/tivixiaomi.co\/wp-content\/uploads\/2020\/06\/mi-tivi-332s-pro-tivixiaomi.com-1-768x507.jpg 768w, https:\/\/tivixiaomi.co\/wp-content\/uploads\/2020\/06\/mi-tivi-332s-pro-tivixiaomi.com-1-jpg.webp 1500w\" sizes=\"(max-width: 1024px) 100vw, 1024px\" \/><\/p>\n<p><img decoding=\"async\" class=\"aligncenter wp-image-56240 size-large\" src=\"https:\/\/tivixiaomi.co\/wp-content\/uploads\/2020\/06\/mi-tivi-332s-pro-tivixiaomi.com-4-1024x683.jpg\" alt=\"\" width=\"1024\" height=\"683\" srcset=\"https:\/\/tivixiaomi.co\/wp-content\/uploads\/2020\/06\/mi-tivi-332s-pro-tivixiaomi.com-4-1024x683.jpg 1024w, https:\/\/tivixiaomi.co\/wp-content\/uploads\/2020\/06\/mi-tivi-332s-pro-tivixiaomi.com-4-jpg-150x100.webp 150w, https:\/\/tivixiaomi.co\/wp-content\/uploads\/2020\/06\/mi-tivi-332s-pro-tivixiaomi.com-4-600x400.jpg 600w, https:\/\/tivixiaomi.co\/wp-content\/uploads\/2020\/06\/mi-tivi-332s-pro-tivixiaomi.com-4-300x200.jpg 300w, https:\/\/tivixiaomi.co\/wp-content\/uploads\/2020\/06\/mi-tivi-332s-pro-tivixiaomi.com-4-768x512.jpg 768w, https:\/\/tivixiaomi.co\/wp-content\/uploads\/2020\/06\/mi-tivi-332s-pro-tivixiaomi.com-4-jpg.webp 1500w\" sizes=\"(max-width: 1024px) 100vw, 1024px\" \/><\/p>\n<p style=\"text-align: justify;\">Trong b\u00e0i \u0111\u00e1nh gi\u00e1 n\u00e0y tivixiaomi.com s\u1ebd kh\u00f4ng \u0111i t\u1eebng ph\u1ea7n nh\u01b0 c\u00e1c b\u00e0i \u0111\u00e1nh gi\u00e1 tr\u01b0\u1edbc. B\u1edfi l\u1ebd \u0111\u00e2y l\u00e0 m\u1ed9t chi\u1ebfc m\u00e0n h\u00ecnh qu\u00e1 s\u1ee9c \u0111\u1eb7c bi\u1ec7t, n\u00f3 \u0111\u1eb7c bi\u1ec7t v\u00e0 Pro \u1edf ngay c\u00e1i t\u00ean. \u0110i\u1ec3m ch\u00ednh \u0111\u00f3 ch\u00ednh l\u00e0 ph\u1ea7n m\u00e0n h\u00ecnh c\u1ee7a <a href=\"https:\/\/tivixiaomi.co\/san-pham\/smart-tivi-xiaomi-man-hinh-tran-vien-e32s-pro-mau-2020\/\"><strong>Tivi Xiaomi E32S Pro 32 inches<\/strong><\/a> tr\u00e0n vi\u1ec1n \u0111\u01b0\u1ee3c trang b\u1ecb m\u1ed9t m\u00e0n h\u00ecnh FullHD 1920 x 1080 v\u00e0 \u0111\u1eb7c bi\u1ec7t h\u01a1n n\u1eefa s\u1ea3n ph\u1ea9m n\u00e0y c\u00f3 t\u1ea7n s\u1ed1 qu\u00e9t l\u00ean t\u1edbi 60Hz. B\u1ea1n c\u00f3 tin \u0111\u01b0\u1ee3c kh\u00f4ng m\u1ed9t m\u00e0n h\u00ecnh tivi 32 inches c\u00f3 t\u1ea7n s\u1ed1 qu\u00e9t 60Hz v\u00e0 FullHD th\u00ec ch\u1ea5t l\u01b0\u1ee3ng hi\u1ec3n th\u1ecb c\u1ee7a n\u00f3 s\u1ebd nh\u01b0 th\u1ebf n\u00e0o. C\u00e1c b\u1ea1n h\u00e3y th\u1eed \u0111\u1ebfn tr\u1ef1c ti\u1ebfp v\u00e0 tr\u1ea3i nghi\u1ec7m ngay \u0111i nh\u00e9.<\/p>\n<p><img decoding=\"async\" class=\"aligncenter wp-image-56249 size-large\" src=\"https:\/\/tivixiaomi.co\/wp-content\/uploads\/2020\/06\/mi-tivi-332s-pro-tivixiaomi.com-13-1024x681.jpg\" alt=\"\" width=\"1024\" height=\"681\" srcset=\"https:\/\/tivixiaomi.co\/wp-content\/uploads\/2020\/06\/mi-tivi-332s-pro-tivixiaomi.com-13-1024x681.jpg 1024w, https:\/\/tivixiaomi.co\/wp-content\/uploads\/2020\/06\/mi-tivi-332s-pro-tivixiaomi.com-13-jpg-150x100.webp 150w, https:\/\/tivixiaomi.co\/wp-content\/uploads\/2020\/06\/mi-tivi-332s-pro-tivixiaomi.com-13-600x399.jpg 600w, https:\/\/tivixiaomi.co\/wp-content\/uploads\/2020\/06\/mi-tivi-332s-pro-tivixiaomi.com-13-300x200.jpg 300w, https:\/\/tivixiaomi.co\/wp-content\/uploads\/2020\/06\/mi-tivi-332s-pro-tivixiaomi.com-13-768x511.jpg 768w, https:\/\/tivixiaomi.co\/wp-content\/uploads\/2020\/06\/mi-tivi-332s-pro-tivixiaomi.com-13-jpg.webp 1500w\" sizes=\"(max-width: 1024px) 100vw, 1024px\" \/><\/p>\n<p><img loading=\"lazy\" decoding=\"async\" class=\"aligncenter wp-image-56247 size-large\" src=\"https:\/\/tivixiaomi.co\/wp-content\/uploads\/2020\/06\/mi-tivi-332s-pro-tivixiaomi.com-11-1024x683.jpg\" alt=\"\" width=\"1024\" height=\"683\" srcset=\"https:\/\/tivixiaomi.co\/wp-content\/uploads\/2020\/06\/mi-tivi-332s-pro-tivixiaomi.com-11-1024x683.jpg 1024w, https:\/\/tivixiaomi.co\/wp-content\/uploads\/2020\/06\/mi-tivi-332s-pro-tivixiaomi.com-11-jpg-150x100.webp 150w, https:\/\/tivixiaomi.co\/wp-content\/uploads\/2020\/06\/mi-tivi-332s-pro-tivixiaomi.com-11-600x400.jpg 600w, https:\/\/tivixiaomi.co\/wp-content\/uploads\/2020\/06\/mi-tivi-332s-pro-tivixiaomi.com-11-300x200.jpg 300w, https:\/\/tivixiaomi.co\/wp-content\/uploads\/2020\/06\/mi-tivi-332s-pro-tivixiaomi.com-11-768x512.jpg 768w, https:\/\/tivixiaomi.co\/wp-content\/uploads\/2020\/06\/mi-tivi-332s-pro-tivixiaomi.com-11-jpg.webp 1500w\" sizes=\"(max-width: 1024px) 100vw, 1024px\" \/><\/p>\n<h3 style=\"text-align: justify;\">Thi\u1ebft k\u1ebf c\u1ee7a Mi Tivi E32S Pro cao c\u1ea5p v\u00e0 sang tr\u1ecdng.<\/h3>\n<p><img loading=\"lazy\" decoding=\"async\" class=\"aligncenter wp-image-56252 size-large\" src=\"https:\/\/tivixiaomi.co\/wp-content\/uploads\/2020\/06\/mi-tivi-332s-pro-tivixiaomi.com-16-1024x683.jpg\" alt=\"\" width=\"1024\" height=\"683\" srcset=\"https:\/\/tivixiaomi.co\/wp-content\/uploads\/2020\/06\/mi-tivi-332s-pro-tivixiaomi.com-16-1024x683.jpg 1024w, https:\/\/tivixiaomi.co\/wp-content\/uploads\/2020\/06\/mi-tivi-332s-pro-tivixiaomi.com-16-jpg-150x100.webp 150w, https:\/\/tivixiaomi.co\/wp-content\/uploads\/2020\/06\/mi-tivi-332s-pro-tivixiaomi.com-16-600x400.jpg 600w, https:\/\/tivixiaomi.co\/wp-content\/uploads\/2020\/06\/mi-tivi-332s-pro-tivixiaomi.com-16-300x200.jpg 300w, https:\/\/tivixiaomi.co\/wp-content\/uploads\/2020\/06\/mi-tivi-332s-pro-tivixiaomi.com-16-768x512.jpg 768w, https:\/\/tivixiaomi.co\/wp-content\/uploads\/2020\/06\/mi-tivi-332s-pro-tivixiaomi.com-16-jpg.webp 1500w\" sizes=\"(max-width: 1024px) 100vw, 1024px\" \/><\/p>\n<p style=\"text-align: justify;\">\u0110\u01b0\u1ee3c th\u1eeba h\u01b0\u1edfng to\u00e0n b\u1ed9 ph\u1ea7n thi\u1ebft k\u1ebf c\u1ee7a d\u00f2ng Pro cao c\u1ea5p s\u1ea3n ph\u1ea9m E32S Pro c\u0169ng c\u00f3 nh\u1eefng \u0111\u01b0\u1eddng n\u00e9t thi\u1ebft k\u1ebf h\u1ebft s\u1ee9c sang tr\u1ecdng ph\u1ea7n vi\u1ec1n 3 c\u1ea1nh c\u00f3 c\u1ea3m gi\u00e1c nh\u01b0 m\u00e0n h\u00ecnh Full tr\u00e0n vi\u1ec1n, ph\u1ea7n c\u1ea1nh d\u01b0\u1edbi \u0111\u01b0\u1ee3c \u1ed1p b\u1edbi m\u1ed9t ph\u1ea7n kim lo\u1ea1i b\u1ea1c nh\u00e1m c\u00f3 \u0111\u00ednh Logo Mi.<\/p>\n<p><img loading=\"lazy\" decoding=\"async\" class=\"aligncenter wp-image-56253 size-large\" src=\"https:\/\/tivixiaomi.co\/wp-content\/uploads\/2020\/06\/mi-tivi-332s-pro-tivixiaomi.com-17-1024x683.jpg\" alt=\"\" width=\"1024\" height=\"683\" srcset=\"https:\/\/tivixiaomi.co\/wp-content\/uploads\/2020\/06\/mi-tivi-332s-pro-tivixiaomi.com-17-1024x683.jpg 1024w, https:\/\/tivixiaomi.co\/wp-content\/uploads\/2020\/06\/mi-tivi-332s-pro-tivixiaomi.com-17-jpg-150x100.webp 150w, https:\/\/tivixiaomi.co\/wp-content\/uploads\/2020\/06\/mi-tivi-332s-pro-tivixiaomi.com-17-600x400.jpg 600w, https:\/\/tivixiaomi.co\/wp-content\/uploads\/2020\/06\/mi-tivi-332s-pro-tivixiaomi.com-17-300x200.jpg 300w, https:\/\/tivixiaomi.co\/wp-content\/uploads\/2020\/06\/mi-tivi-332s-pro-tivixiaomi.com-17-768x512.jpg 768w, https:\/\/tivixiaomi.co\/wp-content\/uploads\/2020\/06\/mi-tivi-332s-pro-tivixiaomi.com-17-jpg.webp 1500w\" sizes=\"(max-width: 1024px) 100vw, 1024px\" \/><\/p>\n<p><img loading=\"lazy\" decoding=\"async\" class=\"aligncenter wp-image-56244 size-large\" src=\"https:\/\/tivixiaomi.co\/wp-content\/uploads\/2020\/06\/mi-tivi-332s-pro-tivixiaomi.com-8-1024x679.jpg\" alt=\"\" width=\"1024\" height=\"679\" srcset=\"https:\/\/tivixiaomi.co\/wp-content\/uploads\/2020\/06\/mi-tivi-332s-pro-tivixiaomi.com-8-1024x679.jpg 1024w, https:\/\/tivixiaomi.co\/wp-content\/uploads\/2020\/06\/mi-tivi-332s-pro-tivixiaomi.com-8-jpg-150x99.webp 150w, https:\/\/tivixiaomi.co\/wp-content\/uploads\/2020\/06\/mi-tivi-332s-pro-tivixiaomi.com-8-600x398.jpg 600w, https:\/\/tivixiaomi.co\/wp-content\/uploads\/2020\/06\/mi-tivi-332s-pro-tivixiaomi.com-8-300x199.jpg 300w, https:\/\/tivixiaomi.co\/wp-content\/uploads\/2020\/06\/mi-tivi-332s-pro-tivixiaomi.com-8-768x509.jpg 768w, https:\/\/tivixiaomi.co\/wp-content\/uploads\/2020\/06\/mi-tivi-332s-pro-tivixiaomi.com-8-jpg.webp 1500w\" sizes=\"(max-width: 1024px) 100vw, 1024px\" \/><\/p>\n<p style=\"text-align: justify;\">\u0110i\u1ec3m tr\u1eeb m\u00e0 theo tivixiaomi.com v\u1ec1 m\u1eb7t thi\u1ebft k\u1ebf \u0111\u00f3 l\u00e0 ph\u1ea7n ch\u00e2n \u0111\u1ebf thi\u1ebft k\u1ebf ch\u01b0a th\u1eadt s\u1ef1 h\u1ee3p l\u00fd n\u00f3 h\u01a1i to h\u01a1n so v\u1edbi ph\u1ea7n body m\u00e0n h\u00ecnh, v\u00e0 n\u1ebfu c\u00f3 th\u1ec3 n\u00ean s\u1eed d\u1ee5ng lo\u1ea1i ch\u00e2n \u0111\u1ebf nh\u1ecf b\u1eb1ng kim lo\u1ea1i nh\u01b0 c\u00e1c d\u00f2ng 50 inches tr\u1edf l\u00ean th\u00ec s\u1ebd \u0111\u1eb9p h\u01a1n r\u1ea5t nhi\u1ec1u. M\u1eb7t sau l\u00e0 3 d\u1ea3i loa theo h\u00e3ng c\u00f4ng b\u1ed1 th\u00ec s\u1ebd c\u00f3 2 loa v\u1edbi c\u00f4ng su\u1ea5t 6W, ph\u00eda b\u00ean d\u01b0\u1edbi v\u1eabn nh\u01b0 th\u01b0\u1eddng l\u1ec7 l\u00e0 Logo Mi v\u00e0 c\u00e1c c\u1ed5ng k\u1ebft n\u1ed1i c\u01a1 b\u1ea3n nh\u01b0 HDMI, USB, LAN, Antena, AV, SPDIF&#8230;.<\/p>\n<h3 style=\"text-align: justify;\">C\u1ea5u h\u00ecnh Pro \u0111\u00fang nh\u01b0 t\u00ean g\u1ecdi Mi Tivi E32S Pro 32 inches<\/h3>\n<p><img loading=\"lazy\" decoding=\"async\" class=\"aligncenter wp-image-56246 size-large\" src=\"https:\/\/tivixiaomi.co\/wp-content\/uploads\/2020\/06\/mi-tivi-332s-pro-tivixiaomi.com-10-1024x687.jpg\" alt=\"\" width=\"1024\" height=\"687\" srcset=\"https:\/\/tivixiaomi.co\/wp-content\/uploads\/2020\/06\/mi-tivi-332s-pro-tivixiaomi.com-10-1024x687.jpg 1024w, https:\/\/tivixiaomi.co\/wp-content\/uploads\/2020\/06\/mi-tivi-332s-pro-tivixiaomi.com-10-jpg-150x101.webp 150w, https:\/\/tivixiaomi.co\/wp-content\/uploads\/2020\/06\/mi-tivi-332s-pro-tivixiaomi.com-10-600x403.jpg 600w, https:\/\/tivixiaomi.co\/wp-content\/uploads\/2020\/06\/mi-tivi-332s-pro-tivixiaomi.com-10-300x201.jpg 300w, https:\/\/tivixiaomi.co\/wp-content\/uploads\/2020\/06\/mi-tivi-332s-pro-tivixiaomi.com-10-768x516.jpg 768w, https:\/\/tivixiaomi.co\/wp-content\/uploads\/2020\/06\/mi-tivi-332s-pro-tivixiaomi.com-10-jpg.webp 1500w\" sizes=\"(max-width: 1024px) 100vw, 1024px\" \/><\/p>\n<p><img loading=\"lazy\" decoding=\"async\" class=\"aligncenter wp-image-56250 size-large\" src=\"https:\/\/tivixiaomi.co\/wp-content\/uploads\/2020\/06\/mi-tivi-332s-pro-tivixiaomi.com-14-1024x683.jpg\" alt=\"\" width=\"1024\" height=\"683\" srcset=\"https:\/\/tivixiaomi.co\/wp-content\/uploads\/2020\/06\/mi-tivi-332s-pro-tivixiaomi.com-14-1024x683.jpg 1024w, https:\/\/tivixiaomi.co\/wp-content\/uploads\/2020\/06\/mi-tivi-332s-pro-tivixiaomi.com-14-jpg-150x100.webp 150w, https:\/\/tivixiaomi.co\/wp-content\/uploads\/2020\/06\/mi-tivi-332s-pro-tivixiaomi.com-14-600x400.jpg 600w, https:\/\/tivixiaomi.co\/wp-content\/uploads\/2020\/06\/mi-tivi-332s-pro-tivixiaomi.com-14-300x200.jpg 300w, https:\/\/tivixiaomi.co\/wp-content\/uploads\/2020\/06\/mi-tivi-332s-pro-tivixiaomi.com-14-768x512.jpg 768w, https:\/\/tivixiaomi.co\/wp-content\/uploads\/2020\/06\/mi-tivi-332s-pro-tivixiaomi.com-14-jpg.webp 1500w\" sizes=\"(max-width: 1024px) 100vw, 1024px\" \/><\/p>\n<p style=\"text-align: justify;\">S\u1edf h\u1eefu vi x\u1eed l\u00fd Cortex A53 m\u1ea1nh m\u1ebd v\u1edbi 4 nh\u00e2n v\u00e0 1.5 Ghz k\u00e8m theo \u0111\u00f3 l\u00e0 1GB RAM v\u00e0 8GB ROM ch\u1eafc ch\u1eafn Mi Tivi E32S Pro 32 inches s\u1ebd \u0111\u00e1p \u1ee9ng v\u00e0 l\u00e0m th\u1ecfa m\u00e3n nh\u1eefng y\u00eau c\u1ea7u gi\u1ea3i tr\u00ed c\u1ee7a b\u1ea1n r\u1ea5t t\u1ed1t. Ngo\u00e0i ra vi\u1ec7c s\u1eed d\u1ee5ng h\u1ec7 \u0111i\u1ec1u h\u00e0nh PatchWall n\u00f3 l\u00e0 m\u1ed9t ph\u1ea7n AI (tr\u00ed tu\u1ec7 nh\u00e2n t\u1ea1o tr\u00ean n\u1ec1n t\u1ea3ng Android) s\u1ebd h\u1ed7 tr\u1ee3 b\u1ea1n khi s\u1eed d\u1ee5ng r\u1ea5t r\u1ea5t nhi\u1ec1u.<\/p>\n<h3 style=\"text-align: justify;\">H\u1ed7 tr\u1ee3 ti\u1ebfng Vi\u1ec7t v\u00e0 kho \u1ee9ng d\u1ee5ng phong ph\u00fa<\/h3>\n<p><img loading=\"lazy\" decoding=\"async\" class=\"aligncenter wp-image-56254 size-large\" src=\"https:\/\/tivixiaomi.co\/wp-content\/uploads\/2020\/06\/mi-tivi-332s-pro-tivixiaomi.com-18-1024x683.jpg\" alt=\"\" width=\"1024\" height=\"683\" srcset=\"https:\/\/tivixiaomi.co\/wp-content\/uploads\/2020\/06\/mi-tivi-332s-pro-tivixiaomi.com-18-1024x683.jpg 1024w, https:\/\/tivixiaomi.co\/wp-content\/uploads\/2020\/06\/mi-tivi-332s-pro-tivixiaomi.com-18-jpg-150x100.webp 150w, https:\/\/tivixiaomi.co\/wp-content\/uploads\/2020\/06\/mi-tivi-332s-pro-tivixiaomi.com-18-600x400.jpg 600w, https:\/\/tivixiaomi.co\/wp-content\/uploads\/2020\/06\/mi-tivi-332s-pro-tivixiaomi.com-18-300x200.jpg 300w, https:\/\/tivixiaomi.co\/wp-content\/uploads\/2020\/06\/mi-tivi-332s-pro-tivixiaomi.com-18-768x512.jpg 768w, https:\/\/tivixiaomi.co\/wp-content\/uploads\/2020\/06\/mi-tivi-332s-pro-tivixiaomi.com-18-jpg.webp 1500w\" sizes=\"(max-width: 1024px) 100vw, 1024px\" \/><\/p>\n<p><img loading=\"lazy\" decoding=\"async\" class=\"aligncenter wp-image-56248 size-large\" src=\"https:\/\/tivixiaomi.co\/wp-content\/uploads\/2020\/06\/mi-tivi-332s-pro-tivixiaomi.com-12-1024x689.jpg\" alt=\"\" width=\"1024\" height=\"689\" srcset=\"https:\/\/tivixiaomi.co\/wp-content\/uploads\/2020\/06\/mi-tivi-332s-pro-tivixiaomi.com-12-1024x689.jpg 1024w, https:\/\/tivixiaomi.co\/wp-content\/uploads\/2020\/06\/mi-tivi-332s-pro-tivixiaomi.com-12-jpg-150x101.webp 150w, https:\/\/tivixiaomi.co\/wp-content\/uploads\/2020\/06\/mi-tivi-332s-pro-tivixiaomi.com-12-600x404.jpg 600w, https:\/\/tivixiaomi.co\/wp-content\/uploads\/2020\/06\/mi-tivi-332s-pro-tivixiaomi.com-12-300x202.jpg 300w, https:\/\/tivixiaomi.co\/wp-content\/uploads\/2020\/06\/mi-tivi-332s-pro-tivixiaomi.com-12-768x517.jpg 768w, https:\/\/tivixiaomi.co\/wp-content\/uploads\/2020\/06\/mi-tivi-332s-pro-tivixiaomi.com-12-jpg.webp 1500w\" sizes=\"(max-width: 1024px) 100vw, 1024px\" \/><\/p>\n<p style=\"text-align: justify;\">C\u00e1c s\u1ea3n ph\u1ea9m Mi Tivi E32S Pro 32 inches \u0111\u00e3 \u0111\u01b0\u1ee3c tivixiaomi.com \u0111\u1ed9c quy\u1ec1n Vi\u1ec7t h\u00f3a ch\u00ednh v\u00ec th\u1ebf ng\u01b0\u1eddi d\u00f9ng r\u1ea5t d\u1ec5 d\u00e0ng s\u1eed d\u1ee5ng. Kho \u1ee9ng d\u1ee5ng \u0111a d\u1ea1ng v\u1edbi nhi\u1ec1u \u1ee9ng d\u1ee5ng th\u00fa v\u1ecb \u0111ang ch\u1edd b\u1ea1n kh\u00e1m ph\u00e1. T\u1ed5ng quan v\u1ec1 s\u1ea3n ph\u1ea9m Mi Tivi E32S Pro 32 inches l\u00e0 m\u1ed9t chi\u1ebfc Tivi r\u1ea5t \u0111\u00e1ng mua trong t\u1ea7m ti\u1ec1n n\u00e0y. N\u1ebfu b\u1ea1n \u0111ang quan t\u00e2m \u0111\u1ebfn s\u1ea3n ph\u1ea9m vui l\u00f2ng li\u00ean h\u1ec7 Hotline 0984.311.230, c\u00f2n b\u00e2y gi\u1edd xin ch\u00e0o v\u00e0 h\u1eb9n g\u1eb7p l\u1ea1i c\u00e1c b\u1ea1n \u1edf nh\u1eefng b\u00e0i \u0111\u00e1nh gi\u00e1 ti\u1ebfp theo.<\/p>\n","protected":false},"excerpt":{"rendered":"<ul>\n<li>D\u00f2ng ES Pro 2020 Series<\/li>\n<li>M\u00e0n h\u00ecnh: Full HD<\/li>\n<li>RAM: 1GB<\/li>\n<li>Dung l\u01b0\u1ee3ng: 8GB<\/li>\n<\/ul>\n","protected":false},"featured_media":63088,"comment_status":"open","ping_status":"closed","template":"","meta":[],"product_brand":[],"product_cat":[27],"product_tag":[],"class_list":{"0":"post-55803","1":"product","2":"type-product","3":"status-publish","4":"has-post-thumbnail","6":"product_cat-chua-phan-loai","8":"first","9":"outofstock","10":"sale","11":"shipping-taxable","12":"purchasable","13":"product-type-simple"},"_links":{"self":[{"href":"https:\/\/tivixiaomi.co\/en\/wp-json\/wp\/v2\/product\/55803"}],"collection":[{"href":"https:\/\/tivixiaomi.co\/en\/wp-json\/wp\/v2\/product"}],"about":[{"href":"https:\/\/tivixiaomi.co\/en\/wp-json\/wp\/v2\/types\/product"}],"replies":[{"embeddable":true,"href":"https:\/\/tivixiaomi.co\/en\/wp-json\/wp\/v2\/comments?post=55803"}],"version-history":[{"count":0,"href":"https:\/\/tivixiaomi.co\/en\/wp-json\/wp\/v2\/product\/55803\/revisions"}],"wp:featuredmedia":[{"embeddable":true,"href":"https:\/\/tivixiaomi.co\/en\/wp-json\/wp\/v2\/media\/63088"}],"wp:attachment":[{"href":"https:\/\/tivixiaomi.co\/en\/wp-json\/wp\/v2\/media?parent=55803"}],"wp:term":[{"taxonomy":"product_brand","embeddable":true,"href":"https:\/\/tivixiaomi.co\/en\/wp-json\/wp\/v2\/product_brand?post=55803"},{"taxonomy":"product_cat","embeddable":true,"href":"https:\/\/tivixiaomi.co\/en\/wp-json\/wp\/v2\/product_cat?post=55803"},{"taxonomy":"product_tag","embeddable":true,"href":"https:\/\/tivixiaomi.co\/en\/wp-json\/wp\/v2\/product_tag?post=55803"}],"curies":[{"name":"wp","href":"https:\/\/api.w.org\/{rel}","templated":true}]}}