{"id":56171,"date":"2020-06-29T17:43:11","date_gmt":"2020-06-29T10:43:11","guid":{"rendered":"https:\/\/tivixiaomi.co\/?post_type=product&#038;p=56171"},"modified":"2024-09-09T01:03:57","modified_gmt":"2024-09-08T18:03:57","slug":"loa-soundbar-xiaomi-redmi","status":"publish","type":"product","link":"https:\/\/tivixiaomi.co\/en\/tivi\/loa-soundbar-xiaomi-redmi\/","title":{"rendered":"Loa Soundbar Xiaomi Redmi"},"content":{"rendered":"<p>Redmi Soundbar mate black gi\u00e1 r\u1ebb t\u1ea1i H\u00e0 N\u1ed9i, TP.HCM. Chuy\u00ean cung c\u1ea5p ph\u1ee5 ki\u1ec7n, \u0111\u1ed3 ch\u01a1i c\u00f4ng ngh\u1ec7 Xiaomi, Redmi gi\u00e1 r\u1ebb. Hotline: Hotline: 0984.311.230. Ch\u00e0o m\u1eebng c\u00e1c b\u1ea1n \u0111\u00e3 quay tr\u1edf l\u1ea1i v\u1edbi tivixiaomi.com, v\u00e0 ngay h\u00f4m nay m\u00ecnh s\u1ebd g\u1eedi t\u1edbi c\u00e1c b\u1ea1n 1 s\u1ea3n ph\u1ea9m kh\u00e1c mang th\u01b0\u01a1ng hi\u1ec7u con c\u1ee7a Xiaomi \u0111\u00f3 ch\u00ednh l\u00e0 Redmi. Nh\u01b0ng kh\u00f4ng ph\u1ea3i l\u00e0 tivi m\u00e0 n\u00f3 l\u00e0 m\u1ed9t ph\u1ee5 ki\u1ec7n d\u00e0nh cho tivi \u0111\u00f3 ch\u00ednh l\u00e0 loa Redmi Soundbar, h\u00e3y c\u00f9ng tivixiaomi.com \u0111\u00e1nh gi\u00e1 xem s\u1ea3n ph\u1ea9m n\u00e0y c\u00f3 \u0111i\u1ec1u g\u00ec th\u00fa v\u1ecb trong b\u00e0i vi\u1ebft d\u01b0\u1edbi \u0111\u00e2y nh\u00e9.<\/p>\n<p><strong>Video \u0111\u00e1nh gi\u00e1 nhanh loa Redmi SoundBar c\u1ee7a tivixiaomi.com<\/strong><\/p>\n<p><iframe title=\"Loa Thanh Redmi 2 loa 30W, Bluetooth 5.0, gi\u00e1 650,000 \u0111\u1ed3ng \u2022 TiviXiaomi.Com\" width=\"640\" height=\"360\" src=\"https:\/\/www.youtube.com\/embed\/uwoDNyGHF4U?feature=oembed\" frameborder=\"0\" allow=\"accelerometer; autoplay; clipboard-write; encrypted-media; gyroscope; picture-in-picture; web-share\" referrerpolicy=\"strict-origin-when-cross-origin\" allowfullscreen><\/iframe><\/p>\n<p>T\u1ed5ng quan v\u1ec1 thi\u1ebft k\u1ebf c\u1ee7a loa<a href=\"https:\/\/tivixiaomi.co\/san-pham\/loa-soundbar-xiaomi-redmi\/\"><strong> Redmi SoundBar<\/strong><\/a>, \u0111\u01b0\u1ee3c thi\u1ebft k\u1ebf kh\u00e1 g\u1ecdn g\u00e0ng v\u1edbi 1 tone m\u00e0u \u0111en sang tr\u1ecdng, to\u00e0n b\u1ed9 ph\u1ea7n m\u1eb7t tr\u01b0\u1edbc \u0111\u01b0\u1ee3c l\u00e0m d\u1ea1ng l\u01b0\u1edbi m\u1eaft c\u00e1o, m\u1eb7t sau \u0111\u01b0\u1ee3c l\u00e0m b\u1eb1ng nh\u1ef1a nh\u00e1m. Ph\u00eda b\u00ean c\u1ea1nh s\u01b0\u1eddn s\u1ebd l\u00e0 \u0111i\u1ec3m nh\u1ea5n kh\u00e1 ch\u00fa \u00fd cho s\u1ea3n ph\u1ea9m n\u00e0y. Ch\u00fang ta s\u1ebd c\u00f3 2 ph\u1ea7n n\u1eafp \u0111\u01b0\u1ee3c l\u00e0m b\u1eb1ng nh\u1ef1a tuy nhi\u00ean \u0111\u01b0\u1ee3c l\u00e0m d\u1ea1ng v\u00e2n phay x\u01b0\u1edbc r\u1ea5t \u0111\u1eb9p m\u1eb7t.<\/p>\n<p><img fetchpriority=\"high\" decoding=\"async\" class=\"aligncenter wp-image-56284 size-large\" src=\"https:\/\/tivixiaomi.co\/wp-content\/uploads\/2020\/06\/IMG_0261-1024x683.jpg\" alt=\"\" width=\"1024\" height=\"683\" srcset=\"https:\/\/tivixiaomi.co\/wp-content\/uploads\/2020\/06\/IMG_0261-1024x683.jpg 1024w, https:\/\/tivixiaomi.co\/wp-content\/uploads\/2020\/06\/IMG_0261-scaled-jpg-150x100.webp 150w, https:\/\/tivixiaomi.co\/wp-content\/uploads\/2020\/06\/IMG_0261-600x400.jpg 600w, https:\/\/tivixiaomi.co\/wp-content\/uploads\/2020\/06\/IMG_0261-300x200.jpg 300w, https:\/\/tivixiaomi.co\/wp-content\/uploads\/2020\/06\/IMG_0261-768x512.jpg 768w, https:\/\/tivixiaomi.co\/wp-content\/uploads\/2020\/06\/IMG_0261-1536x1024.jpg 1536w, https:\/\/tivixiaomi.co\/wp-content\/uploads\/2020\/06\/IMG_0261-2048x1365.jpg 2048w\" sizes=\"(max-width: 1024px) 100vw, 1024px\" \/><\/p>\n<p><img decoding=\"async\" class=\"aligncenter wp-image-56286 size-large\" src=\"https:\/\/tivixiaomi.co\/wp-content\/uploads\/2020\/06\/IMG_0263-1024x683.jpg\" alt=\"\" width=\"1024\" height=\"683\" srcset=\"https:\/\/tivixiaomi.co\/wp-content\/uploads\/2020\/06\/IMG_0263-1024x683.jpg 1024w, https:\/\/tivixiaomi.co\/wp-content\/uploads\/2020\/06\/IMG_0263-jpg-150x100.webp 150w, https:\/\/tivixiaomi.co\/wp-content\/uploads\/2020\/06\/IMG_0263-600x400.jpg 600w, https:\/\/tivixiaomi.co\/wp-content\/uploads\/2020\/06\/IMG_0263-300x200.jpg 300w, https:\/\/tivixiaomi.co\/wp-content\/uploads\/2020\/06\/IMG_0263-768x512.jpg 768w, https:\/\/tivixiaomi.co\/wp-content\/uploads\/2020\/06\/IMG_0263-jpg.webp 1500w\" sizes=\"(max-width: 1024px) 100vw, 1024px\" \/><\/p>\n<p><img decoding=\"async\" class=\"aligncenter wp-image-56277 size-large\" src=\"https:\/\/tivixiaomi.co\/wp-content\/uploads\/2020\/06\/IMG_0248-1024x683.jpg\" alt=\"\" width=\"1024\" height=\"683\" srcset=\"https:\/\/tivixiaomi.co\/wp-content\/uploads\/2020\/06\/IMG_0248-1024x683.jpg 1024w, https:\/\/tivixiaomi.co\/wp-content\/uploads\/2020\/06\/IMG_0248-jpg-150x100.webp 150w, https:\/\/tivixiaomi.co\/wp-content\/uploads\/2020\/06\/IMG_0248-600x400.jpg 600w, https:\/\/tivixiaomi.co\/wp-content\/uploads\/2020\/06\/IMG_0248-300x200.jpg 300w, https:\/\/tivixiaomi.co\/wp-content\/uploads\/2020\/06\/IMG_0248-768x512.jpg 768w, https:\/\/tivixiaomi.co\/wp-content\/uploads\/2020\/06\/IMG_0248-jpg.webp 1500w\" sizes=\"(max-width: 1024px) 100vw, 1024px\" \/><\/p>\n<p><img loading=\"lazy\" decoding=\"async\" class=\"aligncenter wp-image-56278 size-large\" src=\"https:\/\/tivixiaomi.co\/wp-content\/uploads\/2020\/06\/IMG_0251-1024x683.jpg\" alt=\"\" width=\"1024\" height=\"683\" srcset=\"https:\/\/tivixiaomi.co\/wp-content\/uploads\/2020\/06\/IMG_0251-1024x683.jpg 1024w, https:\/\/tivixiaomi.co\/wp-content\/uploads\/2020\/06\/IMG_0251-jpg-150x100.webp 150w, https:\/\/tivixiaomi.co\/wp-content\/uploads\/2020\/06\/IMG_0251-600x400.jpg 600w, https:\/\/tivixiaomi.co\/wp-content\/uploads\/2020\/06\/IMG_0251-300x200.jpg 300w, https:\/\/tivixiaomi.co\/wp-content\/uploads\/2020\/06\/IMG_0251-768x512.jpg 768w, https:\/\/tivixiaomi.co\/wp-content\/uploads\/2020\/06\/IMG_0251-jpg.webp 1500w\" sizes=\"(max-width: 1024px) 100vw, 1024px\" \/><\/p>\n<p><img loading=\"lazy\" decoding=\"async\" class=\"aligncenter wp-image-56282 size-large\" src=\"https:\/\/tivixiaomi.co\/wp-content\/uploads\/2020\/06\/IMG_0256-1024x683.jpg\" alt=\"\" width=\"1024\" height=\"683\" srcset=\"https:\/\/tivixiaomi.co\/wp-content\/uploads\/2020\/06\/IMG_0256-1024x683.jpg 1024w, https:\/\/tivixiaomi.co\/wp-content\/uploads\/2020\/06\/IMG_0256-jpg-150x100.webp 150w, https:\/\/tivixiaomi.co\/wp-content\/uploads\/2020\/06\/IMG_0256-600x400.jpg 600w, https:\/\/tivixiaomi.co\/wp-content\/uploads\/2020\/06\/IMG_0256-300x200.jpg 300w, https:\/\/tivixiaomi.co\/wp-content\/uploads\/2020\/06\/IMG_0256-768x512.jpg 768w, https:\/\/tivixiaomi.co\/wp-content\/uploads\/2020\/06\/IMG_0256-jpg.webp 1500w\" sizes=\"(max-width: 1024px) 100vw, 1024px\" \/><\/p>\n<p><img loading=\"lazy\" decoding=\"async\" class=\"aligncenter wp-image-56283 size-large\" src=\"https:\/\/tivixiaomi.co\/wp-content\/uploads\/2020\/06\/IMG_0258-1024x683.jpg\" alt=\"\" width=\"1024\" height=\"683\" srcset=\"https:\/\/tivixiaomi.co\/wp-content\/uploads\/2020\/06\/IMG_0258-1024x683.jpg 1024w, https:\/\/tivixiaomi.co\/wp-content\/uploads\/2020\/06\/IMG_0258-jpg-150x100.webp 150w, https:\/\/tivixiaomi.co\/wp-content\/uploads\/2020\/06\/IMG_0258-600x400.jpg 600w, https:\/\/tivixiaomi.co\/wp-content\/uploads\/2020\/06\/IMG_0258-300x200.jpg 300w, https:\/\/tivixiaomi.co\/wp-content\/uploads\/2020\/06\/IMG_0258-768x512.jpg 768w, https:\/\/tivixiaomi.co\/wp-content\/uploads\/2020\/06\/IMG_0258-jpg.webp 1500w\" sizes=\"(max-width: 1024px) 100vw, 1024px\" \/><\/p>\n<p><img loading=\"lazy\" decoding=\"async\" class=\"aligncenter wp-image-56279 size-large\" src=\"https:\/\/tivixiaomi.co\/wp-content\/uploads\/2020\/06\/IMG_0252-1024x683.jpg\" alt=\"\" width=\"1024\" height=\"683\" srcset=\"https:\/\/tivixiaomi.co\/wp-content\/uploads\/2020\/06\/IMG_0252-1024x683.jpg 1024w, https:\/\/tivixiaomi.co\/wp-content\/uploads\/2020\/06\/IMG_0252-jpg-150x100.webp 150w, https:\/\/tivixiaomi.co\/wp-content\/uploads\/2020\/06\/IMG_0252-600x400.jpg 600w, https:\/\/tivixiaomi.co\/wp-content\/uploads\/2020\/06\/IMG_0252-300x200.jpg 300w, https:\/\/tivixiaomi.co\/wp-content\/uploads\/2020\/06\/IMG_0252-768x512.jpg 768w, https:\/\/tivixiaomi.co\/wp-content\/uploads\/2020\/06\/IMG_0252-jpg.webp 1500w\" sizes=\"(max-width: 1024px) 100vw, 1024px\" \/><\/p>\n<p style=\"text-align: justify;\">Ph\u00eda b\u00ean tr\u00e1i s\u1ebd c\u00f3 th\u00eam c\u00e1c ph\u00edm c\u1ee9ng bao g\u1ed3m. t\u0103ng gi\u1ea3m \u00e2m l\u01b0\u1ee3ng, ch\u1ecdn mode k\u1ebft n\u1ed1i v\u00e0 n\u00fat ngu\u1ed3n. Ph\u00eda m\u1eb7t sau ch\u00fang ta s\u1ebd c\u00f3 c\u00e1c c\u1ed5ng k\u1ebft n\u1ed1i \u0111\u00f3 ch\u00ednh l\u00e0 SPDIF, ngu\u1ed3n \u0111i\u1ec7n&#8230;Tr\u1ea3i nghi\u1ec7m s\u1ea3n ph\u1ea9m ch\u00fang ta s\u1ebd c\u00f3 1 \u00e2m thanh \u0111\u1ea1t m\u1ee9c kh\u00e1 \u1ed5n, tuy nhi\u00ean ph\u1ea7n bass ch\u01b0a th\u1ef1c s\u1ef1 r\u00f5 r\u1ebft, c\u1ea3m gi\u00e1c \u00e2m thanh ch\u01b0a th\u1eadt s\u1ef1 c\u00f3 chi\u1ec1u s\u00e2u, tuy nhi\u00ean v\u1edbi s\u1ea3n ph\u1ea9m gi\u00e1 r\u1ebb c\u1ee7a Xiaomi th\u00ec c\u0169ng kh\u00f4ng c\u00f3 nhi\u1ec1u ph\u1ea7n \u0111\u1ec3 ch\u00ea tr\u00e1ch. N\u1ebfu b\u1ea1n \u0111ang quan t\u00e2m \u0111\u1ebfn s\u1ea3n ph\u1ea9m n\u00e0y c\u00f3 th\u1ec3 li\u00ean h\u1ec7 v\u1edbi tivixiaomi.com \u0111\u1ec3 \u0111\u01b0\u1ee3c h\u1ed7 tr\u1ee3, xin ch\u00e0o v\u00e0 h\u1eb9n g\u1eb7p l\u1ea1i c\u00e1c b\u1ea1n \u1edf nh\u1eefng video ti\u1ebfp theo.<\/p>\n<p>&nbsp;<\/p>\n","protected":false},"excerpt":{"rendered":"<ul>\n<li>H\u1ed7 tr\u1ee3 Bluetooth 5.0<\/li>\n<li>thanh \u0111en m\u1edd<\/li>\n<li>loa 30W v\u1edbi h\u1ed1c \u00e2m thanh \u1ed1ng d\u1eabn<\/li>\n<\/ul>\n","protected":false},"featured_media":59087,"comment_status":"open","ping_status":"closed","template":"","meta":[],"product_brand":[],"product_cat":[303],"product_tag":[],"class_list":{"0":"post-56171","1":"product","2":"type-product","3":"status-publish","4":"has-post-thumbnail","6":"product_cat-phu-kien-tv-xiaomi","8":"first","9":"onbackorder","10":"sale","11":"shipping-taxable","12":"purchasable","13":"product-type-simple"},"_links":{"self":[{"href":"https:\/\/tivixiaomi.co\/en\/wp-json\/wp\/v2\/product\/56171"}],"collection":[{"href":"https:\/\/tivixiaomi.co\/en\/wp-json\/wp\/v2\/product"}],"about":[{"href":"https:\/\/tivixiaomi.co\/en\/wp-json\/wp\/v2\/types\/product"}],"replies":[{"embeddable":true,"href":"https:\/\/tivixiaomi.co\/en\/wp-json\/wp\/v2\/comments?post=56171"}],"version-history":[{"count":1,"href":"https:\/\/tivixiaomi.co\/en\/wp-json\/wp\/v2\/product\/56171\/revisions"}],"predecessor-version":[{"id":77494,"href":"https:\/\/tivixiaomi.co\/en\/wp-json\/wp\/v2\/product\/56171\/revisions\/77494"}],"wp:featuredmedia":[{"embeddable":true,"href":"https:\/\/tivixiaomi.co\/en\/wp-json\/wp\/v2\/media\/59087"}],"wp:attachment":[{"href":"https:\/\/tivixiaomi.co\/en\/wp-json\/wp\/v2\/media?parent=56171"}],"wp:term":[{"taxonomy":"product_brand","embeddable":true,"href":"https:\/\/tivixiaomi.co\/en\/wp-json\/wp\/v2\/product_brand?post=56171"},{"taxonomy":"product_cat","embeddable":true,"href":"https:\/\/tivixiaomi.co\/en\/wp-json\/wp\/v2\/product_cat?post=56171"},{"taxonomy":"product_tag","embeddable":true,"href":"https:\/\/tivixiaomi.co\/en\/wp-json\/wp\/v2\/product_tag?post=56171"}],"curies":[{"name":"wp","href":"https:\/\/api.w.org\/{rel}","templated":true}]}}