{"id":56596,"date":"2020-07-29T22:32:33","date_gmt":"2020-07-29T15:32:33","guid":{"rendered":"https:\/\/tivixiaomi.co\/?post_type=product&#038;p=56596"},"modified":"2024-09-04T00:35:51","modified_gmt":"2024-09-03T17:35:51","slug":"man-hinh-vien-mong-fhd-redmi-23-8-inch","status":"publish","type":"product","link":"https:\/\/tivixiaomi.co\/en\/tivi\/man-hinh-vien-mong-fhd-redmi-23-8-inch\/","title":{"rendered":"M\u00e0n h\u00ecnh vi\u1ec1n m\u1ecfng FHD Redmi 23.8 inch"},"content":{"rendered":"<p style=\"text-align: justify;\">M\u00e0n h\u00ecnh vi\u1ec1n m\u1ecfng FHD Redmi 23.8 inch Gi\u00e1 r\u1ebb t\u1ea1i H\u00e0 N\u1ed9i, TP.HCM. Mi\u1ec5n ph\u00ed l\u1eafp \u0111\u1eb7t, H\u1ed7 tr\u1ee3 v\u1eadn chuy\u1ec3n trong n\u1ed9i th\u00e0nh, Hotline: 0984.311.230. Ch\u00e0o m\u1eebng c\u00e1c b\u1ea1n \u0111\u00e3 quay tr\u1edf l\u1ea1i v\u1edbi tivixiaomi.com, v\u00e0 ng\u00e0y h\u00f4m nay ch\u00fang ta s\u1ebd c\u00f9ng tr\u1ea3i nghi\u1ec7m m\u1ed9t s\u1ea3n ph\u1ea9m r\u1ea5t \u0111\u1eb7c bi\u1ec7t c\u1ee7a Xiaomi \u0111\u00f3 ch\u00ednh l\u00e0 1 chi\u1ebfc m\u00e0n h\u00ecnh PC. Tr\u01b0\u1edbc \u0111\u00e2y tivixiaomi.com \u0111\u00e3 g\u1eedi \u0111\u1ebfn c\u00e1c b\u1ea1n 2 m\u00e3 m\u00e0n h\u00ecnh PC r\u1ed3i, tuy nhi\u00ean \u0111\u00e2y l\u00e0 m\u1ed9t s\u1ea3n ph\u1ea9m c\u1ee7a th\u01b0\u01a1ng hi\u1ec7u con Xiaomi c\u00f3 t\u00ean Redmi Desktop Monitor 1A \u0111\u01b0\u1ee3c \u0111\u00e1nh v\u00e0o th\u1ecb tr\u01b0\u1eddng gi\u00e1 r\u1ebb t\u1ea7m th\u1ea5p. V\u1eady h\u00e3y xem s\u1ea3n ph\u1ea9m n\u00e0y c\u00f3 \u0111i\u1ec1u g\u00ec \u0111\u1eb7c bi\u1ec7t nh\u00e9.<\/p>\n<p style=\"text-align: justify;\"><strong>Video \u0111\u00e1nh gi\u00e1 s\u1ea3n ph\u1ea9m m\u00e0n h\u00ecnh PC m\u00e1y t\u00ednh Redmi Desktop Monitor 1A<\/strong><\/p>\n<p><iframe title=\"M\u00e0n h\u00ecnh vi\u1ec1n m\u1ecfng FHD Redmi 23.8 inch \u2022 TiviXiaomi.Com\" width=\"640\" height=\"360\" src=\"https:\/\/www.youtube.com\/embed\/Q_fWHaVzbqg?feature=oembed\" frameborder=\"0\" allow=\"accelerometer; autoplay; clipboard-write; encrypted-media; gyroscope; picture-in-picture; web-share\" referrerpolicy=\"strict-origin-when-cross-origin\" allowfullscreen><\/iframe><\/p>\n<h2 style=\"text-align: justify;\">\u0110\u00e1nh gi\u00e1 thi\u1ebft k\u1ebf c\u1ee7a Redmi Desktop Monitor 1A s\u1ef1 ho\u00e0n h\u1ea3o tinh t\u1ebf<\/h2>\n<p style=\"text-align: justify;\">T\u1ed5ng quan v\u1ec1 thi\u1ebft k\u1ebf c\u1ee7a <a href=\"https:\/\/tivixiaomi.co\/san-pham\/man-hinh-vien-mong-fhd-redmi-23-8-inch\/\"><strong>Redmi Desktop Monitor 1A<\/strong><\/a> c\u00f3 th\u1ec3 n\u00f3i \u0111\u00e2y l\u00e0 m\u1ed9t s\u1ea3n ph\u1ea9m \u1edf ph\u00e2n kh\u00fac gi\u00e1 r\u1ebb nh\u01b0ng l\u1ea1i c\u00f3 \u0111\u1ed9 ho\u00e0n thi\u1ec7n c\u1ef1c t\u1ed1t, v\u1ec1 m\u1ecdi m\u1eb7t c\u1ee7a thi\u1ebft k\u1ebf. Ch\u00fang ta c\u00f3 m\u1ed9t m\u00e0n h\u00ecnh full vi\u1ec1n v\u00e0 h\u01a1n th\u1ebf n\u1eefa ph\u1ea7n khung vi\u1ec1n n\u00e0y \u0111\u01b0\u1ee3c l\u00e0m b\u1eb1ng kim lo\u1ea1i m\u00e0u \u0111en nh\u00e1m. \u0110i\u1ec1u n\u00e0y h\u01a1n h\u1eb3n c\u00e1c s\u1ea3n ph\u1ea9m kh\u00e1c th\u1eadm tr\u00ed c\u00e1c s\u1ea3n ph\u1ea9m \u1edf ph\u00e2n kh\u00fac cao c\u1ea5p h\u01a1n v\u00ed d\u1ee5 nh\u01b0 Dell U24 c\u0169ng ch\u1ec9 c\u00f3 1 vi\u1ec1n m\u00e0n h\u00ecnh nh\u1ef1a m\u00e0 th\u00f4i<\/p>\n<p style=\"text-align: justify;\"><img fetchpriority=\"high\" decoding=\"async\" class=\"wp-image-56630 size-large aligncenter\" src=\"https:\/\/tivixiaomi.co\/wp-content\/uploads\/2020\/07\/IMG_3514-1024x683.jpg\" alt=\"\" width=\"1024\" height=\"683\" srcset=\"https:\/\/tivixiaomi.co\/wp-content\/uploads\/2020\/07\/IMG_3514-1024x683.jpg 1024w, https:\/\/tivixiaomi.co\/wp-content\/uploads\/2020\/07\/IMG_3514-jpg-150x100.webp 150w, https:\/\/tivixiaomi.co\/wp-content\/uploads\/2020\/07\/IMG_3514-600x400.jpg 600w, https:\/\/tivixiaomi.co\/wp-content\/uploads\/2020\/07\/IMG_3514-300x200.jpg 300w, https:\/\/tivixiaomi.co\/wp-content\/uploads\/2020\/07\/IMG_3514-768x512.jpg 768w, https:\/\/tivixiaomi.co\/wp-content\/uploads\/2020\/07\/IMG_3514-1536x1024.jpg 1536w, https:\/\/tivixiaomi.co\/wp-content\/uploads\/2020\/07\/IMG_3514-jpg.webp 1620w\" sizes=\"(max-width: 1024px) 100vw, 1024px\" \/><\/p>\n<p style=\"text-align: justify;\">V\u00e0 ngo\u00e0i ra ch\u00fang ta c\u00f3 m\u1ed9t ch\u00e2n \u0111\u1ebf h\u00ecnh ch\u1eef V b\u1eb1ng kim lo\u1ea1i c\u0169ng \u0111\u01b0\u1ee3c thi\u1ebft k\u1ebf kh\u00e1 g\u1ecdn g\u00e0ng v\u00e0 \u0111\u1eb9p m\u1eaft, \u0111\u1ee7 \u0111\u1ed9 ch\u1eafc ch\u1eafn \u0111\u1ec3 gi\u1eef v\u1eefng m\u00e0n h\u00ecnh n\u00e0y. Ngo\u00e0i ra t\u1ea5m n\u1ec1n c\u1ee7a Redmi Desktop Monitor 1A l\u00e0 c\u1ef1c m\u1ecfng ch\u1ec9 v\u1edbi 5mm n\u00f3 ch\u1ec9 n\u1ed3i h\u01a1n 1 ch\u00fat m\u00e0 th\u00f4i, \u1edf m\u1eb7t tr\u01b0\u1edbc ch\u00fang ta s\u1ebd kh\u00f4ng c\u00f3 b\u1ea5t c\u1ee9 logo c\u1ee7a h\u00e3ng n\u00e0o c\u1ea3, \u0111i\u1ec1u n\u00e0y kh\u00f4ng th\u01b0\u1eddng th\u1ea5y tr\u00ean c\u00e1c s\u1ea3n ph\u1ea9m m\u00e0n h\u00ecnh PC tr\u01b0\u1edbc \u0111\u00e2y m\u00e0 thay v\u00e0o \u0111\u00f3 h\u00e3ng ch\u1ec9 \u0111\u1ec3 duy nh\u1ea5t Logo ph\u00eda m\u1eb7t sau c\u1ee7a s\u1ea3n ph\u1ea9m \u0111i\u1ec1u n\u00e0y l\u00e0m cho ch\u00fang ta li\u00ean t\u01b0\u1edfng \u0111\u1ebfn s\u1ea3n ph\u1ea9m Tivi Redmi r\u1ea5t nhi\u1ec1u.<\/p>\n<p style=\"text-align: justify;\"><img decoding=\"async\" class=\"aligncenter wp-image-56632 size-large\" src=\"https:\/\/tivixiaomi.co\/wp-content\/uploads\/2020\/07\/IMG_3516-1024x683.jpg\" alt=\"\" width=\"1024\" height=\"683\" srcset=\"https:\/\/tivixiaomi.co\/wp-content\/uploads\/2020\/07\/IMG_3516-1024x683.jpg 1024w, https:\/\/tivixiaomi.co\/wp-content\/uploads\/2020\/07\/IMG_3516-jpg-150x100.webp 150w, https:\/\/tivixiaomi.co\/wp-content\/uploads\/2020\/07\/IMG_3516-600x400.jpg 600w, https:\/\/tivixiaomi.co\/wp-content\/uploads\/2020\/07\/IMG_3516-300x200.jpg 300w, https:\/\/tivixiaomi.co\/wp-content\/uploads\/2020\/07\/IMG_3516-768x512.jpg 768w, https:\/\/tivixiaomi.co\/wp-content\/uploads\/2020\/07\/IMG_3516-1536x1024.jpg 1536w, https:\/\/tivixiaomi.co\/wp-content\/uploads\/2020\/07\/IMG_3516-jpg.webp 1620w\" sizes=\"(max-width: 1024px) 100vw, 1024px\" \/><\/p>\n<p style=\"text-align: justify;\"><img decoding=\"async\" class=\"aligncenter wp-image-56635 size-large\" src=\"https:\/\/tivixiaomi.co\/wp-content\/uploads\/2020\/07\/IMG_3519-1024x683.jpg\" alt=\"\" width=\"1024\" height=\"683\" srcset=\"https:\/\/tivixiaomi.co\/wp-content\/uploads\/2020\/07\/IMG_3519-1024x683.jpg 1024w, https:\/\/tivixiaomi.co\/wp-content\/uploads\/2020\/07\/IMG_3519-jpg-150x100.webp 150w, https:\/\/tivixiaomi.co\/wp-content\/uploads\/2020\/07\/IMG_3519-600x400.jpg 600w, https:\/\/tivixiaomi.co\/wp-content\/uploads\/2020\/07\/IMG_3519-300x200.jpg 300w, https:\/\/tivixiaomi.co\/wp-content\/uploads\/2020\/07\/IMG_3519-768x512.jpg 768w, https:\/\/tivixiaomi.co\/wp-content\/uploads\/2020\/07\/IMG_3519-1536x1024.jpg 1536w, https:\/\/tivixiaomi.co\/wp-content\/uploads\/2020\/07\/IMG_3519-jpg.webp 1620w\" sizes=\"(max-width: 1024px) 100vw, 1024px\" \/><\/p>\n<p><img loading=\"lazy\" decoding=\"async\" class=\"aligncenter wp-image-56633 size-large\" src=\"https:\/\/tivixiaomi.co\/wp-content\/uploads\/2020\/07\/IMG_3517-1024x670.jpg\" alt=\"\" width=\"1024\" height=\"670\" srcset=\"https:\/\/tivixiaomi.co\/wp-content\/uploads\/2020\/07\/IMG_3517-1024x670.jpg 1024w, https:\/\/tivixiaomi.co\/wp-content\/uploads\/2020\/07\/IMG_3517-jpg-150x98.webp 150w, https:\/\/tivixiaomi.co\/wp-content\/uploads\/2020\/07\/IMG_3517-600x392.jpg 600w, https:\/\/tivixiaomi.co\/wp-content\/uploads\/2020\/07\/IMG_3517-300x196.jpg 300w, https:\/\/tivixiaomi.co\/wp-content\/uploads\/2020\/07\/IMG_3517-768x502.jpg 768w, https:\/\/tivixiaomi.co\/wp-content\/uploads\/2020\/07\/IMG_3517-1536x1005.jpg 1536w, https:\/\/tivixiaomi.co\/wp-content\/uploads\/2020\/07\/IMG_3517-jpg.webp 1651w\" sizes=\"(max-width: 1024px) 100vw, 1024px\" \/><\/p>\n<p><img loading=\"lazy\" decoding=\"async\" class=\"aligncenter wp-image-56643 size-large\" src=\"https:\/\/tivixiaomi.co\/wp-content\/uploads\/2020\/07\/IMG_3531-1024x683.jpg\" alt=\"\" width=\"1024\" height=\"683\" srcset=\"https:\/\/tivixiaomi.co\/wp-content\/uploads\/2020\/07\/IMG_3531-1024x683.jpg 1024w, https:\/\/tivixiaomi.co\/wp-content\/uploads\/2020\/07\/IMG_3531-jpg-150x100.webp 150w, https:\/\/tivixiaomi.co\/wp-content\/uploads\/2020\/07\/IMG_3531-600x400.jpg 600w, https:\/\/tivixiaomi.co\/wp-content\/uploads\/2020\/07\/IMG_3531-300x200.jpg 300w, https:\/\/tivixiaomi.co\/wp-content\/uploads\/2020\/07\/IMG_3531-768x512.jpg 768w, https:\/\/tivixiaomi.co\/wp-content\/uploads\/2020\/07\/IMG_3531-1536x1024.jpg 1536w, https:\/\/tivixiaomi.co\/wp-content\/uploads\/2020\/07\/IMG_3531-jpg.webp 1620w\" sizes=\"(max-width: 1024px) 100vw, 1024px\" \/><\/p>\n<p>Ti\u1ebfp \u0111\u1ebfn ch\u00fang ta c\u00f3 b\u1ed9 c\u1ed5ng k\u1ebft n\u1ed1i th\u00ec \u1edf \u0111\u00e2y ch\u00fang ta c\u00f3 1 c\u1ed5ng DC \u0111\u01b0\u1ee3c s\u1eed d\u1ee5ng Adapter \u0111\u1ec3 c\u1ea5p ngu\u1ed3n 12V 2A cho m\u00e0n h\u00ecnh, ngo\u00e0i ra ch\u00fang ta ch\u1ec9 c\u00f3 duy nh\u1ea5t 2 thu t\u00edn hi\u1ec7u m\u00e0n h\u00ecnh \u0111\u00f3 l\u00e0 1 HDMI v\u00e0 1 VGA. C\u00f3 th\u1ec3 n\u00f3i \u0111\u00e2y l\u00e0 m\u1ed9t \u0111i\u1ec3u tr\u1eeb kh\u00e1 l\u1edbn v\u1edbi 1 chi\u1ebfc m\u00e0n h\u00ecnh PC m\u1edbi ra m\u1eaft t\u1ea1i th\u1eddi \u0111i\u1ec3m hi\u1ec7n t\u1ea1i, nh\u01b0 ch\u00fang ta \u0111\u00e3 bi\u1ebft th\u00ec c\u00e1c d\u00f2ng Card \u0111\u1ed3 h\u1ecda hi\u1ec7n nay \u0111\u00e3 tuy\u1ec7t ch\u1ee7ng c\u1ed5ng VGA c\u0169 r\u1ed3i ch\u00ednh v\u00ec th\u1ebf c\u1ed5ng VGA \u1edf tr\u00ean m\u00e0n h\u00ecnh n\u00e0y c\u0169ng ch\u1ec9 c\u00f3 nh\u01b0 kh\u00f4ng m\u00e0 th\u00f4i&#8230; Nh\u01b0ng b\u00f9 l\u1ea1i ch\u00fang ta l\u1ea1i c\u00f3 m\u1ed9t c\u1ed5ng HDMI v\u00e0 1 n\u00fat JoyStick \u0111i\u1ec1u ki\u1ec3n kh\u00e1 th\u00fa v\u1ecb<\/p>\n<p><img loading=\"lazy\" decoding=\"async\" class=\"aligncenter wp-image-56640 size-large\" src=\"https:\/\/tivixiaomi.co\/wp-content\/uploads\/2020\/07\/IMG_3526-1024x683.jpg\" alt=\"\" width=\"1024\" height=\"683\" srcset=\"https:\/\/tivixiaomi.co\/wp-content\/uploads\/2020\/07\/IMG_3526-1024x683.jpg 1024w, https:\/\/tivixiaomi.co\/wp-content\/uploads\/2020\/07\/IMG_3526-jpg-150x100.webp 150w, https:\/\/tivixiaomi.co\/wp-content\/uploads\/2020\/07\/IMG_3526-600x400.jpg 600w, https:\/\/tivixiaomi.co\/wp-content\/uploads\/2020\/07\/IMG_3526-300x200.jpg 300w, https:\/\/tivixiaomi.co\/wp-content\/uploads\/2020\/07\/IMG_3526-768x512.jpg 768w, https:\/\/tivixiaomi.co\/wp-content\/uploads\/2020\/07\/IMG_3526-1536x1024.jpg 1536w, https:\/\/tivixiaomi.co\/wp-content\/uploads\/2020\/07\/IMG_3526-jpg.webp 1620w\" sizes=\"(max-width: 1024px) 100vw, 1024px\" \/><\/p>\n<h3>Kh\u1ea3 n\u0103ng hi\u1ec3n th\u1ecb c\u1ee7a Redmi Desktop Monitor 1A<\/h3>\n<p><img loading=\"lazy\" decoding=\"async\" class=\"aligncenter wp-image-56644 size-large\" src=\"https:\/\/tivixiaomi.co\/wp-content\/uploads\/2020\/07\/IMG_3533-1024x683.jpg\" alt=\"\" width=\"1024\" height=\"683\" srcset=\"https:\/\/tivixiaomi.co\/wp-content\/uploads\/2020\/07\/IMG_3533-1024x683.jpg 1024w, https:\/\/tivixiaomi.co\/wp-content\/uploads\/2020\/07\/IMG_3533-jpg-150x100.webp 150w, https:\/\/tivixiaomi.co\/wp-content\/uploads\/2020\/07\/IMG_3533-600x400.jpg 600w, https:\/\/tivixiaomi.co\/wp-content\/uploads\/2020\/07\/IMG_3533-300x200.jpg 300w, https:\/\/tivixiaomi.co\/wp-content\/uploads\/2020\/07\/IMG_3533-768x512.jpg 768w, https:\/\/tivixiaomi.co\/wp-content\/uploads\/2020\/07\/IMG_3533-1536x1024.jpg 1536w, https:\/\/tivixiaomi.co\/wp-content\/uploads\/2020\/07\/IMG_3533-jpg.webp 1620w\" sizes=\"(max-width: 1024px) 100vw, 1024px\" \/><\/p>\n<p>Ch\u00fang ta s\u1ebd c\u00f3 m\u1ed9t ch\u1ea5t l\u01b0\u1ee3ng hi\u1ec3n th\u1ecb v\u1eeba \u0111\u1ee7 d\u00f9ng ph\u1ee5c v\u1ee5 cho c\u00e1c c\u00f4ng vi\u1ec7c kh\u00f4ng y\u00eau c\u1ea7u \u0111\u1ebfn \u0111\u1ed9 ch\u00ednh x\u00e1c v\u1ec1 m\u00e0u s\u1eafc qu\u00e1 cao nh\u01b0 v\u0103n ph\u00f2ng, gi\u1ea3i tr\u00ed xem video&#8230; Ngo\u00e0i ra ch\u00fang ta c\u0169ng c\u00f3 th\u1ec3 t\u00f9y ch\u1ec9nh tone m\u00e0u hay c\u00e1c th\u00f4ng s\u1ed1 kh\u00e1c \u1edf trong menu c\u00f3 s\u1ea3n ph\u1ea9m Redmi Desktop Monitor 1A<\/p>\n<p><img loading=\"lazy\" decoding=\"async\" class=\"aligncenter wp-image-56629 size-large\" src=\"https:\/\/tivixiaomi.co\/wp-content\/uploads\/2020\/07\/IMG_3513-1024x663.jpg\" alt=\"\" width=\"1024\" height=\"663\" srcset=\"https:\/\/tivixiaomi.co\/wp-content\/uploads\/2020\/07\/IMG_3513-1024x663.jpg 1024w, https:\/\/tivixiaomi.co\/wp-content\/uploads\/2020\/07\/IMG_3513-jpg-150x97.webp 150w, https:\/\/tivixiaomi.co\/wp-content\/uploads\/2020\/07\/IMG_3513-600x388.jpg 600w, https:\/\/tivixiaomi.co\/wp-content\/uploads\/2020\/07\/IMG_3513-300x194.jpg 300w, https:\/\/tivixiaomi.co\/wp-content\/uploads\/2020\/07\/IMG_3513-768x497.jpg 768w, https:\/\/tivixiaomi.co\/wp-content\/uploads\/2020\/07\/IMG_3513-1536x994.jpg 1536w, https:\/\/tivixiaomi.co\/wp-content\/uploads\/2020\/07\/IMG_3513-jpg.webp 1669w\" sizes=\"(max-width: 1024px) 100vw, 1024px\" \/><\/p>\n<p><img loading=\"lazy\" decoding=\"async\" class=\"aligncenter wp-image-56634 size-large\" src=\"https:\/\/tivixiaomi.co\/wp-content\/uploads\/2020\/07\/IMG_3518-1024x683.jpg\" alt=\"\" width=\"1024\" height=\"683\" srcset=\"https:\/\/tivixiaomi.co\/wp-content\/uploads\/2020\/07\/IMG_3518-1024x683.jpg 1024w, https:\/\/tivixiaomi.co\/wp-content\/uploads\/2020\/07\/IMG_3518-jpg-150x100.webp 150w, https:\/\/tivixiaomi.co\/wp-content\/uploads\/2020\/07\/IMG_3518-600x400.jpg 600w, https:\/\/tivixiaomi.co\/wp-content\/uploads\/2020\/07\/IMG_3518-300x200.jpg 300w, https:\/\/tivixiaomi.co\/wp-content\/uploads\/2020\/07\/IMG_3518-768x512.jpg 768w, https:\/\/tivixiaomi.co\/wp-content\/uploads\/2020\/07\/IMG_3518-1536x1024.jpg 1536w, https:\/\/tivixiaomi.co\/wp-content\/uploads\/2020\/07\/IMG_3518-jpg.webp 1620w\" sizes=\"(max-width: 1024px) 100vw, 1024px\" \/><\/p>\n<p><img loading=\"lazy\" decoding=\"async\" class=\"aligncenter wp-image-56645 size-large\" src=\"https:\/\/tivixiaomi.co\/wp-content\/uploads\/2020\/07\/IMG_3534-1024x683.jpg\" alt=\"\" width=\"1024\" height=\"683\" srcset=\"https:\/\/tivixiaomi.co\/wp-content\/uploads\/2020\/07\/IMG_3534-1024x683.jpg 1024w, https:\/\/tivixiaomi.co\/wp-content\/uploads\/2020\/07\/IMG_3534-jpg-150x100.webp 150w, https:\/\/tivixiaomi.co\/wp-content\/uploads\/2020\/07\/IMG_3534-600x400.jpg 600w, https:\/\/tivixiaomi.co\/wp-content\/uploads\/2020\/07\/IMG_3534-300x200.jpg 300w, https:\/\/tivixiaomi.co\/wp-content\/uploads\/2020\/07\/IMG_3534-768x512.jpg 768w, https:\/\/tivixiaomi.co\/wp-content\/uploads\/2020\/07\/IMG_3534-1536x1024.jpg 1536w, https:\/\/tivixiaomi.co\/wp-content\/uploads\/2020\/07\/IMG_3534-jpg.webp 1620w\" sizes=\"(max-width: 1024px) 100vw, 1024px\" \/><\/p>\n<p>V\u1edbi m\u1ee9c gi\u00e1 ch\u1ec9 h\u01a1n 2 tri\u1ec7u \u0111\u1ed3ng \u0111\u00e2y l\u00e0 m\u1ed9t s\u1ea3n ph\u1ea9m s\u1ebd t\u1eadp trung v\u00e0o ph\u00e2n kh\u00fac gi\u00e1 r\u1ebb v\u00e0 \u0111\u01b0\u1ee3c nhi\u1ec1u ng\u01b0\u1eddi d\u00f9ng quan t\u00e2m. C\u00f2n b\u1ea1n b\u1ea1n c\u1ea3m th\u1ea5y sao v\u1ec1 s\u1ea3n ph\u1ea9m n\u00e0y vui l\u00f2ng li\u00ean h\u1ec7 theo hotline c\u1ee7a tivixiaomi.com \u0111\u1ec3 \u0111\u01b0\u1ee3c t\u01b0 v\u1ea5n c\u1ee5 th\u1ec3.<\/p>\n","protected":false},"excerpt":{"rendered":"<ul>\n<li>M\u00e0n h\u00ecnh c\u1ee9ng g\u00f3c r\u1ed9ng IPS<\/li>\n<li>Th\u00e2n m\u00e1y m\u1ecfng 7,3mm<\/li>\n<li>\u00c1nh s\u00e1ng xanh th\u1ea5p b\u1ea3o v\u1ec7 m\u1eaft tho\u1ea3i m\u00e1i<\/li>\n<\/ul>\n","protected":false},"featured_media":59116,"comment_status":"open","ping_status":"closed","template":"","meta":[],"product_brand":[],"product_cat":[27],"product_tag":[],"class_list":{"0":"post-56596","1":"product","2":"type-product","3":"status-publish","4":"has-post-thumbnail","6":"product_cat-chua-phan-loai","8":"first","9":"outofstock","10":"shipping-taxable","11":"purchasable","12":"product-type-simple"},"_links":{"self":[{"href":"https:\/\/tivixiaomi.co\/en\/wp-json\/wp\/v2\/product\/56596"}],"collection":[{"href":"https:\/\/tivixiaomi.co\/en\/wp-json\/wp\/v2\/product"}],"about":[{"href":"https:\/\/tivixiaomi.co\/en\/wp-json\/wp\/v2\/types\/product"}],"replies":[{"embeddable":true,"href":"https:\/\/tivixiaomi.co\/en\/wp-json\/wp\/v2\/comments?post=56596"}],"version-history":[{"count":1,"href":"https:\/\/tivixiaomi.co\/en\/wp-json\/wp\/v2\/product\/56596\/revisions"}],"predecessor-version":[{"id":70086,"href":"https:\/\/tivixiaomi.co\/en\/wp-json\/wp\/v2\/product\/56596\/revisions\/70086"}],"wp:featuredmedia":[{"embeddable":true,"href":"https:\/\/tivixiaomi.co\/en\/wp-json\/wp\/v2\/media\/59116"}],"wp:attachment":[{"href":"https:\/\/tivixiaomi.co\/en\/wp-json\/wp\/v2\/media?parent=56596"}],"wp:term":[{"taxonomy":"product_brand","embeddable":true,"href":"https:\/\/tivixiaomi.co\/en\/wp-json\/wp\/v2\/product_brand?post=56596"},{"taxonomy":"product_cat","embeddable":true,"href":"https:\/\/tivixiaomi.co\/en\/wp-json\/wp\/v2\/product_cat?post=56596"},{"taxonomy":"product_tag","embeddable":true,"href":"https:\/\/tivixiaomi.co\/en\/wp-json\/wp\/v2\/product_tag?post=56596"}],"curies":[{"name":"wp","href":"https:\/\/api.w.org\/{rel}","templated":true}]}}