{"id":56624,"date":"2020-08-02T12:11:22","date_gmt":"2020-08-02T05:11:22","guid":{"rendered":"https:\/\/tivixiaomi.co\/?post_type=product&#038;p=56624"},"modified":"2024-09-09T01:06:19","modified_gmt":"2024-09-08T18:06:19","slug":"mi-tv-stick","status":"publish","type":"product","link":"https:\/\/tivixiaomi.co\/en\/tivi\/mi-tv-stick\/","title":{"rendered":"Mi TV Stick H\u1ed7 tr\u1ee3 b\u1edfi Android TV"},"content":{"rendered":"<p style=\"text-align: justify;\">Mi TV Stick Android TV Gi\u00e1 r\u1ebb t\u1ea1i H\u00e0 N\u1ed9i, TP.HCM. Mi\u1ec5n ph\u00ed l\u1eafp \u0111\u1eb7t, H\u1ed7 tr\u1ee3 v\u1eadn chuy\u1ec3n trong n\u1ed9i th\u00e0nh, Hotline: 0984.311.230. Ch\u00fang ta l\u1ea1i g\u1eb7p l\u1ea1i nhau t\u1ea1i tivixiaomi.com v\u00e0 l\u1ea7n n\u00e0y s\u1ebd kh\u00f4ng ph\u1ea3i l\u00e0 1 chi\u1ebfc Tivi si\u00eau to hay m\u1ed9t m\u00e0n h\u00ecnh PC gi\u00e1 r\u1ebb, m\u00e0 h\u00f4m nay ch\u00fang ta s\u1ebd c\u00f9ng tr\u1ea3i nghi\u1ec7m m\u1ed9t s\u1ea3n ph\u1ea9m \u0111\u00f3 ch\u00ednh l\u00e0 chi\u1ebfc Mi TV Stick ho\u1eb7c c\u00f3 th\u1ec3 n\u00f3i \u0111\u01a1n gi\u1ea3n n\u00f3 g\u1ea7n gi\u1ed1ng v\u1edbi m\u1ed9t chi\u1ebfc Android TV. V\u1eady c\u00f2n \u0111i\u1ec1u g\u00ec \u0111\u1eb7c bi\u1ec7t c\u1ee7a s\u1ea3n ph\u1ea9m n\u00e0y n\u1eefa hay c\u00f9ng ch\u00fang tivixiaomi.com \u0111\u00e1nh gi\u00e1 s\u1ea3n ph\u1ea9m n\u00e0y ngay th\u00f4i n\u00e0o.<\/p>\n<p style=\"text-align: justify;\"><strong>Video \u0111\u00e1nh gi\u00e1 m\u1edf h\u1ed9p s\u1ea3n ph\u1ea9m Mi Tivi Stick Android TV<\/strong><\/p>\n<p><iframe title=\"Mi TV Stick H\u1ed7 tr\u1ee3 b\u1edfi Android TV \u2022 TiviXiaomi.Com\" width=\"640\" height=\"360\" src=\"https:\/\/www.youtube.com\/embed\/KikGNXsFKfo?feature=oembed\" frameborder=\"0\" allow=\"accelerometer; autoplay; clipboard-write; encrypted-media; gyroscope; picture-in-picture; web-share\" referrerpolicy=\"strict-origin-when-cross-origin\" allowfullscreen><\/iframe><\/p>\n<p style=\"text-align: justify;\">\u0110\u00e1nh gi\u00e1 nhanh v\u1ebft thi\u1ebft k\u1ebf c\u1ee7a <a href=\"https:\/\/tivixiaomi.co\/san-pham\/mi-tv-stick\/\"><strong>Mi TV Stick Android TV<\/strong><\/a>, ngay t\u1eeb vot h\u1ed9p ch\u00fang ta c\u00f3 1 tone m\u00e0y cam quen thu\u1ed9c c\u1ee7a Xiaomi \u0111i k\u00e8m v\u1edbi \u0111\u00f3 l\u00e0 h\u00ecnh \u1ea3nh c\u1ee7a chi\u1ebfc Remote v\u00e0 b\u1ed9 c\u00e0i \u0111\u1eb7t Mi Tivi r\u1ea5t d\u1ec5 nh\u1eadn ra. V\u1edbi to\u00e0n b\u1ed9 \u0111\u01b0\u1ee3c l\u00e0m b\u1eb1ng tone m\u00e0u \u0111en nh\u1ef1a nh\u00e1m kh\u00e1 sang tr\u1ecdng ngo\u00e0i ra l\u00e0 logo c\u1ee7a c\u00e1c h\u00e3ng truy\u1ec1n h\u00ecnh r\u1ea5t n\u1ed5i ti\u1ebfng nh\u01b0 NETFLIX hay Youtube&#8230;<\/p>\n<p style=\"text-align: justify;\"><img fetchpriority=\"high\" decoding=\"async\" class=\"aligncenter wp-image-56674 size-large\" src=\"https:\/\/tivixiaomi.co\/wp-content\/uploads\/2020\/08\/mi-tivi-stick-2020-tivixiaomi.com-22-1024x576.jpg\" alt=\"Mi TV Stick\" width=\"1024\" height=\"576\" srcset=\"https:\/\/tivixiaomi.co\/wp-content\/uploads\/2020\/08\/mi-tivi-stick-2020-tivixiaomi.com-22-1024x576.jpg 1024w, https:\/\/tivixiaomi.co\/wp-content\/uploads\/2020\/08\/mi-tivi-stick-2020-tivixiaomi.com-22-jpg-150x84.webp 150w, https:\/\/tivixiaomi.co\/wp-content\/uploads\/2020\/08\/mi-tivi-stick-2020-tivixiaomi.com-22-600x338.jpg 600w, https:\/\/tivixiaomi.co\/wp-content\/uploads\/2020\/08\/mi-tivi-stick-2020-tivixiaomi.com-22-300x169.jpg 300w, https:\/\/tivixiaomi.co\/wp-content\/uploads\/2020\/08\/mi-tivi-stick-2020-tivixiaomi.com-22-768x432.jpg 768w, https:\/\/tivixiaomi.co\/wp-content\/uploads\/2020\/08\/mi-tivi-stick-2020-tivixiaomi.com-22-1536x864.jpg 1536w, https:\/\/tivixiaomi.co\/wp-content\/uploads\/2020\/08\/mi-tivi-stick-2020-tivixiaomi.com-22-jpg.webp 1920w\" sizes=\"(max-width: 1024px) 100vw, 1024px\" \/><\/p>\n<p style=\"text-align: justify;\">2 b\u00ean c\u1ea1nh s\u01b0\u1eddn l\u00e0 c\u00e1c th\u00f4ng tin v\u1ec1 thi\u1ebft b\u1ecb \u0111i k\u00e8m trong h\u1ed9p v\u00e0 c\u00e1c chu\u1ea9n k\u1ebft n\u1ed1i \u0111\u01b0\u1ee3c t\u00edch h\u1ee3p tr\u00ean s\u1ea3n ph\u1ea9m.<\/p>\n<p style=\"text-align: justify;\"><img decoding=\"async\" class=\"aligncenter wp-image-56655 size-large\" src=\"https:\/\/tivixiaomi.co\/wp-content\/uploads\/2020\/08\/mi-tivi-stick-2020-tivixiaomi.com-2-1024x683.jpg\" alt=\"Mi TV Stick\" width=\"1024\" height=\"683\" srcset=\"https:\/\/tivixiaomi.co\/wp-content\/uploads\/2020\/08\/mi-tivi-stick-2020-tivixiaomi.com-2-1024x683.jpg 1024w, https:\/\/tivixiaomi.co\/wp-content\/uploads\/2020\/08\/mi-tivi-stick-2020-tivixiaomi.com-2-jpg-150x100.webp 150w, https:\/\/tivixiaomi.co\/wp-content\/uploads\/2020\/08\/mi-tivi-stick-2020-tivixiaomi.com-2-600x400.jpg 600w, https:\/\/tivixiaomi.co\/wp-content\/uploads\/2020\/08\/mi-tivi-stick-2020-tivixiaomi.com-2-300x200.jpg 300w, https:\/\/tivixiaomi.co\/wp-content\/uploads\/2020\/08\/mi-tivi-stick-2020-tivixiaomi.com-2-768x512.jpg 768w, https:\/\/tivixiaomi.co\/wp-content\/uploads\/2020\/08\/mi-tivi-stick-2020-tivixiaomi.com-2-1536x1024.jpg 1536w, https:\/\/tivixiaomi.co\/wp-content\/uploads\/2020\/08\/mi-tivi-stick-2020-tivixiaomi.com-2-jpg.webp 1620w\" sizes=\"(max-width: 1024px) 100vw, 1024px\" \/><\/p>\n<p style=\"text-align: justify;\">Ph\u00eda b\u00ean trong ch\u00fang ta c\u00f3 l\u1ea7n l\u01b0\u1ee3t c\u00e1c thi\u1ebft b\u1ecb, \u0111\u1ea7u ti\u00ean l\u00e0 Mi Tivi r\u1ea5t r\u1ea5t nh\u1ecf g\u1ecdn g\u1ea7n nh\u01b0 n\u00f3 ch\u1ec9 b\u1eb1ng m\u1ed9t c\u00e1i USB th\u00f4ng th\u01b0\u1eddng c\u00f3 th\u1ec3 d\u1ec5 d\u00e0ng \u0111\u00fat t\u00fai ho\u1eb7c magn \u0111i b\u1ea5t c\u1ee9 \u0111\u00e2u m\u00e0 ng\u01b0\u1eddi d\u00f9ng mong mu\u1ed1n. th\u1eadt qu\u1ea3 l\u00e0 r\u1ea5t ti\u1ec7n l\u1ee3i. Ch\u00fang ta c\u00f3 th\u00eam 1 chi\u1ebfc remote kh\u00f4ng kh\u00e1c m\u1ea5y so v\u1edbi nh\u1eefng chi\u1ebfc remote c\u1ee7a Tivi Xiaomi \u0111\u00e3 t\u1eebng l\u00e0m video \u0111\u00e1nh gi\u00e1 tr\u01b0\u1edbc \u0111\u00e2y, v\u00e0 cu\u1ed1i c\u00f9ng l\u00e0 b\u1ed9 s\u1ea1c c\u00e1p micro USB<\/p>\n<p style=\"text-align: justify;\"><img decoding=\"async\" class=\"aligncenter wp-image-56666 size-large\" src=\"https:\/\/tivixiaomi.co\/wp-content\/uploads\/2020\/08\/mi-tivi-stick-2020-tivixiaomi.com-13-1024x683.jpg\" alt=\"Mi TV Stick\" width=\"1024\" height=\"683\" srcset=\"https:\/\/tivixiaomi.co\/wp-content\/uploads\/2020\/08\/mi-tivi-stick-2020-tivixiaomi.com-13-1024x683.jpg 1024w, https:\/\/tivixiaomi.co\/wp-content\/uploads\/2020\/08\/mi-tivi-stick-2020-tivixiaomi.com-13-jpg-150x100.webp 150w, https:\/\/tivixiaomi.co\/wp-content\/uploads\/2020\/08\/mi-tivi-stick-2020-tivixiaomi.com-13-600x400.jpg 600w, https:\/\/tivixiaomi.co\/wp-content\/uploads\/2020\/08\/mi-tivi-stick-2020-tivixiaomi.com-13-300x200.jpg 300w, https:\/\/tivixiaomi.co\/wp-content\/uploads\/2020\/08\/mi-tivi-stick-2020-tivixiaomi.com-13-768x512.jpg 768w, https:\/\/tivixiaomi.co\/wp-content\/uploads\/2020\/08\/mi-tivi-stick-2020-tivixiaomi.com-13-1536x1024.jpg 1536w, https:\/\/tivixiaomi.co\/wp-content\/uploads\/2020\/08\/mi-tivi-stick-2020-tivixiaomi.com-13-jpg.webp 1620w\" sizes=\"(max-width: 1024px) 100vw, 1024px\" \/><\/p>\n<p style=\"text-align: justify;\">kKhos c\u00f3 th\u1ec3 tin \u0111\u01b0\u1ee3c r\u1eb1ng \u0111\u00e2y l\u00e0 m\u1ed9t chi\u1ebfc Andoird TV v\u00ec n\u00f3 qu\u00e1 nh\u1ecf g\u1ecdn v\u00e0 nh\u01b0 m\u1ed9t chi\u1ebfc USB v\u1eady. H\u1ec7 \u0111i\u1ec1u h\u00e0nh Android 9.0, hi\u1ec7u n\u0103ng tuy\u1ec7t v\u1eddi v\u00e0 m\u01b0\u1ee3t m\u00e0, CPU Amlogic S905 Y2 Cortex A53, b\u1ed9 x\u1eed l\u00fd l\u00f5i t\u1ee9 mang \u0111\u1ebfn tr\u1ea3i nghi\u1ec7m th\u00f4ng minh nh\u1ea5t v\u00e0 t\u1ed1t nh\u1ea5t.Ch\u1ea5t l\u01b0\u1ee3ng \u00e2m thanh n\u1ed5i HD DOLBY cho ph\u00e9p b\u1ea1n th\u01b0\u1edfng th\u1ee9c hi\u1ec7u \u1ee9ng \u00e2m thanh cao c\u1ea5p gi\u1ed1ng nh\u01b0 r\u1ea1p chi\u1ebfu phim.C\u00f4ng ngh\u1ec7 HDR 2K, ph\u00e1t l\u1ea1i l\u00ean \u0111\u1ebfn 60fps, cho c\u1ea3m gi\u00e1c xem HD si\u00eau n\u00e9t.-B\u0103ng t\u1ea7n k\u00e9p 2.4GHz + 5.8GhzWifi\u1ed4n \u0111\u1ecbnh v\u00e0 nhanh ch\u00f3ng \u0111\u1ec3Kh\u00f4ng d\u00e2yK\u1ebft n\u1ed1i v\u1edbi thi\u1ebft b\u1ecb c\u1ee7a b\u1ea1n.Ram 1GB + Rom 8GB, kh\u00f4ng gian l\u1edbn \u0111\u1ee7 \u0111\u1ec3 c\u00e0i \u0111\u1eb7t \u1ee9ng d\u1ee5ng. H\u1ed7 tr\u1ee3GoogleTr\u1ee3 l\u00fd \u0111i\u1ec1u khi\u1ec3n b\u1eb1ng gi\u1ecdng n\u00f3i. T\u01b0\u01a1ng th\u00edch v\u1edbi c\u00e1c \u1ee9ng d\u1ee5ng kh\u00e1c nhau<\/p>\n<p><img loading=\"lazy\" decoding=\"async\" class=\"aligncenter wp-image-56668 size-large\" src=\"https:\/\/tivixiaomi.co\/wp-content\/uploads\/2020\/08\/mi-tivi-stick-2020-tivixiaomi.com-15-1024x664.jpg\" alt=\"Mi TV Stick\" width=\"1024\" height=\"664\" srcset=\"https:\/\/tivixiaomi.co\/wp-content\/uploads\/2020\/08\/mi-tivi-stick-2020-tivixiaomi.com-15-1024x664.jpg 1024w, https:\/\/tivixiaomi.co\/wp-content\/uploads\/2020\/08\/mi-tivi-stick-2020-tivixiaomi.com-15-jpg-150x97.webp 150w, https:\/\/tivixiaomi.co\/wp-content\/uploads\/2020\/08\/mi-tivi-stick-2020-tivixiaomi.com-15-600x389.jpg 600w, https:\/\/tivixiaomi.co\/wp-content\/uploads\/2020\/08\/mi-tivi-stick-2020-tivixiaomi.com-15-300x195.jpg 300w, https:\/\/tivixiaomi.co\/wp-content\/uploads\/2020\/08\/mi-tivi-stick-2020-tivixiaomi.com-15-768x498.jpg 768w, https:\/\/tivixiaomi.co\/wp-content\/uploads\/2020\/08\/mi-tivi-stick-2020-tivixiaomi.com-15-1536x996.jpg 1536w, https:\/\/tivixiaomi.co\/wp-content\/uploads\/2020\/08\/mi-tivi-stick-2020-tivixiaomi.com-15-jpg.webp 1665w\" sizes=\"(max-width: 1024px) 100vw, 1024px\" \/><\/p>\n<p>Th\u00f4ng s\u1ed1 k\u1ef9 thu\u1eadt c\u1ee7a Mi Tivi Stick Android TV kh\u00e1 \u1ea5n t\u01b0\u1ee3ng:\u00a0Th\u01b0\u01a1ng hi\u1ec7u:<span class=\"sensitive\">Xiaomi<\/span><br \/>\nGPU: Mali-G31<br \/>\nCPU: Amlogic S905 Y2<br \/>\nL\u00f5i: L\u00f5i t\u1ee9<br \/>\nLo\u1ea1i RAM: 1GB DDR4<br \/>\nRom: 8GB ROM<br \/>\nM\u00e0u: \u0110en<br \/>\n\u0110\u1ed9 ph\u00e2n gi\u1ea3i: 1366*768<br \/>\n\u0110\u1ecbnh d\u1ea1ng b\u1ed9 gi\u1ea3i m\u00e3: H.264, H.265, HD MPEG4<br \/>\n\u0110\u1ecbnh d\u1ea1ng video: 1080p, 2K, AVS, H.264, H.265, ISO, MKV, MOV, MP4, MPEG-1, MPEG-4, MPEG1, MPEG2, VC-1, WM<br \/>\n\u0110\u1ecbnh d\u1ea1ng \u00e2m thanh: AAC, FLAC, MP3, ACG, RM, WMA<br \/>\n\u0110\u1ecbnh d\u1ea1ng \u1ea3nh: BMP, GIF, HD JPEG, JPEG, PNG, TIFF<br \/>\nH\u1ed7 tr\u1ee3 \u0111\u1ea7u ra \u00e2m thanh v\u00f2m 5.1: C\u00f3<br \/>\n5g<span class=\"sensitive\">Wifi<\/span>: V\u00e2ng<br \/>\n<span class=\"sensitive\">Wifi<\/span>: 802.11 A\/B\/g\/n\/AC<br \/>\nBT: BT 4.2<br \/>\nNgu\u1ed3n \u0111i\u1ec7n: c\u1ed5ng USB<br \/>\nNg\u00f4n ng\u1eef: \u0111a ng\u00f4n ng\u1eef<br \/>\nPhi\u00ean b\u1ea3n giao di\u1ec7n HDM: 2.0<br \/>\nC\u00e1c ch\u1ee9c n\u0103ng kh\u00e1c: Kh\u00e1c<br \/>\nCh\u1ee9c n\u0103ng giao di\u1ec7n HDM: HDCP<br \/>\nTi\u00eau th\u1ee5 \u0111i\u1ec7n n\u0103ng. : 5W<br \/>\nPower Type: S\u1ea1c d\u1ef1 ph\u00f2ng k\u1ef9 thu\u1eadt s\u1ed1<br \/>\nC\u00f4ng su\u1ea5t \u0111\u1ea7u v\u00e0o: 5V<br \/>\n\u0110\u1ea7u v\u00e0o b\u1ed9 chuy\u1ec3n \u0111\u1ed5i \u0111i\u1ec7n: 100-240V \/ 50-60Hz<br \/>\nTr\u1ecdng l\u01b0\u1ee3ng g\u00f3i h\u00e0ng: 0.1850 kg<br \/>\nK\u00edch th\u01b0\u1edbc g\u00f3i h\u00e0ng: Kho\u1ea3ng. 14.50&#215;7.50&#215;3.50cm\/ 5.71&#215;2.95&#215;1.38inch<\/p>\n<p><img loading=\"lazy\" decoding=\"async\" class=\"aligncenter wp-image-56656 size-large\" src=\"https:\/\/tivixiaomi.co\/wp-content\/uploads\/2020\/08\/mi-tivi-stick-2020-tivixiaomi.com-3-1024x683.jpg\" alt=\"Mi TV Stick\" width=\"1024\" height=\"683\" srcset=\"https:\/\/tivixiaomi.co\/wp-content\/uploads\/2020\/08\/mi-tivi-stick-2020-tivixiaomi.com-3-1024x683.jpg 1024w, https:\/\/tivixiaomi.co\/wp-content\/uploads\/2020\/08\/mi-tivi-stick-2020-tivixiaomi.com-3-jpg-150x100.webp 150w, https:\/\/tivixiaomi.co\/wp-content\/uploads\/2020\/08\/mi-tivi-stick-2020-tivixiaomi.com-3-600x400.jpg 600w, https:\/\/tivixiaomi.co\/wp-content\/uploads\/2020\/08\/mi-tivi-stick-2020-tivixiaomi.com-3-300x200.jpg 300w, https:\/\/tivixiaomi.co\/wp-content\/uploads\/2020\/08\/mi-tivi-stick-2020-tivixiaomi.com-3-768x512.jpg 768w, https:\/\/tivixiaomi.co\/wp-content\/uploads\/2020\/08\/mi-tivi-stick-2020-tivixiaomi.com-3-1536x1024.jpg 1536w, https:\/\/tivixiaomi.co\/wp-content\/uploads\/2020\/08\/mi-tivi-stick-2020-tivixiaomi.com-3-jpg.webp 1620w\" sizes=\"(max-width: 1024px) 100vw, 1024px\" \/><\/p>\n<p>Ch\u00fang ta c\u00f3 th\u1ec3 th\u01b0 gi\u00e3n v\u1edbi c\u00e1c t\u1ef1a game n\u1eb7ng ho\u1eb7c xem nh\u1eefng b\u1ed9 phim th\u00fa v\u1ecb tr\u00ean Youtube hay NETFLIX t\u1eeb thi\u1ebft b\u1ecb nh\u1ecf nh\u1eefng c\u00f3 v\u00f5 n\u00e0y.<\/p>\n<p>&nbsp;<\/p>\n<p><img loading=\"lazy\" decoding=\"async\" class=\"aligncenter wp-image-56664 size-large\" src=\"https:\/\/tivixiaomi.co\/wp-content\/uploads\/2020\/08\/mi-tivi-stick-2020-tivixiaomi.com-11-1024x683.jpg\" alt=\"Mi TV Stick\" width=\"1024\" height=\"683\" srcset=\"https:\/\/tivixiaomi.co\/wp-content\/uploads\/2020\/08\/mi-tivi-stick-2020-tivixiaomi.com-11-1024x683.jpg 1024w, https:\/\/tivixiaomi.co\/wp-content\/uploads\/2020\/08\/mi-tivi-stick-2020-tivixiaomi.com-11-jpg-150x100.webp 150w, https:\/\/tivixiaomi.co\/wp-content\/uploads\/2020\/08\/mi-tivi-stick-2020-tivixiaomi.com-11-600x400.jpg 600w, https:\/\/tivixiaomi.co\/wp-content\/uploads\/2020\/08\/mi-tivi-stick-2020-tivixiaomi.com-11-300x200.jpg 300w, https:\/\/tivixiaomi.co\/wp-content\/uploads\/2020\/08\/mi-tivi-stick-2020-tivixiaomi.com-11-768x512.jpg 768w, https:\/\/tivixiaomi.co\/wp-content\/uploads\/2020\/08\/mi-tivi-stick-2020-tivixiaomi.com-11-1536x1024.jpg 1536w, https:\/\/tivixiaomi.co\/wp-content\/uploads\/2020\/08\/mi-tivi-stick-2020-tivixiaomi.com-11-jpg.webp 1620w\" sizes=\"(max-width: 1024px) 100vw, 1024px\" \/><\/p>\n<p>K\u1ebft n\u1ed1i c\u1ee7a Mi Tivi Stick c\u0169ng kh\u00e1 \u0111\u01a1n gi\u1ea3n, thi\u1ebft b\u1ecb \u0111\u01b0\u1ee3c k\u1ebft n\u1ed1i v\u1edbi m\u00e0n h\u00ecnh qua c\u1ed5ng HDMI v\u00e0 lu\u00f4n c\u00f3 b\u1ed9 b\u1ed9 s\u1ea1c \u0111i k\u00e8m \u0111\u1ec3 c\u1ea5p ngu\u1ed3n cho s\u1ea3n ph\u1ea9m qua c\u00f4ng micro USB<\/p>\n<p><img loading=\"lazy\" decoding=\"async\" class=\"aligncenter wp-image-56657 size-large\" src=\"https:\/\/tivixiaomi.co\/wp-content\/uploads\/2020\/08\/mi-tivi-stick-2020-tivixiaomi.com-4-1024x683.jpg\" alt=\"Mi TV Stick\" width=\"1024\" height=\"683\" srcset=\"https:\/\/tivixiaomi.co\/wp-content\/uploads\/2020\/08\/mi-tivi-stick-2020-tivixiaomi.com-4-1024x683.jpg 1024w, https:\/\/tivixiaomi.co\/wp-content\/uploads\/2020\/08\/mi-tivi-stick-2020-tivixiaomi.com-4-jpg-150x100.webp 150w, https:\/\/tivixiaomi.co\/wp-content\/uploads\/2020\/08\/mi-tivi-stick-2020-tivixiaomi.com-4-600x400.jpg 600w, https:\/\/tivixiaomi.co\/wp-content\/uploads\/2020\/08\/mi-tivi-stick-2020-tivixiaomi.com-4-300x200.jpg 300w, https:\/\/tivixiaomi.co\/wp-content\/uploads\/2020\/08\/mi-tivi-stick-2020-tivixiaomi.com-4-768x512.jpg 768w, https:\/\/tivixiaomi.co\/wp-content\/uploads\/2020\/08\/mi-tivi-stick-2020-tivixiaomi.com-4-1536x1024.jpg 1536w, https:\/\/tivixiaomi.co\/wp-content\/uploads\/2020\/08\/mi-tivi-stick-2020-tivixiaomi.com-4-jpg.webp 1620w\" sizes=\"(max-width: 1024px) 100vw, 1024px\" \/><\/p>\n<p>Remote s\u1ebd gi\u00fap ng\u01b0\u1eddi d\u00f9ng control c\u00e1c thao t\u00e1c \u0111i\u1ec1u khi\u1ec3n b\u1eb1ng gi\u1ecdng n\u00f3i, nh\u1eadp li\u00eau t\u1eeb kh\u00f3a c\u1ea7n thi\u1ebft&#8230; kh\u00e1 \u0111\u01a1n gi\u1ea3n \u0111\u1ec3 s\u1eed d\u1ee5ng s\u1ea3n ph\u1ea9m n\u00e0y ph\u1ea3i kh\u00f4ng n\u00e0o<\/p>\n<p><img loading=\"lazy\" decoding=\"async\" class=\"aligncenter wp-image-56671 size-large\" src=\"https:\/\/tivixiaomi.co\/wp-content\/uploads\/2020\/08\/mi-tivi-stick-2020-tivixiaomi.com-18-1024x664.jpg\" alt=\"Mi TV Stick\" width=\"1024\" height=\"664\" srcset=\"https:\/\/tivixiaomi.co\/wp-content\/uploads\/2020\/08\/mi-tivi-stick-2020-tivixiaomi.com-18-1024x664.jpg 1024w, https:\/\/tivixiaomi.co\/wp-content\/uploads\/2020\/08\/mi-tivi-stick-2020-tivixiaomi.com-18-jpg-150x97.webp 150w, https:\/\/tivixiaomi.co\/wp-content\/uploads\/2020\/08\/mi-tivi-stick-2020-tivixiaomi.com-18-600x389.jpg 600w, https:\/\/tivixiaomi.co\/wp-content\/uploads\/2020\/08\/mi-tivi-stick-2020-tivixiaomi.com-18-300x195.jpg 300w, https:\/\/tivixiaomi.co\/wp-content\/uploads\/2020\/08\/mi-tivi-stick-2020-tivixiaomi.com-18-768x498.jpg 768w, https:\/\/tivixiaomi.co\/wp-content\/uploads\/2020\/08\/mi-tivi-stick-2020-tivixiaomi.com-18-1536x996.jpg 1536w, https:\/\/tivixiaomi.co\/wp-content\/uploads\/2020\/08\/mi-tivi-stick-2020-tivixiaomi.com-18-jpg.webp 1665w\" sizes=\"(max-width: 1024px) 100vw, 1024px\" \/><\/p>\n<p><img loading=\"lazy\" decoding=\"async\" class=\"aligncenter wp-image-56675 size-large\" src=\"https:\/\/tivixiaomi.co\/wp-content\/uploads\/2020\/08\/mi-tivi-stick-2020-tivixiaomi.com-21-1024x576.jpg\" alt=\"Mi TV Stick\" width=\"1024\" height=\"576\" srcset=\"https:\/\/tivixiaomi.co\/wp-content\/uploads\/2020\/08\/mi-tivi-stick-2020-tivixiaomi.com-21-1024x576.jpg 1024w, https:\/\/tivixiaomi.co\/wp-content\/uploads\/2020\/08\/mi-tivi-stick-2020-tivixiaomi.com-21-jpg-150x84.webp 150w, https:\/\/tivixiaomi.co\/wp-content\/uploads\/2020\/08\/mi-tivi-stick-2020-tivixiaomi.com-21-600x338.jpg 600w, https:\/\/tivixiaomi.co\/wp-content\/uploads\/2020\/08\/mi-tivi-stick-2020-tivixiaomi.com-21-300x169.jpg 300w, https:\/\/tivixiaomi.co\/wp-content\/uploads\/2020\/08\/mi-tivi-stick-2020-tivixiaomi.com-21-768x432.jpg 768w, https:\/\/tivixiaomi.co\/wp-content\/uploads\/2020\/08\/mi-tivi-stick-2020-tivixiaomi.com-21-1536x864.jpg 1536w, https:\/\/tivixiaomi.co\/wp-content\/uploads\/2020\/08\/mi-tivi-stick-2020-tivixiaomi.com-21-jpg.webp 1920w\" sizes=\"(max-width: 1024px) 100vw, 1024px\" \/><\/p>\n<p><img loading=\"lazy\" decoding=\"async\" class=\"aligncenter wp-image-56663 size-large\" src=\"https:\/\/tivixiaomi.co\/wp-content\/uploads\/2020\/08\/mi-tivi-stick-2020-tivixiaomi.com-10-1024x683.jpg\" alt=\"Mi TV Stick\" width=\"1024\" height=\"683\" srcset=\"https:\/\/tivixiaomi.co\/wp-content\/uploads\/2020\/08\/mi-tivi-stick-2020-tivixiaomi.com-10-1024x683.jpg 1024w, https:\/\/tivixiaomi.co\/wp-content\/uploads\/2020\/08\/mi-tivi-stick-2020-tivixiaomi.com-10-jpg-150x100.webp 150w, https:\/\/tivixiaomi.co\/wp-content\/uploads\/2020\/08\/mi-tivi-stick-2020-tivixiaomi.com-10-600x400.jpg 600w, https:\/\/tivixiaomi.co\/wp-content\/uploads\/2020\/08\/mi-tivi-stick-2020-tivixiaomi.com-10-300x200.jpg 300w, https:\/\/tivixiaomi.co\/wp-content\/uploads\/2020\/08\/mi-tivi-stick-2020-tivixiaomi.com-10-768x512.jpg 768w, https:\/\/tivixiaomi.co\/wp-content\/uploads\/2020\/08\/mi-tivi-stick-2020-tivixiaomi.com-10-1536x1024.jpg 1536w, https:\/\/tivixiaomi.co\/wp-content\/uploads\/2020\/08\/mi-tivi-stick-2020-tivixiaomi.com-10-jpg.webp 1620w\" sizes=\"(max-width: 1024px) 100vw, 1024px\" \/><\/p>\n<p>N\u1ebfu b\u1ea1n \u0111ang quan t\u00e2m \u0111\u1ebfn s\u1ea3n ph\u1ea9m Mi Tivi Stick c\u00f3 th\u1ec3 li\u00ean h\u1ec7 ngay t\u1edbi hotline c\u1ee7a tivixiaomi.com \u0111\u1ec3 \u0111\u01b0\u1ee3c t\u01b0 v\u1ea5n ngay. Ngo\u00e0i ra n\u1ebfu b\u1ea1n c\u00f3 b\u1ea5t c\u1ee9 th\u1eafc m\u1eafc n\u00e0o v\u1ec1 s\u1ea3n ph\u1ea9m c\u00f3 th\u1ec3 \u0111\u1ec3 l\u1ea1i comment \u1edf d\u01b0\u1edbi b\u00e0i vi\u1ebft n\u00e0y. Xin ch\u00e0o v\u00e0 h\u1eb9n g\u1eb7p l\u1ea1i c\u00e1c b\u1ea1n \u1edf nh\u1eefng b\u00e0i \u0111\u00e1nh gi\u00e1 ti\u1ebfp theo.<\/p>\n","protected":false},"excerpt":{"rendered":"<ul>\n<li>L\u1ed7i l\u00e0 \u0111\u1ed5i m\u1edbi trong\u00a0<b>101 ng\u00e0y\u00a0<\/b>t\u1eadn nh\u00e0<\/li>\n<li>\u0110\u1ed5i tr\u1ea3 v\u00e0 b\u1ea3o h\u00e0nh c\u1ef1c d\u1ec5\u00a0<b>ch\u1ec9 c\u1ea7n s\u1ed1 \u0111i\u1ec7n tho\u1ea1i<\/b><\/li>\n<li>B\u1ea3o h\u00e0nh\u00a0<b>ch\u00ednh h\u00e3ng 1 n\u0103m<\/b>, c\u00f3 ng\u01b0\u1eddi \u0111\u1ebfn l\u1ea5y t\u1eadn nh\u00e0<\/li>\n<li>G\u1ecdi \u0111\u1eb7t mua:\u00a0<a href=\"tel:0984311230\">0984.311.230<\/a><i class=\"icondetailV3-callme\"><\/i>\u00a0(7:30-22:00)<\/li>\n<\/ul>\n","protected":false},"featured_media":56625,"comment_status":"open","ping_status":"closed","template":"","meta":[],"product_brand":[],"product_cat":[27],"product_tag":[],"class_list":{"0":"post-56624","1":"product","2":"type-product","3":"status-publish","4":"has-post-thumbnail","6":"product_cat-chua-phan-loai","8":"first","9":"outofstock","10":"shipping-taxable","11":"purchasable","12":"product-type-simple"},"_links":{"self":[{"href":"https:\/\/tivixiaomi.co\/en\/wp-json\/wp\/v2\/product\/56624"}],"collection":[{"href":"https:\/\/tivixiaomi.co\/en\/wp-json\/wp\/v2\/product"}],"about":[{"href":"https:\/\/tivixiaomi.co\/en\/wp-json\/wp\/v2\/types\/product"}],"replies":[{"embeddable":true,"href":"https:\/\/tivixiaomi.co\/en\/wp-json\/wp\/v2\/comments?post=56624"}],"version-history":[{"count":1,"href":"https:\/\/tivixiaomi.co\/en\/wp-json\/wp\/v2\/product\/56624\/revisions"}],"predecessor-version":[{"id":77497,"href":"https:\/\/tivixiaomi.co\/en\/wp-json\/wp\/v2\/product\/56624\/revisions\/77497"}],"wp:featuredmedia":[{"embeddable":true,"href":"https:\/\/tivixiaomi.co\/en\/wp-json\/wp\/v2\/media\/56625"}],"wp:attachment":[{"href":"https:\/\/tivixiaomi.co\/en\/wp-json\/wp\/v2\/media?parent=56624"}],"wp:term":[{"taxonomy":"product_brand","embeddable":true,"href":"https:\/\/tivixiaomi.co\/en\/wp-json\/wp\/v2\/product_brand?post=56624"},{"taxonomy":"product_cat","embeddable":true,"href":"https:\/\/tivixiaomi.co\/en\/wp-json\/wp\/v2\/product_cat?post=56624"},{"taxonomy":"product_tag","embeddable":true,"href":"https:\/\/tivixiaomi.co\/en\/wp-json\/wp\/v2\/product_tag?post=56624"}],"curies":[{"name":"wp","href":"https:\/\/api.w.org\/{rel}","templated":true}]}}