{"id":57127,"date":"2020-09-11T21:42:58","date_gmt":"2020-09-11T14:42:58","guid":{"rendered":"https:\/\/tivixiaomi.co\/?post_type=product&#038;p=57127"},"modified":"2024-09-04T13:46:54","modified_gmt":"2024-09-04T06:46:54","slug":"mitv-4s43","status":"publish","type":"product","link":"https:\/\/tivixiaomi.co\/en\/tivi\/mitv-4s43\/","title":{"rendered":"Mi LED TV 4S 43&#8221; Global (\u0111\u00e3 bao g\u1ed3m VAT)"},"content":{"rendered":"<p>Smart Tivi Xiaomi 43 inch (Mi LED TV 4S 43 Global) Gi\u00e1 r\u1ebb t\u1ea1i H\u00e0 N\u1ed9i, TP.HCM. Mi\u1ec5n ph\u00ed l\u1eafp \u0111\u1eb7t, H\u1ed7 tr\u1ee3 v\u1eadn chuy\u1ec3n trong n\u1ed9i th\u00e0nh, Hotline: 0984.311.230. Phi\u00ean b\u1ea3n qu\u1ed1c t\u1ebf \u0111\u1ed9c quy\u1ec1n t\u1ea1i Vi\u1ec7t Nam ch\u1ec9 c\u00f3 t\u1ea1i Tivixiaomi.com.<\/p>\n<p style=\"text-align: center;\"><strong>Video tr\u1ea3i nghi\u1ec7m nhanh s\u1ea3n ph\u1ea9m Mi LED TV 4S 55 inch Global<\/strong><\/p>\n<p><iframe title=\"Mi LED TV 4S 55 Global \u2022 TiviXiaomi.Com\" width=\"640\" height=\"360\" src=\"https:\/\/www.youtube.com\/embed\/PfH_hEsQ4CY?feature=oembed\" frameborder=\"0\" allow=\"accelerometer; autoplay; clipboard-write; encrypted-media; gyroscope; picture-in-picture; web-share\" referrerpolicy=\"strict-origin-when-cross-origin\" allowfullscreen><\/iframe><\/p>\n<p>Ch\u00e0o m\u1eebng c\u00e1c b\u1ea1n \u0111\u00e3 quay tr\u1edf l\u1ea1i v\u1edbi Tivixiaomi.com v\u00e0 t\u1eeb tr\u01b0\u1edbc \u0111\u1ebfn gi\u1edd tivi xiaomi lu\u00f4n g\u1eedi \u0111\u1ebfn c\u00e1c b\u1ea1n c\u00e1c m\u1eabu Tivi \u0111\u1ebfn t\u1eeb th\u1ecb tr\u01b0\u1eddng n\u1ed9i \u0111\u1ecba, tuy nhi\u00ean trong b\u00e0i \u0111\u00e1nh gi\u00e1 n\u00e0y ch\u00fang ta s\u1ebd c\u00f9ng \u0111\u00e1nh gi\u00e1 m\u1eabu Tivi m\u00e0 Xiaomi tung ra d\u00e0nh cho cho th\u1ecb tr\u01b0\u1eddng Qu\u1ed1c t\u1ebf.<\/p>\n<p><img fetchpriority=\"high\" decoding=\"async\" class=\"aligncenter wp-image-58759 size-large\" src=\"https:\/\/tivixiaomi.co\/wp-content\/uploads\/2020\/12\/z2240010623536_7b9ab78dee9dce3043dd58e622d423d6-1024x683.jpg\" alt=\"Mi LED TV 4S 43'' Global tivi xiaomi 43inch phi\u00ean b\u1ea3n qu\u1ed1c t\u1ebf\" width=\"1024\" height=\"683\" srcset=\"https:\/\/tivixiaomi.co\/wp-content\/uploads\/2020\/12\/z2240010623536_7b9ab78dee9dce3043dd58e622d423d6-1024x683.jpg 1024w, https:\/\/tivixiaomi.co\/wp-content\/uploads\/2020\/12\/z2240010623536_7b9ab78dee9dce3043dd58e622d423d6-scaled-jpg-150x100.webp 150w, https:\/\/tivixiaomi.co\/wp-content\/uploads\/2020\/12\/z2240010623536_7b9ab78dee9dce3043dd58e622d423d6-600x400.jpg 600w, https:\/\/tivixiaomi.co\/wp-content\/uploads\/2020\/12\/z2240010623536_7b9ab78dee9dce3043dd58e622d423d6-300x200.jpg 300w, https:\/\/tivixiaomi.co\/wp-content\/uploads\/2020\/12\/z2240010623536_7b9ab78dee9dce3043dd58e622d423d6-768x512.jpg 768w, https:\/\/tivixiaomi.co\/wp-content\/uploads\/2020\/12\/z2240010623536_7b9ab78dee9dce3043dd58e622d423d6-1536x1024.jpg 1536w, https:\/\/tivixiaomi.co\/wp-content\/uploads\/2020\/12\/z2240010623536_7b9ab78dee9dce3043dd58e622d423d6-2048x1365.jpg 2048w\" sizes=\"(max-width: 1024px) 100vw, 1024px\" \/><\/p>\n<h2><strong>Ph\u1ee5 ki\u1ec7n \u0111i k\u00e8m bao g\u1ed3m:<\/strong><\/h2>\n<p><img decoding=\"async\" class=\"aligncenter wp-image-58783 size-large\" src=\"https:\/\/tivixiaomi.co\/wp-content\/uploads\/2020\/09\/z2239963114665_fff606497cf619f975fbf53bb0baa42d-1024x683.jpg\" alt=\"Mi LED TV 4S 43'' Global tivi xiaomi 43inch phi\u00ean b\u1ea3n qu\u1ed1c t\u1ebf\" width=\"1024\" height=\"683\" srcset=\"https:\/\/tivixiaomi.co\/wp-content\/uploads\/2020\/09\/z2239963114665_fff606497cf619f975fbf53bb0baa42d-1024x683.jpg 1024w, https:\/\/tivixiaomi.co\/wp-content\/uploads\/2020\/09\/z2239963114665_fff606497cf619f975fbf53bb0baa42d-scaled-jpg-150x100.webp 150w, https:\/\/tivixiaomi.co\/wp-content\/uploads\/2020\/09\/z2239963114665_fff606497cf619f975fbf53bb0baa42d-600x400.jpg 600w, https:\/\/tivixiaomi.co\/wp-content\/uploads\/2020\/09\/z2239963114665_fff606497cf619f975fbf53bb0baa42d-300x200.jpg 300w, https:\/\/tivixiaomi.co\/wp-content\/uploads\/2020\/09\/z2239963114665_fff606497cf619f975fbf53bb0baa42d-768x512.jpg 768w, https:\/\/tivixiaomi.co\/wp-content\/uploads\/2020\/09\/z2239963114665_fff606497cf619f975fbf53bb0baa42d-1536x1024.jpg 1536w, https:\/\/tivixiaomi.co\/wp-content\/uploads\/2020\/09\/z2239963114665_fff606497cf619f975fbf53bb0baa42d-2048x1365.jpg 2048w\" sizes=\"(max-width: 1024px) 100vw, 1024px\" \/><\/p>\n<h2><strong>Thi\u1ebft k\u1ebf c\u1ee7a Tivi MI LED 4S 43 inch\u00a0 Global\u00a0<\/strong><\/h2>\n<p style=\"text-align: center;\"><img decoding=\"async\" class=\"aligncenter wp-image-58766 size-large\" src=\"https:\/\/tivixiaomi.co\/wp-content\/uploads\/2020\/12\/z2239961835767_66013c2f8f99f604775361812e32dea5-1024x683.jpg\" alt=\"Mi LED TV 4S 43'' Global tivi xiaomi 43inch phi\u00ean b\u1ea3n qu\u1ed1c t\u1ebf\" width=\"1024\" height=\"683\" \/><\/p>\n<p>Ch\u00fang ta s\u1ebd c\u00f3 \u1edf \u0111\u00e2y m\u1ed9t chi\u1ebfc\u00a0 <strong>Tivi Xiaomi Mi LED TV 4S 43 inch Global<\/strong> v\u1edbi l\u1ed1i Thi\u1ebft k\u1ebf vi\u1ec1n m\u1ecfng v\u00e0 m\u00e0n h\u00ecnh l\u1edbn h\u01a1n mang \u0111\u1ebfn tr\u1ea3i nghi\u1ec7m xem \u0111\u1eafm ch\u00ecm h\u01a1n. Tuy nhi\u00ean ch\u00fang ta c\u00f3 th\u1ec3 nh\u1eadn th\u1ea5y s\u1ef1 kh\u00e1c bi\u1ec7t \u0111\u1ebfn t\u1eeb \u0111\u1ed9 ho\u00e0n thi\u1ec7n c\u1ee7a s\u1ea3n ph\u1ea9m c\u1ef1c k\u00ec c\u1ee9ng c\u00e1p. \u0110\u01b0\u1ee3c ch\u1ebf t\u00e1c tinh x\u1ea3o b\u1eb1ng quy tr\u00ecnh n\u0103m b\u01b0\u1edbc bao g\u1ed3m k\u00e9o kim lo\u1ea1i v\u00e0 u\u1ed1n li\u1ec1n m\u1ea1ch, gi\u00fap cho chi\u1ebfc <strong>Tivi Xiaomi Mi LED TV 4S 43 inch Global<\/strong> c\u00f3 th\u1ec3 \u0111\u1eb7t v\u1eeba v\u00e0o nh\u1eefng kh\u00f4ng gian nh\u1ecf ti\u1ec7n d\u1ee5ng v\u00e0 ph\u00f9 h\u1ee3p. Ph\u1ea7n vi\u1ec1n d\u01b0\u1edbi s\u1ebd h\u01a1i d\u00e0y h\u01a1n m\u1ed9t ch\u00fat v\u00ec c\u00f3 logo c\u1ee7a h\u00e3ng c\u0169ng nh\u01b0 c\u1ea3m bi\u1ebfn h\u1ed3ng ngo\u1ea1i \u0111\u1ec3 ti\u1ebfp nh\u1eadn th\u00f4ng tin t\u1eeb chi\u1ebfc remote c\u0169ng nh\u01b0 m\u1ed9t n\u00fat ngu\u1ed3n nh\u1ecf \u0111\u1eb7t \u1edf c\u1ea1nh d\u01b0\u1edbi c\u1ee7a s\u1ea3n ph\u1ea9m, ph\u00eda c\u1ea1nh ph\u1ea3i ch\u00fang ta c\u0169ng c\u00f3 m\u1ed9t d\u00f2ng ch\u1eef Designed by Xiaomi d\u00f2ng ch\u1eef ch\u1ec9 c\u00f3 tr\u00ean nh\u1eefng s\u1ea3n ph\u1ea9m cao c\u1ea5p c\u1ee7a Xiaomi.<\/p>\n<p><img loading=\"lazy\" decoding=\"async\" class=\"aligncenter wp-image-58764 size-large\" src=\"https:\/\/tivixiaomi.co\/wp-content\/uploads\/2020\/12\/z2240028677354_f91e6bf2e9f06cc6650ae4fb21ccff87-1024x683.jpg\" alt=\"Mi LED TV 4S 43'' Global tivi xiaomi 43inch phi\u00ean b\u1ea3n qu\u1ed1c t\u1ebf\" width=\"1024\" height=\"683\" srcset=\"https:\/\/tivixiaomi.co\/wp-content\/uploads\/2020\/12\/z2240028677354_f91e6bf2e9f06cc6650ae4fb21ccff87-1024x683.jpg 1024w, https:\/\/tivixiaomi.co\/wp-content\/uploads\/2020\/12\/z2240028677354_f91e6bf2e9f06cc6650ae4fb21ccff87-scaled-jpg-150x100.webp 150w, https:\/\/tivixiaomi.co\/wp-content\/uploads\/2020\/12\/z2240028677354_f91e6bf2e9f06cc6650ae4fb21ccff87-600x400.jpg 600w, https:\/\/tivixiaomi.co\/wp-content\/uploads\/2020\/12\/z2240028677354_f91e6bf2e9f06cc6650ae4fb21ccff87-300x200.jpg 300w, https:\/\/tivixiaomi.co\/wp-content\/uploads\/2020\/12\/z2240028677354_f91e6bf2e9f06cc6650ae4fb21ccff87-768x512.jpg 768w, https:\/\/tivixiaomi.co\/wp-content\/uploads\/2020\/12\/z2240028677354_f91e6bf2e9f06cc6650ae4fb21ccff87-1536x1024.jpg 1536w, https:\/\/tivixiaomi.co\/wp-content\/uploads\/2020\/12\/z2240028677354_f91e6bf2e9f06cc6650ae4fb21ccff87-2048x1365.jpg 2048w\" sizes=\"(max-width: 1024px) 100vw, 1024px\" \/> <img loading=\"lazy\" decoding=\"async\" class=\"aligncenter wp-image-58757 size-large\" src=\"https:\/\/tivixiaomi.co\/wp-content\/uploads\/2020\/12\/z2240010713084_497ec91636b7550513799632858644a5-1024x683.jpg\" alt=\"Mi LED TV 4S 43'' Global tivi xiaomi 43inch phi\u00ean b\u1ea3n qu\u1ed1c t\u1ebf\" width=\"1024\" height=\"683\" srcset=\"https:\/\/tivixiaomi.co\/wp-content\/uploads\/2020\/12\/z2240010713084_497ec91636b7550513799632858644a5-1024x683.jpg 1024w, https:\/\/tivixiaomi.co\/wp-content\/uploads\/2020\/12\/z2240010713084_497ec91636b7550513799632858644a5-scaled-jpg-150x100.webp 150w, https:\/\/tivixiaomi.co\/wp-content\/uploads\/2020\/12\/z2240010713084_497ec91636b7550513799632858644a5-600x400.jpg 600w, https:\/\/tivixiaomi.co\/wp-content\/uploads\/2020\/12\/z2240010713084_497ec91636b7550513799632858644a5-300x200.jpg 300w, https:\/\/tivixiaomi.co\/wp-content\/uploads\/2020\/12\/z2240010713084_497ec91636b7550513799632858644a5-768x512.jpg 768w, https:\/\/tivixiaomi.co\/wp-content\/uploads\/2020\/12\/z2240010713084_497ec91636b7550513799632858644a5-1536x1024.jpg 1536w, https:\/\/tivixiaomi.co\/wp-content\/uploads\/2020\/12\/z2240010713084_497ec91636b7550513799632858644a5-2048x1365.jpg 2048w\" sizes=\"(max-width: 1024px) 100vw, 1024px\" \/> <img loading=\"lazy\" decoding=\"async\" class=\"aligncenter wp-image-58756 size-large\" src=\"https:\/\/tivixiaomi.co\/wp-content\/uploads\/2020\/12\/z2240010705093_0417b015b2499021a0f97e15e31179ff-1024x683.jpg\" alt=\"Mi LED TV 4S 43'' Global tivi xiaomi 43inch phi\u00ean b\u1ea3n qu\u1ed1c t\u1ebf\" width=\"1024\" height=\"683\" srcset=\"https:\/\/tivixiaomi.co\/wp-content\/uploads\/2020\/12\/z2240010705093_0417b015b2499021a0f97e15e31179ff-1024x683.jpg 1024w, https:\/\/tivixiaomi.co\/wp-content\/uploads\/2020\/12\/z2240010705093_0417b015b2499021a0f97e15e31179ff-scaled-jpg-150x100.webp 150w, https:\/\/tivixiaomi.co\/wp-content\/uploads\/2020\/12\/z2240010705093_0417b015b2499021a0f97e15e31179ff-600x400.jpg 600w, https:\/\/tivixiaomi.co\/wp-content\/uploads\/2020\/12\/z2240010705093_0417b015b2499021a0f97e15e31179ff-300x200.jpg 300w, https:\/\/tivixiaomi.co\/wp-content\/uploads\/2020\/12\/z2240010705093_0417b015b2499021a0f97e15e31179ff-768x512.jpg 768w, https:\/\/tivixiaomi.co\/wp-content\/uploads\/2020\/12\/z2240010705093_0417b015b2499021a0f97e15e31179ff-1536x1024.jpg 1536w, https:\/\/tivixiaomi.co\/wp-content\/uploads\/2020\/12\/z2240010705093_0417b015b2499021a0f97e15e31179ff-2048x1365.jpg 2048w\" sizes=\"(max-width: 1024px) 100vw, 1024px\" \/> <img loading=\"lazy\" decoding=\"async\" class=\"aligncenter wp-image-58755 size-large\" src=\"https:\/\/tivixiaomi.co\/wp-content\/uploads\/2020\/12\/z2240010599101_6937951e3b7226e4a1d7edadb383fdbb-1024x683.jpg\" alt=\"Mi LED TV 4S 43'' Global tivi xiaomi 43inch phi\u00ean b\u1ea3n qu\u1ed1c t\u1ebf\" width=\"1024\" height=\"683\" srcset=\"https:\/\/tivixiaomi.co\/wp-content\/uploads\/2020\/12\/z2240010599101_6937951e3b7226e4a1d7edadb383fdbb-1024x683.jpg 1024w, https:\/\/tivixiaomi.co\/wp-content\/uploads\/2020\/12\/z2240010599101_6937951e3b7226e4a1d7edadb383fdbb-scaled-jpg-150x100.webp 150w, https:\/\/tivixiaomi.co\/wp-content\/uploads\/2020\/12\/z2240010599101_6937951e3b7226e4a1d7edadb383fdbb-600x400.jpg 600w, https:\/\/tivixiaomi.co\/wp-content\/uploads\/2020\/12\/z2240010599101_6937951e3b7226e4a1d7edadb383fdbb-300x200.jpg 300w, https:\/\/tivixiaomi.co\/wp-content\/uploads\/2020\/12\/z2240010599101_6937951e3b7226e4a1d7edadb383fdbb-768x512.jpg 768w, https:\/\/tivixiaomi.co\/wp-content\/uploads\/2020\/12\/z2240010599101_6937951e3b7226e4a1d7edadb383fdbb-1536x1024.jpg 1536w, https:\/\/tivixiaomi.co\/wp-content\/uploads\/2020\/12\/z2240010599101_6937951e3b7226e4a1d7edadb383fdbb-2048x1365.jpg 2048w\" sizes=\"(max-width: 1024px) 100vw, 1024px\" \/><\/p>\n<p>V\u1edbi k\u00edch th\u01b0\u1edbc ch\u1ec9 43 inch th\u00ec ph\u1ea7n c\u1ea1nh b\u00ean c\u1ee7a chi\u1ebfc <strong>Tivi Xiaomi Mi LED TV 4S 43 inch Global<\/strong> kh\u00f4ng qu\u00e1 m\u1ecfng nh\u01b0 nh\u1eefng chi\u1ebfc Tivi k\u00edch th\u01b0\u1edbc l\u1edbn h\u01a1n, \u0111i\u1ec1u n\u00e0y mang l\u1ea1i m\u1ed9t \u0111i\u1ec3m m\u1ea1nh c\u1ef1c l\u1edbn \u0111\u00f3 ch\u00ednh l\u00e0 b\u1ea3o v\u1ec7 t\u1ea5m panel c\u1ef1c t\u1ed1t tr\u00e1nh \u0111\u01b0\u1ee3c va ch\u1ea1m, m\u1ed9t \u0111i\u1ec3m y\u1ebfu tr\u00ean c\u00e1c d\u00f2ng Tivi Panel m\u1ecfng l\u00e0 m\u00e0n h\u00ecnh r\u1ea5t d\u1ec5 b\u1ecb ngo\u1ea1i l\u1ef1c t\u00e1c \u0111\u1ed9ng v\u00e0o, v\u1ec1 m\u1eb7t sau ch\u00fang ta c\u00f3 h\u1ec7 th\u1ed1ng loa ngo\u00e0i v\u00e0 c\u00e1c c\u1ed5ng k\u1ebft n\u1ed1i c\u01a1 b\u1ea3n nh\u01b0 HDMI, LAN ho\u1eb7c USB&#8230;<\/p>\n<h3>Thi\u1ebft k\u1ebf \u0111i\u1ec1u khi\u1ec3n th\u00f4ng minh<\/h3>\n<p><img loading=\"lazy\" decoding=\"async\" class=\"aligncenter wp-image-58856 size-large\" src=\"https:\/\/tivixiaomi.co\/wp-content\/uploads\/2020\/09\/VuongArts-25-1024x683.jpg\" alt=\"Mi LED TV 4S 43'' Global tivi xiaomi 43inch phi\u00ean b\u1ea3n qu\u1ed1c t\u1ebf\" width=\"1024\" height=\"683\" srcset=\"https:\/\/tivixiaomi.co\/wp-content\/uploads\/2020\/09\/VuongArts-25-1024x683.jpg 1024w, https:\/\/tivixiaomi.co\/wp-content\/uploads\/2020\/09\/VuongArts-25-scaled-jpg-150x100.webp 150w, https:\/\/tivixiaomi.co\/wp-content\/uploads\/2020\/09\/VuongArts-25-600x400.jpg 600w, https:\/\/tivixiaomi.co\/wp-content\/uploads\/2020\/09\/VuongArts-25-300x200.jpg 300w, https:\/\/tivixiaomi.co\/wp-content\/uploads\/2020\/09\/VuongArts-25-768x512.jpg 768w, https:\/\/tivixiaomi.co\/wp-content\/uploads\/2020\/09\/VuongArts-25-1536x1024.jpg 1536w, https:\/\/tivixiaomi.co\/wp-content\/uploads\/2020\/09\/VuongArts-25-2048x1365.jpg 2048w\" sizes=\"(max-width: 1024px) 100vw, 1024px\" \/><\/p>\n<p><img loading=\"lazy\" decoding=\"async\" class=\"aligncenter wp-image-58855 size-large\" src=\"https:\/\/tivixiaomi.co\/wp-content\/uploads\/2020\/09\/VuongArts-24-1024x683.jpg\" alt=\"remote tivi xiaomi phi\u00ean b\u1ea3n qu\u1ed1c t\u1ebf\" width=\"1024\" height=\"683\" srcset=\"https:\/\/tivixiaomi.co\/wp-content\/uploads\/2020\/09\/VuongArts-24-1024x683.jpg 1024w, https:\/\/tivixiaomi.co\/wp-content\/uploads\/2020\/09\/VuongArts-24-scaled-jpg-150x100.webp 150w, https:\/\/tivixiaomi.co\/wp-content\/uploads\/2020\/09\/VuongArts-24-600x400.jpg 600w, https:\/\/tivixiaomi.co\/wp-content\/uploads\/2020\/09\/VuongArts-24-300x200.jpg 300w, https:\/\/tivixiaomi.co\/wp-content\/uploads\/2020\/09\/VuongArts-24-768x512.jpg 768w, https:\/\/tivixiaomi.co\/wp-content\/uploads\/2020\/09\/VuongArts-24-1536x1024.jpg 1536w, https:\/\/tivixiaomi.co\/wp-content\/uploads\/2020\/09\/VuongArts-24-2048x1365.jpg 2048w\" sizes=\"(max-width: 1024px) 100vw, 1024px\" \/><\/p>\n<p>&nbsp;<\/p>\n<h3><strong>Ch\u1ee9ng nh\u1eadn n\u0103ng l\u01b0\u1ee3ng<\/strong><\/h3>\n<p><img loading=\"lazy\" decoding=\"async\" class=\"aligncenter wp-image-58832 size-large\" src=\"https:\/\/tivixiaomi.co\/wp-content\/uploads\/2020\/01\/Tivi-55-17-1024x683.jpg\" alt=\"\" width=\"1024\" height=\"683\" srcset=\"https:\/\/tivixiaomi.co\/wp-content\/uploads\/2020\/01\/Tivi-55-17-1024x683.jpg 1024w, https:\/\/tivixiaomi.co\/wp-content\/uploads\/2020\/01\/Tivi-55-17-jpg-150x100.webp 150w, https:\/\/tivixiaomi.co\/wp-content\/uploads\/2020\/01\/Tivi-55-17-600x400.jpg 600w, https:\/\/tivixiaomi.co\/wp-content\/uploads\/2020\/01\/Tivi-55-17-300x200.jpg 300w, https:\/\/tivixiaomi.co\/wp-content\/uploads\/2020\/01\/Tivi-55-17-768x512.jpg 768w, https:\/\/tivixiaomi.co\/wp-content\/uploads\/2020\/01\/Tivi-55-17-1536x1024.jpg 1536w, https:\/\/tivixiaomi.co\/wp-content\/uploads\/2020\/01\/Tivi-55-17-jpg.webp 1624w\" sizes=\"(max-width: 1024px) 100vw, 1024px\" \/><\/p>\n<p>&nbsp;<\/p>\n<h3 class=\"title3\">\u0110\u01b0\u1ee3c Netflix v\u00e0 Prime Video\u00a0ch\u00ednh th\u1ee9c ph\u00ea duy\u1ec7t<\/h3>\n<p class=\"text3\">S\u1ef1 ch\u1ea5p thu\u1eadn ch\u00ednh th\u1ee9c t\u1eeb hai n\u1ec1n t\u1ea3ng\u00a0ch\u00ednh\u00a0\u0111\u1ea3m b\u1ea3o n\u1ed9i dung ch\u1ea5t l\u01b0\u1ee3ng h\u00e0ng \u0111\u1ea7u th\u1ebf gi\u1edbi. Tr\u1ee3 l\u00fd Google<br \/>\nAndroid TV hi\u1ec7n \u0111i k\u00e8m v\u1edbi b\u1ea1n Tr\u1ee3 l\u00fd Google \u0111\u01b0\u1ee3c t\u00edch h\u1ee3p s\u1eb5n \u0110i\u1ec1u khi\u1ec3n nh\u00e0 th\u00f4ng minh. \u0110i\u1ec1u khi\u1ec3n b\u1eb1ng gi\u1ecdng n\u00f3i d\u1ec5 d\u00e0ng mang \u0111\u1ebfn c\u00f4ng ngh\u1ec7 th\u00f4ng minh, hi\u1ec7u qu\u1ea3 cho cu\u1ed9c s\u1ed1ng c\u1ee7a b\u1ea1n. V\u1edbi Chromecast, b\u1ea1n c\u00f3 th\u1ec3 chi\u1ebfu m\u00e0n h\u00ecnh \u0111i\u1ec7n tho\u1ea1i l\u00ean TV. H\u1ec7 \u0111i\u1ec1u h\u00e0nh Android TV \u0111\u1ea7y \u0111\u1ee7 t\u00ednh n\u0103ng.<\/p>\n<p><img loading=\"lazy\" decoding=\"async\" class=\"aligncenter wp-image-58779 size-full\" src=\"https:\/\/tivixiaomi.co\/wp-content\/uploads\/2020\/12\/z2240438491798_f2f3470c7c99ccd1828696bce1a960a2.jpg\" alt=\"\" width=\"890\" height=\"389\" \/><\/p>\n<h3 class=\"title4\">Nhi\u1ec1u c\u1ed5ng k\u1ebft n\u1ed1i\u00a0\u0110\u00e1p \u1ee9ng m\u1ecdi y\u00eau c\u1ea7u kinh doanh v\u00e0 gi\u1ea3i tr\u00ed c\u1ee7a b\u1ea1n<\/h3>\n<p><img loading=\"lazy\" decoding=\"async\" class=\"aligncenter wp-image-58771 size-large\" src=\"https:\/\/tivixiaomi.co\/wp-content\/uploads\/2020\/12\/11cb-1024x683.png\" alt=\"Mi LED TV 4S 43'' Global tivi xiaomi 43inch phi\u00ean b\u1ea3n qu\u1ed1c t\u1ebf\" width=\"1024\" height=\"683\" srcset=\"https:\/\/tivixiaomi.co\/wp-content\/uploads\/2020\/12\/11cb-1024x683.png 1024w, https:\/\/tivixiaomi.co\/wp-content\/uploads\/2020\/12\/11cb-150x100.png 150w, https:\/\/tivixiaomi.co\/wp-content\/uploads\/2020\/12\/11cb-600x400.png 600w, https:\/\/tivixiaomi.co\/wp-content\/uploads\/2020\/12\/11cb-300x200.png 300w, https:\/\/tivixiaomi.co\/wp-content\/uploads\/2020\/12\/11cb-768x512.png 768w, https:\/\/tivixiaomi.co\/wp-content\/uploads\/2020\/12\/11cb-1536x1024.png 1536w, https:\/\/tivixiaomi.co\/wp-content\/uploads\/2020\/12\/11cb-2048x1365.png 2048w\" sizes=\"(max-width: 1024px) 100vw, 1024px\" \/><\/p>\n<h3><strong>C\u1ea5u h\u00ecnh v\u01b0\u1ee3t tr\u1ed9i c\u1ee7a Mi LED TV 4S 43 inch Global<\/strong><\/h3>\n<p>B\u1ed9 x\u1eed l\u00fd l\u00f5i t\u1ee9 64-bit \u0111\u1ec3 x\u1eed l\u00fd nhanh h\u01a1n, b\u1ed9 nh\u1edb l\u1edbn 2GB + 8GB cho nhi\u1ec1u \u1ee9ng d\u1ee5ng h\u01a1n, h\u1ed5 tr\u1ee3 Bluetooth 4.2,<br \/>\nti\u00eau th\u1ee5 \u0111i\u1ec7n n\u0103ng th\u1ea5p v\u00e0 Wi-Fi h\u1ed7 tr\u1ee3 2.4GHz \/ 5GHz<\/p>\n<p>Phi\u00ean b\u1ea3n m\u1edbi nh\u1ea5t cho ph\u00e9p b\u1ea1n t\u1eaft t\u00f9y ch\u1ecdn &#8220;C\u1eadp nh\u1eadt th\u00f4ng minh&#8221; (khuy\u1ebfn kh\u00edch b\u1eadt) \u0111\u1ec3 h\u1ee7y c\u1eadp nh\u1eadt ROM t\u1ef1 \u0111\u1ed9ng. \u0110\u1ec3 c\u1ea3i thi\u1ec7n d\u1ecbch v\u1ee5 c\u1ee7a ch\u00fang t\u00f4i cho b\u1ea1n v\u00e0 hi\u1ec3u r\u00f5 h\u01a1n v\u1ec1 h\u1ec7 th\u1ed1ng AI c\u1ee7a b\u1ea1n, m\u1ed9t s\u1ed1 \u1ee9ng d\u1ee5ng hi\u1ec7n c\u00f3 c\u1ee7a b\u1ea1n s\u1ebd \u0111\u01b0\u1ee3c t\u1ef1 \u0111\u1ed9ng c\u1eadp nh\u1eadt.<\/p>\n","protected":false},"excerpt":{"rendered":"<ul>\n<li>D\u00f2ng 4S Global Series<\/li>\n<li>M\u00e0n h\u00ecnh: 4K<\/li>\n<li>RAM: 2GB<\/li>\n<li>Dung l\u01b0\u1ee3ng: 8GB<\/li>\n<\/ul>\n","protected":false},"featured_media":67349,"comment_status":"open","ping_status":"closed","template":"","meta":[],"product_brand":[],"product_cat":[27],"product_tag":[],"class_list":{"0":"post-57127","1":"product","2":"type-product","3":"status-publish","4":"has-post-thumbnail","6":"product_cat-chua-phan-loai","8":"first","9":"outofstock","10":"sale","11":"shipping-taxable","12":"purchasable","13":"product-type-simple"},"_links":{"self":[{"href":"https:\/\/tivixiaomi.co\/en\/wp-json\/wp\/v2\/product\/57127"}],"collection":[{"href":"https:\/\/tivixiaomi.co\/en\/wp-json\/wp\/v2\/product"}],"about":[{"href":"https:\/\/tivixiaomi.co\/en\/wp-json\/wp\/v2\/types\/product"}],"replies":[{"embeddable":true,"href":"https:\/\/tivixiaomi.co\/en\/wp-json\/wp\/v2\/comments?post=57127"}],"version-history":[{"count":0,"href":"https:\/\/tivixiaomi.co\/en\/wp-json\/wp\/v2\/product\/57127\/revisions"}],"wp:featuredmedia":[{"embeddable":true,"href":"https:\/\/tivixiaomi.co\/en\/wp-json\/wp\/v2\/media\/67349"}],"wp:attachment":[{"href":"https:\/\/tivixiaomi.co\/en\/wp-json\/wp\/v2\/media?parent=57127"}],"wp:term":[{"taxonomy":"product_brand","embeddable":true,"href":"https:\/\/tivixiaomi.co\/en\/wp-json\/wp\/v2\/product_brand?post=57127"},{"taxonomy":"product_cat","embeddable":true,"href":"https:\/\/tivixiaomi.co\/en\/wp-json\/wp\/v2\/product_cat?post=57127"},{"taxonomy":"product_tag","embeddable":true,"href":"https:\/\/tivixiaomi.co\/en\/wp-json\/wp\/v2\/product_tag?post=57127"}],"curies":[{"name":"wp","href":"https:\/\/api.w.org\/{rel}","templated":true}]}}