{"id":58287,"date":"2020-10-08T00:23:54","date_gmt":"2020-10-07T17:23:54","guid":{"rendered":"https:\/\/tivixiaomi.co\/?post_type=product&#038;p=58287"},"modified":"2021-02-02T16:10:48","modified_gmt":"2021-02-02T09:10:48","slug":"noi-com-dien-cao-tan-viomi-v-rci1501b","status":"publish","type":"product","link":"https:\/\/tivixiaomi.co\/en\/tivi\/noi-com-dien-cao-tan-viomi-v-rci1501b\/","title":{"rendered":"N\u1ed3i c\u01a1m \u0111i\u1ec7n cao t\u1ea7n Viomi V-RCI1501B (\u0111\u00e3 bao g\u1ed3m VAT)"},"content":{"rendered":"<p><img fetchpriority=\"high\" decoding=\"async\" class=\"alignnone size-medium_large wp-image-58289\" src=\"https:\/\/tivixiaomi.co\/wp-content\/uploads\/2020\/10\/bea6934bcdab96d37b53c1cc4b62cd06_d31eea2890ae4da48fec624d522de927_master-768x768.jpg\" alt=\"\" width=\"768\" height=\"768\" srcset=\"https:\/\/tivixiaomi.co\/wp-content\/uploads\/2020\/10\/bea6934bcdab96d37b53c1cc4b62cd06_d31eea2890ae4da48fec624d522de927_master-768x768.jpg 768w, https:\/\/tivixiaomi.co\/wp-content\/uploads\/2020\/10\/bea6934bcdab96d37b53c1cc4b62cd06_d31eea2890ae4da48fec624d522de927_master-300x300.jpg 300w, https:\/\/tivixiaomi.co\/wp-content\/uploads\/2020\/10\/bea6934bcdab96d37b53c1cc4b62cd06_d31eea2890ae4da48fec624d522de927_master-150x150.jpg 150w, https:\/\/tivixiaomi.co\/wp-content\/uploads\/2020\/10\/bea6934bcdab96d37b53c1cc4b62cd06_d31eea2890ae4da48fec624d522de927_master-600x600.jpg 600w, https:\/\/tivixiaomi.co\/wp-content\/uploads\/2020\/10\/bea6934bcdab96d37b53c1cc4b62cd06_d31eea2890ae4da48fec624d522de927_master-100x100.jpg 100w, https:\/\/tivixiaomi.co\/wp-content\/uploads\/2020\/10\/bea6934bcdab96d37b53c1cc4b62cd06_d31eea2890ae4da48fec624d522de927_master-jpg.webp 800w\" sizes=\"(max-width: 768px) 100vw, 768px\" \/> <img decoding=\"async\" class=\"alignnone wp-image-58290 size-full\" src=\"https:\/\/tivixiaomi.co\/wp-content\/uploads\/2020\/10\/bf408a20ef0ddfcb8911abdf1ca36f48_690f6a0f27f3423a90142c1763fd4365_master.jpg\" alt=\"\" width=\"800\" height=\"800\" \/> <img decoding=\"async\" class=\"alignnone wp-image-58291 size-full\" src=\"https:\/\/tivixiaomi.co\/wp-content\/uploads\/2020\/10\/ddbacb9195f2cb006070e3b4f2303c63_a8872d98dea34e97922d2eb0b7459445_master.jpg\" alt=\"\" width=\"800\" height=\"800\" \/> <img loading=\"lazy\" decoding=\"async\" class=\"alignnone wp-image-58292 size-full\" src=\"https:\/\/tivixiaomi.co\/wp-content\/uploads\/2020\/10\/3d7abe746e45e34c2615aab5cbd7f9f5_18eacbcf15da422e9a0ba858310e70e8_master.jpg\" alt=\"\" width=\"800\" height=\"800\" \/> <img loading=\"lazy\" decoding=\"async\" class=\"alignnone wp-image-58293 size-full\" src=\"https:\/\/tivixiaomi.co\/wp-content\/uploads\/2020\/10\/29d4c0a649f41ef69130c45fd563bcae_44c32f2abd75464f842e74ef140b5703_master.jpg\" alt=\"\" width=\"800\" height=\"800\" \/> <img loading=\"lazy\" decoding=\"async\" class=\"alignnone wp-image-58294\" src=\"https:\/\/tivixiaomi.co\/wp-content\/uploads\/2020\/10\/1_874dfdd2d2af42d4b49dd83828829f48_master.jpeg\" alt=\"\" width=\"800\" height=\"2334\" \/> <img loading=\"lazy\" decoding=\"async\" class=\"alignnone wp-image-58295\" src=\"https:\/\/tivixiaomi.co\/wp-content\/uploads\/2020\/10\/2_7452fe3289984e448b7689729fea34bc_master.jpeg\" alt=\"\" width=\"800\" height=\"2634\" \/> <img loading=\"lazy\" decoding=\"async\" class=\"alignnone wp-image-58296\" src=\"https:\/\/tivixiaomi.co\/wp-content\/uploads\/2020\/10\/3_a684352c83374fbba5db0c37c6f8a105_master.jpeg\" alt=\"\" width=\"800\" height=\"2895\" \/> <img loading=\"lazy\" decoding=\"async\" class=\"alignnone wp-image-58297\" src=\"https:\/\/tivixiaomi.co\/wp-content\/uploads\/2020\/10\/4_e93eabefc61d453893f6380b07cbcece_master.jpeg\" alt=\"\" width=\"800\" height=\"2920\" \/> <img loading=\"lazy\" decoding=\"async\" class=\"alignnone wp-image-58298\" src=\"https:\/\/tivixiaomi.co\/wp-content\/uploads\/2020\/10\/5_f12312e368194d6e871101173d84da05_master.jpeg\" alt=\"\" width=\"800\" height=\"3109\" \/><\/p>\n","protected":false},"excerpt":{"rendered":"<ul>\n<li>N\u1ed3i c\u01a1m \u0111i\u1ec7n cao t\u1ea7n v\u1edbi ch\u1ee9c n\u0103ng t\u1ecfa nhi\u1ec7t 360 \u0111\u1ed9, gi\u00fap n\u1ea5u nhanh h\u01a1n m\u00e0 v\u1eabn gi\u1eef \u0111\u01b0\u1ee3c m\u00f9i v\u00ec th\u01a1m ngon v\u00e0 h\u1ea1n ch\u1ebf ti\u00eau hao h\u00e0m l\u01b0\u1ee3ng dinh d\u01b0\u1ee1ng.<\/li>\n<li>L\u00f2ng n\u1ed3i bao ph\u1ee7 l\u1edbp ch\u1ed1ng d\u00ednh PTFE theo c\u00f4ng ngh\u1ec7 Nh\u1eadt B\u1ea3n, tr\u00e1nh vi\u1ec7c th\u1ee9c \u0103n b\u00e1m ch\u1eb7t v\u00e0o l\u00f2ng n\u1ed3i, d\u1ec5 d\u00e0ng lau r\u1eeda.<\/li>\n<li>S\u1ea3n ph\u1ea9m \u0111a d\u1ea1ng t\u00ednh n\u0103ng nh\u01b0 lu\u1ed9c, h\u1ea7m, n\u1ea5u ch\u00e1o, h\u00e2m n\u00f3ng nhanh, gi\u1eef \u1ea5m\u2026<\/li>\n<\/ul>\n","protected":false},"featured_media":58288,"comment_status":"open","ping_status":"closed","template":"","meta":[],"product_brand":[],"product_cat":[27],"product_tag":[],"class_list":{"0":"post-58287","1":"product","2":"type-product","3":"status-publish","4":"has-post-thumbnail","6":"product_cat-chua-phan-loai","8":"first","9":"outofstock","10":"sale","11":"shipping-taxable","12":"purchasable","13":"product-type-simple"},"_links":{"self":[{"href":"https:\/\/tivixiaomi.co\/en\/wp-json\/wp\/v2\/product\/58287"}],"collection":[{"href":"https:\/\/tivixiaomi.co\/en\/wp-json\/wp\/v2\/product"}],"about":[{"href":"https:\/\/tivixiaomi.co\/en\/wp-json\/wp\/v2\/types\/product"}],"replies":[{"embeddable":true,"href":"https:\/\/tivixiaomi.co\/en\/wp-json\/wp\/v2\/comments?post=58287"}],"version-history":[{"count":0,"href":"https:\/\/tivixiaomi.co\/en\/wp-json\/wp\/v2\/product\/58287\/revisions"}],"wp:featuredmedia":[{"embeddable":true,"href":"https:\/\/tivixiaomi.co\/en\/wp-json\/wp\/v2\/media\/58288"}],"wp:attachment":[{"href":"https:\/\/tivixiaomi.co\/en\/wp-json\/wp\/v2\/media?parent=58287"}],"wp:term":[{"taxonomy":"product_brand","embeddable":true,"href":"https:\/\/tivixiaomi.co\/en\/wp-json\/wp\/v2\/product_brand?post=58287"},{"taxonomy":"product_cat","embeddable":true,"href":"https:\/\/tivixiaomi.co\/en\/wp-json\/wp\/v2\/product_cat?post=58287"},{"taxonomy":"product_tag","embeddable":true,"href":"https:\/\/tivixiaomi.co\/en\/wp-json\/wp\/v2\/product_tag?post=58287"}],"curies":[{"name":"wp","href":"https:\/\/api.w.org\/{rel}","templated":true}]}}