{"id":58302,"date":"2020-10-08T00:29:42","date_gmt":"2020-10-07T17:29:42","guid":{"rendered":"https:\/\/tivixiaomi.co\/?post_type=product&#038;p=58302"},"modified":"2023-03-22T11:53:09","modified_gmt":"2023-03-22T04:53:09","slug":"khung-treo-tivi-100-inch-co-dinh","status":"publish","type":"product","link":"https:\/\/tivixiaomi.co\/en\/tivi\/khung-treo-tivi-100-inch-co-dinh\/","title":{"rendered":"KHUNG TREO TIVI North Bayou NB DF90-T 65-100 Inch"},"content":{"rendered":"<p><em><strong>Gi\u00e1 treo tivi DF90T\u00a0<\/strong><\/em>l\u00e0 gi\u00e1 treo tivi g\u1eadt g\u00f9 s\u1eed d\u1ee5ng ch\u1ea5t li\u1ec7u th\u00e9p si\u00eau b\u1ec1n. Thi\u1ebft k\u1ebf khoa h\u1ecdc c\u00f9ng v\u1edbi m\u1eabu m\u00e3 b\u1eaft m\u1eaft, \u0111\u00e2y l\u00e0 s\u1ea3n ph\u1ea9m gi\u00e1 treo tivi g\u1eadt g\u00f9 70 inch 75 inch 85 inch 90 inch b\u00e1n ch\u1ea1y tr\u00ean th\u1ecb tr\u01b0\u1eddng<\/p>\n","protected":false},"excerpt":{"rendered":"<p><em><strong>Gi\u00e1 treo tivi DF90T\u00a0<\/strong><\/em>l\u00e0 gi\u00e1 treo tivi g\u1eadt g\u00f9 s\u1eed d\u1ee5ng ch\u1ea5t li\u1ec7u th\u00e9p si\u00eau b\u1ec1n. Thi\u1ebft k\u1ebf khoa h\u1ecdc c\u00f9ng v\u1edbi m\u1eabu m\u00e3 b\u1eaft m\u1eaft, \u0111\u00e2y l\u00e0 s\u1ea3n ph\u1ea9m gi\u00e1 treo tivi g\u1eadt g\u00f9 70 inch 75 inch 85 inch 90 inch b\u00e1n ch\u1ea1y tr\u00ean th\u1ecb tr\u01b0\u1eddng<\/p>\n","protected":false},"featured_media":59472,"comment_status":"open","ping_status":"closed","template":"","meta":[],"product_brand":[],"product_cat":[303],"product_tag":[],"class_list":{"0":"post-58302","1":"product","2":"type-product","3":"status-publish","4":"has-post-thumbnail","6":"product_cat-phu-kien-tv-xiaomi","8":"first","9":"instock","10":"shipping-taxable","11":"purchasable","12":"product-type-simple"},"_links":{"self":[{"href":"https:\/\/tivixiaomi.co\/en\/wp-json\/wp\/v2\/product\/58302"}],"collection":[{"href":"https:\/\/tivixiaomi.co\/en\/wp-json\/wp\/v2\/product"}],"about":[{"href":"https:\/\/tivixiaomi.co\/en\/wp-json\/wp\/v2\/types\/product"}],"replies":[{"embeddable":true,"href":"https:\/\/tivixiaomi.co\/en\/wp-json\/wp\/v2\/comments?post=58302"}],"version-history":[{"count":0,"href":"https:\/\/tivixiaomi.co\/en\/wp-json\/wp\/v2\/product\/58302\/revisions"}],"wp:featuredmedia":[{"embeddable":true,"href":"https:\/\/tivixiaomi.co\/en\/wp-json\/wp\/v2\/media\/59472"}],"wp:attachment":[{"href":"https:\/\/tivixiaomi.co\/en\/wp-json\/wp\/v2\/media?parent=58302"}],"wp:term":[{"taxonomy":"product_brand","embeddable":true,"href":"https:\/\/tivixiaomi.co\/en\/wp-json\/wp\/v2\/product_brand?post=58302"},{"taxonomy":"product_cat","embeddable":true,"href":"https:\/\/tivixiaomi.co\/en\/wp-json\/wp\/v2\/product_cat?post=58302"},{"taxonomy":"product_tag","embeddable":true,"href":"https:\/\/tivixiaomi.co\/en\/wp-json\/wp\/v2\/product_tag?post=58302"}],"curies":[{"name":"wp","href":"https:\/\/api.w.org\/{rel}","templated":true}]}}