{"id":58913,"date":"2020-12-29T13:18:22","date_gmt":"2020-12-29T06:18:22","guid":{"rendered":"https:\/\/tivixiaomi.co\/?post_type=product&#038;p=58913"},"modified":"2024-09-04T13:52:34","modified_gmt":"2024-09-04T06:52:34","slug":"tivi-xiaomi-man-hinh-tran-vien-4k-65-inch-e65c","status":"publish","type":"product","link":"https:\/\/tivixiaomi.co\/en\/tivi\/tivi-xiaomi-man-hinh-tran-vien-4k-65-inch-e65c\/","title":{"rendered":"Tivi Xiaomi E65C 65 inch M\u00e0n H\u00ecnh Tr\u00e0n Vi\u1ec1n 4K L65M5-EC"},"content":{"rendered":"<p>Xem phim tr\u00ean m\u00e0n h\u00ecnh l\u1edbn g\u00e2y s\u1ed1c h\u01a1n \/ thi\u1ebft k\u1ebf to\u00e0n m\u00e0n h\u00ecnh th\u1eddi trang v\u00e0 tr\u01b0\u1eddng nh\u00ecn r\u1ed9ng h\u01a1n \/ Ch\u1ea5t l\u01b0\u1ee3ng h\u00ecnh \u1ea3nh si\u00eau n\u00e9t 4K tinh t\u1ebf v\u00e0 ch\u00e2n th\u1ef1c \/ \u00c2m thanh Dolby mang \u0111\u1ebfn tr\u1ea3i nghi\u1ec7m \u0111\u00e1ng kinh ng\u1ea1c \/ \u0110i\u1ec1u khi\u1ec3n b\u1eb1ng gi\u1ecdng n\u00f3i trong l\u1edbp XiaoAI thu\u1eadn ti\u1ec7n h\u01a1n \/ H\u1ec7 th\u1ed1ng PatchWall th\u00f4ng minh \/ 2G + 8G l\u1edbn Kh\u00f4ng gian l\u01b0u tr\u1eef \/ N\u1ed9i dung l\u1edbn \u0111\u00e1p \u1ee9ng nhu c\u1ea7u xem c\u1ee7a c\u1ea3 gia \u0111\u00ecnh<\/p>\n<p><img fetchpriority=\"high\" decoding=\"async\" class=\"alignnone wp-image-59441 size-large\" src=\"https:\/\/tivixiaomi.co\/wp-content\/uploads\/2020\/12\/bf67dc1d2d96e867115ce9c0e3fd41e8-1024x561.jpg\" alt=\"\" width=\"1024\" height=\"561\" srcset=\"https:\/\/tivixiaomi.co\/wp-content\/uploads\/2020\/12\/bf67dc1d2d96e867115ce9c0e3fd41e8-1024x561.jpg 1024w, https:\/\/tivixiaomi.co\/wp-content\/uploads\/2020\/12\/bf67dc1d2d96e867115ce9c0e3fd41e8-jpg-150x82.webp 150w, https:\/\/tivixiaomi.co\/wp-content\/uploads\/2020\/12\/bf67dc1d2d96e867115ce9c0e3fd41e8-600x329.jpg 600w, https:\/\/tivixiaomi.co\/wp-content\/uploads\/2020\/12\/bf67dc1d2d96e867115ce9c0e3fd41e8-300x164.jpg 300w, https:\/\/tivixiaomi.co\/wp-content\/uploads\/2020\/12\/bf67dc1d2d96e867115ce9c0e3fd41e8-768x421.jpg 768w, https:\/\/tivixiaomi.co\/wp-content\/uploads\/2020\/12\/bf67dc1d2d96e867115ce9c0e3fd41e8-1536x841.jpg 1536w, https:\/\/tivixiaomi.co\/wp-content\/uploads\/2020\/12\/bf67dc1d2d96e867115ce9c0e3fd41e8-2048x1122.jpg 2048w\" sizes=\"(max-width: 1024px) 100vw, 1024px\" \/> <img decoding=\"async\" class=\"alignnone wp-image-59442 size-large\" src=\"https:\/\/tivixiaomi.co\/wp-content\/uploads\/2020\/12\/94761a51d1839b6084c5ec8c86c8f0af-1024x720.jpg\" alt=\"\" width=\"1024\" height=\"720\" srcset=\"https:\/\/tivixiaomi.co\/wp-content\/uploads\/2020\/12\/94761a51d1839b6084c5ec8c86c8f0af-1024x720.jpg 1024w, https:\/\/tivixiaomi.co\/wp-content\/uploads\/2020\/12\/94761a51d1839b6084c5ec8c86c8f0af-jpg-150x105.webp 150w, https:\/\/tivixiaomi.co\/wp-content\/uploads\/2020\/12\/94761a51d1839b6084c5ec8c86c8f0af-600x422.jpg 600w, https:\/\/tivixiaomi.co\/wp-content\/uploads\/2020\/12\/94761a51d1839b6084c5ec8c86c8f0af-300x211.jpg 300w, https:\/\/tivixiaomi.co\/wp-content\/uploads\/2020\/12\/94761a51d1839b6084c5ec8c86c8f0af-768x540.jpg 768w, https:\/\/tivixiaomi.co\/wp-content\/uploads\/2020\/12\/94761a51d1839b6084c5ec8c86c8f0af-1536x1080.jpg 1536w, https:\/\/tivixiaomi.co\/wp-content\/uploads\/2020\/12\/94761a51d1839b6084c5ec8c86c8f0af-2048x1440.jpg 2048w, https:\/\/tivixiaomi.co\/wp-content\/uploads\/2020\/12\/94761a51d1839b6084c5ec8c86c8f0af-220x154.jpg 220w\" sizes=\"(max-width: 1024px) 100vw, 1024px\" \/> <img decoding=\"async\" class=\"alignnone wp-image-59443 size-large\" src=\"https:\/\/tivixiaomi.co\/wp-content\/uploads\/2020\/12\/d28efedbfb349b5db97d7a4ad0c23f9a-1024x840.jpg\" alt=\"\" width=\"1024\" height=\"840\" srcset=\"https:\/\/tivixiaomi.co\/wp-content\/uploads\/2020\/12\/d28efedbfb349b5db97d7a4ad0c23f9a-1024x840.jpg 1024w, https:\/\/tivixiaomi.co\/wp-content\/uploads\/2020\/12\/d28efedbfb349b5db97d7a4ad0c23f9a-jpg-150x123.webp 150w, https:\/\/tivixiaomi.co\/wp-content\/uploads\/2020\/12\/d28efedbfb349b5db97d7a4ad0c23f9a-600x492.jpg 600w, https:\/\/tivixiaomi.co\/wp-content\/uploads\/2020\/12\/d28efedbfb349b5db97d7a4ad0c23f9a-300x246.jpg 300w, https:\/\/tivixiaomi.co\/wp-content\/uploads\/2020\/12\/d28efedbfb349b5db97d7a4ad0c23f9a-768x630.jpg 768w, https:\/\/tivixiaomi.co\/wp-content\/uploads\/2020\/12\/d28efedbfb349b5db97d7a4ad0c23f9a-1536x1260.jpg 1536w, https:\/\/tivixiaomi.co\/wp-content\/uploads\/2020\/12\/d28efedbfb349b5db97d7a4ad0c23f9a-2048x1680.jpg 2048w\" sizes=\"(max-width: 1024px) 100vw, 1024px\" \/> <img loading=\"lazy\" decoding=\"async\" class=\"alignnone wp-image-59444 size-large\" src=\"https:\/\/tivixiaomi.co\/wp-content\/uploads\/2020\/12\/4d68d958bea24680df7dd5749c76db52-1024x966.jpg\" alt=\"\" width=\"1024\" height=\"966\" srcset=\"https:\/\/tivixiaomi.co\/wp-content\/uploads\/2020\/12\/4d68d958bea24680df7dd5749c76db52-1024x966.jpg 1024w, https:\/\/tivixiaomi.co\/wp-content\/uploads\/2020\/12\/4d68d958bea24680df7dd5749c76db52-jpg-150x142.webp 150w, https:\/\/tivixiaomi.co\/wp-content\/uploads\/2020\/12\/4d68d958bea24680df7dd5749c76db52-600x566.jpg 600w, https:\/\/tivixiaomi.co\/wp-content\/uploads\/2020\/12\/4d68d958bea24680df7dd5749c76db52-300x283.jpg 300w, https:\/\/tivixiaomi.co\/wp-content\/uploads\/2020\/12\/4d68d958bea24680df7dd5749c76db52-768x725.jpg 768w, https:\/\/tivixiaomi.co\/wp-content\/uploads\/2020\/12\/4d68d958bea24680df7dd5749c76db52-1536x1449.jpg 1536w, https:\/\/tivixiaomi.co\/wp-content\/uploads\/2020\/12\/4d68d958bea24680df7dd5749c76db52-2048x1932.jpg 2048w\" sizes=\"(max-width: 1024px) 100vw, 1024px\" \/> <img loading=\"lazy\" decoding=\"async\" class=\"alignnone wp-image-59445 size-large\" src=\"https:\/\/tivixiaomi.co\/wp-content\/uploads\/2020\/12\/46ee297126cb222c0271c63431b37a0c-1024x706.jpg\" alt=\"\" width=\"1024\" height=\"706\" srcset=\"https:\/\/tivixiaomi.co\/wp-content\/uploads\/2020\/12\/46ee297126cb222c0271c63431b37a0c-1024x706.jpg 1024w, https:\/\/tivixiaomi.co\/wp-content\/uploads\/2020\/12\/46ee297126cb222c0271c63431b37a0c-jpg-150x103.webp 150w, https:\/\/tivixiaomi.co\/wp-content\/uploads\/2020\/12\/46ee297126cb222c0271c63431b37a0c-600x414.jpg 600w, https:\/\/tivixiaomi.co\/wp-content\/uploads\/2020\/12\/46ee297126cb222c0271c63431b37a0c-300x207.jpg 300w, https:\/\/tivixiaomi.co\/wp-content\/uploads\/2020\/12\/46ee297126cb222c0271c63431b37a0c-768x530.jpg 768w, https:\/\/tivixiaomi.co\/wp-content\/uploads\/2020\/12\/46ee297126cb222c0271c63431b37a0c-1536x1059.jpg 1536w, https:\/\/tivixiaomi.co\/wp-content\/uploads\/2020\/12\/46ee297126cb222c0271c63431b37a0c-2048x1412.jpg 2048w\" sizes=\"(max-width: 1024px) 100vw, 1024px\" \/> <img loading=\"lazy\" decoding=\"async\" class=\"alignnone wp-image-59446 size-large\" src=\"https:\/\/tivixiaomi.co\/wp-content\/uploads\/2020\/12\/acacafd529245695b01eae9a24b7cf62-1013x1024.jpg\" alt=\"\" width=\"1013\" height=\"1024\" srcset=\"https:\/\/tivixiaomi.co\/wp-content\/uploads\/2020\/12\/acacafd529245695b01eae9a24b7cf62-1013x1024.jpg 1013w, https:\/\/tivixiaomi.co\/wp-content\/uploads\/2020\/12\/acacafd529245695b01eae9a24b7cf62-scaled-jpg-148x150.webp 148w, https:\/\/tivixiaomi.co\/wp-content\/uploads\/2020\/12\/acacafd529245695b01eae9a24b7cf62-600x607.jpg 600w, https:\/\/tivixiaomi.co\/wp-content\/uploads\/2020\/12\/acacafd529245695b01eae9a24b7cf62-297x300.jpg 297w, https:\/\/tivixiaomi.co\/wp-content\/uploads\/2020\/12\/acacafd529245695b01eae9a24b7cf62-768x777.jpg 768w, https:\/\/tivixiaomi.co\/wp-content\/uploads\/2020\/12\/acacafd529245695b01eae9a24b7cf62-1519x1536.jpg 1519w, https:\/\/tivixiaomi.co\/wp-content\/uploads\/2020\/12\/acacafd529245695b01eae9a24b7cf62-2025x2048.jpg 2025w, https:\/\/tivixiaomi.co\/wp-content\/uploads\/2020\/12\/acacafd529245695b01eae9a24b7cf62-100x100.jpg 100w\" sizes=\"(max-width: 1013px) 100vw, 1013px\" \/> <img loading=\"lazy\" decoding=\"async\" class=\"alignnone wp-image-59447 size-large\" src=\"https:\/\/tivixiaomi.co\/wp-content\/uploads\/2020\/12\/f7f50c20dd6a5ac9f1352795e63598ea-1024x967.jpg\" alt=\"\" width=\"1024\" height=\"967\" srcset=\"https:\/\/tivixiaomi.co\/wp-content\/uploads\/2020\/12\/f7f50c20dd6a5ac9f1352795e63598ea-1024x967.jpg 1024w, https:\/\/tivixiaomi.co\/wp-content\/uploads\/2020\/12\/f7f50c20dd6a5ac9f1352795e63598ea-jpg-150x142.webp 150w, https:\/\/tivixiaomi.co\/wp-content\/uploads\/2020\/12\/f7f50c20dd6a5ac9f1352795e63598ea-600x567.jpg 600w, https:\/\/tivixiaomi.co\/wp-content\/uploads\/2020\/12\/f7f50c20dd6a5ac9f1352795e63598ea-300x283.jpg 300w, https:\/\/tivixiaomi.co\/wp-content\/uploads\/2020\/12\/f7f50c20dd6a5ac9f1352795e63598ea-768x725.jpg 768w, https:\/\/tivixiaomi.co\/wp-content\/uploads\/2020\/12\/f7f50c20dd6a5ac9f1352795e63598ea-1536x1451.jpg 1536w, https:\/\/tivixiaomi.co\/wp-content\/uploads\/2020\/12\/f7f50c20dd6a5ac9f1352795e63598ea-2048x1934.jpg 2048w\" sizes=\"(max-width: 1024px) 100vw, 1024px\" \/> <img loading=\"lazy\" decoding=\"async\" class=\"alignnone wp-image-59448\" src=\"https:\/\/tivixiaomi.co\/wp-content\/uploads\/2020\/12\/ede9e46649748e36693f9796c05c2257-730x1024.jpg\" alt=\"\" width=\"1024\" height=\"1437\" srcset=\"https:\/\/tivixiaomi.co\/wp-content\/uploads\/2020\/12\/ede9e46649748e36693f9796c05c2257-730x1024.jpg 730w, https:\/\/tivixiaomi.co\/wp-content\/uploads\/2020\/12\/ede9e46649748e36693f9796c05c2257-scaled-jpg-107x150.webp 107w, https:\/\/tivixiaomi.co\/wp-content\/uploads\/2020\/12\/ede9e46649748e36693f9796c05c2257-600x842.jpg 600w, https:\/\/tivixiaomi.co\/wp-content\/uploads\/2020\/12\/ede9e46649748e36693f9796c05c2257-214x300.jpg 214w, https:\/\/tivixiaomi.co\/wp-content\/uploads\/2020\/12\/ede9e46649748e36693f9796c05c2257-768x1078.jpg 768w, https:\/\/tivixiaomi.co\/wp-content\/uploads\/2020\/12\/ede9e46649748e36693f9796c05c2257-1094x1536.jpg 1094w, https:\/\/tivixiaomi.co\/wp-content\/uploads\/2020\/12\/ede9e46649748e36693f9796c05c2257-1459x2048.jpg 1459w, https:\/\/tivixiaomi.co\/wp-content\/uploads\/2020\/12\/ede9e46649748e36693f9796c05c2257-scaled-jpg.webp 1824w\" sizes=\"(max-width: 1024px) 100vw, 1024px\" \/> <img loading=\"lazy\" decoding=\"async\" class=\"alignnone wp-image-59449 size-large\" src=\"https:\/\/tivixiaomi.co\/wp-content\/uploads\/2020\/12\/bf906ba1ac1769aa9526960061f9402a-1024x760.jpg\" alt=\"\" width=\"1024\" height=\"760\" srcset=\"https:\/\/tivixiaomi.co\/wp-content\/uploads\/2020\/12\/bf906ba1ac1769aa9526960061f9402a-1024x760.jpg 1024w, https:\/\/tivixiaomi.co\/wp-content\/uploads\/2020\/12\/bf906ba1ac1769aa9526960061f9402a-jpg-150x111.webp 150w, https:\/\/tivixiaomi.co\/wp-content\/uploads\/2020\/12\/bf906ba1ac1769aa9526960061f9402a-600x445.jpg 600w, https:\/\/tivixiaomi.co\/wp-content\/uploads\/2020\/12\/bf906ba1ac1769aa9526960061f9402a-300x223.jpg 300w, https:\/\/tivixiaomi.co\/wp-content\/uploads\/2020\/12\/bf906ba1ac1769aa9526960061f9402a-768x570.jpg 768w, https:\/\/tivixiaomi.co\/wp-content\/uploads\/2020\/12\/bf906ba1ac1769aa9526960061f9402a-1536x1140.jpg 1536w, https:\/\/tivixiaomi.co\/wp-content\/uploads\/2020\/12\/bf906ba1ac1769aa9526960061f9402a-2048x1520.jpg 2048w\" sizes=\"(max-width: 1024px) 100vw, 1024px\" \/> <img loading=\"lazy\" decoding=\"async\" class=\"alignnone wp-image-59450 size-large\" src=\"https:\/\/tivixiaomi.co\/wp-content\/uploads\/2020\/12\/e20764dad1847dcdbe3e9d9b563647aa-1024x873.jpg\" alt=\"\" width=\"1024\" height=\"873\" srcset=\"https:\/\/tivixiaomi.co\/wp-content\/uploads\/2020\/12\/e20764dad1847dcdbe3e9d9b563647aa-1024x873.jpg 1024w, https:\/\/tivixiaomi.co\/wp-content\/uploads\/2020\/12\/e20764dad1847dcdbe3e9d9b563647aa-jpg-150x128.webp 150w, https:\/\/tivixiaomi.co\/wp-content\/uploads\/2020\/12\/e20764dad1847dcdbe3e9d9b563647aa-600x511.jpg 600w, https:\/\/tivixiaomi.co\/wp-content\/uploads\/2020\/12\/e20764dad1847dcdbe3e9d9b563647aa-300x256.jpg 300w, https:\/\/tivixiaomi.co\/wp-content\/uploads\/2020\/12\/e20764dad1847dcdbe3e9d9b563647aa-768x655.jpg 768w, https:\/\/tivixiaomi.co\/wp-content\/uploads\/2020\/12\/e20764dad1847dcdbe3e9d9b563647aa-1536x1309.jpg 1536w, https:\/\/tivixiaomi.co\/wp-content\/uploads\/2020\/12\/e20764dad1847dcdbe3e9d9b563647aa-2048x1746.jpg 2048w\" sizes=\"(max-width: 1024px) 100vw, 1024px\" \/> <img loading=\"lazy\" decoding=\"async\" class=\"alignnone wp-image-59451 size-large\" src=\"https:\/\/tivixiaomi.co\/wp-content\/uploads\/2020\/12\/b22ab3d0ee61a4b5aeb987fb46bea4e6-1024x511.jpg\" alt=\"\" width=\"1024\" height=\"511\" srcset=\"https:\/\/tivixiaomi.co\/wp-content\/uploads\/2020\/12\/b22ab3d0ee61a4b5aeb987fb46bea4e6-1024x511.jpg 1024w, https:\/\/tivixiaomi.co\/wp-content\/uploads\/2020\/12\/b22ab3d0ee61a4b5aeb987fb46bea4e6-jpg-150x75.webp 150w, https:\/\/tivixiaomi.co\/wp-content\/uploads\/2020\/12\/b22ab3d0ee61a4b5aeb987fb46bea4e6-600x300.jpg 600w, https:\/\/tivixiaomi.co\/wp-content\/uploads\/2020\/12\/b22ab3d0ee61a4b5aeb987fb46bea4e6-300x150.jpg 300w, https:\/\/tivixiaomi.co\/wp-content\/uploads\/2020\/12\/b22ab3d0ee61a4b5aeb987fb46bea4e6-768x383.jpg 768w, https:\/\/tivixiaomi.co\/wp-content\/uploads\/2020\/12\/b22ab3d0ee61a4b5aeb987fb46bea4e6-1536x767.jpg 1536w, https:\/\/tivixiaomi.co\/wp-content\/uploads\/2020\/12\/b22ab3d0ee61a4b5aeb987fb46bea4e6-2048x1022.jpg 2048w\" sizes=\"(max-width: 1024px) 100vw, 1024px\" \/> <img loading=\"lazy\" decoding=\"async\" class=\"alignnone wp-image-59452 size-large\" src=\"https:\/\/tivixiaomi.co\/wp-content\/uploads\/2020\/12\/4d70aa9ef30bc04c861242475f8acc7b-1024x847.jpg\" alt=\"\" width=\"1024\" height=\"847\" srcset=\"https:\/\/tivixiaomi.co\/wp-content\/uploads\/2020\/12\/4d70aa9ef30bc04c861242475f8acc7b-1024x847.jpg 1024w, https:\/\/tivixiaomi.co\/wp-content\/uploads\/2020\/12\/4d70aa9ef30bc04c861242475f8acc7b-jpg-150x124.webp 150w, https:\/\/tivixiaomi.co\/wp-content\/uploads\/2020\/12\/4d70aa9ef30bc04c861242475f8acc7b-600x496.jpg 600w, https:\/\/tivixiaomi.co\/wp-content\/uploads\/2020\/12\/4d70aa9ef30bc04c861242475f8acc7b-300x248.jpg 300w, https:\/\/tivixiaomi.co\/wp-content\/uploads\/2020\/12\/4d70aa9ef30bc04c861242475f8acc7b-768x635.jpg 768w, https:\/\/tivixiaomi.co\/wp-content\/uploads\/2020\/12\/4d70aa9ef30bc04c861242475f8acc7b-1536x1271.jpg 1536w, https:\/\/tivixiaomi.co\/wp-content\/uploads\/2020\/12\/4d70aa9ef30bc04c861242475f8acc7b-2048x1694.jpg 2048w\" sizes=\"(max-width: 1024px) 100vw, 1024px\" \/><\/p>\n<p>&nbsp;<\/p>\n","protected":false},"excerpt":{"rendered":"<p>Xem phim tr\u00ean m\u00e0n h\u00ecnh l\u1edbn g\u00e2y s\u1ed1c h\u01a1n \/ thi\u1ebft k\u1ebf to\u00e0n m\u00e0n h\u00ecnh th\u1eddi trang v\u00e0 tr\u01b0\u1eddng nh\u00ecn r\u1ed9ng h\u01a1n \/ Ch\u1ea5t l\u01b0\u1ee3ng h\u00ecnh \u1ea3nh si\u00eau n\u00e9t 4K tinh t\u1ebf v\u00e0 ch\u00e2n th\u1ef1c \/ \u00c2m thanh Dolby mang \u0111\u1ebfn tr\u1ea3i nghi\u1ec7m \u0111\u00e1ng kinh ng\u1ea1c \/ \u0110i\u1ec1u khi\u1ec3n b\u1eb1ng gi\u1ecdng n\u00f3i trong l\u1edbp Xiaoai thu\u1eadn ti\u1ec7n h\u01a1n \/ H\u1ec7 th\u1ed1ng PatchWall th\u00f4ng minh \/ 2G + 8G l\u1edbn Kh\u00f4ng gian l\u01b0u tr\u1eef \/ N\u1ed9i dung l\u1edbn \u0111\u00e1p \u1ee9ng nhu c\u1ea7u xem c\u1ee7a c\u1ea3 gia \u0111\u00ecnh<\/p>\n","protected":false},"featured_media":58914,"comment_status":"open","ping_status":"closed","template":"","meta":[],"product_brand":[],"product_cat":[255],"product_tag":[],"class_list":{"0":"post-58913","1":"product","2":"type-product","3":"status-publish","4":"has-post-thumbnail","6":"product_cat-tivi-xiaomi-man-hinh-tran","8":"first","9":"outofstock","10":"sale","11":"shipping-taxable","12":"purchasable","13":"product-type-simple"},"_links":{"self":[{"href":"https:\/\/tivixiaomi.co\/en\/wp-json\/wp\/v2\/product\/58913"}],"collection":[{"href":"https:\/\/tivixiaomi.co\/en\/wp-json\/wp\/v2\/product"}],"about":[{"href":"https:\/\/tivixiaomi.co\/en\/wp-json\/wp\/v2\/types\/product"}],"replies":[{"embeddable":true,"href":"https:\/\/tivixiaomi.co\/en\/wp-json\/wp\/v2\/comments?post=58913"}],"version-history":[{"count":0,"href":"https:\/\/tivixiaomi.co\/en\/wp-json\/wp\/v2\/product\/58913\/revisions"}],"wp:featuredmedia":[{"embeddable":true,"href":"https:\/\/tivixiaomi.co\/en\/wp-json\/wp\/v2\/media\/58914"}],"wp:attachment":[{"href":"https:\/\/tivixiaomi.co\/en\/wp-json\/wp\/v2\/media?parent=58913"}],"wp:term":[{"taxonomy":"product_brand","embeddable":true,"href":"https:\/\/tivixiaomi.co\/en\/wp-json\/wp\/v2\/product_brand?post=58913"},{"taxonomy":"product_cat","embeddable":true,"href":"https:\/\/tivixiaomi.co\/en\/wp-json\/wp\/v2\/product_cat?post=58913"},{"taxonomy":"product_tag","embeddable":true,"href":"https:\/\/tivixiaomi.co\/en\/wp-json\/wp\/v2\/product_tag?post=58913"}],"curies":[{"name":"wp","href":"https:\/\/api.w.org\/{rel}","templated":true}]}}