{"id":59342,"date":"2021-01-26T14:07:16","date_gmt":"2021-01-26T07:07:16","guid":{"rendered":"https:\/\/tivixiaomi.co\/?post_type=product&#038;p=59342"},"modified":"2024-09-04T13:02:04","modified_gmt":"2024-09-04T06:02:04","slug":"laser-projection-1s-4k","status":"publish","type":"product","link":"https:\/\/tivixiaomi.co\/en\/tivi\/laser-projection-1s-4k\/","title":{"rendered":"M\u00e1y Chi\u1ebfu Xiaomi Mi 4K Laser Projector 1S"},"content":{"rendered":"<ul>\n<li class=\"sale-desc\">H\u00ecnh \u1ea3nh \u0111\u1ed9 ph\u00e2n gi\u1ea3i 4K<\/li>\n<li class=\"sale-desc\">2000 ANSI lumen<\/li>\n<li class=\"sale-desc\">c\u00f4ng ngh\u1ec7 hi\u1ec3n th\u1ecb laser ALPD 3.0<\/li>\n<li class=\"sale-desc\">L\u1ea5y n\u00e9t c\u1ef1c ng\u1eafn<\/li>\n<li class=\"sale-desc\">\u00c2m thanh Hi-Fi<\/li>\n<li class=\"sale-desc\">M\u00e0n h\u00ecnh si\u00eau kh\u1ed5ng l\u1ed3 100+ inch<\/li>\n<li class=\"sale-desc\">MIUI cho TV<\/li>\n<li class=\"sale-desc\">B\u1ea3o v\u1ec7 m\u1eaft khu\u1ebfch t\u00e1n<\/li>\n<li class=\"sale-desc\">\u0110\u1ed9 t\u01b0\u01a1ng ph\u1ea3n h\u00ecnh \u1ea3nh 3000: 1<\/li>\n<\/ul>\n","protected":false},"excerpt":{"rendered":"<ul>\n<li class=\"sale-desc\">H\u00ecnh \u1ea3nh \u0111\u1ed9 ph\u00e2n gi\u1ea3i 4K<\/li>\n<li class=\"sale-desc\">2000 ANSI lumen<\/li>\n<li class=\"sale-desc\">c\u00f4ng ngh\u1ec7 hi\u1ec3n th\u1ecb laser ALPD 3.0<\/li>\n<li class=\"sale-desc\">L\u1ea5y n\u00e9t c\u1ef1c ng\u1eafn<\/li>\n<li class=\"sale-desc\">\u00c2m thanh Hi-Fi<\/li>\n<li class=\"sale-desc\">M\u00e0n h\u00ecnh si\u00eau kh\u1ed5ng l\u1ed3 100+ inch<\/li>\n<li class=\"sale-desc\">MIUI cho TV<\/li>\n<li class=\"sale-desc\">B\u1ea3o v\u1ec7 m\u1eaft khu\u1ebfch t\u00e1n<\/li>\n<li class=\"sale-desc\">\u0110\u1ed9 t\u01b0\u01a1ng ph\u1ea3n h\u00ecnh \u1ea3nh 3000: 1<\/li>\n<\/ul>\n","protected":false},"featured_media":61865,"comment_status":"open","ping_status":"closed","template":"","meta":[],"product_brand":[],"product_cat":[291],"product_tag":[],"class_list":{"0":"post-59342","1":"product","2":"type-product","3":"status-publish","4":"has-post-thumbnail","6":"product_cat-may-chieu-xiaomi","8":"first","9":"outofstock","10":"sale","11":"shipping-taxable","12":"purchasable","13":"product-type-simple"},"_links":{"self":[{"href":"https:\/\/tivixiaomi.co\/en\/wp-json\/wp\/v2\/product\/59342"}],"collection":[{"href":"https:\/\/tivixiaomi.co\/en\/wp-json\/wp\/v2\/product"}],"about":[{"href":"https:\/\/tivixiaomi.co\/en\/wp-json\/wp\/v2\/types\/product"}],"replies":[{"embeddable":true,"href":"https:\/\/tivixiaomi.co\/en\/wp-json\/wp\/v2\/comments?post=59342"}],"version-history":[{"count":0,"href":"https:\/\/tivixiaomi.co\/en\/wp-json\/wp\/v2\/product\/59342\/revisions"}],"wp:featuredmedia":[{"embeddable":true,"href":"https:\/\/tivixiaomi.co\/en\/wp-json\/wp\/v2\/media\/61865"}],"wp:attachment":[{"href":"https:\/\/tivixiaomi.co\/en\/wp-json\/wp\/v2\/media?parent=59342"}],"wp:term":[{"taxonomy":"product_brand","embeddable":true,"href":"https:\/\/tivixiaomi.co\/en\/wp-json\/wp\/v2\/product_brand?post=59342"},{"taxonomy":"product_cat","embeddable":true,"href":"https:\/\/tivixiaomi.co\/en\/wp-json\/wp\/v2\/product_cat?post=59342"},{"taxonomy":"product_tag","embeddable":true,"href":"https:\/\/tivixiaomi.co\/en\/wp-json\/wp\/v2\/product_tag?post=59342"}],"curies":[{"name":"wp","href":"https:\/\/api.w.org\/{rel}","templated":true}]}}