{"id":59355,"date":"2021-01-26T14:47:43","date_gmt":"2021-01-26T07:47:43","guid":{"rendered":"https:\/\/tivixiaomi.co\/?post_type=product&#038;p=59355"},"modified":"2023-01-23T13:57:32","modified_gmt":"2023-01-23T06:57:32","slug":"man-chieu-xiaomi-mijia-100-inch-s10mjco","status":"publish","type":"product","link":"https:\/\/tivixiaomi.co\/en\/tivi\/man-chieu-xiaomi-mijia-100-inch-s10mjco\/","title":{"rendered":"M\u00e0n chi\u1ebfu chuy\u00ean d\u1ee5ng Xiaomi 100 inch"},"content":{"rendered":"<ul>\n<li>M\u00e0n h\u00ecnh si\u00eau l\u1edbn, si\u00eau l\u1edbn \u0111\u1ec3 \u0111\u00e1p \u1ee9ng<\/li>\n<li>khung si\u00eau h\u1eb9p<\/li>\n<li>phim quang h\u1ecdc 8 l\u1edbp ch\u1ee9c n\u0103ng<\/li>\n<li>m\u00e0n h\u00ecnh v\u1ebd tranh t\u01b0\u1eddng thu\u1ea7n t\u00fay<\/li>\n<\/ul>\n","protected":false},"excerpt":{"rendered":"<ul>\n<li>M\u00e0n h\u00ecnh si\u00eau l\u1edbn, si\u00eau l\u1edbn \u0111\u1ec3 \u0111\u00e1p \u1ee9ng<\/li>\n<li>khung si\u00eau h\u1eb9p<\/li>\n<li>phim quang h\u1ecdc 8 l\u1edbp ch\u1ee9c n\u0103ng<\/li>\n<li>m\u00e0n h\u00ecnh v\u1ebd tranh t\u01b0\u1eddng thu\u1ea7n t\u00fay<\/li>\n<\/ul>\n","protected":false},"featured_media":59356,"comment_status":"open","ping_status":"closed","template":"","meta":[],"product_brand":[],"product_cat":[291],"product_tag":[],"class_list":{"0":"post-59355","1":"product","2":"type-product","3":"status-publish","4":"has-post-thumbnail","6":"product_cat-may-chieu-xiaomi","8":"first","9":"outofstock","10":"sale","11":"shipping-taxable","12":"purchasable","13":"product-type-simple"},"_links":{"self":[{"href":"https:\/\/tivixiaomi.co\/en\/wp-json\/wp\/v2\/product\/59355"}],"collection":[{"href":"https:\/\/tivixiaomi.co\/en\/wp-json\/wp\/v2\/product"}],"about":[{"href":"https:\/\/tivixiaomi.co\/en\/wp-json\/wp\/v2\/types\/product"}],"replies":[{"embeddable":true,"href":"https:\/\/tivixiaomi.co\/en\/wp-json\/wp\/v2\/comments?post=59355"}],"version-history":[{"count":0,"href":"https:\/\/tivixiaomi.co\/en\/wp-json\/wp\/v2\/product\/59355\/revisions"}],"wp:featuredmedia":[{"embeddable":true,"href":"https:\/\/tivixiaomi.co\/en\/wp-json\/wp\/v2\/media\/59356"}],"wp:attachment":[{"href":"https:\/\/tivixiaomi.co\/en\/wp-json\/wp\/v2\/media?parent=59355"}],"wp:term":[{"taxonomy":"product_brand","embeddable":true,"href":"https:\/\/tivixiaomi.co\/en\/wp-json\/wp\/v2\/product_brand?post=59355"},{"taxonomy":"product_cat","embeddable":true,"href":"https:\/\/tivixiaomi.co\/en\/wp-json\/wp\/v2\/product_cat?post=59355"},{"taxonomy":"product_tag","embeddable":true,"href":"https:\/\/tivixiaomi.co\/en\/wp-json\/wp\/v2\/product_tag?post=59355"}],"curies":[{"name":"wp","href":"https:\/\/api.w.org\/{rel}","templated":true}]}}