{"id":59465,"date":"2021-02-07T16:12:03","date_gmt":"2021-02-07T09:12:03","guid":{"rendered":"https:\/\/tivixiaomi.co\/?post_type=product&#038;p=59465"},"modified":"2021-02-07T16:13:10","modified_gmt":"2021-02-07T09:13:10","slug":"khung-treo-tivi-north-bayou-nb-p6-40-70-inch","status":"publish","type":"product","link":"https:\/\/tivixiaomi.co\/en\/tivi\/khung-treo-tivi-north-bayou-nb-p6-40-70-inch\/","title":{"rendered":"KHUNG TREO TIVI North Bayou NB P6 40-70 Inch"},"content":{"rendered":"<ul>\n<li>\u0110\u1eb7c \u0111i\u1ec3m: T\u1ea5m \u1ed1p t\u01b0\u1eddng v\u00e0 h\u1ec7 th\u1ed1ng c\u00e1p \u1ea9n c\u1ee7a gi\u00e1 \u0111\u1ee1 tivi sang tr\u1ecdng v\u00e0 \u0111\u1eb9p m\u1eaft h\u01a1n c\u0169ng l\u00e0m cho c\u00e1p truy\u1ec1n h\u00ecnh ph\u00eda sau tivi c\u1ee7a b\u1ea1n tr\u1edf n\u00ean ho\u00e0n h\u1ea3o<\/li>\n<li>V\u1edbi gi\u00e1 \u0111\u1ee1 tivi chuy\u1ec3n \u0111\u1ed9ng \u0111\u1ea7y \u0111\u1ee7 n\u00e0y, b\u1ea1n c\u00f3 th\u1ec3 d\u1ec5 d\u00e0ng s\u1eeda ch\u1eefa nghi\u00eang m\u1edf r\u1ed9ng v\u00e0 xoay tivi v\u00e0 m\u1ecdi g\u00f3c nh\u00ecn b\u1ea1n mu\u1ed1n.<\/li>\n<li>Thi\u1ebft k\u1ebf c\u00f4ng ngh\u1ec7 ti\u00ean ti\u1ebfn gi\u00fap g\u00f3c nh\u00ecn d\u1ec5 d\u00e0ng v\u00e0 thi\u1ebft th\u1ef1c.<\/li>\n<li>C\u00e1c ph\u1ee5 ki\u1ec7n ti\u00eau chu\u1ea9n c\u1ee7a ch\u00fang t\u00f4i cho ph\u00e9p b\u1ea1n m\u1edf r\u1ed9ng kho\u1ea3ng c\u00e1ch g\u1eafn TV VESA mi\u1ec5n ph\u00ed t\u1eeb 200 * 200mm * 400 \u0111\u1ebfn 600mm.<\/li>\n<li>C\u00e1nh tay c\u00f3 th\u1ec3 \u0111\u01b0\u1ee3c m\u1edf r\u1ed9ng l\u00ean \u0111\u1ebfn t\u1ed1i \u0111a 496mm.<\/li>\n<li>Th\u01b0\u01a1ng hi\u1ec7u: NORTHBAYOU<\/li>\n<li>Flat b\u1ea3ng \u0111i\u1ec1u khi\u1ec3n truy\u1ec1n h\u00ecnh chuy\u1ec3n \u0111\u1ed9ng \u0111\u1ea7y \u0111\u1ee7.<\/li>\n<li>Ph\u00f9 h\u1ee3p v\u1edbi h\u1ea7u h\u1ebft m\u00e0n h\u00ecnh ph\u1eb3ng 40 inch-70 inch<\/li>\n<li>Tu\u00e2n th\u1ee7 VESA: 200 x 200 * 400 x 200 x 400 x 400 x 600 x 400mm<\/li>\n<li>\u0110\u1ed9 nghi\u00eang: 8 \u00b0 ~ -5 \u00b0 V\u00f2ng quay: 50 \u00b0 ~ 70 \u00b0<\/li>\n<li>S\u1ee9c ch\u1ee9a: 45,5 kg<\/li>\n<li>Kho\u1ea3ng c\u00e1ch t\u01b0\u1eddng: 58mm ~ 500mm<\/li>\n<li>Ch\u1ea5t li\u1ec7u: \u1ed0ng th\u00e9p li\u1ec1n m\u1ea1ch SPCC v\u00e0 nh\u1ef1a.<\/li>\n<li>X\u1eed l\u00fd b\u1ec1 m\u1eb7t: s\u01a1n b\u1ed9t ho\u00e0n thi\u1ec7n<\/li>\n<li>M\u00e0u s\u1eafc: \u0110en.<\/li>\n<li>G\u00f3i bao g\u1ed3m: 1 x TV Treo t\u01b0\u1eddng.<\/li>\n<\/ul>\n","protected":false},"excerpt":{"rendered":"<ul>\n<li>\u0110\u1eb7c \u0111i\u1ec3m: T\u1ea5m \u1ed1p t\u01b0\u1eddng v\u00e0 h\u1ec7 th\u1ed1ng c\u00e1p \u1ea9n c\u1ee7a gi\u00e1 \u0111\u1ee1 tivi sang tr\u1ecdng v\u00e0 \u0111\u1eb9p m\u1eaft h\u01a1n c\u0169ng l\u00e0m cho c\u00e1p truy\u1ec1n h\u00ecnh ph\u00eda sau tivi c\u1ee7a b\u1ea1n tr\u1edf n\u00ean ho\u00e0n h\u1ea3o<\/li>\n<li>V\u1edbi gi\u00e1 \u0111\u1ee1 tivi chuy\u1ec3n \u0111\u1ed9ng \u0111\u1ea7y \u0111\u1ee7 n\u00e0y, b\u1ea1n c\u00f3 th\u1ec3 d\u1ec5 d\u00e0ng s\u1eeda ch\u1eefa nghi\u00eang m\u1edf r\u1ed9ng v\u00e0 xoay tivi v\u00e0 m\u1ecdi g\u00f3c nh\u00ecn b\u1ea1n mu\u1ed1n.<\/li>\n<li>Thi\u1ebft k\u1ebf c\u00f4ng ngh\u1ec7 ti\u00ean ti\u1ebfn gi\u00fap g\u00f3c nh\u00ecn d\u1ec5 d\u00e0ng v\u00e0 thi\u1ebft th\u1ef1c.<\/li>\n<li>C\u00e1c ph\u1ee5 ki\u1ec7n ti\u00eau chu\u1ea9n c\u1ee7a ch\u00fang t\u00f4i cho ph\u00e9p b\u1ea1n m\u1edf r\u1ed9ng kho\u1ea3ng c\u00e1ch g\u1eafn TV VESA mi\u1ec5n ph\u00ed t\u1eeb 200 * 200mm * 400 \u0111\u1ebfn 600mm.<\/li>\n<li>C\u00e1nh tay c\u00f3 th\u1ec3 \u0111\u01b0\u1ee3c m\u1edf r\u1ed9ng l\u00ean \u0111\u1ebfn t\u1ed1i \u0111a 496mm.<\/li>\n<li>Th\u01b0\u01a1ng hi\u1ec7u: NORTHBAYOU<\/li>\n<li>Flat b\u1ea3ng \u0111i\u1ec1u khi\u1ec3n truy\u1ec1n h\u00ecnh chuy\u1ec3n \u0111\u1ed9ng \u0111\u1ea7y \u0111\u1ee7.<\/li>\n<li>Ph\u00f9 h\u1ee3p v\u1edbi h\u1ea7u h\u1ebft m\u00e0n h\u00ecnh ph\u1eb3ng 40 inch-70 inch<\/li>\n<li>Tu\u00e2n th\u1ee7 VESA: 200 x 200 * 400 x 200 x 400 x 400 x 600 x 400mm<\/li>\n<li>\u0110\u1ed9 nghi\u00eang: 8 \u00b0 ~ -5 \u00b0 V\u00f2ng quay: 50 \u00b0 ~ 70 \u00b0<\/li>\n<li>S\u1ee9c ch\u1ee9a: 45,5 kg<\/li>\n<li>Kho\u1ea3ng c\u00e1ch t\u01b0\u1eddng: 58mm ~ 500mm<\/li>\n<li>Ch\u1ea5t li\u1ec7u: \u1ed0ng th\u00e9p li\u1ec1n m\u1ea1ch SPCC v\u00e0 nh\u1ef1a.<\/li>\n<li>X\u1eed l\u00fd b\u1ec1 m\u1eb7t: s\u01a1n b\u1ed9t ho\u00e0n thi\u1ec7n<\/li>\n<li>M\u00e0u s\u1eafc: \u0110en.<\/li>\n<li>G\u00f3i bao g\u1ed3m: 1 x TV Treo t\u01b0\u1eddng.<\/li>\n<\/ul>\n","protected":false},"featured_media":59468,"comment_status":"open","ping_status":"closed","template":"","meta":[],"product_brand":[],"product_cat":[303],"product_tag":[],"class_list":{"0":"post-59465","1":"product","2":"type-product","3":"status-publish","4":"has-post-thumbnail","6":"product_cat-phu-kien-tv-xiaomi","8":"first","9":"instock","10":"sale","11":"shipping-taxable","12":"purchasable","13":"product-type-simple"},"_links":{"self":[{"href":"https:\/\/tivixiaomi.co\/en\/wp-json\/wp\/v2\/product\/59465"}],"collection":[{"href":"https:\/\/tivixiaomi.co\/en\/wp-json\/wp\/v2\/product"}],"about":[{"href":"https:\/\/tivixiaomi.co\/en\/wp-json\/wp\/v2\/types\/product"}],"replies":[{"embeddable":true,"href":"https:\/\/tivixiaomi.co\/en\/wp-json\/wp\/v2\/comments?post=59465"}],"version-history":[{"count":0,"href":"https:\/\/tivixiaomi.co\/en\/wp-json\/wp\/v2\/product\/59465\/revisions"}],"wp:featuredmedia":[{"embeddable":true,"href":"https:\/\/tivixiaomi.co\/en\/wp-json\/wp\/v2\/media\/59468"}],"wp:attachment":[{"href":"https:\/\/tivixiaomi.co\/en\/wp-json\/wp\/v2\/media?parent=59465"}],"wp:term":[{"taxonomy":"product_brand","embeddable":true,"href":"https:\/\/tivixiaomi.co\/en\/wp-json\/wp\/v2\/product_brand?post=59465"},{"taxonomy":"product_cat","embeddable":true,"href":"https:\/\/tivixiaomi.co\/en\/wp-json\/wp\/v2\/product_cat?post=59465"},{"taxonomy":"product_tag","embeddable":true,"href":"https:\/\/tivixiaomi.co\/en\/wp-json\/wp\/v2\/product_tag?post=59465"}],"curies":[{"name":"wp","href":"https:\/\/api.w.org\/{rel}","templated":true}]}}