{"id":59515,"date":"2021-02-13T15:53:40","date_gmt":"2021-02-13T08:53:40","guid":{"rendered":"https:\/\/tivixiaomi.co\/?post_type=product&#038;p=59515"},"modified":"2025-05-05T14:05:25","modified_gmt":"2025-05-05T07:05:25","slug":"mi-tv-q1-75","status":"publish","type":"product","link":"https:\/\/tivixiaomi.co\/en\/tivi\/mi-tv-q1-75\/","title":{"rendered":"TIVI XIAOMI Mi TV Q1 75 inch Global"},"content":{"rendered":"<p style=\"text-align: center;\"><img fetchpriority=\"high\" decoding=\"async\" class=\"aligncenter wp-image-62988 size-large\" src=\"https:\/\/tivixiaomi.co\/wp-content\/uploads\/2021\/02\/TIVI-XIAOMI-Mi-TV-Q1-75-inch-Global-1-1024x480.jpg\" alt=\"\" width=\"1024\" height=\"480\" srcset=\"https:\/\/tivixiaomi.co\/wp-content\/uploads\/2021\/02\/TIVI-XIAOMI-Mi-TV-Q1-75-inch-Global-1-1024x480.jpg 1024w, https:\/\/tivixiaomi.co\/wp-content\/uploads\/2021\/02\/TIVI-XIAOMI-Mi-TV-Q1-75-inch-Global-1-jpg-150x70.webp 150w, https:\/\/tivixiaomi.co\/wp-content\/uploads\/2021\/02\/TIVI-XIAOMI-Mi-TV-Q1-75-inch-Global-1-600x281.jpg 600w, https:\/\/tivixiaomi.co\/wp-content\/uploads\/2021\/02\/TIVI-XIAOMI-Mi-TV-Q1-75-inch-Global-1-300x141.jpg 300w, https:\/\/tivixiaomi.co\/wp-content\/uploads\/2021\/02\/TIVI-XIAOMI-Mi-TV-Q1-75-inch-Global-1-768x360.jpg 768w, https:\/\/tivixiaomi.co\/wp-content\/uploads\/2021\/02\/TIVI-XIAOMI-Mi-TV-Q1-75-inch-Global-1-1536x720.jpg 1536w, https:\/\/tivixiaomi.co\/wp-content\/uploads\/2021\/02\/TIVI-XIAOMI-Mi-TV-Q1-75-inch-Global-1-jpg.webp 1920w\" sizes=\"(max-width: 1024px) 100vw, 1024px\" \/><\/p>\n<p style=\"text-align: center;\"><em>Xiaomi cho ra m\u1eaft Mi TV Q1 75&#8243; m\u00e0n h\u00ecnh l\u1edbn v\u1edbi tr\u1ea3i nghi\u1ec7m tinh t\u1ebf<\/em><\/p>\n<p style=\"text-align: center;\"><img decoding=\"async\" class=\"alignnone wp-image-62990 size-large\" src=\"https:\/\/tivixiaomi.co\/wp-content\/uploads\/2021\/02\/TIVI-XIAOMI-Mi-TV-Q1-75-inch-Global-3-1024x426.jpg\" alt=\"\" width=\"1024\" height=\"426\" srcset=\"https:\/\/tivixiaomi.co\/wp-content\/uploads\/2021\/02\/TIVI-XIAOMI-Mi-TV-Q1-75-inch-Global-3-1024x426.jpg 1024w, https:\/\/tivixiaomi.co\/wp-content\/uploads\/2021\/02\/TIVI-XIAOMI-Mi-TV-Q1-75-inch-Global-3-jpg-150x62.webp 150w, https:\/\/tivixiaomi.co\/wp-content\/uploads\/2021\/02\/TIVI-XIAOMI-Mi-TV-Q1-75-inch-Global-3-600x250.jpg 600w, https:\/\/tivixiaomi.co\/wp-content\/uploads\/2021\/02\/TIVI-XIAOMI-Mi-TV-Q1-75-inch-Global-3-300x125.jpg 300w, https:\/\/tivixiaomi.co\/wp-content\/uploads\/2021\/02\/TIVI-XIAOMI-Mi-TV-Q1-75-inch-Global-3-768x320.jpg 768w, https:\/\/tivixiaomi.co\/wp-content\/uploads\/2021\/02\/TIVI-XIAOMI-Mi-TV-Q1-75-inch-Global-3-1536x639.jpg 1536w, https:\/\/tivixiaomi.co\/wp-content\/uploads\/2021\/02\/TIVI-XIAOMI-Mi-TV-Q1-75-inch-Global-3-jpg.webp 1920w\" sizes=\"(max-width: 1024px) 100vw, 1024px\" \/><\/p>\n<p style=\"text-align: center;\"><em>75&#8243; kh\u00f4ng gi\u1edbi h\u1ea1n, kh\u00f4ng c\u00f3 m\u00e0n h\u00ecnh Bezels<\/em><\/p>\n<p style=\"text-align: center;\"><img decoding=\"async\" class=\"alignnone wp-image-62991 size-large\" src=\"https:\/\/tivixiaomi.co\/wp-content\/uploads\/2021\/02\/TIVI-XIAOMI-Mi-TV-Q1-75-inch-Global-4-1024x480.jpg\" alt=\"\" width=\"1024\" height=\"480\" srcset=\"https:\/\/tivixiaomi.co\/wp-content\/uploads\/2021\/02\/TIVI-XIAOMI-Mi-TV-Q1-75-inch-Global-4-1024x480.jpg 1024w, https:\/\/tivixiaomi.co\/wp-content\/uploads\/2021\/02\/TIVI-XIAOMI-Mi-TV-Q1-75-inch-Global-4-jpg-150x70.webp 150w, https:\/\/tivixiaomi.co\/wp-content\/uploads\/2021\/02\/TIVI-XIAOMI-Mi-TV-Q1-75-inch-Global-4-600x281.jpg 600w, https:\/\/tivixiaomi.co\/wp-content\/uploads\/2021\/02\/TIVI-XIAOMI-Mi-TV-Q1-75-inch-Global-4-300x141.jpg 300w, https:\/\/tivixiaomi.co\/wp-content\/uploads\/2021\/02\/TIVI-XIAOMI-Mi-TV-Q1-75-inch-Global-4-768x360.jpg 768w, https:\/\/tivixiaomi.co\/wp-content\/uploads\/2021\/02\/TIVI-XIAOMI-Mi-TV-Q1-75-inch-Global-4-1536x720.jpg 1536w, https:\/\/tivixiaomi.co\/wp-content\/uploads\/2021\/02\/TIVI-XIAOMI-Mi-TV-Q1-75-inch-Global-4-jpg.webp 1920w\" sizes=\"(max-width: 1024px) 100vw, 1024px\" \/><\/p>\n<p style=\"text-align: center;\"><em>M\u00e0n h\u00ecnh l\u1edbn si\u00eau r\u00f5 n\u00e9t b\u1ed5 sung cho thi\u1ebft k\u1ebf kh\u00f4ng vi\u1ec1n ba c\u1ea1nh&#8230;<\/em><\/p>\n<p style=\"text-align: center;\"><img loading=\"lazy\" decoding=\"async\" class=\"alignnone wp-image-62992 size-large\" src=\"https:\/\/tivixiaomi.co\/wp-content\/uploads\/2021\/02\/TIVI-XIAOMI-Mi-TV-Q1-75-inch-Global-5-1024x426.jpg\" alt=\"\" width=\"1024\" height=\"426\" srcset=\"https:\/\/tivixiaomi.co\/wp-content\/uploads\/2021\/02\/TIVI-XIAOMI-Mi-TV-Q1-75-inch-Global-5-1024x426.jpg 1024w, https:\/\/tivixiaomi.co\/wp-content\/uploads\/2021\/02\/TIVI-XIAOMI-Mi-TV-Q1-75-inch-Global-5-jpg-150x62.webp 150w, https:\/\/tivixiaomi.co\/wp-content\/uploads\/2021\/02\/TIVI-XIAOMI-Mi-TV-Q1-75-inch-Global-5-600x250.jpg 600w, https:\/\/tivixiaomi.co\/wp-content\/uploads\/2021\/02\/TIVI-XIAOMI-Mi-TV-Q1-75-inch-Global-5-300x125.jpg 300w, https:\/\/tivixiaomi.co\/wp-content\/uploads\/2021\/02\/TIVI-XIAOMI-Mi-TV-Q1-75-inch-Global-5-768x320.jpg 768w, https:\/\/tivixiaomi.co\/wp-content\/uploads\/2021\/02\/TIVI-XIAOMI-Mi-TV-Q1-75-inch-Global-5-1536x639.jpg 1536w, https:\/\/tivixiaomi.co\/wp-content\/uploads\/2021\/02\/TIVI-XIAOMI-Mi-TV-Q1-75-inch-Global-5-jpg.webp 1920w\" sizes=\"(max-width: 1024px) 100vw, 1024px\" \/><\/p>\n<p style=\"text-align: center;\"><img loading=\"lazy\" decoding=\"async\" class=\"alignnone wp-image-62993 size-large\" src=\"https:\/\/tivixiaomi.co\/wp-content\/uploads\/2021\/02\/TIVI-XIAOMI-Mi-TV-Q1-75-inch-Global-6-1024x582.jpg\" alt=\"\" width=\"1024\" height=\"582\" srcset=\"https:\/\/tivixiaomi.co\/wp-content\/uploads\/2021\/02\/TIVI-XIAOMI-Mi-TV-Q1-75-inch-Global-6-1024x582.jpg 1024w, https:\/\/tivixiaomi.co\/wp-content\/uploads\/2021\/02\/TIVI-XIAOMI-Mi-TV-Q1-75-inch-Global-6-jpg-150x85.webp 150w, https:\/\/tivixiaomi.co\/wp-content\/uploads\/2021\/02\/TIVI-XIAOMI-Mi-TV-Q1-75-inch-Global-6-600x341.jpg 600w, https:\/\/tivixiaomi.co\/wp-content\/uploads\/2021\/02\/TIVI-XIAOMI-Mi-TV-Q1-75-inch-Global-6-300x171.jpg 300w, https:\/\/tivixiaomi.co\/wp-content\/uploads\/2021\/02\/TIVI-XIAOMI-Mi-TV-Q1-75-inch-Global-6-768x437.jpg 768w, https:\/\/tivixiaomi.co\/wp-content\/uploads\/2021\/02\/TIVI-XIAOMI-Mi-TV-Q1-75-inch-Global-6-1536x874.jpg 1536w, https:\/\/tivixiaomi.co\/wp-content\/uploads\/2021\/02\/TIVI-XIAOMI-Mi-TV-Q1-75-inch-Global-6-jpg.webp 1920w\" sizes=\"(max-width: 1024px) 100vw, 1024px\" \/><\/p>\n<p style=\"text-align: center;\"><em>Ch\u1ea5m l\u01b0\u1ee3ng t\u1eed t\u1ea1o ra m\u1ed9t th\u1ebf gi\u1edbi m\u00e0u s\u1eafc<\/em><\/p>\n<p style=\"text-align: center;\"><img loading=\"lazy\" decoding=\"async\" class=\"alignnone wp-image-62994 size-large\" src=\"https:\/\/tivixiaomi.co\/wp-content\/uploads\/2021\/02\/TIVI-XIAOMI-Mi-TV-Q1-75-inch-Global-7-1024x418.jpg\" alt=\"\" width=\"1024\" height=\"418\" srcset=\"https:\/\/tivixiaomi.co\/wp-content\/uploads\/2021\/02\/TIVI-XIAOMI-Mi-TV-Q1-75-inch-Global-7-1024x418.jpg 1024w, https:\/\/tivixiaomi.co\/wp-content\/uploads\/2021\/02\/TIVI-XIAOMI-Mi-TV-Q1-75-inch-Global-7-jpg-150x61.webp 150w, https:\/\/tivixiaomi.co\/wp-content\/uploads\/2021\/02\/TIVI-XIAOMI-Mi-TV-Q1-75-inch-Global-7-600x245.jpg 600w, https:\/\/tivixiaomi.co\/wp-content\/uploads\/2021\/02\/TIVI-XIAOMI-Mi-TV-Q1-75-inch-Global-7-300x122.jpg 300w, https:\/\/tivixiaomi.co\/wp-content\/uploads\/2021\/02\/TIVI-XIAOMI-Mi-TV-Q1-75-inch-Global-7-768x313.jpg 768w, https:\/\/tivixiaomi.co\/wp-content\/uploads\/2021\/02\/TIVI-XIAOMI-Mi-TV-Q1-75-inch-Global-7-1536x626.jpg 1536w, https:\/\/tivixiaomi.co\/wp-content\/uploads\/2021\/02\/TIVI-XIAOMI-Mi-TV-Q1-75-inch-Global-7-jpg.webp 1920w\" sizes=\"(max-width: 1024px) 100vw, 1024px\" \/><\/p>\n<p style=\"text-align: center;\"><em>1,07 t\u1ef7 m\u00e0u l\u00e0m cho m\u1ed7i h\u00ecnh \u1ea3nh \u0111\u1ec1u l\u00e0 s\u1ef1 ch\u00ednh x\u00e1c tinh khi\u1ebft v\u00e0 m\u01b0\u1ee3t m\u00e0<\/em><\/p>\n<p style=\"text-align: center;\"><img loading=\"lazy\" decoding=\"async\" class=\"alignnone wp-image-62995 size-large\" src=\"https:\/\/tivixiaomi.co\/wp-content\/uploads\/2021\/02\/TIVI-XIAOMI-Mi-TV-Q1-75-inch-Global-8-1024x706.jpg\" alt=\"\" width=\"1024\" height=\"706\" srcset=\"https:\/\/tivixiaomi.co\/wp-content\/uploads\/2021\/02\/TIVI-XIAOMI-Mi-TV-Q1-75-inch-Global-8-1024x706.jpg 1024w, https:\/\/tivixiaomi.co\/wp-content\/uploads\/2021\/02\/TIVI-XIAOMI-Mi-TV-Q1-75-inch-Global-8-jpg-150x103.webp 150w, https:\/\/tivixiaomi.co\/wp-content\/uploads\/2021\/02\/TIVI-XIAOMI-Mi-TV-Q1-75-inch-Global-8-600x413.jpg 600w, https:\/\/tivixiaomi.co\/wp-content\/uploads\/2021\/02\/TIVI-XIAOMI-Mi-TV-Q1-75-inch-Global-8-300x207.jpg 300w, https:\/\/tivixiaomi.co\/wp-content\/uploads\/2021\/02\/TIVI-XIAOMI-Mi-TV-Q1-75-inch-Global-8-768x529.jpg 768w, https:\/\/tivixiaomi.co\/wp-content\/uploads\/2021\/02\/TIVI-XIAOMI-Mi-TV-Q1-75-inch-Global-8-1536x1058.jpg 1536w, https:\/\/tivixiaomi.co\/wp-content\/uploads\/2021\/02\/TIVI-XIAOMI-Mi-TV-Q1-75-inch-Global-8-jpg.webp 1920w\" sizes=\"(max-width: 1024px) 100vw, 1024px\" \/><\/p>\n<p style=\"text-align: center;\"><em>T\u00ednh n\u0103ng l\u00e0m m\u1edd c\u1ee5c b\u1ed9 \u0111\u1ed9ng t\u1ea1o ra c\u00e1c t\u00f4ng m\u00e0u t\u1ed1i v\u00e0 s\u00e1ng tuy\u1ec7t \u0111\u1eb9p<\/em><\/p>\n<p style=\"text-align: center;\"><img loading=\"lazy\" decoding=\"async\" class=\"alignnone wp-image-62996 size-large\" src=\"https:\/\/tivixiaomi.co\/wp-content\/uploads\/2021\/02\/TIVI-XIAOMI-Mi-TV-Q1-75-inch-Global-9-1024x668.jpg\" alt=\"\" width=\"1024\" height=\"668\" srcset=\"https:\/\/tivixiaomi.co\/wp-content\/uploads\/2021\/02\/TIVI-XIAOMI-Mi-TV-Q1-75-inch-Global-9-1024x668.jpg 1024w, https:\/\/tivixiaomi.co\/wp-content\/uploads\/2021\/02\/TIVI-XIAOMI-Mi-TV-Q1-75-inch-Global-9-jpg-150x98.webp 150w, https:\/\/tivixiaomi.co\/wp-content\/uploads\/2021\/02\/TIVI-XIAOMI-Mi-TV-Q1-75-inch-Global-9-600x391.jpg 600w, https:\/\/tivixiaomi.co\/wp-content\/uploads\/2021\/02\/TIVI-XIAOMI-Mi-TV-Q1-75-inch-Global-9-300x196.jpg 300w, https:\/\/tivixiaomi.co\/wp-content\/uploads\/2021\/02\/TIVI-XIAOMI-Mi-TV-Q1-75-inch-Global-9-768x501.jpg 768w, https:\/\/tivixiaomi.co\/wp-content\/uploads\/2021\/02\/TIVI-XIAOMI-Mi-TV-Q1-75-inch-Global-9-1536x1002.jpg 1536w, https:\/\/tivixiaomi.co\/wp-content\/uploads\/2021\/02\/TIVI-XIAOMI-Mi-TV-Q1-75-inch-Global-9-jpg.webp 1920w\" sizes=\"(max-width: 1024px) 100vw, 1024px\" \/><\/p>\n<p style=\"text-align: center;\"><em>Chi ti\u1ebft s\u1eafc n\u00e9t, b\u1ea5t k\u1ec3 t\u1ed1i hay s\u00e1ng<\/em><\/p>\n<p style=\"text-align: center;\"><img loading=\"lazy\" decoding=\"async\" class=\"alignnone wp-image-62997 size-large\" src=\"https:\/\/tivixiaomi.co\/wp-content\/uploads\/2021\/02\/TIVI-XIAOMI-Mi-TV-Q1-75-inch-Global-10-1024x580.jpg\" alt=\"\" width=\"1024\" height=\"580\" srcset=\"https:\/\/tivixiaomi.co\/wp-content\/uploads\/2021\/02\/TIVI-XIAOMI-Mi-TV-Q1-75-inch-Global-10-1024x580.jpg 1024w, https:\/\/tivixiaomi.co\/wp-content\/uploads\/2021\/02\/TIVI-XIAOMI-Mi-TV-Q1-75-inch-Global-10-jpg-150x85.webp 150w, https:\/\/tivixiaomi.co\/wp-content\/uploads\/2021\/02\/TIVI-XIAOMI-Mi-TV-Q1-75-inch-Global-10-600x340.jpg 600w, https:\/\/tivixiaomi.co\/wp-content\/uploads\/2021\/02\/TIVI-XIAOMI-Mi-TV-Q1-75-inch-Global-10-300x170.jpg 300w, https:\/\/tivixiaomi.co\/wp-content\/uploads\/2021\/02\/TIVI-XIAOMI-Mi-TV-Q1-75-inch-Global-10-768x435.jpg 768w, https:\/\/tivixiaomi.co\/wp-content\/uploads\/2021\/02\/TIVI-XIAOMI-Mi-TV-Q1-75-inch-Global-10-1536x870.jpg 1536w, https:\/\/tivixiaomi.co\/wp-content\/uploads\/2021\/02\/TIVI-XIAOMI-Mi-TV-Q1-75-inch-Global-10-jpg.webp 1920w\" sizes=\"(max-width: 1024px) 100vw, 1024px\" \/><\/p>\n<p style=\"text-align: center;\"><em>4K UHD cho h\u00ecnh \u1ea3nh r\u00f5 r\u00e0ng v\u00e0 s\u1eafc n\u00e9t h\u01a1n<\/em><\/p>\n<p style=\"text-align: center;\"><img loading=\"lazy\" decoding=\"async\" class=\"alignnone wp-image-62998 size-large\" src=\"https:\/\/tivixiaomi.co\/wp-content\/uploads\/2021\/02\/TIVI-XIAOMI-Mi-TV-Q1-75-inch-Global-11-1024x579.jpg\" alt=\"\" width=\"1024\" height=\"579\" srcset=\"https:\/\/tivixiaomi.co\/wp-content\/uploads\/2021\/02\/TIVI-XIAOMI-Mi-TV-Q1-75-inch-Global-11-1024x579.jpg 1024w, https:\/\/tivixiaomi.co\/wp-content\/uploads\/2021\/02\/TIVI-XIAOMI-Mi-TV-Q1-75-inch-Global-11-jpg-150x85.webp 150w, https:\/\/tivixiaomi.co\/wp-content\/uploads\/2021\/02\/TIVI-XIAOMI-Mi-TV-Q1-75-inch-Global-11-600x339.jpg 600w, https:\/\/tivixiaomi.co\/wp-content\/uploads\/2021\/02\/TIVI-XIAOMI-Mi-TV-Q1-75-inch-Global-11-300x170.jpg 300w, https:\/\/tivixiaomi.co\/wp-content\/uploads\/2021\/02\/TIVI-XIAOMI-Mi-TV-Q1-75-inch-Global-11-768x434.jpg 768w, https:\/\/tivixiaomi.co\/wp-content\/uploads\/2021\/02\/TIVI-XIAOMI-Mi-TV-Q1-75-inch-Global-11-1536x868.jpg 1536w, https:\/\/tivixiaomi.co\/wp-content\/uploads\/2021\/02\/TIVI-XIAOMI-Mi-TV-Q1-75-inch-Global-11-jpg.webp 1920w\" sizes=\"(max-width: 1024px) 100vw, 1024px\" \/><\/p>\n<p style=\"text-align: center;\"><img loading=\"lazy\" decoding=\"async\" class=\"alignnone wp-image-62999 size-large\" src=\"https:\/\/tivixiaomi.co\/wp-content\/uploads\/2021\/02\/TIVI-XIAOMI-Mi-TV-Q1-75-inch-Global-12-1024x426.jpg\" alt=\"\" width=\"1024\" height=\"426\" srcset=\"https:\/\/tivixiaomi.co\/wp-content\/uploads\/2021\/02\/TIVI-XIAOMI-Mi-TV-Q1-75-inch-Global-12-1024x426.jpg 1024w, https:\/\/tivixiaomi.co\/wp-content\/uploads\/2021\/02\/TIVI-XIAOMI-Mi-TV-Q1-75-inch-Global-12-jpg-150x62.webp 150w, https:\/\/tivixiaomi.co\/wp-content\/uploads\/2021\/02\/TIVI-XIAOMI-Mi-TV-Q1-75-inch-Global-12-600x250.jpg 600w, https:\/\/tivixiaomi.co\/wp-content\/uploads\/2021\/02\/TIVI-XIAOMI-Mi-TV-Q1-75-inch-Global-12-300x125.jpg 300w, https:\/\/tivixiaomi.co\/wp-content\/uploads\/2021\/02\/TIVI-XIAOMI-Mi-TV-Q1-75-inch-Global-12-768x320.jpg 768w, https:\/\/tivixiaomi.co\/wp-content\/uploads\/2021\/02\/TIVI-XIAOMI-Mi-TV-Q1-75-inch-Global-12-1536x639.jpg 1536w, https:\/\/tivixiaomi.co\/wp-content\/uploads\/2021\/02\/TIVI-XIAOMI-Mi-TV-Q1-75-inch-Global-12-jpg.webp 1920w\" sizes=\"(max-width: 1024px) 100vw, 1024px\" \/><\/p>\n<p style=\"text-align: center;\"><img loading=\"lazy\" decoding=\"async\" class=\"alignnone wp-image-63000 size-large\" src=\"https:\/\/tivixiaomi.co\/wp-content\/uploads\/2021\/02\/TIVI-XIAOMI-Mi-TV-Q1-75-inch-Global-13-1024x579.jpg\" alt=\"\" width=\"1024\" height=\"579\" srcset=\"https:\/\/tivixiaomi.co\/wp-content\/uploads\/2021\/02\/TIVI-XIAOMI-Mi-TV-Q1-75-inch-Global-13-1024x579.jpg 1024w, https:\/\/tivixiaomi.co\/wp-content\/uploads\/2021\/02\/TIVI-XIAOMI-Mi-TV-Q1-75-inch-Global-13-jpg-150x85.webp 150w, https:\/\/tivixiaomi.co\/wp-content\/uploads\/2021\/02\/TIVI-XIAOMI-Mi-TV-Q1-75-inch-Global-13-600x339.jpg 600w, https:\/\/tivixiaomi.co\/wp-content\/uploads\/2021\/02\/TIVI-XIAOMI-Mi-TV-Q1-75-inch-Global-13-300x170.jpg 300w, https:\/\/tivixiaomi.co\/wp-content\/uploads\/2021\/02\/TIVI-XIAOMI-Mi-TV-Q1-75-inch-Global-13-768x434.jpg 768w, https:\/\/tivixiaomi.co\/wp-content\/uploads\/2021\/02\/TIVI-XIAOMI-Mi-TV-Q1-75-inch-Global-13-1536x868.jpg 1536w, https:\/\/tivixiaomi.co\/wp-content\/uploads\/2021\/02\/TIVI-XIAOMI-Mi-TV-Q1-75-inch-Global-13-jpg.webp 1920w\" sizes=\"(max-width: 1024px) 100vw, 1024px\" \/><\/p>\n<p style=\"text-align: center;\"><em>T\u1eadn h\u01b0\u1edfng s\u1ef1 th\u00f4ng minh c\u1ee7a h\u1ec7 \u0111i\u1ec1u h\u00e0nh Android m\u1ea1nh m\u1ebd<\/em><\/p>\n<p style=\"text-align: center;\"><img loading=\"lazy\" decoding=\"async\" class=\"alignnone wp-image-63001 size-large\" src=\"https:\/\/tivixiaomi.co\/wp-content\/uploads\/2021\/02\/TIVI-XIAOMI-Mi-TV-Q1-75-inch-Global-14-1024x278.jpg\" alt=\"\" width=\"1024\" height=\"278\" srcset=\"https:\/\/tivixiaomi.co\/wp-content\/uploads\/2021\/02\/TIVI-XIAOMI-Mi-TV-Q1-75-inch-Global-14-1024x278.jpg 1024w, https:\/\/tivixiaomi.co\/wp-content\/uploads\/2021\/02\/TIVI-XIAOMI-Mi-TV-Q1-75-inch-Global-14-jpg-150x41.webp 150w, https:\/\/tivixiaomi.co\/wp-content\/uploads\/2021\/02\/TIVI-XIAOMI-Mi-TV-Q1-75-inch-Global-14-600x163.jpg 600w, https:\/\/tivixiaomi.co\/wp-content\/uploads\/2021\/02\/TIVI-XIAOMI-Mi-TV-Q1-75-inch-Global-14-300x82.jpg 300w, https:\/\/tivixiaomi.co\/wp-content\/uploads\/2021\/02\/TIVI-XIAOMI-Mi-TV-Q1-75-inch-Global-14-768x209.jpg 768w, https:\/\/tivixiaomi.co\/wp-content\/uploads\/2021\/02\/TIVI-XIAOMI-Mi-TV-Q1-75-inch-Global-14-1536x418.jpg 1536w, https:\/\/tivixiaomi.co\/wp-content\/uploads\/2021\/02\/TIVI-XIAOMI-Mi-TV-Q1-75-inch-Global-14-jpg.webp 1920w\" sizes=\"(max-width: 1024px) 100vw, 1024px\" \/><\/p>\n<p style=\"text-align: center;\"><img loading=\"lazy\" decoding=\"async\" class=\"alignnone wp-image-63002 size-large\" src=\"https:\/\/tivixiaomi.co\/wp-content\/uploads\/2021\/02\/TIVI-XIAOMI-Mi-TV-Q1-75-inch-Global-15-1024x601.jpg\" alt=\"\" width=\"1024\" height=\"601\" srcset=\"https:\/\/tivixiaomi.co\/wp-content\/uploads\/2021\/02\/TIVI-XIAOMI-Mi-TV-Q1-75-inch-Global-15-1024x601.jpg 1024w, https:\/\/tivixiaomi.co\/wp-content\/uploads\/2021\/02\/TIVI-XIAOMI-Mi-TV-Q1-75-inch-Global-15-jpg-150x88.webp 150w, https:\/\/tivixiaomi.co\/wp-content\/uploads\/2021\/02\/TIVI-XIAOMI-Mi-TV-Q1-75-inch-Global-15-600x352.jpg 600w, https:\/\/tivixiaomi.co\/wp-content\/uploads\/2021\/02\/TIVI-XIAOMI-Mi-TV-Q1-75-inch-Global-15-300x176.jpg 300w, https:\/\/tivixiaomi.co\/wp-content\/uploads\/2021\/02\/TIVI-XIAOMI-Mi-TV-Q1-75-inch-Global-15-768x451.jpg 768w, https:\/\/tivixiaomi.co\/wp-content\/uploads\/2021\/02\/TIVI-XIAOMI-Mi-TV-Q1-75-inch-Global-15-1536x902.jpg 1536w, https:\/\/tivixiaomi.co\/wp-content\/uploads\/2021\/02\/TIVI-XIAOMI-Mi-TV-Q1-75-inch-Global-15-jpg.webp 1920w\" sizes=\"(max-width: 1024px) 100vw, 1024px\" \/><\/p>\n<p style=\"text-align: center;\"><em>Ph\u1ea3n chi\u1ebfu m\u00e0n h\u00ecnh d\u1ec5 d\u00e0ng v\u1edbi c\u00f4ng ngh\u1ec7 Chormecast t\u00edch h\u1ee3p v\u00e0 Miracast<\/em><\/p>\n<p style=\"text-align: center;\"><img loading=\"lazy\" decoding=\"async\" class=\"alignnone wp-image-63003 size-large\" src=\"https:\/\/tivixiaomi.co\/wp-content\/uploads\/2021\/02\/TIVI-XIAOMI-Mi-TV-Q1-75-inch-Global-16-1024x426.jpg\" alt=\"\" width=\"1024\" height=\"426\" srcset=\"https:\/\/tivixiaomi.co\/wp-content\/uploads\/2021\/02\/TIVI-XIAOMI-Mi-TV-Q1-75-inch-Global-16-1024x426.jpg 1024w, https:\/\/tivixiaomi.co\/wp-content\/uploads\/2021\/02\/TIVI-XIAOMI-Mi-TV-Q1-75-inch-Global-16-jpg-150x62.webp 150w, https:\/\/tivixiaomi.co\/wp-content\/uploads\/2021\/02\/TIVI-XIAOMI-Mi-TV-Q1-75-inch-Global-16-600x250.jpg 600w, https:\/\/tivixiaomi.co\/wp-content\/uploads\/2021\/02\/TIVI-XIAOMI-Mi-TV-Q1-75-inch-Global-16-300x125.jpg 300w, https:\/\/tivixiaomi.co\/wp-content\/uploads\/2021\/02\/TIVI-XIAOMI-Mi-TV-Q1-75-inch-Global-16-768x320.jpg 768w, https:\/\/tivixiaomi.co\/wp-content\/uploads\/2021\/02\/TIVI-XIAOMI-Mi-TV-Q1-75-inch-Global-16-1536x639.jpg 1536w, https:\/\/tivixiaomi.co\/wp-content\/uploads\/2021\/02\/TIVI-XIAOMI-Mi-TV-Q1-75-inch-Global-16-jpg.webp 1920w\" sizes=\"(max-width: 1024px) 100vw, 1024px\" \/><\/p>\n<p style=\"text-align: center;\"><img loading=\"lazy\" decoding=\"async\" class=\"alignnone wp-image-63004 size-large\" src=\"https:\/\/tivixiaomi.co\/wp-content\/uploads\/2021\/02\/TIVI-XIAOMI-Mi-TV-Q1-75-inch-Global-17-1024x671.jpg\" alt=\"\" width=\"1024\" height=\"671\" srcset=\"https:\/\/tivixiaomi.co\/wp-content\/uploads\/2021\/02\/TIVI-XIAOMI-Mi-TV-Q1-75-inch-Global-17-1024x671.jpg 1024w, https:\/\/tivixiaomi.co\/wp-content\/uploads\/2021\/02\/TIVI-XIAOMI-Mi-TV-Q1-75-inch-Global-17-jpg-150x98.webp 150w, https:\/\/tivixiaomi.co\/wp-content\/uploads\/2021\/02\/TIVI-XIAOMI-Mi-TV-Q1-75-inch-Global-17-600x393.jpg 600w, https:\/\/tivixiaomi.co\/wp-content\/uploads\/2021\/02\/TIVI-XIAOMI-Mi-TV-Q1-75-inch-Global-17-300x197.jpg 300w, https:\/\/tivixiaomi.co\/wp-content\/uploads\/2021\/02\/TIVI-XIAOMI-Mi-TV-Q1-75-inch-Global-17-768x503.jpg 768w, https:\/\/tivixiaomi.co\/wp-content\/uploads\/2021\/02\/TIVI-XIAOMI-Mi-TV-Q1-75-inch-Global-17-1536x1006.jpg 1536w, https:\/\/tivixiaomi.co\/wp-content\/uploads\/2021\/02\/TIVI-XIAOMI-Mi-TV-Q1-75-inch-Global-17-jpg.webp 1920w\" sizes=\"(max-width: 1024px) 100vw, 1024px\" \/><\/p>\n<p style=\"text-align: center;\"><img loading=\"lazy\" decoding=\"async\" class=\"alignnone wp-image-63005 size-large\" src=\"https:\/\/tivixiaomi.co\/wp-content\/uploads\/2021\/02\/TIVI-XIAOMI-Mi-TV-Q1-75-inch-Global-18-1024x480.jpg\" alt=\"\" width=\"1024\" height=\"480\" srcset=\"https:\/\/tivixiaomi.co\/wp-content\/uploads\/2021\/02\/TIVI-XIAOMI-Mi-TV-Q1-75-inch-Global-18-1024x480.jpg 1024w, https:\/\/tivixiaomi.co\/wp-content\/uploads\/2021\/02\/TIVI-XIAOMI-Mi-TV-Q1-75-inch-Global-18-jpg-150x70.webp 150w, https:\/\/tivixiaomi.co\/wp-content\/uploads\/2021\/02\/TIVI-XIAOMI-Mi-TV-Q1-75-inch-Global-18-600x281.jpg 600w, https:\/\/tivixiaomi.co\/wp-content\/uploads\/2021\/02\/TIVI-XIAOMI-Mi-TV-Q1-75-inch-Global-18-300x141.jpg 300w, https:\/\/tivixiaomi.co\/wp-content\/uploads\/2021\/02\/TIVI-XIAOMI-Mi-TV-Q1-75-inch-Global-18-768x360.jpg 768w, https:\/\/tivixiaomi.co\/wp-content\/uploads\/2021\/02\/TIVI-XIAOMI-Mi-TV-Q1-75-inch-Global-18-1536x720.jpg 1536w, https:\/\/tivixiaomi.co\/wp-content\/uploads\/2021\/02\/TIVI-XIAOMI-Mi-TV-Q1-75-inch-Global-18-jpg.webp 1920w\" sizes=\"(max-width: 1024px) 100vw, 1024px\" \/><\/p>\n<p style=\"text-align: center;\"><em>\u0110i\u1ec1u khi\u1ec3n c\u00e1c thi\u1ebft b\u1ecb th\u00f4ng minh trong ng\u00f4i nh\u00e0 c\u1ee7a b\u1ea1n<\/em><\/p>\n<p style=\"text-align: center;\"><img loading=\"lazy\" decoding=\"async\" class=\"alignnone wp-image-63006 size-large\" src=\"https:\/\/tivixiaomi.co\/wp-content\/uploads\/2021\/02\/TIVI-XIAOMI-Mi-TV-Q1-75-inch-Global-19-1024x683.jpg\" alt=\"\" width=\"1024\" height=\"683\" srcset=\"https:\/\/tivixiaomi.co\/wp-content\/uploads\/2021\/02\/TIVI-XIAOMI-Mi-TV-Q1-75-inch-Global-19-1024x683.jpg 1024w, https:\/\/tivixiaomi.co\/wp-content\/uploads\/2021\/02\/TIVI-XIAOMI-Mi-TV-Q1-75-inch-Global-19-jpg-150x100.webp 150w, https:\/\/tivixiaomi.co\/wp-content\/uploads\/2021\/02\/TIVI-XIAOMI-Mi-TV-Q1-75-inch-Global-19-600x400.jpg 600w, https:\/\/tivixiaomi.co\/wp-content\/uploads\/2021\/02\/TIVI-XIAOMI-Mi-TV-Q1-75-inch-Global-19-300x200.jpg 300w, https:\/\/tivixiaomi.co\/wp-content\/uploads\/2021\/02\/TIVI-XIAOMI-Mi-TV-Q1-75-inch-Global-19-768x512.jpg 768w, https:\/\/tivixiaomi.co\/wp-content\/uploads\/2021\/02\/TIVI-XIAOMI-Mi-TV-Q1-75-inch-Global-19-1536x1025.jpg 1536w, https:\/\/tivixiaomi.co\/wp-content\/uploads\/2021\/02\/TIVI-XIAOMI-Mi-TV-Q1-75-inch-Global-19-jpg.webp 1920w\" sizes=\"(max-width: 1024px) 100vw, 1024px\" \/><\/p>\n<p style=\"text-align: center;\"><em>H\u1ed7 tr\u1ee3 \u00e2m thanh Dolby v\u00e0 DTS-HD v\u00e0 c\u00e1c c\u1ed5ng k\u1ebft n\u1ed1i \u0111a d\u1ea1ng<\/em><\/p>\n<p style=\"text-align: center;\"><img loading=\"lazy\" decoding=\"async\" class=\"alignnone wp-image-63007 size-large\" src=\"https:\/\/tivixiaomi.co\/wp-content\/uploads\/2021\/02\/TIVI-XIAOMI-Mi-TV-Q1-75-inch-Global-20-1024x480.jpg\" alt=\"\" width=\"1024\" height=\"480\" srcset=\"https:\/\/tivixiaomi.co\/wp-content\/uploads\/2021\/02\/TIVI-XIAOMI-Mi-TV-Q1-75-inch-Global-20-1024x480.jpg 1024w, https:\/\/tivixiaomi.co\/wp-content\/uploads\/2021\/02\/TIVI-XIAOMI-Mi-TV-Q1-75-inch-Global-20-jpg-150x70.webp 150w, https:\/\/tivixiaomi.co\/wp-content\/uploads\/2021\/02\/TIVI-XIAOMI-Mi-TV-Q1-75-inch-Global-20-600x281.jpg 600w, https:\/\/tivixiaomi.co\/wp-content\/uploads\/2021\/02\/TIVI-XIAOMI-Mi-TV-Q1-75-inch-Global-20-300x141.jpg 300w, https:\/\/tivixiaomi.co\/wp-content\/uploads\/2021\/02\/TIVI-XIAOMI-Mi-TV-Q1-75-inch-Global-20-768x360.jpg 768w, https:\/\/tivixiaomi.co\/wp-content\/uploads\/2021\/02\/TIVI-XIAOMI-Mi-TV-Q1-75-inch-Global-20-1536x720.jpg 1536w, https:\/\/tivixiaomi.co\/wp-content\/uploads\/2021\/02\/TIVI-XIAOMI-Mi-TV-Q1-75-inch-Global-20-jpg.webp 1920w\" sizes=\"(max-width: 1024px) 100vw, 1024px\" \/><\/p>\n<p style=\"text-align: center;\">\n","protected":false},"excerpt":{"rendered":"<ul>\n<li>D\u00f2ng Q1 Global Series<\/li>\n<li>M\u00e0n h\u00ecnh: 4K<\/li>\n<li>RAM: 2GB<\/li>\n<li>Dung l\u01b0\u1ee3ng: 32GB<\/li>\n<\/ul>\n","protected":false},"featured_media":62738,"comment_status":"open","ping_status":"closed","template":"","meta":[],"product_brand":[],"product_cat":[407,242],"product_tag":[],"class_list":{"0":"post-59515","1":"product","2":"type-product","3":"status-publish","4":"has-post-thumbnail","6":"product_cat-qled-tv-oled-tv","7":"product_cat-tivi-xiaomi-65-75-inch","9":"first","10":"outofstock","11":"sale","12":"shipping-taxable","13":"purchasable","14":"product-type-simple"},"_links":{"self":[{"href":"https:\/\/tivixiaomi.co\/en\/wp-json\/wp\/v2\/product\/59515"}],"collection":[{"href":"https:\/\/tivixiaomi.co\/en\/wp-json\/wp\/v2\/product"}],"about":[{"href":"https:\/\/tivixiaomi.co\/en\/wp-json\/wp\/v2\/types\/product"}],"replies":[{"embeddable":true,"href":"https:\/\/tivixiaomi.co\/en\/wp-json\/wp\/v2\/comments?post=59515"}],"version-history":[{"count":1,"href":"https:\/\/tivixiaomi.co\/en\/wp-json\/wp\/v2\/product\/59515\/revisions"}],"predecessor-version":[{"id":77188,"href":"https:\/\/tivixiaomi.co\/en\/wp-json\/wp\/v2\/product\/59515\/revisions\/77188"}],"wp:featuredmedia":[{"embeddable":true,"href":"https:\/\/tivixiaomi.co\/en\/wp-json\/wp\/v2\/media\/62738"}],"wp:attachment":[{"href":"https:\/\/tivixiaomi.co\/en\/wp-json\/wp\/v2\/media?parent=59515"}],"wp:term":[{"taxonomy":"product_brand","embeddable":true,"href":"https:\/\/tivixiaomi.co\/en\/wp-json\/wp\/v2\/product_brand?post=59515"},{"taxonomy":"product_cat","embeddable":true,"href":"https:\/\/tivixiaomi.co\/en\/wp-json\/wp\/v2\/product_cat?post=59515"},{"taxonomy":"product_tag","embeddable":true,"href":"https:\/\/tivixiaomi.co\/en\/wp-json\/wp\/v2\/product_tag?post=59515"}],"curies":[{"name":"wp","href":"https:\/\/api.w.org\/{rel}","templated":true}]}}