{"id":59604,"date":"2021-02-25T21:02:13","date_gmt":"2021-02-25T14:02:13","guid":{"rendered":"https:\/\/tivixiaomi.co\/?post_type=product&#038;p=59604"},"modified":"2024-09-04T23:57:46","modified_gmt":"2024-09-04T16:57:46","slug":"tivi-xiaomi-max-86-inch","status":"publish","type":"product","link":"https:\/\/tivixiaomi.co\/en\/tivi\/tivi-xiaomi-max-86-inch\/","title":{"rendered":"Redmi MAX 86&#8243; | Redmi Smart TV MAX 86 inches"},"content":{"rendered":"<h2><strong>Video gi\u1edbi thi\u1ec7u Redmi MAX 86&#8243; | Redmi Smart TV MAX 86 inches<\/strong><\/h2>\n<p><iframe title=\"Redmi Smart TV MAX 86 inches \u2022 TiviXiaomi.Com\" width=\"640\" height=\"360\" src=\"https:\/\/www.youtube.com\/embed\/SKT51EIKMoA?feature=oembed\" frameborder=\"0\" allow=\"accelerometer; autoplay; clipboard-write; encrypted-media; gyroscope; picture-in-picture; web-share\" referrerpolicy=\"strict-origin-when-cross-origin\" allowfullscreen><\/iframe><\/p>\n<h3>TV M\u00e0n H\u00ecnh Si\u00eau L\u1edbn T\u1eeb Xiaomi Redmi MAX 86&#8243;<\/h3>\n<p><img fetchpriority=\"high\" decoding=\"async\" class=\"alignnone wp-image-59615 size-large\" src=\"https:\/\/tivixiaomi.co\/wp-content\/uploads\/2021\/02\/section-01-1024x479.jpg\" alt=\"\" width=\"1024\" height=\"479\" srcset=\"https:\/\/tivixiaomi.co\/wp-content\/uploads\/2021\/02\/section-01-1024x479.jpg 1024w, https:\/\/tivixiaomi.co\/wp-content\/uploads\/2021\/02\/section-01-jpg-150x70.webp 150w, https:\/\/tivixiaomi.co\/wp-content\/uploads\/2021\/02\/section-01-600x281.jpg 600w, https:\/\/tivixiaomi.co\/wp-content\/uploads\/2021\/02\/section-01-300x140.jpg 300w, https:\/\/tivixiaomi.co\/wp-content\/uploads\/2021\/02\/section-01-768x359.jpg 768w, https:\/\/tivixiaomi.co\/wp-content\/uploads\/2021\/02\/section-01-1536x718.jpg 1536w, https:\/\/tivixiaomi.co\/wp-content\/uploads\/2021\/02\/section-01-2048x958.jpg 2048w\" sizes=\"(max-width: 1024px) 100vw, 1024px\" \/><\/p>\n<p>Redmi MAX 86 &#8220;, m\u00e0n h\u00ecnh c\u00f3 k\u00edch th\u01b0\u1edbc g\u1ea7n b\u1eb1ng thang m\u00e1y. \u0110\u01b0\u1ee3c trang b\u1ecb t\u1ed1c \u0111\u1ed9 l\u00e0m t\u01b0\u01a1i 120Hz, Dolby Vision \u00b7 To\u00e0n c\u1ea3nh \u00c2m thanh, HDMI 2.1, ch\u1ebf \u0111\u1ed9 v\u0103n ph\u00f2ng, t\u1eeb \u00e2m thanh v\u00e0 video \u0111\u1ebfn v\u0103n ph\u00f2ng, ho\u00e0n to\u00e0n g\u00e2y s\u1ed1c v\u00e0 linh ho\u1ea1t.<\/p>\n<p><img decoding=\"async\" class=\"alignnone wp-image-59616 size-large\" src=\"https:\/\/tivixiaomi.co\/wp-content\/uploads\/2021\/02\/section-04-1024x576.jpg\" alt=\"\" width=\"1024\" height=\"576\" srcset=\"https:\/\/tivixiaomi.co\/wp-content\/uploads\/2021\/02\/section-04-1024x576.jpg 1024w, https:\/\/tivixiaomi.co\/wp-content\/uploads\/2021\/02\/section-04-jpg-150x84.webp 150w, https:\/\/tivixiaomi.co\/wp-content\/uploads\/2021\/02\/section-04-600x338.jpg 600w, https:\/\/tivixiaomi.co\/wp-content\/uploads\/2021\/02\/section-04-300x169.jpg 300w, https:\/\/tivixiaomi.co\/wp-content\/uploads\/2021\/02\/section-04-768x432.jpg 768w, https:\/\/tivixiaomi.co\/wp-content\/uploads\/2021\/02\/section-04-1536x864.jpg 1536w, https:\/\/tivixiaomi.co\/wp-content\/uploads\/2021\/02\/section-04-2048x1152.jpg 2048w\" sizes=\"(max-width: 1024px) 100vw, 1024px\" \/><\/p>\n<h3>\u0110\u1eafm m\u00ecnh trong \u00e2m thanh v\u1edbi Dolby Atmos\u00ae<\/h3>\n<p>Redmi MAX 86 &#8220;h\u1ed7 tr\u1ee3 Dolby Vision v\u00e0 Dolby Atmos \u1edf c\u1ea5p \u0111\u1ed9 r\u1ea1p chi\u1ebfu phim, \u0111\u1ed3ng th\u1eddi mang \u0111\u1ebfn tr\u1ea3i nghi\u1ec7m nghe nh\u00ecn trong c\u0103n h\u1ed9 Baiping. Trong ph\u00f2ng kh\u00e1ch, b\u1ea1n s\u1ebd \u1edf trong Aurora Glacier v\u00e0 chi\u1ebfn tr\u01b0\u1eddng Trung \u0110\u1ecba, ki\u1ec7t t\u00e1c kinh \u0111i\u1ec3n, gi\u1ea3i th\u00edch g\u00e2y s\u1ed1c.<\/p>\n<p><img decoding=\"async\" class=\"alignnone wp-image-59617 size-large\" src=\"https:\/\/tivixiaomi.co\/wp-content\/uploads\/2021\/02\/section-05-1024x565.jpg\" alt=\"\" width=\"1024\" height=\"565\" srcset=\"https:\/\/tivixiaomi.co\/wp-content\/uploads\/2021\/02\/section-05-1024x565.jpg 1024w, https:\/\/tivixiaomi.co\/wp-content\/uploads\/2021\/02\/section-05-jpg-150x83.webp 150w, https:\/\/tivixiaomi.co\/wp-content\/uploads\/2021\/02\/section-05-600x331.jpg 600w, https:\/\/tivixiaomi.co\/wp-content\/uploads\/2021\/02\/section-05-300x166.jpg 300w, https:\/\/tivixiaomi.co\/wp-content\/uploads\/2021\/02\/section-05-768x424.jpg 768w, https:\/\/tivixiaomi.co\/wp-content\/uploads\/2021\/02\/section-05-jpg.webp 1395w\" sizes=\"(max-width: 1024px) 100vw, 1024px\" \/><\/p>\n<h3>LED n\u1ec1n (Full Array LED)<\/h3>\n<p>\u0110\u01b0\u1ee3c trang b\u1ecb h\u1ec7 th\u1ed1ng LED n\u1ec1n \u0111a v\u00f9ng b\u00f3ng t\u1ed1i s\u1eafc n\u00e9t m\u00e0n h\u00ecnh sao, m\u00e0n h\u00ecnh l\u1edbn \u0111\u1ed9 ph\u00e2n gi\u1ea3i c\u1ef1c cao 4K n\u00e0y c\u00f3 kh\u1ea3 n\u0103ng ki\u1ec3m so\u00e1t \u00e1nh s\u00e1ng v\u00e0 b\u00f3ng r\u00e2m t\u1ed1t h\u01a1n v\u00e0 m\u00e0u s\u1eafc t\u01b0\u01a1i s\u00e1ng S\u1ed1ng \u0111\u1ed9ng, v\u1edbi c\u00e1c chi ti\u1ebft s\u00e2u trong b\u00f3ng t\u1ed1i v\u00e0 m\u1ee9c \u0111\u1ed9 c\u1ee7a h\u00ecnh \u1ea3nh \u0111\u01b0\u1ee3c c\u1ea3i thi\u1ec7n \u0111\u00e1ng k\u1ec3.<\/p>\n<p><img loading=\"lazy\" decoding=\"async\" class=\"alignnone wp-image-59618 size-large\" src=\"https:\/\/tivixiaomi.co\/wp-content\/uploads\/2021\/02\/section-06-1024x565.jpg\" alt=\"\" width=\"1024\" height=\"565\" srcset=\"https:\/\/tivixiaomi.co\/wp-content\/uploads\/2021\/02\/section-06-1024x565.jpg 1024w, https:\/\/tivixiaomi.co\/wp-content\/uploads\/2021\/02\/section-06-jpg-150x83.webp 150w, https:\/\/tivixiaomi.co\/wp-content\/uploads\/2021\/02\/section-06-600x331.jpg 600w, https:\/\/tivixiaomi.co\/wp-content\/uploads\/2021\/02\/section-06-300x166.jpg 300w, https:\/\/tivixiaomi.co\/wp-content\/uploads\/2021\/02\/section-06-768x424.jpg 768w, https:\/\/tivixiaomi.co\/wp-content\/uploads\/2021\/02\/section-06-jpg.webp 1395w\" sizes=\"(max-width: 1024px) 100vw, 1024px\" \/><\/p>\n<p>Ch\u1ee9ng nh\u1eadn 4K HDR Grand Slam<\/p>\n<h3>M\u00e0n h\u00ecnh 120 Hz<\/h3>\n<p>T\u1ed1c \u0111\u1ed9 l\u00e0m m\u1edbi cao 120Hz, g\u1ea5p \u0111\u00f4i 60Hz truy\u1ec1n th\u1ed1ng, v\u1edbi thu\u1eadt to\u00e1n n\u1ed9i suy khung h\u00ecnh MEMC m\u1ee9c mili gi\u00e2y, n\u1ed9i dung t\u1ed1c \u0111\u1ed9 khung h\u00ecnh th\u1ea5p \u0111\u01b0\u1ee3c t\u0103ng l\u00ean 120 khung h\u00ecnh \u0111\u1ec3 ph\u00e1t l\u1ea1i, nh\u1eefng b\u01b0\u1edbc ch\u00e2n tuy\u1ec7t \u0111\u1eb9p tr\u00ean s\u00e2n c\u1ecf xanh, nh\u1eefng kho\u1ea3nh kh\u1eafc \u0111ua xe c\u0103ng th\u1eb3ng v\u00e0 nh\u1eefng c\u1ea3nh t\u1ed1c \u0111\u1ed9 cao m\u01b0\u1ee3t m\u00e0 v\u00e0 th\u00f4ng tho\u00e1ng<\/p>\n<p><img loading=\"lazy\" decoding=\"async\" class=\"alignnone wp-image-59620 size-large\" src=\"https:\/\/tivixiaomi.co\/wp-content\/uploads\/2021\/02\/section-07-1024x592.jpg\" alt=\"\" width=\"1024\" height=\"592\" srcset=\"https:\/\/tivixiaomi.co\/wp-content\/uploads\/2021\/02\/section-07-1024x592.jpg 1024w, https:\/\/tivixiaomi.co\/wp-content\/uploads\/2021\/02\/section-07-jpg-150x87.webp 150w, https:\/\/tivixiaomi.co\/wp-content\/uploads\/2021\/02\/section-07-600x347.jpg 600w, https:\/\/tivixiaomi.co\/wp-content\/uploads\/2021\/02\/section-07-300x173.jpg 300w, https:\/\/tivixiaomi.co\/wp-content\/uploads\/2021\/02\/section-07-768x444.jpg 768w, https:\/\/tivixiaomi.co\/wp-content\/uploads\/2021\/02\/section-07-1536x888.jpg 1536w, https:\/\/tivixiaomi.co\/wp-content\/uploads\/2021\/02\/section-07-2048x1184.jpg 2048w\" sizes=\"(max-width: 1024px) 100vw, 1024px\" \/><\/p>\n<h3>m\u00e0n h\u00ecnh c\u00f3\u00a0\u0394E\u22482 * ch\u1ec9 s\u1ed1 \u0111\u00f3ng vai tr\u00f2 quan tr\u1ecdng vi\u1ec7c \u0111\u00e1nh gi\u00e1 \u0111\u1ed9\u00a0ch\u00ednh\u00a0x\u00e1c\u00a0m\u00e0u\u00a0s\u1eafc<\/h3>\n<p><img loading=\"lazy\" decoding=\"async\" class=\"alignnone wp-image-59621 size-large\" src=\"https:\/\/tivixiaomi.co\/wp-content\/uploads\/2021\/02\/section-08-1024x704.jpg\" alt=\"\" width=\"1024\" height=\"704\" srcset=\"https:\/\/tivixiaomi.co\/wp-content\/uploads\/2021\/02\/section-08-1024x704.jpg 1024w, https:\/\/tivixiaomi.co\/wp-content\/uploads\/2021\/02\/section-08-jpg-150x103.webp 150w, https:\/\/tivixiaomi.co\/wp-content\/uploads\/2021\/02\/section-08-600x413.jpg 600w, https:\/\/tivixiaomi.co\/wp-content\/uploads\/2021\/02\/section-08-300x206.jpg 300w, https:\/\/tivixiaomi.co\/wp-content\/uploads\/2021\/02\/section-08-768x528.jpg 768w, https:\/\/tivixiaomi.co\/wp-content\/uploads\/2021\/02\/section-08-1536x1056.jpg 1536w, https:\/\/tivixiaomi.co\/wp-content\/uploads\/2021\/02\/section-08-2048x1408.jpg 2048w\" sizes=\"(max-width: 1024px) 100vw, 1024px\" \/><\/p>\n<h3>2 Loa c\u00f4ng su\u1ea5t l\u1edbn 12,5W cho \u00e2m thanh m\u1ea1nh m\u1ebd<\/h3>\n<div id=\"v-088mLlNI-1\" class=\"video-player\"><\/div>\n<h3>Giao di\u1ec7n HDMI 2.1 th\u1ebf h\u1ec7 m\u1edbi nh\u1ea5t Ng\u01b0\u1eddi ch\u01a1i c\u00f3 n\u0103ng l\u01b0\u1ee3ng cao th\u1ec3 hi\u1ec7n k\u1ef9 n\u0103ng c\u1ee7a h\u1ecd<\/h3>\n<p><img loading=\"lazy\" decoding=\"async\" class=\"alignnone wp-image-59624 size-large\" src=\"https:\/\/tivixiaomi.co\/wp-content\/uploads\/2021\/02\/section-10-1024x647.jpg\" alt=\"\" width=\"1024\" height=\"647\" srcset=\"https:\/\/tivixiaomi.co\/wp-content\/uploads\/2021\/02\/section-10-1024x647.jpg 1024w, https:\/\/tivixiaomi.co\/wp-content\/uploads\/2021\/02\/section-10-jpg-150x95.webp 150w, https:\/\/tivixiaomi.co\/wp-content\/uploads\/2021\/02\/section-10-600x379.jpg 600w, https:\/\/tivixiaomi.co\/wp-content\/uploads\/2021\/02\/section-10-300x190.jpg 300w, https:\/\/tivixiaomi.co\/wp-content\/uploads\/2021\/02\/section-10-768x485.jpg 768w, https:\/\/tivixiaomi.co\/wp-content\/uploads\/2021\/02\/section-10-1536x971.jpg 1536w, https:\/\/tivixiaomi.co\/wp-content\/uploads\/2021\/02\/section-10-jpg.webp 1557w\" sizes=\"(max-width: 1024px) 100vw, 1024px\" \/> <img loading=\"lazy\" decoding=\"async\" class=\"alignnone wp-image-59625 size-large\" src=\"https:\/\/tivixiaomi.co\/wp-content\/uploads\/2021\/02\/section-11-1024x486.jpg\" alt=\"\" width=\"1024\" height=\"486\" srcset=\"https:\/\/tivixiaomi.co\/wp-content\/uploads\/2021\/02\/section-11-1024x486.jpg 1024w, https:\/\/tivixiaomi.co\/wp-content\/uploads\/2021\/02\/section-11-jpg-150x71.webp 150w, https:\/\/tivixiaomi.co\/wp-content\/uploads\/2021\/02\/section-11-600x285.jpg 600w, https:\/\/tivixiaomi.co\/wp-content\/uploads\/2021\/02\/section-11-300x142.jpg 300w, https:\/\/tivixiaomi.co\/wp-content\/uploads\/2021\/02\/section-11-768x365.jpg 768w, https:\/\/tivixiaomi.co\/wp-content\/uploads\/2021\/02\/section-11-jpg.webp 1390w\" sizes=\"(max-width: 1024px) 100vw, 1024px\" \/><\/p>\n<h2 class=\"title webfont transi-up\">MIUI for TV\u00a0N\u00e2ng c\u1ea5p m\u1edbi v\u1ec1 tr\u1ea3i nghi\u1ec7m th\u00f4ng minh<\/h2>\n<p>MIUI ng\u1eafn g\u1ecdn v\u00e0 m\u01b0\u1ee3t m\u00e0 cho TV 3.0 c\u00f3 m\u00e0n h\u00ecnh n\u1ec1n tuy\u1ec7t v\u1eddi h\u01a1n v\u00e0 kh\u00f4ng b\u1ecb r\u00e0ng bu\u1ed9c; tr\u1ebb em, ch\u1ebf \u0111\u1ed9 t\u1ed1i gi\u1ea3n v\u00e0 v\u0103n ph\u00f2ng c\u00f3 th\u1ec3 \u0111\u01b0\u1ee3c chuy\u1ec3n \u0111\u1ed5i theo y\u00eau c\u1ea7u; nh\u1eefng vi\u1ec7c l\u1edbn c\u0169ng nh\u01b0 vi\u1ec7c nh\u1ecf, h\u00e3y g\u1ecdi m\u1ed9t ng\u01b0\u1eddi b\u1ea1n c\u00f9ng l\u1edbp y\u00eau th\u01b0\u01a1ng. Trung t\u00e2m \u0111i\u1ec1u khi\u1ec3n th\u00f4ng minh m\u00e0n h\u00ecnh l\u1edbn c\u1ee7a b\u1ea1n, h\u00e3y \u0111\u1ebfn, m\u1edf n\u00f3 v\u00e0 th\u1eed.<\/p>\n<p><img loading=\"lazy\" decoding=\"async\" class=\"alignnone wp-image-59626 size-large\" src=\"https:\/\/tivixiaomi.co\/wp-content\/uploads\/2021\/02\/section-12-1024x614.jpg\" alt=\"\" width=\"1024\" height=\"614\" srcset=\"https:\/\/tivixiaomi.co\/wp-content\/uploads\/2021\/02\/section-12-1024x614.jpg 1024w, https:\/\/tivixiaomi.co\/wp-content\/uploads\/2021\/02\/section-12-jpg-150x90.webp 150w, https:\/\/tivixiaomi.co\/wp-content\/uploads\/2021\/02\/section-12-600x360.jpg 600w, https:\/\/tivixiaomi.co\/wp-content\/uploads\/2021\/02\/section-12-300x180.jpg 300w, https:\/\/tivixiaomi.co\/wp-content\/uploads\/2021\/02\/section-12-768x461.jpg 768w, https:\/\/tivixiaomi.co\/wp-content\/uploads\/2021\/02\/section-12-jpg.webp 1362w\" sizes=\"(max-width: 1024px) 100vw, 1024px\" \/><\/p>\n<h3>Ch\u1ebf \u0111\u1ed9 v\u0103n ph\u00f2ng chuy\u00ean nghi\u1ec7p, M\u00e0n h\u00ecnh h\u1ed9i ngh\u1ecb chuy\u1ec3n \u0111\u1ed5i m\u1ed9t ph\u00edm<\/h3>\n<p>Ch\u1ebf \u0111\u1ed9 v\u0103n ph\u00f2ng m\u1edbi, t\u1ed5ng h\u1ee3p c\u00e1c nhu c\u1ea7u v\u0103n ph\u00f2ng m\u1ed9t m\u00e0n h\u00ecnh, thu\u1ea7n t\u00fay v\u00e0 kh\u00f4ng b\u1ecb x\u00e1o tr\u1ed9n, gi\u00fap c\u00e1c cu\u1ed9c h\u1ecdp t\u1eadp trung v\u00e0 hi\u1ec7u qu\u1ea3 h\u01a1n. Bao g\u1ed3m giao th\u1ee9c d\u1ef1 b\u00e1o m\u00e0n h\u00ecnh ch\u00ednh, kh\u00f4ng c\u00f3 c\u00e1p d\u1eef li\u1ec7u v\u00e0 n\u00f3i l\u1eddi t\u1ea1m bi\u1ec7t v\u1edbi vi\u1ec7c truy\u1ec1n t\u1ec7p b\u1eadn r\u1ed9n.<\/p>\n<p><img loading=\"lazy\" decoding=\"async\" class=\"alignnone wp-image-59627 size-large\" src=\"https:\/\/tivixiaomi.co\/wp-content\/uploads\/2021\/02\/section-13-1024x566.jpg\" alt=\"\" width=\"1024\" height=\"566\" srcset=\"https:\/\/tivixiaomi.co\/wp-content\/uploads\/2021\/02\/section-13-1024x566.jpg 1024w, https:\/\/tivixiaomi.co\/wp-content\/uploads\/2021\/02\/section-13-jpg-150x83.webp 150w, https:\/\/tivixiaomi.co\/wp-content\/uploads\/2021\/02\/section-13-600x332.jpg 600w, https:\/\/tivixiaomi.co\/wp-content\/uploads\/2021\/02\/section-13-300x166.jpg 300w, https:\/\/tivixiaomi.co\/wp-content\/uploads\/2021\/02\/section-13-768x425.jpg 768w, https:\/\/tivixiaomi.co\/wp-content\/uploads\/2021\/02\/section-13-jpg.webp 1392w\" sizes=\"(max-width: 1024px) 100vw, 1024px\" \/><\/p>\n<h3>M\u00e0n h\u00ecnh l\u1edbn t\u1eadp th\u1ec3 d\u1ee5c, Gi\u00e1o d\u1ee5c c\u00e1 nh\u00e2n trong ph\u00f2ng kh\u00e1ch m\u1eb7t \u0111\u1ed1i m\u1eb7t<\/h3>\n<p>H\u1ee3p t\u00e1c v\u1edbi \u1ee9ng d\u1ee5ng th\u1ec3 d\u1ee5c chuy\u00ean nghi\u1ec7p Keep, c\u00e1c kh\u00f3a \u0111\u00e0o t\u1ea1o c\u00e1 nh\u00e2n kh\u1ed5ng l\u1ed3 \u0111\u01b0\u1ee3c t\u00edch h\u1ee3p s\u1eb5n v\u00e0 m\u00e0n h\u00ecnh si\u00eau l\u1edbn mang \u0111\u1ebfn tr\u1ea3i nghi\u1ec7m gi\u1ea3ng d\u1ea1y th\u1ef1c t\u1ebf v\u1edbi k\u00edch th\u01b0\u1edbc 1: 1, bi\u1ebfn ph\u00f2ng kh\u00e1ch ngay l\u1eadp t\u1ee9c tr\u1edf th\u00e0nh ph\u00f2ng t\u1eadp ri\u00eang c\u1ee7a b\u1ea1n.<\/p>\n<p><img loading=\"lazy\" decoding=\"async\" class=\"alignnone wp-image-59628 size-large\" src=\"https:\/\/tivixiaomi.co\/wp-content\/uploads\/2021\/02\/section-14-1024x565.jpg\" alt=\"\" width=\"1024\" height=\"565\" srcset=\"https:\/\/tivixiaomi.co\/wp-content\/uploads\/2021\/02\/section-14-1024x565.jpg 1024w, https:\/\/tivixiaomi.co\/wp-content\/uploads\/2021\/02\/section-14-jpg-150x83.webp 150w, https:\/\/tivixiaomi.co\/wp-content\/uploads\/2021\/02\/section-14-600x331.jpg 600w, https:\/\/tivixiaomi.co\/wp-content\/uploads\/2021\/02\/section-14-300x166.jpg 300w, https:\/\/tivixiaomi.co\/wp-content\/uploads\/2021\/02\/section-14-768x424.jpg 768w, https:\/\/tivixiaomi.co\/wp-content\/uploads\/2021\/02\/section-14-jpg.webp 1395w\" sizes=\"(max-width: 1024px) 100vw, 1024px\" \/><\/p>\n<h3>&#8220;Xiao Ai&#8221;<\/h3>\n<h3>Ch\u00e0o c\u1ea3 nh\u00e0, tr\u1ee3 l\u00fd th\u00f4ng minh cho c\u1ea3 nh\u00e0<\/h3>\n<p><img loading=\"lazy\" decoding=\"async\" class=\"alignnone wp-image-59629 size-large\" src=\"https:\/\/tivixiaomi.co\/wp-content\/uploads\/2021\/02\/section-15-1024x565.jpg\" alt=\"\" width=\"1024\" height=\"565\" srcset=\"https:\/\/tivixiaomi.co\/wp-content\/uploads\/2021\/02\/section-15-1024x565.jpg 1024w, https:\/\/tivixiaomi.co\/wp-content\/uploads\/2021\/02\/section-15-jpg-150x83.webp 150w, https:\/\/tivixiaomi.co\/wp-content\/uploads\/2021\/02\/section-15-600x331.jpg 600w, https:\/\/tivixiaomi.co\/wp-content\/uploads\/2021\/02\/section-15-300x166.jpg 300w, https:\/\/tivixiaomi.co\/wp-content\/uploads\/2021\/02\/section-15-768x424.jpg 768w, https:\/\/tivixiaomi.co\/wp-content\/uploads\/2021\/02\/section-15-jpg.webp 1395w\" sizes=\"(max-width: 1024px) 100vw, 1024px\" \/><\/p>\n<h3>To\u00e0n m\u00e0n h\u00ecnh kim lo\u1ea1i * Th\u1ea9m m\u1ef9 Th\u1ee7 c\u00f4ng<\/h3>\n<p>Khung h\u1ee3p kim nh\u00f4m anodized, v\u1edbi t\u1ef7 l\u1ec7 m\u00e0n h\u00ecnh tr\u00ean th\u00e2n m\u00e1y l\u00ean \u0111\u1ebfn 97,25% *, Ph\u00e1 b\u1ecf ranh gi\u1edbi c\u1ee7a vi\u1ec7c xem TV, to\u00e0n m\u00e0n h\u00ecnh mang \u0111\u1ebfn tr\u1ea3i nghi\u1ec7m th\u1ecb gi\u00e1c \u0111\u1eafm ch\u00ecm.<\/p>\n<p><img loading=\"lazy\" decoding=\"async\" class=\"alignnone wp-image-59752 size-large\" src=\"https:\/\/tivixiaomi.co\/wp-content\/uploads\/2021\/02\/section-17_01-1024x575.jpg\" alt=\"\" width=\"1024\" height=\"575\" srcset=\"https:\/\/tivixiaomi.co\/wp-content\/uploads\/2021\/02\/section-17_01-1024x575.jpg 1024w, https:\/\/tivixiaomi.co\/wp-content\/uploads\/2021\/02\/section-17_01-jpg-150x84.webp 150w, https:\/\/tivixiaomi.co\/wp-content\/uploads\/2021\/02\/section-17_01-600x337.jpg 600w, https:\/\/tivixiaomi.co\/wp-content\/uploads\/2021\/02\/section-17_01-300x168.jpg 300w, https:\/\/tivixiaomi.co\/wp-content\/uploads\/2021\/02\/section-17_01-768x431.jpg 768w, https:\/\/tivixiaomi.co\/wp-content\/uploads\/2021\/02\/section-17_01-jpg.webp 1380w\" sizes=\"(max-width: 1024px) 100vw, 1024px\" \/><\/p>\n<p><img loading=\"lazy\" decoding=\"async\" class=\"alignnone wp-image-59632 size-large\" src=\"https:\/\/tivixiaomi.co\/wp-content\/uploads\/2021\/02\/section-18_02-1024x576.jpg\" alt=\"\" width=\"1024\" height=\"576\" srcset=\"https:\/\/tivixiaomi.co\/wp-content\/uploads\/2021\/02\/section-18_02-1024x576.jpg 1024w, https:\/\/tivixiaomi.co\/wp-content\/uploads\/2021\/02\/section-18_02-jpg-150x84.webp 150w, https:\/\/tivixiaomi.co\/wp-content\/uploads\/2021\/02\/section-18_02-600x338.jpg 600w, https:\/\/tivixiaomi.co\/wp-content\/uploads\/2021\/02\/section-18_02-300x169.jpg 300w, https:\/\/tivixiaomi.co\/wp-content\/uploads\/2021\/02\/section-18_02-768x432.jpg 768w, https:\/\/tivixiaomi.co\/wp-content\/uploads\/2021\/02\/section-18_02-1536x864.jpg 1536w, https:\/\/tivixiaomi.co\/wp-content\/uploads\/2021\/02\/section-18_02-2048x1152.jpg 2048w\" sizes=\"(max-width: 1024px) 100vw, 1024px\" \/><\/p>\n<p><img loading=\"lazy\" decoding=\"async\" class=\"alignnone wp-image-59632 size-large\" src=\"https:\/\/tivixiaomi.co\/wp-content\/uploads\/2021\/02\/section-18_02-1024x576.jpg\" alt=\"\" width=\"1024\" height=\"576\" srcset=\"https:\/\/tivixiaomi.co\/wp-content\/uploads\/2021\/02\/section-18_02-1024x576.jpg 1024w, https:\/\/tivixiaomi.co\/wp-content\/uploads\/2021\/02\/section-18_02-jpg-150x84.webp 150w, https:\/\/tivixiaomi.co\/wp-content\/uploads\/2021\/02\/section-18_02-600x338.jpg 600w, https:\/\/tivixiaomi.co\/wp-content\/uploads\/2021\/02\/section-18_02-300x169.jpg 300w, https:\/\/tivixiaomi.co\/wp-content\/uploads\/2021\/02\/section-18_02-768x432.jpg 768w, https:\/\/tivixiaomi.co\/wp-content\/uploads\/2021\/02\/section-18_02-1536x864.jpg 1536w, https:\/\/tivixiaomi.co\/wp-content\/uploads\/2021\/02\/section-18_02-2048x1152.jpg 2048w\" sizes=\"(max-width: 1024px) 100vw, 1024px\" \/><\/p>\n<p><img loading=\"lazy\" decoding=\"async\" class=\"alignnone wp-image-59633 size-large\" src=\"https:\/\/tivixiaomi.co\/wp-content\/uploads\/2021\/02\/section-18_03-1024x528.jpg\" alt=\"\" width=\"1024\" height=\"528\" srcset=\"https:\/\/tivixiaomi.co\/wp-content\/uploads\/2021\/02\/section-18_03-1024x528.jpg 1024w, https:\/\/tivixiaomi.co\/wp-content\/uploads\/2021\/02\/section-18_03-jpg-150x77.webp 150w, https:\/\/tivixiaomi.co\/wp-content\/uploads\/2021\/02\/section-18_03-600x309.jpg 600w, https:\/\/tivixiaomi.co\/wp-content\/uploads\/2021\/02\/section-18_03-300x155.jpg 300w, https:\/\/tivixiaomi.co\/wp-content\/uploads\/2021\/02\/section-18_03-768x396.jpg 768w, https:\/\/tivixiaomi.co\/wp-content\/uploads\/2021\/02\/section-18_03-1536x792.jpg 1536w, https:\/\/tivixiaomi.co\/wp-content\/uploads\/2021\/02\/section-18_03-2048x1056.jpg 2048w\" sizes=\"(max-width: 1024px) 100vw, 1024px\" \/><\/p>\n<p><img loading=\"lazy\" decoding=\"async\" class=\"alignnone wp-image-59634 size-large\" src=\"https:\/\/tivixiaomi.co\/wp-content\/uploads\/2021\/02\/section-18_01-e1614321110138-1024x535.jpg\" alt=\"\" width=\"1024\" height=\"535\" srcset=\"https:\/\/tivixiaomi.co\/wp-content\/uploads\/2021\/02\/section-18_01-e1614321110138-1024x535.jpg 1024w, https:\/\/tivixiaomi.co\/wp-content\/uploads\/2021\/02\/section-18_01-e1614321110138-jpg-150x78.webp 150w, https:\/\/tivixiaomi.co\/wp-content\/uploads\/2021\/02\/section-18_01-e1614321110138-600x314.jpg 600w, https:\/\/tivixiaomi.co\/wp-content\/uploads\/2021\/02\/section-18_01-e1614321110138-300x157.jpg 300w, https:\/\/tivixiaomi.co\/wp-content\/uploads\/2021\/02\/section-18_01-e1614321110138-768x402.jpg 768w, https:\/\/tivixiaomi.co\/wp-content\/uploads\/2021\/02\/section-18_01-e1614321110138-1536x803.jpg 1536w, https:\/\/tivixiaomi.co\/wp-content\/uploads\/2021\/02\/section-18_01-e1614321110138-2048x1071.jpg 2048w\" sizes=\"(max-width: 1024px) 100vw, 1024px\" \/><\/p>\n<h3>Dung l\u01b0\u1ee3ng l\u1edbn 2GB + 32GB *\u00a0 Ki\u1ebfn tr\u00fac CPU L\u00f5i t\u1ee9 A73<\/h3>\n<p>C\u1ea5u h\u00ecnh giao di\u1ec7n phong ph\u00fa, d\u1ec5 d\u00e0ng m\u1edf r\u1ed9ng c\u00e1c c\u1ea3nh \u00e2m thanh v\u00e0 video gi\u1ea3i tr\u00ed, HDMI 2.1 m\u1edbi, ph\u00f9 h\u1ee3p v\u1edbi th\u1ebf h\u1ec7 m\u00e1y ch\u01a1i game ti\u1ebfp theo. B\u1ed9 vi x\u1eed l\u00fd h\u00e0ng \u0111\u1ea7u A73 l\u00f5i t\u1ee9 d\u00f9 ch\u01a1i phim hay ch\u01a1i game \u0111\u1ec1u mang l\u1ea1i tr\u1ea3i nghi\u1ec7m m\u01b0\u1ee3t m\u00e0.<\/p>\n<p><img loading=\"lazy\" decoding=\"async\" class=\"alignnone wp-image-59754 size-large\" src=\"https:\/\/tivixiaomi.co\/wp-content\/uploads\/2021\/02\/section-19-1024x498.jpg\" alt=\"\" width=\"1024\" height=\"498\" srcset=\"https:\/\/tivixiaomi.co\/wp-content\/uploads\/2021\/02\/section-19-1024x498.jpg 1024w, https:\/\/tivixiaomi.co\/wp-content\/uploads\/2021\/02\/section-19-jpg-150x73.webp 150w, https:\/\/tivixiaomi.co\/wp-content\/uploads\/2021\/02\/section-19-600x292.jpg 600w, https:\/\/tivixiaomi.co\/wp-content\/uploads\/2021\/02\/section-19-300x146.jpg 300w, https:\/\/tivixiaomi.co\/wp-content\/uploads\/2021\/02\/section-19-768x373.jpg 768w, https:\/\/tivixiaomi.co\/wp-content\/uploads\/2021\/02\/section-19-1536x746.jpg 1536w, https:\/\/tivixiaomi.co\/wp-content\/uploads\/2021\/02\/section-19-2048x995.jpg 2048w\" sizes=\"(max-width: 1024px) 100vw, 1024px\" \/><\/p>\n<h3>T\u1ef7 l\u1ec7 v\u01b0\u1ee3t qua thang m\u00e1y 99,9% *<\/h3>\n<p>Thi\u1ebft k\u1ebf bao b\u00ec h\u00ecnh d\u1ea1ng \u0111\u1eb7c bi\u1ec7t \u0111\u1ed9c \u0111\u00e1o \u0111\u01b0\u1ee3c thi\u1ebft k\u1ebf \u0111\u1ec3 gi\u1ea3i quy\u1ebft v\u1ea5n \u0111\u1ec1 v\u00e0o thang m\u00e1y v\u1edbi m\u1ed9t m\u00e0n h\u00ecnh l\u1edbn. C\u00e1c k\u1ef9 s\u01b0 c\u1ee7a Redmi \u0111\u00e3 ti\u1ebfn h\u00e0nh \u0111i\u1ec1u tra th\u1ef1c \u0111\u1ecba t\u1ea1i 330 c\u1ed9ng \u0111\u1ed3ng tr\u00ean to\u00e0n qu\u1ed1c. Thi\u1ebft k\u1ebf g\u00f3c c\u1eaft kim c\u01b0\u01a1ng \u0111\u1ed9c \u0111\u00e1o gi\u00fap gi\u1ea3m kh\u1ed1i l\u01b0\u1ee3ng bao b\u00ec trong khi v\u1eabn duy tr\u00ec \u0111\u1ed9 b\u1ec1n v\u00e0 hi\u1ec7u su\u1ea5t \u0111\u1ec7m cao h\u01a1n.<\/p>\n<p>M\u1ed9t th\u1ebf h\u1ec7 v\u1eadt li\u1ec7u \u0111\u1ecba ch\u1ea5n EPP m\u1edbi M\u1eadt \u0111\u1ed9 cao, b\u1ed9 \u0111\u1ec7m cao, th\u00e2n thi\u1ec7n v\u1edbi m\u00f4i tr\u01b0\u1eddng h\u01a1n<\/p>\n<p>Thi\u1ebft k\u1ebf g\u00f3c c\u1eaft kim c\u01b0\u01a1ng T\u1ef7 l\u1ec7 v\u01b0\u1ee3t qua thang m\u00e1y \u0111\u1ea1t 99,9% *<\/p>\n<p><img loading=\"lazy\" decoding=\"async\" class=\"alignnone wp-image-59755 size-large\" src=\"https:\/\/tivixiaomi.co\/wp-content\/uploads\/2021\/02\/section-20-1024x502.jpg\" alt=\"\" width=\"1024\" height=\"502\" srcset=\"https:\/\/tivixiaomi.co\/wp-content\/uploads\/2021\/02\/section-20-1024x502.jpg 1024w, https:\/\/tivixiaomi.co\/wp-content\/uploads\/2021\/02\/section-20-jpg-150x74.webp 150w, https:\/\/tivixiaomi.co\/wp-content\/uploads\/2021\/02\/section-20-600x294.jpg 600w, https:\/\/tivixiaomi.co\/wp-content\/uploads\/2021\/02\/section-20-300x147.jpg 300w, https:\/\/tivixiaomi.co\/wp-content\/uploads\/2021\/02\/section-20-768x377.jpg 768w, https:\/\/tivixiaomi.co\/wp-content\/uploads\/2021\/02\/section-20-1536x753.jpg 1536w, https:\/\/tivixiaomi.co\/wp-content\/uploads\/2021\/02\/section-20-2048x1004.jpg 2048w\" sizes=\"(max-width: 1024px) 100vw, 1024px\" \/><\/p>\n<p>D\u1ecbch v\u1ee5 c\u00e0i \u0111\u1eb7t \u0111\u01b0\u1ee3c c\u00e1 nh\u00e2n h\u00f3a K\u1ebf ho\u1ea1ch l\u1eafp \u0111\u1eb7t t\u00f9y ch\u1ec9nh c\u00f3 th\u1ec3 \u0111\u01b0\u1ee3c t\u00f9y ch\u1ec9nh cho b\u1ea1n, treo t\u01b0\u1eddng v\u00e0 g\u1eafn tr\u00ean k\u1ec7 \u0111\u1ec1u c\u00f3 s\u1eb5n.<\/p>\n<p><img loading=\"lazy\" decoding=\"async\" class=\"alignnone wp-image-59756 size-large\" src=\"https:\/\/tivixiaomi.co\/wp-content\/uploads\/2021\/02\/section-21-1024x529.jpg\" alt=\"\" width=\"1024\" height=\"529\" srcset=\"https:\/\/tivixiaomi.co\/wp-content\/uploads\/2021\/02\/section-21-1024x529.jpg 1024w, https:\/\/tivixiaomi.co\/wp-content\/uploads\/2021\/02\/section-21-jpg-150x77.webp 150w, https:\/\/tivixiaomi.co\/wp-content\/uploads\/2021\/02\/section-21-600x310.jpg 600w, https:\/\/tivixiaomi.co\/wp-content\/uploads\/2021\/02\/section-21-300x155.jpg 300w, https:\/\/tivixiaomi.co\/wp-content\/uploads\/2021\/02\/section-21-768x397.jpg 768w, https:\/\/tivixiaomi.co\/wp-content\/uploads\/2021\/02\/section-21-1536x793.jpg 1536w, https:\/\/tivixiaomi.co\/wp-content\/uploads\/2021\/02\/section-21-2048x1058.jpg 2048w\" sizes=\"(max-width: 1024px) 100vw, 1024px\" \/><\/p>\n","protected":false},"excerpt":{"rendered":"<ul>\n<li>D\u00f2ng MAX Series<\/li>\n<li>M\u00e0n h\u00ecnh: 4K<\/li>\n<li>RAM: 2GB<\/li>\n<li>Dung l\u01b0\u1ee3ng: 32GB<\/li>\n<\/ul>\n","protected":false},"featured_media":61870,"comment_status":"open","ping_status":"closed","template":"","meta":[],"product_brand":[],"product_cat":[27],"product_tag":[461],"class_list":{"0":"post-59604","1":"product","2":"type-product","3":"status-publish","4":"has-post-thumbnail","6":"product_cat-chua-phan-loai","7":"product_tag-tivi-xiaomi-max-86-inch","9":"first","10":"instock","11":"sale","12":"shipping-taxable","13":"purchasable","14":"product-type-simple"},"_links":{"self":[{"href":"https:\/\/tivixiaomi.co\/en\/wp-json\/wp\/v2\/product\/59604"}],"collection":[{"href":"https:\/\/tivixiaomi.co\/en\/wp-json\/wp\/v2\/product"}],"about":[{"href":"https:\/\/tivixiaomi.co\/en\/wp-json\/wp\/v2\/types\/product"}],"replies":[{"embeddable":true,"href":"https:\/\/tivixiaomi.co\/en\/wp-json\/wp\/v2\/comments?post=59604"}],"version-history":[{"count":1,"href":"https:\/\/tivixiaomi.co\/en\/wp-json\/wp\/v2\/product\/59604\/revisions"}],"predecessor-version":[{"id":69864,"href":"https:\/\/tivixiaomi.co\/en\/wp-json\/wp\/v2\/product\/59604\/revisions\/69864"}],"wp:featuredmedia":[{"embeddable":true,"href":"https:\/\/tivixiaomi.co\/en\/wp-json\/wp\/v2\/media\/61870"}],"wp:attachment":[{"href":"https:\/\/tivixiaomi.co\/en\/wp-json\/wp\/v2\/media?parent=59604"}],"wp:term":[{"taxonomy":"product_brand","embeddable":true,"href":"https:\/\/tivixiaomi.co\/en\/wp-json\/wp\/v2\/product_brand?post=59604"},{"taxonomy":"product_cat","embeddable":true,"href":"https:\/\/tivixiaomi.co\/en\/wp-json\/wp\/v2\/product_cat?post=59604"},{"taxonomy":"product_tag","embeddable":true,"href":"https:\/\/tivixiaomi.co\/en\/wp-json\/wp\/v2\/product_tag?post=59604"}],"curies":[{"name":"wp","href":"https:\/\/api.w.org\/{rel}","templated":true}]}}