{"id":59715,"date":"2021-03-09T15:22:01","date_gmt":"2021-03-09T08:22:01","guid":{"rendered":"https:\/\/tivixiaomi.co\/?post_type=product&#038;p=59715"},"modified":"2024-09-08T09:53:06","modified_gmt":"2024-09-08T02:53:06","slug":"redmitv-a50","status":"publish","type":"product","link":"https:\/\/tivixiaomi.co\/en\/tivi\/redmitv-a50\/","title":{"rendered":"Redmi Smart TV A50 | Redmi TV A Series | 4K Ultra HD"},"content":{"rendered":"<h2 id=\"2-gioi-thieu-ve-redmi-smart-tv-a-series-phan-khuc-gia-tam-thap\"><strong>Gi\u1edbi thi\u1ec7u v\u1ec1 Redmi Smart TV A series ph\u00e2n kh\u00fac gi\u00e1 t\u1ea7m th\u1ea5p<\/strong><\/h2>\n<p>Redmi l\u1ea7n \u0111\u1ea7u ti\u00ean g\u1ee3i \u00fd v\u1ec1 d\u00f2ng Redmi Smart TV A series v\u00e0o h\u1ed3i th\u00e1ng 9 n\u0103m nay, v\u00e0 k\u1ec3 t\u1eeb \u0111\u00f3, \u0111\u00e3 c\u00f3 3 d\u00f2ng TV th\u00f4ng minh thu\u1ed9c th\u1ebf h\u1ec7 A series \u0111\u00e3 \u0111\u01b0\u1ee3c h\u00e3ng tr\u00ecnh l\u00e0ng, \u0111\u00f3 l\u00e0 Redmi Smart TV A55, Redmi Smart TV A50 v\u00e0 Redmi Smart TV A32, g\u1ea7n \u0111\u00e2y nh\u1ea5t ch\u00ednh l\u00e0 Redmi Smart TV A65 \u2013 m\u1eabu TV n\u00e0y s\u1edf h\u1eefu k\u00edch th\u01b0\u1edbc l\u1edbn nh\u1ea5t trong c\u00e1c d\u00f2ng TV thu\u1ed9c series A c\u1ee7a Redmi.<\/p>\n<p><img decoding=\"async\" class=\"imagelazyload imagelazyload\" src=\"https:\/\/ms2.tudocdn.net\/294799?w=1200\" alt=\"Redmi Smart TV c\u00f3 s\u1ee9c h\u00fat m\u1ea1nh m\u1ebd\" width=\"100%\" \/><\/p>\n<p><em>D\u00f2ng Redmi Smart TV A65 v\u1edbi k\u00edch th\u01b0\u1edbc l\u1edbn, vi\u1ec1n si\u00eau m\u1ecfng mang \u0111\u1ebfn tr\u1ea3i nghi\u1ec7m h\u00ecnh \u1ea3nh HDR ch\u00e2n th\u1ef1c s\u1eafc n\u00e9t<\/em><\/p>\n<p>Th\u1ebf h\u1ec7 A series c\u1ee7a Redmi \u0111\u01b0\u1ee3c trang b\u1ecb c\u00f4ng ngh\u1ec7 m\u00e0n h\u00ecnh HDR mang \u0111\u1ebfn h\u00ecnh \u1ea3nh hi\u1ec3n th\u1ecb s\u1eafc n\u00e9t c\u0169ng nh\u01b0 m\u00e0u s\u1eafc ch\u00e2n th\u1ef1c. Redmi \u0111\u00e3 s\u1eed d\u1ee5ng thi\u1ebft k\u1ebf vi\u1ec1n bezel si\u00eau m\u1ecfng \u0111\u1ec3 t\u0103ng k\u00edch th\u01b0\u1edbc m\u00e0n h\u00ecnh ra t\u1ed1i \u01b0u.<\/p>\n<p>V\u1ec1 m\u1eb7t c\u1ea5u h\u00ecnh, d\u00f2ng A65 s\u1edf h\u1eefu b\u1ed9 vi x\u1eed l\u00fd 4 nh\u00e2n A53 c\u00f9ng b\u1ed9 RAM 1,5GB v\u00e0 b\u1ed9 nh\u1edb trong 8 GB v\u1edbi \u0111\u1ea7y \u0111\u1ee7 c\u00e1c c\u1ed5ng k\u1ebft n\u1ed1i c\u01a1 b\u1ea3n nh\u01b0 HDMI, USB, S\/PDIF, c\u1ed5ng k\u1ebft n\u1ed1i Wifi,..<\/p>\n<p>Hi\u1ec7n nay th\u00ec Redmi Smart TV A series ch\u1ec9 m\u1edbi \u0111\u01b0\u1ee3c ra m\u1eaft v\u00e0 kinh doanh t\u1ea1i th\u1ecb tr\u01b0\u1eddng n\u1ed9i \u0111\u1ecba Trung Qu\u1ed1c v\u1edbi m\u1ee9c gi\u00e1 l\u00e0 2.599 Yuan (kho\u1ea3ng 9.000.000 \u0111\u1ed3ng) cho s\u1ea3n ph\u1ea9m A65. Hi v\u1ecdng r\u1eb1ng Redmi Smart TV A series s\u1ebd s\u1edbm c\u00f3 m\u1eb7t \u0111\u1ec3 chinh ph\u1ee5c th\u1ecb tr\u01b0\u1eddng Vi\u1ec7t Nam trong t\u01b0\u01a1ng lai.<\/p>\n","protected":false},"excerpt":{"rendered":"<ul>\n<li>D\u00f2ng A Series<\/li>\n<li>M\u00e0n h\u00ecnh: 4K<\/li>\n<li>RAM: 1.5GB<\/li>\n<li>Dung l\u01b0\u1ee3ng: 8GB<\/li>\n<\/ul>\n","protected":false},"featured_media":63081,"comment_status":"open","ping_status":"closed","template":"","meta":[],"product_brand":[],"product_cat":[27],"product_tag":[],"class_list":{"0":"post-59715","1":"product","2":"type-product","3":"status-publish","4":"has-post-thumbnail","6":"product_cat-chua-phan-loai","8":"first","9":"outofstock","10":"shipping-taxable","11":"purchasable","12":"product-type-simple"},"_links":{"self":[{"href":"https:\/\/tivixiaomi.co\/en\/wp-json\/wp\/v2\/product\/59715"}],"collection":[{"href":"https:\/\/tivixiaomi.co\/en\/wp-json\/wp\/v2\/product"}],"about":[{"href":"https:\/\/tivixiaomi.co\/en\/wp-json\/wp\/v2\/types\/product"}],"replies":[{"embeddable":true,"href":"https:\/\/tivixiaomi.co\/en\/wp-json\/wp\/v2\/comments?post=59715"}],"version-history":[{"count":1,"href":"https:\/\/tivixiaomi.co\/en\/wp-json\/wp\/v2\/product\/59715\/revisions"}],"predecessor-version":[{"id":77328,"href":"https:\/\/tivixiaomi.co\/en\/wp-json\/wp\/v2\/product\/59715\/revisions\/77328"}],"wp:featuredmedia":[{"embeddable":true,"href":"https:\/\/tivixiaomi.co\/en\/wp-json\/wp\/v2\/media\/63081"}],"wp:attachment":[{"href":"https:\/\/tivixiaomi.co\/en\/wp-json\/wp\/v2\/media?parent=59715"}],"wp:term":[{"taxonomy":"product_brand","embeddable":true,"href":"https:\/\/tivixiaomi.co\/en\/wp-json\/wp\/v2\/product_brand?post=59715"},{"taxonomy":"product_cat","embeddable":true,"href":"https:\/\/tivixiaomi.co\/en\/wp-json\/wp\/v2\/product_cat?post=59715"},{"taxonomy":"product_tag","embeddable":true,"href":"https:\/\/tivixiaomi.co\/en\/wp-json\/wp\/v2\/product_tag?post=59715"}],"curies":[{"name":"wp","href":"https:\/\/api.w.org\/{rel}","templated":true}]}}