{"id":59835,"date":"2021-03-24T20:28:22","date_gmt":"2021-03-24T13:28:22","guid":{"rendered":"https:\/\/tivixiaomi.co\/?post_type=product&#038;p=59835"},"modified":"2024-09-20T14:30:48","modified_gmt":"2024-09-20T07:30:48","slug":"mi-23-8-desktop-monitor-1c","status":"publish","type":"product","link":"https:\/\/tivixiaomi.co\/en\/tivi\/mi-23-8-desktop-monitor-1c\/","title":{"rendered":"M\u00e0n H\u00ecnh M\u00e1y T\u00ednh Mi 23.8\u201d Desktop Monitor 1C (\u0111\u00e3 bao g\u1ed3m VAT)"},"content":{"rendered":"<h1>Mi 23.8&#8221; Desktop Monitor 1C<small><\/small><\/h1>\n<p>Thi\u1ebft k\u1ebf tr\u00e0n vi\u1ec1n 3 c\u1ea1nh m\u1edf r\u1ed9ng g\u00f3c nh\u00ecn t\u1ed1i \u0111a<\/p>\n<p><img fetchpriority=\"high\" decoding=\"async\" class=\"alignnone wp-image-59837 size-large\" src=\"https:\/\/tivixiaomi.co\/wp-content\/uploads\/2021\/03\/overview-1-1024x501.jpeg\" alt=\"m\u00e0n h\u00ecnh m\u00e1y t\u00ednh Mi 23.8\u201d Desktop Monitor 1C\" width=\"1024\" height=\"501\" srcset=\"https:\/\/tivixiaomi.co\/wp-content\/uploads\/2021\/03\/overview-1-1024x501.jpeg 1024w, https:\/\/tivixiaomi.co\/wp-content\/uploads\/2021\/03\/overview-1-jpeg-150x73.webp 150w, https:\/\/tivixiaomi.co\/wp-content\/uploads\/2021\/03\/overview-1-600x293.jpeg 600w, https:\/\/tivixiaomi.co\/wp-content\/uploads\/2021\/03\/overview-1-300x147.jpeg 300w, https:\/\/tivixiaomi.co\/wp-content\/uploads\/2021\/03\/overview-1-768x376.jpeg 768w, https:\/\/tivixiaomi.co\/wp-content\/uploads\/2021\/03\/overview-1-1536x751.jpeg 1536w, https:\/\/tivixiaomi.co\/wp-content\/uploads\/2021\/03\/overview-1-2048x1002.jpeg 2048w\" sizes=\"(max-width: 1024px) 100vw, 1024px\" \/><\/p>\n<ul>\n<li>T\u1ea5m n\u1ec1n IPS ch\u1ea5t l\u01b0\u1ee3ng cao cho h\u00ecnh \u1ea3nh r\u00f5 n\u00e9t<\/li>\n<li>Thi\u1ebft k\u1ebf tr\u00e0n vi\u1ec1n 3 c\u1ea1nh gi\u00fap m\u1ecdi kh\u00f4ng gian l\u00e0m vi\u1ec7c tr\u1edf n\u00ean g\u1ecdn g\u00e0ng, hi\u1ec7n \u0111\u1ea1i<\/li>\n<li>Th\u00e2n m\u00e1y c\u1ef1c m\u1ecfng 7,3mm<\/li>\n<li>M\u00e0n h\u00ecnh IPS FHD (1920&#215;1080)<\/li>\n<li>Ch\u1ee9ng nh\u1eadn b\u1ea3o v\u1ec7 m\u1eaft th\u00f4ng minh TUV<\/li>\n<\/ul>\n<h2>G\u00f3c nh\u00ecn bao qu\u00e1t, m\u1edf r\u1ed9ng 178 \u0111\u1ed9<\/h2>\n<p><span class=\"\">M\u00e0n h\u00ecnh 23,8 inch IPS g\u00f3c r\u1ed9ng cung c\u1ea5p tr\u01b0\u1eddng nh\u00ecn r\u1ed9ng t\u1edbi 178 \u0111\u1ed9, v\u1edbi h\u00ecnh \u1ea3nh s\u1ed1ng \u0111\u1ed9ng v\u00e0 ch\u00e2n th\u1ef1c \u1edf m\u1ecdi g\u00f3c \u0111\u1ed9.<\/span><br \/>\n<span class=\"goog-text-highlight\">D\u00f9 \u1edf n\u01a1i l\u00e0m vi\u1ec7c hay trong cu\u1ed9c s\u1ed1ng h\u00e0ng ng\u00e0y, t\u1ea7m nh\u00ecn r\u00f5 r\u00e0ng v\u00e0 \u0111\u1ea7y m\u00e0u s\u1eafc v\u1eabn gi\u1ed1ng nh\u01b0 nh\u1eefng g\u00ec b\u1ea1n nh\u00ecn th\u1ea5y b\u1eb1ng m\u1eaft.<\/span><\/p>\n<p><img decoding=\"async\" class=\"alignnone wp-image-59838 size-full\" src=\"https:\/\/tivixiaomi.co\/wp-content\/uploads\/2021\/03\/overview-2.jpeg\" alt=\"M\u00e0n H\u00ecnh M\u00e1y T\u00ednh Mi 23.8\u201d Desktop Monitor 1C\" width=\"2560\" height=\"1200\" \/><\/p>\n<h2>Thi\u1ebft k\u1ebf kh\u00f4ng vi\u1ec1n 3 c\u1ea1nh mang \u0111\u1ebfn tr\u1ea3i nghi\u1ec7m xem kh\u00f4ng gi\u1edbi h\u1ea1n v\u1edbi ch\u1ebf \u0111\u1ed9 to\u00e0n c\u1ea3nh.<\/h2>\n<p>M\u00e0n h\u00ecnh \u0111\u1eafm ch\u00ecm \u0111i k\u00e8m v\u1edbi thi\u1ebft k\u1ebf vi\u1ec1n h\u1eb9p tinh x\u1ea3o \u1edf ba c\u1ea1nh, lo\u1ea1i b\u1ecf c\u00e1c \u0111\u01b0\u1eddng vi\u1ec1n.<br \/>\nCho d\u00f9 \u0111\u01b0\u1ee3c s\u1eed d\u1ee5ng m\u1ed9t m\u00ecnh hay k\u1ebft h\u1ee3p v\u1edbi c\u00e1c m\u00e0n h\u00ecnh kh\u00e1c, n\u00f3 cho ph\u00e9p b\u1ea1n t\u1eadn h\u01b0\u1edfng t\u1ea7m nh\u00ecn v\u00f4 bi\u00ean.<\/p>\n<p><img decoding=\"async\" class=\"alignnone wp-image-59839 size-large\" src=\"https:\/\/tivixiaomi.co\/wp-content\/uploads\/2021\/03\/overview-3-1024x560.jpeg\" alt=\"M\u00e0n H\u00ecnh M\u00e1y T\u00ednh Mi 23.8\u201d Desktop Monitor 1C\" width=\"1024\" height=\"560\" srcset=\"https:\/\/tivixiaomi.co\/wp-content\/uploads\/2021\/03\/overview-3-1024x560.jpeg 1024w, https:\/\/tivixiaomi.co\/wp-content\/uploads\/2021\/03\/overview-3-jpeg-150x82.webp 150w, https:\/\/tivixiaomi.co\/wp-content\/uploads\/2021\/03\/overview-3-600x328.jpeg 600w, https:\/\/tivixiaomi.co\/wp-content\/uploads\/2021\/03\/overview-3-300x164.jpeg 300w, https:\/\/tivixiaomi.co\/wp-content\/uploads\/2021\/03\/overview-3-768x420.jpeg 768w, https:\/\/tivixiaomi.co\/wp-content\/uploads\/2021\/03\/overview-3-1536x840.jpeg 1536w, https:\/\/tivixiaomi.co\/wp-content\/uploads\/2021\/03\/overview-3-2048x1120.jpeg 2048w\" sizes=\"(max-width: 1024px) 100vw, 1024px\" \/><\/p>\n<h3 class=\"title\"><span class=\"\">Th\u00e2n m\u00e1y si\u00eau m\u1ecfng 7,3mm *<\/span><br \/>\n<span class=\"\">Nh\u1ecf g\u1ecdn, m\u1ecfng <\/span><span class=\"\">v\u00e0 <\/span><span class=\"\">tinh t\u1ebf<\/span><\/h3>\n<p><span class=\"\">Ph\u1ea7n m\u1ecfng nh\u1ea5t c\u1ee7a th\u00e2n m\u00e1y ch\u1ec9 7,3mm, gi\u00fap ti\u1ebft ki\u1ec7m kh\u00f4ng gian m\u00e1y t\u00ednh \u0111\u1ec3 b\u00e0n c\u1ee7a b\u1ea1n v\u00e0 kh\u00f4ng g\u00e2y l\u1ed9n x\u1ed9n.<\/span><br \/>\nTh\u00e2n m\u00e1y m\u1ecfng v\u00e0 \u0111\u01a1n gi\u1ea3n gi\u00fap n\u00f3 n\u1ed5i b\u1eadt \u1edf m\u1ecdi g\u00f3c nh\u00ecn.<\/p>\n<p><img loading=\"lazy\" decoding=\"async\" class=\"alignnone wp-image-59840 size-large\" src=\"https:\/\/tivixiaomi.co\/wp-content\/uploads\/2021\/03\/overview-4-1024x480.jpeg\" alt=\"M\u00e0n H\u00ecnh M\u00e1y T\u00ednh Mi 23.8\u201d Desktop Monitor 1C\" width=\"1024\" height=\"480\" srcset=\"https:\/\/tivixiaomi.co\/wp-content\/uploads\/2021\/03\/overview-4-1024x480.jpeg 1024w, https:\/\/tivixiaomi.co\/wp-content\/uploads\/2021\/03\/overview-4-jpeg-150x70.webp 150w, https:\/\/tivixiaomi.co\/wp-content\/uploads\/2021\/03\/overview-4-600x281.jpeg 600w, https:\/\/tivixiaomi.co\/wp-content\/uploads\/2021\/03\/overview-4-300x141.jpeg 300w, https:\/\/tivixiaomi.co\/wp-content\/uploads\/2021\/03\/overview-4-768x360.jpeg 768w, https:\/\/tivixiaomi.co\/wp-content\/uploads\/2021\/03\/overview-4-1536x720.jpeg 1536w, https:\/\/tivixiaomi.co\/wp-content\/uploads\/2021\/03\/overview-4-2048x960.jpeg 2048w\" sizes=\"(max-width: 1024px) 100vw, 1024px\" \/><\/p>\n<h3 class=\"title black\">\u0110\u1ed9 n\u00e9t cao 1080P<br \/>\nM\u00e0u s\u1eafc r\u1ef1c r\u1ee1, h\u00ecnh \u1ea3nh s\u1ed1ng \u0111\u1ed9ng<\/h3>\n<p class=\"desc black\"><span class=\"\">Ch\u1ea5t l\u01b0\u1ee3ng \u0111\u1ed9 n\u00e9t cao 1920 * 1080 t\u00edch h\u1ee3p c\u1ee7a m\u00e0n h\u00ecnh 23,8 &#8221;<\/span><br \/>\n<span class=\"\">mang \u0111\u1ebfn cho b\u1ea1n s\u1ef1 r\u00f5 r\u00e0ng v\u00e0 s\u1ed1ng \u0111\u1ed9ng, l\u00e0m m\u00e3n nh\u00e3n b\u1ea1n v\u1edbi m\u1ed9t<\/span><br \/>\n<span class=\"\">l\u01b0\u1ee3ng chi ti\u1ebft v\u00e0 \u0111\u1ed9 tinh t\u1ebf\u00a0<\/span><span class=\"\">\u0111\u00e1ng kinh ng\u1ea1c\u00a0<\/span><span class=\"\">.<\/span><\/p>\n<p><img loading=\"lazy\" decoding=\"async\" class=\"alignnone wp-image-59841 size-large\" src=\"https:\/\/tivixiaomi.co\/wp-content\/uploads\/2021\/03\/overview-5-1024x480.jpeg\" alt=\"M\u00e0n H\u00ecnh M\u00e1y T\u00ednh Mi 23.8\u201d Desktop Monitor 1C\" width=\"1024\" height=\"480\" srcset=\"https:\/\/tivixiaomi.co\/wp-content\/uploads\/2021\/03\/overview-5-1024x480.jpeg 1024w, https:\/\/tivixiaomi.co\/wp-content\/uploads\/2021\/03\/overview-5-jpeg-150x70.webp 150w, https:\/\/tivixiaomi.co\/wp-content\/uploads\/2021\/03\/overview-5-600x281.jpeg 600w, https:\/\/tivixiaomi.co\/wp-content\/uploads\/2021\/03\/overview-5-300x141.jpeg 300w, https:\/\/tivixiaomi.co\/wp-content\/uploads\/2021\/03\/overview-5-768x360.jpeg 768w, https:\/\/tivixiaomi.co\/wp-content\/uploads\/2021\/03\/overview-5-1536x720.jpeg 1536w, https:\/\/tivixiaomi.co\/wp-content\/uploads\/2021\/03\/overview-5-2048x960.jpeg 2048w\" sizes=\"(max-width: 1024px) 100vw, 1024px\" \/><\/p>\n<h3 class=\"title\">\u00c1nh s\u00e1ng xanh d\u01b0\u01a1ng y\u1ebfu *, d\u1ecbu m\u1eaft h\u01a1n<\/h3>\n<p class=\"desc\">Ch\u1ebf \u0111\u1ed9 \u00e1nh s\u00e1ng xanh y\u1ebfu c\u00f3 th\u1ec3 l\u1ecdc<br \/>\nb\u1edbt\u00a0\u00e1nh s\u00e1ng xanh s\u00f3ng ng\u1eafn c\u00f3 h\u1ea1i cho m\u1eaft,\u00a0gi\u1ea3m c\u0103ng th\u1eb3ng cho m\u1eaft v\u00e0 cho b\u1ea1n tho\u1ea3i m\u00e1i l\u00e0m vi\u1ec7c.<\/p>\n<p><img loading=\"lazy\" decoding=\"async\" class=\"alignnone wp-image-59842 size-large\" src=\"https:\/\/tivixiaomi.co\/wp-content\/uploads\/2021\/03\/overview-6-1024x506.jpeg\" alt=\"M\u00e0n H\u00ecnh M\u00e1y T\u00ednh Mi 23.8\u201d Desktop Monitor 1C\" width=\"1024\" height=\"506\" srcset=\"https:\/\/tivixiaomi.co\/wp-content\/uploads\/2021\/03\/overview-6-1024x506.jpeg 1024w, https:\/\/tivixiaomi.co\/wp-content\/uploads\/2021\/03\/overview-6-jpeg-150x74.webp 150w, https:\/\/tivixiaomi.co\/wp-content\/uploads\/2021\/03\/overview-6-600x296.jpeg 600w, https:\/\/tivixiaomi.co\/wp-content\/uploads\/2021\/03\/overview-6-300x148.jpeg 300w, https:\/\/tivixiaomi.co\/wp-content\/uploads\/2021\/03\/overview-6-768x379.jpeg 768w, https:\/\/tivixiaomi.co\/wp-content\/uploads\/2021\/03\/overview-6-1536x758.jpeg 1536w, https:\/\/tivixiaomi.co\/wp-content\/uploads\/2021\/03\/overview-6-2048x1011.jpeg 2048w\" sizes=\"(max-width: 1024px) 100vw, 1024px\" \/><\/p>\n<h3 class=\"title black\">M\u1ed9t m\u00e0n h\u00ecnh t\u1ed1t l\u00e0 t\u1ea5t c\u1ea3 v\u1ec1 chi ti\u1ebft<\/h3>\n<p class=\"desc black\"><span class=\"goog-text-highlight\">M\u1ecdi chi ti\u1ebft c\u00f3 \u1ea3nh h\u01b0\u1edfng \u0111\u1ebfn tr\u1ea3i nghi\u1ec7m ng\u01b0\u1eddi d\u00f9ng s\u1ebd kh\u00f4ng \u0111\u01b0\u1ee3c ch\u00fa \u00fd.<\/span><br \/>\n<span class=\"\">Ch\u00fang t\u00f4i \u1edf \u0111\u00e2y \u0111\u1ec3 \u0111\u1ea3m b\u1ea3o m\u1ed9t tr\u1ea3i nghi\u1ec7m ho\u00e0n h\u1ea3o v\u00e0 v\u00f4 t\u01b0, cho d\u00f9 b\u1ea1n c\u00f3 l\u1ef1a ch\u1ecdn g\u00ec \u0111i n\u1eefa.<\/span><\/p>\n<p>&nbsp;<\/p>\n<div id='gallery-1' class='gallery galleryid-59835 gallery-columns-3 gallery-size-medium'><figure class='gallery-item'>\n\t\t\t<div class='gallery-icon landscape'>\n\t\t\t\t<a href='https:\/\/tivixiaomi.co\/en\/?attachment_id=74238'><img loading=\"lazy\" decoding=\"async\" width=\"300\" height=\"204\" src=\"https:\/\/tivixiaomi.co\/wp-content\/uploads\/2021\/03\/img-new-1-300x204.jpeg\" class=\"attachment-medium size-medium\" alt=\"\" aria-describedby=\"gallery-1-74238\" srcset=\"https:\/\/tivixiaomi.co\/wp-content\/uploads\/2021\/03\/img-new-1-300x204.jpeg 300w, https:\/\/tivixiaomi.co\/wp-content\/uploads\/2021\/03\/img-new-1-jpeg-150x102.webp 150w, https:\/\/tivixiaomi.co\/wp-content\/uploads\/2021\/03\/img-new-1-jpeg.webp 587w\" sizes=\"(max-width: 300px) 100vw, 300px\" \/><\/a>\n\t\t\t<\/div>\n\t\t\t\t<figcaption class='wp-caption-text gallery-caption' id='gallery-1-74238'>\n\t\t\t\tC\u00f3 th\u1ec3 \u0111i\u1ec1u ch\u1ec9nh d\u1ef1a tr\u00ean g\u00f3c nh\u00ecn c\u1ee7a b\u1ea1n, gi\u00fap b\u1ea1n tho\u1ea3i m\u00e1i h\u01a1n\n\t\t\t\t<\/figcaption><\/figure><figure class='gallery-item'>\n\t\t\t<div class='gallery-icon landscape'>\n\t\t\t\t<a href='https:\/\/tivixiaomi.co\/en\/?attachment_id=74239'><img loading=\"lazy\" decoding=\"async\" width=\"300\" height=\"204\" src=\"https:\/\/tivixiaomi.co\/wp-content\/uploads\/2021\/03\/img-2-300x204.jpeg\" class=\"attachment-medium size-medium\" alt=\"\" aria-describedby=\"gallery-1-74239\" srcset=\"https:\/\/tivixiaomi.co\/wp-content\/uploads\/2021\/03\/img-2-300x204.jpeg 300w, https:\/\/tivixiaomi.co\/wp-content\/uploads\/2021\/03\/img-2-jpeg-150x102.webp 150w, https:\/\/tivixiaomi.co\/wp-content\/uploads\/2021\/03\/img-2-jpeg.webp 587w\" sizes=\"(max-width: 300px) 100vw, 300px\" \/><\/a>\n\t\t\t<\/div>\n\t\t\t\t<figcaption class='wp-caption-text gallery-caption' id='gallery-1-74239'>\n\t\t\t\tH\u1ed7 tr\u1ee3 nhi\u1ec1u lo\u1ea1i giao di\u1ec7n, \u0110\u1ec3 c\u00f3 nhi\u1ec1u kh\u1ea3 n\u0103ng h\u01a1n\n\t\t\t\t<\/figcaption><\/figure><figure class='gallery-item'>\n\t\t\t<div class='gallery-icon landscape'>\n\t\t\t\t<a href='https:\/\/tivixiaomi.co\/en\/?attachment_id=74240'><img loading=\"lazy\" decoding=\"async\" width=\"300\" height=\"204\" src=\"https:\/\/tivixiaomi.co\/wp-content\/uploads\/2021\/03\/img-3-300x204.jpeg\" class=\"attachment-medium size-medium\" alt=\"\" aria-describedby=\"gallery-1-74240\" srcset=\"https:\/\/tivixiaomi.co\/wp-content\/uploads\/2021\/03\/img-3-300x204.jpeg 300w, https:\/\/tivixiaomi.co\/wp-content\/uploads\/2021\/03\/img-3-jpeg-150x102.webp 150w, https:\/\/tivixiaomi.co\/wp-content\/uploads\/2021\/03\/img-3-jpeg.webp 587w\" sizes=\"(max-width: 300px) 100vw, 300px\" \/><\/a>\n\t\t\t<\/div>\n\t\t\t\t<figcaption class='wp-caption-text gallery-caption' id='gallery-1-74240'>\n\t\t\t\tL\u1edbp ph\u1ee7 t\u1ed1t, tay ngh\u1ec1 th\u1ee7 c\u00f4ng tuy\u1ec7t v\u1eddi\n\t\t\t\t<\/figcaption><\/figure>\n\t\t<\/div>\n\n<p>&nbsp;<\/p>\n<h2 class=\"title\"><span class=\"\">Ch\u1ea5t l\u01b0\u1ee3ng cao c\u1ea5p, b\u1ea3o h\u00e0nh \u0111\u1ea7y \u0111\u1ee7<\/span><\/h2>\n<p><img loading=\"lazy\" decoding=\"async\" class=\"alignnone wp-image-59846 size-large\" src=\"https:\/\/tivixiaomi.co\/wp-content\/uploads\/2021\/03\/0PPpCzovcT-1024x480.jpeg\" alt=\"M\u00e0n H\u00ecnh M\u00e1y T\u00ednh Mi 23.8\u201d Desktop Monitor 1C\" width=\"1024\" height=\"480\" srcset=\"https:\/\/tivixiaomi.co\/wp-content\/uploads\/2021\/03\/0PPpCzovcT-1024x480.jpeg 1024w, https:\/\/tivixiaomi.co\/wp-content\/uploads\/2021\/03\/0PPpCzovcT-jpeg-150x70.webp 150w, https:\/\/tivixiaomi.co\/wp-content\/uploads\/2021\/03\/0PPpCzovcT-600x281.jpeg 600w, https:\/\/tivixiaomi.co\/wp-content\/uploads\/2021\/03\/0PPpCzovcT-300x141.jpeg 300w, https:\/\/tivixiaomi.co\/wp-content\/uploads\/2021\/03\/0PPpCzovcT-768x360.jpeg 768w, https:\/\/tivixiaomi.co\/wp-content\/uploads\/2021\/03\/0PPpCzovcT-1536x720.jpeg 1536w, https:\/\/tivixiaomi.co\/wp-content\/uploads\/2021\/03\/0PPpCzovcT-2048x960.jpeg 2048w\" sizes=\"(max-width: 1024px) 100vw, 1024px\" \/><\/p>\n","protected":false},"excerpt":{"rendered":"<ul>\n<li>B\u1ea3o h\u00e0nh ch\u00ednh h\u00e3ng 12 th\u00e1ng<\/li>\n<li>Giao ha\u0300ng nhanh cho\u0301ng <strong>TP.H\u1ed3 Ch\u00ed Minh<\/strong><\/li>\n<\/ul>\n","protected":false},"featured_media":59116,"comment_status":"open","ping_status":"closed","template":"","meta":[],"product_brand":[],"product_cat":[304],"product_tag":[],"class_list":{"0":"post-59835","1":"product","2":"type-product","3":"status-publish","4":"has-post-thumbnail","6":"product_cat-man-hinh-xiaomi","8":"first","9":"outofstock","10":"sale","11":"shipping-taxable","12":"purchasable","13":"product-type-simple"},"_links":{"self":[{"href":"https:\/\/tivixiaomi.co\/en\/wp-json\/wp\/v2\/product\/59835"}],"collection":[{"href":"https:\/\/tivixiaomi.co\/en\/wp-json\/wp\/v2\/product"}],"about":[{"href":"https:\/\/tivixiaomi.co\/en\/wp-json\/wp\/v2\/types\/product"}],"replies":[{"embeddable":true,"href":"https:\/\/tivixiaomi.co\/en\/wp-json\/wp\/v2\/comments?post=59835"}],"version-history":[{"count":1,"href":"https:\/\/tivixiaomi.co\/en\/wp-json\/wp\/v2\/product\/59835\/revisions"}],"predecessor-version":[{"id":77704,"href":"https:\/\/tivixiaomi.co\/en\/wp-json\/wp\/v2\/product\/59835\/revisions\/77704"}],"wp:featuredmedia":[{"embeddable":true,"href":"https:\/\/tivixiaomi.co\/en\/wp-json\/wp\/v2\/media\/59116"}],"wp:attachment":[{"href":"https:\/\/tivixiaomi.co\/en\/wp-json\/wp\/v2\/media?parent=59835"}],"wp:term":[{"taxonomy":"product_brand","embeddable":true,"href":"https:\/\/tivixiaomi.co\/en\/wp-json\/wp\/v2\/product_brand?post=59835"},{"taxonomy":"product_cat","embeddable":true,"href":"https:\/\/tivixiaomi.co\/en\/wp-json\/wp\/v2\/product_cat?post=59835"},{"taxonomy":"product_tag","embeddable":true,"href":"https:\/\/tivixiaomi.co\/en\/wp-json\/wp\/v2\/product_tag?post=59835"}],"curies":[{"name":"wp","href":"https:\/\/api.w.org\/{rel}","templated":true}]}}