{"id":59990,"date":"2021-04-15T14:58:59","date_gmt":"2021-04-15T07:58:59","guid":{"rendered":"https:\/\/tivixiaomi.co\/?post_type=product&#038;p=59990"},"modified":"2023-01-23T13:57:50","modified_gmt":"2023-01-23T06:57:50","slug":"projector-screen-120","status":"publish","type":"product","link":"https:\/\/tivixiaomi.co\/en\/tivi\/projector-screen-120\/","title":{"rendered":"M\u00e0n chi\u1ebfu chuy\u00ean d\u1ee5ng Xiaomi 120 inch"},"content":{"rendered":"<p>M\u00e0n h\u00ecnh l\u1edbn \/ ch\u1ed1ng \u00e1nh s\u00e1ng xung quanh \/ d\u1ec5 d\u00e0ng v\u00e0o nh\u00e0<\/p>\n","protected":false},"excerpt":{"rendered":"<p>M\u00e0n h\u00ecnh l\u1edbn \/ ch\u1ed1ng \u00e1nh s\u00e1ng xung quanh \/ d\u1ec5 d\u00e0ng giao ha\u0300ng<\/p>\n","protected":false},"featured_media":59991,"comment_status":"open","ping_status":"closed","template":"redux-templates_canvas","meta":[],"product_brand":[],"product_cat":[291],"product_tag":[],"class_list":{"0":"post-59990","1":"product","2":"type-product","3":"status-publish","4":"has-post-thumbnail","6":"product_cat-may-chieu-xiaomi","8":"first","9":"outofstock","10":"sale","11":"shipping-taxable","12":"purchasable","13":"product-type-simple"},"_links":{"self":[{"href":"https:\/\/tivixiaomi.co\/en\/wp-json\/wp\/v2\/product\/59990"}],"collection":[{"href":"https:\/\/tivixiaomi.co\/en\/wp-json\/wp\/v2\/product"}],"about":[{"href":"https:\/\/tivixiaomi.co\/en\/wp-json\/wp\/v2\/types\/product"}],"replies":[{"embeddable":true,"href":"https:\/\/tivixiaomi.co\/en\/wp-json\/wp\/v2\/comments?post=59990"}],"version-history":[{"count":0,"href":"https:\/\/tivixiaomi.co\/en\/wp-json\/wp\/v2\/product\/59990\/revisions"}],"wp:featuredmedia":[{"embeddable":true,"href":"https:\/\/tivixiaomi.co\/en\/wp-json\/wp\/v2\/media\/59991"}],"wp:attachment":[{"href":"https:\/\/tivixiaomi.co\/en\/wp-json\/wp\/v2\/media?parent=59990"}],"wp:term":[{"taxonomy":"product_brand","embeddable":true,"href":"https:\/\/tivixiaomi.co\/en\/wp-json\/wp\/v2\/product_brand?post=59990"},{"taxonomy":"product_cat","embeddable":true,"href":"https:\/\/tivixiaomi.co\/en\/wp-json\/wp\/v2\/product_cat?post=59990"},{"taxonomy":"product_tag","embeddable":true,"href":"https:\/\/tivixiaomi.co\/en\/wp-json\/wp\/v2\/product_tag?post=59990"}],"curies":[{"name":"wp","href":"https:\/\/api.w.org\/{rel}","templated":true}]}}