{"id":60009,"date":"2021-04-19T13:26:21","date_gmt":"2021-04-19T06:26:21","guid":{"rendered":"https:\/\/tivixiaomi.co\/?post_type=product&#038;p=60009"},"modified":"2025-04-09T08:39:06","modified_gmt":"2025-04-09T01:39:06","slug":"smart-tivi-xiaomi-ea65-2022-chinh-hang","status":"publish","type":"product","link":"https:\/\/tivixiaomi.co\/en\/tivi\/smart-tivi-xiaomi-ea65-2022-chinh-hang\/","title":{"rendered":"Tivi Xiaomi EA65 2022 Series (Gi\u00e1 \u0111\u00e3 bao g\u1ed3m thu\u1ebf gi\u00e1 tr\u1ecb gia t\u0103ng v\u00e0 g\u00f3i d\u1ecbch v\u1ee5 1 n\u0103m b\u1ea3o h\u00e0nh)"},"content":{"rendered":"<h2><a href=\"https:\/\/tivixiaomi.co\/tivi\/smart-tivi-xiaomi-ea65-2022-chinh-hang\/\">Tivi Xiaomi EA65 2022<\/a> Series m\u00e0n h\u00ecnh kim lo\u1ea1i th\u1ebf h\u1ec7 m\u1edbi. M\u1ed9t t\u1ef7 m\u00e0u s\u1eafc to\u00e0n di\u1ec7n v\u00e0 ch\u00e2n th\u1ef1c<\/h2>\n<p><a href=\"https:\/\/tivixiaomi.co\/tivi\/smart-tivi-xiaomi-ea65-2022-chinh-hang\/\"><strong>Tivi Xiaomi EA65 Series 2022<\/strong><\/a> m\u1ed9t phi\u00ean b\u1ea3n s\u1ea3n ph\u1ea9m mang \u0111\u1ebfn phong c\u00e1ch thi\u1ebft k\u1ebf ho\u00e0n to\u00e0n m\u1edbi. h\u00e3y c\u00f9ng tivixiaomi.com \u0111\u00e1nh gi\u00e1 v\u00e0 tr\u1ea3i nghi\u1ec7m s\u1ea3n ph\u1ea9m n\u00e0y. Ho\u00e0n to\u00e0n gi\u1ea3i ph\u00f3ng \u0111\u00f4i tay, b\u1ea1n c\u00f3 th\u1ec3 \u0111\u1ee9ng t\u1eeb xa v\u00e0i m\u00e9t \u0111\u1ec3 ra l\u1ec7nh cho TV. D\u00f9 l\u00e0 g\u1ee3i \u00fd nh\u1eefng b\u1ed9 phim bom t\u1ea5n m\u1edbi nh\u1ea5t, hay \u0111i\u1ec1u khi\u1ec3n thi\u1ebft b\u1ecb gia d\u1ee5ng, \u0111\u1ec1u s\u1ebd nh\u1eadn ph\u1ea3n h\u1ed3i ngay l\u1eadp t\u1ee9c. Ho\u00e0n to\u00e0n r\u1ea3nh tay, b\u1ea1n c\u00f3 th\u1ec3 \u0111\u1ee9ng c\u00e1ch \u0111\u00f3 v\u00e0i m\u00e9t v\u00e0 ra l\u1ec7nh cho TV: cho d\u00f9 n\u00f3 \u0111ang gi\u1edbi thi\u1ec7u m\u1ed9t b\u1ed9 phim bom t\u1ea5n m\u1edbi, Ho\u1eb7c \u0111\u1ec3 ki\u1ec3m so\u00e1t c\u00e1c thi\u1ebft b\u1ecb gia d\u1ee5ng, b\u1ea1n c\u00f3 th\u1ec3 ph\u1ea3n h\u1ed3i ngay l\u1eadp t\u1ee9c. Ngay c\u1ea3 khi n\u00f3 \u0111\u00e3 \u0111\u01b0\u1ee3c t\u1eaft, n\u00f3 kh\u00f4ng ph\u1ea3i l\u00e0 ngo\u1ea1i l\u1ec7. Ch\u1ea5t l\u01b0\u1ee3ng h\u00ecnh \u1ea3nh 4K Ultra HD \/ Gi\u1ecdng n\u00f3i tr\u01b0\u1eddng xa AI \/ To\u00e0n m\u00e0n h\u00ecnh kim lo\u1ea1i Unibody \/ Gi\u1ea3i m\u00e3 \u00e2m thanh DTS. M\u00e0n h\u00ecnh full kim lo\u1ea1i th\u1ebf h\u1ec7 m\u1edbi, ch\u1ea5t l\u01b0\u1ee3ng \u0111\u01b0\u1ee3c n\u00e2ng c\u1ea5p<\/p>\n<p><img fetchpriority=\"high\" decoding=\"async\" class=\"aligncenter wp-image-66029 size-full\" src=\"https:\/\/tivixiaomi.co\/wp-content\/uploads\/2021\/04\/Artboard-2@0.5x-1.png\" alt=\"\" width=\"1280\" height=\"552\" srcset=\"https:\/\/tivixiaomi.co\/wp-content\/uploads\/2021\/04\/Artboard-2@0.5x-1.png 1280w, https:\/\/tivixiaomi.co\/wp-content\/uploads\/2021\/04\/Artboard-2@0.5x-1-150x65.png 150w, https:\/\/tivixiaomi.co\/wp-content\/uploads\/2021\/04\/Artboard-2@0.5x-1-600x259.png 600w, https:\/\/tivixiaomi.co\/wp-content\/uploads\/2021\/04\/Artboard-2@0.5x-1-300x129.png 300w, https:\/\/tivixiaomi.co\/wp-content\/uploads\/2021\/04\/Artboard-2@0.5x-1-1024x442.png 1024w, https:\/\/tivixiaomi.co\/wp-content\/uploads\/2021\/04\/Artboard-2@0.5x-1-768x331.png 768w\" sizes=\"(max-width: 1280px) 100vw, 1280px\" \/><\/p>\n<p style=\"text-align: center;\"><img decoding=\"async\" class=\"alignnone wp-image-66030 size-full\" src=\"https:\/\/tivixiaomi.co\/wp-content\/uploads\/2021\/04\/Artboard-3@0.5x-1.png\" alt=\"\" width=\"1280\" height=\"552\" srcset=\"https:\/\/tivixiaomi.co\/wp-content\/uploads\/2021\/04\/Artboard-3@0.5x-1.png 1280w, https:\/\/tivixiaomi.co\/wp-content\/uploads\/2021\/04\/Artboard-3@0.5x-1-150x65.png 150w, https:\/\/tivixiaomi.co\/wp-content\/uploads\/2021\/04\/Artboard-3@0.5x-1-600x259.png 600w, https:\/\/tivixiaomi.co\/wp-content\/uploads\/2021\/04\/Artboard-3@0.5x-1-300x129.png 300w, https:\/\/tivixiaomi.co\/wp-content\/uploads\/2021\/04\/Artboard-3@0.5x-1-1024x442.png 1024w, https:\/\/tivixiaomi.co\/wp-content\/uploads\/2021\/04\/Artboard-3@0.5x-1-768x331.png 768w\" sizes=\"(max-width: 1280px) 100vw, 1280px\" \/><\/p>\n<p style=\"text-align: center;\"><img decoding=\"async\" class=\"alignnone wp-image-66031 size-full\" src=\"https:\/\/tivixiaomi.co\/wp-content\/uploads\/2021\/04\/Artboard-4@0.5x-1.png\" alt=\"\" width=\"1280\" height=\"764\" srcset=\"https:\/\/tivixiaomi.co\/wp-content\/uploads\/2021\/04\/Artboard-4@0.5x-1.png 1280w, https:\/\/tivixiaomi.co\/wp-content\/uploads\/2021\/04\/Artboard-4@0.5x-1-150x90.png 150w, https:\/\/tivixiaomi.co\/wp-content\/uploads\/2021\/04\/Artboard-4@0.5x-1-600x358.png 600w, https:\/\/tivixiaomi.co\/wp-content\/uploads\/2021\/04\/Artboard-4@0.5x-1-300x179.png 300w, https:\/\/tivixiaomi.co\/wp-content\/uploads\/2021\/04\/Artboard-4@0.5x-1-1024x611.png 1024w, https:\/\/tivixiaomi.co\/wp-content\/uploads\/2021\/04\/Artboard-4@0.5x-1-768x458.png 768w\" sizes=\"(max-width: 1280px) 100vw, 1280px\" \/><\/p>\n<p style=\"text-align: center;\"><img loading=\"lazy\" decoding=\"async\" class=\"alignnone wp-image-66032 size-full\" src=\"https:\/\/tivixiaomi.co\/wp-content\/uploads\/2021\/04\/Artboard-5@0.5x-1.png\" alt=\"\" width=\"1280\" height=\"703\" srcset=\"https:\/\/tivixiaomi.co\/wp-content\/uploads\/2021\/04\/Artboard-5@0.5x-1.png 1280w, https:\/\/tivixiaomi.co\/wp-content\/uploads\/2021\/04\/Artboard-5@0.5x-1-150x82.png 150w, https:\/\/tivixiaomi.co\/wp-content\/uploads\/2021\/04\/Artboard-5@0.5x-1-600x330.png 600w, https:\/\/tivixiaomi.co\/wp-content\/uploads\/2021\/04\/Artboard-5@0.5x-1-300x165.png 300w, https:\/\/tivixiaomi.co\/wp-content\/uploads\/2021\/04\/Artboard-5@0.5x-1-1024x562.png 1024w, https:\/\/tivixiaomi.co\/wp-content\/uploads\/2021\/04\/Artboard-5@0.5x-1-768x422.png 768w\" sizes=\"(max-width: 1280px) 100vw, 1280px\" \/><\/p>\n<p style=\"text-align: center;\"><img loading=\"lazy\" decoding=\"async\" class=\"alignnone wp-image-66033 size-full\" src=\"https:\/\/tivixiaomi.co\/wp-content\/uploads\/2021\/04\/Artboard-6@0.5x-1.png\" alt=\"\" width=\"1280\" height=\"866\" srcset=\"https:\/\/tivixiaomi.co\/wp-content\/uploads\/2021\/04\/Artboard-6@0.5x-1.png 1280w, https:\/\/tivixiaomi.co\/wp-content\/uploads\/2021\/04\/Artboard-6@0.5x-1-150x101.png 150w, https:\/\/tivixiaomi.co\/wp-content\/uploads\/2021\/04\/Artboard-6@0.5x-1-600x406.png 600w, https:\/\/tivixiaomi.co\/wp-content\/uploads\/2021\/04\/Artboard-6@0.5x-1-300x203.png 300w, https:\/\/tivixiaomi.co\/wp-content\/uploads\/2021\/04\/Artboard-6@0.5x-1-1024x693.png 1024w, https:\/\/tivixiaomi.co\/wp-content\/uploads\/2021\/04\/Artboard-6@0.5x-1-768x520.png 768w\" sizes=\"(max-width: 1280px) 100vw, 1280px\" \/><\/p>\n<h3>T\u1ef7 l\u1ec7 m\u00e0n h\u00ecnh so v\u1edbi th\u00e2n m\u00e1y si\u00eau cao 97,5% Tr\u1ea3i nghi\u1ec7m xem thu\u1ea7n t\u00fay v\u1edbi t\u1ea7m nh\u00ecn r\u1ed9ng<\/h3>\n<p>Kh\u00f4ng ch\u1ec9 l\u00e0 chi\u1ebfc TV to\u00e0n m\u00e0n h\u00ecnh kim lo\u1ea1i, m\u00e0 c\u00f2n l\u00e0 phong c\u1ea3nh n\u01a1i ph\u00f2ng kh\u00e1ch nh\u00e0 b\u1ea1n. Kho\u1ea3nh kh\u1eafc b\u1ea1n b\u1eadt m\u1edf chi\u1ebfc TV, ch\u1ea5t l\u01b0\u1ee3ng h\u00ecnh \u1ea3nh s\u1ed1ng \u0111\u1ed9ng, \u0111\u1eadm n\u00e9t c\u00f9ng c\u1ea3m gi\u00e1c t\u1ef1 do s\u1ebd tr\u00e0n ng\u1eadp m\u1ecdi khung h\u00ecnh trong t\u1ea7m m\u1eaft c\u1ee7a b\u1ea1n.<\/p>\n<p style=\"text-align: center;\"><img loading=\"lazy\" decoding=\"async\" class=\"alignnone wp-image-66034 size-full\" src=\"https:\/\/tivixiaomi.co\/wp-content\/uploads\/2021\/04\/Artboard-7@0.5x-1.png\" alt=\"\" width=\"1280\" height=\"1041\" srcset=\"https:\/\/tivixiaomi.co\/wp-content\/uploads\/2021\/04\/Artboard-7@0.5x-1.png 1280w, https:\/\/tivixiaomi.co\/wp-content\/uploads\/2021\/04\/Artboard-7@0.5x-1-150x122.png 150w, https:\/\/tivixiaomi.co\/wp-content\/uploads\/2021\/04\/Artboard-7@0.5x-1-600x488.png 600w, https:\/\/tivixiaomi.co\/wp-content\/uploads\/2021\/04\/Artboard-7@0.5x-1-300x244.png 300w, https:\/\/tivixiaomi.co\/wp-content\/uploads\/2021\/04\/Artboard-7@0.5x-1-1024x833.png 1024w, https:\/\/tivixiaomi.co\/wp-content\/uploads\/2021\/04\/Artboard-7@0.5x-1-768x625.png 768w\" sizes=\"(max-width: 1280px) 100vw, 1280px\" \/><\/p>\n<p style=\"text-align: center;\"><img loading=\"lazy\" decoding=\"async\" class=\"alignnone wp-image-66035 size-full\" src=\"https:\/\/tivixiaomi.co\/wp-content\/uploads\/2021\/04\/Artboard-8@0.5x-1.png\" alt=\"\" width=\"1280\" height=\"923\" srcset=\"https:\/\/tivixiaomi.co\/wp-content\/uploads\/2021\/04\/Artboard-8@0.5x-1.png 1280w, https:\/\/tivixiaomi.co\/wp-content\/uploads\/2021\/04\/Artboard-8@0.5x-1-150x108.png 150w, https:\/\/tivixiaomi.co\/wp-content\/uploads\/2021\/04\/Artboard-8@0.5x-1-600x433.png 600w, https:\/\/tivixiaomi.co\/wp-content\/uploads\/2021\/04\/Artboard-8@0.5x-1-300x216.png 300w, https:\/\/tivixiaomi.co\/wp-content\/uploads\/2021\/04\/Artboard-8@0.5x-1-1024x738.png 1024w, https:\/\/tivixiaomi.co\/wp-content\/uploads\/2021\/04\/Artboard-8@0.5x-1-768x554.png 768w\" sizes=\"(max-width: 1280px) 100vw, 1280px\" \/><\/p>\n<h3>Th\u00e2n m\u00e1y kim lo\u1ea1i nguy\u00ean kh\u1ed1i Unibody cao c\u1ea5p<\/h3>\n<p>Tinh t\u1ebf v\u00e0 cao c\u1ea5p, v\u1edbi s\u1ef1 gia t\u0103ng m\u1ea1nh m\u1ebd v\u1ec1 ch\u1ea5t l\u01b0\u1ee3ng, nh\u1eb5n m\u1ecbn b\u00f3ng, nh\u1eb9 nh\u00e0ng v\u00e0 tinh t\u1ebf, ch\u1ea5t li\u1ec7u kim lo\u1ea1i l\u00e0 s\u1ef1 l\u1ef1a ch\u1ecdn tuy\u1ec7t v\u1eddi v\u1ec1 m\u1eb7t c\u1ea3m quan cho c\u00e1c d\u00f2ng s\u1ea3n ph\u1ea9m TV h\u00e0ng \u0111\u1ea7u. Nh\u01b0ng ch\u00fang t\u00f4i kh\u00f4ng ch\u1ec9 d\u1eebng l\u1ea1i \u1edf \u0111\u00f3. C\u00f4ng ngh\u1ec7 \u0111\u00fac nguy\u00ean kh\u1ed1i Unibody mang l\u1ea1i cho chi\u1ebfc TV v\u1ebb ngo\u00e0i t\u1ef1 nhi\u00ean ho\u00e0n to\u00e0n nh\u01b0 m\u1ed9t t\u00e1c ph\u1ea9m \u0111i\u00eau kh\u1eafc.<\/p>\n<p style=\"text-align: center;\"><img loading=\"lazy\" decoding=\"async\" class=\"alignnone wp-image-66036 size-full\" src=\"https:\/\/tivixiaomi.co\/wp-content\/uploads\/2021\/04\/Artboard-9@0.5x-1.png\" alt=\"\" width=\"1280\" height=\"599\" srcset=\"https:\/\/tivixiaomi.co\/wp-content\/uploads\/2021\/04\/Artboard-9@0.5x-1.png 1280w, https:\/\/tivixiaomi.co\/wp-content\/uploads\/2021\/04\/Artboard-9@0.5x-1-150x70.png 150w, https:\/\/tivixiaomi.co\/wp-content\/uploads\/2021\/04\/Artboard-9@0.5x-1-600x281.png 600w, https:\/\/tivixiaomi.co\/wp-content\/uploads\/2021\/04\/Artboard-9@0.5x-1-300x140.png 300w, https:\/\/tivixiaomi.co\/wp-content\/uploads\/2021\/04\/Artboard-9@0.5x-1-1024x479.png 1024w, https:\/\/tivixiaomi.co\/wp-content\/uploads\/2021\/04\/Artboard-9@0.5x-1-768x359.png 768w\" sizes=\"(max-width: 1280px) 100vw, 1280px\" \/><\/p>\n<p style=\"text-align: center;\"><img loading=\"lazy\" decoding=\"async\" class=\"alignnone wp-image-66037 size-full\" src=\"https:\/\/tivixiaomi.co\/wp-content\/uploads\/2021\/04\/Artboard-10@0.5x-1.png\" alt=\"\" width=\"1280\" height=\"953\" srcset=\"https:\/\/tivixiaomi.co\/wp-content\/uploads\/2021\/04\/Artboard-10@0.5x-1.png 1280w, https:\/\/tivixiaomi.co\/wp-content\/uploads\/2021\/04\/Artboard-10@0.5x-1-150x112.png 150w, https:\/\/tivixiaomi.co\/wp-content\/uploads\/2021\/04\/Artboard-10@0.5x-1-600x447.png 600w, https:\/\/tivixiaomi.co\/wp-content\/uploads\/2021\/04\/Artboard-10@0.5x-1-300x223.png 300w, https:\/\/tivixiaomi.co\/wp-content\/uploads\/2021\/04\/Artboard-10@0.5x-1-1024x762.png 1024w, https:\/\/tivixiaomi.co\/wp-content\/uploads\/2021\/04\/Artboard-10@0.5x-1-768x572.png 768w\" sizes=\"(max-width: 1280px) 100vw, 1280px\" \/><\/p>\n<h3>Delta E3 \u0110i\u1ec1u ch\u1ec9nh m\u00e0n h\u00ecnh t\u1eebng c\u00e1i m\u1ed9t \u0111\u1ea1t \u0111\u01b0\u1ee3c hi\u1ec7u \u1ee9ng hi\u1ec3n th\u1ecb \u0111\u1ed9 ch\u00ednh x\u00e1c m\u00e0u \u0111\u00e1ng kinh ng\u1ea1c<\/h3>\n<p>Mua TV l\u00e0 mua m\u00e0n h\u00ecnh: s\u1ef1 n\u00e2ng c\u1ea5p to\u00e0n di\u1ec7n n\u00e0y, ngo\u00e0i vi\u1ec7c mang \u0111\u1ebfn nh\u1eefng Ch\u1ea5t l\u01b0\u1ee3ng h\u00ecnh \u1ea3nh r\u00f5 n\u00e9t v\u00e0 quy\u1ebft t\u00e2m theo \u0111u\u1ed5i \u0111\u1ed9 ch\u00ednh x\u00e1c c\u1ee7a m\u00e0u s\u1eafc b\u1ea5t k\u1ec3 chi ph\u00ed cho m\u1ecdi \u0111\u01a1n v\u1ecb M\u00e0n h\u00ecnh video \u0111\u00e3 \u0111\u01b0\u1ee3c \u0111i\u1ec1u ch\u1ec9nh th\u1ee7 c\u00f4ng. Chi\u1ebfc TV cao c\u1ea5p n\u00e0y ch\u01b0a bao gi\u1edd c\u00f3 th\u1ec3 V\u00e0 s\u1ef1 k\u00e9n ch\u1ecdn, h\u00e3y \u0111\u1ec3 th\u1ebf h\u1ec7 Mi TV EA m\u1edbi nh\u1ea3y l\u00ean b\u00e1n chuy\u00ean nghi\u1ec7p Ti\u00eau chu\u1ea9n hi\u1ec3n th\u1ecb *<\/p>\n<p style=\"text-align: center;\"><img loading=\"lazy\" decoding=\"async\" class=\"alignnone wp-image-66038 size-full\" src=\"https:\/\/tivixiaomi.co\/wp-content\/uploads\/2021\/04\/Artboard-11@0.5x-1.png\" alt=\"\" width=\"1280\" height=\"597\" srcset=\"https:\/\/tivixiaomi.co\/wp-content\/uploads\/2021\/04\/Artboard-11@0.5x-1.png 1280w, https:\/\/tivixiaomi.co\/wp-content\/uploads\/2021\/04\/Artboard-11@0.5x-1-150x70.png 150w, https:\/\/tivixiaomi.co\/wp-content\/uploads\/2021\/04\/Artboard-11@0.5x-1-600x280.png 600w, https:\/\/tivixiaomi.co\/wp-content\/uploads\/2021\/04\/Artboard-11@0.5x-1-300x140.png 300w, https:\/\/tivixiaomi.co\/wp-content\/uploads\/2021\/04\/Artboard-11@0.5x-1-1024x478.png 1024w, https:\/\/tivixiaomi.co\/wp-content\/uploads\/2021\/04\/Artboard-11@0.5x-1-768x358.png 768w\" sizes=\"(max-width: 1280px) 100vw, 1280px\" \/><\/p>\n<h3>M\u00e0u s\u1eafc r\u00f5 r\u00e0ng v\u00e0 s\u1eafc n\u00e9t, nh\u01b0 th\u1ec3 \u0111\u00e1nh b\u00f3ng th\u1ebf gi\u1edbi<\/h3>\n<p>TV Ultra HD, \u0111\u1ed9 ph\u00e2n gi\u1ea3i g\u1ea5p 4 l\u1ea7n * 1080P, hi\u1ec3n th\u1ecb nhi\u1ec1u chi ti\u1ebft v\u00e0 r\u00f5 r\u00e0ng h\u01a1n. Th\u1ee9 t\u1ef1 c\u00f4ng c\u1ee5 ch\u1ea5t l\u01b0\u1ee3ng h\u00ecnh \u1ea3nh PQ C\u00e1c c\u1ea1nh c\u1ee7a h\u00ecnh \u1ea3nh s\u1eafc n\u00e9t h\u01a1n, m\u00e0u s\u1eafc phong ph\u00fa v\u00e0 s\u1ed1ng \u0111\u1ed9ng h\u01a1n. C\u00f4ng c\u1ee5 ch\u1ea5t l\u01b0\u1ee3ng h\u00ecnh \u1ea3nh PQ \u0111\u01b0\u1ee3c t\u00edch h\u1ee3p nhi\u1ec1u c\u00f4ng ngh\u1ec7 t\u1ed1i \u01b0u h\u00f3a ch\u1ea5t l\u01b0\u1ee3ng h\u00ecnh \u1ea3nh \u0111\u1ec3 \u0111i\u1ec1u ch\u1ec9nh m\u1ee5c ti\u00eau. \u0110\u1ec3 gi\u1ea3m nhi\u1ec5u, m\u00e0u s\u1eafc, \u0111\u1ed9 s\u1eafc n\u00e9t, v.v. N\u00e2ng cao theo t\u1eebng kh\u00eda c\u1ea1nh c\u1ee5 th\u1ec3: \u00edt nhi\u1ec5u h\u01a1n trong b\u00f3ng t\u1ed1i, do \u0111\u00f3 m\u00e0u s\u1eafc c\u1ee7a h\u00ecnh \u1ea3nh trung th\u1ef1c h\u01a1n!<\/p>\n<ul>\n<li>Lo\u1ea1i b\u1ecf nhi\u1ec5u trong mi\u1ec1n th\u1eddi gian 4K<\/li>\n<li class=\"gtx-body\">X\u1eed l\u00fd si\u00eau s\u1eafc n\u00e9t<\/li>\n<li>C\u1ea3i thi\u1ec7n \u0111\u1ed9 t\u01b0\u01a1ng ph\u1ea3n c\u1ee5c b\u1ed9<\/li>\n<li>Ph\u1ee5c h\u1ed3i th\u00edch \u1ee9ng ch\u1ebf \u0111\u1ed9 phim<\/li>\n<\/ul>\n<p style=\"text-align: center;\"><img loading=\"lazy\" decoding=\"async\" class=\"alignnone wp-image-66039 size-full\" src=\"https:\/\/tivixiaomi.co\/wp-content\/uploads\/2021\/04\/Artboard-12@0.5x-1.png\" alt=\"\" width=\"1280\" height=\"896\" srcset=\"https:\/\/tivixiaomi.co\/wp-content\/uploads\/2021\/04\/Artboard-12@0.5x-1.png 1280w, https:\/\/tivixiaomi.co\/wp-content\/uploads\/2021\/04\/Artboard-12@0.5x-1-150x105.png 150w, https:\/\/tivixiaomi.co\/wp-content\/uploads\/2021\/04\/Artboard-12@0.5x-1-600x420.png 600w, https:\/\/tivixiaomi.co\/wp-content\/uploads\/2021\/04\/Artboard-12@0.5x-1-300x210.png 300w, https:\/\/tivixiaomi.co\/wp-content\/uploads\/2021\/04\/Artboard-12@0.5x-1-1024x717.png 1024w, https:\/\/tivixiaomi.co\/wp-content\/uploads\/2021\/04\/Artboard-12@0.5x-1-768x538.png 768w\" sizes=\"(max-width: 1280px) 100vw, 1280px\" \/><\/p>\n<p style=\"text-align: center;\"><img loading=\"lazy\" decoding=\"async\" class=\"alignnone wp-image-66040 size-full\" src=\"https:\/\/tivixiaomi.co\/wp-content\/uploads\/2021\/04\/Artboard-13@0.5x-1.png\" alt=\"\" width=\"1280\" height=\"936\" srcset=\"https:\/\/tivixiaomi.co\/wp-content\/uploads\/2021\/04\/Artboard-13@0.5x-1.png 1280w, https:\/\/tivixiaomi.co\/wp-content\/uploads\/2021\/04\/Artboard-13@0.5x-1-150x110.png 150w, https:\/\/tivixiaomi.co\/wp-content\/uploads\/2021\/04\/Artboard-13@0.5x-1-600x439.png 600w, https:\/\/tivixiaomi.co\/wp-content\/uploads\/2021\/04\/Artboard-13@0.5x-1-300x219.png 300w, https:\/\/tivixiaomi.co\/wp-content\/uploads\/2021\/04\/Artboard-13@0.5x-1-1024x749.png 1024w, https:\/\/tivixiaomi.co\/wp-content\/uploads\/2021\/04\/Artboard-13@0.5x-1-768x562.png 768w\" sizes=\"(max-width: 1280px) 100vw, 1280px\" \/><\/p>\n<h3>\u00c2m thanh n\u1ed5i c\u00f4ng su\u1ea5t cao, t\u0103ng v\u1ecdt! gi\u1ea3i m\u00e3 \u00e2m thanh DTS, c\u00f3 th\u1eadt!<\/h3>\n<p>\u00c2m treble \u0111\u1ea7y h\u01a1n, \u00e2m tr\u1ea7m d\u00e0y h\u01a1n v\u00e0 s\u00f3ng \u00e2m l\u1edbn d\u00e2ng tr\u00e0o kh\u1eafp m\u1ecdi ng\u00f3c ng\u00e1ch trong ph\u00f2ng kh\u00e1ch. Th\u00eam gi\u1ea3i m\u00e3 \u00e2m thanh DTS, Ti\u1ebfng n\u00f3i cho s\u1ef1 th\u1eadt!<\/p>\n<ul>\n<li>Thi\u1ebft k\u1ebf t\u0103ng c\u01b0\u1eddng \u00e2m tr\u1ea7m<\/li>\n<li>H\u1ec7 th\u1ed1ng \u00e2m thanh c\u00e2n b\u1eb1ng th\u00f4ng minh 15 ph\u00e2n \u0111o\u1ea1n<\/li>\n<\/ul>\n<p style=\"text-align: center;\"><img loading=\"lazy\" decoding=\"async\" class=\"alignnone wp-image-66041 size-full\" src=\"https:\/\/tivixiaomi.co\/wp-content\/uploads\/2021\/04\/Artboard-15@0.5x-1.png\" alt=\"\" width=\"1280\" height=\"1309\" srcset=\"https:\/\/tivixiaomi.co\/wp-content\/uploads\/2021\/04\/Artboard-15@0.5x-1.png 1280w, https:\/\/tivixiaomi.co\/wp-content\/uploads\/2021\/04\/Artboard-15@0.5x-1-147x150.png 147w, https:\/\/tivixiaomi.co\/wp-content\/uploads\/2021\/04\/Artboard-15@0.5x-1-600x614.png 600w, https:\/\/tivixiaomi.co\/wp-content\/uploads\/2021\/04\/Artboard-15@0.5x-1-293x300.png 293w, https:\/\/tivixiaomi.co\/wp-content\/uploads\/2021\/04\/Artboard-15@0.5x-1-1001x1024.png 1001w, https:\/\/tivixiaomi.co\/wp-content\/uploads\/2021\/04\/Artboard-15@0.5x-1-768x785.png 768w\" sizes=\"(max-width: 1280px) 100vw, 1280px\" \/><\/p>\n<p style=\"text-align: center;\"><img loading=\"lazy\" decoding=\"async\" class=\"alignnone wp-image-66042 size-full\" src=\"https:\/\/tivixiaomi.co\/wp-content\/uploads\/2021\/04\/Artboard-16@0.5x-1.png\" alt=\"\" width=\"1280\" height=\"1100\" srcset=\"https:\/\/tivixiaomi.co\/wp-content\/uploads\/2021\/04\/Artboard-16@0.5x-1.png 1280w, https:\/\/tivixiaomi.co\/wp-content\/uploads\/2021\/04\/Artboard-16@0.5x-1-150x129.png 150w, https:\/\/tivixiaomi.co\/wp-content\/uploads\/2021\/04\/Artboard-16@0.5x-1-600x516.png 600w, https:\/\/tivixiaomi.co\/wp-content\/uploads\/2021\/04\/Artboard-16@0.5x-1-300x258.png 300w, https:\/\/tivixiaomi.co\/wp-content\/uploads\/2021\/04\/Artboard-16@0.5x-1-1024x880.png 1024w, https:\/\/tivixiaomi.co\/wp-content\/uploads\/2021\/04\/Artboard-16@0.5x-1-768x660.png 768w\" sizes=\"(max-width: 1280px) 100vw, 1280px\" \/><\/p>\n<p style=\"text-align: center;\"><img loading=\"lazy\" decoding=\"async\" class=\"alignnone wp-image-66043 size-full\" src=\"https:\/\/tivixiaomi.co\/wp-content\/uploads\/2021\/04\/Artboard-17@0.5x-1.png\" alt=\"\" width=\"1280\" height=\"824\" srcset=\"https:\/\/tivixiaomi.co\/wp-content\/uploads\/2021\/04\/Artboard-17@0.5x-1.png 1280w, https:\/\/tivixiaomi.co\/wp-content\/uploads\/2021\/04\/Artboard-17@0.5x-1-150x97.png 150w, https:\/\/tivixiaomi.co\/wp-content\/uploads\/2021\/04\/Artboard-17@0.5x-1-600x386.png 600w, https:\/\/tivixiaomi.co\/wp-content\/uploads\/2021\/04\/Artboard-17@0.5x-1-300x193.png 300w, https:\/\/tivixiaomi.co\/wp-content\/uploads\/2021\/04\/Artboard-17@0.5x-1-1024x659.png 1024w, https:\/\/tivixiaomi.co\/wp-content\/uploads\/2021\/04\/Artboard-17@0.5x-1-768x494.png 768w\" sizes=\"(max-width: 1280px) 100vw, 1280px\" \/><\/p>\n<p style=\"text-align: center;\"><img loading=\"lazy\" decoding=\"async\" class=\"alignnone wp-image-66044 size-full\" src=\"https:\/\/tivixiaomi.co\/wp-content\/uploads\/2021\/04\/Artboard-18@0.5x-1.png\" alt=\"\" width=\"1280\" height=\"834\" srcset=\"https:\/\/tivixiaomi.co\/wp-content\/uploads\/2021\/04\/Artboard-18@0.5x-1.png 1280w, https:\/\/tivixiaomi.co\/wp-content\/uploads\/2021\/04\/Artboard-18@0.5x-1-150x98.png 150w, https:\/\/tivixiaomi.co\/wp-content\/uploads\/2021\/04\/Artboard-18@0.5x-1-600x391.png 600w, https:\/\/tivixiaomi.co\/wp-content\/uploads\/2021\/04\/Artboard-18@0.5x-1-300x195.png 300w, https:\/\/tivixiaomi.co\/wp-content\/uploads\/2021\/04\/Artboard-18@0.5x-1-1024x667.png 1024w, https:\/\/tivixiaomi.co\/wp-content\/uploads\/2021\/04\/Artboard-18@0.5x-1-768x500.png 768w\" sizes=\"(max-width: 1280px) 100vw, 1280px\" \/><\/p>\n<p style=\"text-align: center;\"><img loading=\"lazy\" decoding=\"async\" class=\"alignnone wp-image-66045 size-full\" src=\"https:\/\/tivixiaomi.co\/wp-content\/uploads\/2021\/04\/Artboard-19@0.5x-1.png\" alt=\"\" width=\"1280\" height=\"815\" srcset=\"https:\/\/tivixiaomi.co\/wp-content\/uploads\/2021\/04\/Artboard-19@0.5x-1.png 1280w, https:\/\/tivixiaomi.co\/wp-content\/uploads\/2021\/04\/Artboard-19@0.5x-1-150x96.png 150w, https:\/\/tivixiaomi.co\/wp-content\/uploads\/2021\/04\/Artboard-19@0.5x-1-600x382.png 600w, https:\/\/tivixiaomi.co\/wp-content\/uploads\/2021\/04\/Artboard-19@0.5x-1-300x191.png 300w, https:\/\/tivixiaomi.co\/wp-content\/uploads\/2021\/04\/Artboard-19@0.5x-1-1024x652.png 1024w, https:\/\/tivixiaomi.co\/wp-content\/uploads\/2021\/04\/Artboard-19@0.5x-1-768x489.png 768w\" sizes=\"(max-width: 1280px) 100vw, 1280px\" \/><\/p>\n<p><img loading=\"lazy\" decoding=\"async\" class=\"aligncenter wp-image-66046 size-full\" src=\"https:\/\/tivixiaomi.co\/wp-content\/uploads\/2021\/04\/Artboard-20@0.5x-1.png\" alt=\"\" width=\"1280\" height=\"737\" srcset=\"https:\/\/tivixiaomi.co\/wp-content\/uploads\/2021\/04\/Artboard-20@0.5x-1.png 1280w, https:\/\/tivixiaomi.co\/wp-content\/uploads\/2021\/04\/Artboard-20@0.5x-1-150x86.png 150w, https:\/\/tivixiaomi.co\/wp-content\/uploads\/2021\/04\/Artboard-20@0.5x-1-600x345.png 600w, https:\/\/tivixiaomi.co\/wp-content\/uploads\/2021\/04\/Artboard-20@0.5x-1-300x173.png 300w, https:\/\/tivixiaomi.co\/wp-content\/uploads\/2021\/04\/Artboard-20@0.5x-1-1024x590.png 1024w, https:\/\/tivixiaomi.co\/wp-content\/uploads\/2021\/04\/Artboard-20@0.5x-1-768x442.png 768w\" sizes=\"(max-width: 1280px) 100vw, 1280px\" \/><\/p>\n","protected":false},"excerpt":{"rendered":"<ul>\n<li>D\u00f2ng EA 2022 Series<\/li>\n<li>M\u00e0n h\u00ecnh: 4K<\/li>\n<li>RAM: 1.5GB<\/li>\n<li>Dung l\u01b0\u1ee3ng: 8GB<\/li>\n<\/ul>\n","protected":false},"featured_media":62808,"comment_status":"open","ping_status":"closed","template":"","meta":[],"product_brand":[],"product_cat":[327,406],"product_tag":[472],"class_list":{"0":"post-60009","1":"product","2":"type-product","3":"status-publish","4":"has-post-thumbnail","6":"product_cat-tivi-xiaomi-ea-2022","7":"product_cat-top-10-tivi-xiaomi","8":"product_tag-smart-tivi-xiaomi-ea65-inch","10":"first","11":"outofstock","12":"sale","13":"shipping-taxable","14":"purchasable","15":"product-type-simple"},"_links":{"self":[{"href":"https:\/\/tivixiaomi.co\/en\/wp-json\/wp\/v2\/product\/60009"}],"collection":[{"href":"https:\/\/tivixiaomi.co\/en\/wp-json\/wp\/v2\/product"}],"about":[{"href":"https:\/\/tivixiaomi.co\/en\/wp-json\/wp\/v2\/types\/product"}],"replies":[{"embeddable":true,"href":"https:\/\/tivixiaomi.co\/en\/wp-json\/wp\/v2\/comments?post=60009"}],"version-history":[{"count":1,"href":"https:\/\/tivixiaomi.co\/en\/wp-json\/wp\/v2\/product\/60009\/revisions"}],"predecessor-version":[{"id":77765,"href":"https:\/\/tivixiaomi.co\/en\/wp-json\/wp\/v2\/product\/60009\/revisions\/77765"}],"wp:featuredmedia":[{"embeddable":true,"href":"https:\/\/tivixiaomi.co\/en\/wp-json\/wp\/v2\/media\/62808"}],"wp:attachment":[{"href":"https:\/\/tivixiaomi.co\/en\/wp-json\/wp\/v2\/media?parent=60009"}],"wp:term":[{"taxonomy":"product_brand","embeddable":true,"href":"https:\/\/tivixiaomi.co\/en\/wp-json\/wp\/v2\/product_brand?post=60009"},{"taxonomy":"product_cat","embeddable":true,"href":"https:\/\/tivixiaomi.co\/en\/wp-json\/wp\/v2\/product_cat?post=60009"},{"taxonomy":"product_tag","embeddable":true,"href":"https:\/\/tivixiaomi.co\/en\/wp-json\/wp\/v2\/product_tag?post=60009"}],"curies":[{"name":"wp","href":"https:\/\/api.w.org\/{rel}","templated":true}]}}