{"id":60032,"date":"2021-04-20T17:09:45","date_gmt":"2021-04-20T10:09:45","guid":{"rendered":"https:\/\/tivixiaomi.co\/?post_type=product&#038;p=60032"},"modified":"2024-09-04T13:29:45","modified_gmt":"2024-09-04T06:29:45","slug":"mitv-ea50","status":"publish","type":"product","link":"https:\/\/tivixiaomi.co\/en\/tivi\/mitv-ea50\/","title":{"rendered":"TIVI XIAOMI EA50 2022 SERIES (Gi\u00e1 \u0111\u00e3 bao g\u1ed3m thu\u1ebf gi\u00e1 tr\u1ecb gia t\u0103ng v\u00e0 g\u00f3i d\u1ecbch v\u1ee5 1 n\u0103m b\u1ea3o h\u00e0nh)"},"content":{"rendered":"<p>Xiaomi\u00a0v\u1eeba ch\u00ednh th\u1ee9c gi\u1edbi thi\u1ec7u d\u00f2ng s\u1ea3n ph\u1ea9m <a href=\"https:\/\/tivixiaomi.co\/danh-muc\/mitv-ea\/\" target=\"_blank\" rel=\"noreferrer noopener\">Mi TV EA 2022<\/a> t\u1ea1i Trung Qu\u1ed1c v\u1edbi thi\u1ebft k\u1ebf c\u1ef1c th\u1eddi th\u01b0\u1ee3ng c\u00f9ng m\u1ee9c gi\u00e1 v\u00f4 c\u00f9ng h\u1ee3p l\u00fd. H\u00e3y c\u00f9ng Tivixiaomi.com kh\u00e1m ph\u00e1 th\u00f4ng s\u1ed1, t\u00ednh n\u0103ng, gi\u00e1 c\u1ea3 c\u1ee7a lo\u1ea1t\u00a0tivi\u00a0n\u00e0y nh\u00e9.<\/p>\r\n<p><img fetchpriority=\"high\" decoding=\"async\" class=\"aligncenter wp-image-66010 size-full\" src=\"https:\/\/tivixiaomi.co\/wp-content\/uploads\/2021\/04\/Artboard-2@0.5x.png\" alt=\"\" width=\"1280\" height=\"552\" srcset=\"https:\/\/tivixiaomi.co\/wp-content\/uploads\/2021\/04\/Artboard-2@0.5x.png 1280w, https:\/\/tivixiaomi.co\/wp-content\/uploads\/2021\/04\/Artboard-2@0.5x-150x65.png 150w, https:\/\/tivixiaomi.co\/wp-content\/uploads\/2021\/04\/Artboard-2@0.5x-600x259.png 600w, https:\/\/tivixiaomi.co\/wp-content\/uploads\/2021\/04\/Artboard-2@0.5x-300x129.png 300w, https:\/\/tivixiaomi.co\/wp-content\/uploads\/2021\/04\/Artboard-2@0.5x-1024x442.png 1024w, https:\/\/tivixiaomi.co\/wp-content\/uploads\/2021\/04\/Artboard-2@0.5x-768x331.png 768w\" sizes=\"(max-width: 1280px) 100vw, 1280px\" \/><\/p>\r\n<h2>TIVI XIAOMI EA50 2022 SERIES N\u00c2NG C\u1ea4P TO\u00c0N DI\u1ec6N TIVI TO\u00c0N M\u00c0N H\u00ccNH KIM LO\u1ea0I TH\u1ebe H\u1ec6 M\u1edaI<\/h2>\r\n<p>Ho\u00e0n to\u00e0n gi\u1ea3i ph\u00f3ng \u0111\u00f4i tay, b\u1ea1n c\u00f3 th\u1ec3 \u0111\u1ee9ng t\u1eeb xa v\u00e0i m\u00e9t \u0111\u1ec3 ra l\u1ec7nh cho TV. D\u00f9 l\u00e0 g\u1ee3i \u00fd nh\u1eefng b\u1ed9 phim bom t\u1ea5n m\u1edbi nh\u1ea5t, hay \u0111i\u1ec1u khi\u1ec3n thi\u1ebft b\u1ecb gia d\u1ee5ng, \u0111\u1ec1u s\u1ebd nh\u1eadn ph\u1ea3n h\u1ed3i ngay l\u1eadp t\u1ee9c. Trang b\u1ecb gi\u1ecdng n\u00f3i t\u1eeb xa ho\u00e0n to\u00e0n m\u1edbi, gi\u1edd \u0111\u00e2y gi\u1ecdng n\u00f3i c\u1ee7a b\u1ea1n ch\u00ednh l\u00e0 \u0111i\u1ec1u khi\u1ec3n t\u1eeb xa. T\u1eaft m\u00e1y, chuy\u1ec3n k\u00eanh \u0111\u1ec1u ch\u1ec9 c\u1ea7n m\u1ed9t c\u00e2u n\u00f3i<\/p>\r\n<p style=\"text-align: center\"><img decoding=\"async\" class=\"alignnone wp-image-66011 size-full\" src=\"https:\/\/tivixiaomi.co\/wp-content\/uploads\/2021\/04\/Artboard-3@0.5x.png\" alt=\"\" width=\"1280\" height=\"552\" srcset=\"https:\/\/tivixiaomi.co\/wp-content\/uploads\/2021\/04\/Artboard-3@0.5x.png 1280w, https:\/\/tivixiaomi.co\/wp-content\/uploads\/2021\/04\/Artboard-3@0.5x-150x65.png 150w, https:\/\/tivixiaomi.co\/wp-content\/uploads\/2021\/04\/Artboard-3@0.5x-600x259.png 600w, https:\/\/tivixiaomi.co\/wp-content\/uploads\/2021\/04\/Artboard-3@0.5x-300x129.png 300w, https:\/\/tivixiaomi.co\/wp-content\/uploads\/2021\/04\/Artboard-3@0.5x-1024x442.png 1024w, https:\/\/tivixiaomi.co\/wp-content\/uploads\/2021\/04\/Artboard-3@0.5x-768x331.png 768w\" sizes=\"(max-width: 1280px) 100vw, 1280px\" \/><\/p>\r\n<p style=\"text-align: center\"><img decoding=\"async\" class=\"alignnone wp-image-66012 size-full\" src=\"https:\/\/tivixiaomi.co\/wp-content\/uploads\/2021\/04\/Artboard-4@0.5x.png\" alt=\"\" width=\"1280\" height=\"764\" srcset=\"https:\/\/tivixiaomi.co\/wp-content\/uploads\/2021\/04\/Artboard-4@0.5x.png 1280w, https:\/\/tivixiaomi.co\/wp-content\/uploads\/2021\/04\/Artboard-4@0.5x-150x90.png 150w, https:\/\/tivixiaomi.co\/wp-content\/uploads\/2021\/04\/Artboard-4@0.5x-600x358.png 600w, https:\/\/tivixiaomi.co\/wp-content\/uploads\/2021\/04\/Artboard-4@0.5x-300x179.png 300w, https:\/\/tivixiaomi.co\/wp-content\/uploads\/2021\/04\/Artboard-4@0.5x-1024x611.png 1024w, https:\/\/tivixiaomi.co\/wp-content\/uploads\/2021\/04\/Artboard-4@0.5x-768x458.png 768w\" sizes=\"(max-width: 1280px) 100vw, 1280px\" \/><\/p>\r\n<p style=\"text-align: center\"><img loading=\"lazy\" decoding=\"async\" class=\"alignnone wp-image-66013 size-full\" src=\"https:\/\/tivixiaomi.co\/wp-content\/uploads\/2021\/04\/Artboard-5@0.5x.png\" alt=\"\" width=\"1280\" height=\"703\" srcset=\"https:\/\/tivixiaomi.co\/wp-content\/uploads\/2021\/04\/Artboard-5@0.5x.png 1280w, https:\/\/tivixiaomi.co\/wp-content\/uploads\/2021\/04\/Artboard-5@0.5x-150x82.png 150w, https:\/\/tivixiaomi.co\/wp-content\/uploads\/2021\/04\/Artboard-5@0.5x-600x330.png 600w, https:\/\/tivixiaomi.co\/wp-content\/uploads\/2021\/04\/Artboard-5@0.5x-300x165.png 300w, https:\/\/tivixiaomi.co\/wp-content\/uploads\/2021\/04\/Artboard-5@0.5x-1024x562.png 1024w, https:\/\/tivixiaomi.co\/wp-content\/uploads\/2021\/04\/Artboard-5@0.5x-768x422.png 768w\" sizes=\"(max-width: 1280px) 100vw, 1280px\" \/><\/p>\r\n<p style=\"text-align: center\">T\u00ecm ki\u1ebfm phim \u1ea3nh b\u1eb1ng gi\u1ecdng n\u00f3i, nh\u1eadn d\u1ea1ng b\u1ea3n \u0111\u1ed3 th\u00f4ng minh, tra c\u1ee9u th\u1eddi ti\u1ebft, k\u1ebft n\u1ed1i thi\u1ebft b\u1ecb trong nh\u00e0&#8230; D\u00f9 l\u00e0 vi\u1ec7c l\u1edbn hay vi\u1ec7c nh\u1ecf, gi\u1ea3i quy\u1ebft ch\u1ec9 b\u1eb1ng m\u1ed9t c\u00e2u n\u00f3i<\/p>\r\n<p style=\"text-align: center\"><img loading=\"lazy\" decoding=\"async\" class=\"alignnone wp-image-66014 size-full\" src=\"https:\/\/tivixiaomi.co\/wp-content\/uploads\/2021\/04\/Artboard-6@0.5x.png\" alt=\"\" width=\"1280\" height=\"866\" srcset=\"https:\/\/tivixiaomi.co\/wp-content\/uploads\/2021\/04\/Artboard-6@0.5x.png 1280w, https:\/\/tivixiaomi.co\/wp-content\/uploads\/2021\/04\/Artboard-6@0.5x-150x101.png 150w, https:\/\/tivixiaomi.co\/wp-content\/uploads\/2021\/04\/Artboard-6@0.5x-600x406.png 600w, https:\/\/tivixiaomi.co\/wp-content\/uploads\/2021\/04\/Artboard-6@0.5x-300x203.png 300w, https:\/\/tivixiaomi.co\/wp-content\/uploads\/2021\/04\/Artboard-6@0.5x-1024x693.png 1024w, https:\/\/tivixiaomi.co\/wp-content\/uploads\/2021\/04\/Artboard-6@0.5x-768x520.png 768w\" sizes=\"(max-width: 1280px) 100vw, 1280px\" \/><\/p>\r\n<p style=\"text-align: center\">Kh\u00f4ng ch\u1ec9 l\u00e0 chi\u1ebfc TV to\u00e0n m\u00e0n h\u00ecnh kim lo\u1ea1i, m\u00e0 c\u00f2n l\u00e0 phong c\u1ea3nh n\u01a1i ph\u00f2ng kh\u00e1ch nh\u00e0 b\u1ea1n. Kho\u1ea3nh kh\u1eafc b\u1ea1n b\u1eadt m\u1edf chi\u1ebfc TV, ch\u1ea5t l\u01b0\u1ee3ng h\u00ecnh \u1ea3nh s\u1ed1ng \u0111\u1ed9ng, \u0111\u1eadm n\u00e9t c\u00f9ng c\u1ea3m gi\u00e1c t\u1ef1 do s\u1ebd tr\u00e0n ng\u1eadp m\u1ecdi khung h\u00ecnh trong t\u1ea7m m\u1eaft c\u1ee7a b\u1ea1n.<\/p>\r\n<p style=\"text-align: center\"><img loading=\"lazy\" decoding=\"async\" class=\"alignnone wp-image-66015 size-full\" src=\"https:\/\/tivixiaomi.co\/wp-content\/uploads\/2021\/04\/Artboard-7@0.5x.png\" alt=\"\" width=\"1280\" height=\"1041\" srcset=\"https:\/\/tivixiaomi.co\/wp-content\/uploads\/2021\/04\/Artboard-7@0.5x.png 1280w, https:\/\/tivixiaomi.co\/wp-content\/uploads\/2021\/04\/Artboard-7@0.5x-150x122.png 150w, https:\/\/tivixiaomi.co\/wp-content\/uploads\/2021\/04\/Artboard-7@0.5x-600x488.png 600w, https:\/\/tivixiaomi.co\/wp-content\/uploads\/2021\/04\/Artboard-7@0.5x-300x244.png 300w, https:\/\/tivixiaomi.co\/wp-content\/uploads\/2021\/04\/Artboard-7@0.5x-1024x833.png 1024w, https:\/\/tivixiaomi.co\/wp-content\/uploads\/2021\/04\/Artboard-7@0.5x-768x625.png 768w\" sizes=\"(max-width: 1280px) 100vw, 1280px\" \/><\/p>\r\n<p style=\"text-align: center\">Thi\u1ebft k\u1ebf khung vi\u1ec1n \u0111\u01a1n gi\u1ea3n ch\u01b0a \u0111\u1ebfn 2mm, mang \u0111\u1ebfn t\u1ef7 l\u1ec7 m\u00e0n h\u00ecnh si\u00eau l\u1edbn, v\u01b0\u1ee3t xa nh\u1eefng chi\u1ebfc TV th\u00f4ng th\u01b0\u1eddng. Khi b\u1eadt s\u00e1ng m\u00e0n h\u00ecnh, s\u1ea3n ph\u1ea9m h\u1ea7u nh\u01b0 x\u00f3a b\u1ecf ranh gi\u1edbi t\u1ea7m m\u1eaft v\u00e0 \u0111em l\u1ea1i cho b\u1ea1n tr\u1ea3i nghi\u1ec7m nghe nh\u00ecn thu\u1ea7n t\u00fay h\u01a1n.<\/p>\r\n<p style=\"text-align: center\"><img loading=\"lazy\" decoding=\"async\" class=\"alignnone wp-image-66016 size-full\" src=\"https:\/\/tivixiaomi.co\/wp-content\/uploads\/2021\/04\/Artboard-8@0.5x.png\" alt=\"\" width=\"1280\" height=\"923\" srcset=\"https:\/\/tivixiaomi.co\/wp-content\/uploads\/2021\/04\/Artboard-8@0.5x.png 1280w, https:\/\/tivixiaomi.co\/wp-content\/uploads\/2021\/04\/Artboard-8@0.5x-150x108.png 150w, https:\/\/tivixiaomi.co\/wp-content\/uploads\/2021\/04\/Artboard-8@0.5x-600x433.png 600w, https:\/\/tivixiaomi.co\/wp-content\/uploads\/2021\/04\/Artboard-8@0.5x-300x216.png 300w, https:\/\/tivixiaomi.co\/wp-content\/uploads\/2021\/04\/Artboard-8@0.5x-1024x738.png 1024w, https:\/\/tivixiaomi.co\/wp-content\/uploads\/2021\/04\/Artboard-8@0.5x-768x554.png 768w\" sizes=\"(max-width: 1280px) 100vw, 1280px\" \/><\/p>\r\n<p style=\"text-align: center\">Nh\u1eb5n m\u1ecbn b\u00f3ng lo\u00e1ng, ch\u1eafc ch\u1eafn tinh t\u1ebf, ch\u1ea5t li\u1ec7u kim lo\u1ea1i l\u00e0 s\u1ef1 l\u1ef1a ch\u1ecdn tuy\u1ec7t v\u1eddi v\u1ec1 m\u1eb7t c\u1ea3m quan cho c\u00e1c d\u00f2ng s\u1ea3n ph\u1ea9m TV h\u00e0ng \u0111\u1ea7u. Nh\u01b0ng ch\u00fang t\u00f4i kh\u00f4ng ch\u1ec9 d\u1eebng l\u1ea1i \u1edf \u0111\u00f3. C\u00f4ng ngh\u1ec7 \u0111\u00fac nguy\u00ean kh\u1ed1i Unibody mang l\u1ea1i cho chi\u1ebfc TV v\u1ebb ngo\u00e0i t\u1ef1 nhi\u00ean ho\u00e0n to\u00e0n nh\u01b0 m\u1ed9t t\u00e1c ph\u1ea9m \u0111i\u00eau kh\u1eafc.<\/p>\r\n<p style=\"text-align: center\"><img loading=\"lazy\" decoding=\"async\" class=\"alignnone wp-image-66017 size-full\" src=\"https:\/\/tivixiaomi.co\/wp-content\/uploads\/2021\/04\/Artboard-9@0.5x.png\" alt=\"\" width=\"1280\" height=\"599\" srcset=\"https:\/\/tivixiaomi.co\/wp-content\/uploads\/2021\/04\/Artboard-9@0.5x.png 1280w, https:\/\/tivixiaomi.co\/wp-content\/uploads\/2021\/04\/Artboard-9@0.5x-150x70.png 150w, https:\/\/tivixiaomi.co\/wp-content\/uploads\/2021\/04\/Artboard-9@0.5x-600x281.png 600w, https:\/\/tivixiaomi.co\/wp-content\/uploads\/2021\/04\/Artboard-9@0.5x-300x140.png 300w, https:\/\/tivixiaomi.co\/wp-content\/uploads\/2021\/04\/Artboard-9@0.5x-1024x479.png 1024w, https:\/\/tivixiaomi.co\/wp-content\/uploads\/2021\/04\/Artboard-9@0.5x-768x359.png 768w\" sizes=\"(max-width: 1280px) 100vw, 1280px\" \/><\/p>\r\n<p style=\"text-align: center\"><img loading=\"lazy\" decoding=\"async\" class=\"alignnone wp-image-66018 size-full\" src=\"https:\/\/tivixiaomi.co\/wp-content\/uploads\/2021\/04\/Artboard-10@0.5x.png\" alt=\"\" width=\"1280\" height=\"953\" srcset=\"https:\/\/tivixiaomi.co\/wp-content\/uploads\/2021\/04\/Artboard-10@0.5x.png 1280w, https:\/\/tivixiaomi.co\/wp-content\/uploads\/2021\/04\/Artboard-10@0.5x-150x112.png 150w, https:\/\/tivixiaomi.co\/wp-content\/uploads\/2021\/04\/Artboard-10@0.5x-600x447.png 600w, https:\/\/tivixiaomi.co\/wp-content\/uploads\/2021\/04\/Artboard-10@0.5x-300x223.png 300w, https:\/\/tivixiaomi.co\/wp-content\/uploads\/2021\/04\/Artboard-10@0.5x-1024x762.png 1024w, https:\/\/tivixiaomi.co\/wp-content\/uploads\/2021\/04\/Artboard-10@0.5x-768x572.png 768w\" sizes=\"(max-width: 1280px) 100vw, 1280px\" \/><\/p>\r\n<p style=\"text-align: center\">Mua Tivi ch\u00ednh l\u00e0 t\u00ecm mua m\u1ed9t chi\u1ebfc m\u00e0n h\u00ecnh: L\u1ea7n n\u00e0y ch\u00fang t\u00f4i \u0111\u00e3 n\u00e2ng c\u1ea5p to\u00e0n di\u1ec7n, ngo\u00e0i vi\u1ec7c \u0111em l\u1ea1i ch\u1ea5t l\u01b0\u1ee3ng h\u00ecnh \u1ea3nh Ultra HD, ch\u00fang t\u00f4i c\u00f2n quy\u1ebft t\u00e2m theo \u0111u\u1ed5i \u0111\u1ed9 ch\u00ednh x\u00e1c m\u00e0u b\u1ea5t k\u1ec3 chi ph\u00ed &#8211; M\u1ed7i chi\u1ebfc TV \u0111\u1ec1u \u0111\u01b0\u1ee3c ch\u1ec9nh ch\u00ednh x\u00e1c \u0111\u1ed3 th\u1ecb m\u00e0u s\u1eafc. Gi\u1edd \u0111\u00e2y chi\u1ebfc TV cao c\u1ea5p n\u00e0y kh\u00f3 c\u00f3 th\u1ec3 t\u00ecm th\u1ea5y \u0111i\u1ec1u n\u00e0o \u0111\u1ec3 ch\u00ea, khi\u1ebfn cho MI TV EA th\u1ebf h\u1ec7 m\u1edbi s\u1edf h\u1eefu \u0111\u1ed9 hi\u1ec3n th\u1ecb ch\u00ednh x\u00e1c m\u00e0u s\u1eafc chuy\u00ean nghi\u1ec7p<\/p>\r\n<p style=\"text-align: center\"><img loading=\"lazy\" decoding=\"async\" class=\"alignnone wp-image-66019 size-full\" src=\"https:\/\/tivixiaomi.co\/wp-content\/uploads\/2021\/04\/Artboard-11@0.5x.png\" alt=\"\" width=\"1280\" height=\"597\" srcset=\"https:\/\/tivixiaomi.co\/wp-content\/uploads\/2021\/04\/Artboard-11@0.5x.png 1280w, https:\/\/tivixiaomi.co\/wp-content\/uploads\/2021\/04\/Artboard-11@0.5x-150x70.png 150w, https:\/\/tivixiaomi.co\/wp-content\/uploads\/2021\/04\/Artboard-11@0.5x-600x280.png 600w, https:\/\/tivixiaomi.co\/wp-content\/uploads\/2021\/04\/Artboard-11@0.5x-300x140.png 300w, https:\/\/tivixiaomi.co\/wp-content\/uploads\/2021\/04\/Artboard-11@0.5x-1024x478.png 1024w, https:\/\/tivixiaomi.co\/wp-content\/uploads\/2021\/04\/Artboard-11@0.5x-768x358.png 768w\" sizes=\"(max-width: 1280px) 100vw, 1280px\" \/><\/p>\r\n<p style=\"text-align: center\"><img loading=\"lazy\" decoding=\"async\" class=\"alignnone wp-image-66020 size-full\" src=\"https:\/\/tivixiaomi.co\/wp-content\/uploads\/2021\/04\/Artboard-12@0.5x.png\" alt=\"\" width=\"1280\" height=\"896\" srcset=\"https:\/\/tivixiaomi.co\/wp-content\/uploads\/2021\/04\/Artboard-12@0.5x.png 1280w, https:\/\/tivixiaomi.co\/wp-content\/uploads\/2021\/04\/Artboard-12@0.5x-150x105.png 150w, https:\/\/tivixiaomi.co\/wp-content\/uploads\/2021\/04\/Artboard-12@0.5x-600x420.png 600w, https:\/\/tivixiaomi.co\/wp-content\/uploads\/2021\/04\/Artboard-12@0.5x-300x210.png 300w, https:\/\/tivixiaomi.co\/wp-content\/uploads\/2021\/04\/Artboard-12@0.5x-1024x717.png 1024w, https:\/\/tivixiaomi.co\/wp-content\/uploads\/2021\/04\/Artboard-12@0.5x-768x538.png 768w\" sizes=\"(max-width: 1280px) 100vw, 1280px\" \/><\/p>\r\n<p style=\"text-align: center\"><img loading=\"lazy\" decoding=\"async\" class=\"alignnone wp-image-66021 size-full\" src=\"https:\/\/tivixiaomi.co\/wp-content\/uploads\/2021\/04\/Artboard-13@0.5x.png\" alt=\"\" width=\"1280\" height=\"936\" srcset=\"https:\/\/tivixiaomi.co\/wp-content\/uploads\/2021\/04\/Artboard-13@0.5x.png 1280w, https:\/\/tivixiaomi.co\/wp-content\/uploads\/2021\/04\/Artboard-13@0.5x-150x110.png 150w, https:\/\/tivixiaomi.co\/wp-content\/uploads\/2021\/04\/Artboard-13@0.5x-600x439.png 600w, https:\/\/tivixiaomi.co\/wp-content\/uploads\/2021\/04\/Artboard-13@0.5x-300x219.png 300w, https:\/\/tivixiaomi.co\/wp-content\/uploads\/2021\/04\/Artboard-13@0.5x-1024x749.png 1024w, https:\/\/tivixiaomi.co\/wp-content\/uploads\/2021\/04\/Artboard-13@0.5x-768x562.png 768w\" sizes=\"(max-width: 1280px) 100vw, 1280px\" \/><\/p>\r\n<p>V\u1ec1 \u00e2m thanh, phi\u00ean b\u1ea3n t\u1eeb\u00a032&#8243; \u0111\u1ebfn 43&#8243;\u00a0\u0111\u01b0\u1ee3c trang b\u1ecb\u00a02 loa DTS-HD 8W\u00a0(16W t\u1ed5ng c\u1ed9ng) v\u00e0 remote Bluetooth \u0111\u1ec3 \u0111i\u1ec1u khi\u1ec3n b\u1eb1ng gi\u1ecdng n\u00f3i. Trong khi \u0111\u00f3, phi\u00ean b\u1ea3n t\u1eeb\u00a050&#8243; \u0111\u1ebfn 75&#8243;\u00a0\u0111\u01b0\u1ee3c trang b\u1ecb\u00a02 loa DTS-HD 10W\u00a0(20W t\u1ed5ng c\u1ed9ng) v\u00e0 micro t\u00edch h\u1ee3p b\u00ean trong \u0111\u1ec3 \u0111i\u1ec1u khi\u1ec3n b\u1eb1ng gi\u1ecdng n\u00f3i c\u00f9ng remote Bluetooth.<\/p>\r\n<p style=\"text-align: center\"><img loading=\"lazy\" decoding=\"async\" class=\"alignnone wp-image-66022 size-full\" src=\"https:\/\/tivixiaomi.co\/wp-content\/uploads\/2021\/04\/Artboard-14@0.5x.png\" alt=\"\" width=\"1280\" height=\"729\" srcset=\"https:\/\/tivixiaomi.co\/wp-content\/uploads\/2021\/04\/Artboard-14@0.5x.png 1280w, https:\/\/tivixiaomi.co\/wp-content\/uploads\/2021\/04\/Artboard-14@0.5x-150x85.png 150w, https:\/\/tivixiaomi.co\/wp-content\/uploads\/2021\/04\/Artboard-14@0.5x-600x342.png 600w, https:\/\/tivixiaomi.co\/wp-content\/uploads\/2021\/04\/Artboard-14@0.5x-300x171.png 300w, https:\/\/tivixiaomi.co\/wp-content\/uploads\/2021\/04\/Artboard-14@0.5x-1024x583.png 1024w, https:\/\/tivixiaomi.co\/wp-content\/uploads\/2021\/04\/Artboard-14@0.5x-768x437.png 768w\" sizes=\"(max-width: 1280px) 100vw, 1280px\" \/><\/p>\r\n<p style=\"text-align: center\"><img loading=\"lazy\" decoding=\"async\" class=\"alignnone wp-image-66023 size-full\" src=\"https:\/\/tivixiaomi.co\/wp-content\/uploads\/2021\/04\/Artboard-15@0.5x.png\" alt=\"\" width=\"1280\" height=\"580\" srcset=\"https:\/\/tivixiaomi.co\/wp-content\/uploads\/2021\/04\/Artboard-15@0.5x.png 1280w, https:\/\/tivixiaomi.co\/wp-content\/uploads\/2021\/04\/Artboard-15@0.5x-150x68.png 150w, https:\/\/tivixiaomi.co\/wp-content\/uploads\/2021\/04\/Artboard-15@0.5x-600x272.png 600w, https:\/\/tivixiaomi.co\/wp-content\/uploads\/2021\/04\/Artboard-15@0.5x-300x136.png 300w, https:\/\/tivixiaomi.co\/wp-content\/uploads\/2021\/04\/Artboard-15@0.5x-1024x464.png 1024w, https:\/\/tivixiaomi.co\/wp-content\/uploads\/2021\/04\/Artboard-15@0.5x-768x348.png 768w\" sizes=\"(max-width: 1280px) 100vw, 1280px\" \/><\/p>\r\n<p style=\"text-align: center\"><img loading=\"lazy\" decoding=\"async\" class=\"alignnone wp-image-66024 size-full\" src=\"https:\/\/tivixiaomi.co\/wp-content\/uploads\/2021\/04\/Artboard-16@0.5x.png\" alt=\"\" width=\"1280\" height=\"1100\" srcset=\"https:\/\/tivixiaomi.co\/wp-content\/uploads\/2021\/04\/Artboard-16@0.5x.png 1280w, https:\/\/tivixiaomi.co\/wp-content\/uploads\/2021\/04\/Artboard-16@0.5x-150x129.png 150w, https:\/\/tivixiaomi.co\/wp-content\/uploads\/2021\/04\/Artboard-16@0.5x-600x516.png 600w, https:\/\/tivixiaomi.co\/wp-content\/uploads\/2021\/04\/Artboard-16@0.5x-300x258.png 300w, https:\/\/tivixiaomi.co\/wp-content\/uploads\/2021\/04\/Artboard-16@0.5x-1024x880.png 1024w, https:\/\/tivixiaomi.co\/wp-content\/uploads\/2021\/04\/Artboard-16@0.5x-768x660.png 768w\" sizes=\"(max-width: 1280px) 100vw, 1280px\" \/><\/p>\r\n<p style=\"text-align: center\"><img loading=\"lazy\" decoding=\"async\" class=\"alignnone wp-image-66025 size-full\" src=\"https:\/\/tivixiaomi.co\/wp-content\/uploads\/2021\/04\/Artboard-17@0.5x.png\" alt=\"\" width=\"1280\" height=\"824\" srcset=\"https:\/\/tivixiaomi.co\/wp-content\/uploads\/2021\/04\/Artboard-17@0.5x.png 1280w, https:\/\/tivixiaomi.co\/wp-content\/uploads\/2021\/04\/Artboard-17@0.5x-150x97.png 150w, https:\/\/tivixiaomi.co\/wp-content\/uploads\/2021\/04\/Artboard-17@0.5x-600x386.png 600w, https:\/\/tivixiaomi.co\/wp-content\/uploads\/2021\/04\/Artboard-17@0.5x-300x193.png 300w, https:\/\/tivixiaomi.co\/wp-content\/uploads\/2021\/04\/Artboard-17@0.5x-1024x659.png 1024w, https:\/\/tivixiaomi.co\/wp-content\/uploads\/2021\/04\/Artboard-17@0.5x-768x494.png 768w\" sizes=\"(max-width: 1280px) 100vw, 1280px\" \/><\/p>\r\n<p>To\u00e0n b\u1ed9 d\u00f2ng s\u1ea3n ph\u1ea9m\u00a0<a href=\"https:\/\/tivixiaomi.co\/danh-muc\/mitv-ea\/\" target=\"_blank\" rel=\"noreferrer noopener\">Xiaomi Mi TV EA 2022<\/a> \u0111\u1ec1u c\u00f3 thi\u1ebft k\u1ebf nguy\u00ean kh\u1ed1i b\u1eb1ng kim lo\u1ea1i v\u00e0 t\u1ea5m n\u1ec1n LCD \u0111\u00e8n n\u1ec1n LED v\u1edbi t\u1ea7n s\u1ed1 qu\u00e9t ti\u00eau chu\u1ea9n 60Hz v\u00e0 g\u00f3c nh\u00ecn r\u1ed9ng 178 \u0111\u1ed9. B\u00ean c\u1ea1nh \u0111\u00f3, c\u00e1c phi\u00ean b\u1ea3n \u0111\u1ec1u s\u1eed d\u1ee5ng h\u1ec7 th\u1ed1ng MIUI TV 3.0 m\u1edbi nh\u1ea5t, h\u1ec7 \u0111i\u1ec1u h\u00e0nh Android v\u00e0 c\u00f3 c\u1ed5ng I\/O. S\u1ef1 kh\u00e1c nhau n\u1eb1m \u1edf \u0111\u1ed9 ph\u00e2n gi\u1ea3i m\u00e0n h\u00ecnh, loa, chipset, RAM v\u00e0 \u0111i\u1ec1u khi\u1ec3n b\u1eb1ng gi\u1ecdng n\u00f3i.<\/p>\r\n<p style=\"text-align: center\"><img loading=\"lazy\" decoding=\"async\" class=\"alignnone wp-image-66026 size-full\" src=\"https:\/\/tivixiaomi.co\/wp-content\/uploads\/2021\/04\/Artboard-18@0.5x.png\" alt=\"\" width=\"1280\" height=\"834\" srcset=\"https:\/\/tivixiaomi.co\/wp-content\/uploads\/2021\/04\/Artboard-18@0.5x.png 1280w, https:\/\/tivixiaomi.co\/wp-content\/uploads\/2021\/04\/Artboard-18@0.5x-150x98.png 150w, https:\/\/tivixiaomi.co\/wp-content\/uploads\/2021\/04\/Artboard-18@0.5x-600x391.png 600w, https:\/\/tivixiaomi.co\/wp-content\/uploads\/2021\/04\/Artboard-18@0.5x-300x195.png 300w, https:\/\/tivixiaomi.co\/wp-content\/uploads\/2021\/04\/Artboard-18@0.5x-1024x667.png 1024w, https:\/\/tivixiaomi.co\/wp-content\/uploads\/2021\/04\/Artboard-18@0.5x-768x500.png 768w\" sizes=\"(max-width: 1280px) 100vw, 1280px\" \/><\/p>\r\n<p style=\"text-align: center\"><img loading=\"lazy\" decoding=\"async\" class=\"alignnone wp-image-66027 size-full\" src=\"https:\/\/tivixiaomi.co\/wp-content\/uploads\/2021\/04\/Artboard-19@0.5x.png\" alt=\"\" width=\"1280\" height=\"815\" srcset=\"https:\/\/tivixiaomi.co\/wp-content\/uploads\/2021\/04\/Artboard-19@0.5x.png 1280w, https:\/\/tivixiaomi.co\/wp-content\/uploads\/2021\/04\/Artboard-19@0.5x-150x96.png 150w, https:\/\/tivixiaomi.co\/wp-content\/uploads\/2021\/04\/Artboard-19@0.5x-600x382.png 600w, https:\/\/tivixiaomi.co\/wp-content\/uploads\/2021\/04\/Artboard-19@0.5x-300x191.png 300w, https:\/\/tivixiaomi.co\/wp-content\/uploads\/2021\/04\/Artboard-19@0.5x-1024x652.png 1024w, https:\/\/tivixiaomi.co\/wp-content\/uploads\/2021\/04\/Artboard-19@0.5x-768x489.png 768w\" sizes=\"(max-width: 1280px) 100vw, 1280px\" \/><\/p>\r\n<p style=\"text-align: center\"><img loading=\"lazy\" decoding=\"async\" class=\"alignnone wp-image-66028 size-full\" src=\"https:\/\/tivixiaomi.co\/wp-content\/uploads\/2021\/04\/Artboard-20@0.5x.png\" alt=\"\" width=\"1280\" height=\"737\" srcset=\"https:\/\/tivixiaomi.co\/wp-content\/uploads\/2021\/04\/Artboard-20@0.5x.png 1280w, https:\/\/tivixiaomi.co\/wp-content\/uploads\/2021\/04\/Artboard-20@0.5x-150x86.png 150w, https:\/\/tivixiaomi.co\/wp-content\/uploads\/2021\/04\/Artboard-20@0.5x-600x345.png 600w, https:\/\/tivixiaomi.co\/wp-content\/uploads\/2021\/04\/Artboard-20@0.5x-300x173.png 300w, https:\/\/tivixiaomi.co\/wp-content\/uploads\/2021\/04\/Artboard-20@0.5x-1024x590.png 1024w, https:\/\/tivixiaomi.co\/wp-content\/uploads\/2021\/04\/Artboard-20@0.5x-768x442.png 768w\" sizes=\"(max-width: 1280px) 100vw, 1280px\" \/><\/p><p style=\"text-align: justify\">T\u1ea5t c\u1ea3 c\u00e1c phi\u00ean b\u1ea3n \u0111\u1ec1u c\u00f3 th\u1ec3 k\u1ebft n\u1ed1i Wi-Fi v\u00e0 Bluetooth, 2 c\u1ed5ng HMDI (m\u1ed9t c\u1ed5ng HDMI ARC), 2 c\u1ed5ng USB, 1 c\u1ed5ng AV, 1 c\u1ed5ng internet, 1 c\u1ed5ng S\/PDIF v\u00e0 1 c\u1ed5ng ATV\/DTMB.<\/p><p style=\"text-align: justify\">\u00a0<\/p>","protected":false},"excerpt":{"rendered":"<ul>\n<li>D\u00f2ng EA 2022 Series<\/li>\n<li>M\u00e0n h\u00ecnh: 4K<\/li>\n<li>RAM: 1.5GB<\/li>\n<li>Dung l\u01b0\u1ee3ng: 8GB<\/li>\n<\/ul>\n","protected":false},"featured_media":62806,"comment_status":"open","ping_status":"closed","template":"","meta":[],"product_brand":[],"product_cat":[327],"product_tag":[],"class_list":{"0":"post-60032","1":"product","2":"type-product","3":"status-publish","4":"has-post-thumbnail","6":"product_cat-tivi-xiaomi-ea-2022","8":"first","9":"instock","10":"sale","11":"shipping-taxable","12":"purchasable","13":"product-type-simple"},"_links":{"self":[{"href":"https:\/\/tivixiaomi.co\/en\/wp-json\/wp\/v2\/product\/60032"}],"collection":[{"href":"https:\/\/tivixiaomi.co\/en\/wp-json\/wp\/v2\/product"}],"about":[{"href":"https:\/\/tivixiaomi.co\/en\/wp-json\/wp\/v2\/types\/product"}],"replies":[{"embeddable":true,"href":"https:\/\/tivixiaomi.co\/en\/wp-json\/wp\/v2\/comments?post=60032"}],"version-history":[{"count":0,"href":"https:\/\/tivixiaomi.co\/en\/wp-json\/wp\/v2\/product\/60032\/revisions"}],"wp:featuredmedia":[{"embeddable":true,"href":"https:\/\/tivixiaomi.co\/en\/wp-json\/wp\/v2\/media\/62806"}],"wp:attachment":[{"href":"https:\/\/tivixiaomi.co\/en\/wp-json\/wp\/v2\/media?parent=60032"}],"wp:term":[{"taxonomy":"product_brand","embeddable":true,"href":"https:\/\/tivixiaomi.co\/en\/wp-json\/wp\/v2\/product_brand?post=60032"},{"taxonomy":"product_cat","embeddable":true,"href":"https:\/\/tivixiaomi.co\/en\/wp-json\/wp\/v2\/product_cat?post=60032"},{"taxonomy":"product_tag","embeddable":true,"href":"https:\/\/tivixiaomi.co\/en\/wp-json\/wp\/v2\/product_tag?post=60032"}],"curies":[{"name":"wp","href":"https:\/\/api.w.org\/{rel}","templated":true}]}}