{"id":60040,"date":"2021-04-20T17:43:53","date_gmt":"2021-04-20T10:43:53","guid":{"rendered":"https:\/\/tivixiaomi.co\/?post_type=product&#038;p=60040"},"modified":"2024-09-04T13:43:15","modified_gmt":"2024-09-04T06:43:15","slug":"tivi-xiaomi-ea43-inch","status":"publish","type":"product","link":"https:\/\/tivixiaomi.co\/en\/tivi\/tivi-xiaomi-ea43-inch\/","title":{"rendered":"TIVI XIAOMI EA43 2022 SERIES (Gi\u00e1 \u0111\u00e3 bao g\u1ed3m thu\u1ebf gi\u00e1 tr\u1ecb gia t\u0103ng v\u00e0 g\u00f3i d\u1ecbch v\u1ee5 1 n\u0103m b\u1ea3o h\u00e0nh)"},"content":{"rendered":"<p>To\u00e0n m\u00e0n h\u00ecnh b\u1eb1ng kim lo\u1ea1i Unibody \/ Gi\u1ecdng n\u00f3i Bluetooth \/ MIUI cho gi\u1ea3i m\u00e3 \u00e2m thanh TV3.0 \/ DTS \/ M\u00e0n h\u00ecnh t\u1ef7 l\u1ec7 m\u00e0n h\u00ecnh tr\u00ean th\u00e2n m\u00e1y c\u1ef1c cao<\/p><p>Xiaomi\u00a0v\u1eeba ch\u00ednh th\u1ee9c gi\u1edbi thi\u1ec7u d\u00f2ng s\u1ea3n ph\u1ea9m <a href=\"https:\/\/tivixiaomi.co\/danh-muc\/tivi-xiaomi-ea-2022\/\" target=\"_blank\" rel=\"noreferrer noopener\">Mi TV EA 2022<\/a> t\u1ea1i Trung Qu\u1ed1c v\u1edbi thi\u1ebft k\u1ebf c\u1ef1c th\u1eddi th\u01b0\u1ee3ng c\u00f9ng m\u1ee9c gi\u00e1 v\u00f4 c\u00f9ng h\u1ee3p l\u00fd. H\u00e3y c\u00f9ng Tivixiaomi.com kh\u00e1m ph\u00e1 th\u00f4ng s\u1ed1, t\u00ednh n\u0103ng, gi\u00e1 c\u1ea3 c\u1ee7a lo\u1ea1t\u00a0tivi\u00a0n\u00e0y nh\u00e9.<\/p><figure class=\"wp-block-image size-full\"><img decoding=\"async\" class=\"wp-image-60119\" src=\"https:\/\/tivixiaomi.co\/wp-content\/uploads\/2021\/04\/xiaomi-ra-mat-mi-tv-ea-2022-voi-7-kich-thuoc-tu-3-3.jpeg\" alt=\"\" \/><\/figure><p>To\u00e0n b\u1ed9 d\u00f2ng s\u1ea3n ph\u1ea9m\u00a0<strong><a href=\"https:\/\/tivixiaomi.co\/danh-muc\/tivi-xiaomi-ea-2022\/\" target=\"_blank\" rel=\"noreferrer noopener\">Xiaomi Mi TV EA 2022<\/a><\/strong>\u00a0\u0111\u1ec1u c\u00f3 thi\u1ebft k\u1ebf nguy\u00ean kh\u1ed1i b\u1eb1ng kim lo\u1ea1i v\u00e0 v\u00e0 t\u1ea5m n\u1ec1n LCD \u0111\u00e8n n\u1ec1n LED v\u1edbi\u00a0t\u1ea7n s\u1ed1 qu\u00e9t\u00a0ti\u00eau chu\u1ea9n 60Hz v\u00e0\u00a0g\u00f3c nh\u00ecn r\u1ed9ng\u00a0178 \u0111\u1ed9. B\u00ean c\u1ea1nh \u0111\u00f3, c\u00e1c phi\u00ean b\u1ea3n \u0111\u1ec1u s\u1eed d\u1ee5ng h\u1ec7 th\u1ed1ng\u00a0<strong>MIUI TV 3.0<\/strong>\u00a0m\u1edbi nh\u1ea5t, h\u1ec7 \u0111i\u1ec1u h\u00e0nh Android v\u00e0 c\u00f3 c\u1ed5ng I\/O. S\u1ef1 kh\u00e1c nhau n\u1eb1m \u1edf \u0111\u1ed9 ph\u00e2n gi\u1ea3i m\u00e0n h\u00ecnh, loa, chipset, RAM v\u00e0 \u0111i\u1ec1u khi\u1ec3n b\u1eb1ng gi\u1ecdng n\u00f3i.<\/p><p>7 k\u00edch th\u01b0\u1edbc bao g\u1ed3m\u00a0<strong>32&#8243;, 40&#8243;, 43&#8243;, 50&#8243;, 55&#8243;, 65&#8243; v\u00e0\u00a075&#8243;<\/strong>. Trong \u0111\u00f3, ch\u1ec9 duy nh\u1ea5t phi\u00ean b\u1ea3n 32&#8243; c\u00f3 \u0111\u1ed9 ph\u00e2n gi\u1ea3i HD (1366&#215;768). Phi\u00ean b\u1ea3n 40&#8243; v\u00e0 43&#8243; c\u00f3 \u0111\u1ed9 ph\u00e2n gi\u1ea3i Full HD (1920&#215;1080) v\u00e0 c\u00e1c phi\u00ean b\u1ea3n c\u00f2n l\u1ea1i c\u00f3 \u0111\u1ed9 ph\u00e2n gi\u1ea3i 4K (3840&#215;2160).<\/p><p>Phi\u00ean b\u1ea3n t\u1eeb 32&#8243; \u0111\u1ebfn 43&#8243; \u0111\u01b0\u1ee3c trang b\u1ecb chip Amlogic 64-bit l\u00f5i k\u00e9p (2 l\u00f5i ARM Cortex-A53, GPU ARM Mali-450 MP2) k\u1ebft h\u1ee3p v\u1edbi RAM 1 GB v\u00e0 b\u1ed9 nh\u1edb trong 8 GB. M\u1eb7t kh\u00e1c, phi\u00ean b\u1ea3n t\u1eeb 50&#8243; \u0111\u1ebfn 75&#8243; \u0111\u01b0\u1ee3c trang b\u1ecb chip\u00a0Amlogic\u00a064-bit\u00a0l\u00f5i t\u1ee9 (4 l\u00f5i ARM Cortext-A35, GPU ARM Mali-G31 MP2) c\u00f9ng v\u1edbi RAM 1.5 GB v\u00e0 b\u1ed9 nh\u1edb trong 8 GB.<\/p><p>T\u1ea5t c\u1ea3 c\u00e1c phi\u00ean b\u1ea3n \u0111\u1ec1u c\u00f3 th\u1ec3 k\u1ebft n\u1ed1i Wi-Fi v\u00e0 Bluetooth, 2 c\u1ed5ng HMDI (m\u1ed9t c\u1ed5ng HDMI ARC), 2 c\u1ed5ng USB, 1 c\u1ed5ng AV, 1 c\u1ed5ng Ethernet, 1 c\u1ed5ng S\/PDIF v\u00e0 1 c\u1ed5ng ATV\/DTMB.<\/p><figure class=\"wp-block-image size-large\"><img decoding=\"async\" class=\"wp-image-60120\" src=\"https:\/\/tivixiaomi.co\/wp-content\/uploads\/2021\/04\/xiaomi-ra-mat-mi-tv-ea-2022-voi-7-kich-thuoc-tu-3-2.jpeg\" alt=\"\" \/><\/figure><p>V\u1ec1 \u00e2m thanh, phi\u00ean b\u1ea3n t\u1eeb\u00a0<strong>32&#8243; \u0111\u1ebfn 43&#8243;<\/strong>\u00a0\u0111\u01b0\u1ee3c trang b\u1ecb\u00a0<strong>2 loa DTS-HD 8W<\/strong>\u00a0(16W t\u1ed5ng c\u1ed9ng) v\u00e0 remote Bluetooth \u0111\u1ec3 \u0111i\u1ec1u khi\u1ec3n b\u1eb1ng gi\u1ecdng n\u00f3i. Trong khi \u0111\u00f3, phi\u00ean b\u1ea3n t\u1eeb\u00a0<strong>50&#8243; \u0111\u1ebfn 75&#8243;<\/strong>\u00a0\u0111\u01b0\u1ee3c trang b\u1ecb\u00a0<strong>2 loa DTS-HD 10W<\/strong>\u00a0(20W t\u1ed5ng c\u1ed9ng) v\u00e0 micro t\u00edch h\u1ee3p b\u00ean trong \u0111\u1ec3 \u0111i\u1ec1u khi\u1ec3n b\u1eb1ng gi\u1ecdng n\u00f3i c\u00f9ng remote Bluetooth.<\/p>","protected":false},"excerpt":{"rendered":"<ul>\n<li>D\u00f2ng EA 2022 Series<\/li>\n<li>M\u00e0n h\u00ecnh: Full HD<\/li>\n<li>RAM: 1GB<\/li>\n<li>Dung l\u01b0\u1ee3ng: 8GB<\/li>\n<\/ul>\n","protected":false},"featured_media":62805,"comment_status":"open","ping_status":"closed","template":"","meta":[],"product_brand":[],"product_cat":[27],"product_tag":[471],"class_list":{"0":"post-60040","1":"product","2":"type-product","3":"status-publish","4":"has-post-thumbnail","6":"product_cat-chua-phan-loai","7":"product_tag-tivi-xiaomi-ea43-inch","9":"first","10":"onbackorder","11":"sale","12":"shipping-taxable","13":"purchasable","14":"product-type-simple"},"_links":{"self":[{"href":"https:\/\/tivixiaomi.co\/en\/wp-json\/wp\/v2\/product\/60040"}],"collection":[{"href":"https:\/\/tivixiaomi.co\/en\/wp-json\/wp\/v2\/product"}],"about":[{"href":"https:\/\/tivixiaomi.co\/en\/wp-json\/wp\/v2\/types\/product"}],"replies":[{"embeddable":true,"href":"https:\/\/tivixiaomi.co\/en\/wp-json\/wp\/v2\/comments?post=60040"}],"version-history":[{"count":0,"href":"https:\/\/tivixiaomi.co\/en\/wp-json\/wp\/v2\/product\/60040\/revisions"}],"wp:featuredmedia":[{"embeddable":true,"href":"https:\/\/tivixiaomi.co\/en\/wp-json\/wp\/v2\/media\/62805"}],"wp:attachment":[{"href":"https:\/\/tivixiaomi.co\/en\/wp-json\/wp\/v2\/media?parent=60040"}],"wp:term":[{"taxonomy":"product_brand","embeddable":true,"href":"https:\/\/tivixiaomi.co\/en\/wp-json\/wp\/v2\/product_brand?post=60040"},{"taxonomy":"product_cat","embeddable":true,"href":"https:\/\/tivixiaomi.co\/en\/wp-json\/wp\/v2\/product_cat?post=60040"},{"taxonomy":"product_tag","embeddable":true,"href":"https:\/\/tivixiaomi.co\/en\/wp-json\/wp\/v2\/product_tag?post=60040"}],"curies":[{"name":"wp","href":"https:\/\/api.w.org\/{rel}","templated":true}]}}