{"id":60432,"date":"2021-06-10T17:20:20","date_gmt":"2021-06-10T10:20:20","guid":{"rendered":"https:\/\/tivixiaomi.co\/?post_type=product&#038;p=60432"},"modified":"2021-10-22T17:24:36","modified_gmt":"2021-10-22T10:24:36","slug":"mi-robot-vacuum-mop-essential","status":"publish","type":"product","link":"https:\/\/tivixiaomi.co\/en\/tivi\/mi-robot-vacuum-mop-essential\/","title":{"rendered":"Robot lau nh\u00e0 Mi Robot Vacuum-Mop Essential SKV4136GL"},"content":{"rendered":"<h3 class=\"title-h1\" style=\"text-align: center;\">Robot lau nh\u00e0<br \/>\nMi Robot Vacuum-Mop Essential<\/h3>\n<p class=\"desc\" style=\"text-align: center;\">Kh\u1ea3 n\u0103ng l\u00e0m s\u1ea1ch m\u1ea1nh<br \/>\nm\u1ebd th\u00edch h\u1ee3p cho h\u1ed9 gia \u0111\u00ecnh v\u1eeba v\u00e0 nh\u1ecf<\/p>\n<p><img fetchpriority=\"high\" decoding=\"async\" class=\"wp-image-60434 size-large aligncenter\" src=\"https:\/\/tivixiaomi.co\/wp-content\/uploads\/2021\/06\/bg_01-1024x400.jpeg\" alt=\"\" width=\"1024\" height=\"400\" srcset=\"https:\/\/tivixiaomi.co\/wp-content\/uploads\/2021\/06\/bg_01-1024x400.jpeg 1024w, https:\/\/tivixiaomi.co\/wp-content\/uploads\/2021\/06\/bg_01-jpeg-150x59.webp 150w, https:\/\/tivixiaomi.co\/wp-content\/uploads\/2021\/06\/bg_01-600x234.jpeg 600w, https:\/\/tivixiaomi.co\/wp-content\/uploads\/2021\/06\/bg_01-300x117.jpeg 300w, https:\/\/tivixiaomi.co\/wp-content\/uploads\/2021\/06\/bg_01-768x300.jpeg 768w, https:\/\/tivixiaomi.co\/wp-content\/uploads\/2021\/06\/bg_01-1536x600.jpeg 1536w, https:\/\/tivixiaomi.co\/wp-content\/uploads\/2021\/06\/bg_01-2048x800.jpeg 2048w\" sizes=\"(max-width: 1024px) 100vw, 1024px\" \/><\/p>\n<h3 style=\"text-align: center;\">16 t\u00ednh n\u0103ng ch\u00ednh<br \/>\nGi\u1ea3i ph\u00e1p v\u1ec7 sinh ti\u1ec7n l\u1ee3i cho c\u00e1c h\u1ed9 gia \u0111\u00ecnh v\u1eeba v\u00e0 nh\u1ecf<\/h3>\n<p><img decoding=\"async\" class=\"aligncenter wp-image-60435 size-large\" src=\"https:\/\/tivixiaomi.co\/wp-content\/uploads\/2021\/06\/Screenshot-2021-06-10-at-17-10-16-Mi-Vietnam-1024x299.png\" alt=\"\" width=\"1024\" height=\"299\" srcset=\"https:\/\/tivixiaomi.co\/wp-content\/uploads\/2021\/06\/Screenshot-2021-06-10-at-17-10-16-Mi-Vietnam-1024x299.png 1024w, https:\/\/tivixiaomi.co\/wp-content\/uploads\/2021\/06\/Screenshot-2021-06-10-at-17-10-16-Mi-Vietnam-150x44.png 150w, https:\/\/tivixiaomi.co\/wp-content\/uploads\/2021\/06\/Screenshot-2021-06-10-at-17-10-16-Mi-Vietnam-600x175.png 600w, https:\/\/tivixiaomi.co\/wp-content\/uploads\/2021\/06\/Screenshot-2021-06-10-at-17-10-16-Mi-Vietnam-300x88.png 300w, https:\/\/tivixiaomi.co\/wp-content\/uploads\/2021\/06\/Screenshot-2021-06-10-at-17-10-16-Mi-Vietnam-768x225.png 768w, https:\/\/tivixiaomi.co\/wp-content\/uploads\/2021\/06\/Screenshot-2021-06-10-at-17-10-16-Mi-Vietnam.png 1440w\" sizes=\"(max-width: 1024px) 100vw, 1024px\" \/><\/p>\n<h3 style=\"text-align: center;\">C\u1ea5u h\u00ecnh hi\u1ec7u qu\u1ea3 \u0111\u1ec3 v\u1ec7 sinh v\u00e0 lau nh\u00e0<br \/>\nC\u00f4ng su\u1ea5t l\u00e0m s\u1ea1ch m\u1ea1nh g\u1ea5p \u0111\u00f4i<\/h3>\n<h3 style=\"text-align: center;\">Thi\u1ebft b\u1ecb c\u00f3 l\u1ef1c h\u00fat m\u1ea1nh m\u1ebd l\u00ean \u0111\u1ebfn 2200 Pa*<br \/>\nL\u00e0m s\u1ea1ch hi\u1ec7u qu\u1ea3 c\u00e1c k\u1ebd h\u1edf<\/h3>\n<p style=\"text-align: center;\">S\u1ee9c m\u1ea1nh l\u00e0m s\u1ea1ch t\u1eeb l\u1ef1c h\u00fat m\u1ea1nh m\u1ebd. \u0110\u1ed9ng c\u01a1 Nidec c\u1ee7a Nh\u1eadt b\u1ea3n t\u1ea1o l\u1ef1c h\u00fat m\u1ea1nh m\u1ebd l\u00ean \u0111\u1ebfn 2200 Pa*<br \/>\ngi\u00fap lo\u1ea1i b\u1ecf nhanh ch\u00f3ng b\u1ee5i b\u1ea9n tr\u00ean s\u00e0n nh\u00e0 v\u00e0 l\u00e0m s\u1ea1ch s\u00e2u c\u00e1c k\u1ebd h\u1edf.<\/p>\n<p><img decoding=\"async\" class=\"aligncenter wp-image-60436 size-large\" src=\"https:\/\/tivixiaomi.co\/wp-content\/uploads\/2021\/06\/bg_03-1024x512.jpeg\" alt=\"\" width=\"1024\" height=\"512\" srcset=\"https:\/\/tivixiaomi.co\/wp-content\/uploads\/2021\/06\/bg_03-1024x512.jpeg 1024w, https:\/\/tivixiaomi.co\/wp-content\/uploads\/2021\/06\/bg_03-jpeg-150x75.webp 150w, https:\/\/tivixiaomi.co\/wp-content\/uploads\/2021\/06\/bg_03-600x300.jpeg 600w, https:\/\/tivixiaomi.co\/wp-content\/uploads\/2021\/06\/bg_03-300x150.jpeg 300w, https:\/\/tivixiaomi.co\/wp-content\/uploads\/2021\/06\/bg_03-768x384.jpeg 768w, https:\/\/tivixiaomi.co\/wp-content\/uploads\/2021\/06\/bg_03-1536x768.jpeg 1536w, https:\/\/tivixiaomi.co\/wp-content\/uploads\/2021\/06\/bg_03-2048x1024.jpeg 2048w\" sizes=\"(max-width: 1024px) 100vw, 1024px\" \/><\/p>\n<h3 class=\"title gray\" style=\"text-align: center;\">4 c\u1ea5p \u0111\u1ed9 h\u00fat thay \u0111\u1ed5i linh ho\u1ea1t<br \/>\n\u0110\u00e1p \u1ee9ng c\u00e1c nhu c\u1ea7u l\u00e0m s\u1ea1ch trong gia \u0111\u00ecnh b\u1ea1n<\/h3>\n<p style=\"text-align: center;\">\u0110\u01b0\u1ee3c trang b\u1ecb 4 t\u00f9y ch\u1ecdn c\u1ea5p \u0111\u1ed9 h\u00fat cho c\u00e1c ph\u00f2ng v\u00e0 lo\u1ea1i b\u1ee5i b\u1ea9n kh\u00e1c nhau. D\u1ec5 d\u00e0ng l\u00e0m s\u1ea1ch m\u1ecdi lo\u1ea1i b\u1ee5i b\u1ea9n, t\u1eeb<br \/>\nnh\u1eefng v\u1eadt th\u1ec3 nh\u1ecf nh\u01b0 h\u1ea1t \u0111\u1eadu cho \u0111\u1ebfn b\u1ee5i v\u00e0 t\u00f3c.<\/p>\n<p>&nbsp;<\/p>\n<p>&nbsp;<\/p>\n<h3 style=\"text-align: center;\">\u0110i\u1ec1u khi\u1ec3n ng\u0103n ch\u1ee9a n\u01b0\u1edbc k\u1ef9 thu\u1eadt s\u1ed1,<br \/>\n3 t\u00f9y ch\u1ecdn m\u1ef1c n\u01b0\u1edbc c\u00f3 th\u1ec3 \u0111i\u1ec1u ch\u1ec9nh<br \/>\nB\u1ea3o v\u1ec7 s\u00e0n g\u1ed7 v\u00e0 s\u00e0n l\u00e1t g\u1ea1ch<\/h3>\n<p style=\"text-align: center;\">Ng\u0103n ch\u1ee9a n\u01b0\u1edbc c\u00f3 dung t\u00edch 200 ml \u0111\u01b0\u1ee3c \u0111i\u1ec1u khi\u1ec3n b\u1eb1ng \u0111i\u1ec7n t\u1eed v\u1edbi 3 t\u00f9y ch\u1ecdn m\u1ef1c n\u01b0\u1edbc gi\u00fap ki\u1ec3m so\u00e1t hi\u1ec7u qu\u1ea3 d\u00f2ng<br \/>\nn\u01b0\u1edbc, ch\u1ed1ng r\u1ec9 n\u01b0\u1edbc v\u00e0 b\u1ea3o v\u1ec7 cho s\u00e0n b\u1eb1ng g\u1ed7 v\u00e0 s\u00e0n l\u00e1t g\u1ea1ch tr\u00e1nh b\u1ecb h\u01b0 h\u1ecfng.<\/p>\n<p><img loading=\"lazy\" decoding=\"async\" class=\"alignnone size-full wp-image-60439\" src=\"https:\/\/tivixiaomi.co\/wp-content\/uploads\/2021\/06\/bg_05.jpeg\" alt=\"\" width=\"2560\" height=\"1453\" \/><\/p>\n<p>&nbsp;<\/p>\n","protected":false},"excerpt":{"rendered":"<ul>\n<li>Giao h\u00e0ng\u00a0t\u1eeb 24-48 gi\u1edd<\/li>\n<li>Kh\u1ea3 n\u0103ng l\u00e0m s\u1ea1ch m\u1ea1nh m\u1ebd th\u00edch h\u1ee3p cho h\u1ed9 gia \u0111\u00ecnh v\u1eeba v\u00e0 nh\u1ecf<\/li>\n<\/ul>\n","protected":false},"featured_media":60433,"comment_status":"open","ping_status":"closed","template":"","meta":[],"product_brand":[],"product_cat":[288],"product_tag":[],"class_list":{"0":"post-60432","1":"product","2":"type-product","3":"status-publish","4":"has-post-thumbnail","6":"product_cat-robot-don-nha-xiaomi","8":"first","9":"outofstock","10":"sale","11":"shipping-taxable","12":"purchasable","13":"product-type-simple"},"_links":{"self":[{"href":"https:\/\/tivixiaomi.co\/en\/wp-json\/wp\/v2\/product\/60432"}],"collection":[{"href":"https:\/\/tivixiaomi.co\/en\/wp-json\/wp\/v2\/product"}],"about":[{"href":"https:\/\/tivixiaomi.co\/en\/wp-json\/wp\/v2\/types\/product"}],"replies":[{"embeddable":true,"href":"https:\/\/tivixiaomi.co\/en\/wp-json\/wp\/v2\/comments?post=60432"}],"version-history":[{"count":0,"href":"https:\/\/tivixiaomi.co\/en\/wp-json\/wp\/v2\/product\/60432\/revisions"}],"wp:featuredmedia":[{"embeddable":true,"href":"https:\/\/tivixiaomi.co\/en\/wp-json\/wp\/v2\/media\/60433"}],"wp:attachment":[{"href":"https:\/\/tivixiaomi.co\/en\/wp-json\/wp\/v2\/media?parent=60432"}],"wp:term":[{"taxonomy":"product_brand","embeddable":true,"href":"https:\/\/tivixiaomi.co\/en\/wp-json\/wp\/v2\/product_brand?post=60432"},{"taxonomy":"product_cat","embeddable":true,"href":"https:\/\/tivixiaomi.co\/en\/wp-json\/wp\/v2\/product_cat?post=60432"},{"taxonomy":"product_tag","embeddable":true,"href":"https:\/\/tivixiaomi.co\/en\/wp-json\/wp\/v2\/product_tag?post=60432"}],"curies":[{"name":"wp","href":"https:\/\/api.w.org\/{rel}","templated":true}]}}