{"id":60444,"date":"2021-06-10T18:44:55","date_gmt":"2021-06-10T11:44:55","guid":{"rendered":"https:\/\/tivixiaomi.co\/?post_type=product&#038;p=60444"},"modified":"2022-06-27T13:35:24","modified_gmt":"2022-06-27T06:35:24","slug":"robot-lau-nha-mi-robot-vacuum-mop-p-skv4109gl","status":"publish","type":"product","link":"https:\/\/tivixiaomi.co\/en\/tivi\/robot-lau-nha-mi-robot-vacuum-mop-p-skv4109gl\/","title":{"rendered":"Robot lau nh\u00e0 Mi Robot Vacuum-Mop P SKV4109GL"},"content":{"rendered":"<h3>Robot h\u00fat b\u1ee5i Xiaomi Vacuum Mop Pro SKV4109GL\u00a0ho\u1ea1t \u0111\u1ed9ng kh\u00f4ng d\u00e2y th\u00f4ng minh, thi\u1ebft k\u1ebf sang tr\u1ecdng l\u00e0m \u0111\u1eb9p kh\u00f4ng gian s\u1ed1ng hi\u1ec7n \u0111\u1ea1i<\/h3>\n<p>Robot h\u00fat b\u1ee5i\u00a0v\u1edbi chi\u1ec1u cao 13.3 cm, d\u1ec5 d\u00e0ng \u0111i qua g\u1ea7m t\u1ee7, k\u1ec7, b\u00e0n hay gh\u1ebf sofa\u2026 \u0111\u1ec3 l\u00e0m s\u1ea1ch k\u0129 c\u00e0ng t\u1eadn m\u1ecdi ng\u00f3c ng\u00e1ch. S\u1ea3n ph\u1ea9m ti\u1ec7n \u00edch cho c\u00e1c gia \u0111\u00ecnh b\u1eadn r\u1ed9n, v\u0103n ph\u00f2ng, ph\u00f2ng chung c\u01b0 cao t\u1ea7ng\u2026<\/p>\n<p><a class=\"preventdefault\" href=\"https:\/\/www.thegioididong.com\/images\/1990\/226790\/robot-hut-bui-xiaomi-vacuum-mop-pro-skv4109gl-145120-015156.jpg\" target=\"_blank\" rel=\"noopener\"><img decoding=\"async\" class=\" ls-is-cached lazyloaded\" title=\"M\u1ecfng g\u1ecdn, sang tr\u1ecdng - Robot h\u00fat b\u1ee5i Xiaomi Vacuum Mop Pro SKV4109GL\" src=\"https:\/\/cdn.tgdd.vn\/Products\/Images\/1990\/226790\/robot-hut-bui-xiaomi-vacuum-mop-pro-skv4109gl-145120-015156.jpg\" alt=\"M\u1ecfng g\u1ecdn, sang tr\u1ecdng - Robot h\u00fat b\u1ee5i Xiaomi Vacuum Mop Pro SKV4109GL\" data-src=\"https:\/\/cdn.tgdd.vn\/Products\/Images\/1990\/226790\/robot-hut-bui-xiaomi-vacuum-mop-pro-skv4109gl-145120-015156.jpg\" \/><\/a><\/p>\n<h3>C\u00f4ng su\u1ea5t h\u00fat 2100 Pa v\u1edbi \u0111\u1ed9ng c\u01a1 kh\u00f4ng ch\u1ed5i than t\u1ea1o l\u1ef1c m\u1ea1nh m\u1ebd h\u00fat d\u1ecdn s\u1ea1ch m\u1ecdi lo\u1ea1i c\u1eb7n b\u1ea9n trong ng\u00f4i nh\u00e0 b\u1ea1n<\/h3>\n<p>B\u1ea1n c\u00f3 th\u1ec3 ch\u1ecdn ch\u1ebf \u0111\u1ed9 th\u1ea5p \u0111\u1ec3 thi\u1ebft b\u1ecb d\u1ecdn d\u1eb9p c\u00e1ch \u00eam \u00e1i khi \u1edf nh\u00e0, v\u00e0 ch\u1ecdn m\u1ee9c c\u00f4ng su\u1ea5t t\u1ed1i \u0111a \u0111\u1ec3 d\u1ecdn d\u1eb9p nhanh ch\u00f3ng nh\u1ea5t khi kh\u00f4ng \u1edf nh\u00e0.<\/p>\n<p><a class=\"preventdefault\" href=\"https:\/\/www.thegioididong.com\/images\/1990\/226790\/robot-hut-bui-xiaomi-vacuum-mop-pro-skv4109gl-100320-040344.jpg\" target=\"_blank\" rel=\"noopener\"><img decoding=\"async\" class=\" ls-is-cached lazyloaded\" title=\"Ho\u1ea1t \u0111\u1ed9ng m\u1ea1nh m\u1ebd - Robot h\u00fat b\u1ee5i Xiaomi Vacuum Mop Pro SKV4109GL\" src=\"https:\/\/cdn.tgdd.vn\/Products\/Images\/1990\/226790\/robot-hut-bui-xiaomi-vacuum-mop-pro-skv4109gl-100320-040344.jpg\" alt=\"Ho\u1ea1t \u0111\u1ed9ng m\u1ea1nh m\u1ebd - Robot h\u00fat b\u1ee5i Xiaomi Vacuum Mop Pro SKV4109GL\" data-src=\"https:\/\/cdn.tgdd.vn\/Products\/Images\/1990\/226790\/robot-hut-bui-xiaomi-vacuum-mop-pro-skv4109gl-100320-040344.jpg\" \/><\/a><\/p>\n<h3>Thi\u1ebft k\u1ebf 2 trong 1,\u00a0v\u1eeba h\u00fat b\u1ee5i, v\u1eeba lau s\u00e0n\u00a0ti\u1ec7n d\u1ee5ng<\/h3>\n<p>Dung t\u00edch h\u1ed9p ch\u1ee9a 0.55 l\u00edt v\u1edbi h\u1ed9p ch\u1ee9a b\u1ee5i 0.35 l\u00edt v\u00e0 h\u1ed9p ch\u1ee9a n\u01b0\u1edbc 0.2 l\u00edt, c\u00f3 th\u1ec3 th\u00e1o l\u1eafp d\u1ec5 d\u00e0ng, gi\u00fap ng\u01b0\u1eddi d\u00f9ng v\u1ec7 sinh 1 c\u00e1ch nhanh ch\u00f3ng.<\/p>\n<p>Ch\u1ee9c n\u0103ng lau s\u00e0n gi\u00fap ng\u01b0\u1eddi d\u00f9ng l\u00e0m s\u1ea1ch hi\u1ec7u qu\u1ea3 c\u00e1c v\u1ebft b\u1ea9n do gi\u00e0y, v\u1ebft ch\u00e2n th\u00fa, v\u1ebft b\u00f9n \u0111\u1ea5t do b\u00e1nh xe di chuy\u1ec3n th\u1eadt hi\u1ec7u qu\u1ea3, ti\u1ec7n l\u1ee3i. D\u1ec5 d\u00e0ng \u0111i\u1ec1u ch\u1ec9nh l\u01b0\u1ee3ng n\u01b0\u1edbc ti\u1ebft ra \u1edf thi\u1ebft b\u1ecb, \u0111\u1ec1u \u0111\u1eb7n, nhi\u1ec1u hay \u00edt theo nhu c\u1ea7u s\u1eed d\u1ee5ng \u0111\u1ec3 ph\u00f9 h\u1ee3p v\u1edbi t\u1eebng m\u1eb7t s\u00e0n.<\/p>\n<p>C\u01a1 ch\u1ebf lau m\u00f4 ph\u1ecfng ph\u01b0\u01a1ng ph\u00e1p l\u00e0m s\u1ea1ch th\u1ee7 c\u00f4ng, lau theo c\u1ea3 2 h\u01b0\u1edbng tr\u00e1i v\u00e0 ph\u1ea3i 2 chi\u1ec1u, d\u1ea1ng x\u01b0\u01a1ng c\u00e1, gi\u00fap s\u00e0n nh\u00e0 s\u1ea1ch s\u1ebd th\u01a1m m\u00e1t h\u01a1n, lo\u1ea1i b\u1ecf v\u1ebft b\u1ea9n t\u1ed1t h\u01a1n.<\/p>\n<p><a class=\"preventdefault\" href=\"https:\/\/www.thegioididong.com\/images\/1990\/226790\/robot-hut-bui-xiaomi-vacuum-mop-pro-skv4109gl-100120-040131.jpg\" target=\"_blank\" rel=\"noopener\"><img decoding=\"async\" class=\" ls-is-cached lazyloaded\" title=\"2 trong 1 - Robot h\u00fat b\u1ee5i Xiaomi Vacuum Mop Pro SKV4109GL\" src=\"https:\/\/cdn.tgdd.vn\/Products\/Images\/1990\/226790\/robot-hut-bui-xiaomi-vacuum-mop-pro-skv4109gl-100120-040131.jpg\" alt=\"2 trong 1 - Robot h\u00fat b\u1ee5i Xiaomi Vacuum Mop Pro SKV4109GL\" data-src=\"https:\/\/cdn.tgdd.vn\/Products\/Images\/1990\/226790\/robot-hut-bui-xiaomi-vacuum-mop-pro-skv4109gl-100120-040131.jpg\" \/><\/a><\/p>\n<p>L\u01b0u \u00fd:<\/p>\n<p>&#8211; N\u1ebfu ch\u1ecdn ch\u1ebf \u0111\u1ed9 ch\u1ec9 lau s\u00e0n th\u00ec ng\u01b0\u1eddi d\u00f9ng c\u1ea7n s\u1eed d\u1ee5ng h\u1ed9p n\u01b0\u1edbc lau ri\u00eang (kh\u00f4ng t\u1eb7ng k\u00e8m trong h\u1ed9p m\u00e1y). Xem th\u00eam t\u1ea1i\u00a0<a title=\"Web h\u00e3ng Xiaomi\" href=\"https:\/\/mivn.store\/phu-kien-robot-hut-bui-mi-robot-vacuum-mop-p-water-tank-hop-nuoc-lau\" target=\"_blank\" rel=\"noopener\">mivn.store<\/a><\/p>\n<p>&#8211; Ng\u01b0\u1ee3c l\u1ea1i, ch\u1ebf \u0111\u1ed9 h\u00fat b\u1ee5i v\u00e0 v\u1eeba h\u00fat b\u1ee5i v\u1eeba lau s\u00e0n th\u00ec s\u1eed d\u1ee5ng h\u1ed9p n\u01b0\u1edbc s\u1eb5n trong m\u00e1y b\u00ecnh th\u01b0\u1eddng.<\/p>\n<h3>Ch\u1ed1ng va ch\u1ea1m, r\u01a1i r\u1edbt, v\u01b0\u1ee3t ch\u01b0\u1edbng ng\u1ea1i v\u1eadt hi\u1ec7u qu\u1ea3 v\u1edbi 12 c\u1ea3m bi\u1ebfn \u0111a h\u01b0\u1edbng, c\u00f4ng ngh\u1ec7 \u0111i\u1ec1u h\u01b0\u1edbng th\u00f4ng minh LDS LiDAS v\u00e0 chu\u1ea9n x\u00e1c<\/h3>\n<p>H\u1ec7 th\u1ed1ng c\u1ea3m bi\u1ebfn v\u1edbi c\u00f4ng ngh\u1ec7 \u0111i\u1ec1u h\u01b0\u1edbng LDS\u00a0thi\u1ebft l\u1eadp t\u01b0\u1eddng \u1ea3o nhanh h\u01a1n, xa h\u01a1n, ch\u00ednh x\u00e1c h\u01a1n gi\u00fap robot t\u1ef1 gi\u1edbi h\u1ea1n ph\u1ea1m vi ho\u1ea1t \u0111\u1ed9ng an to\u00e0n.<\/p>\n<p>C\u1ea3m bi\u1ebfn kho\u1ea3ng c\u00e1ch, c\u1ea3m bi\u1ebfn \u0111o \u0111\u1ed9 cao, c\u1ea3m bi\u1ebfn d\u1ed1c, c\u1ea3m bi\u1ebfn si\u00eau \u00e2m, c\u1ea3m bi\u1ebfn t\u01b0\u1eddng, c\u1ea3m bi\u1ebfn r\u01a1i&#8230; ho\u1ea1t \u0111\u1ed9ng theo thu\u1eadt to\u00e1n SLAM (Simultaneous Localization and Mapping) h\u1ed7 tr\u1ee3 ph\u00e2n t\u00edch v\u00e0 thi\u1ebft l\u1eadp kho\u1ea3ng c\u00e1ch an to\u00e0n v\u1edbi v\u1eadt c\u1ea3n.<\/p>\n<p>B\u1ed9 ghi nh\u1edb v\u1ecb tr\u00ed si\u00eau vi\u1ec7t d\u1ec5 d\u00e0ng ph\u00e1t hi\u1ec7n tr\u00e1nh \u0111\u01b0\u1ee3c ch\u01b0\u1edbng ng\u1ea1i v\u1eadt, m\u00e1y v\u01b0\u1ee3t c\u00e1c v\u1eadt c\u1ea3n c\u00f3 \u0111\u1ed9 cao 2 cm d\u1ec5 d\u00e0ng.<\/p>\n<p><a class=\"preventdefault\" href=\"https:\/\/www.thegioididong.com\/images\/1990\/226790\/robot-hut-bui-xiaomi-vacuum-mop-pro-skv4109gl-100120-040137.jpg\" target=\"_blank\" rel=\"noopener\"><img decoding=\"async\" class=\" lazyloaded\" title=\"Ho\u1ea1t \u0111\u1ed9ng th\u00f4ng minh - Robot h\u00fat b\u1ee5i Xiaomi Vacuum Mop Pro SKV4109GL\" src=\"https:\/\/cdn.tgdd.vn\/Products\/Images\/1990\/226790\/robot-hut-bui-xiaomi-vacuum-mop-pro-skv4109gl-100120-040137.jpg\" alt=\"Ho\u1ea1t \u0111\u1ed9ng th\u00f4ng minh - Robot h\u00fat b\u1ee5i Xiaomi Vacuum Mop Pro SKV4109GL\" data-src=\"https:\/\/cdn.tgdd.vn\/Products\/Images\/1990\/226790\/robot-hut-bui-xiaomi-vacuum-mop-pro-skv4109gl-100120-040137.jpg\" \/><\/a><\/p>\n<h3>Ho\u1ea1t \u0111\u1ed9ng b\u1ec1n b\u1ec9 t\u1edbi 110 ph\u00fat v\u1edbi dung l\u01b0\u1ee3ng pin l\u00ean \u0111\u1ebfn 3200 mAh, t\u1ef1 \u0111\u1ed9ng quay v\u1ec1 \u0111\u1ebf s\u1ea1c<\/h3>\n<p>Robot h\u00fat b\u1ee5i l\u00e0m vi\u1ec7c theo l\u1eadp tr\u00ecnh, t\u1ef1 \u0111\u1ed9ng quay v\u1ec1 \u0111\u1ebf s\u1ea1c khi pin xu\u1ed1ng t\u1edbi 20%, t\u1ef1 ng\u1eaft khi s\u1ea1c \u0111\u1ea7y v\u00e0 ho\u1ea1t \u0111\u1ed9ng l\u1ea1i b\u00ecnh th\u01b0\u1eddng, \u0111\u1ea3m b\u1ea3o hi\u1ec7u qu\u1ea3 l\u00e0m vi\u1ec7c.\u00a0Th\u1eddi gian s\u1ea1c \u0111\u1ea7y kho\u1ea3ng 2.5 gi\u1edd.<\/p>\n<p><a class=\"preventdefault\" href=\"https:\/\/www.thegioididong.com\/images\/1990\/226790\/robot-hut-bui-xiaomi-vacuum-mop-pro-skv4109gl-100120-040143.jpg\" target=\"_blank\" rel=\"noopener\"><img decoding=\"async\" class=\" lazyloaded\" title=\"Pin kh\u1ecfe - Robot h\u00fat b\u1ee5i Xiaomi Vacuum Mop Pro SKV4109GL\" src=\"https:\/\/cdn.tgdd.vn\/Products\/Images\/1990\/226790\/robot-hut-bui-xiaomi-vacuum-mop-pro-skv4109gl-100120-040143.jpg\" alt=\"Pin kh\u1ecfe - Robot h\u00fat b\u1ee5i Xiaomi Vacuum Mop Pro SKV4109GL\" data-src=\"https:\/\/cdn.tgdd.vn\/Products\/Images\/1990\/226790\/robot-hut-bui-xiaomi-vacuum-mop-pro-skv4109gl-100120-040143.jpg\" \/><\/a><\/p>\n<h3>L\u1eadp tr\u00ecnh, \u0111i\u1ec1u khi\u1ec3n robot t\u1eeb xa qua\u00a0\u1ee9ng d\u1ee5ng Mi Home\u00a0tr\u00ean Smartphone<\/h3>\n<p>V\u1edbi b\u1ea3n \u0111\u1ed3 ng\u00f4i nh\u00e0 \u0111\u01b0\u1ee3c nh\u1eadn di\u1ec7n v\u00e0 l\u01b0u tr\u1eef tr\u00ean \u1ee9ng d\u1ee5ng \u0111i\u1ec7n tho\u1ea1i c\u1ee7a b\u1ea1n, b\u1ea1n s\u1ebd d\u1ec5 d\u00e0ng l\u1eadp tr\u00ecnh thi\u1ebft b\u1ecb, thay \u0111\u1ed5i l\u1ecbch qu\u00e9t v\u00e0 b\u1ea3n \u0111\u1ed3 qu\u00e9t, qu\u1ea3n l\u00fd \u0111i\u1ec1u khi\u1ec3n t\u1eeb xa, theo d\u00f5i l\u1ecbch tr\u00ecnh l\u00e0m vi\u1ec7c\u2026 \u0111\u1ea3m b\u1ea3o thi\u1ebft b\u1ecb lu\u00f4n ho\u1ea1t \u0111\u1ed9ng trong t\u1ea7m ki\u1ec3m so\u00e1t.<\/p>\n<p>Xem th\u00eam:\u00a0<a title=\"T\u1ea3i \u1ee9ng d\u1ee5ng Mi Home v\u1ec1 \u0111i\u1ec7n tho\u1ea1i Android\" href=\"https:\/\/play.google.com\/store\/apps\/details?id=com.xiaomi.smarthome&amp;hl=vi&amp;gl=US\" target=\"_blank\" rel=\"noopener\">T\u1ea3i \u1ee9ng d\u1ee5ng Mi Home v\u1ec1 \u0111i\u1ec7n tho\u1ea1i Android (t\u1eeb 4.4 tr\u1edf l\u00ean)<\/a>\u00a0v\u00e0\u00a0<a title=\"T\u1ea3i \u1ee9ng d\u1ee5ng Mi Home v\u1ec1 iphone \" href=\"https:\/\/apps.apple.com\/vn\/app\/mi-home-xiaomi-smarthome\/id957323480?l=vi#?platform=iphone\" target=\"_blank\" rel=\"noopener\">t\u1ea3i \u1ee9ng d\u1ee5ng Mi Home v\u1ec1 iphone (iOS\u00a09.0 tr\u1edf l\u00ean)<\/a>.<\/p>\n<p><a class=\"preventdefault\" href=\"https:\/\/www.thegioididong.com\/images\/1990\/226790\/robot-hut-bui-xiaomi-vacuum-mop-pro-skv4109gl-100120-040150.jpg\" target=\"_blank\" rel=\"noopener\"><img decoding=\"async\" class=\" lazyloaded\" title=\"\u0110i\u1ec1u khi\u1ec3n qua \u1ee9ng d\u1ee5ng th\u00f4ng minh - Robot h\u00fat b\u1ee5i Xiaomi Vacuum Mop Pro SKV4109GL\" src=\"https:\/\/cdn.tgdd.vn\/Products\/Images\/1990\/226790\/robot-hut-bui-xiaomi-vacuum-mop-pro-skv4109gl-100120-040150.jpg\" alt=\"\u0110i\u1ec1u khi\u1ec3n qua \u1ee9ng d\u1ee5ng th\u00f4ng minh - Robot h\u00fat b\u1ee5i Xiaomi Vacuum Mop Pro SKV4109GL\" data-src=\"https:\/\/cdn.tgdd.vn\/Products\/Images\/1990\/226790\/robot-hut-bui-xiaomi-vacuum-mop-pro-skv4109gl-100120-040150.jpg\" \/><\/a><\/p>\n<h3>Robot \u0111\u01b0\u1ee3c trang b\u1ecb\u00a0b\u1ed9 l\u1ecdc HEPA, gi\u00fap l\u1ecdc s\u1ea1ch b\u1ee5i b\u1ea9n, gi\u1eef kh\u00f4ng gian nh\u00e0 lu\u00f4n th\u00f4ng tho\u00e1ng, trong l\u00e0nh.<\/h3>\n<p><a class=\"preventdefault\" href=\"https:\/\/www.thegioididong.com\/images\/1990\/226790\/robot-hut-bui-xiaomi-vacuum-mop-pro-skv4109gl-100120-040156.jpg\" target=\"_blank\" rel=\"noopener\"><img decoding=\"async\" class=\" lazyloaded\" title=\"L\u1ecdc hepa - Robot h\u00fat b\u1ee5i Xiaomi Vacuum Mop Pro SKV4109GL\" src=\"https:\/\/cdn.tgdd.vn\/Products\/Images\/1990\/226790\/robot-hut-bui-xiaomi-vacuum-mop-pro-skv4109gl-100120-040156.jpg\" alt=\"L\u1ecdc hepa - Robot h\u00fat b\u1ee5i Xiaomi Vacuum Mop Pro SKV4109GL\" data-src=\"https:\/\/cdn.tgdd.vn\/Products\/Images\/1990\/226790\/robot-hut-bui-xiaomi-vacuum-mop-pro-skv4109gl-100120-040156.jpg\" \/><\/a><\/p>\n<h3>C\u00e1c chi ti\u1ebft th\u00e1o r\u1eddi d\u1ec5 d\u00e0ng, ti\u1ec7n l\u1ee3i cho vi\u1ec7c v\u1ec7 sinh, b\u1ea3o qu\u1ea3n, b\u1ea3o tr\u00ec thi\u1ebft b\u1ecb<\/h3>\n<p><a class=\"preventdefault\" href=\"https:\/\/www.thegioididong.com\/images\/1990\/226790\/robot-hut-bui-xiaomi-vacuum-mop-pro-skv4109gl-100220-040202.jpg\" target=\"_blank\" rel=\"noopener\"><img decoding=\"async\" class=\" lazyloaded\" title=\"D\u1ec5 d\u00e0ng v\u1ec7 sinh - Robot h\u00fat b\u1ee5i Xiaomi Vacuum Mop Pro SKV4109GL\" src=\"https:\/\/cdn.tgdd.vn\/Products\/Images\/1990\/226790\/robot-hut-bui-xiaomi-vacuum-mop-pro-skv4109gl-100220-040202.jpg\" alt=\"D\u1ec5 d\u00e0ng v\u1ec7 sinh - Robot h\u00fat b\u1ee5i Xiaomi Vacuum Mop Pro SKV4109GL\" data-src=\"https:\/\/cdn.tgdd.vn\/Products\/Images\/1990\/226790\/robot-hut-bui-xiaomi-vacuum-mop-pro-skv4109gl-100220-040202.jpg\" \/><\/a><\/p>\n<p>Nh\u1eefng \u0111i\u1ec1u c\u1ea7n l\u01b0u \u00fd khi s\u1eed d\u1ee5ng\u00a0robot h\u00fat b\u1ee5i Xiaomi:<\/p>\n<p>&#8211; Kh\u00f4ng \u0111\u1eb7t \u0111\u1ebf s\u1ea1c \u1edf n\u01a1i c\u00f3 \u00e1nh n\u1eafng tr\u1ef1c ti\u1ebfp, \u0111\u1ea3m b\u1ea3o c\u00f3 kho\u1ea3ng tr\u1ed1ng t\u1eeb 0,5 m\u00e9t tr\u1edf l\u00ean \u1edf hai b\u00ean c\u1ee7a \u0111\u1ebf s\u1ea1c v\u00e0 h\u01a1n 1,5 m\u00e9t \u1edf ph\u00eda tr\u01b0\u1edbc.<\/p>\n<p>&#8211;\u00a0N\u1ebfu kh\u00f4ng th\u1ec3 b\u1eadt ngu\u1ed3n thi\u1ebft b\u1ecb do pin y\u1ebfu, h\u00e3y \u0111\u1eb7t tr\u1ef1c ti\u1ebfp l\u00ean \u0111\u1ebf s\u1ea1c \u0111\u1ec3 s\u1ea1c l\u1ea1i, thi\u1ebft b\u1ecb s\u1ebd t\u1ef1 \u0111\u1ed9ng b\u1eadt khi \u1edf tr\u00ean \u0111\u1ebf s\u1ea1c v\u00e0 kh\u00f4ng th\u1ec3 t\u1eaft thi\u1ebft b\u1ecb khi n\u00f3 \u1edf tr\u00ean \u0111\u1ebf s\u1ea1c.<\/p>\n<p>&#8211; Th\u00e1o gi\u00e1 \u0111\u1ee1 mi\u1ebfng lau khi m\u00e1y h\u00fat b\u1ee5i \u0111ang s\u1ea1c ho\u1eb7c kh\u00f4ng s\u1eed d\u1ee5ng.<\/p>\n<p>&#8211; N\u00ean thay b\u1ed9 l\u1ecdc t\u1eeb 3 &#8211; 6 th\u00e1ng m\u1ed9t l\u1ea7n, th\u01b0\u1eddng xuy\u00ean v\u1ec7 sinh ng\u0103n ch\u1ee9a b\u1ee5i\u00a0\u0111\u1ec3 ng\u0103n ch\u1ea5t b\u1ea9n t\u00edch t\u1ee5, gi\u00fap\u00a0duy tr\u00ec hi\u1ec7u su\u1ea5t t\u1ed1i \u01b0u.<\/p>\n<p>Robot h\u00fat b\u1ee5i Xiaomi Vacuum Mop Pro SKV4109GL\u00a0g\u1ecdn nh\u1eb9, ti\u1ec7n l\u1ee3i, ho\u1ea1t \u0111\u1ed9ng th\u00f4ng minh, ph\u1ee5c v\u1ee5 h\u1eefu \u00edch cho nh\u1ecbp s\u1ed1ng th\u1eddi hi\u1ec7n \u0111\u1ea1i, t\u1ea1o kh\u00f4ng gian s\u1ed1ng s\u1ea1ch an to\u00e0n cho gia \u0111\u00ecnh.<\/p>\n<p>Ngu\u1ed3n: dienmayxanh<\/p>\n","protected":false},"excerpt":{"rendered":"<ul>\n<li>Giao h\u00e0ng t\u1eeb 24 gi\u1edd<\/li>\n<li>G\u1ecdi \u0111\u1eb7t mua 091.750.9119 (8:30 \u2013 22:00)<\/li>\n<li>Lau nh\u00e0, h\u00fat b\u1ee5i cho s\u00e0n s\u1ea1ch nh\u01b0 m\u1edbi b\u1eb1ng m\u1ed9t thi\u1ebft b\u1ecb duy nh\u1ea5t<\/li>\n<\/ul>\n","protected":false},"featured_media":61303,"comment_status":"open","ping_status":"closed","template":"","meta":[],"product_brand":[],"product_cat":[288],"product_tag":[],"class_list":{"0":"post-60444","1":"product","2":"type-product","3":"status-publish","4":"has-post-thumbnail","6":"product_cat-robot-don-nha-xiaomi","8":"first","9":"outofstock","10":"sale","11":"shipping-taxable","12":"purchasable","13":"product-type-simple"},"_links":{"self":[{"href":"https:\/\/tivixiaomi.co\/en\/wp-json\/wp\/v2\/product\/60444"}],"collection":[{"href":"https:\/\/tivixiaomi.co\/en\/wp-json\/wp\/v2\/product"}],"about":[{"href":"https:\/\/tivixiaomi.co\/en\/wp-json\/wp\/v2\/types\/product"}],"replies":[{"embeddable":true,"href":"https:\/\/tivixiaomi.co\/en\/wp-json\/wp\/v2\/comments?post=60444"}],"version-history":[{"count":0,"href":"https:\/\/tivixiaomi.co\/en\/wp-json\/wp\/v2\/product\/60444\/revisions"}],"wp:featuredmedia":[{"embeddable":true,"href":"https:\/\/tivixiaomi.co\/en\/wp-json\/wp\/v2\/media\/61303"}],"wp:attachment":[{"href":"https:\/\/tivixiaomi.co\/en\/wp-json\/wp\/v2\/media?parent=60444"}],"wp:term":[{"taxonomy":"product_brand","embeddable":true,"href":"https:\/\/tivixiaomi.co\/en\/wp-json\/wp\/v2\/product_brand?post=60444"},{"taxonomy":"product_cat","embeddable":true,"href":"https:\/\/tivixiaomi.co\/en\/wp-json\/wp\/v2\/product_cat?post=60444"},{"taxonomy":"product_tag","embeddable":true,"href":"https:\/\/tivixiaomi.co\/en\/wp-json\/wp\/v2\/product_tag?post=60444"}],"curies":[{"name":"wp","href":"https:\/\/api.w.org\/{rel}","templated":true}]}}