{"id":60610,"date":"2021-06-28T14:19:32","date_gmt":"2021-06-28T07:19:32","guid":{"rendered":"https:\/\/tivixiaomi.co\/?post_type=product&#038;p=60610"},"modified":"2024-07-06T17:18:36","modified_gmt":"2024-07-06T10:18:36","slug":"mitv6-75","status":"publish","type":"product","link":"https:\/\/tivixiaomi.co\/en\/tivi\/mitv6-75\/","title":{"rendered":"TIVI XIAOMI Mi TV 6 XTREME 75 inch"},"content":{"rendered":"<p><\/p>\r\n<p><iframe title=\"\u0110\u00e1nh gi\u00e1 Android TV Xiaomi TV6 Extreme Edition: 30 tri\u1ec7u c\u00f3 65 inch 4K 120Hz camera th\u00f2 th\u1ee5t!\" width=\"640\" height=\"360\" src=\"https:\/\/www.youtube.com\/embed\/0TzqiieY_1k?feature=oembed\" frameborder=\"0\" allow=\"accelerometer; autoplay; clipboard-write; encrypted-media; gyroscope; picture-in-picture; web-share\" referrerpolicy=\"strict-origin-when-cross-origin\" allowfullscreen><\/iframe><\/p>\r\n<h3 class=\"wp-block-heading\" id=\"h-h-m-28-06-xiaomi-cho-ra-m-t-2-m-u-smart-tv-m-i-nh-t-ch-nh-l-mi-tv-6-extreme-edition-v-mi-tv-es-2022-t-i-s-ki-n-ra-m-t-t-ng-gi-m-c-c-a-xiaomi-tv-pan-jun-tuy-n-b-r-ng-xiaomi-ho-n-to-n-t-tin-v-o-vi-c-trang-b-ph-n-c-ng-t-t-nh-t-cho-c-c-m-u-smart-tv-m-i-ra-m-t-n-y\">H\u00f4m 28\/06,\u00a0Xiaomi\u00a0\u0111\u00e3 cho ra m\u1eaft 2 m\u1eabu Smart TV m\u1edbi nh\u1ea5t \u0111\u00f3 ch\u00ednh l\u00e0 <a href=\"https:\/\/tivixiaomi.co\/danh-muc\/mitv6\/\">Mi TV 6 Extreme Edition<\/a> v\u00e0 <a href=\"https:\/\/tivixiaomi.co\/danh-muc\/mitv-es\/\">Mi TV ES 2022<\/a>. T\u1ea1i s\u1ef1 ki\u1ec7n ra m\u1eaft, t\u1ed5ng gi\u00e1m \u0111\u1ed1c c\u1ee7a Xiaomi TV &#8211; Pan Jun \u0111\u00e3 tuy\u00ean b\u1ed1 r\u1eb1ng Xiaomi ho\u00e0n to\u00e0n t\u1ef1 tin v\u00e0o vi\u1ec7c trang b\u1ecb ph\u1ea7n c\u1ee9ng t\u1ed1t nh\u1ea5t cho c\u00e1c m\u1eabu Smart TV m\u1edbi ra m\u1eaft n\u00e0y.<\/h3>\r\n<p><\/p>\r\n<p><\/p>\r\n<p>Pan Jun c\u0169ng n\u00f3i th\u00eam r\u1eb1ng g\u00e3 kh\u1ed5ng l\u1ed3 c\u00f4ng ngh\u1ec7 Trung Qu\u1ed1c &#8211; Xiaomi \u0111\u00e3 c\u00f3 nh\u1eefng n\u00e2ng c\u1ea5p \u0111\u00e1ng k\u1ec3 v\u1ec1 ph\u1ea7n c\u1ee9ng c\u0169ng nh\u01b0 t\u1ed1i \u01b0u h\u00f3a thu\u1eadt to\u00e1n, nh\u1eb1m mang \u0111\u1ebfn cho ng\u01b0\u1eddi d\u00f9ng\u00a0ch\u1ea5t l\u01b0\u1ee3ng h\u00ecnh \u1ea3nh cao c\u1ea5p tr\u00ean c\u00e1c m\u1eabu Smart TV m\u1edbi n\u00e0y.<\/p>\r\n<p><\/p>\r\n<p><\/p>\r\n<figure class=\"wp-block-image size-large\"><img fetchpriority=\"high\" decoding=\"async\" width=\"1024\" height=\"531\" class=\"wp-image-60618\" src=\"https:\/\/tivixiaomi.co\/wp-content\/uploads\/2021\/06\/section-01-1024x531.jpg\" alt=\"\" srcset=\"https:\/\/tivixiaomi.co\/wp-content\/uploads\/2021\/06\/section-01-1024x531.jpg 1024w, https:\/\/tivixiaomi.co\/wp-content\/uploads\/2021\/06\/section-01-jpg-150x78.webp 150w, https:\/\/tivixiaomi.co\/wp-content\/uploads\/2021\/06\/section-01-600x311.jpg 600w, https:\/\/tivixiaomi.co\/wp-content\/uploads\/2021\/06\/section-01-300x156.jpg 300w, https:\/\/tivixiaomi.co\/wp-content\/uploads\/2021\/06\/section-01-768x398.jpg 768w, https:\/\/tivixiaomi.co\/wp-content\/uploads\/2021\/06\/section-01-1536x796.jpg 1536w, https:\/\/tivixiaomi.co\/wp-content\/uploads\/2021\/06\/section-01-2048x1062.jpg 2048w\" sizes=\"(max-width: 1024px) 100vw, 1024px\" \/><\/figure>\r\n<p><\/p>\r\n<p><\/p>\r\n<p>Mi TV 6 Extreme Edition c\u00f3 thi\u1ebft k\u1ebf vi\u1ec1n m\u00e0n h\u00ecnh m\u1ecfng. Ngo\u00e0i ra, thi\u1ebft b\u1ecb n\u00e0y c\u00f2n \u0111\u01b0\u1ee3c trang b\u1ecb b\u1ed9 vi x\u1eed l\u00fd MediaTek MT9950 \u0111i k\u00e8m v\u1edbi c\u00f4ng ngh\u1ec7 x\u1eed l\u00fd m\u00e0u chuy\u00ean nghi\u1ec7p\u00a03D LUT.<\/p>\r\n<p><\/p>\r\n<p><\/p>\r\n<p>Kh\u00f4ng nh\u1eefng th\u1ebf, m\u00e0n h\u00ecnh c\u1ee7a thi\u1ebft b\u1ecb n\u00e0y c\u00f3 t\u1ea7n s\u1ed1 qu\u00e9t 120 Hz v\u00e0 s\u1edf h\u1eefu c\u00f4ng ngh\u1ec7 d\u1ef1 \u0111o\u00e1n chuy\u1ec3n \u0111\u1ed9ng h\u00ecnh \u1ea3nh (MEMC) 120 Hz. M\u1ed9t trong nh\u1eefng \u0111i\u1ec3m c\u1ed9ng l\u1edbn nh\u1ea5t c\u1ee7a\u00a0Mi TV 6 Extreme Edition\u00a0\u0111\u00f3 ch\u00ednh l\u00e0 h\u1ec7 th\u1ed1ng \u00e2m thanh l\u00ean \u0111\u1ebfn 100 Watt.<\/p>\r\n<p><\/p>\r\n<p><\/p>\r\n<p>H\u01a1n n\u1eefa, Mi TV 6 Extreme Edition c\u0169ng h\u1ed7 tr\u1ee3 c\u00f4ng ngh\u1ec7 IMAX Enhanced \u0111\u1ec3 ng\u01b0\u1eddi d\u00f9ng c\u00f3 th\u1ec3 s\u1eed d\u1ee5ng TV nh\u01b0 m\u1ed9t m\u00e0n h\u00ecnh ch\u01a1i game. \u1ede m\u1eb7t tr\u01b0\u1edbc, thi\u1ebft b\u1ecb c\u00f2n \u0111\u01b0\u1ee3c trang b\u1ecb camera AI k\u00e9p 48 MP cho ph\u00e9p ng\u01b0\u1eddi d\u00f9ng th\u1ef1c hi\u1ec7n nh\u1eefng cu\u1ed9c g\u1ecdi video m\u1ed9t c\u00e1ch thu\u1eadn ti\u1ec7n.<\/p>\r\n<p><\/p>\r\n<p><\/p>\r\n<figure class=\"wp-block-image size-large\"><img decoding=\"async\" width=\"1024\" height=\"580\" class=\"wp-image-60619\" src=\"https:\/\/tivixiaomi.co\/wp-content\/uploads\/2021\/06\/section-27_tab2-1024x580.jpg\" alt=\"Mi TV Extreme Edition\" srcset=\"https:\/\/tivixiaomi.co\/wp-content\/uploads\/2021\/06\/section-27_tab2-1024x580.jpg 1024w, https:\/\/tivixiaomi.co\/wp-content\/uploads\/2021\/06\/section-27_tab2-jpg-150x85.webp 150w, https:\/\/tivixiaomi.co\/wp-content\/uploads\/2021\/06\/section-27_tab2-600x340.jpg 600w, https:\/\/tivixiaomi.co\/wp-content\/uploads\/2021\/06\/section-27_tab2-300x170.jpg 300w, https:\/\/tivixiaomi.co\/wp-content\/uploads\/2021\/06\/section-27_tab2-768x435.jpg 768w, https:\/\/tivixiaomi.co\/wp-content\/uploads\/2021\/06\/section-27_tab2-1536x869.jpg 1536w, https:\/\/tivixiaomi.co\/wp-content\/uploads\/2021\/06\/section-27_tab2-jpg.webp 1590w\" sizes=\"(max-width: 1024px) 100vw, 1024px\" \/>\r\n<figcaption><em>Camera k\u00e9p AI 48 MP tr\u00ean Mi TV 6 Extreme Edition (Ngu\u1ed3n: Gizmochina)<\/em><\/figcaption>\r\n<\/figure>\r\n<p><\/p>\r\n<p><\/p>\r\n<p>Mi TV Extreme Edition c\u00f3 h\u01a1n 100 d\u1ea3i \u0111\u00e8n n\u1ec1n tr\u00ean m\u1eabu m\u00e0n h\u00ecnh 55 inch, c\u00f2n m\u1eabu 65 inch v\u00e0 75 inch l\u1ea7n l\u01b0\u1ee3t \u0111\u01b0\u1ee3c trang b\u1ecb 224 v\u00e0 255 d\u1ea3i \u0111\u00e8n n\u1ec1n. Nh\u1eefng d\u1ea3i \u0111\u00e8n n\u1ec1n n\u00e0y c\u00f3 t\u00e1c d\u1ee5ng c\u1ea3i thi\u1ec7n \u0111\u1ed9 s\u00e1ng, \u0111\u1ed9 t\u01b0\u01a1ng ph\u1ea3n v\u00e0 ch\u1ea5t l\u01b0\u1ee3ng h\u00ecnh \u1ea3nh.<\/p>\r\n<p><\/p>\r\n<p><\/p>\r\n<p>M\u00e0n h\u00ecnh c\u1ee7a thi\u1ebft b\u1ecb c\u00f3 \u0111\u1ed9 ph\u00e2n gi\u1ea3i 4K v\u1edbi gam m\u00e0u DCI-P3 97% \u0111i k\u00e8m g\u00f3c nh\u00ecn r\u1ed9ng 178 \u0111\u1ed9. H\u01a1n n\u1eefa, thi\u1ebft b\u1ecb c\u0169ng h\u1ed7 tr\u1ee3 k\u1ebft n\u1ed1i WiFi 6 b\u0103ng t\u1ea7n k\u00e9p v\u00e0 Bluetooth 5.0.<\/p>\r\n<p><\/p>\r\n<p><\/p>\r\n<p>\u0110\u00e1ng ch\u00fa \u00fd, Mi TV Extreme Edition c\u0169ng trang b\u1ecb c\u00f4ng ngh\u1ec7 Dolby Vision HDR. Ngo\u00e0i ra, thi\u1ebft b\u1ecb n\u00e0y c\u00f2n s\u1edf h\u1eefu 4.5 GB RAM v\u00e0 64 GB b\u1ed9 nh\u1edb trong.<\/p>\r\n<p><\/p>\r\n<p><\/p>\r\n<p><\/p>","protected":false},"excerpt":{"rendered":"<ul>\n<li>D\u00f2ng 6 XTREME Series<\/li>\n<li>M\u00e0n h\u00ecnh: 4K<\/li>\n<li>RAM: 4.5GB<\/li>\n<li>Dung l\u01b0\u1ee3ng: 64GB<\/li>\n<\/ul>\n","protected":false},"featured_media":62737,"comment_status":"open","ping_status":"closed","template":"","meta":[],"product_brand":[],"product_cat":[27],"product_tag":[],"class_list":{"0":"post-60610","1":"product","2":"type-product","3":"status-publish","4":"has-post-thumbnail","6":"product_cat-chua-phan-loai","8":"first","9":"outofstock","10":"sale","11":"shipping-taxable","12":"purchasable","13":"product-type-simple"},"_links":{"self":[{"href":"https:\/\/tivixiaomi.co\/en\/wp-json\/wp\/v2\/product\/60610"}],"collection":[{"href":"https:\/\/tivixiaomi.co\/en\/wp-json\/wp\/v2\/product"}],"about":[{"href":"https:\/\/tivixiaomi.co\/en\/wp-json\/wp\/v2\/types\/product"}],"replies":[{"embeddable":true,"href":"https:\/\/tivixiaomi.co\/en\/wp-json\/wp\/v2\/comments?post=60610"}],"version-history":[{"count":0,"href":"https:\/\/tivixiaomi.co\/en\/wp-json\/wp\/v2\/product\/60610\/revisions"}],"wp:featuredmedia":[{"embeddable":true,"href":"https:\/\/tivixiaomi.co\/en\/wp-json\/wp\/v2\/media\/62737"}],"wp:attachment":[{"href":"https:\/\/tivixiaomi.co\/en\/wp-json\/wp\/v2\/media?parent=60610"}],"wp:term":[{"taxonomy":"product_brand","embeddable":true,"href":"https:\/\/tivixiaomi.co\/en\/wp-json\/wp\/v2\/product_brand?post=60610"},{"taxonomy":"product_cat","embeddable":true,"href":"https:\/\/tivixiaomi.co\/en\/wp-json\/wp\/v2\/product_cat?post=60610"},{"taxonomy":"product_tag","embeddable":true,"href":"https:\/\/tivixiaomi.co\/en\/wp-json\/wp\/v2\/product_tag?post=60610"}],"curies":[{"name":"wp","href":"https:\/\/api.w.org\/{rel}","templated":true}]}}