{"id":60766,"date":"2021-07-22T21:11:52","date_gmt":"2021-07-22T14:11:52","guid":{"rendered":"https:\/\/tivixiaomi.co\/?post_type=product&#038;p=60766"},"modified":"2025-04-12T01:56:21","modified_gmt":"2025-04-11T18:56:21","slug":"tu-lanh-viomi-inverter-456-lit-bcd-456wmsd-bac","status":"publish","type":"product","link":"https:\/\/tivixiaomi.co\/en\/tivi\/tu-lanh-viomi-inverter-456-lit-bcd-456wmsd-bac\/","title":{"rendered":"T\u1ee7 L\u1ea1nh Xiaomi Viomi Inverter 456 l\u00edt BCD-456WMSD (B\u1ea1c)"},"content":{"rendered":"<h3 class=\"article__content__title\">B\u00e0i vi\u1ebft \u0111\u00e1nh gi\u00e1 T\u1ee7 L\u1ea1nh Viomi Inverter 456 l\u00edt BCD-456WMSD (B\u1ea1c)<\/h3>\n<div class=\"embed-responsive embed-responsive-16by9\"><iframe title=\"T\u1ee7 L\u1ea1nh Viomi 456 l\u00edt BCD-456WMSD B\u1ea1c Si\u00eau r\u1ebb xu\u1ea5t hi\u1ec7n t\u1ea1i Vi\u1ec7t Nam\" width=\"640\" height=\"360\" src=\"https:\/\/www.youtube.com\/embed\/ZBdPjv92N_U?start=60&#038;feature=oembed\" frameborder=\"0\" allow=\"accelerometer; autoplay; clipboard-write; encrypted-media; gyroscope; picture-in-picture; web-share\" referrerpolicy=\"strict-origin-when-cross-origin\" allowfullscreen><\/iframe><\/div>\n<p><img fetchpriority=\"high\" decoding=\"async\" class=\"alignnone wp-image-70021 size-full\" src=\"https:\/\/www.viomi.vn\/wp-content\/uploads\/2021\/06\/1d.jpg\" alt=\"\" width=\"600\" height=\"991\" \/> <img decoding=\"async\" class=\"alignnone wp-image-70022 size-full\" src=\"https:\/\/www.viomi.vn\/wp-content\/uploads\/2021\/06\/2d.jpg\" alt=\"\" width=\"600\" height=\"583\" \/> <img decoding=\"async\" class=\"alignnone wp-image-70023 size-full\" src=\"https:\/\/www.viomi.vn\/wp-content\/uploads\/2021\/06\/3d.jpg\" alt=\"\" width=\"600\" height=\"894\" \/> <img loading=\"lazy\" decoding=\"async\" class=\"alignnone wp-image-70025 size-full\" src=\"https:\/\/www.viomi.vn\/wp-content\/uploads\/2021\/06\/4d.jpg\" alt=\"\" width=\"600\" height=\"940\" \/> <img loading=\"lazy\" decoding=\"async\" class=\"alignnone wp-image-70026 size-full\" src=\"https:\/\/www.viomi.vn\/wp-content\/uploads\/2021\/06\/5d.jpg\" alt=\"\" width=\"600\" height=\"909\" \/> <img loading=\"lazy\" decoding=\"async\" class=\"alignnone wp-image-70027 size-full\" src=\"https:\/\/www.viomi.vn\/wp-content\/uploads\/2021\/06\/6d.jpg\" alt=\"\" width=\"600\" height=\"676\" \/> <img loading=\"lazy\" decoding=\"async\" class=\"alignnone wp-image-70028 size-full\" src=\"https:\/\/www.viomi.vn\/wp-content\/uploads\/2021\/06\/7d.jpg\" alt=\"\" width=\"600\" height=\"789\" \/> <img loading=\"lazy\" decoding=\"async\" class=\"alignnone wp-image-70029 size-full\" src=\"https:\/\/www.viomi.vn\/wp-content\/uploads\/2021\/06\/8d.jpg\" alt=\"\" width=\"600\" height=\"671\" \/> <img loading=\"lazy\" decoding=\"async\" class=\"alignnone wp-image-70030 size-full\" src=\"https:\/\/www.viomi.vn\/wp-content\/uploads\/2021\/06\/9d.jpg\" alt=\"\" width=\"571\" height=\"1024\" \/> <img loading=\"lazy\" decoding=\"async\" class=\"alignnone wp-image-70031 size-full\" src=\"https:\/\/www.viomi.vn\/wp-content\/uploads\/2021\/06\/10d.jpg\" alt=\"\" width=\"600\" height=\"1403\" \/> <img loading=\"lazy\" decoding=\"async\" class=\"alignnone wp-image-70032 size-full\" src=\"https:\/\/www.viomi.vn\/wp-content\/uploads\/2021\/06\/11d.jpg\" alt=\"\" width=\"600\" height=\"811\" \/> <img loading=\"lazy\" decoding=\"async\" class=\"alignnone wp-image-70033 size-full\" src=\"https:\/\/www.viomi.vn\/wp-content\/uploads\/2021\/06\/12d.jpg\" alt=\"\" width=\"600\" height=\"1150\" \/> <img loading=\"lazy\" decoding=\"async\" class=\"alignnone wp-image-70034 size-full\" src=\"https:\/\/www.viomi.vn\/wp-content\/uploads\/2021\/06\/13d.jpg\" alt=\"\" width=\"600\" height=\"1188\" \/> <img loading=\"lazy\" decoding=\"async\" class=\"alignnone wp-image-70035 size-full\" src=\"https:\/\/www.viomi.vn\/wp-content\/uploads\/2021\/06\/14d.jpg\" alt=\"\" width=\"600\" height=\"736\" \/> <img loading=\"lazy\" decoding=\"async\" class=\"alignnone wp-image-70037 size-full\" src=\"https:\/\/www.viomi.vn\/wp-content\/uploads\/2021\/06\/15d.jpg\" alt=\"\" width=\"600\" height=\"824\" \/> <img loading=\"lazy\" decoding=\"async\" class=\"alignnone wp-image-70038 size-full\" src=\"https:\/\/www.viomi.vn\/wp-content\/uploads\/2021\/06\/16d.jpg\" alt=\"\" width=\"600\" height=\"1011\" \/> <img loading=\"lazy\" decoding=\"async\" class=\"alignnone wp-image-70039 size-full\" src=\"https:\/\/www.viomi.vn\/wp-content\/uploads\/2021\/06\/17d.jpg\" alt=\"\" width=\"600\" height=\"898\" \/> <img loading=\"lazy\" decoding=\"async\" class=\"alignnone wp-image-70041 size-full\" src=\"https:\/\/www.viomi.vn\/wp-content\/uploads\/2021\/06\/18d.jpg\" alt=\"\" width=\"600\" height=\"963\" \/><\/p>\n","protected":false},"excerpt":{"rendered":"<ul>\n<li>Ti\u1ebft ki\u1ec7m n\u0103ng l\u01b0\u1ee3ng, im l\u1eb7ng, chu tr\u00ecnh l\u00e0m m\u00e1t b\u1eb1ng kh\u00f4ng kh\u00ed 360 \u00b0, kh\u00f4ng \u0111\u00f3ng b\u0103ng, th\u00e2n m\u00e1y m\u1ecfng, c\u00f4ng su\u1ea5t l\u1edbn<\/li>\n<li><b>L\u1eafp \u0111\u1eb7t mi\u1ec5n ph\u00ed<\/b>\u00a0l\u00fac giao h\u00e0ng<\/li>\n<li>H\u01b0 g\u00ec \u0111\u1ed5i n\u1ea5y\u00a0<b>12 th\u00e1ng<\/b>\u00a0t\u1eadn nh\u00e0 (mi\u1ec5n ph\u00ed th\u00e1ng \u0111\u1ea7u)<\/li>\n<li>B\u1ea3o h\u00e0nh\u00a0<b>ch\u00ednh h\u00e3ng t\u1ee7 l\u1ea1nh 1 n\u0103m<\/b>, c\u00f3 ng\u01b0\u1eddi \u0111\u1ebfn t\u1eadn nh\u00e0<\/li>\n<li>B\u1ea3o h\u00e0nh m\u00e1y n\u00e9n 10 n\u0103m<\/li>\n<li>Khuy\u1ebfn m\u00e3i ch\u01b0a bao g\u1ed3m ph\u00ed giao\/chuy\u1ec3n h\u00e0ng.\n<div class=\"bs_rule\"><\/div>\n<\/li>\n<\/ul>\n","protected":false},"featured_media":61953,"comment_status":"open","ping_status":"closed","template":"","meta":[],"product_brand":[],"product_cat":[27],"product_tag":[],"class_list":{"0":"post-60766","1":"product","2":"type-product","3":"status-publish","4":"has-post-thumbnail","6":"product_cat-chua-phan-loai","8":"first","9":"outofstock","10":"sale","11":"shipping-taxable","12":"purchasable","13":"product-type-simple"},"_links":{"self":[{"href":"https:\/\/tivixiaomi.co\/en\/wp-json\/wp\/v2\/product\/60766"}],"collection":[{"href":"https:\/\/tivixiaomi.co\/en\/wp-json\/wp\/v2\/product"}],"about":[{"href":"https:\/\/tivixiaomi.co\/en\/wp-json\/wp\/v2\/types\/product"}],"replies":[{"embeddable":true,"href":"https:\/\/tivixiaomi.co\/en\/wp-json\/wp\/v2\/comments?post=60766"}],"version-history":[{"count":1,"href":"https:\/\/tivixiaomi.co\/en\/wp-json\/wp\/v2\/product\/60766\/revisions"}],"predecessor-version":[{"id":69989,"href":"https:\/\/tivixiaomi.co\/en\/wp-json\/wp\/v2\/product\/60766\/revisions\/69989"}],"wp:featuredmedia":[{"embeddable":true,"href":"https:\/\/tivixiaomi.co\/en\/wp-json\/wp\/v2\/media\/61953"}],"wp:attachment":[{"href":"https:\/\/tivixiaomi.co\/en\/wp-json\/wp\/v2\/media?parent=60766"}],"wp:term":[{"taxonomy":"product_brand","embeddable":true,"href":"https:\/\/tivixiaomi.co\/en\/wp-json\/wp\/v2\/product_brand?post=60766"},{"taxonomy":"product_cat","embeddable":true,"href":"https:\/\/tivixiaomi.co\/en\/wp-json\/wp\/v2\/product_cat?post=60766"},{"taxonomy":"product_tag","embeddable":true,"href":"https:\/\/tivixiaomi.co\/en\/wp-json\/wp\/v2\/product_tag?post=60766"}],"curies":[{"name":"wp","href":"https:\/\/api.w.org\/{rel}","templated":true}]}}