{"id":60813,"date":"2021-08-01T19:45:55","date_gmt":"2021-08-01T12:45:55","guid":{"rendered":"https:\/\/tivixiaomi.co\/?post_type=product&#038;p=60813"},"modified":"2024-09-03T21:48:47","modified_gmt":"2024-09-03T14:48:47","slug":"tu-lanh-viomi-inverter-456-lit-bcd-456wmsa-vang","status":"publish","type":"product","link":"https:\/\/tivixiaomi.co\/en\/tivi\/tu-lanh-viomi-inverter-456-lit-bcd-456wmsa-vang\/","title":{"rendered":"T\u1ee7 L\u1ea1nh Xiaomi Viomi Inverter 456 l\u00edt BCD-456WMSA (Va\u0300ng)"},"content":{"rendered":"<p><img fetchpriority=\"high\" decoding=\"async\" class=\"alignnone wp-image-71424 size-full\" src=\"https:\/\/www.viomi.vn\/wp-content\/uploads\/2021\/07\/1d.jpg\" alt=\"\" width=\"750\" height=\"1230\" \/><img decoding=\"async\" class=\"alignnone wp-image-71423 size-full\" src=\"https:\/\/www.viomi.vn\/wp-content\/uploads\/2021\/07\/7d.jpg\" alt=\"\" width=\"750\" height=\"1321\" \/><img decoding=\"async\" class=\"alignnone wp-image-71425 size-full\" src=\"https:\/\/www.viomi.vn\/wp-content\/uploads\/2021\/07\/11d.jpg\" alt=\"\" width=\"750\" height=\"1110\" \/> <img loading=\"lazy\" decoding=\"async\" class=\"alignnone wp-image-71426 size-full\" src=\"https:\/\/www.viomi.vn\/wp-content\/uploads\/2021\/07\/9d.jpg\" alt=\"\" width=\"750\" height=\"1260\" \/><img loading=\"lazy\" decoding=\"async\" class=\"alignnone wp-image-71427 size-full\" src=\"https:\/\/www.viomi.vn\/wp-content\/uploads\/2021\/07\/12d.jpg\" alt=\"\" width=\"750\" height=\"1173\" \/> <img loading=\"lazy\" decoding=\"async\" class=\"alignnone wp-image-71428 size-full\" src=\"https:\/\/www.viomi.vn\/wp-content\/uploads\/2021\/07\/2d.jpg\" alt=\"\" width=\"750\" height=\"1173\" \/> <img loading=\"lazy\" decoding=\"async\" class=\"alignnone wp-image-71429 size-full\" src=\"https:\/\/www.viomi.vn\/wp-content\/uploads\/2021\/07\/14d.jpg\" alt=\"\" width=\"750\" height=\"1149\" \/><img loading=\"lazy\" decoding=\"async\" class=\"alignnone wp-image-71430 size-full\" src=\"https:\/\/www.viomi.vn\/wp-content\/uploads\/2021\/07\/4d.jpg\" alt=\"\" width=\"750\" height=\"1299\" \/> <img loading=\"lazy\" decoding=\"async\" class=\"alignnone wp-image-71431 size-full\" src=\"https:\/\/www.viomi.vn\/wp-content\/uploads\/2021\/07\/10d.jpg\" alt=\"\" width=\"750\" height=\"1110\" \/><img loading=\"lazy\" decoding=\"async\" class=\"alignnone wp-image-71432 size-full\" src=\"https:\/\/www.viomi.vn\/wp-content\/uploads\/2021\/07\/3d.jpg\" alt=\"\" width=\"750\" height=\"878\" \/> <img loading=\"lazy\" decoding=\"async\" class=\"alignnone wp-image-71433 size-full\" src=\"https:\/\/www.viomi.vn\/wp-content\/uploads\/2021\/07\/5d.jpg\" alt=\"\" width=\"750\" height=\"1014\" \/> <img loading=\"lazy\" decoding=\"async\" class=\"alignnone wp-image-71434 size-full\" src=\"https:\/\/www.viomi.vn\/wp-content\/uploads\/2021\/07\/13d.jpg\" alt=\"\" width=\"750\" height=\"1312\" \/><img loading=\"lazy\" decoding=\"async\" class=\"alignnone wp-image-71435 size-full\" src=\"https:\/\/www.viomi.vn\/wp-content\/uploads\/2021\/07\/6d.jpg\" alt=\"\" width=\"750\" height=\"872\" \/> <img loading=\"lazy\" decoding=\"async\" class=\"alignnone wp-image-71436 size-full\" src=\"https:\/\/www.viomi.vn\/wp-content\/uploads\/2021\/07\/8d.jpg\" alt=\"\" width=\"750\" height=\"1176\" \/><\/p>\n","protected":false},"excerpt":{"rendered":"<ul>\n<li><b>L\u1eafp \u0111\u1eb7t mi\u1ec5n ph\u00ed<\/b>\u00a0l\u00fac giao h\u00e0ng<\/li>\n<li>H\u01b0 g\u00ec \u0111\u1ed5i n\u1ea5y\u00a0<b>12 th\u00e1ng<\/b>\u00a0t\u1eadn nh\u00e0 (mi\u1ec5n ph\u00ed th\u00e1ng \u0111\u1ea7u)<\/li>\n<li>B\u1ea3o h\u00e0nh\u00a0<b>ch\u00ednh h\u00e3ng t\u1ee7 l\u1ea1nh 1 n\u0103m<\/b>, c\u00f3 ng\u01b0\u1eddi \u0111\u1ebfn t\u1eadn nh\u00e0<\/li>\n<li>B\u1ea3o h\u00e0nh m\u00e1y n\u00e9n 10 n\u0103m<\/li>\n<li>Khuy\u1ebfn m\u00e3i ch\u01b0a bao g\u1ed3m ph\u00ed giao\/chuy\u1ec3n h\u00e0ng.<\/li>\n<\/ul>\n","protected":false},"featured_media":61950,"comment_status":"open","ping_status":"closed","template":"","meta":[],"product_brand":[],"product_cat":[27],"product_tag":[],"class_list":{"0":"post-60813","1":"product","2":"type-product","3":"status-publish","4":"has-post-thumbnail","6":"product_cat-chua-phan-loai","8":"first","9":"outofstock","10":"shipping-taxable","11":"purchasable","12":"product-type-simple"},"_links":{"self":[{"href":"https:\/\/tivixiaomi.co\/en\/wp-json\/wp\/v2\/product\/60813"}],"collection":[{"href":"https:\/\/tivixiaomi.co\/en\/wp-json\/wp\/v2\/product"}],"about":[{"href":"https:\/\/tivixiaomi.co\/en\/wp-json\/wp\/v2\/types\/product"}],"replies":[{"embeddable":true,"href":"https:\/\/tivixiaomi.co\/en\/wp-json\/wp\/v2\/comments?post=60813"}],"version-history":[{"count":1,"href":"https:\/\/tivixiaomi.co\/en\/wp-json\/wp\/v2\/product\/60813\/revisions"}],"predecessor-version":[{"id":69988,"href":"https:\/\/tivixiaomi.co\/en\/wp-json\/wp\/v2\/product\/60813\/revisions\/69988"}],"wp:featuredmedia":[{"embeddable":true,"href":"https:\/\/tivixiaomi.co\/en\/wp-json\/wp\/v2\/media\/61950"}],"wp:attachment":[{"href":"https:\/\/tivixiaomi.co\/en\/wp-json\/wp\/v2\/media?parent=60813"}],"wp:term":[{"taxonomy":"product_brand","embeddable":true,"href":"https:\/\/tivixiaomi.co\/en\/wp-json\/wp\/v2\/product_brand?post=60813"},{"taxonomy":"product_cat","embeddable":true,"href":"https:\/\/tivixiaomi.co\/en\/wp-json\/wp\/v2\/product_cat?post=60813"},{"taxonomy":"product_tag","embeddable":true,"href":"https:\/\/tivixiaomi.co\/en\/wp-json\/wp\/v2\/product_tag?post=60813"}],"curies":[{"name":"wp","href":"https:\/\/api.w.org\/{rel}","templated":true}]}}