{"id":60869,"date":"2021-08-11T18:15:11","date_gmt":"2021-08-11T11:15:11","guid":{"rendered":"https:\/\/tivixiaomi.co\/?post_type=product&#038;p=60869"},"modified":"2024-07-06T17:14:44","modified_gmt":"2024-07-06T10:14:44","slug":"mitv6-55oled","status":"publish","type":"product","link":"https:\/\/tivixiaomi.co\/en\/tivi\/mitv6-55oled\/","title":{"rendered":"TIVI XIAOMI Mi TV 6 55 inch OLED"},"content":{"rendered":"<h2>Xiaomi ra m\u1eaft Mi TV 6 OLED: Hai k\u00edch th\u01b0\u1edbc m\u00e0n h\u00ecnh 55 inch v\u00e0 65 inch \u0111\u1ed9 ph\u00e2n gi\u1ea3i 4K, gi\u00e1 kho\u1ea3ng 20 tri\u1ec7u \u0111\u1ed3ng<\/h2>\n<div class=\"block-editor-block-list__layout is-root-container\">\n<h3 id=\"block-cefa5a2a-f6c9-466e-897a-c76ba5cb7e6c\" class=\"block-editor-rich-text__editable block-editor-block-list__block wp-block is-focus-mode rich-text\" role=\"group\" aria-label=\"Block: Ti\u00eau \u0111\u1ec1\" data-block=\"cefa5a2a-f6c9-466e-897a-c76ba5cb7e6c\" data-type=\"core\/heading\" data-title=\"Ti\u00eau \u0111\u1ec1\">C\u00f9ng v\u1edbi\u00a0Mi MIX 4\u00a0v\u00e0\u00a0Mi Pad 5, Xiaomi c\u0169ng \u0111\u00e3 ra m\u1eaft Mi TV 6 OLED t\u1ea1i th\u1ecb tr\u01b0\u1eddng qu\u00ea nh\u00e0 Trung Qu\u1ed1c. TV OLED th\u1ebf h\u1ec7 m\u1edbi c\u00f3 m\u1ed9t s\u1ed1 c\u1ea3i ti\u1ebfn, gi\u00e1 b\u00e1n gi\u1ea3m.<\/h3>\n<p id=\"block-962eca53-1721-44cb-a44e-630924204401\" class=\"block-editor-rich-text__editable block-editor-block-list__block wp-block is-focus-mode rich-text\" role=\"group\" aria-label=\"Block v\u0103n b\u1ea3n\" data-block=\"962eca53-1721-44cb-a44e-630924204401\" data-type=\"core\/paragraph\" data-title=\"V\u0103n b\u1ea3n\">Xiaomi\u00a0\u0111\u00e3 gi\u1ea3m \u0111\u1ed9 d\u00e0y th\u00e2n c\u1ee7a chi\u1ebfc TV m\u1edbi xu\u1ed1ng ch\u1ec9 c\u00f2n 4.6 mm, \u0111\u1ed3ng th\u1eddi vi\u1ec1n m\u00e0n h\u00ecnh c\u0169ng h\u1eb9p h\u01a1n TV OLED \u0111\u1eddi tr\u01b0\u1edbc.<\/p>\n<p id=\"block-343bfb44-52b7-4358-93d6-b9c556ea2683\" class=\"block-editor-rich-text__editable block-editor-block-list__block wp-block is-focus-mode rich-text\" role=\"group\" aria-label=\"Block v\u0103n b\u1ea3n\" data-block=\"343bfb44-52b7-4358-93d6-b9c556ea2683\" data-type=\"core\/paragraph\" data-title=\"V\u0103n b\u1ea3n\">Mi TV 6 OLED c\u00f3 m\u00e0n h\u00ecnh OLED 4K cung c\u1ea5p t\u1ef7 l\u1ec7 m\u00e0n h\u00ecnh tr\u00ean th\u00e2n m\u00e1y l\u1edbn 97%. TV m\u1edbi c\u00f3 \u0111\u1ed9 s\u00e2u m\u00e0u 10 bit, \u0111\u1ed9 s\u00e1ng t\u1ed1i \u0111a 900 nits, gam m\u00e0u P3 98.5%, th\u1eddi gian ph\u1ea3n h\u1ed3i 1 ms, h\u1ed7 tr\u1ee3 t\u00ednh n\u0103ng b\u00f9 chuy\u1ec3n \u0111\u1ed9ng MEMC, c\u0169ng nh\u01b0 b\u1ed9 l\u1ecdc ch\u1ed1ng \u00e1nh s\u00e1ng xanh b\u1ea3o v\u1ec7 m\u1eaft.<\/p>\n<figure id=\"block-b4a81cc5-8444-486c-bff1-62053b859e3c\" class=\"wp-block-image block-editor-block-list__block wp-block is-focus-mode size-large\" role=\"group\" aria-label=\"Block: \u1ea2nh\" data-block=\"b4a81cc5-8444-486c-bff1-62053b859e3c\" data-type=\"core\/image\" data-title=\"\u1ea2nh\">\n<div class=\"components-resizable-box__container\">\n<p><img decoding=\"async\" src=\"https:\/\/tivixiaomi.co\/wp-content\/uploads\/2021\/08\/section-01-1024x517.jpeg\" alt=\"Mi TV 6 OLED\" \/><\/p>\n<\/div>\n<\/figure>\n<p id=\"block-5ff1b5a0-ac6b-416d-81bb-a1fa64bd9f96\" class=\"block-editor-rich-text__editable block-editor-block-list__block wp-block is-focus-mode rich-text\" role=\"group\" aria-label=\"Block v\u0103n b\u1ea3n\" data-block=\"5ff1b5a0-ac6b-416d-81bb-a1fa64bd9f96\" data-type=\"core\/paragraph\" data-title=\"V\u0103n b\u1ea3n\">M\u00e0n h\u00ecnh c\u0169ng h\u1ed7 tr\u1ee3 hi\u1ec3n th\u1ecb n\u1ed9i dung HDR v\u1edbi Dolby Vision, HDR10, HDR10 + v\u00e0 HLG. \u0110\u1ed1i v\u1edbi \u0111\u1ea7u ra \u00e2m thanh, TV c\u00f3 b\u1ed1n loa 12.5W, \u0111\u1ea1t ch\u1ee9ng nh\u1eadn IMAX Enhanced Audio.<\/p>\n<p id=\"block-4b7ac4fb-5507-440a-92a5-a9f0f5d3a4b9\" class=\"block-editor-rich-text__editable block-editor-block-list__block wp-block is-focus-mode rich-text\" role=\"group\" aria-label=\"Block v\u0103n b\u1ea3n\" data-block=\"4b7ac4fb-5507-440a-92a5-a9f0f5d3a4b9\" data-type=\"core\/paragraph\" data-title=\"V\u0103n b\u1ea3n\">Mi TV 6 OLED \u0111\u01b0\u1ee3c trang b\u1ecb b\u1ed9 vi x\u1eed l\u00fd l\u00f5i t\u1ee9 MediaTek 9638 (c\u00f3 c\u00e1c l\u00f5i Cortex A55 t\u1ed1c \u0111\u1ed9 1.6 GHz v\u00e0 GPU Mali-G52 MC1), c\u00f9ng v\u1edbi 3 GB RAM v\u00e0 32 GB b\u1ed9 nh\u1edb trong.<\/p>\n<p id=\"block-8e84b260-acca-42ba-b837-c79c8dcf0114\" class=\"block-editor-rich-text__editable block-editor-block-list__block wp-block is-focus-mode rich-text\" role=\"group\" aria-label=\"Block v\u0103n b\u1ea3n\" data-block=\"8e84b260-acca-42ba-b837-c79c8dcf0114\" data-type=\"core\/paragraph\" data-title=\"V\u0103n b\u1ea3n\">B\u1ea1n c\u00f3 mu\u1ed1n Xiaomi b\u00e1n\u00a0Mi TV 6 OLED t\u1ea1i Vi\u1ec7t Nam kh\u00f4ng?<\/p>\n<\/div>\n","protected":false},"excerpt":{"rendered":"<ul>\n<li>D\u00f2ng 6 OLED Series<\/li>\n<li>M\u00e0n h\u00ecnh: 4K<\/li>\n<li>RAM: 3GB<\/li>\n<li>Dung l\u01b0\u1ee3ng: 32GB<\/li>\n<\/ul>\n","protected":false},"featured_media":62730,"comment_status":"open","ping_status":"closed","template":"","meta":[],"product_brand":[],"product_cat":[27],"product_tag":[],"class_list":{"0":"post-60869","1":"product","2":"type-product","3":"status-publish","4":"has-post-thumbnail","6":"product_cat-chua-phan-loai","8":"first","9":"outofstock","10":"sale","11":"shipping-taxable","12":"purchasable","13":"product-type-simple"},"_links":{"self":[{"href":"https:\/\/tivixiaomi.co\/en\/wp-json\/wp\/v2\/product\/60869"}],"collection":[{"href":"https:\/\/tivixiaomi.co\/en\/wp-json\/wp\/v2\/product"}],"about":[{"href":"https:\/\/tivixiaomi.co\/en\/wp-json\/wp\/v2\/types\/product"}],"replies":[{"embeddable":true,"href":"https:\/\/tivixiaomi.co\/en\/wp-json\/wp\/v2\/comments?post=60869"}],"version-history":[{"count":0,"href":"https:\/\/tivixiaomi.co\/en\/wp-json\/wp\/v2\/product\/60869\/revisions"}],"wp:featuredmedia":[{"embeddable":true,"href":"https:\/\/tivixiaomi.co\/en\/wp-json\/wp\/v2\/media\/62730"}],"wp:attachment":[{"href":"https:\/\/tivixiaomi.co\/en\/wp-json\/wp\/v2\/media?parent=60869"}],"wp:term":[{"taxonomy":"product_brand","embeddable":true,"href":"https:\/\/tivixiaomi.co\/en\/wp-json\/wp\/v2\/product_brand?post=60869"},{"taxonomy":"product_cat","embeddable":true,"href":"https:\/\/tivixiaomi.co\/en\/wp-json\/wp\/v2\/product_cat?post=60869"},{"taxonomy":"product_tag","embeddable":true,"href":"https:\/\/tivixiaomi.co\/en\/wp-json\/wp\/v2\/product_tag?post=60869"}],"curies":[{"name":"wp","href":"https:\/\/api.w.org\/{rel}","templated":true}]}}