{"id":60896,"date":"2021-08-24T18:59:58","date_gmt":"2021-08-24T11:59:58","guid":{"rendered":"https:\/\/tivixiaomi.co\/?post_type=product&#038;p=60896"},"modified":"2022-01-02T00:26:13","modified_gmt":"2022-01-01T17:26:13","slug":"tu-lanh-xiaomi-viomi-inverter-566-lit-bcd-566wmsad04a","status":"publish","type":"product","link":"https:\/\/tivixiaomi.co\/en\/tivi\/tu-lanh-xiaomi-viomi-inverter-566-lit-bcd-566wmsad04a\/","title":{"rendered":"T\u1ee7 L\u1ea1nh Xiaomi Viomi Inverter 566 l\u00edt BCD-566WMSAD04A C\u00d3 NG\u0102N L\u1ea4Y N\u01af\u1edaC NGO\u00c0I"},"content":{"rendered":"<p>T\u1ee7 L\u1ea1nh Xiaomi Viomi Inverter 566 l\u00edt BCD-566WMSAD04A C\u00d3 NG\u0102N L\u1ea4Y N\u01af\u1edaC NGO\u00c0I<\/p>\n","protected":false},"excerpt":{"rendered":"<p>T\u1ee7 L\u1ea1nh Xiaomi Viomi Inverter 566 l\u00edt BCD-566WMSAD04A C\u00d3 NG\u0102N L\u1ea4Y N\u01af\u1edaC NGO\u00c0I<\/p>\n","protected":false},"featured_media":61035,"comment_status":"open","ping_status":"closed","template":"","meta":[],"product_brand":[],"product_cat":[27],"product_tag":[],"class_list":{"0":"post-60896","1":"product","2":"type-product","3":"status-publish","4":"has-post-thumbnail","6":"product_cat-chua-phan-loai","8":"first","9":"outofstock","10":"shipping-taxable","11":"purchasable","12":"product-type-simple"},"_links":{"self":[{"href":"https:\/\/tivixiaomi.co\/en\/wp-json\/wp\/v2\/product\/60896"}],"collection":[{"href":"https:\/\/tivixiaomi.co\/en\/wp-json\/wp\/v2\/product"}],"about":[{"href":"https:\/\/tivixiaomi.co\/en\/wp-json\/wp\/v2\/types\/product"}],"replies":[{"embeddable":true,"href":"https:\/\/tivixiaomi.co\/en\/wp-json\/wp\/v2\/comments?post=60896"}],"version-history":[{"count":0,"href":"https:\/\/tivixiaomi.co\/en\/wp-json\/wp\/v2\/product\/60896\/revisions"}],"wp:featuredmedia":[{"embeddable":true,"href":"https:\/\/tivixiaomi.co\/en\/wp-json\/wp\/v2\/media\/61035"}],"wp:attachment":[{"href":"https:\/\/tivixiaomi.co\/en\/wp-json\/wp\/v2\/media?parent=60896"}],"wp:term":[{"taxonomy":"product_brand","embeddable":true,"href":"https:\/\/tivixiaomi.co\/en\/wp-json\/wp\/v2\/product_brand?post=60896"},{"taxonomy":"product_cat","embeddable":true,"href":"https:\/\/tivixiaomi.co\/en\/wp-json\/wp\/v2\/product_cat?post=60896"},{"taxonomy":"product_tag","embeddable":true,"href":"https:\/\/tivixiaomi.co\/en\/wp-json\/wp\/v2\/product_tag?post=60896"}],"curies":[{"name":"wp","href":"https:\/\/api.w.org\/{rel}","templated":true}]}}