{"id":61275,"date":"2021-10-18T11:08:51","date_gmt":"2021-10-18T04:08:51","guid":{"rendered":"https:\/\/tivixiaomi.co\/?post_type=product&#038;p=61275"},"modified":"2024-09-04T13:58:55","modified_gmt":"2024-09-04T06:58:55","slug":"mi-desktop-monitor-27","status":"publish","type":"product","link":"https:\/\/tivixiaomi.co\/en\/tivi\/mi-desktop-monitor-27\/","title":{"rendered":"Mi Desktop Monitor 27&#8243; (\u0111\u00e3 bao g\u1ed3m VAT)"},"content":{"rendered":"<h2 class=\"st-pd-contentTitle\">\u0110\u00e1nh gi\u00e1 chi ti\u1ebft\u00a0M\u00e0n h\u00ecnh Xiaomi Mi Desktop Monitor 27&#8243;<\/h2>\n<div class=\"st-pd-content\">\n<p><b>Xiaomi Mi Desktop Monitor 27 l\u00e0 m\u00e0n h\u00ecnh c\u00f3 k\u00edch th\u01b0\u1edbc l\u1edbn 27 inch v\u1edbi t\u1ea5m n\u1ec1n Full HD IPS ch\u1ea5t l\u01b0\u1ee3ng cao, thi\u1ebft k\u1ebf thanh l\u1ecbch v\u00e0 t\u00ednh n\u0103ng b\u1ea3o v\u1ec7 m\u1eaft th\u00f4ng minh, s\u1ebd l\u00e0 l\u1ef1a ch\u1ecdn ho\u00e0n h\u1ea3o cho kh\u00f4ng gian l\u00e0m vi\u1ec7c c\u1ee7a b\u1ea1n.<\/b><\/p>\n<p>&nbsp;<\/p>\n<h3><b>\u0110\u1ed9 ph\u00e2n gi\u1ea3i Full HD s\u1eafc n\u00e9t<\/b><\/h3>\n<p>Tha h\u1ed3 l\u00e0m vi\u1ec7c v\u00e0 gi\u1ea3i tr\u00ed hi\u1ec7u qu\u1ea3 tr\u00ean m\u00e0n h\u00ecnh l\u1edbn 27 inch\u00a0Xiaomi Mi Desktop Monitor 27. C\u00e1c n\u1ed9i dung hi\u1ec3n th\u1ecb l\u1edbn v\u00e0 r\u00f5 n\u00e9t \u0111\u00e1ng kinh ng\u1ea1c v\u1edbi \u0111\u1ed9 ph\u00e2n gi\u1ea3i Full HD s\u1eafc n\u00e9t. \u1ea4n t\u01b0\u1ee3ng h\u01a1n n\u1eefa khi m\u00e0n h\u00ecnh c\u00f2n \u0111\u1ea1t chu\u1ea9n m\u00e0u 100% sRGB, cho m\u00e0u s\u1eafc ch\u00e2n th\u1ef1c, s\u1ed1ng \u0111\u1ed9ng. B\u1ea1n s\u1ebd c\u00f3 th\u1ec3 thao t\u00e1c v\u1edbi nhi\u1ec1u c\u1eeda s\u1ed5 h\u01a1n tr\u00ean m\u00e0n h\u00ecnh, \u0111\u1ed3ng th\u1eddi tr\u1ea3i nghi\u1ec7m xem phim hay ch\u01a1i game c\u0169ng tuy\u1ec7t v\u1eddi h\u01a1n bao gi\u1edd h\u1ebft.<\/p>\n<p>&nbsp;<\/p>\n<h3><b>Ch\u1ebf \u0111\u1ed9 l\u1ecdc \u00e1nh s\u00e1ng xanh, b\u1ea3o v\u1ec7 \u0111\u00f4i m\u1eaft c\u1ee7a b\u1ea1n<\/b><\/h3>\n<p>M\u00e0n h\u00ecnh Xiaomi Mi Desktop Monitor 27 t\u00edch h\u1ee3p ch\u1ebf \u0111\u1ed9 l\u1ecdc \u00e1nh s\u00e1ng xanh, gi\u1ea3m thi\u1ec3u \u00e1nh s\u00e1ng xanh c\u00f3 h\u1ea1i xu\u1ed1ng m\u1ee9c th\u1ea5p nh\u1ea5t \u0111\u1ec3 b\u1ea1n kh\u00f4ng b\u1ecb m\u1ecfi m\u1eaft ngay c\u1ea3 khi s\u1eed d\u1ee5ng m\u00e1y t\u00ednh trong th\u1eddi gian d\u00e0i. Ch\u1ebf \u0111\u1ed9 Low Blue Light \u0111\u00e3 \u0111\u01b0\u1ee3c t\u1ed5 ch\u1ee9c TUV Rheiland ch\u1ee9ng nh\u1eadn an to\u00e0n cho m\u1eaft, gi\u00fap b\u1ea1n lu\u00f4n lu\u00f4n tho\u1ea3i m\u00e1i trong khi l\u00e0m vi\u1ec7c v\u00e0 gi\u1ea3i tr\u00ed.<\/p>\n<p>&nbsp;<\/p>\n<h3><b>G\u00f3c nh\u00ecn c\u1ef1c r\u1ed9ng 178 \u0111\u1ed9<\/b><\/h3>\n<p>M\u1ed9t trong nh\u1eefng l\u00fd do quan tr\u1ecdng khi\u1ebfn ng\u01b0\u1eddi d\u00f9ng y\u00eau th\u00edch m\u00e0n h\u00ecnh IPS ch\u00ednh l\u00e0 g\u00f3c nh\u00ecn r\u1ed9ng. T\u1ea5m n\u1ec1n IPS ch\u1ea5t l\u01b0\u1ee3ng cao tr\u00ean m\u00e0n h\u00ecnh Mi Desktop Monitor 27 cho g\u00f3c nh\u00ecn r\u1ed9ng l\u00ean t\u1edbi 178 \u0111\u1ed9. D\u00f9 b\u1ea1n nh\u00ecn \u1edf b\u1ea5t c\u1ee9 g\u00f3c \u0111\u1ed9 n\u00e0o \u0111i n\u1eefa, m\u00e0u s\u1eafc v\u00e0 h\u00ecnh \u1ea3nh v\u1eabn hi\u1ec3n th\u1ecb ch\u00ednh x\u00e1c, kh\u00f4ng c\u00f3 hi\u1ec7n t\u01b0\u1ee3ng nh\u00f2e m\u1edd.<\/p>\n<p>&nbsp;<\/p>\n<h3><b>\u0110\u1eafm ch\u00ecm trong h\u00ecnh \u1ea3nh tr\u00e0n vi\u1ec1n<\/b><\/h3>\n<p>D\u00f9 c\u00f3 m\u1ee9c gi\u00e1 b\u00e1n t\u01b0\u01a1ng \u0111\u1ed1i r\u1ebb so v\u1edbi nh\u1eefng\u00a0m\u00e0n h\u00ecnh 27 inch\u00a0c\u1ee7a c\u00e1c h\u00e3ng kh\u00e1c, nh\u01b0ng Xiaomi Mi Desktop Monitor 27 v\u1eabn \u0111\u01b0\u1ee3c thi\u1ebft k\u1ebf vi\u1ec1n m\u1ecfng 3 c\u1ea1nh, mang t\u1edbi tr\u1ea3i nghi\u1ec7m xem tuy\u1ec7t v\u1eddi. Tr\u01b0\u1edbc m\u1eaft b\u1ea1n g\u1ea7n nh\u01b0 ch\u1ec9 l\u00e0\u00a0m\u00e0n h\u00ecnh, ch\u00ednh v\u00ec th\u1ebf b\u1ea1n s\u1ebd \u0111\u01b0\u1ee3c \u0111\u1eafm ch\u00ecm trong kh\u00f4ng gian h\u00ecnh \u1ea3nh \u0111\u1eb9p tuy\u1ec7t m\u1ef9. S\u1ee9c h\u1ea5p d\u1eabn c\u1ee7a m\u1ed9t m\u00e0n h\u00ecnh tr\u00e0n vi\u1ec1n l\u00e0 kh\u00f4ng th\u1ec3 ph\u1ee7 nh\u1eadn d\u00f9 \u1edf b\u1ea5t c\u1ee9 thi\u1ebft b\u1ecb n\u00e0o.<\/p>\n<p>&nbsp;<\/p>\n<h3><b>Ki\u1ec3u d\u00e1ng thanh l\u1ecbch, sang tr\u1ecdng<\/b><\/h3>\n<p>Tinh t\u1ebf ch\u00ednh l\u00e0 t\u1eeb ch\u00e2n th\u1ef1c nh\u1ea5t \u0111\u1ec3 m\u00f4 t\u1ea3 v\u1ec1 thi\u1ebft k\u1ebf c\u1ee7a m\u00e0n h\u00ecnh Xiaomi Mi Desktop Monitor 27. T\u1eebng chi ti\u1ebft \u0111\u1ec1u \u0111\u01b0\u1ee3c trau chu\u1ed1t t\u1ec9 m\u1ec9, t\u1eeb ph\u1ea7n ch\u00e2n \u0111\u1ebf m\u1ea3nh mai nh\u01b0ng v\u00f4 c\u00f9ng ch\u1eafc ch\u1eafn cho \u0111\u1ebfn \u0111\u1ed9 m\u1ecfng th\u00e2n m\u00e0n ch\u1ec9 7,5mm. M\u00e0n h\u00ecnh Xiaomi Mi Desktop Monitor 27 ph\u00f9 h\u1ee3p v\u1edbi m\u1ecdi b\u00e0n l\u00e0m vi\u1ec7c, \u0111\u1eb7c bi\u1ec7t th\u00edch h\u1ee3p cho nh\u1eefng ng\u01b0\u1eddi y\u00eau th\u00edch s\u1ef1 \u0111\u01a1n gi\u1ea3n, ngh\u1ec7 thu\u1eadt.<\/p>\n<p>&nbsp;<\/p>\n<h3><b>\u0110i\u1ec1u ch\u1ec9nh g\u00f3c nh\u00ecn d\u1ec5 d\u00e0ng<\/b><\/h3>\n<p>M\u00e0n h\u00ecnh Xiaomi Mi Desktop Monitor 27 c\u00f3 th\u1ec3 \u0111i\u1ec1u ch\u1ec9nh g\u1eadp l\u00ean xu\u1ed1ng \u0111\u1ec3 b\u1ea1n t\u00ecm \u0111\u01b0\u1ee3c g\u00f3c nh\u00ecn ph\u00f9 h\u1ee3p nh\u1ea5t cho ri\u00eang m\u00ecnh. Ch\u1ec9 m\u1ea5t m\u1ed9t v\u00e0i thao t\u00e1c \u0111\u01a1n gi\u1ea3n, nh\u1eefng gi\u1edd ph\u00fat l\u00e0m vi\u1ec7c c\u1ee7a b\u1ea1n s\u1ebd tr\u1edf n\u00ean tho\u1ea3i m\u00e1i h\u01a1n.<\/p>\n<p>&nbsp;<\/p>\n<h3><b>\u0110\u1ea7y \u0111\u1ee7 c\u1ed5ng k\u1ebft n\u1ed1i<\/b><\/h3>\n<p>B\u1ea1n c\u00f3 th\u1ec3 t\u00ecm th\u1ea5y c\u00e1c c\u1ed5ng k\u1ebft n\u1ed1i ph\u1ed5 bi\u1ebfn hi\u1ec7n nay \u1edf m\u1eb7t sau m\u00e0n h\u00ecnh Xiaomi Mi Desktop Monitor 27. B\u00ean c\u1ea1nh c\u1ed5ng xu\u1ea5t h\u00ecnh HDMI v\u00e0 VGA quen thu\u1ed9c, b\u1ea1n c\u00f2n c\u00f3 c\u1ed5ng 3.5mm \u0111\u1ec3 xu\u1ea5t \u00e2m thanh ra tai nghe ho\u1eb7c loa ngo\u00e0i ti\u1ec7n l\u1ee3i.<\/p>\n<p>&nbsp;<\/p>\n<\/div>\n","protected":false},"excerpt":{"rendered":"<p>M\u00e0n h\u00ecnh \u0111\u1ed9 ph\u00e2n gi\u1ea3i cao IPS v\u1edbi kh\u1ea3 n\u0103ng b\u1ea3o v\u1ec7 m\u1eaft, cho tr\u1ea3i nghi\u1ec7m l\u00e0m vi\u1ec7c ho\u00e0n to\u00e0n m\u1edbi<\/p>\n","protected":false},"featured_media":62733,"comment_status":"open","ping_status":"closed","template":"","meta":[],"product_brand":[],"product_cat":[304],"product_tag":[],"class_list":{"0":"post-61275","1":"product","2":"type-product","3":"status-publish","4":"has-post-thumbnail","6":"product_cat-man-hinh-xiaomi","8":"first","9":"instock","10":"sale","11":"shipping-taxable","12":"purchasable","13":"product-type-simple"},"_links":{"self":[{"href":"https:\/\/tivixiaomi.co\/en\/wp-json\/wp\/v2\/product\/61275"}],"collection":[{"href":"https:\/\/tivixiaomi.co\/en\/wp-json\/wp\/v2\/product"}],"about":[{"href":"https:\/\/tivixiaomi.co\/en\/wp-json\/wp\/v2\/types\/product"}],"replies":[{"embeddable":true,"href":"https:\/\/tivixiaomi.co\/en\/wp-json\/wp\/v2\/comments?post=61275"}],"version-history":[{"count":1,"href":"https:\/\/tivixiaomi.co\/en\/wp-json\/wp\/v2\/product\/61275\/revisions"}],"predecessor-version":[{"id":69978,"href":"https:\/\/tivixiaomi.co\/en\/wp-json\/wp\/v2\/product\/61275\/revisions\/69978"}],"wp:featuredmedia":[{"embeddable":true,"href":"https:\/\/tivixiaomi.co\/en\/wp-json\/wp\/v2\/media\/62733"}],"wp:attachment":[{"href":"https:\/\/tivixiaomi.co\/en\/wp-json\/wp\/v2\/media?parent=61275"}],"wp:term":[{"taxonomy":"product_brand","embeddable":true,"href":"https:\/\/tivixiaomi.co\/en\/wp-json\/wp\/v2\/product_brand?post=61275"},{"taxonomy":"product_cat","embeddable":true,"href":"https:\/\/tivixiaomi.co\/en\/wp-json\/wp\/v2\/product_cat?post=61275"},{"taxonomy":"product_tag","embeddable":true,"href":"https:\/\/tivixiaomi.co\/en\/wp-json\/wp\/v2\/product_tag?post=61275"}],"curies":[{"name":"wp","href":"https:\/\/api.w.org\/{rel}","templated":true}]}}