{"id":61673,"date":"2021-11-30T12:39:56","date_gmt":"2021-11-30T05:39:56","guid":{"rendered":"https:\/\/tivixiaomi.co\/?post_type=product&#038;p=61673"},"modified":"2023-01-23T13:54:18","modified_gmt":"2023-01-23T06:54:18","slug":"xiaomi-laser-cinema-2-xmjgyy01fm-4k-100-inch-2400-ansi-lumens-dolby-atmos-alpd-32-diem-chinh-sua-keystone-bu-chuyen-dong-memc","status":"publish","type":"product","link":"https:\/\/tivixiaomi.co\/en\/tivi\/xiaomi-laser-cinema-2-xmjgyy01fm-4k-100-inch-2400-ansi-lumens-dolby-atmos-alpd-32-diem-chinh-sua-keystone-bu-chuyen-dong-memc\/","title":{"rendered":"Xiaomi Laser Cinema 2 XMJGYY01FM, 4K, 100 inch, 2400 ANSI lumens, Dolby Atmos, ALPD, 32 \u0111i\u1ec3m ch\u1ec9nh s\u1eeda keystone, b\u00f9 chuy\u1ec3n \u0111\u1ed9ng MEMC"},"content":{"rendered":"<h1 class=\"titledetail\">Xiaomi Laser Cinema 2 ra m\u1eaft: M\u00e1y chi\u1ebfu Dolby Vision \u0111\u1ea7u ti\u00ean tr\u00ean th\u1ebf gi\u1edbi, k\u00edch th\u01b0\u1edbc h\u00ecnh \u1ea3nh t\u1edbi 200 inch, gi\u00e1 th\u00ec&#8230;<\/h1>\n<div class=\"imgwrap\"><img decoding=\"async\" title=\"Xiaomi Laser Cinema 2 ra m\u1eaft v\u1edbi t\u01b0 c\u00e1ch l\u00e0 m\u00e1y chi\u1ebfu Dolby Vision \u0111\u1ea7u ti\u00ean tr\u00ean th\u1ebf gi\u1edbi\" src=\"https:\/\/cdn.tgdd.vn\/Files\/2021\/11\/04\/1395832\/xiaomi-laser-cinema-2_1280x719-800-resize.jpg\" alt=\"Xiaomi Laser Cinema 2 ra m\u1eaft v\u1edbi t\u01b0 c\u00e1ch l\u00e0 m\u00e1y chi\u1ebfu Dolby Vision \u0111\u1ea7u ti\u00ean tr\u00ean th\u1ebf gi\u1edbi\" data-original=\"https:\/\/cdn.tgdd.vn\/Files\/2021\/11\/04\/1395832\/xiaomi-laser-cinema-2_1280x719-800-resize.jpg\" \/><\/div>\n<div class=\"captionnews\">Xiaomi Laser Cinema 2 ra m\u1eaft v\u1edbi t\u01b0 c\u00e1ch l\u00e0 m\u00e1y chi\u1ebfu Dolby Vision \u0111\u1ea7u ti\u00ean tr\u00ean th\u1ebf gi\u1edbi<\/div>\n<h2>Xiaomi\u00a0\u0111\u00e3 ra m\u1eaft m\u00e1y chi\u1ebfu cao c\u1ea5p m\u1edbi t\u1ea1i Trung Qu\u1ed1c v\u1edbi t\u00ean g\u1ecdi Xiaomi Laser Cinema 2. \u0110\u00e2y \u0111\u01b0\u1ee3c xem l\u00e0 m\u00e1y chi\u1ebfu \u0111\u1ea7u ti\u00ean tr\u00ean th\u1ebf gi\u1edbi h\u1ed7 tr\u1ee3 c\u00f4ng ngh\u1ec7 h\u00ecnh \u1ea3nh Dolby Vision \u1edf \u0111\u1ed9 ph\u00e2n gi\u1ea3i 4K.<\/h2>\n<p>\u1ede kho\u1ea3ng c\u00e1ch 20 cm, Xiaomi Laser Cinema 2 c\u00f3 th\u1ec3 tr\u00ecnh chi\u1ebfu h\u00ecnh \u1ea3nh 100 inch, nh\u01b0ng ng\u01b0\u1eddi d\u00f9ng v\u1eabn c\u00f3 th\u1ec3 \u0111i\u1ec1u ch\u1ec9nh \u0111\u1ec3 chi\u1ebfu h\u00ecnh \u1ea3nh t\u1eeb 40 \u0111\u1ebfn 200 inch. M\u1eb7c d\u00f9 v\u1eady, h\u00e3ng khuy\u1ebfn ngh\u1ecb s\u1eed d\u1ee5ng k\u00edch th\u01b0\u1edbc 80 \u0111\u1ebfn 150 inch.<\/p>\n<div class=\"imgwrap\"><img decoding=\"async\" class=\" lazyloaded\" title=\"Xiaomi Laser Cinema 2 c\u00f3 th\u1ec3 tr\u00ecnh chi\u1ebfu h\u00ecnh \u1ea3nh \u1edf k\u00edch th\u01b0\u1edbc 100 inch\" src=\"https:\/\/cdn.tgdd.vn\/Files\/2021\/11\/04\/1395832\/xiaomi-laser-cinema-2-trinh-chieu_1280x853-800-resize.jpg\" alt=\"Xiaomi Laser Cinema 2 c\u00f3 th\u1ec3 tr\u00ecnh chi\u1ebfu h\u00ecnh \u1ea3nh \u1edf k\u00edch th\u01b0\u1edbc 100 inch\" data-original=\"https:\/\/cdn.tgdd.vn\/Files\/2021\/11\/04\/1395832\/xiaomi-laser-cinema-2-trinh-chieu_1280x853-800-resize.jpg\" \/><\/div>\n<div class=\"captionnews\">Xiaomi Laser Cinema 2 c\u00f3 th\u1ec3 tr\u00ecnh chi\u1ebfu h\u00ecnh \u1ea3nh k\u00edch th\u01b0\u1edbc 100 inch \u1edf kho\u1ea3ng c\u00e1ch 20 cm<\/div>\n<p>Xiaomi Laser Cinema 2 c\u00f3 kh\u1ea3 n\u0103ng xu\u1ea5t n\u1ed9i dung 4K (3.840 x 2.160 pixels) v\u1edbi t\u1ef7 l\u1ec7 t\u01b0\u01a1ng ph\u1ea3n 3000:1, ph\u1ee7 113% gam m\u00e0u Rec.709 v\u00e0 h\u1ed7 tr\u1ee3 c\u00e1c ti\u00eau chu\u1ea9n HDR nh\u01b0 HDR10 v\u00e0 Dolby Vision.<\/p>\n<p>Chi\u1ebfc m\u00e1y chi\u1ebfu m\u1edbi n\u00e0y c\u1ee7a Xiaomi c\u00f3 th\u1ec3 ph\u00e1t ra \u00e1nh s\u00e1ng 2400 ANSI Lumens, s\u1eed d\u1ee5ng c\u00f4ng ngh\u1ec7 ALPD RB+ (bao g\u1ed3m tia laser \u0111\u1ecf) \u0111\u1ec3 cung c\u1ea5p m\u00e0u s\u1eafc t\u1ed1t h\u01a1n v\u00e0 h\u1ed7 tr\u1ee3 MEMC (60 Hz).<\/p>\n<div class=\"imgwrap\"><img decoding=\"async\" class=\" lazyloaded\" title=\"Xiaomi Laser Cinema 2 c\u00f3 th\u1ec3 xu\u1ea5t n\u1ed9i dung 4K\" src=\"https:\/\/cdn.tgdd.vn\/Files\/2021\/11\/04\/1395832\/xiaomi-laser-cinema-2-4k_1280x853-800-resize.jpg\" alt=\"Xiaomi Laser Cinema 2 c\u00f3 th\u1ec3 xu\u1ea5t n\u1ed9i dung 4K\" data-original=\"https:\/\/cdn.tgdd.vn\/Files\/2021\/11\/04\/1395832\/xiaomi-laser-cinema-2-4k_1280x853-800-resize.jpg\" \/><\/div>\n<div class=\"captionnews\">Xiaomi Laser Cinema 2 c\u00f3 th\u1ec3 xu\u1ea5t n\u1ed9i dung 4K<\/div>\n<p>V\u1ec1 hi\u1ec7u su\u1ea5t,\u00a0Xiaomi Laser Cinema 2 \u0111\u01b0\u1ee3c trang b\u1ecb b\u1ed9 vi x\u1eed l\u00fd MediaTek MT9669 64-bit (CPU 4 nh\u00e2n ARM Cortex-A73 t\u1ed1c \u0111\u1ed9 1.9 GHz), k\u1ebft h\u1ee3p v\u1edbi RAM 3 GB, b\u1ed9 nh\u1edb trong 32 GB v\u00e0 song h\u00e0nh c\u00f9ng c\u00f4ng ngh\u1ec7 &#8220;T\u0103ng c\u01b0\u1eddng h\u00ecnh \u1ea3nh AI&#8221; \u0111\u1ec3 gi\u1ea3m\u00a0noise.<\/p>\n<p>Xiaomi Laser Cinema 2 ch\u1ea1y MIUI for TV \u0111i k\u00e8m v\u1edbi t\u1ea5t c\u1ea3 c\u00e1c t\u00ednh n\u0103ng v\u00e0 n\u1ed9i dung c\u00f3 tr\u00ean TV th\u00f4ng minh Xiaomi v\u00e0\u00a0Redmi. B\u00ean c\u1ea1nh \u0111\u00f3, m\u00e1y chi\u1ebfu c\u00f2n c\u00f3 micr\u00f4 tr\u01b0\u1eddng xa \u0111\u1ec3 h\u1ed7 tr\u1ee3 kh\u1ea9u l\u1ec7nh khi t\u01b0\u01a1ng t\u00e1c v\u1edbi tr\u1ee3 l\u00fd \u1ea3o Xiao AI, ngo\u00e0i ra loa c\u00f3 c\u00f4ng su\u1ea5t 30 W (2 loa 15 W) h\u1ed7 tr\u1ee3 Dolby Atmos v\u00e0 DTS Sound.<\/p>\n<div class=\"imgwrap\"><img decoding=\"async\" class=\" lazyloaded\" title=\"Xiaomi Laser Cinema 2 c\u00f3 3 c\u1ed5ng HDMI 2.0b, 2 c\u1ed5ng USB 2.0, 1 c\u1ed5ng S\/PDIF, 1 c\u1ed5ng \u00e2m thanh v\u00e0 Ethernet\" src=\"https:\/\/cdn.tgdd.vn\/Files\/2021\/11\/04\/1395832\/xiaomi-laser-cinema-2-port_1280x853-800-resize.jpg\" alt=\"Xiaomi Laser Cinema 2 c\u00f3 3 c\u1ed5ng HDMI 2.0b, 2 c\u1ed5ng USB 2.0, 1 c\u1ed5ng S\/PDIF, 1 c\u1ed5ng \u00e2m thanh v\u00e0 Ethernet\" data-original=\"https:\/\/cdn.tgdd.vn\/Files\/2021\/11\/04\/1395832\/xiaomi-laser-cinema-2-port_1280x853-800-resize.jpg\" \/><\/div>\n<div class=\"captionnews\">Xiaomi Laser Cinema 2 c\u00f3 3 c\u1ed5ng HDMI 2.0b, 2 c\u1ed5ng USB 2.0, 1 c\u1ed5ng S\/PDIF, 1 c\u1ed5ng \u00e2m thanh v\u00e0 Ethernet<\/div>\n<p>Cu\u1ed1i c\u00f9ng nh\u01b0ng kh\u00f4ng k\u00e9m ph\u1ea7n quan tr\u1ecdng, Xiaomi Laser Cinema 2 \u0111\u01b0\u1ee3c t\u00edch h\u1ee3p\u00a0qu\u1ea1t t\u1ea3n nhi\u1ec7t \u226430dB v\u00e0 c\u00f3 c\u1ea3 c\u1ea3m bi\u1ebfn ph\u00e1t hi\u1ec7n con ng\u01b0\u1eddi \u0111\u1ec3 tr\u00e1nh c\u00e1c t\u00e1c h\u1ea1i \u0111\u1ebfn m\u1eaft.<\/p>\n<p>T\u1ea1i Trung Qu\u1ed1c,\u00a0Xiaomi Laser Cinema 2 c\u00f3 gi\u00e1 14.999 CNY (kho\u1ea3ng 53.2 tri\u1ec7u \u0111\u1ed3ng) v\u00e0 s\u1ebd \u0111\u01b0\u1ee3c b\u00e1n ra v\u00e0o ng\u00e0y l\u1ec5 \u0110\u1ed9c th\u00e2n (Double Eleven, 11\/11) v\u1edbi m\u1ee9c gi\u00e1 \u01b0u \u0111\u00e3i 12.999 CNY (g\u1ea7n 46.1 tri\u1ec7u \u0111\u1ed3ng).<\/p>\n<p>B\u1ea1n nh\u1eadn x\u00e9t th\u1ebf n\u00e0o v\u1ec1 t\u00ednh n\u0103ng v\u00e0 gi\u00e1 b\u00e1n c\u1ee7a <a href=\"https:\/\/tivixiaomi.co\/danh-muc\/may-chieu-xiaomi\/\">M\u00e1y Chi\u1ebfu Xiaomi<\/a> Xiaomi Laser Cinema 2?<\/p>\n<p>Ngu\u1ed3n:\u00a0<a title=\"Xiaomi Laser Cinema 2 launched as world first Dolby Vision projector\" href=\"https:\/\/www.gizmochina.com\/2021\/11\/04\/xiaomi-laser-cinema-2-launch-price-specs-features\/\" target=\"_blank\" rel=\"nofollow noopener\" type=\"Xiaomi Laser Cinema 2 launched as world first Dolby Vision projector\">Gizmochina<\/a><\/p>\n","protected":false},"excerpt":{"rendered":"<p>\u0110\u1ed9 ph\u00e2n gi\u1ea3i h\u00ecnh \u1ea3nh 4K, \u00e2m thanh trung th\u1ef1c cao Dolby Vision + Dolby Atmos certificate<\/p>\n","protected":false},"featured_media":61674,"comment_status":"open","ping_status":"closed","template":"","meta":[],"product_brand":[],"product_cat":[291],"product_tag":[],"class_list":{"0":"post-61673","1":"product","2":"type-product","3":"status-publish","4":"has-post-thumbnail","6":"product_cat-may-chieu-xiaomi","8":"first","9":"instock","10":"sale","11":"shipping-taxable","12":"purchasable","13":"product-type-simple"},"_links":{"self":[{"href":"https:\/\/tivixiaomi.co\/en\/wp-json\/wp\/v2\/product\/61673"}],"collection":[{"href":"https:\/\/tivixiaomi.co\/en\/wp-json\/wp\/v2\/product"}],"about":[{"href":"https:\/\/tivixiaomi.co\/en\/wp-json\/wp\/v2\/types\/product"}],"replies":[{"embeddable":true,"href":"https:\/\/tivixiaomi.co\/en\/wp-json\/wp\/v2\/comments?post=61673"}],"version-history":[{"count":0,"href":"https:\/\/tivixiaomi.co\/en\/wp-json\/wp\/v2\/product\/61673\/revisions"}],"wp:featuredmedia":[{"embeddable":true,"href":"https:\/\/tivixiaomi.co\/en\/wp-json\/wp\/v2\/media\/61674"}],"wp:attachment":[{"href":"https:\/\/tivixiaomi.co\/en\/wp-json\/wp\/v2\/media?parent=61673"}],"wp:term":[{"taxonomy":"product_brand","embeddable":true,"href":"https:\/\/tivixiaomi.co\/en\/wp-json\/wp\/v2\/product_brand?post=61673"},{"taxonomy":"product_cat","embeddable":true,"href":"https:\/\/tivixiaomi.co\/en\/wp-json\/wp\/v2\/product_cat?post=61673"},{"taxonomy":"product_tag","embeddable":true,"href":"https:\/\/tivixiaomi.co\/en\/wp-json\/wp\/v2\/product_tag?post=61673"}],"curies":[{"name":"wp","href":"https:\/\/api.w.org\/{rel}","templated":true}]}}